{"id":130,"date":"2014-10-22T12:21:56","date_gmt":"2014-10-22T12:21:56","guid":{"rendered":"http:\/\/clesheo.pl\/?page_id=130"},"modified":"2026-02-10T11:08:08","modified_gmt":"2026-02-10T10:08:08","slug":"kontakt","status":"publish","type":"page","link":"https:\/\/clesheo.pl\/en\/kontakt\/","title":{"rendered":"Contact"},"content":{"rendered":"<section class=\"section  text-normal section-text-no-shadow section-inner-no-shadow section-normal section-opaque\"  >\n    \n    <div class=\"background-overlay grid-overlay-0 \" style=\"background-color: rgba(0,0,0,0);\"><\/div>\n\n    <div class=\"container-fullwidth container-vertical-default\">\n        <div class=\"row vertical-default\">\n            <div class=\"col-md-12     text-default small-screen-default\"  ><div class=\"divider-wrapper \" style=\"visibility:hidden;background-color:#FFFFF\">\n    <div class=\"visible-xs\" style=\"height:50px;\"><\/div>\n    <div class=\"visible-sm\" style=\"height:50px;\"><\/div>\n    <div class=\"visible-md\" style=\"height:50px;\"><\/div>\n    <div class=\"visible-lg\" style=\"height:50px;\"><\/div>\n<\/div><\/div>        <\/div>\n    <\/div>\n<\/section>\n<section class=\"section  text-normal section-text-no-shadow section-inner-no-shadow section-normal section-opaque\"  >\n    \n    <div class=\"background-overlay grid-overlay-0 \" style=\"background-color: rgba(0,0,0,0);\"><\/div>\n\n    <div class=\"container container-vertical-middle\">\n        <div class=\"row vertical-middle\">\n            <div class=\"col-md-4     text-default small-screen-default\"  ><h2 class=\"text-left  element-top-0 element-bottom-0 text-normal os-animation normal default\" data-os-animation=\"fadeIn\" data-os-animation-delay=\"0s\" >\n    Masz pytania? Skontaktuj si\u0119 z nami<\/h2><\/div><div class=\"col-md-8     text-default small-screen-default\"  ><hr class=\" element-top-0 element-bottom-0 os-animation\" data-os-animation=\"fadeIn\" data-os-animation-delay=\"0s\"><\/div>        <\/div>\n    <\/div>\n<\/section>\n<section class=\"section  text-normal section-text-no-shadow section-inner-no-shadow section-normal section-opaque\"  >\n    \n    <div class=\"background-overlay grid-overlay-0 \" style=\"background-color: rgba(255,255,255,0);\"><\/div>\n\n    <div class=\"container container-vertical-default\">\n        <div class=\"row vertical-default\">\n            <div class=\"col-md-12     text-default small-screen-default\"  ><div class=\"row \"><div class=\"col-md-12     text-left small-screen-left os-animation\" data-os-animation=\"fadeIn\" data-os-animation-delay=\"0.3s\" ><div class=\"divider-wrapper \" style=\"visibility:hide;background-color:#FFFFF\">\n    <div class=\"visible-xs\" style=\"height:20px;\"><\/div>\n    <div class=\"visible-sm\" style=\"height:20px;\"><\/div>\n    <div class=\"visible-md\" style=\"height:20px;\"><\/div>\n    <div class=\"visible-lg\" style=\"height:20px;\"><\/div>\n<\/div><div class=\"col-text-1 text-normal  element-top-0 element-bottom-0\" data-os-animation=\"none\" data-os-animation-delay=\"0s\">\n    <\/div>\n<ul class=\"fa-ul  text-normal element-top-0 element-bottom-0\" data-os-animation=\"none\" data-os-animation-delay=\"0s\">\n    <li class=\"\">\n            <i class=\"fa-li fa fa-home\">\n        <\/i>\n        Obs\u0142uga zam\u00f3wie\u0144, reklamacje: e-mail: kontakt@clesheo.pl <\/li><li class=\"\">\n            <i class=\"fa-li fa fa-globe\">\n        <\/i>\n         Wsp\u00f3\u0142praca: tel. 504257300 W sprawach dotycz\u0105cych zam\u00f3wie\u0144 prosimy o kontakt mailowy.<\/li><li class=\"\">\n            <i class=\"fa-li fa fa-globe\">\n        <\/i>\n        Clesheo ul. Siedlecka 24 08-300 Soko\u0142\u00f3w Podlaski<\/li><\/ul><div class=\"divider-wrapper \" style=\"visibility:hide;background-color:#FFFFF\">\n    <div class=\"visible-xs\" style=\"height:60px;\"><\/div>\n    <div class=\"visible-sm\" style=\"height:60px;\"><\/div>\n    <div class=\"visible-md\" style=\"height:60px;\"><\/div>\n    <div class=\"visible-lg\" style=\"height:60px;\"><\/div>\n<\/div><\/div><\/div><\/div>        <\/div>\n    <\/div>\n<\/section>\n<section class=\"section  text-normal section-text-no-shadow section-inner-no-shadow section-normal section-opaque\"  >\n    \n    <div class=\"background-overlay grid-overlay-0 \" style=\"background-color: rgba(240,240,240,1);\"><\/div>\n\n    <div class=\"container container-vertical-default\">\n        <div class=\"row vertical-default\">\n            <div class=\"col-md-12     text-center small-screen-default\"  ><\/div>        <\/div>\n    <\/div>\n<\/section>\n","protected":false},"excerpt":{"rendered":"Masz pytania? Skontaktuj si\u0119 z nami Obs\u0142uga zam\u00f3wie\u0144, reklamacje: e-mail: kontakt@clesheo.pl Wsp\u00f3\u0142praca: tel. 504257300 W sprawach dotycz\u0105cych zam\u00f3wie\u0144 prosimy o kontakt mailowy. Clesheo ul. Siedlecka 24 08-300 Soko\u0142\u00f3w Podlaski","protected":false},"author":3,"featured_media":0,"parent":0,"menu_order":0,"comment_status":"open","ping_status":"open","template":"","meta":{"footnotes":""},"class_list":["post-130","page","type-page","status-publish","hentry"],"yoast_head":"<!-- This site is optimized with the Yoast SEO plugin v23.6 - https:\/\/yoast.com\/wordpress\/plugins\/seo\/ -->\n<title>Contact<\/title>\n<meta name=\"robots\" content=\"index, follow, max-snippet:-1, max-image-preview:large, max-video-preview:-1\" \/>\n<link rel=\"canonical\" href=\"https:\/\/clesheo.pl\/en\/kontakt\/\" \/>\n<meta property=\"og:locale\" content=\"en_US\" \/>\n<meta property=\"og:locale:alternate\" content=\"pl_PL\" \/>\n<meta property=\"og:type\" content=\"article\" \/>\n<meta property=\"og:title\" content=\"Contact\" \/>\n<meta property=\"og:url\" content=\"https:\/\/clesheo.pl\/en\/kontakt\/\" \/>\n<meta property=\"og:site_name\" content=\"Clesheo\" \/>\n<meta property=\"article:modified_time\" content=\"2026-02-10T10:08:08+00:00\" \/>\n<meta name=\"twitter:card\" content=\"summary_large_image\" \/>\n<meta name=\"twitter:label1\" content=\"Est. reading time\" \/>\n\t<meta name=\"twitter:data1\" content=\"1 minute\" \/>\n<script type=\"application\/ld+json\" class=\"yoast-schema-graph\">{\"@context\":\"https:\/\/schema.org\",\"@graph\":[{\"@type\":\"WebPage\",\"@id\":\"https:\/\/clesheo.pl\/kontakt\/\",\"url\":\"https:\/\/clesheo.pl\/kontakt\/\",\"name\":\"Contact\",\"isPartOf\":{\"@id\":\"https:\/\/clesheo.pl\/#website\"},\"datePublished\":\"2014-10-22T12:21:56+00:00\",\"dateModified\":\"2026-02-10T10:08:08+00:00\",\"breadcrumb\":{\"@id\":\"https:\/\/clesheo.pl\/kontakt\/#breadcrumb\"},\"inLanguage\":\"en-US\",\"potentialAction\":[{\"@type\":\"ReadAction\",\"target\":[\"https:\/\/clesheo.pl\/kontakt\/\"]}]},{\"@type\":\"BreadcrumbList\",\"@id\":\"https:\/\/clesheo.pl\/kontakt\/#breadcrumb\",\"itemListElement\":[{\"@type\":\"ListItem\",\"position\":1,\"name\":\"Strona g\u0142\u00f3wna\",\"item\":\"https:\/\/clesheo.pl\/\"},{\"@type\":\"ListItem\",\"position\":2,\"name\":\"Kontakt\"}]},{\"@type\":\"WebSite\",\"@id\":\"https:\/\/clesheo.pl\/#website\",\"url\":\"https:\/\/clesheo.pl\/\",\"name\":\"Clesheo\",\"description\":\"\",\"potentialAction\":[{\"@type\":\"SearchAction\",\"target\":{\"@type\":\"EntryPoint\",\"urlTemplate\":\"https:\/\/clesheo.pl\/?s={search_term_string}\"},\"query-input\":{\"@type\":\"PropertyValueSpecification\",\"valueRequired\":true,\"valueName\":\"search_term_string\"}}],\"inLanguage\":\"en-US\"}]}<\/script>\n<!-- \/ Yoast SEO plugin. -->","yoast_head_json":{"title":"Contact","robots":{"index":"index","follow":"follow","max-snippet":"max-snippet:-1","max-image-preview":"max-image-preview:large","max-video-preview":"max-video-preview:-1"},"canonical":"https:\/\/clesheo.pl\/en\/kontakt\/","og_locale":"en_US","og_type":"article","og_title":"[:en]Contact[:pl]Kontakt[:] - Clesheo","og_url":"https:\/\/clesheo.pl\/en\/kontakt\/","og_site_name":"Clesheo","article_modified_time":"2026-02-10T10:08:08+00:00","twitter_card":"summary_large_image","twitter_misc":{"Est. reading time":"1 minute"},"schema":{"@context":"https:\/\/schema.org","@graph":[{"@type":"WebPage","@id":"https:\/\/clesheo.pl\/kontakt\/","url":"https:\/\/clesheo.pl\/kontakt\/","name":"Contact","isPartOf":{"@id":"https:\/\/clesheo.pl\/#website"},"datePublished":"2014-10-22T12:21:56+00:00","dateModified":"2026-02-10T10:08:08+00:00","breadcrumb":{"@id":"https:\/\/clesheo.pl\/kontakt\/#breadcrumb"},"inLanguage":"en-US","potentialAction":[{"@type":"ReadAction","target":["https:\/\/clesheo.pl\/kontakt\/"]}]},{"@type":"BreadcrumbList","@id":"https:\/\/clesheo.pl\/kontakt\/#breadcrumb","itemListElement":[{"@type":"ListItem","position":1,"name":"Strona g\u0142\u00f3wna","item":"https:\/\/clesheo.pl\/"},{"@type":"ListItem","position":2,"name":"Kontakt"}]},{"@type":"WebSite","@id":"https:\/\/clesheo.pl\/#website","url":"https:\/\/clesheo.pl\/","name":"Clesheo","description":"","potentialAction":[{"@type":"SearchAction","target":{"@type":"EntryPoint","urlTemplate":"https:\/\/clesheo.pl\/?s={search_term_string}"},"query-input":{"@type":"PropertyValueSpecification","valueRequired":true,"valueName":"search_term_string"}}],"inLanguage":"en-US"}]}},"_links":{"self":[{"href":"https:\/\/clesheo.pl\/en\/wp-json\/wp\/v2\/pages\/130","targetHints":{"allow":["GET"]}}],"collection":[{"href":"https:\/\/clesheo.pl\/en\/wp-json\/wp\/v2\/pages"}],"about":[{"href":"https:\/\/clesheo.pl\/en\/wp-json\/wp\/v2\/types\/page"}],"author":[{"embeddable":true,"href":"https:\/\/clesheo.pl\/en\/wp-json\/wp\/v2\/users\/3"}],"replies":[{"embeddable":true,"href":"https:\/\/clesheo.pl\/en\/wp-json\/wp\/v2\/comments?post=130"}],"version-history":[{"count":14,"href":"https:\/\/clesheo.pl\/en\/wp-json\/wp\/v2\/pages\/130\/revisions"}],"predecessor-version":[{"id":15167,"href":"https:\/\/clesheo.pl\/en\/wp-json\/wp\/v2\/pages\/130\/revisions\/15167"}],"wp:attachment":[{"href":"https:\/\/clesheo.pl\/en\/wp-json\/wp\/v2\/media?parent=130"}],"curies":[{"name":"wp","href":"https:\/\/api.w.org\/{rel}","templated":true}]}}