{"id":10517,"date":"2020-04-28T14:53:24","date_gmt":"2020-04-28T12:53:24","guid":{"rendered":"https:\/\/clesheo.pl\/?post_type=product&#038;p=10517"},"modified":"2021-03-08T08:39:52","modified_gmt":"2021-03-08T07:39:52","slug":"zestaw-wieszakow-drewnianych-oh-baby-z-tecza","status":"publish","type":"product","link":"https:\/\/clesheo.pl\/en\/shop\/zestaw-wieszakow-drewnianych-oh-baby-z-tecza\/","title":{"rendered":"Zestaw wieszak\u00f3w drewnianych Oh baby z t\u0119cz\u0105"},"content":{"rendered":"","protected":false},"excerpt":{"rendered":"<p>Zestaw czterech wieszak\u00f3w niemowl\u0119cych Oh baby z t\u0119cz\u0105. Wieszaki pasuj\u0105 na ubranka od rozmiaru 62 do 98. Mo\u017cliwo\u015b\u0107 personalizacji: aby zam\u00f3wi\u0107 wieszaki z imieniem dziecka wpisz imi\u0119 w polu Uwagi podczas sk\u0142adania zam\u00f3wienia. Idealne jako prezent z okazji narodzin dziecka lub Baby shower. Czas realizacji: oko\u0142o 7 dni roboczych + 2 dni na wysy\u0142k\u0119 kuriersk\u0105.<\/p>\n<ul>\n<li>Materia\u0142:\u00a0sklejka<\/li>\n<li>Kolor:\u00a0naturalny<\/li>\n<li>Grubo\u015b\u0107:\u00a03 mm<\/li>\n<li>Wysoko\u015b\u0107:\u00a0~19 cm<\/li>\n<li>Szeroko\u015b\u0107:\u00a0~29 cm<\/li>\n<li>Element\u00f3w w zestawie: 4<\/li>\n<\/ul>\n<p>&nbsp;<\/p>\n","protected":false},"featured_media":10520,"comment_status":"open","ping_status":"closed","template":"","meta":[],"product_brand":[],"product_cat":[],"product_tag":[],"class_list":{"0":"post-10517","1":"product","2":"type-product","3":"status-publish","4":"has-post-thumbnail","7":"first","8":"instock","9":"shipping-taxable","10":"purchasable","11":"product-type-simple"},"yoast_head":"<!-- This site is optimized with the Yoast SEO plugin v23.6 - https:\/\/yoast.com\/wordpress\/plugins\/seo\/ -->\n<title>Zestaw wieszak\u00f3w drewnianych Oh baby z t\u0119cz\u0105<\/title>\n<meta name=\"robots\" content=\"index, follow, max-snippet:-1, max-image-preview:large, max-video-preview:-1\" \/>\n<link rel=\"canonical\" href=\"https:\/\/clesheo.pl\/en\/shop\/zestaw-wieszakow-drewnianych-oh-baby-z-tecza\/\" \/>\n<meta property=\"og:locale\" content=\"en_US\" \/>\n<meta property=\"og:locale:alternate\" content=\"pl_PL\" \/>\n<meta property=\"og:type\" content=\"article\" \/>\n<meta property=\"og:title\" content=\"Zestaw wieszak\u00f3w drewnianych Oh baby z t\u0119cz\u0105\" \/>\n<meta property=\"og:description\" content=\"Zestaw czterech wieszak\u00f3w niemowl\u0119cych Oh baby z t\u0119cz\u0105. Wieszaki pasuj\u0105 na ubranka od rozmiaru 62 do 98. Mo\u017cliwo\u015b\u0107 personalizacji: aby zam\u00f3wi\u0107 wieszaki z imieniem dziecka wpisz imi\u0119 w polu Uwagi podczas sk\u0142adania zam\u00f3wienia. Idealne jako prezent z okazji narodzin dziecka lub Baby shower. Czas realizacji: oko\u0142o 7 dni roboczych + 2 dni na wysy\u0142k\u0119 kuriersk\u0105.   Materia\u0142:\u00a0sklejka  Kolor:\u00a0naturalny  Grubo\u015b\u0107:\u00a03 mm  Wysoko\u015b\u0107:\u00a0~19 cm  Szeroko\u015b\u0107:\u00a0~29 cm  Element\u00f3w w zestawie: 4  &nbsp;\" \/>\n<meta property=\"og:url\" content=\"https:\/\/clesheo.pl\/en\/shop\/zestaw-wieszakow-drewnianych-oh-baby-z-tecza\/\" \/>\n<meta property=\"og:site_name\" content=\"Clesheo\" \/>\n<meta property=\"article:modified_time\" content=\"2021-03-08T07:39:52+00:00\" \/>\n<meta property=\"og:image\" content=\"https:\/\/clesheo.pl\/wp-content\/uploads\/2020\/04\/IMG_9699.jpg\" \/>\n\t<meta property=\"og:image:width\" content=\"2228\" \/>\n\t<meta property=\"og:image:height\" content=\"2560\" \/>\n\t<meta property=\"og:image:type\" content=\"image\/jpeg\" \/>\n<meta name=\"twitter:card\" content=\"summary_large_image\" \/>\n<script type=\"application\/ld+json\" class=\"yoast-schema-graph\">{\"@context\":\"https:\/\/schema.org\",\"@graph\":[{\"@type\":\"WebPage\",\"@id\":\"https:\/\/clesheo.pl\/shop\/zestaw-wieszakow-drewnianych-oh-baby-z-tecza\/\",\"url\":\"https:\/\/clesheo.pl\/shop\/zestaw-wieszakow-drewnianych-oh-baby-z-tecza\/\",\"name\":\"Zestaw wieszak\u00f3w drewnianych Oh baby z t\u0119cz\u0105\",\"isPartOf\":{\"@id\":\"https:\/\/clesheo.pl\/#website\"},\"primaryImageOfPage\":{\"@id\":\"https:\/\/clesheo.pl\/shop\/zestaw-wieszakow-drewnianych-oh-baby-z-tecza\/#primaryimage\"},\"image\":{\"@id\":\"https:\/\/clesheo.pl\/shop\/zestaw-wieszakow-drewnianych-oh-baby-z-tecza\/#primaryimage\"},\"thumbnailUrl\":\"https:\/\/clesheo.pl\/wp-content\/uploads\/2020\/04\/IMG_9699.jpg\",\"datePublished\":\"2020-04-28T12:53:24+00:00\",\"dateModified\":\"2021-03-08T07:39:52+00:00\",\"breadcrumb\":{\"@id\":\"https:\/\/clesheo.pl\/shop\/zestaw-wieszakow-drewnianych-oh-baby-z-tecza\/#breadcrumb\"},\"inLanguage\":\"en-US\",\"potentialAction\":[{\"@type\":\"ReadAction\",\"target\":[\"https:\/\/clesheo.pl\/shop\/zestaw-wieszakow-drewnianych-oh-baby-z-tecza\/\"]}]},{\"@type\":\"ImageObject\",\"inLanguage\":\"en-US\",\"@id\":\"https:\/\/clesheo.pl\/shop\/zestaw-wieszakow-drewnianych-oh-baby-z-tecza\/#primaryimage\",\"url\":\"https:\/\/clesheo.pl\/wp-content\/uploads\/2020\/04\/IMG_9699.jpg\",\"contentUrl\":\"https:\/\/clesheo.pl\/wp-content\/uploads\/2020\/04\/IMG_9699.jpg\",\"width\":2228,\"height\":2560},{\"@type\":\"BreadcrumbList\",\"@id\":\"https:\/\/clesheo.pl\/shop\/zestaw-wieszakow-drewnianych-oh-baby-z-tecza\/#breadcrumb\",\"itemListElement\":[{\"@type\":\"ListItem\",\"position\":1,\"name\":\"Strona g\u0142\u00f3wna\",\"item\":\"https:\/\/clesheo.pl\/\"},{\"@type\":\"ListItem\",\"position\":2,\"name\":\"Sklep\",\"item\":\"https:\/\/clesheo.pl\/sklep\/\"},{\"@type\":\"ListItem\",\"position\":3,\"name\":\"Zestaw wieszak\u00f3w drewnianych Oh baby z t\u0119cz\u0105\"}]},{\"@type\":\"WebSite\",\"@id\":\"https:\/\/clesheo.pl\/#website\",\"url\":\"https:\/\/clesheo.pl\/\",\"name\":\"Clesheo\",\"description\":\"\",\"potentialAction\":[{\"@type\":\"SearchAction\",\"target\":{\"@type\":\"EntryPoint\",\"urlTemplate\":\"https:\/\/clesheo.pl\/?s={search_term_string}\"},\"query-input\":{\"@type\":\"PropertyValueSpecification\",\"valueRequired\":true,\"valueName\":\"search_term_string\"}}],\"inLanguage\":\"en-US\"}]}<\/script>\n<!-- \/ Yoast SEO plugin. -->","yoast_head_json":{"title":"Zestaw wieszak\u00f3w drewnianych Oh baby z t\u0119cz\u0105","robots":{"index":"index","follow":"follow","max-snippet":"max-snippet:-1","max-image-preview":"max-image-preview:large","max-video-preview":"max-video-preview:-1"},"canonical":"https:\/\/clesheo.pl\/en\/shop\/zestaw-wieszakow-drewnianych-oh-baby-z-tecza\/","og_locale":"en_US","og_type":"article","og_title":"[:pl]Zestaw wieszak\u00f3w drewnianych Oh baby z t\u0119cz\u0105[:] - Clesheo","og_description":"Zestaw czterech wieszak\u00f3w niemowl\u0119cych Oh baby z t\u0119cz\u0105. Wieszaki pasuj\u0105 na ubranka od rozmiaru 62 do 98. Mo\u017cliwo\u015b\u0107 personalizacji: aby zam\u00f3wi\u0107 wieszaki z imieniem dziecka wpisz imi\u0119 w polu Uwagi podczas sk\u0142adania zam\u00f3wienia. Idealne jako prezent z okazji narodzin dziecka lub Baby shower. Czas realizacji: oko\u0142o 7 dni roboczych + 2 dni na wysy\u0142k\u0119 kuriersk\u0105.   Materia\u0142:\u00a0sklejka  Kolor:\u00a0naturalny  Grubo\u015b\u0107:\u00a03 mm  Wysoko\u015b\u0107:\u00a0~19 cm  Szeroko\u015b\u0107:\u00a0~29 cm  Element\u00f3w w zestawie: 4  &nbsp;","og_url":"https:\/\/clesheo.pl\/en\/shop\/zestaw-wieszakow-drewnianych-oh-baby-z-tecza\/","og_site_name":"Clesheo","article_modified_time":"2021-03-08T07:39:52+00:00","og_image":[{"width":2228,"height":2560,"url":"https:\/\/clesheo.pl\/wp-content\/uploads\/2020\/04\/IMG_9699.jpg","type":"image\/jpeg"}],"twitter_card":"summary_large_image","schema":{"@context":"https:\/\/schema.org","@graph":[{"@type":"WebPage","@id":"https:\/\/clesheo.pl\/shop\/zestaw-wieszakow-drewnianych-oh-baby-z-tecza\/","url":"https:\/\/clesheo.pl\/shop\/zestaw-wieszakow-drewnianych-oh-baby-z-tecza\/","name":"Zestaw wieszak\u00f3w drewnianych Oh baby z t\u0119cz\u0105","isPartOf":{"@id":"https:\/\/clesheo.pl\/#website"},"primaryImageOfPage":{"@id":"https:\/\/clesheo.pl\/shop\/zestaw-wieszakow-drewnianych-oh-baby-z-tecza\/#primaryimage"},"image":{"@id":"https:\/\/clesheo.pl\/shop\/zestaw-wieszakow-drewnianych-oh-baby-z-tecza\/#primaryimage"},"thumbnailUrl":"https:\/\/clesheo.pl\/wp-content\/uploads\/2020\/04\/IMG_9699.jpg","datePublished":"2020-04-28T12:53:24+00:00","dateModified":"2021-03-08T07:39:52+00:00","breadcrumb":{"@id":"https:\/\/clesheo.pl\/shop\/zestaw-wieszakow-drewnianych-oh-baby-z-tecza\/#breadcrumb"},"inLanguage":"en-US","potentialAction":[{"@type":"ReadAction","target":["https:\/\/clesheo.pl\/shop\/zestaw-wieszakow-drewnianych-oh-baby-z-tecza\/"]}]},{"@type":"ImageObject","inLanguage":"en-US","@id":"https:\/\/clesheo.pl\/shop\/zestaw-wieszakow-drewnianych-oh-baby-z-tecza\/#primaryimage","url":"https:\/\/clesheo.pl\/wp-content\/uploads\/2020\/04\/IMG_9699.jpg","contentUrl":"https:\/\/clesheo.pl\/wp-content\/uploads\/2020\/04\/IMG_9699.jpg","width":2228,"height":2560},{"@type":"BreadcrumbList","@id":"https:\/\/clesheo.pl\/shop\/zestaw-wieszakow-drewnianych-oh-baby-z-tecza\/#breadcrumb","itemListElement":[{"@type":"ListItem","position":1,"name":"Strona g\u0142\u00f3wna","item":"https:\/\/clesheo.pl\/"},{"@type":"ListItem","position":2,"name":"Sklep","item":"https:\/\/clesheo.pl\/sklep\/"},{"@type":"ListItem","position":3,"name":"Zestaw wieszak\u00f3w drewnianych Oh baby z t\u0119cz\u0105"}]},{"@type":"WebSite","@id":"https:\/\/clesheo.pl\/#website","url":"https:\/\/clesheo.pl\/","name":"Clesheo","description":"","potentialAction":[{"@type":"SearchAction","target":{"@type":"EntryPoint","urlTemplate":"https:\/\/clesheo.pl\/?s={search_term_string}"},"query-input":{"@type":"PropertyValueSpecification","valueRequired":true,"valueName":"search_term_string"}}],"inLanguage":"en-US"}]}},"_links":{"self":[{"href":"https:\/\/clesheo.pl\/en\/wp-json\/wp\/v2\/product\/10517","targetHints":{"allow":["GET"]}}],"collection":[{"href":"https:\/\/clesheo.pl\/en\/wp-json\/wp\/v2\/product"}],"about":[{"href":"https:\/\/clesheo.pl\/en\/wp-json\/wp\/v2\/types\/product"}],"replies":[{"embeddable":true,"href":"https:\/\/clesheo.pl\/en\/wp-json\/wp\/v2\/comments?post=10517"}],"wp:featuredmedia":[{"embeddable":true,"href":"https:\/\/clesheo.pl\/en\/wp-json\/wp\/v2\/media\/10520"}],"wp:attachment":[{"href":"https:\/\/clesheo.pl\/en\/wp-json\/wp\/v2\/media?parent=10517"}],"wp:term":[{"taxonomy":"product_brand","embeddable":true,"href":"https:\/\/clesheo.pl\/en\/wp-json\/wp\/v2\/product_brand?post=10517"},{"taxonomy":"product_cat","embeddable":true,"href":"https:\/\/clesheo.pl\/en\/wp-json\/wp\/v2\/product_cat?post=10517"},{"taxonomy":"product_tag","embeddable":true,"href":"https:\/\/clesheo.pl\/en\/wp-json\/wp\/v2\/product_tag?post=10517"}],"curies":[{"name":"wp","href":"https:\/\/api.w.org\/{rel}","templated":true}]}}