{"id":11203,"date":"2020-05-20T14:25:45","date_gmt":"2020-05-20T12:25:45","guid":{"rendered":"https:\/\/clesheo.pl\/?post_type=product&#038;p=11203"},"modified":"2025-05-25T05:55:52","modified_gmt":"2025-05-25T03:55:52","slug":"pamietnik-dziecka-panda","status":"publish","type":"product","link":"https:\/\/clesheo.pl\/en\/shop\/pamietnik-dziecka-panda\/","title":{"rendered":"Pami\u0119tnik dziecka Panda"},"content":{"rendered":"","protected":false},"excerpt":{"rendered":"<p>Pami\u0119tnik dziecka z misiem pand\u0105 &#8211; pami\u0105tkowa ksi\u0105\u017cka, kt\u00f3ra pomaga w uchwyceniu najwa\u017cniejszych wspomnie\u0144 z pierwszych lat \u017cycia dziecka. Kronika zawiera 50 stron, z wyznaczonymi miejscami na zdj\u0119cia.<\/p>\n<p>Tematy: Moi rodzice, W brzuszku mamy, Moje narodziny, Pierwsze dni w domku, M\u00f3j pierwszy raz, Moje pierwsze posi\u0142ki, \u015alady, Pory roku, Moja pierwsza Gwiazdka, Moje pierwsze wakacje, Moje pierwsze urodziny, Ciekawostki,<\/p>\n<p>Imi\u0119 dziecka, kt\u00f3re ma si\u0119 znale\u017a\u0107 na ok\u0142adce wpisz przy sk\u0142adaniu zam\u00f3wienia w polu Uwagi.<\/p>\n<p>Czas realizacji: 7-10 dni roboczych + wysy\u0142ka<\/p>\n<p>Produkt personalizowany, tworzony na zam\u00f3wienie, nie podlega zwrotowi, prosimy o przemy\u015blane zakupy \ud83d\ude42<\/p>\n","protected":false},"featured_media":11208,"comment_status":"open","ping_status":"closed","template":"","meta":[],"product_brand":[],"product_cat":[],"product_tag":[154,93,155,94,95,123,96,131,120,98,124,122,125,133,132,126,59,58],"class_list":{"0":"post-11203","1":"product","2":"type-product","3":"status-publish","4":"has-post-thumbnail","6":"product_tag-album-dziecka","7":"product_tag-baby-book","8":"product_tag-baby-journal","9":"product_tag-baby-shower","10":"product_tag-ciaza","11":"product_tag-clesheo","12":"product_tag-dziecko","13":"product_tag-kronika-dziecka","14":"product_tag-kronika-maluszka","15":"product_tag-kronika","16":"product_tag-pamietnik-dziecka","17":"product_tag-pierwszy-album-dziecka","18":"product_tag-pierwszy-rok","19":"product_tag-prezent-dla-noworodka","20":"product_tag-prezent-na-baby-shower","21":"product_tag-roczek","22":"product_tag-chrzest","23":"product_tag-prezent-na-urodziny","25":"first","26":"instock","27":"shipping-taxable","28":"purchasable","29":"product-type-variable"},"yoast_head":"<!-- This site is optimized with the Yoast SEO plugin v23.6 - https:\/\/yoast.com\/wordpress\/plugins\/seo\/ -->\n<title>Pami\u0119tnik dziecka Panda<\/title>\n<meta name=\"robots\" content=\"index, follow, max-snippet:-1, max-image-preview:large, max-video-preview:-1\" \/>\n<link rel=\"canonical\" href=\"https:\/\/clesheo.pl\/en\/shop\/pamietnik-dziecka-panda\/\" \/>\n<meta property=\"og:locale\" content=\"en_US\" \/>\n<meta property=\"og:locale:alternate\" content=\"pl_PL\" \/>\n<meta property=\"og:type\" content=\"article\" \/>\n<meta property=\"og:title\" content=\"Pami\u0119tnik dziecka Panda\" \/>\n<meta property=\"og:description\" content=\"Pami\u0119tnik dziecka z misiem pand\u0105 - pami\u0105tkowa ksi\u0105\u017cka, kt\u00f3ra pomaga w uchwyceniu najwa\u017cniejszych wspomnie\u0144 z pierwszych lat \u017cycia dziecka. Kronika zawiera 50 stron, z wyznaczonymi miejscami na zdj\u0119cia.  Tematy: Moi rodzice, W brzuszku mamy, Moje narodziny, Pierwsze dni w domku, M\u00f3j pierwszy raz, Moje pierwsze posi\u0142ki, \u015alady, Pory roku, Moja pierwsza Gwiazdka, Moje pierwsze wakacje, Moje pierwsze urodziny, Ciekawostki,  Imi\u0119 dziecka, kt\u00f3re ma si\u0119 znale\u017a\u0107 na ok\u0142adce wpisz przy sk\u0142adaniu zam\u00f3wienia w polu Uwagi.  Czas realizacji: 7-10 dni roboczych + wysy\u0142ka  Produkt personalizowany, tworzony na zam\u00f3wienie, nie podlega zwrotowi, prosimy o przemy\u015blane zakupy :)\" \/>\n<meta property=\"og:url\" content=\"https:\/\/clesheo.pl\/en\/shop\/pamietnik-dziecka-panda\/\" \/>\n<meta property=\"og:site_name\" content=\"Clesheo\" \/>\n<meta property=\"article:modified_time\" content=\"2025-05-25T03:55:52+00:00\" \/>\n<meta property=\"og:image\" content=\"https:\/\/clesheo.pl\/wp-content\/uploads\/2020\/05\/IMG_0683-2-scaled.jpg\" \/>\n\t<meta property=\"og:image:width\" content=\"1989\" \/>\n\t<meta property=\"og:image:height\" content=\"2560\" \/>\n\t<meta property=\"og:image:type\" content=\"image\/jpeg\" \/>\n<meta name=\"twitter:card\" content=\"summary_large_image\" \/>\n<script type=\"application\/ld+json\" class=\"yoast-schema-graph\">{\"@context\":\"https:\/\/schema.org\",\"@graph\":[{\"@type\":\"WebPage\",\"@id\":\"https:\/\/clesheo.pl\/en\/shop\/pamietnik-dziecka-panda\/\",\"url\":\"https:\/\/clesheo.pl\/en\/shop\/pamietnik-dziecka-panda\/\",\"name\":\"Pami\u0119tnik dziecka Panda\",\"isPartOf\":{\"@id\":\"https:\/\/clesheo.pl\/#website\"},\"primaryImageOfPage\":{\"@id\":\"https:\/\/clesheo.pl\/en\/shop\/pamietnik-dziecka-panda\/#primaryimage\"},\"image\":{\"@id\":\"https:\/\/clesheo.pl\/en\/shop\/pamietnik-dziecka-panda\/#primaryimage\"},\"thumbnailUrl\":\"https:\/\/clesheo.pl\/wp-content\/uploads\/2020\/05\/IMG_0683-2-scaled.jpg\",\"datePublished\":\"2020-05-20T12:25:45+00:00\",\"dateModified\":\"2025-05-25T03:55:52+00:00\",\"breadcrumb\":{\"@id\":\"https:\/\/clesheo.pl\/en\/shop\/pamietnik-dziecka-panda\/#breadcrumb\"},\"inLanguage\":\"en-US\",\"potentialAction\":[{\"@type\":\"ReadAction\",\"target\":[\"https:\/\/clesheo.pl\/en\/shop\/pamietnik-dziecka-panda\/\"]}]},{\"@type\":\"ImageObject\",\"inLanguage\":\"en-US\",\"@id\":\"https:\/\/clesheo.pl\/en\/shop\/pamietnik-dziecka-panda\/#primaryimage\",\"url\":\"https:\/\/clesheo.pl\/wp-content\/uploads\/2020\/05\/IMG_0683-2-scaled.jpg\",\"contentUrl\":\"https:\/\/clesheo.pl\/wp-content\/uploads\/2020\/05\/IMG_0683-2-scaled.jpg\",\"width\":1989,\"height\":2560,\"caption\":\"Album dziecka pami\u0119tnik dla dziecka Pierwszy album maluszka Kronika dziecka Album dla noworodka Pami\u0119tnik Oh baby Album wspomnie\u0144 Moje dzieci\u0144stwo Bebe journal Twoja historia kochanie\"},{\"@type\":\"BreadcrumbList\",\"@id\":\"https:\/\/clesheo.pl\/en\/shop\/pamietnik-dziecka-panda\/#breadcrumb\",\"itemListElement\":[{\"@type\":\"ListItem\",\"position\":1,\"name\":\"Strona g\u0142\u00f3wna\",\"item\":\"https:\/\/clesheo.pl\/\"},{\"@type\":\"ListItem\",\"position\":2,\"name\":\"Sklep\",\"item\":\"https:\/\/clesheo.pl\/sklep\/\"},{\"@type\":\"ListItem\",\"position\":3,\"name\":\"Pami\u0119tnik dziecka Panda\"}]},{\"@type\":\"WebSite\",\"@id\":\"https:\/\/clesheo.pl\/#website\",\"url\":\"https:\/\/clesheo.pl\/\",\"name\":\"Clesheo\",\"description\":\"\",\"potentialAction\":[{\"@type\":\"SearchAction\",\"target\":{\"@type\":\"EntryPoint\",\"urlTemplate\":\"https:\/\/clesheo.pl\/?s={search_term_string}\"},\"query-input\":{\"@type\":\"PropertyValueSpecification\",\"valueRequired\":true,\"valueName\":\"search_term_string\"}}],\"inLanguage\":\"en-US\"}]}<\/script>\n<!-- \/ Yoast SEO plugin. -->","yoast_head_json":{"title":"Pami\u0119tnik dziecka Panda","robots":{"index":"index","follow":"follow","max-snippet":"max-snippet:-1","max-image-preview":"max-image-preview:large","max-video-preview":"max-video-preview:-1"},"canonical":"https:\/\/clesheo.pl\/en\/shop\/pamietnik-dziecka-panda\/","og_locale":"en_US","og_type":"article","og_title":"[:pl]Pami\u0119tnik dziecka Panda[:] - Clesheo","og_description":"Pami\u0119tnik dziecka z misiem pand\u0105 - pami\u0105tkowa ksi\u0105\u017cka, kt\u00f3ra pomaga w uchwyceniu najwa\u017cniejszych wspomnie\u0144 z pierwszych lat \u017cycia dziecka. Kronika zawiera 50 stron, z wyznaczonymi miejscami na zdj\u0119cia.  Tematy: Moi rodzice, W brzuszku mamy, Moje narodziny, Pierwsze dni w domku, M\u00f3j pierwszy raz, Moje pierwsze posi\u0142ki, \u015alady, Pory roku, Moja pierwsza Gwiazdka, Moje pierwsze wakacje, Moje pierwsze urodziny, Ciekawostki,  Imi\u0119 dziecka, kt\u00f3re ma si\u0119 znale\u017a\u0107 na ok\u0142adce wpisz przy sk\u0142adaniu zam\u00f3wienia w polu Uwagi.  Czas realizacji: 7-10 dni roboczych + wysy\u0142ka  Produkt personalizowany, tworzony na zam\u00f3wienie, nie podlega zwrotowi, prosimy o przemy\u015blane zakupy :)","og_url":"https:\/\/clesheo.pl\/en\/shop\/pamietnik-dziecka-panda\/","og_site_name":"Clesheo","article_modified_time":"2025-05-25T03:55:52+00:00","og_image":[{"width":1989,"height":2560,"url":"https:\/\/clesheo.pl\/wp-content\/uploads\/2020\/05\/IMG_0683-2-scaled.jpg","type":"image\/jpeg"}],"twitter_card":"summary_large_image","schema":{"@context":"https:\/\/schema.org","@graph":[{"@type":"WebPage","@id":"https:\/\/clesheo.pl\/en\/shop\/pamietnik-dziecka-panda\/","url":"https:\/\/clesheo.pl\/en\/shop\/pamietnik-dziecka-panda\/","name":"Pami\u0119tnik dziecka Panda","isPartOf":{"@id":"https:\/\/clesheo.pl\/#website"},"primaryImageOfPage":{"@id":"https:\/\/clesheo.pl\/en\/shop\/pamietnik-dziecka-panda\/#primaryimage"},"image":{"@id":"https:\/\/clesheo.pl\/en\/shop\/pamietnik-dziecka-panda\/#primaryimage"},"thumbnailUrl":"https:\/\/clesheo.pl\/wp-content\/uploads\/2020\/05\/IMG_0683-2-scaled.jpg","datePublished":"2020-05-20T12:25:45+00:00","dateModified":"2025-05-25T03:55:52+00:00","breadcrumb":{"@id":"https:\/\/clesheo.pl\/en\/shop\/pamietnik-dziecka-panda\/#breadcrumb"},"inLanguage":"en-US","potentialAction":[{"@type":"ReadAction","target":["https:\/\/clesheo.pl\/en\/shop\/pamietnik-dziecka-panda\/"]}]},{"@type":"ImageObject","inLanguage":"en-US","@id":"https:\/\/clesheo.pl\/en\/shop\/pamietnik-dziecka-panda\/#primaryimage","url":"https:\/\/clesheo.pl\/wp-content\/uploads\/2020\/05\/IMG_0683-2-scaled.jpg","contentUrl":"https:\/\/clesheo.pl\/wp-content\/uploads\/2020\/05\/IMG_0683-2-scaled.jpg","width":1989,"height":2560,"caption":"Album dziecka pami\u0119tnik dla dziecka Pierwszy album maluszka Kronika dziecka Album dla noworodka Pami\u0119tnik Oh baby Album wspomnie\u0144 Moje dzieci\u0144stwo Bebe journal Twoja historia kochanie"},{"@type":"BreadcrumbList","@id":"https:\/\/clesheo.pl\/en\/shop\/pamietnik-dziecka-panda\/#breadcrumb","itemListElement":[{"@type":"ListItem","position":1,"name":"Strona g\u0142\u00f3wna","item":"https:\/\/clesheo.pl\/"},{"@type":"ListItem","position":2,"name":"Sklep","item":"https:\/\/clesheo.pl\/sklep\/"},{"@type":"ListItem","position":3,"name":"Pami\u0119tnik dziecka Panda"}]},{"@type":"WebSite","@id":"https:\/\/clesheo.pl\/#website","url":"https:\/\/clesheo.pl\/","name":"Clesheo","description":"","potentialAction":[{"@type":"SearchAction","target":{"@type":"EntryPoint","urlTemplate":"https:\/\/clesheo.pl\/?s={search_term_string}"},"query-input":{"@type":"PropertyValueSpecification","valueRequired":true,"valueName":"search_term_string"}}],"inLanguage":"en-US"}]}},"_links":{"self":[{"href":"https:\/\/clesheo.pl\/en\/wp-json\/wp\/v2\/product\/11203","targetHints":{"allow":["GET"]}}],"collection":[{"href":"https:\/\/clesheo.pl\/en\/wp-json\/wp\/v2\/product"}],"about":[{"href":"https:\/\/clesheo.pl\/en\/wp-json\/wp\/v2\/types\/product"}],"replies":[{"embeddable":true,"href":"https:\/\/clesheo.pl\/en\/wp-json\/wp\/v2\/comments?post=11203"}],"wp:featuredmedia":[{"embeddable":true,"href":"https:\/\/clesheo.pl\/en\/wp-json\/wp\/v2\/media\/11208"}],"wp:attachment":[{"href":"https:\/\/clesheo.pl\/en\/wp-json\/wp\/v2\/media?parent=11203"}],"wp:term":[{"taxonomy":"product_brand","embeddable":true,"href":"https:\/\/clesheo.pl\/en\/wp-json\/wp\/v2\/product_brand?post=11203"},{"taxonomy":"product_cat","embeddable":true,"href":"https:\/\/clesheo.pl\/en\/wp-json\/wp\/v2\/product_cat?post=11203"},{"taxonomy":"product_tag","embeddable":true,"href":"https:\/\/clesheo.pl\/en\/wp-json\/wp\/v2\/product_tag?post=11203"}],"curies":[{"name":"wp","href":"https:\/\/api.w.org\/{rel}","templated":true}]}}