{"id":11514,"date":"2020-10-01T11:55:59","date_gmt":"2020-10-01T09:55:59","guid":{"rendered":"https:\/\/clesheo.pl\/?post_type=product&#038;p=11514"},"modified":"2024-01-11T09:14:35","modified_gmt":"2024-01-11T08:14:35","slug":"pamietnik-dla-dziecka-boho-z-imieniem-na-okladce","status":"publish","type":"product","link":"https:\/\/clesheo.pl\/en\/shop\/pamietnik-dla-dziecka-boho-z-imieniem-na-okladce\/","title":{"rendered":"Pami\u0119tnik dla dziecka z imieniem na ok\u0142adce &#8211; Boho baby"},"content":{"rendered":"<p>Pami\u0119tnik dla dziecka boho &#8211; wyj\u0105tkowa ksi\u0105\u017cka do spisywania najwa\u017cniejszych informacji na temat pierwszych miesi\u0119cy i lat w \u017cyciu Twojego maluszka.<\/p>\n<ul>\n<li>pami\u0119tnik dla dziecka w minimalistycznym wydaniu, zawiera 52 strony<\/li>\n<li>uroku kronice dodaje ozdobna czcionka w kolorze jasnego be\u017cu<\/li>\n<li>J\u0119zyk: polski<\/li>\n<li>twarda oprawa, ok\u0142adka b\u0142yszcz\u0105ca lub matowa, mo\u017cliwo\u015b\u0107 uszlachetnienia ok\u0142adki poprzez watowanie (pogrubienie ok\u0142adki)<\/li>\n<li>tre\u015b\u0107 w kronice zosta\u0142a tak opracowana aby u\u0142atwia\u0107 rodzicom zapisywanie istotnych szczeg\u00f3\u0142\u00f3w oraz historii<\/li>\n<li>zawiera wyznaczone miejsca na zdj\u0119cia<\/li>\n<li>zaprojektowany zar\u00f3wno dla dziewczynek jak i dla ch\u0142opc\u00f3w<\/li>\n<li>album nie zawiera infantylnej grafiki, bia\u0142e strony oraz be\u017cowa czcionka podkre\u015blaj\u0105 jeszcze bardziej wyj\u0105tkowy i elegancki charakter tego pami\u0119tnika<\/li>\n<\/ul>\n<p>Spis tre\u015bci: Moi rodzice &#8211; W brzuszku mamy &#8211; Moje narodziny &#8211; \u015awiat w dniu moich narodzin &#8211; Pierwsze dni w domku &#8211; M\u00f3j pierwszy raz &#8211; Moje pierwsze posi\u0142ki &#8211; \u015alady &#8211; Pory roku &#8211; Moja pierwsza Gwiazdka &#8211; Moje pierwsze wakacje &#8211; Moje pierwsze urodziny &#8211; Mam ju\u017c rok &#8211; Mam dwa latka &#8211; R\u00f3\u017cne ciekawostki z mojego \u017cycia<\/p>\n<p>Czas realizacji zam\u00f3wienia: oko\u0142o 10 dni roboczych + wysy\u0142ka kurierska<\/p>\n<p>Poniewa\u017c kroniki posiadaj\u0105 personalizowane ok\u0142adki z imieniem dziecka &#8211; wykonywane s\u0105 na zam\u00f3wienie. Prosimy o przemy\u015blane zakupy, personalizowane produkty nie podlegaj\u0105 zwrotom.<\/p>\n<p>Odwied\u017a nas na Instagramie:\u00a0<a href=\"http:\/\/www.instagram.pl\/clesheo\">http:\/\/www.instagram.pl\/clesheo<\/a><\/p>\n<p>Zobacz pozosta\u0142e kroniki dost\u0119pne w naszym sklepie: <a href=\"https:\/\/clesheo.pl\/product-category\/album-dziecka-clesheo\/\">www.clesheo.pl\/albumdziecka<\/a><\/p>\n<h6><strong>SZUKASZ PREZENTU IDEALNEGO?<\/strong><\/h6>\n<p>Je\u015bli album ma by\u0107 prezentem dla bliskiej Ci osoby, kt\u00f3ra oczekuje dziecka, a Ty nie jeste\u015b do ko\u0144ca pewna, kt\u00f3ra kronika dla maluszka najbardziej ucieszy przysz\u0142\u0105 mam\u0119, mo\u017cesz rozwa\u017cy\u0107 mo\u017cliwo\u015b\u0107 ofiarowania w prezencie bonu podarunkowego, co niew\u0105tpliwie u\u0142atwi Ci zadanie. Bon podarunkowy kupisz tu\u00a0\u00a0<a href=\"https:\/\/clesheo.pl\/shop\/e-karta-podarunkowa-2\/\">https:\/\/clesheo.pl\/shop\/e-karta-podarunkowa-2\/<\/a><\/p>\n","protected":false},"excerpt":{"rendered":"<div class=\"item item-6\">\n<p>Pami\u0119tnik dla dziecka w stylu boho, kt\u00f3ry pomaga w uchwyceniu najwa\u017cniejszych wspomnie\u0144 i moment\u00f3w z pierwszego i drugiego roku \u017cycia. Imi\u0119 Twojego dziecka na ok\u0142adce!<\/p>\n<p>Wymiary: 30cm x 30cm<\/p>\n<p>J\u0119zyk polski<\/p>\n<p>&nbsp;<\/p>\n<\/div>\n","protected":false},"featured_media":11519,"comment_status":"open","ping_status":"closed","template":"","meta":[],"product_brand":[],"product_cat":[],"product_tag":[388,229,391,232,406,154,386,399,402,235,389,393,236,234,407,385,394,404,131,397,398,395,226,396,124,405,227,403,401,390,392,122,400,158,132,159,147],"class_list":{"0":"post-11514","1":"product","2":"type-product","3":"status-publish","4":"has-post-thumbnail","6":"product_tag-album-ciazowy","7":"product_tag-album-dla-dziecka","8":"product_tag-album-dla-niemowlaka","9":"product_tag-album-dla-noworodka","10":"product_tag-album-dziecinstwo","11":"product_tag-album-dziecka","12":"product_tag-album-maluszka","13":"product_tag-album-malego-dziecka","14":"product_tag-album-mojego-dziecka","15":"product_tag-album-noworodka","16":"product_tag-album-personalizowany-dla-dziecka","17":"product_tag-album-pierwszy-rok","18":"product_tag-album-wspomnien-dziecka","19":"product_tag-albumy-dla-dzieci","20":"product_tag-albumy-dla-noworodka","21":"product_tag-hey-baby","22":"product_tag-kronika-dla-dziecka","23":"product_tag-kronika-dziecka-dziewczynka","24":"product_tag-kronika-dziecka","25":"product_tag-ksiazka-wspomnien-dla-niemowlaka","26":"product_tag-ksiega-pamiatkowa-dziecka","27":"product_tag-moje-dziecinstwo-album","28":"product_tag-oh-baby","29":"product_tag-pamiatka-narodzin-dziecka","30":"product_tag-pamietnik-dziecka","31":"product_tag-pamietnik-od-narodzin-dziecka","32":"product_tag-pamietnik-oh-baby","33":"product_tag-pamietnik-personalizowany","34":"product_tag-pamietnik-zycia-od-narodzin-allegro","35":"product_tag-personalizowany-album-dla-dziecka","36":"product_tag-pierwsza-ksiazka-o-mnie","37":"product_tag-pierwszy-album-dziecka","38":"product_tag-pierwszy-rok-zycia-dziecka-pamietnik","39":"product_tag-pierwszy-rok-zycia-dziecka","40":"product_tag-prezent-na-baby-shower","41":"product_tag-prezent-na-chrzest","42":"product_tag-wyprawka","44":"first","45":"instock","46":"shipping-taxable","47":"purchasable","48":"product-type-variable"},"yoast_head":"<!-- This site is optimized with the Yoast SEO plugin v23.6 - https:\/\/yoast.com\/wordpress\/plugins\/seo\/ -->\n<title>Pami\u0119tnik dla dziecka boho z imieniem na ok\u0142adce Clesheo -<\/title>\n<meta name=\"description\" content=\"Uroczy pami\u0119tnik dla dziecka boho z imieniem na ok\u0142adce. Kronika dla ch\u0142opca lub dziewczynki z miejscem na spisywanie wspomnie\u0144 i wklejanie zdj\u0119\u0107\" \/>\n<meta name=\"robots\" content=\"index, follow, max-snippet:-1, max-image-preview:large, max-video-preview:-1\" \/>\n<link rel=\"canonical\" href=\"https:\/\/clesheo.pl\/en\/shop\/pamietnik-dla-dziecka-boho-z-imieniem-na-okladce\/\" \/>\n<meta property=\"og:locale\" content=\"en_US\" \/>\n<meta property=\"og:locale:alternate\" content=\"pl_PL\" \/>\n<meta property=\"og:type\" content=\"article\" \/>\n<meta property=\"og:title\" content=\"Pami\u0119tnik dla dziecka boho z imieniem na ok\u0142adce Clesheo -\" \/>\n<meta property=\"og:description\" content=\"Uroczy pami\u0119tnik dla dziecka boho z imieniem na ok\u0142adce. Kronika dla ch\u0142opca lub dziewczynki z miejscem na spisywanie wspomnie\u0144 i wklejanie zdj\u0119\u0107\" \/>\n<meta property=\"og:url\" content=\"https:\/\/clesheo.pl\/en\/shop\/pamietnik-dla-dziecka-boho-z-imieniem-na-okladce\/\" \/>\n<meta property=\"og:site_name\" content=\"Clesheo\" \/>\n<meta property=\"article:modified_time\" content=\"2024-01-11T08:14:35+00:00\" \/>\n<meta property=\"og:image\" content=\"https:\/\/clesheo.pl\/wp-content\/uploads\/2020\/10\/IMG_8148.jpg\" \/>\n\t<meta property=\"og:image:width\" content=\"1000\" \/>\n\t<meta property=\"og:image:height\" content=\"909\" \/>\n\t<meta property=\"og:image:type\" content=\"image\/jpeg\" \/>\n<meta name=\"twitter:card\" content=\"summary_large_image\" \/>\n<meta name=\"twitter:label1\" content=\"Est. reading time\" \/>\n\t<meta name=\"twitter:data1\" content=\"2 minutes\" \/>\n<script type=\"application\/ld+json\" class=\"yoast-schema-graph\">{\"@context\":\"https:\/\/schema.org\",\"@graph\":[{\"@type\":\"WebPage\",\"@id\":\"https:\/\/clesheo.pl\/en\/shop\/pamietnik-dla-dziecka-boho-z-imieniem-na-okladce\/\",\"url\":\"https:\/\/clesheo.pl\/en\/shop\/pamietnik-dla-dziecka-boho-z-imieniem-na-okladce\/\",\"name\":\"Pami\u0119tnik dla dziecka boho z imieniem na ok\u0142adce Clesheo -\",\"isPartOf\":{\"@id\":\"https:\/\/clesheo.pl\/#website\"},\"primaryImageOfPage\":{\"@id\":\"https:\/\/clesheo.pl\/en\/shop\/pamietnik-dla-dziecka-boho-z-imieniem-na-okladce\/#primaryimage\"},\"image\":{\"@id\":\"https:\/\/clesheo.pl\/en\/shop\/pamietnik-dla-dziecka-boho-z-imieniem-na-okladce\/#primaryimage\"},\"thumbnailUrl\":\"https:\/\/clesheo.pl\/wp-content\/uploads\/2020\/10\/IMG_8148.jpg\",\"datePublished\":\"2020-10-01T09:55:59+00:00\",\"dateModified\":\"2024-01-11T08:14:35+00:00\",\"description\":\"Uroczy pami\u0119tnik dla dziecka boho z imieniem na ok\u0142adce. Kronika dla ch\u0142opca lub dziewczynki z miejscem na spisywanie wspomnie\u0144 i wklejanie zdj\u0119\u0107\",\"breadcrumb\":{\"@id\":\"https:\/\/clesheo.pl\/en\/shop\/pamietnik-dla-dziecka-boho-z-imieniem-na-okladce\/#breadcrumb\"},\"inLanguage\":\"en-US\",\"potentialAction\":[{\"@type\":\"ReadAction\",\"target\":[\"https:\/\/clesheo.pl\/en\/shop\/pamietnik-dla-dziecka-boho-z-imieniem-na-okladce\/\"]}]},{\"@type\":\"ImageObject\",\"inLanguage\":\"en-US\",\"@id\":\"https:\/\/clesheo.pl\/en\/shop\/pamietnik-dla-dziecka-boho-z-imieniem-na-okladce\/#primaryimage\",\"url\":\"https:\/\/clesheo.pl\/wp-content\/uploads\/2020\/10\/IMG_8148.jpg\",\"contentUrl\":\"https:\/\/clesheo.pl\/wp-content\/uploads\/2020\/10\/IMG_8148.jpg\",\"width\":1000,\"height\":909,\"caption\":\"Pami\u0119tnik dla dziecka z pierwszego roku \u017cycia, kronika, baby shower, chrzest, wyprawka\"},{\"@type\":\"BreadcrumbList\",\"@id\":\"https:\/\/clesheo.pl\/en\/shop\/pamietnik-dla-dziecka-boho-z-imieniem-na-okladce\/#breadcrumb\",\"itemListElement\":[{\"@type\":\"ListItem\",\"position\":1,\"name\":\"Strona g\u0142\u00f3wna\",\"item\":\"https:\/\/clesheo.pl\/\"},{\"@type\":\"ListItem\",\"position\":2,\"name\":\"Sklep\",\"item\":\"https:\/\/clesheo.pl\/sklep\/\"},{\"@type\":\"ListItem\",\"position\":3,\"name\":\"Pami\u0119tnik dla dziecka z imieniem na ok\u0142adce &#8211; Boho baby\"}]},{\"@type\":\"WebSite\",\"@id\":\"https:\/\/clesheo.pl\/#website\",\"url\":\"https:\/\/clesheo.pl\/\",\"name\":\"Clesheo\",\"description\":\"\",\"potentialAction\":[{\"@type\":\"SearchAction\",\"target\":{\"@type\":\"EntryPoint\",\"urlTemplate\":\"https:\/\/clesheo.pl\/?s={search_term_string}\"},\"query-input\":{\"@type\":\"PropertyValueSpecification\",\"valueRequired\":true,\"valueName\":\"search_term_string\"}}],\"inLanguage\":\"en-US\"}]}<\/script>\n<!-- \/ Yoast SEO plugin. -->","yoast_head_json":{"title":"Pami\u0119tnik dla dziecka boho z imieniem na ok\u0142adce Clesheo -","description":"Uroczy pami\u0119tnik dla dziecka boho z imieniem na ok\u0142adce. Kronika dla ch\u0142opca lub dziewczynki z miejscem na spisywanie wspomnie\u0144 i wklejanie zdj\u0119\u0107","robots":{"index":"index","follow":"follow","max-snippet":"max-snippet:-1","max-image-preview":"max-image-preview:large","max-video-preview":"max-video-preview:-1"},"canonical":"https:\/\/clesheo.pl\/en\/shop\/pamietnik-dla-dziecka-boho-z-imieniem-na-okladce\/","og_locale":"en_US","og_type":"article","og_title":"Pami\u0119tnik dla dziecka boho z imieniem na ok\u0142adce Clesheo -","og_description":"Uroczy pami\u0119tnik dla dziecka boho z imieniem na ok\u0142adce. Kronika dla ch\u0142opca lub dziewczynki z miejscem na spisywanie wspomnie\u0144 i wklejanie zdj\u0119\u0107","og_url":"https:\/\/clesheo.pl\/en\/shop\/pamietnik-dla-dziecka-boho-z-imieniem-na-okladce\/","og_site_name":"Clesheo","article_modified_time":"2024-01-11T08:14:35+00:00","og_image":[{"width":1000,"height":909,"url":"https:\/\/clesheo.pl\/wp-content\/uploads\/2020\/10\/IMG_8148.jpg","type":"image\/jpeg"}],"twitter_card":"summary_large_image","twitter_misc":{"Est. reading time":"2 minutes"},"schema":{"@context":"https:\/\/schema.org","@graph":[{"@type":"WebPage","@id":"https:\/\/clesheo.pl\/en\/shop\/pamietnik-dla-dziecka-boho-z-imieniem-na-okladce\/","url":"https:\/\/clesheo.pl\/en\/shop\/pamietnik-dla-dziecka-boho-z-imieniem-na-okladce\/","name":"Pami\u0119tnik dla dziecka boho z imieniem na ok\u0142adce Clesheo -","isPartOf":{"@id":"https:\/\/clesheo.pl\/#website"},"primaryImageOfPage":{"@id":"https:\/\/clesheo.pl\/en\/shop\/pamietnik-dla-dziecka-boho-z-imieniem-na-okladce\/#primaryimage"},"image":{"@id":"https:\/\/clesheo.pl\/en\/shop\/pamietnik-dla-dziecka-boho-z-imieniem-na-okladce\/#primaryimage"},"thumbnailUrl":"https:\/\/clesheo.pl\/wp-content\/uploads\/2020\/10\/IMG_8148.jpg","datePublished":"2020-10-01T09:55:59+00:00","dateModified":"2024-01-11T08:14:35+00:00","description":"Uroczy pami\u0119tnik dla dziecka boho z imieniem na ok\u0142adce. Kronika dla ch\u0142opca lub dziewczynki z miejscem na spisywanie wspomnie\u0144 i wklejanie zdj\u0119\u0107","breadcrumb":{"@id":"https:\/\/clesheo.pl\/en\/shop\/pamietnik-dla-dziecka-boho-z-imieniem-na-okladce\/#breadcrumb"},"inLanguage":"en-US","potentialAction":[{"@type":"ReadAction","target":["https:\/\/clesheo.pl\/en\/shop\/pamietnik-dla-dziecka-boho-z-imieniem-na-okladce\/"]}]},{"@type":"ImageObject","inLanguage":"en-US","@id":"https:\/\/clesheo.pl\/en\/shop\/pamietnik-dla-dziecka-boho-z-imieniem-na-okladce\/#primaryimage","url":"https:\/\/clesheo.pl\/wp-content\/uploads\/2020\/10\/IMG_8148.jpg","contentUrl":"https:\/\/clesheo.pl\/wp-content\/uploads\/2020\/10\/IMG_8148.jpg","width":1000,"height":909,"caption":"Pami\u0119tnik dla dziecka z pierwszego roku \u017cycia, kronika, baby shower, chrzest, wyprawka"},{"@type":"BreadcrumbList","@id":"https:\/\/clesheo.pl\/en\/shop\/pamietnik-dla-dziecka-boho-z-imieniem-na-okladce\/#breadcrumb","itemListElement":[{"@type":"ListItem","position":1,"name":"Strona g\u0142\u00f3wna","item":"https:\/\/clesheo.pl\/"},{"@type":"ListItem","position":2,"name":"Sklep","item":"https:\/\/clesheo.pl\/sklep\/"},{"@type":"ListItem","position":3,"name":"Pami\u0119tnik dla dziecka z imieniem na ok\u0142adce &#8211; Boho baby"}]},{"@type":"WebSite","@id":"https:\/\/clesheo.pl\/#website","url":"https:\/\/clesheo.pl\/","name":"Clesheo","description":"","potentialAction":[{"@type":"SearchAction","target":{"@type":"EntryPoint","urlTemplate":"https:\/\/clesheo.pl\/?s={search_term_string}"},"query-input":{"@type":"PropertyValueSpecification","valueRequired":true,"valueName":"search_term_string"}}],"inLanguage":"en-US"}]}},"_links":{"self":[{"href":"https:\/\/clesheo.pl\/en\/wp-json\/wp\/v2\/product\/11514","targetHints":{"allow":["GET"]}}],"collection":[{"href":"https:\/\/clesheo.pl\/en\/wp-json\/wp\/v2\/product"}],"about":[{"href":"https:\/\/clesheo.pl\/en\/wp-json\/wp\/v2\/types\/product"}],"replies":[{"embeddable":true,"href":"https:\/\/clesheo.pl\/en\/wp-json\/wp\/v2\/comments?post=11514"}],"wp:featuredmedia":[{"embeddable":true,"href":"https:\/\/clesheo.pl\/en\/wp-json\/wp\/v2\/media\/11519"}],"wp:attachment":[{"href":"https:\/\/clesheo.pl\/en\/wp-json\/wp\/v2\/media?parent=11514"}],"wp:term":[{"taxonomy":"product_brand","embeddable":true,"href":"https:\/\/clesheo.pl\/en\/wp-json\/wp\/v2\/product_brand?post=11514"},{"taxonomy":"product_cat","embeddable":true,"href":"https:\/\/clesheo.pl\/en\/wp-json\/wp\/v2\/product_cat?post=11514"},{"taxonomy":"product_tag","embeddable":true,"href":"https:\/\/clesheo.pl\/en\/wp-json\/wp\/v2\/product_tag?post=11514"}],"curies":[{"name":"wp","href":"https:\/\/api.w.org\/{rel}","templated":true}]}}