{"id":11929,"date":"2021-03-03T11:53:43","date_gmt":"2021-03-03T10:53:43","guid":{"rendered":"https:\/\/clesheo.pl\/?post_type=product&#038;p=11929"},"modified":"2025-05-29T15:20:29","modified_gmt":"2025-05-29T13:20:29","slug":"pamietnik-dziecka-oto-ja","status":"publish","type":"product","link":"https:\/\/clesheo.pl\/en\/shop\/pamietnik-dziecka-oto-ja\/","title":{"rendered":"Pami\u0119tnik dziecka Oto ja -od narodzin do sz\u00f3stego roku \u017cycia &#8211; Br\u0105zowe kwiaty"},"content":{"rendered":"<div class=\"item item-6\">\n<h4>Pami\u0119tnik dziecka Oto ja<\/h4>\n<p>Zapami\u0119taj wszystkie najwa\u017cniejsze szczeg\u00f3\u0142y z pierwszych 5 lat \u017cycia Twojego maluszka. Ten pierwszy album dziecka zosta\u0142 tak zaprojektowany aby mo\u017cna by\u0142o go \u0142atwo i szybko wype\u0142ni\u0107.<\/p>\n<p>Kronika zawiera a\u017c 90 stron, napisana jest w j\u0119zyku polskim.<\/p>\n<p><strong>Wymiary\u00a0<\/strong><\/p>\n<p>Pami\u0119tnik w formacie A4 &#8211; 20cm x 30cm<\/p>\n<h6><strong>Klasyka i ponadczasowy styl<\/strong><\/h6>\n<p>Minimalizm i elegancja &#8211;\u00a0 ten pami\u0119tnik dziecka nie zawiera infantylnej grafiki, tre\u015b\u0107 ozdobiona zosta\u0142a delikatn\u0105 grafik\u0105 w postaci ga\u0142\u0105zek. Bia\u0142e karty dzi\u0119ki swojej g\u0142adkiej i lekko b\u0142yszcz\u0105cej strukturze s\u0105 praktyczne i wytrzyma\u0142e, odporne na odciski palc\u00f3w oraz niewielkie uszkodzenia podczas przegl\u0105dania.<\/p>\n<h6><strong>Tre\u015b\u0107<\/strong><\/h6>\n<p>W kronice znajduj\u0105 si\u0119 miejsca wyznaczone na wpisy oraz zdj\u0119cia.\u00a0 Ten pami\u0119tnik dla dziecka jest odpowiedni zar\u00f3wno dla ch\u0142opca jak i dziewczynki.<\/p>\n<h6><strong>Spis tre\u015bci:<\/strong><\/h6>\n<\/div>\n<p>Moi rodzice<\/p>\n<p>W brzuszku mamy<\/p>\n<p>Moje narodziny<\/p>\n<p>\u015awiat w dniu moich narodzin<\/p>\n<p>Pierwsze dni w domku<\/p>\n<p>Pierwszy &#8211; dwunasty miesi\u0105c<\/p>\n<p>M\u00f3j pierwszy raz<\/p>\n<p>Moje pierwsze posi\u0142ki<\/p>\n<p>\u015alady<\/p>\n<p>Pory roku<\/p>\n<p>Moja pierwsza Gwiazdka<\/p>\n<p>Moje pierwsze wakacje<\/p>\n<p>Miesi\u0105ce<\/p>\n<p>Moje pierwsze urodziny<\/p>\n<p>Mam ju\u017c rok<\/p>\n<p>Dwa latka<\/p>\n<p>Trzy lata<\/p>\n<p>Cztery lata<\/p>\n<p>Mam pi\u0119\u0107 lat<\/p>\n<p>Mam sze\u015b\u0107 lat<\/p>\n<p>R\u00f3\u017cne ciekawostki z mojego \u017cycia<\/p>\n<h6><strong>Szukasz prezentu idealnego?<\/strong><\/h6>\n<p>Je\u015bli album ma by\u0107 prezentem dla bliskiej Ci osoby, kt\u00f3ra oczekuje dziecka, a Ty nie jeste\u015b do ko\u0144ca pewna, kt\u00f3ra kronika dla maluszka najbardziej ucieszy przysz\u0142\u0105 mam\u0119, mo\u017cesz rozwa\u017cy\u0107 mo\u017cliwo\u015b\u0107 ofiarowania w prezencie bonu podarunkowego, co niew\u0105tpliwie u\u0142atwi Ci zadanie. Bon podarunkowy kupisz tu\u00a0 <a href=\"https:\/\/clesheo.pl\/shop\/e-karta-podarunkowa-2\/\">https:\/\/clesheo.pl\/shop\/e-karta-podarunkowa-2\/<\/a><\/p>\n<h6><strong>Inne kroniki i prezenty dla dzieci<\/strong><\/h6>\n<p>Zobacz te\u017c pozosta\u0142e albumy dla noworodk\u00f3w dost\u0119pne w naszym sklepie online\u00a0<a href=\"https:\/\/clesheo.pl\/product-category\/pamietniki\/\">https:\/\/clesheo.pl\/product-category\/pamietniki\/<\/a><\/p>\n<h6><strong>Czas realizacji zam\u00f3wienia<\/strong><\/h6>\n<p>7-10 dni roboczych + wysy\u0142ka.<\/p>\n<p>Odwied\u017a nas na instagramie:\u00a0<a href=\"http:\/\/www.instagram.com\/clesheo\">http:\/\/www.instagram.com\/clesheo<\/a><\/p>\n<div id=\"attachment_11770\" style=\"width: 250px\"  class=\"wp-caption aligncenter\"><img decoding=\"async\" class=\"wp-image-11770 size-medium lazyload\" data-src=\"https:\/\/clesheo.pl\/wp-content\/uploads\/2020\/05\/125763207_1004876026688472_4861827162494424495_o-240x300.jpg\" alt=\"www.instagram.com\/clesheo\" width=\"240\" height=\"300\" data-srcset=\"https:\/\/clesheo.pl\/wp-content\/uploads\/2020\/05\/125763207_1004876026688472_4861827162494424495_o-240x300.jpg 240w, https:\/\/clesheo.pl\/wp-content\/uploads\/2020\/05\/125763207_1004876026688472_4861827162494424495_o-600x749.jpg 600w, https:\/\/clesheo.pl\/wp-content\/uploads\/2020\/05\/125763207_1004876026688472_4861827162494424495_o.jpg 769w\" data-sizes=\"(max-width: 240px) 100vw, 240px\" src=\"data:image\/svg+xml;base64,PHN2ZyB3aWR0aD0iMSIgaGVpZ2h0PSIxIiB4bWxucz0iaHR0cDovL3d3dy53My5vcmcvMjAwMC9zdmciPjwvc3ZnPg==\" style=\"--smush-placeholder-width: 240px; --smush-placeholder-aspect-ratio: 240\/300;\" \/><p class=\"wp-caption-text\">www.instagram.com\/clesheo<\/p><\/div>\n","protected":false},"excerpt":{"rendered":"<div class=\"item item-6\">\n<p>Pami\u0119tnik dziecka, Oto ja pomagaj\u0105cy w uchwyceniu najwa\u017cniejszych wspomnie\u0144 i moment\u00f3w od narodzin do 6 roku \u017cycia. Br\u0105zowa ok\u0142adka z drobnymi, bia\u0142ymi\u00a0 kwiatkami. Zawiera wyznaczone miejsca na zdj\u0119cia. Ok\u0142adka b\u0142yszcz\u0105ca lub matowa.<\/p>\n<p>&nbsp;<\/p>\n<\/div>\n","protected":false},"featured_media":11930,"comment_status":"open","ping_status":"closed","template":"","meta":[],"product_brand":[],"product_cat":[],"product_tag":[229,230,232,231,154,235,236,387,234,93,131,120,98,223,226,222,225,124,224,92,233,122,382,147,59,63],"class_list":{"0":"post-11929","1":"product","2":"type-product","3":"status-publish","4":"has-post-thumbnail","6":"product_tag-album-dla-dziecka","7":"product_tag-album-dla-dziewczynki","8":"product_tag-album-dla-noworodka","9":"product_tag-album-dziecka-arkady","10":"product_tag-album-dziecka","11":"product_tag-album-noworodka","12":"product_tag-album-wspomnien-dziecka","13":"product_tag-albumdziecka-empik","14":"product_tag-albumy-dla-dzieci","15":"product_tag-baby-book","16":"product_tag-kronika-dziecka","17":"product_tag-kronika-maluszka","18":"product_tag-kronika","19":"product_tag-memory-book","20":"product_tag-oh-baby","21":"product_tag-pamiatkowa-ksiega-dziecka","22":"product_tag-pamietnik-clesheo","23":"product_tag-pamietnik-dziecka","24":"product_tag-pamietnik-w-plotnie","25":"product_tag-pamietnik","26":"product_tag-pamietniki-dla-dzieci","27":"product_tag-pierwszy-album-dziecka","28":"product_tag-twoja-historia-kochanie","29":"product_tag-wyprawka","30":"product_tag-chrzest","31":"product_tag-len","33":"first","34":"instock","35":"shipping-taxable","36":"purchasable","37":"product-type-variable"},"yoast_head":"<!-- This site is optimized with the Yoast SEO plugin v23.6 - https:\/\/yoast.com\/wordpress\/plugins\/seo\/ -->\n<title>Pami\u0119tnik dziecka Oto ja -od narodzin do sz\u00f3stego roku \u017cycia - Br\u0105zowe kwiaty<\/title>\n<meta name=\"description\" content=\"Pami\u0119tnik dziecka, Oto ja, do spisywania najwa\u017cniejszych wspomnie\u0144 i moment\u00f3w od narodzin do 6 roku \u017cycia. Zawiera wyznaczone miejsca na zdj\u0119cia\" \/>\n<meta name=\"robots\" content=\"index, follow, max-snippet:-1, max-image-preview:large, max-video-preview:-1\" \/>\n<link rel=\"canonical\" href=\"https:\/\/clesheo.pl\/en\/shop\/pamietnik-dziecka-oto-ja\/\" \/>\n<meta property=\"og:locale\" content=\"en_US\" \/>\n<meta property=\"og:locale:alternate\" content=\"pl_PL\" \/>\n<meta property=\"og:type\" content=\"article\" \/>\n<meta property=\"og:title\" content=\"Pami\u0119tnik dziecka Oto ja -od narodzin do sz\u00f3stego roku \u017cycia - Br\u0105zowe kwiaty\" \/>\n<meta property=\"og:description\" content=\"Pami\u0119tnik dziecka, Oto ja, do spisywania najwa\u017cniejszych wspomnie\u0144 i moment\u00f3w od narodzin do 6 roku \u017cycia. Zawiera wyznaczone miejsca na zdj\u0119cia\" \/>\n<meta property=\"og:url\" content=\"https:\/\/clesheo.pl\/en\/shop\/pamietnik-dziecka-oto-ja\/\" \/>\n<meta property=\"og:site_name\" content=\"Clesheo\" \/>\n<meta property=\"article:modified_time\" content=\"2025-05-29T13:20:29+00:00\" \/>\n<meta property=\"og:image\" content=\"https:\/\/clesheo.pl\/wp-content\/uploads\/2021\/03\/IMG_0914-scaled.jpg\" \/>\n\t<meta property=\"og:image:width\" content=\"1670\" \/>\n\t<meta property=\"og:image:height\" content=\"2560\" \/>\n\t<meta property=\"og:image:type\" content=\"image\/jpeg\" \/>\n<meta name=\"twitter:card\" content=\"summary_large_image\" \/>\n<meta name=\"twitter:label1\" content=\"Est. reading time\" \/>\n\t<meta name=\"twitter:data1\" content=\"2 minutes\" \/>\n<script type=\"application\/ld+json\" class=\"yoast-schema-graph\">{\"@context\":\"https:\/\/schema.org\",\"@graph\":[{\"@type\":\"WebPage\",\"@id\":\"https:\/\/clesheo.pl\/en\/shop\/pamietnik-dziecka-oto-ja\/\",\"url\":\"https:\/\/clesheo.pl\/en\/shop\/pamietnik-dziecka-oto-ja\/\",\"name\":\"Pami\u0119tnik dziecka Oto ja -od narodzin do sz\u00f3stego roku \u017cycia - Br\u0105zowe kwiaty\",\"isPartOf\":{\"@id\":\"https:\/\/clesheo.pl\/#website\"},\"primaryImageOfPage\":{\"@id\":\"https:\/\/clesheo.pl\/en\/shop\/pamietnik-dziecka-oto-ja\/#primaryimage\"},\"image\":{\"@id\":\"https:\/\/clesheo.pl\/en\/shop\/pamietnik-dziecka-oto-ja\/#primaryimage\"},\"thumbnailUrl\":\"https:\/\/clesheo.pl\/wp-content\/uploads\/2021\/03\/IMG_0914-scaled.jpg\",\"datePublished\":\"2021-03-03T10:53:43+00:00\",\"dateModified\":\"2025-05-29T13:20:29+00:00\",\"description\":\"Pami\u0119tnik dziecka, Oto ja, do spisywania najwa\u017cniejszych wspomnie\u0144 i moment\u00f3w od narodzin do 6 roku \u017cycia. Zawiera wyznaczone miejsca na zdj\u0119cia\",\"breadcrumb\":{\"@id\":\"https:\/\/clesheo.pl\/en\/shop\/pamietnik-dziecka-oto-ja\/#breadcrumb\"},\"inLanguage\":\"en-US\",\"potentialAction\":[{\"@type\":\"ReadAction\",\"target\":[\"https:\/\/clesheo.pl\/en\/shop\/pamietnik-dziecka-oto-ja\/\"]}]},{\"@type\":\"ImageObject\",\"inLanguage\":\"en-US\",\"@id\":\"https:\/\/clesheo.pl\/en\/shop\/pamietnik-dziecka-oto-ja\/#primaryimage\",\"url\":\"https:\/\/clesheo.pl\/wp-content\/uploads\/2021\/03\/IMG_0914-scaled.jpg\",\"contentUrl\":\"https:\/\/clesheo.pl\/wp-content\/uploads\/2021\/03\/IMG_0914-scaled.jpg\",\"width\":1670,\"height\":2560,\"caption\":\"Pami\u0119tnik dziecka\"},{\"@type\":\"BreadcrumbList\",\"@id\":\"https:\/\/clesheo.pl\/en\/shop\/pamietnik-dziecka-oto-ja\/#breadcrumb\",\"itemListElement\":[{\"@type\":\"ListItem\",\"position\":1,\"name\":\"Strona g\u0142\u00f3wna\",\"item\":\"https:\/\/clesheo.pl\/\"},{\"@type\":\"ListItem\",\"position\":2,\"name\":\"Sklep\",\"item\":\"https:\/\/clesheo.pl\/sklep\/\"},{\"@type\":\"ListItem\",\"position\":3,\"name\":\"Pami\u0119tnik dziecka Oto ja -od narodzin do sz\u00f3stego roku \u017cycia &#8211; Br\u0105zowe kwiaty\"}]},{\"@type\":\"WebSite\",\"@id\":\"https:\/\/clesheo.pl\/#website\",\"url\":\"https:\/\/clesheo.pl\/\",\"name\":\"Clesheo\",\"description\":\"\",\"potentialAction\":[{\"@type\":\"SearchAction\",\"target\":{\"@type\":\"EntryPoint\",\"urlTemplate\":\"https:\/\/clesheo.pl\/?s={search_term_string}\"},\"query-input\":{\"@type\":\"PropertyValueSpecification\",\"valueRequired\":true,\"valueName\":\"search_term_string\"}}],\"inLanguage\":\"en-US\"}]}<\/script>\n<!-- \/ Yoast SEO plugin. -->","yoast_head_json":{"title":"Pami\u0119tnik dziecka Oto ja -od narodzin do sz\u00f3stego roku \u017cycia - Br\u0105zowe kwiaty","description":"Pami\u0119tnik dziecka, Oto ja, do spisywania najwa\u017cniejszych wspomnie\u0144 i moment\u00f3w od narodzin do 6 roku \u017cycia. Zawiera wyznaczone miejsca na zdj\u0119cia","robots":{"index":"index","follow":"follow","max-snippet":"max-snippet:-1","max-image-preview":"max-image-preview:large","max-video-preview":"max-video-preview:-1"},"canonical":"https:\/\/clesheo.pl\/en\/shop\/pamietnik-dziecka-oto-ja\/","og_locale":"en_US","og_type":"article","og_title":"[:pl]Pami\u0119tnik dziecka Oto ja -od narodzin do sz\u00f3stego roku \u017cycia - Br\u0105zowe kwiaty[:] - Clesheo","og_description":"Pami\u0119tnik dziecka, Oto ja, do spisywania najwa\u017cniejszych wspomnie\u0144 i moment\u00f3w od narodzin do 6 roku \u017cycia. Zawiera wyznaczone miejsca na zdj\u0119cia","og_url":"https:\/\/clesheo.pl\/en\/shop\/pamietnik-dziecka-oto-ja\/","og_site_name":"Clesheo","article_modified_time":"2025-05-29T13:20:29+00:00","og_image":[{"width":1670,"height":2560,"url":"https:\/\/clesheo.pl\/wp-content\/uploads\/2021\/03\/IMG_0914-scaled.jpg","type":"image\/jpeg"}],"twitter_card":"summary_large_image","twitter_misc":{"Est. reading time":"2 minutes"},"schema":{"@context":"https:\/\/schema.org","@graph":[{"@type":"WebPage","@id":"https:\/\/clesheo.pl\/en\/shop\/pamietnik-dziecka-oto-ja\/","url":"https:\/\/clesheo.pl\/en\/shop\/pamietnik-dziecka-oto-ja\/","name":"Pami\u0119tnik dziecka Oto ja -od narodzin do sz\u00f3stego roku \u017cycia - Br\u0105zowe kwiaty","isPartOf":{"@id":"https:\/\/clesheo.pl\/#website"},"primaryImageOfPage":{"@id":"https:\/\/clesheo.pl\/en\/shop\/pamietnik-dziecka-oto-ja\/#primaryimage"},"image":{"@id":"https:\/\/clesheo.pl\/en\/shop\/pamietnik-dziecka-oto-ja\/#primaryimage"},"thumbnailUrl":"https:\/\/clesheo.pl\/wp-content\/uploads\/2021\/03\/IMG_0914-scaled.jpg","datePublished":"2021-03-03T10:53:43+00:00","dateModified":"2025-05-29T13:20:29+00:00","description":"Pami\u0119tnik dziecka, Oto ja, do spisywania najwa\u017cniejszych wspomnie\u0144 i moment\u00f3w od narodzin do 6 roku \u017cycia. Zawiera wyznaczone miejsca na zdj\u0119cia","breadcrumb":{"@id":"https:\/\/clesheo.pl\/en\/shop\/pamietnik-dziecka-oto-ja\/#breadcrumb"},"inLanguage":"en-US","potentialAction":[{"@type":"ReadAction","target":["https:\/\/clesheo.pl\/en\/shop\/pamietnik-dziecka-oto-ja\/"]}]},{"@type":"ImageObject","inLanguage":"en-US","@id":"https:\/\/clesheo.pl\/en\/shop\/pamietnik-dziecka-oto-ja\/#primaryimage","url":"https:\/\/clesheo.pl\/wp-content\/uploads\/2021\/03\/IMG_0914-scaled.jpg","contentUrl":"https:\/\/clesheo.pl\/wp-content\/uploads\/2021\/03\/IMG_0914-scaled.jpg","width":1670,"height":2560,"caption":"Pami\u0119tnik dziecka"},{"@type":"BreadcrumbList","@id":"https:\/\/clesheo.pl\/en\/shop\/pamietnik-dziecka-oto-ja\/#breadcrumb","itemListElement":[{"@type":"ListItem","position":1,"name":"Strona g\u0142\u00f3wna","item":"https:\/\/clesheo.pl\/"},{"@type":"ListItem","position":2,"name":"Sklep","item":"https:\/\/clesheo.pl\/sklep\/"},{"@type":"ListItem","position":3,"name":"Pami\u0119tnik dziecka Oto ja -od narodzin do sz\u00f3stego roku \u017cycia &#8211; Br\u0105zowe kwiaty"}]},{"@type":"WebSite","@id":"https:\/\/clesheo.pl\/#website","url":"https:\/\/clesheo.pl\/","name":"Clesheo","description":"","potentialAction":[{"@type":"SearchAction","target":{"@type":"EntryPoint","urlTemplate":"https:\/\/clesheo.pl\/?s={search_term_string}"},"query-input":{"@type":"PropertyValueSpecification","valueRequired":true,"valueName":"search_term_string"}}],"inLanguage":"en-US"}]}},"_links":{"self":[{"href":"https:\/\/clesheo.pl\/en\/wp-json\/wp\/v2\/product\/11929","targetHints":{"allow":["GET"]}}],"collection":[{"href":"https:\/\/clesheo.pl\/en\/wp-json\/wp\/v2\/product"}],"about":[{"href":"https:\/\/clesheo.pl\/en\/wp-json\/wp\/v2\/types\/product"}],"replies":[{"embeddable":true,"href":"https:\/\/clesheo.pl\/en\/wp-json\/wp\/v2\/comments?post=11929"}],"wp:featuredmedia":[{"embeddable":true,"href":"https:\/\/clesheo.pl\/en\/wp-json\/wp\/v2\/media\/11930"}],"wp:attachment":[{"href":"https:\/\/clesheo.pl\/en\/wp-json\/wp\/v2\/media?parent=11929"}],"wp:term":[{"taxonomy":"product_brand","embeddable":true,"href":"https:\/\/clesheo.pl\/en\/wp-json\/wp\/v2\/product_brand?post=11929"},{"taxonomy":"product_cat","embeddable":true,"href":"https:\/\/clesheo.pl\/en\/wp-json\/wp\/v2\/product_cat?post=11929"},{"taxonomy":"product_tag","embeddable":true,"href":"https:\/\/clesheo.pl\/en\/wp-json\/wp\/v2\/product_tag?post=11929"}],"curies":[{"name":"wp","href":"https:\/\/api.w.org\/{rel}","templated":true}]}}