{"id":12068,"date":"2021-04-07T15:29:15","date_gmt":"2021-04-07T13:29:15","guid":{"rendered":"https:\/\/clesheo.pl\/?post_type=product&#038;p=12068"},"modified":"2024-11-09T21:13:54","modified_gmt":"2024-11-09T20:13:54","slug":"kronika-dziecka-z-szara-aksamitna-okladka","status":"publish","type":"product","link":"https:\/\/clesheo.pl\/en\/shop\/kronika-dziecka-z-szara-aksamitna-okladka\/","title":{"rendered":"Kornika dziecka z aksamitn\u0105 ok\u0142adk\u0105 &#8211; popielaty"},"content":{"rendered":"<h3><\/h3>\n<div class=\"item item-6\">\n<p>Kronika dziecka, kt\u00f3ra pomaga rodzicom w uchwyceniu wa\u017cnych moment\u00f3w z pierwszych lat \u017cycia.\u00a0Niew\u0105tpliwie wielk\u0105 zalet\u0105 wyr\u00f3\u017cniaj\u0105c\u0105 ten pami\u0119tnik maluszka jest ok\u0142adka oprawiona w aksamitne popielate p\u0142\u00f3tno &#8211; niezwykle przyjemne w dotyku. Uroku dodaj\u0105 r\u00f3wnie\u017c ozdobna czcionka w kolorze ok\u0142adki oraz imi\u0119 dziecka wygrawerowane na ok\u0142adce. Kronika napisana jest w j\u0119zyku polskim.<\/p>\n<h6><strong>WYMIARY\u00a0<\/strong><\/h6>\n<p>Wymiary tego wyj\u0105tkowego albumu to 20cm na 30cm.<\/p>\n<p>Ilo\u015b\u0107 stron: 30<\/p>\n<h6><strong>PERSONALIZACJA<\/strong><\/h6>\n<p>Ze wzgl\u0119du na fakt, \u017ce na ok\u0142adce zostanie wygrawerowane imi\u0119 dziecka, ten pierwszy album dziecka b\u0119dzie jedyny w swoim rodzaju i z pewno\u015bci\u0105 mo\u017ce sta\u0107 si\u0119 wspania\u0142ym i oryginalnym prezentem.<\/p>\n<h6><strong>KLASYKA I PONADCZASOWY STYL<\/strong><\/h6>\n<p>W przeciwie\u0144stwie do innych tego rodzaju produkt\u00f3w, nasz album nie zawiera infantylnej grafiki. Fakturowane strony w kolorze ecru oraz szara czcionka podkre\u015blaj\u0105 jeszcze bardziej wyj\u0105tkowy i elegancki charakter tej pozycji.<\/p>\n<h6><strong>TRE\u015a\u0106<\/strong><\/h6>\n<p>W kronice znajduj\u0105 si\u0119 miejsca wyznaczone na wpisy oraz zdj\u0119cia.\u00a0 Ten pami\u0119tnik dla dziecka jest odpowiedni zar\u00f3wno dla ch\u0142opca jak i dziewczynki.<\/p>\n<h6><strong>SPIS TRE\u015aCI:<\/strong><\/h6>\n<\/div>\n<p>Moi rodzice<\/p>\n<p>W brzuszku mamy<\/p>\n<p>Moje narodziny<\/p>\n<p>\u015awiat w dniu moich narodzin<\/p>\n<p>Pierwsze dni w domku<\/p>\n<p>M\u00f3j pierwszy raz<\/p>\n<p>Moje pierwsze posi\u0142ki<\/p>\n<p>\u015alady<\/p>\n<p>Pory roku<\/p>\n<p>Moja pierwsza Gwiazdka<\/p>\n<p>Moje pierwsze wakacje<\/p>\n<p>Moje pierwsze urodziny<\/p>\n<p>Mam ju\u017c rok<\/p>\n<p>Dwa latka<\/p>\n<p>R\u00f3\u017cne ciekawostki z mojego \u017cycia<\/p>\n<h6><strong>SZUKASZ PREZENTU IDEALNEGO?<\/strong><\/h6>\n<p>Je\u015bli album ma by\u0107 prezentem dla bliskiej Ci osoby, kt\u00f3ra oczekuje dziecka, a Ty nie jeste\u015b do ko\u0144ca pewna, kt\u00f3ra kronika dla maluszka najbardziej ucieszy przysz\u0142\u0105 mam\u0119, mo\u017cesz rozwa\u017cy\u0107 mo\u017cliwo\u015b\u0107 ofiarowania w prezencie bonu podarunkowego, co niew\u0105tpliwie u\u0142atwi Ci zadanie. Bon podarunkowy kupisz tu\u00a0\u00a0<a href=\"https:\/\/clesheo.pl\/shop\/e-karta-podarunkowa-2\/\">https:\/\/clesheo.pl\/shop\/e-karta-podarunkowa-2\/<\/a><\/p>\n<h6><strong>INNE KRONIKI I PREZENTY DLA DZIECI<\/strong><\/h6>\n<p>Zobacz te\u017c pozosta\u0142e albumy dla noworodk\u00f3w dost\u0119pne w naszym sklepie online\u00a0<a href=\"https:\/\/clesheo.pl\/product-category\/pamietniki\/\">https:\/\/clesheo.pl\/product-category\/pamietniki\/<\/a><\/p>\n<h6><strong>CZAS REALIZACJI ZAM\u00d3WIENIA<\/strong><\/h6>\n<p>7-10 dni roboczych + wysy\u0142ka.<\/p>\n<p>Prosimy o dokonywanie przemy\u015blanych zakup\u00f3w \u2013 ze wzgl\u0119du na fakt, \u017ce produkty personalizowane tworzone s\u0105 na zam\u00f3wienie \u2013 nie podlegaj\u0105 zwrotom.<\/p>\n<p>B\u0105d\u017a na bie\u017c\u0105co z naszymi nowo\u015bciami i ofertami, obserwuj nas w mediach spo\u0142eczno\u015bciowych:<\/p>\n<p><a href=\"http:\/\/www.instagram.pl\/clesheo\">http:\/\/www.instagram.pl\/clesheo<\/a><\/p>\n<p>&nbsp;<\/p>\n<p>&nbsp;<\/p>\n<p>&nbsp;<\/p>\n","protected":false},"excerpt":{"rendered":"<p>Album dla dziecka na wspomnienia z pierwszego roku \u017cycia dziecka. Kronika oprawiona jest w aksamitne p\u0142\u00f3tno, kt\u00f3re sprawia, \u017ce ok\u0142adka jest mi\u0142a w dotyku. Na ok\u0142adce wygrawerowane jest imi\u0119 dziecka.<\/p>\n","protected":false},"featured_media":12080,"comment_status":"open","ping_status":"closed","template":"","meta":[],"product_brand":[],"product_cat":[],"product_tag":[129,171,238,229,230,232,154,237,234,93,94,95,123,96,131,120,98,134,148,168,173,170,125,132,126,166,147,59,57,58],"class_list":{"0":"post-12068","1":"product","2":"type-product","3":"status-publish","4":"has-post-thumbnail","6":"product_tag-aksamitna-okladka","7":"product_tag-aksamitny-album","8":"product_tag-album-dla-chlopca","9":"product_tag-album-dla-dziecka","10":"product_tag-album-dla-dziewczynki","11":"product_tag-album-dla-noworodka","12":"product_tag-album-dziecka","13":"product_tag-album-na-wspomnienia","14":"product_tag-albumy-dla-dzieci","15":"product_tag-baby-book","16":"product_tag-baby-shower","17":"product_tag-ciaza","18":"product_tag-clesheo","19":"product_tag-dziecko","20":"product_tag-kronika-dziecka","21":"product_tag-kronika-maluszka","22":"product_tag-kronika","23":"product_tag-ksiega-dziecka","24":"product_tag-noworodek","25":"product_tag-nude","26":"product_tag-okladka-welurowa","27":"product_tag-personalizowany-prezent-dla-dziecka","28":"product_tag-pierwszy-rok","29":"product_tag-prezent-na-baby-shower","30":"product_tag-roczek","31":"product_tag-smoczek-kauczukowy","32":"product_tag-wyprawka","33":"product_tag-chrzest","34":"product_tag-prezent-dla-dziecka","35":"product_tag-prezent-na-urodziny","37":"first","38":"instock","39":"shipping-taxable","40":"purchasable","41":"product-type-simple"},"yoast_head":"<!-- This site is optimized with the Yoast SEO plugin v23.6 - https:\/\/yoast.com\/wordpress\/plugins\/seo\/ -->\n<title>Album dziecka - pami\u0119tnik w aksamitnej szarej ok\u0142adce<\/title>\n<meta name=\"description\" content=\"Kronika dziecka na wspomnienia z pierwszego roku \u017cycia dziecka. Kronika oprawiona jest w aksamitne p\u0142\u00f3tno, kt\u00f3re sprawia, \u017ce ok\u0142adka jest mi\u0142a w dotyku. Na ok\u0142adce wygrawerowane jest imi\u0119 dziecka.\u00a0\" \/>\n<meta name=\"robots\" content=\"index, follow, max-snippet:-1, max-image-preview:large, max-video-preview:-1\" \/>\n<link rel=\"canonical\" href=\"https:\/\/clesheo.pl\/en\/shop\/kronika-dziecka-z-szara-aksamitna-okladka\/\" \/>\n<meta property=\"og:locale\" content=\"en_US\" \/>\n<meta property=\"og:locale:alternate\" content=\"pl_PL\" \/>\n<meta property=\"og:type\" content=\"article\" \/>\n<meta property=\"og:title\" content=\"Album dziecka - pami\u0119tnik w aksamitnej szarej ok\u0142adce\" \/>\n<meta property=\"og:description\" content=\"Kronika dziecka na wspomnienia z pierwszego roku \u017cycia dziecka. Kronika oprawiona jest w aksamitne p\u0142\u00f3tno, kt\u00f3re sprawia, \u017ce ok\u0142adka jest mi\u0142a w dotyku. Na ok\u0142adce wygrawerowane jest imi\u0119 dziecka.\u00a0\" \/>\n<meta property=\"og:url\" content=\"https:\/\/clesheo.pl\/en\/shop\/kronika-dziecka-z-szara-aksamitna-okladka\/\" \/>\n<meta property=\"og:site_name\" content=\"Clesheo\" \/>\n<meta property=\"article:modified_time\" content=\"2024-11-09T20:13:54+00:00\" \/>\n<meta property=\"og:image\" content=\"https:\/\/clesheo.pl\/wp-content\/uploads\/2021\/04\/Album-dziecka-z-aksamitn\u0105-ok\u0142adk\u0105-popielaty-2.jpg\" \/>\n\t<meta property=\"og:image:width\" content=\"819\" \/>\n\t<meta property=\"og:image:height\" content=\"1200\" \/>\n\t<meta property=\"og:image:type\" content=\"image\/jpeg\" \/>\n<meta name=\"twitter:card\" content=\"summary_large_image\" \/>\n<meta name=\"twitter:label1\" content=\"Est. reading time\" \/>\n\t<meta name=\"twitter:data1\" content=\"2 minutes\" \/>\n<script type=\"application\/ld+json\" class=\"yoast-schema-graph\">{\"@context\":\"https:\/\/schema.org\",\"@graph\":[{\"@type\":\"WebPage\",\"@id\":\"https:\/\/clesheo.pl\/en\/shop\/kronika-dziecka-z-szara-aksamitna-okladka\/\",\"url\":\"https:\/\/clesheo.pl\/en\/shop\/kronika-dziecka-z-szara-aksamitna-okladka\/\",\"name\":\"Album dziecka - pami\u0119tnik w aksamitnej szarej ok\u0142adce\",\"isPartOf\":{\"@id\":\"https:\/\/clesheo.pl\/#website\"},\"primaryImageOfPage\":{\"@id\":\"https:\/\/clesheo.pl\/en\/shop\/kronika-dziecka-z-szara-aksamitna-okladka\/#primaryimage\"},\"image\":{\"@id\":\"https:\/\/clesheo.pl\/en\/shop\/kronika-dziecka-z-szara-aksamitna-okladka\/#primaryimage\"},\"thumbnailUrl\":\"https:\/\/clesheo.pl\/wp-content\/uploads\/2021\/04\/Album-dziecka-z-aksamitn\u0105-ok\u0142adk\u0105-popielaty-2.jpg\",\"datePublished\":\"2021-04-07T13:29:15+00:00\",\"dateModified\":\"2024-11-09T20:13:54+00:00\",\"description\":\"Kronika dziecka na wspomnienia z pierwszego roku \u017cycia dziecka. Kronika oprawiona jest w aksamitne p\u0142\u00f3tno, kt\u00f3re sprawia, \u017ce ok\u0142adka jest mi\u0142a w dotyku. Na ok\u0142adce wygrawerowane jest imi\u0119 dziecka.\u00a0\",\"breadcrumb\":{\"@id\":\"https:\/\/clesheo.pl\/en\/shop\/kronika-dziecka-z-szara-aksamitna-okladka\/#breadcrumb\"},\"inLanguage\":\"en-US\",\"potentialAction\":[{\"@type\":\"ReadAction\",\"target\":[\"https:\/\/clesheo.pl\/en\/shop\/kronika-dziecka-z-szara-aksamitna-okladka\/\"]}]},{\"@type\":\"ImageObject\",\"inLanguage\":\"en-US\",\"@id\":\"https:\/\/clesheo.pl\/en\/shop\/kronika-dziecka-z-szara-aksamitna-okladka\/#primaryimage\",\"url\":\"https:\/\/clesheo.pl\/wp-content\/uploads\/2021\/04\/Album-dziecka-z-aksamitn\u0105-ok\u0142adk\u0105-popielaty-2.jpg\",\"contentUrl\":\"https:\/\/clesheo.pl\/wp-content\/uploads\/2021\/04\/Album-dziecka-z-aksamitn\u0105-ok\u0142adk\u0105-popielaty-2.jpg\",\"width\":819,\"height\":1200,\"caption\":\"Kronika z aksamitn\u0105 ok\u0142adk\u0105 popielaty - jasno szary\"},{\"@type\":\"BreadcrumbList\",\"@id\":\"https:\/\/clesheo.pl\/en\/shop\/kronika-dziecka-z-szara-aksamitna-okladka\/#breadcrumb\",\"itemListElement\":[{\"@type\":\"ListItem\",\"position\":1,\"name\":\"Strona g\u0142\u00f3wna\",\"item\":\"https:\/\/clesheo.pl\/\"},{\"@type\":\"ListItem\",\"position\":2,\"name\":\"Sklep\",\"item\":\"https:\/\/clesheo.pl\/sklep\/\"},{\"@type\":\"ListItem\",\"position\":3,\"name\":\"Kornika dziecka z aksamitn\u0105 ok\u0142adk\u0105 &#8211; popielaty\"}]},{\"@type\":\"WebSite\",\"@id\":\"https:\/\/clesheo.pl\/#website\",\"url\":\"https:\/\/clesheo.pl\/\",\"name\":\"Clesheo\",\"description\":\"\",\"potentialAction\":[{\"@type\":\"SearchAction\",\"target\":{\"@type\":\"EntryPoint\",\"urlTemplate\":\"https:\/\/clesheo.pl\/?s={search_term_string}\"},\"query-input\":{\"@type\":\"PropertyValueSpecification\",\"valueRequired\":true,\"valueName\":\"search_term_string\"}}],\"inLanguage\":\"en-US\"}]}<\/script>\n<!-- \/ Yoast SEO plugin. -->","yoast_head_json":{"title":"Album dziecka - pami\u0119tnik w aksamitnej szarej ok\u0142adce","description":"Kronika dziecka na wspomnienia z pierwszego roku \u017cycia dziecka. Kronika oprawiona jest w aksamitne p\u0142\u00f3tno, kt\u00f3re sprawia, \u017ce ok\u0142adka jest mi\u0142a w dotyku. Na ok\u0142adce wygrawerowane jest imi\u0119 dziecka.\u00a0","robots":{"index":"index","follow":"follow","max-snippet":"max-snippet:-1","max-image-preview":"max-image-preview:large","max-video-preview":"max-video-preview:-1"},"canonical":"https:\/\/clesheo.pl\/en\/shop\/kronika-dziecka-z-szara-aksamitna-okladka\/","og_locale":"en_US","og_type":"article","og_title":"Album dziecka - pami\u0119tnik w aksamitnej szarej ok\u0142adce","og_description":"Kronika dziecka na wspomnienia z pierwszego roku \u017cycia dziecka. Kronika oprawiona jest w aksamitne p\u0142\u00f3tno, kt\u00f3re sprawia, \u017ce ok\u0142adka jest mi\u0142a w dotyku. Na ok\u0142adce wygrawerowane jest imi\u0119 dziecka.\u00a0","og_url":"https:\/\/clesheo.pl\/en\/shop\/kronika-dziecka-z-szara-aksamitna-okladka\/","og_site_name":"Clesheo","article_modified_time":"2024-11-09T20:13:54+00:00","og_image":[{"width":819,"height":1200,"url":"https:\/\/clesheo.pl\/wp-content\/uploads\/2021\/04\/Album-dziecka-z-aksamitn\u0105-ok\u0142adk\u0105-popielaty-2.jpg","type":"image\/jpeg"}],"twitter_card":"summary_large_image","twitter_misc":{"Est. reading time":"2 minutes"},"schema":{"@context":"https:\/\/schema.org","@graph":[{"@type":"WebPage","@id":"https:\/\/clesheo.pl\/en\/shop\/kronika-dziecka-z-szara-aksamitna-okladka\/","url":"https:\/\/clesheo.pl\/en\/shop\/kronika-dziecka-z-szara-aksamitna-okladka\/","name":"Album dziecka - pami\u0119tnik w aksamitnej szarej ok\u0142adce","isPartOf":{"@id":"https:\/\/clesheo.pl\/#website"},"primaryImageOfPage":{"@id":"https:\/\/clesheo.pl\/en\/shop\/kronika-dziecka-z-szara-aksamitna-okladka\/#primaryimage"},"image":{"@id":"https:\/\/clesheo.pl\/en\/shop\/kronika-dziecka-z-szara-aksamitna-okladka\/#primaryimage"},"thumbnailUrl":"https:\/\/clesheo.pl\/wp-content\/uploads\/2021\/04\/Album-dziecka-z-aksamitn\u0105-ok\u0142adk\u0105-popielaty-2.jpg","datePublished":"2021-04-07T13:29:15+00:00","dateModified":"2024-11-09T20:13:54+00:00","description":"Kronika dziecka na wspomnienia z pierwszego roku \u017cycia dziecka. Kronika oprawiona jest w aksamitne p\u0142\u00f3tno, kt\u00f3re sprawia, \u017ce ok\u0142adka jest mi\u0142a w dotyku. Na ok\u0142adce wygrawerowane jest imi\u0119 dziecka.\u00a0","breadcrumb":{"@id":"https:\/\/clesheo.pl\/en\/shop\/kronika-dziecka-z-szara-aksamitna-okladka\/#breadcrumb"},"inLanguage":"en-US","potentialAction":[{"@type":"ReadAction","target":["https:\/\/clesheo.pl\/en\/shop\/kronika-dziecka-z-szara-aksamitna-okladka\/"]}]},{"@type":"ImageObject","inLanguage":"en-US","@id":"https:\/\/clesheo.pl\/en\/shop\/kronika-dziecka-z-szara-aksamitna-okladka\/#primaryimage","url":"https:\/\/clesheo.pl\/wp-content\/uploads\/2021\/04\/Album-dziecka-z-aksamitn\u0105-ok\u0142adk\u0105-popielaty-2.jpg","contentUrl":"https:\/\/clesheo.pl\/wp-content\/uploads\/2021\/04\/Album-dziecka-z-aksamitn\u0105-ok\u0142adk\u0105-popielaty-2.jpg","width":819,"height":1200,"caption":"Kronika z aksamitn\u0105 ok\u0142adk\u0105 popielaty - jasno szary"},{"@type":"BreadcrumbList","@id":"https:\/\/clesheo.pl\/en\/shop\/kronika-dziecka-z-szara-aksamitna-okladka\/#breadcrumb","itemListElement":[{"@type":"ListItem","position":1,"name":"Strona g\u0142\u00f3wna","item":"https:\/\/clesheo.pl\/"},{"@type":"ListItem","position":2,"name":"Sklep","item":"https:\/\/clesheo.pl\/sklep\/"},{"@type":"ListItem","position":3,"name":"Kornika dziecka z aksamitn\u0105 ok\u0142adk\u0105 &#8211; popielaty"}]},{"@type":"WebSite","@id":"https:\/\/clesheo.pl\/#website","url":"https:\/\/clesheo.pl\/","name":"Clesheo","description":"","potentialAction":[{"@type":"SearchAction","target":{"@type":"EntryPoint","urlTemplate":"https:\/\/clesheo.pl\/?s={search_term_string}"},"query-input":{"@type":"PropertyValueSpecification","valueRequired":true,"valueName":"search_term_string"}}],"inLanguage":"en-US"}]}},"_links":{"self":[{"href":"https:\/\/clesheo.pl\/en\/wp-json\/wp\/v2\/product\/12068","targetHints":{"allow":["GET"]}}],"collection":[{"href":"https:\/\/clesheo.pl\/en\/wp-json\/wp\/v2\/product"}],"about":[{"href":"https:\/\/clesheo.pl\/en\/wp-json\/wp\/v2\/types\/product"}],"replies":[{"embeddable":true,"href":"https:\/\/clesheo.pl\/en\/wp-json\/wp\/v2\/comments?post=12068"}],"wp:featuredmedia":[{"embeddable":true,"href":"https:\/\/clesheo.pl\/en\/wp-json\/wp\/v2\/media\/12080"}],"wp:attachment":[{"href":"https:\/\/clesheo.pl\/en\/wp-json\/wp\/v2\/media?parent=12068"}],"wp:term":[{"taxonomy":"product_brand","embeddable":true,"href":"https:\/\/clesheo.pl\/en\/wp-json\/wp\/v2\/product_brand?post=12068"},{"taxonomy":"product_cat","embeddable":true,"href":"https:\/\/clesheo.pl\/en\/wp-json\/wp\/v2\/product_cat?post=12068"},{"taxonomy":"product_tag","embeddable":true,"href":"https:\/\/clesheo.pl\/en\/wp-json\/wp\/v2\/product_tag?post=12068"}],"curies":[{"name":"wp","href":"https:\/\/api.w.org\/{rel}","templated":true}]}}