{"id":12110,"date":"2021-04-13T12:29:06","date_gmt":"2021-04-13T10:29:06","guid":{"rendered":"https:\/\/clesheo.pl\/?post_type=product&#038;p=12110"},"modified":"2024-08-05T13:10:14","modified_gmt":"2024-08-05T11:10:14","slug":"album-na-zdjecia-wielkie-przygody","status":"publish","type":"product","link":"https:\/\/clesheo.pl\/en\/shop\/album-na-zdjecia-wielkie-przygody\/","title":{"rendered":"Album na zdj\u0119cia Wielkie przygody ma\u0142ej dziewczynki"},"content":{"rendered":"<p>\u201eWielkie przygody ma\u0142ej dziewczynki\u201d lub Wielkie przygody ma\u0142ego ch\u0142opca&#8221;\u00a0 &#x1f970; Uwi\u00f3d\u0142 nas i wzruszy\u0142 ten pomys\u0142, kt\u00f3ry nap\u0142yn\u0105\u0142 w jednym z zam\u00f3wie\u0144 &#x1f60d;<\/p>\n<p>Tradycyjny album na zdj\u0119cia wklejane jest idealnym rozwi\u0105zaniem do przechowywania wszystkich tych uroczych i pe\u0142nych przyg\u00f3d zdj\u0119\u0107. Dzi\u0119ki albumowi b\u0119dziecie mogli tworzy\u0107 pi\u0119kne pami\u0105tki z podr\u00f3\u017cy, zabaw na \u015bwie\u017cym powietrzu i innych wa\u017cnych moment\u00f3w w \u017cyciu Waszego dziecka &#x1f970;&#x1f918;<\/p>\n<p>P\u0142\u00f3cienna oprawa dodaje tym albumom nie tylko elegancji, ale tak\u017ce charakteru. Minimalistyczny design sprawia, \u017ce s\u0105 one uniwersalne i pasuj\u0105 do wielu r\u00f3\u017cnych styl\u00f3w i okazji. To co\u015b, co mo\u017ce by\u0107 cenne przez wiele lat, niezale\u017cnie od zmieniaj\u0105cych si\u0119 trend\u00f3w.<\/p>\n<h5>KOLOR OPRAWY<\/h5>\n<p>Elegancka, p\u0142\u00f3cienna ok\u0142adka albumu wyst\u0119puje w kilku opcjach kolorystycznych. Znajdziesz tu kolory ziemi, pastele, r\u00f3\u017cne faktury i sploty. Do wyboru 12 kolor\u00f3w oprawy: jasny r\u00f3\u017c, r\u00f3\u017c, pistacjowy, b\u0142\u0119kitny, jasny len, ciemny len, be\u017c, morska ziele\u0144, niebieski, szary, piaskowy br\u0105z oraz z\u0142oty piasek. Kolory ok\u0142adek na zdj\u0119ciach mog\u0105 nieznacznie r\u00f3\u017cni\u0107 si\u0119 od tych w rzeczywisto\u015bci w zale\u017cno\u015bci od ustawie\u0144 Twojego monitora, prosimy o przemy\u015blane zakupy. Wybierz sw\u00f3j ulubiony odcie\u0144, klikaj\u0105c na palet\u0119 w galerii. Aby m\u00f3c przyjrze\u0107 si\u0119 dok\u0142adniej fakturze materia\u0142u najed\u017a kursorem na interesuj\u0105ce Ci\u0119 p\u0142\u00f3tno.<\/p>\n<h5>Wn\u0119trze albumu<\/h5>\n<p>Album na zdj\u0119cia zawiera 20, 30 lub 50 kart, kt\u00f3re oddzielone s\u0105 od siebie pi\u0119knym, fakturowanym pergaminem. Pergamin\u00a0 <b>chroni zdj\u0119cia<\/b> i dodaje albumowi szyku. \u00a0Albumy wykonujemy z materia\u0142\u00f3w, kt\u00f3re gwarantuj\u0105 wieloletnie u\u017cytkowanie, nawet wtedy, gdy zdj\u0119cia przegl\u0105damy bardzo cz\u0119sto. Karty w kolorze kremowym lub czarnym.<\/p>\n<p><!--more--><\/p>\n<h5>Rozmiar<\/h5>\n<p>Rozmiar albumu 30cm x 30cm to naprawd\u0119 du\u017cy format, kt\u00f3ry zapewnia mn\u00f3stwo miejsca na przechowywanie i prezentowanie zdj\u0119\u0107 w r\u00f3\u017cnych formatach.\u00a0Dzi\u0119ki tak du\u017cej przestrzeni masz swobod\u0119 w uk\u0142adaniu zdj\u0119\u0107 i tworzeniu atrakcyjnych kompozycji. Mo\u017cesz eksperymentowa\u0107 z r\u00f3\u017cnymi formatami zdj\u0119\u0107, dodawa\u0107 notatki, kola\u017ce, czy inne elementy, kt\u00f3re nadadz\u0105 albumowi osobisty charakter. Du\u017cy rozmiar albumu to tak\u017ce doskona\u0142a opcja, je\u015bli chcesz, aby zdj\u0119cia by\u0142y prezentowane w pe\u0142nej krasie, z wszystkimi detalami i szczeg\u00f3\u0142ami.<\/p>\n<h5>Album na zdj\u0119cia jako prezent<\/h5>\n<p>Albumy na zdj\u0119cia Clesheo s\u0105 starannie wykonane z dba\u0142o\u015bci\u0105 o najmniejszy szczeg\u00f3\u0142. Taka staranno\u015b\u0107 w produkcji gwarantuje, \u017ce albumy s\u0105 nie tylko pi\u0119kne wizualnie, ale tak\u017ce trwa\u0142e i wyj\u0105tkowe.<\/p>\n<p>Personalizowane albumy na zdj\u0119cia to doskona\u0142y pomys\u0142 na prezent z okazji urodzin, imienin, a tak\u017ce innych wyj\u0105tkowych okoliczno\u015bci, takich jak rocznice, jubileusze czy narodziny dziecka. Prezentuj\u0105c bliskiej osobie album z wa\u017cnymi wspomnieniami, mo\u017cna przekaza\u0107 emocje, kt\u00f3re s\u0105 trudne do wyra\u017cenia s\u0142owami.<\/p>\n<p>W dobie smartfon\u00f3w i \u0142atwego dost\u0119pu do aparat\u00f3w cyfrowych, fotografujemy du\u017co wi\u0119cej chwil z naszego \u017cycia ni\u017c kiedykolwiek wcze\u015bniej. Albumy na zdj\u0119cia wci\u0105\u017c maj\u0105 swoje niezast\u0105pione miejsce jako pami\u0105tki i sposoby na przechowywanie tych fotografii w fizycznej formie.<\/p>\n<h5>Zwroty<\/h5>\n<p>Albumy na zdj\u0119cia Clesheo s\u0105 tworzone na zam\u00f3wienie, co oznacza, \u017ce ka\u017cdy z nich jest unikalny i personalizowany. Ze wzgl\u0119du na t\u0119 personalizacj\u0119 i indywidualny charakter produkt\u00f3w, nie podlegaj\u0105 one zwrotom.<\/p>\n<p>Zobacz te\u017c inne albumy na zdj\u0119cia dost\u0119pne w naszym sklepie:<\/p>\n<p><a href=\"https:\/\/clesheo.pl\/product-category\/albumy-na-zdjecia\/\">https:\/\/clesheo.pl\/product-category\/albumy-na-zdjecia\/<\/a><a id=\"remove-post-thumbnail\" href=\"https:\/\/clesheo.pl\/wp-admin\/post.php?action=edit&#038;post=12110#\">Usu\u0144 obrazek produktu<\/a><\/p>\n<p>Metryczka w formie plakatu:<\/p>\n<p><a href=\"https:\/\/clesheo.pl\/shop\/metryczka-dla-dziecka\/\"><img decoding=\"async\" class=\"alignnone wp-image-11737 size-medium lazyload\" data-src=\"https:\/\/clesheo.pl\/wp-content\/uploads\/2021\/01\/metryczka-wianek-2-300x200.jpg\" alt=\"\" width=\"300\" height=\"200\" data-srcset=\"https:\/\/clesheo.pl\/wp-content\/uploads\/2021\/01\/metryczka-wianek-2-300x200.jpg 300w, https:\/\/clesheo.pl\/wp-content\/uploads\/2021\/01\/metryczka-wianek-2-1024x683.jpg 1024w, https:\/\/clesheo.pl\/wp-content\/uploads\/2021\/01\/metryczka-wianek-2-768x513.jpg 768w, https:\/\/clesheo.pl\/wp-content\/uploads\/2021\/01\/metryczka-wianek-2-1536x1025.jpg 1536w, https:\/\/clesheo.pl\/wp-content\/uploads\/2021\/01\/metryczka-wianek-2-2048x1367.jpg 2048w, https:\/\/clesheo.pl\/wp-content\/uploads\/2021\/01\/metryczka-wianek-2-600x400.jpg 600w\" data-sizes=\"(max-width: 300px) 100vw, 300px\" src=\"data:image\/svg+xml;base64,PHN2ZyB3aWR0aD0iMSIgaGVpZ2h0PSIxIiB4bWxucz0iaHR0cDovL3d3dy53My5vcmcvMjAwMC9zdmciPjwvc3ZnPg==\" style=\"--smush-placeholder-width: 300px; --smush-placeholder-aspect-ratio: 300\/200;\" \/><\/a><\/p>\n<p>&nbsp;<\/p>\n<p>&nbsp;<\/p>\n<p>Masz ju\u017c album &#8211; pora zrobi\u0107 pi\u0119kne zdj\u0119cia!<\/p>\n<p>Polecamy:<\/p>\n<div id=\"attachment_11832\" style=\"width: 310px\"  class=\"wp-caption alignnone\"><a href=\"https:\/\/kuchtafotografia.pl\/sesjeswiateczne\/\"><img decoding=\"async\" class=\"wp-image-11832 size-medium lazyload\" data-src=\"https:\/\/clesheo.pl\/wp-content\/uploads\/2021\/02\/young-couple-with-baby-daughter-park-1-300x200.jpg\" alt=\"kuchta fotografia\" width=\"300\" height=\"200\" data-srcset=\"https:\/\/clesheo.pl\/wp-content\/uploads\/2021\/02\/young-couple-with-baby-daughter-park-1-300x200.jpg 300w, https:\/\/clesheo.pl\/wp-content\/uploads\/2021\/02\/young-couple-with-baby-daughter-park-1-1024x683.jpg 1024w, https:\/\/clesheo.pl\/wp-content\/uploads\/2021\/02\/young-couple-with-baby-daughter-park-1-768x512.jpg 768w, https:\/\/clesheo.pl\/wp-content\/uploads\/2021\/02\/young-couple-with-baby-daughter-park-1-1536x1024.jpg 1536w, https:\/\/clesheo.pl\/wp-content\/uploads\/2021\/02\/young-couple-with-baby-daughter-park-1-2048x1365.jpg 2048w, https:\/\/clesheo.pl\/wp-content\/uploads\/2021\/02\/young-couple-with-baby-daughter-park-1-600x400.jpg 600w\" data-sizes=\"(max-width: 300px) 100vw, 300px\" src=\"data:image\/svg+xml;base64,PHN2ZyB3aWR0aD0iMSIgaGVpZ2h0PSIxIiB4bWxucz0iaHR0cDovL3d3dy53My5vcmcvMjAwMC9zdmciPjwvc3ZnPg==\" style=\"--smush-placeholder-width: 300px; --smush-placeholder-aspect-ratio: 300\/200;\" \/><\/a><p class=\"wp-caption-text\">www.kuchtafotografia.pl<\/p><\/div>\n","protected":false},"excerpt":{"rendered":"<p>Album na zdj\u0119cia \u201eWielkie przygody ma\u0142ej dziewczynki\u201d lub Wielkie przygody ma\u0142ego ch\u0142opca&#8221;, w oprawie p\u0142\u00f3ciennej. Klasyczny album na zdj\u0119cia wklejane, 40, 60 lub 100 stron. Karty w kolorze czarnym lub \u015bmietankowym &#8211; przek\u0142adane s\u0105 fakturowanym pergaminem. Produkt polski.<\/p>\n","protected":false},"featured_media":12113,"comment_status":"open","ping_status":"closed","template":"","meta":[],"product_brand":[],"product_cat":[51],"product_tag":[269,154,271,270,257,259,260,262,255,265,258,261,256,240,264,123,263,53,56],"class_list":{"0":"post-12110","1":"product","2":"type-product","3":"status-publish","4":"has-post-thumbnail","6":"product_cat-personalizowany-album-na-zdjecia","7":"product_tag-album-dla-siostry","8":"product_tag-album-dziecka","9":"product_tag-album-na-prezent","10":"product_tag-album-na-urodziny","11":"product_tag-album-na-zdjecia-10x15","12":"product_tag-album-na-zdjecia-dla-dzieci","13":"product_tag-album-na-zdjecia-dziecka","14":"product_tag-album-na-zdjecia-personalizowany","15":"product_tag-album-na-zdjecia-wklejane","16":"product_tag-albumy-do-wklejania-zdjec","17":"product_tag-albumy-na-zdjecia-10x15","18":"product_tag-albumy-na-zdjecia-personalizowane","19":"product_tag-albumy-na-zdjecia-wklejane","20":"product_tag-albumy-na-zdjecia","21":"product_tag-albumy","22":"product_tag-clesheo","23":"product_tag-personalizowany-album-na-zdjecia","24":"product_tag-album","25":"product_tag-album-na-zdjecia","27":"first","28":"instock","29":"shipping-taxable","30":"purchasable","31":"product-type-variable"},"yoast_head":"<!-- This site is optimized with the Yoast SEO plugin v23.6 - https:\/\/yoast.com\/wordpress\/plugins\/seo\/ -->\n<title>Album na zdj\u0119cia Wielkie przygody ma\u0142ej dziewczynki Clesheo<\/title>\n<meta name=\"description\" content=\"Album na zdj\u0119cia Wielkie przygody ma\u0142ej dziewczynki, w oprawie p\u0142\u00f3ciennej, 40 stron przek\u0142adanych fakturowanym pergaminem. Elegancka, p\u0142\u00f3cienna ok\u0142adka albumu mo\u017ce mie\u0107 kilka opcji kolorystycznych.\" \/>\n<meta name=\"robots\" content=\"index, follow, max-snippet:-1, max-image-preview:large, max-video-preview:-1\" \/>\n<link rel=\"canonical\" href=\"https:\/\/clesheo.pl\/en\/shop\/album-na-zdjecia-wielkie-przygody\/\" \/>\n<meta property=\"og:locale\" content=\"en_US\" \/>\n<meta property=\"og:locale:alternate\" content=\"pl_PL\" \/>\n<meta property=\"og:type\" content=\"article\" \/>\n<meta property=\"og:title\" content=\"Album na zdj\u0119cia Wielkie przygody ma\u0142ej dziewczynki Clesheo\" \/>\n<meta property=\"og:description\" content=\"Album na zdj\u0119cia Wielkie przygody ma\u0142ej dziewczynki, w oprawie p\u0142\u00f3ciennej, 40 stron przek\u0142adanych fakturowanym pergaminem. Elegancka, p\u0142\u00f3cienna ok\u0142adka albumu mo\u017ce mie\u0107 kilka opcji kolorystycznych.\" \/>\n<meta property=\"og:url\" content=\"https:\/\/clesheo.pl\/en\/shop\/album-na-zdjecia-wielkie-przygody\/\" \/>\n<meta property=\"og:site_name\" content=\"Clesheo\" \/>\n<meta property=\"article:modified_time\" content=\"2024-08-05T11:10:14+00:00\" \/>\n<meta property=\"og:image\" content=\"https:\/\/clesheo.pl\/wp-content\/uploads\/2021\/04\/Album-klasyczny-na-zdj\u0119cia2.jpg\" \/>\n\t<meta property=\"og:image:width\" content=\"535\" \/>\n\t<meta property=\"og:image:height\" content=\"667\" \/>\n\t<meta property=\"og:image:type\" content=\"image\/jpeg\" \/>\n<meta name=\"twitter:card\" content=\"summary_large_image\" \/>\n<meta name=\"twitter:label1\" content=\"Est. reading time\" \/>\n\t<meta name=\"twitter:data1\" content=\"4 minutes\" \/>\n<script type=\"application\/ld+json\" class=\"yoast-schema-graph\">{\"@context\":\"https:\/\/schema.org\",\"@graph\":[{\"@type\":\"WebPage\",\"@id\":\"https:\/\/clesheo.pl\/shop\/album-na-zdjecia-wielkie-przygody\/\",\"url\":\"https:\/\/clesheo.pl\/shop\/album-na-zdjecia-wielkie-przygody\/\",\"name\":\"Album na zdj\u0119cia Wielkie przygody ma\u0142ej dziewczynki Clesheo\",\"isPartOf\":{\"@id\":\"https:\/\/clesheo.pl\/#website\"},\"primaryImageOfPage\":{\"@id\":\"https:\/\/clesheo.pl\/shop\/album-na-zdjecia-wielkie-przygody\/#primaryimage\"},\"image\":{\"@id\":\"https:\/\/clesheo.pl\/shop\/album-na-zdjecia-wielkie-przygody\/#primaryimage\"},\"thumbnailUrl\":\"https:\/\/clesheo.pl\/wp-content\/uploads\/2021\/04\/Album-klasyczny-na-zdj\u0119cia2.jpg\",\"datePublished\":\"2021-04-13T10:29:06+00:00\",\"dateModified\":\"2024-08-05T11:10:14+00:00\",\"description\":\"Album na zdj\u0119cia Wielkie przygody ma\u0142ej dziewczynki, w oprawie p\u0142\u00f3ciennej, 40 stron przek\u0142adanych fakturowanym pergaminem. Elegancka, p\u0142\u00f3cienna ok\u0142adka albumu mo\u017ce mie\u0107 kilka opcji kolorystycznych.\",\"breadcrumb\":{\"@id\":\"https:\/\/clesheo.pl\/shop\/album-na-zdjecia-wielkie-przygody\/#breadcrumb\"},\"inLanguage\":\"en-US\",\"potentialAction\":[{\"@type\":\"ReadAction\",\"target\":[\"https:\/\/clesheo.pl\/shop\/album-na-zdjecia-wielkie-przygody\/\"]}]},{\"@type\":\"ImageObject\",\"inLanguage\":\"en-US\",\"@id\":\"https:\/\/clesheo.pl\/shop\/album-na-zdjecia-wielkie-przygody\/#primaryimage\",\"url\":\"https:\/\/clesheo.pl\/wp-content\/uploads\/2021\/04\/Album-klasyczny-na-zdj\u0119cia2.jpg\",\"contentUrl\":\"https:\/\/clesheo.pl\/wp-content\/uploads\/2021\/04\/Album-klasyczny-na-zdj\u0119cia2.jpg\",\"width\":535,\"height\":667,\"caption\":\"Album na zdj\u0119cia ma\u0142ego podr\u00f3\u017cnika\"},{\"@type\":\"BreadcrumbList\",\"@id\":\"https:\/\/clesheo.pl\/shop\/album-na-zdjecia-wielkie-przygody\/#breadcrumb\",\"itemListElement\":[{\"@type\":\"ListItem\",\"position\":1,\"name\":\"Strona g\u0142\u00f3wna\",\"item\":\"https:\/\/clesheo.pl\/\"},{\"@type\":\"ListItem\",\"position\":2,\"name\":\"Sklep\",\"item\":\"https:\/\/clesheo.pl\/sklep\/\"},{\"@type\":\"ListItem\",\"position\":3,\"name\":\"Album na zdj\u0119cia Wielkie przygody ma\u0142ej dziewczynki\"}]},{\"@type\":\"WebSite\",\"@id\":\"https:\/\/clesheo.pl\/#website\",\"url\":\"https:\/\/clesheo.pl\/\",\"name\":\"Clesheo\",\"description\":\"\",\"potentialAction\":[{\"@type\":\"SearchAction\",\"target\":{\"@type\":\"EntryPoint\",\"urlTemplate\":\"https:\/\/clesheo.pl\/?s={search_term_string}\"},\"query-input\":{\"@type\":\"PropertyValueSpecification\",\"valueRequired\":true,\"valueName\":\"search_term_string\"}}],\"inLanguage\":\"en-US\"}]}<\/script>\n<!-- \/ Yoast SEO plugin. -->","yoast_head_json":{"title":"Album na zdj\u0119cia Wielkie przygody ma\u0142ej dziewczynki Clesheo","description":"Album na zdj\u0119cia Wielkie przygody ma\u0142ej dziewczynki, w oprawie p\u0142\u00f3ciennej, 40 stron przek\u0142adanych fakturowanym pergaminem. Elegancka, p\u0142\u00f3cienna ok\u0142adka albumu mo\u017ce mie\u0107 kilka opcji kolorystycznych.","robots":{"index":"index","follow":"follow","max-snippet":"max-snippet:-1","max-image-preview":"max-image-preview:large","max-video-preview":"max-video-preview:-1"},"canonical":"https:\/\/clesheo.pl\/en\/shop\/album-na-zdjecia-wielkie-przygody\/","og_locale":"en_US","og_type":"article","og_title":"Album na zdj\u0119cia Wielkie przygody ma\u0142ej dziewczynki Clesheo","og_description":"Album na zdj\u0119cia Wielkie przygody ma\u0142ej dziewczynki, w oprawie p\u0142\u00f3ciennej, 40 stron przek\u0142adanych fakturowanym pergaminem. Elegancka, p\u0142\u00f3cienna ok\u0142adka albumu mo\u017ce mie\u0107 kilka opcji kolorystycznych.","og_url":"https:\/\/clesheo.pl\/en\/shop\/album-na-zdjecia-wielkie-przygody\/","og_site_name":"Clesheo","article_modified_time":"2024-08-05T11:10:14+00:00","og_image":[{"width":535,"height":667,"url":"https:\/\/clesheo.pl\/wp-content\/uploads\/2021\/04\/Album-klasyczny-na-zdj\u0119cia2.jpg","type":"image\/jpeg"}],"twitter_card":"summary_large_image","twitter_misc":{"Est. reading time":"4 minutes"},"schema":{"@context":"https:\/\/schema.org","@graph":[{"@type":"WebPage","@id":"https:\/\/clesheo.pl\/shop\/album-na-zdjecia-wielkie-przygody\/","url":"https:\/\/clesheo.pl\/shop\/album-na-zdjecia-wielkie-przygody\/","name":"Album na zdj\u0119cia Wielkie przygody ma\u0142ej dziewczynki Clesheo","isPartOf":{"@id":"https:\/\/clesheo.pl\/#website"},"primaryImageOfPage":{"@id":"https:\/\/clesheo.pl\/shop\/album-na-zdjecia-wielkie-przygody\/#primaryimage"},"image":{"@id":"https:\/\/clesheo.pl\/shop\/album-na-zdjecia-wielkie-przygody\/#primaryimage"},"thumbnailUrl":"https:\/\/clesheo.pl\/wp-content\/uploads\/2021\/04\/Album-klasyczny-na-zdj\u0119cia2.jpg","datePublished":"2021-04-13T10:29:06+00:00","dateModified":"2024-08-05T11:10:14+00:00","description":"Album na zdj\u0119cia Wielkie przygody ma\u0142ej dziewczynki, w oprawie p\u0142\u00f3ciennej, 40 stron przek\u0142adanych fakturowanym pergaminem. Elegancka, p\u0142\u00f3cienna ok\u0142adka albumu mo\u017ce mie\u0107 kilka opcji kolorystycznych.","breadcrumb":{"@id":"https:\/\/clesheo.pl\/shop\/album-na-zdjecia-wielkie-przygody\/#breadcrumb"},"inLanguage":"en-US","potentialAction":[{"@type":"ReadAction","target":["https:\/\/clesheo.pl\/shop\/album-na-zdjecia-wielkie-przygody\/"]}]},{"@type":"ImageObject","inLanguage":"en-US","@id":"https:\/\/clesheo.pl\/shop\/album-na-zdjecia-wielkie-przygody\/#primaryimage","url":"https:\/\/clesheo.pl\/wp-content\/uploads\/2021\/04\/Album-klasyczny-na-zdj\u0119cia2.jpg","contentUrl":"https:\/\/clesheo.pl\/wp-content\/uploads\/2021\/04\/Album-klasyczny-na-zdj\u0119cia2.jpg","width":535,"height":667,"caption":"Album na zdj\u0119cia ma\u0142ego podr\u00f3\u017cnika"},{"@type":"BreadcrumbList","@id":"https:\/\/clesheo.pl\/shop\/album-na-zdjecia-wielkie-przygody\/#breadcrumb","itemListElement":[{"@type":"ListItem","position":1,"name":"Strona g\u0142\u00f3wna","item":"https:\/\/clesheo.pl\/"},{"@type":"ListItem","position":2,"name":"Sklep","item":"https:\/\/clesheo.pl\/sklep\/"},{"@type":"ListItem","position":3,"name":"Album na zdj\u0119cia Wielkie przygody ma\u0142ej dziewczynki"}]},{"@type":"WebSite","@id":"https:\/\/clesheo.pl\/#website","url":"https:\/\/clesheo.pl\/","name":"Clesheo","description":"","potentialAction":[{"@type":"SearchAction","target":{"@type":"EntryPoint","urlTemplate":"https:\/\/clesheo.pl\/?s={search_term_string}"},"query-input":{"@type":"PropertyValueSpecification","valueRequired":true,"valueName":"search_term_string"}}],"inLanguage":"en-US"}]}},"_links":{"self":[{"href":"https:\/\/clesheo.pl\/en\/wp-json\/wp\/v2\/product\/12110","targetHints":{"allow":["GET"]}}],"collection":[{"href":"https:\/\/clesheo.pl\/en\/wp-json\/wp\/v2\/product"}],"about":[{"href":"https:\/\/clesheo.pl\/en\/wp-json\/wp\/v2\/types\/product"}],"replies":[{"embeddable":true,"href":"https:\/\/clesheo.pl\/en\/wp-json\/wp\/v2\/comments?post=12110"}],"wp:featuredmedia":[{"embeddable":true,"href":"https:\/\/clesheo.pl\/en\/wp-json\/wp\/v2\/media\/12113"}],"wp:attachment":[{"href":"https:\/\/clesheo.pl\/en\/wp-json\/wp\/v2\/media?parent=12110"}],"wp:term":[{"taxonomy":"product_brand","embeddable":true,"href":"https:\/\/clesheo.pl\/en\/wp-json\/wp\/v2\/product_brand?post=12110"},{"taxonomy":"product_cat","embeddable":true,"href":"https:\/\/clesheo.pl\/en\/wp-json\/wp\/v2\/product_cat?post=12110"},{"taxonomy":"product_tag","embeddable":true,"href":"https:\/\/clesheo.pl\/en\/wp-json\/wp\/v2\/product_tag?post=12110"}],"curies":[{"name":"wp","href":"https:\/\/api.w.org\/{rel}","templated":true}]}}