{"id":12205,"date":"2021-05-17T08:56:04","date_gmt":"2021-05-17T06:56:04","guid":{"rendered":"https:\/\/clesheo.pl\/?post_type=product&#038;p=12205"},"modified":"2025-05-24T07:02:39","modified_gmt":"2025-05-24T05:02:39","slug":"album-dziecka-gaski-z-imieniem-na-okladce","status":"publish","type":"product","link":"https:\/\/clesheo.pl\/en\/shop\/album-dziecka-gaski-z-imieniem-na-okladce\/","title":{"rendered":"Album dziecka G\u0105ski z imieniem na ok\u0142adce"},"content":{"rendered":"<h3>OPIS<\/h3>\n<div class=\"item item-6\">\n<p>Album dziecka G\u0105ski zawiera 52 strony.<\/p>\n<p>Niew\u0105tpliwie wielk\u0105 zalet\u0105 wyr\u00f3\u017cniaj\u0105c\u0105 t\u0119 kronik\u0119 dla dziecka jest ozdobna mi\u0119towa czcionka. Kronika napisana jest w j\u0119zyku polskim.<\/p>\n<h6><strong>WYMIARY\u00a0<\/strong><\/h6>\n<p>Przed Tob\u0105 prawdopodobnie<em>\u00a0<\/em>jeden z najwi\u0119kszych album\u00f3w\u00a0 jakie dost\u0119pne s\u0105 na rynku \u2013 wymiary albumu to 30cm na 30cm.<\/p>\n<h6><strong>PERSONALIZACJA<\/strong><\/h6>\n<p>Ze wzgl\u0119du na fakt, \u017ce na ok\u0142adce zostanie nadrukowane imi\u0119 dziecka, ten pierwszy album dziecka b\u0119dzie jedyny w swoim rodzaju i z pewno\u015bci\u0105 mo\u017ce sta\u0107 si\u0119 wspania\u0142ym i oryginalnym prezentem.<\/p>\n<h6><strong>TRE\u015a\u0106<\/strong><\/h6>\n<p>Album dziecka g\u0105ski zawiera miejsca wyznaczone na wpisy oraz zdj\u0119cia.\u00a0 Ten pami\u0119tnik dla dziecka jest odpowiedni zar\u00f3wno dla ch\u0142opca jak i dziewczynki.<\/p>\n<h6><strong>TEMATY:<\/strong><\/h6>\n<\/div>\n<p>Moi rodzice<\/p>\n<p>W brzuszku mamy<\/p>\n<p>Moje narodziny<\/p>\n<p>\u015awiat w dniu moich narodzin<\/p>\n<p>Pierwsze dni w domku<\/p>\n<p>M\u00f3j pierwszy raz<\/p>\n<p>Moje pierwsze posi\u0142ki<\/p>\n<p>\u015alady<\/p>\n<p>Pory roku<\/p>\n<p>Moja pierwsza Gwiazdka<\/p>\n<p>Moje pierwsze wakacje<\/p>\n<p>Moje pierwsze urodziny<\/p>\n<p>Mam ju\u017c rok<\/p>\n<p>Mam dwa lata<\/p>\n<p>R\u00f3\u017cne ciekawostki z mojego \u017cycia<\/p>\n<h6><strong>SZUKASZ PREZENTU IDEALNEGO?<\/strong><\/h6>\n<p>Je\u015bli album ma by\u0107 prezentem dla bliskiej Ci osoby, kt\u00f3ra oczekuje dziecka, a Ty nie jeste\u015b do ko\u0144ca pewna, kt\u00f3ra kronika dla maluszka najbardziej ucieszy przysz\u0142\u0105 mam\u0119, mo\u017cesz rozwa\u017cy\u0107 mo\u017cliwo\u015b\u0107 ofiarowania w prezencie bonu podarunkowego, co niew\u0105tpliwie u\u0142atwi Ci zadanie. Bon podarunkowy kupisz tu\u00a0\u00a0<a href=\"https:\/\/clesheo.pl\/shop\/e-karta-podarunkowa-2\/\">https:\/\/clesheo.pl\/shop\/e-karta-podarunkowa-2\/<\/a><\/p>\n<h6><strong>INNE KRONIKI I PREZENTY DLA DZIECI<\/strong><\/h6>\n<p>Zobacz te\u017c pozosta\u0142e albumy dla noworodk\u00f3w dost\u0119pne w naszym sklepie online\u00a0<a href=\"https:\/\/clesheo.pl\/product-category\/pamietniki\/\">https:\/\/clesheo.pl\/product-category\/pamietniki\/<\/a><\/p>\n<h6><strong>CZAS REALIZACJI ZAM\u00d3WIENIA<\/strong><\/h6>\n<p>7-10 dni roboczych + wysy\u0142ka.<\/p>\n<p>Prosimy o dokonywanie przemy\u015blanych zakup\u00f3w \u2013 ze wzgl\u0119du na fakt, \u017ce produkty personalizowane tworzone s\u0105 na zam\u00f3wienie \u2013 nie podlegaj\u0105 zwrotom.<\/p>\n","protected":false},"excerpt":{"rendered":"<p>Pami\u0119tnik, kt\u00f3ry pomo\u017ce Ci w dostrze\u017ceniu istotnych moment\u00f3w z pierwszego roku \u017cycia Twojego dziecka.<\/p>\n<p>Imi\u0119 Twojego dziecka na ok\u0142adce! 52 strony, ozdobna czcionka w kolorze mi\u0119towym.<\/p>\n<p>J\u0119zyk: polski Format \u00a030 cm x 30 cm, twarda oprawa, ok\u0142adka b\u0142yszcz\u0105ca lub matowa.<\/p>\n<p>&nbsp;<\/p>\n<p>&nbsp;<\/p>\n","protected":false},"featured_media":12792,"comment_status":"open","ping_status":"closed","template":"","meta":[],"product_brand":[],"product_cat":[],"product_tag":[238,230,154,93,94,95,123,96,297,296,341,131,120,98,134,91,167,148,156,124,92,169,165,170,125,343,342,132,126,166,147,59,57,58],"class_list":{"0":"post-12205","1":"product","2":"type-product","3":"status-publish","4":"has-post-thumbnail","6":"product_tag-album-dla-chlopca","7":"product_tag-album-dla-dziewczynki","8":"product_tag-album-dziecka","9":"product_tag-baby-book","10":"product_tag-baby-shower","11":"product_tag-ciaza","12":"product_tag-clesheo","13":"product_tag-dziecko","14":"product_tag-gaska","15":"product_tag-gaski","16":"product_tag-goose","17":"product_tag-kronika-dziecka","18":"product_tag-kronika-maluszka","19":"product_tag-kronika","20":"product_tag-ksiega-dziecka","21":"product_tag-listy-do-ciebie","22":"product_tag-natural-rubber","23":"product_tag-noworodek","24":"product_tag-pamietnik-dla-dziecka","25":"product_tag-pamietnik-dziecka","26":"product_tag-pamietnik","27":"product_tag-personalizowana-kronika-dziecka","28":"product_tag-personalizowany-pamietnik-dziecka","29":"product_tag-personalizowany-prezent-dla-dziecka","30":"product_tag-pierwszy-rok","31":"product_tag-plakat-gaski","32":"product_tag-plakat-z-gaskami","33":"product_tag-prezent-na-baby-shower","34":"product_tag-roczek","35":"product_tag-smoczek-kauczukowy","36":"product_tag-wyprawka","37":"product_tag-chrzest","38":"product_tag-prezent-dla-dziecka","39":"product_tag-prezent-na-urodziny","41":"first","42":"instock","43":"shipping-taxable","44":"purchasable","45":"product-type-variable","46":"has-default-attributes"},"yoast_head":"<!-- This site is optimized with the Yoast SEO plugin v23.6 - https:\/\/yoast.com\/wordpress\/plugins\/seo\/ -->\n<title>Album dziecka G\u0105ski z imieniem na ok\u0142adce<\/title>\n<meta name=\"description\" content=\"Album dziecka G\u0105ski z imieniem na ok\u0142adce dla ch\u0142opca i dziewczynki. Pierwszy pami\u0119tnik dziecka z wyznaczonymi miejscami na zapiski i zdj\u0119cia\" \/>\n<meta name=\"robots\" content=\"index, follow, max-snippet:-1, max-image-preview:large, max-video-preview:-1\" \/>\n<link rel=\"canonical\" href=\"https:\/\/clesheo.pl\/en\/shop\/album-dziecka-gaski-z-imieniem-na-okladce\/\" \/>\n<meta property=\"og:locale\" content=\"en_US\" \/>\n<meta property=\"og:locale:alternate\" content=\"pl_PL\" \/>\n<meta property=\"og:type\" content=\"article\" \/>\n<meta property=\"og:title\" content=\"Album dziecka G\u0105ski z imieniem na ok\u0142adce\" \/>\n<meta property=\"og:description\" content=\"Album dziecka G\u0105ski z imieniem na ok\u0142adce dla ch\u0142opca i dziewczynki. Pierwszy pami\u0119tnik dziecka z wyznaczonymi miejscami na zapiski i zdj\u0119cia\" \/>\n<meta property=\"og:url\" content=\"https:\/\/clesheo.pl\/en\/shop\/album-dziecka-gaski-z-imieniem-na-okladce\/\" \/>\n<meta property=\"og:site_name\" content=\"Clesheo\" \/>\n<meta property=\"article:modified_time\" content=\"2025-05-24T05:02:39+00:00\" \/>\n<meta property=\"og:image\" content=\"https:\/\/clesheo.pl\/wp-content\/uploads\/2021\/05\/Pami\u0119tnik-noworodka-g\u0105ski-Clesheo.jpg\" \/>\n\t<meta property=\"og:image:width\" content=\"800\" \/>\n\t<meta property=\"og:image:height\" content=\"1200\" \/>\n\t<meta property=\"og:image:type\" content=\"image\/jpeg\" \/>\n<meta name=\"twitter:card\" content=\"summary_large_image\" \/>\n<meta name=\"twitter:label1\" content=\"Est. reading time\" \/>\n\t<meta name=\"twitter:data1\" content=\"1 minute\" \/>\n<script type=\"application\/ld+json\" class=\"yoast-schema-graph\">{\"@context\":\"https:\/\/schema.org\",\"@graph\":[{\"@type\":\"WebPage\",\"@id\":\"https:\/\/clesheo.pl\/en\/shop\/album-dziecka-gaski-z-imieniem-na-okladce\/\",\"url\":\"https:\/\/clesheo.pl\/en\/shop\/album-dziecka-gaski-z-imieniem-na-okladce\/\",\"name\":\"Album dziecka G\u0105ski z imieniem na ok\u0142adce\",\"isPartOf\":{\"@id\":\"https:\/\/clesheo.pl\/#website\"},\"primaryImageOfPage\":{\"@id\":\"https:\/\/clesheo.pl\/en\/shop\/album-dziecka-gaski-z-imieniem-na-okladce\/#primaryimage\"},\"image\":{\"@id\":\"https:\/\/clesheo.pl\/en\/shop\/album-dziecka-gaski-z-imieniem-na-okladce\/#primaryimage\"},\"thumbnailUrl\":\"https:\/\/clesheo.pl\/wp-content\/uploads\/2021\/05\/Pami\u0119tnik-noworodka-g\u0105ski-Clesheo.jpg\",\"datePublished\":\"2021-05-17T06:56:04+00:00\",\"dateModified\":\"2025-05-24T05:02:39+00:00\",\"description\":\"Album dziecka G\u0105ski z imieniem na ok\u0142adce dla ch\u0142opca i dziewczynki. Pierwszy pami\u0119tnik dziecka z wyznaczonymi miejscami na zapiski i zdj\u0119cia\",\"breadcrumb\":{\"@id\":\"https:\/\/clesheo.pl\/en\/shop\/album-dziecka-gaski-z-imieniem-na-okladce\/#breadcrumb\"},\"inLanguage\":\"en-US\",\"potentialAction\":[{\"@type\":\"ReadAction\",\"target\":[\"https:\/\/clesheo.pl\/en\/shop\/album-dziecka-gaski-z-imieniem-na-okladce\/\"]}]},{\"@type\":\"ImageObject\",\"inLanguage\":\"en-US\",\"@id\":\"https:\/\/clesheo.pl\/en\/shop\/album-dziecka-gaski-z-imieniem-na-okladce\/#primaryimage\",\"url\":\"https:\/\/clesheo.pl\/wp-content\/uploads\/2021\/05\/Pami\u0119tnik-noworodka-g\u0105ski-Clesheo.jpg\",\"contentUrl\":\"https:\/\/clesheo.pl\/wp-content\/uploads\/2021\/05\/Pami\u0119tnik-noworodka-g\u0105ski-Clesheo.jpg\",\"width\":800,\"height\":1200,\"caption\":\"Pami\u0119tnik noworodka g\u0105ski, album dziecka od narodzin, ksi\u0119ga maluszka\"},{\"@type\":\"BreadcrumbList\",\"@id\":\"https:\/\/clesheo.pl\/en\/shop\/album-dziecka-gaski-z-imieniem-na-okladce\/#breadcrumb\",\"itemListElement\":[{\"@type\":\"ListItem\",\"position\":1,\"name\":\"Strona g\u0142\u00f3wna\",\"item\":\"https:\/\/clesheo.pl\/\"},{\"@type\":\"ListItem\",\"position\":2,\"name\":\"Sklep\",\"item\":\"https:\/\/clesheo.pl\/sklep\/\"},{\"@type\":\"ListItem\",\"position\":3,\"name\":\"Album dziecka G\u0105ski z imieniem na ok\u0142adce\"}]},{\"@type\":\"WebSite\",\"@id\":\"https:\/\/clesheo.pl\/#website\",\"url\":\"https:\/\/clesheo.pl\/\",\"name\":\"Clesheo\",\"description\":\"\",\"potentialAction\":[{\"@type\":\"SearchAction\",\"target\":{\"@type\":\"EntryPoint\",\"urlTemplate\":\"https:\/\/clesheo.pl\/?s={search_term_string}\"},\"query-input\":{\"@type\":\"PropertyValueSpecification\",\"valueRequired\":true,\"valueName\":\"search_term_string\"}}],\"inLanguage\":\"en-US\"}]}<\/script>\n<!-- \/ Yoast SEO plugin. -->","yoast_head_json":{"title":"Album dziecka G\u0105ski z imieniem na ok\u0142adce","description":"Album dziecka G\u0105ski z imieniem na ok\u0142adce dla ch\u0142opca i dziewczynki. Pierwszy pami\u0119tnik dziecka z wyznaczonymi miejscami na zapiski i zdj\u0119cia","robots":{"index":"index","follow":"follow","max-snippet":"max-snippet:-1","max-image-preview":"max-image-preview:large","max-video-preview":"max-video-preview:-1"},"canonical":"https:\/\/clesheo.pl\/en\/shop\/album-dziecka-gaski-z-imieniem-na-okladce\/","og_locale":"en_US","og_type":"article","og_title":"[:pl]Album dziecka G\u0105ski z imieniem na ok\u0142adce[:] - Clesheo","og_description":"Album dziecka G\u0105ski z imieniem na ok\u0142adce dla ch\u0142opca i dziewczynki. Pierwszy pami\u0119tnik dziecka z wyznaczonymi miejscami na zapiski i zdj\u0119cia","og_url":"https:\/\/clesheo.pl\/en\/shop\/album-dziecka-gaski-z-imieniem-na-okladce\/","og_site_name":"Clesheo","article_modified_time":"2025-05-24T05:02:39+00:00","og_image":[{"width":800,"height":1200,"url":"https:\/\/clesheo.pl\/wp-content\/uploads\/2021\/05\/Pami\u0119tnik-noworodka-g\u0105ski-Clesheo.jpg","type":"image\/jpeg"}],"twitter_card":"summary_large_image","twitter_misc":{"Est. reading time":"1 minute"},"schema":{"@context":"https:\/\/schema.org","@graph":[{"@type":"WebPage","@id":"https:\/\/clesheo.pl\/en\/shop\/album-dziecka-gaski-z-imieniem-na-okladce\/","url":"https:\/\/clesheo.pl\/en\/shop\/album-dziecka-gaski-z-imieniem-na-okladce\/","name":"Album dziecka G\u0105ski z imieniem na ok\u0142adce","isPartOf":{"@id":"https:\/\/clesheo.pl\/#website"},"primaryImageOfPage":{"@id":"https:\/\/clesheo.pl\/en\/shop\/album-dziecka-gaski-z-imieniem-na-okladce\/#primaryimage"},"image":{"@id":"https:\/\/clesheo.pl\/en\/shop\/album-dziecka-gaski-z-imieniem-na-okladce\/#primaryimage"},"thumbnailUrl":"https:\/\/clesheo.pl\/wp-content\/uploads\/2021\/05\/Pami\u0119tnik-noworodka-g\u0105ski-Clesheo.jpg","datePublished":"2021-05-17T06:56:04+00:00","dateModified":"2025-05-24T05:02:39+00:00","description":"Album dziecka G\u0105ski z imieniem na ok\u0142adce dla ch\u0142opca i dziewczynki. Pierwszy pami\u0119tnik dziecka z wyznaczonymi miejscami na zapiski i zdj\u0119cia","breadcrumb":{"@id":"https:\/\/clesheo.pl\/en\/shop\/album-dziecka-gaski-z-imieniem-na-okladce\/#breadcrumb"},"inLanguage":"en-US","potentialAction":[{"@type":"ReadAction","target":["https:\/\/clesheo.pl\/en\/shop\/album-dziecka-gaski-z-imieniem-na-okladce\/"]}]},{"@type":"ImageObject","inLanguage":"en-US","@id":"https:\/\/clesheo.pl\/en\/shop\/album-dziecka-gaski-z-imieniem-na-okladce\/#primaryimage","url":"https:\/\/clesheo.pl\/wp-content\/uploads\/2021\/05\/Pami\u0119tnik-noworodka-g\u0105ski-Clesheo.jpg","contentUrl":"https:\/\/clesheo.pl\/wp-content\/uploads\/2021\/05\/Pami\u0119tnik-noworodka-g\u0105ski-Clesheo.jpg","width":800,"height":1200,"caption":"Pami\u0119tnik noworodka g\u0105ski, album dziecka od narodzin, ksi\u0119ga maluszka"},{"@type":"BreadcrumbList","@id":"https:\/\/clesheo.pl\/en\/shop\/album-dziecka-gaski-z-imieniem-na-okladce\/#breadcrumb","itemListElement":[{"@type":"ListItem","position":1,"name":"Strona g\u0142\u00f3wna","item":"https:\/\/clesheo.pl\/"},{"@type":"ListItem","position":2,"name":"Sklep","item":"https:\/\/clesheo.pl\/sklep\/"},{"@type":"ListItem","position":3,"name":"Album dziecka G\u0105ski z imieniem na ok\u0142adce"}]},{"@type":"WebSite","@id":"https:\/\/clesheo.pl\/#website","url":"https:\/\/clesheo.pl\/","name":"Clesheo","description":"","potentialAction":[{"@type":"SearchAction","target":{"@type":"EntryPoint","urlTemplate":"https:\/\/clesheo.pl\/?s={search_term_string}"},"query-input":{"@type":"PropertyValueSpecification","valueRequired":true,"valueName":"search_term_string"}}],"inLanguage":"en-US"}]}},"_links":{"self":[{"href":"https:\/\/clesheo.pl\/en\/wp-json\/wp\/v2\/product\/12205","targetHints":{"allow":["GET"]}}],"collection":[{"href":"https:\/\/clesheo.pl\/en\/wp-json\/wp\/v2\/product"}],"about":[{"href":"https:\/\/clesheo.pl\/en\/wp-json\/wp\/v2\/types\/product"}],"replies":[{"embeddable":true,"href":"https:\/\/clesheo.pl\/en\/wp-json\/wp\/v2\/comments?post=12205"}],"wp:featuredmedia":[{"embeddable":true,"href":"https:\/\/clesheo.pl\/en\/wp-json\/wp\/v2\/media\/12792"}],"wp:attachment":[{"href":"https:\/\/clesheo.pl\/en\/wp-json\/wp\/v2\/media?parent=12205"}],"wp:term":[{"taxonomy":"product_brand","embeddable":true,"href":"https:\/\/clesheo.pl\/en\/wp-json\/wp\/v2\/product_brand?post=12205"},{"taxonomy":"product_cat","embeddable":true,"href":"https:\/\/clesheo.pl\/en\/wp-json\/wp\/v2\/product_cat?post=12205"},{"taxonomy":"product_tag","embeddable":true,"href":"https:\/\/clesheo.pl\/en\/wp-json\/wp\/v2\/product_tag?post=12205"}],"curies":[{"name":"wp","href":"https:\/\/api.w.org\/{rel}","templated":true}]}}