{"id":12251,"date":"2021-05-21T10:08:57","date_gmt":"2021-05-21T08:08:57","guid":{"rendered":"https:\/\/clesheo.pl\/?post_type=product&#038;p=12251"},"modified":"2024-08-05T13:15:03","modified_gmt":"2024-08-05T11:15:03","slug":"album-dla-dziewczynki-z-metryczka-clesheo","status":"publish","type":"product","link":"https:\/\/clesheo.pl\/en\/shop\/album-dla-dziewczynki-z-metryczka-clesheo\/","title":{"rendered":"Album dla dziewczynki z metryczk\u0105"},"content":{"rendered":"<h5>Album dla dziewczynki z metryczk\u0105 na ok\u0142adce.<\/h5>\n<h5>Kolor oprawy<\/h5>\n<p>Elegancka, p\u0142\u00f3cienna ok\u0142adka albumu w kolorze jasnego, delikatnego r\u00f3\u017cu.<\/p>\n<h5>Ok\u0142adka z personalizowanym nadrukiem<\/h5>\n<p>Na ok\u0142adce pod imieniem dziecka zostan\u0105 nadrukowane podstawowe informacje dotycz\u0105ce narodzin: dat\u0119 urodzenia, godzin\u0119, wag\u0119 oraz d\u0142ugo\u015b\u0107 dziecka. Nadruk wykonujemy technik\u0105 UV.<\/p>\n<h5>Wn\u0119trze albumu<\/h5>\n<p>Album dla dziewczynki mo\u017ce zawiera\u0107 od 40 do 100 stron. Karty oddzielone s\u0105 od siebie ozdobnym pergaminem, kt\u00f3ry ma za zadanie <b>chroni\u0107 zdj\u0119cia<\/b> przed zniszczeniem w trakcie u\u017cytkowania. \u00a0Albumy wykonujemy z materia\u0142\u00f3w, kt\u00f3re gwarantuj\u0105 wieloletnie u\u017cytkowanie, nawet wtedy, gdy zdj\u0119cia przegl\u0105damy bardzo cz\u0119sto.<\/p>\n<p>W zale\u017cno\u015bci od tego ile zdj\u0119\u0107 chcesz wklei\u0107 do swojego albumu zdecyduj, czy b\u0119dzie zawiera\u0142 40, 60 czy 100 stron. Je\u015bli interesuje Ci\u0119 inna liczba kart napisz do nas aby otrzyma\u0107 wycen\u0119 \ud83d\ude42<\/p>\n<p><!--more--><\/p>\n<h5>Rozmiar<\/h5>\n<p>30cm x 30cm zapewnia wiele miejsca na zdj\u0119cia w r\u00f3\u017cnych formatach. Przyk\u0142adowe formaty odbitek, kt\u00f3re b\u0119d\u0105 \u015bwietnie prezentowa\u0107 si\u0119 w albumie: <b>9\u00d713, 10&#215;15, 13\u00d718, 13&#215;20, 15\u00d720, 15\u00d723,\u00a0 18\u00d724, 20\u00d725<\/b><\/p>\n<h5>Album na zdj\u0119cia jako prezent<\/h5>\n<p>Nasze albumy wykonujemy w Polsce, do ka\u017cdego zam\u00f3wienia podchodzimy z najwi\u0119ksz\u0105 staranno\u015bci\u0105 i dba\u0142o\u015bci\u0105 o najmniejszy szczeg\u00f3\u0142. Dzi\u0119ki temu nasze albumy oraz kroniki mog\u0105 by\u0107 wspania\u0142ymi prezentami z okazji przyj\u0119cia Baby Shower, narodzin dziecka, Chrztu, urodzin i wielu innych wa\u017cnych uroczysto\u015bci.<\/p>\n<p>W czasach, gdy ka\u017cdy z nas nosi w kieszeni lub torebce aparat fotograficzny w postaci smartfona, album maluszka od Clesheo to praktyczne\u00a0 i ciesz\u0105ce oko rozwi\u0105zania, kt\u00f3re niew\u0105tpliwie b\u0119dzie r\u00f3wnie\u017c urocz\u0105 dekoracj\u0105 w pokoju dziecka.<\/p>\n<h5>Zwroty<\/h5>\n<p>Poniewa\u017c nasze albumy posiadaj\u0105 personalizowane ok\u0142adki, wykonywane s\u0105 na zam\u00f3wienie. W zwi\u0105zku z tym, nie podlegaj\u0105 zwrotom. Prosimy o dokonywanie przemy\u015blanych zam\u00f3wie\u0144.<\/p>\n<p>Zobacz te\u017c inne albumy na zdj\u0119cia dost\u0119pne w naszym sklepie:<\/p>\n<blockquote class=\"wp-embedded-content\" data-secret=\"nYAqPNlr0f\"><p><a href=\"https:\/\/clesheo.pl\/shop\/album-na-zdjecia-z-metryczka-dla-dziecka-w-oprawie-plociennej-personalizowany\/\">Album na zdj\u0119cia z metryczk\u0105<\/a><\/p><\/blockquote>\n<p><iframe class=\"wp-embedded-content lazyload\" sandbox=\"allow-scripts\" security=\"restricted\" style=\"position: absolute; clip: rect(1px, 1px, 1px, 1px);\" title=\"&#8222;Album na zdj\u0119cia z metryczk\u0105&#8221; &#8212; Clesheo\" data-src=\"https:\/\/clesheo.pl\/shop\/album-na-zdjecia-z-metryczka-dla-dziecka-w-oprawie-plociennej-personalizowany\/embed\/#?secret=nYAqPNlr0f\" data-secret=\"nYAqPNlr0f\" width=\"600\" height=\"338\" frameborder=\"0\" marginwidth=\"0\" marginheight=\"0\" scrolling=\"no\" src=\"data:image\/svg+xml;base64,PHN2ZyB3aWR0aD0iMSIgaGVpZ2h0PSIxIiB4bWxucz0iaHR0cDovL3d3dy53My5vcmcvMjAwMC9zdmciPjwvc3ZnPg==\" data-load-mode=\"1\"><\/iframe><\/p>\n<p><a href=\"https:\/\/clesheo.pl\/product-category\/albumy-na-zdjecia\/\">https:\/\/clesheo.pl\/product-category\/albumy-na-zdjecia\/<\/a><\/p>\n<p>Metryczka w formie plakatu:<\/p>\n<p><a href=\"https:\/\/clesheo.pl\/shop\/metryczka-dla-dziecka\/\"><img decoding=\"async\" class=\"alignnone wp-image-11737 size-medium lazyload\" data-src=\"https:\/\/clesheo.pl\/wp-content\/uploads\/2021\/01\/metryczka-wianek-2-300x200.jpg\" alt=\"\" width=\"300\" height=\"200\" data-srcset=\"https:\/\/clesheo.pl\/wp-content\/uploads\/2021\/01\/metryczka-wianek-2-300x200.jpg 300w, https:\/\/clesheo.pl\/wp-content\/uploads\/2021\/01\/metryczka-wianek-2-1024x683.jpg 1024w, https:\/\/clesheo.pl\/wp-content\/uploads\/2021\/01\/metryczka-wianek-2-768x513.jpg 768w, https:\/\/clesheo.pl\/wp-content\/uploads\/2021\/01\/metryczka-wianek-2-1536x1025.jpg 1536w, https:\/\/clesheo.pl\/wp-content\/uploads\/2021\/01\/metryczka-wianek-2-2048x1367.jpg 2048w, https:\/\/clesheo.pl\/wp-content\/uploads\/2021\/01\/metryczka-wianek-2-600x400.jpg 600w\" data-sizes=\"(max-width: 300px) 100vw, 300px\" src=\"data:image\/svg+xml;base64,PHN2ZyB3aWR0aD0iMSIgaGVpZ2h0PSIxIiB4bWxucz0iaHR0cDovL3d3dy53My5vcmcvMjAwMC9zdmciPjwvc3ZnPg==\" style=\"--smush-placeholder-width: 300px; --smush-placeholder-aspect-ratio: 300\/200;\" \/><\/a><\/p>\n<p>&nbsp;<\/p>\n<p>&nbsp;<\/p>\n<p>Masz ju\u017c album &#8211; pora zrobi\u0107 pi\u0119kne zdj\u0119cia!<\/p>\n<p>Polecamy:<\/p>\n<div id=\"attachment_11832\" style=\"width: 310px\"  class=\"wp-caption alignnone\"><a href=\"https:\/\/kuchtafotografia.pl\/sesjeswiateczne\/\"><img decoding=\"async\" class=\"wp-image-11832 size-medium lazyload\" data-src=\"https:\/\/clesheo.pl\/wp-content\/uploads\/2021\/02\/young-couple-with-baby-daughter-park-1-300x200.jpg\" alt=\"kuchta fotografia\" width=\"300\" height=\"200\" data-srcset=\"https:\/\/clesheo.pl\/wp-content\/uploads\/2021\/02\/young-couple-with-baby-daughter-park-1-300x200.jpg 300w, https:\/\/clesheo.pl\/wp-content\/uploads\/2021\/02\/young-couple-with-baby-daughter-park-1-1024x683.jpg 1024w, https:\/\/clesheo.pl\/wp-content\/uploads\/2021\/02\/young-couple-with-baby-daughter-park-1-768x512.jpg 768w, https:\/\/clesheo.pl\/wp-content\/uploads\/2021\/02\/young-couple-with-baby-daughter-park-1-1536x1024.jpg 1536w, https:\/\/clesheo.pl\/wp-content\/uploads\/2021\/02\/young-couple-with-baby-daughter-park-1-2048x1365.jpg 2048w, https:\/\/clesheo.pl\/wp-content\/uploads\/2021\/02\/young-couple-with-baby-daughter-park-1-600x400.jpg 600w\" data-sizes=\"(max-width: 300px) 100vw, 300px\" src=\"data:image\/svg+xml;base64,PHN2ZyB3aWR0aD0iMSIgaGVpZ2h0PSIxIiB4bWxucz0iaHR0cDovL3d3dy53My5vcmcvMjAwMC9zdmciPjwvc3ZnPg==\" style=\"--smush-placeholder-width: 300px; --smush-placeholder-aspect-ratio: 300\/200;\" \/><\/a><p class=\"wp-caption-text\">www.kuchtafotografia.pl<\/p><\/div>\n","protected":false},"excerpt":{"rendered":"<p>Album dla dziewczynki z metryczk\u0105 na ok\u0142adce, w oprawie p\u0142\u00f3ciennej, 40, 60 lub 100 stron przek\u0142adanych fakturowanym pergaminem. Dane do metryczki wpisz w polach poni\u017cej.<\/p>\n<p>Album na zdj\u0119cia wklejane, rozmiar 30cm x 30 cm<\/p>\n<p>&nbsp;<\/p>\n","protected":false},"featured_media":12253,"comment_status":"open","ping_status":"closed","template":"","meta":[],"product_brand":[],"product_cat":[51],"product_tag":[229,303,232,154,386,257,259,260,262,255,236,298,265,258,261,256,240,264,123,385,288,384,383,381,263,122,159,382,53,56],"class_list":{"0":"post-12251","1":"product","2":"type-product","3":"status-publish","4":"has-post-thumbnail","6":"product_cat-personalizowany-album-na-zdjecia","7":"product_tag-album-dla-dziecka","8":"product_tag-album-dla-dziewczynki-z-metryczka","9":"product_tag-album-dla-noworodka","10":"product_tag-album-dziecka","11":"product_tag-album-maluszka","12":"product_tag-album-na-zdjecia-10x15","13":"product_tag-album-na-zdjecia-dla-dzieci","14":"product_tag-album-na-zdjecia-dziecka","15":"product_tag-album-na-zdjecia-personalizowany","16":"product_tag-album-na-zdjecia-wklejane","17":"product_tag-album-wspomnien-dziecka","18":"product_tag-album-z-pergaminem","19":"product_tag-albumy-do-wklejania-zdjec","20":"product_tag-albumy-na-zdjecia-10x15","21":"product_tag-albumy-na-zdjecia-personalizowane","22":"product_tag-albumy-na-zdjecia-wklejane","23":"product_tag-albumy-na-zdjecia","24":"product_tag-albumy","25":"product_tag-clesheo","26":"product_tag-hey-baby","27":"product_tag-metryczka","28":"product_tag-moj-pierwszy-album","29":"product_tag-moj-pierwszy-rok","30":"product_tag-oh-baby-album","31":"product_tag-personalizowany-album-na-zdjecia","32":"product_tag-pierwszy-album-dziecka","33":"product_tag-prezent-na-chrzest","34":"product_tag-twoja-historia-kochanie","35":"product_tag-album","36":"product_tag-album-na-zdjecia","38":"first","39":"instock","40":"shipping-taxable","41":"purchasable","42":"product-type-variable"},"yoast_head":"<!-- This site is optimized with the Yoast SEO plugin v23.6 - https:\/\/yoast.com\/wordpress\/plugins\/seo\/ -->\n<title>Album na zdj\u0119cia dziecka z metryczk\u0105 dla dziewczynki - Clesheo<\/title>\n<meta name=\"description\" content=\"Album dla dziewczynki z metryczk\u0105 na ok\u0142adce, w oprawie p\u0142\u00f3ciennej, 40, 60 lub 100 stron przek\u0142adanych fakturowanym pergaminem. Elegancka, p\u0142\u00f3cienna ok\u0142adka albumu mo\u017ce mie\u0107 kilka opcji kolorystycznych.\" \/>\n<meta name=\"robots\" content=\"index, follow, max-snippet:-1, max-image-preview:large, max-video-preview:-1\" \/>\n<link rel=\"canonical\" href=\"https:\/\/clesheo.pl\/en\/shop\/album-dla-dziewczynki-z-metryczka-clesheo\/\" \/>\n<meta property=\"og:locale\" content=\"en_US\" \/>\n<meta property=\"og:locale:alternate\" content=\"pl_PL\" \/>\n<meta property=\"og:type\" content=\"article\" \/>\n<meta property=\"og:title\" content=\"Album na zdj\u0119cia dziecka z metryczk\u0105 dla dziewczynki - Clesheo\" \/>\n<meta property=\"og:description\" content=\"Album dla dziewczynki z metryczk\u0105 na ok\u0142adce, w oprawie p\u0142\u00f3ciennej, 40, 60 lub 100 stron przek\u0142adanych fakturowanym pergaminem. Elegancka, p\u0142\u00f3cienna ok\u0142adka albumu mo\u017ce mie\u0107 kilka opcji kolorystycznych.\" \/>\n<meta property=\"og:url\" content=\"https:\/\/clesheo.pl\/en\/shop\/album-dla-dziewczynki-z-metryczka-clesheo\/\" \/>\n<meta property=\"og:site_name\" content=\"Clesheo\" \/>\n<meta property=\"article:modified_time\" content=\"2024-08-05T11:15:03+00:00\" \/>\n<meta property=\"og:image\" content=\"https:\/\/clesheo.pl\/wp-content\/uploads\/2021\/05\/Album-klasyczny-na-zdj\u0119cia-z-metryczk\u0105-dla-dziewczynki-scaled.jpg\" \/>\n\t<meta property=\"og:image:width\" content=\"1742\" \/>\n\t<meta property=\"og:image:height\" content=\"2560\" \/>\n\t<meta property=\"og:image:type\" content=\"image\/jpeg\" \/>\n<meta name=\"twitter:card\" content=\"summary_large_image\" \/>\n<meta name=\"twitter:label1\" content=\"Est. reading time\" \/>\n\t<meta name=\"twitter:data1\" content=\"3 minutes\" \/>\n<script type=\"application\/ld+json\" class=\"yoast-schema-graph\">{\"@context\":\"https:\/\/schema.org\",\"@graph\":[{\"@type\":\"WebPage\",\"@id\":\"https:\/\/clesheo.pl\/shop\/album-dla-dziewczynki-z-metryczka-clesheo\/\",\"url\":\"https:\/\/clesheo.pl\/shop\/album-dla-dziewczynki-z-metryczka-clesheo\/\",\"name\":\"Album na zdj\u0119cia dziecka z metryczk\u0105 dla dziewczynki - Clesheo\",\"isPartOf\":{\"@id\":\"https:\/\/clesheo.pl\/#website\"},\"primaryImageOfPage\":{\"@id\":\"https:\/\/clesheo.pl\/shop\/album-dla-dziewczynki-z-metryczka-clesheo\/#primaryimage\"},\"image\":{\"@id\":\"https:\/\/clesheo.pl\/shop\/album-dla-dziewczynki-z-metryczka-clesheo\/#primaryimage\"},\"thumbnailUrl\":\"https:\/\/clesheo.pl\/wp-content\/uploads\/2021\/05\/Album-klasyczny-na-zdj\u0119cia-z-metryczk\u0105-dla-dziewczynki-scaled.jpg\",\"datePublished\":\"2021-05-21T08:08:57+00:00\",\"dateModified\":\"2024-08-05T11:15:03+00:00\",\"description\":\"Album dla dziewczynki z metryczk\u0105 na ok\u0142adce, w oprawie p\u0142\u00f3ciennej, 40, 60 lub 100 stron przek\u0142adanych fakturowanym pergaminem. Elegancka, p\u0142\u00f3cienna ok\u0142adka albumu mo\u017ce mie\u0107 kilka opcji kolorystycznych.\",\"breadcrumb\":{\"@id\":\"https:\/\/clesheo.pl\/shop\/album-dla-dziewczynki-z-metryczka-clesheo\/#breadcrumb\"},\"inLanguage\":\"en-US\",\"potentialAction\":[{\"@type\":\"ReadAction\",\"target\":[\"https:\/\/clesheo.pl\/shop\/album-dla-dziewczynki-z-metryczka-clesheo\/\"]}]},{\"@type\":\"ImageObject\",\"inLanguage\":\"en-US\",\"@id\":\"https:\/\/clesheo.pl\/shop\/album-dla-dziewczynki-z-metryczka-clesheo\/#primaryimage\",\"url\":\"https:\/\/clesheo.pl\/wp-content\/uploads\/2021\/05\/Album-klasyczny-na-zdj\u0119cia-z-metryczk\u0105-dla-dziewczynki-scaled.jpg\",\"contentUrl\":\"https:\/\/clesheo.pl\/wp-content\/uploads\/2021\/05\/Album-klasyczny-na-zdj\u0119cia-z-metryczk\u0105-dla-dziewczynki-scaled.jpg\",\"width\":1742,\"height\":2560,\"caption\":\"Album dla dziecka z metryczk\u0105\"},{\"@type\":\"BreadcrumbList\",\"@id\":\"https:\/\/clesheo.pl\/shop\/album-dla-dziewczynki-z-metryczka-clesheo\/#breadcrumb\",\"itemListElement\":[{\"@type\":\"ListItem\",\"position\":1,\"name\":\"Strona g\u0142\u00f3wna\",\"item\":\"https:\/\/clesheo.pl\/\"},{\"@type\":\"ListItem\",\"position\":2,\"name\":\"Sklep\",\"item\":\"https:\/\/clesheo.pl\/sklep\/\"},{\"@type\":\"ListItem\",\"position\":3,\"name\":\"Album dla dziewczynki z metryczk\u0105\"}]},{\"@type\":\"WebSite\",\"@id\":\"https:\/\/clesheo.pl\/#website\",\"url\":\"https:\/\/clesheo.pl\/\",\"name\":\"Clesheo\",\"description\":\"\",\"potentialAction\":[{\"@type\":\"SearchAction\",\"target\":{\"@type\":\"EntryPoint\",\"urlTemplate\":\"https:\/\/clesheo.pl\/?s={search_term_string}\"},\"query-input\":{\"@type\":\"PropertyValueSpecification\",\"valueRequired\":true,\"valueName\":\"search_term_string\"}}],\"inLanguage\":\"en-US\"}]}<\/script>\n<!-- \/ Yoast SEO plugin. -->","yoast_head_json":{"title":"Album na zdj\u0119cia dziecka z metryczk\u0105 dla dziewczynki - Clesheo","description":"Album dla dziewczynki z metryczk\u0105 na ok\u0142adce, w oprawie p\u0142\u00f3ciennej, 40, 60 lub 100 stron przek\u0142adanych fakturowanym pergaminem. Elegancka, p\u0142\u00f3cienna ok\u0142adka albumu mo\u017ce mie\u0107 kilka opcji kolorystycznych.","robots":{"index":"index","follow":"follow","max-snippet":"max-snippet:-1","max-image-preview":"max-image-preview:large","max-video-preview":"max-video-preview:-1"},"canonical":"https:\/\/clesheo.pl\/en\/shop\/album-dla-dziewczynki-z-metryczka-clesheo\/","og_locale":"en_US","og_type":"article","og_title":"Album na zdj\u0119cia dziecka z metryczk\u0105 dla dziewczynki - Clesheo","og_description":"Album dla dziewczynki z metryczk\u0105 na ok\u0142adce, w oprawie p\u0142\u00f3ciennej, 40, 60 lub 100 stron przek\u0142adanych fakturowanym pergaminem. Elegancka, p\u0142\u00f3cienna ok\u0142adka albumu mo\u017ce mie\u0107 kilka opcji kolorystycznych.","og_url":"https:\/\/clesheo.pl\/en\/shop\/album-dla-dziewczynki-z-metryczka-clesheo\/","og_site_name":"Clesheo","article_modified_time":"2024-08-05T11:15:03+00:00","og_image":[{"width":1742,"height":2560,"url":"https:\/\/clesheo.pl\/wp-content\/uploads\/2021\/05\/Album-klasyczny-na-zdj\u0119cia-z-metryczk\u0105-dla-dziewczynki-scaled.jpg","type":"image\/jpeg"}],"twitter_card":"summary_large_image","twitter_misc":{"Est. reading time":"3 minutes"},"schema":{"@context":"https:\/\/schema.org","@graph":[{"@type":"WebPage","@id":"https:\/\/clesheo.pl\/shop\/album-dla-dziewczynki-z-metryczka-clesheo\/","url":"https:\/\/clesheo.pl\/shop\/album-dla-dziewczynki-z-metryczka-clesheo\/","name":"Album na zdj\u0119cia dziecka z metryczk\u0105 dla dziewczynki - Clesheo","isPartOf":{"@id":"https:\/\/clesheo.pl\/#website"},"primaryImageOfPage":{"@id":"https:\/\/clesheo.pl\/shop\/album-dla-dziewczynki-z-metryczka-clesheo\/#primaryimage"},"image":{"@id":"https:\/\/clesheo.pl\/shop\/album-dla-dziewczynki-z-metryczka-clesheo\/#primaryimage"},"thumbnailUrl":"https:\/\/clesheo.pl\/wp-content\/uploads\/2021\/05\/Album-klasyczny-na-zdj\u0119cia-z-metryczk\u0105-dla-dziewczynki-scaled.jpg","datePublished":"2021-05-21T08:08:57+00:00","dateModified":"2024-08-05T11:15:03+00:00","description":"Album dla dziewczynki z metryczk\u0105 na ok\u0142adce, w oprawie p\u0142\u00f3ciennej, 40, 60 lub 100 stron przek\u0142adanych fakturowanym pergaminem. Elegancka, p\u0142\u00f3cienna ok\u0142adka albumu mo\u017ce mie\u0107 kilka opcji kolorystycznych.","breadcrumb":{"@id":"https:\/\/clesheo.pl\/shop\/album-dla-dziewczynki-z-metryczka-clesheo\/#breadcrumb"},"inLanguage":"en-US","potentialAction":[{"@type":"ReadAction","target":["https:\/\/clesheo.pl\/shop\/album-dla-dziewczynki-z-metryczka-clesheo\/"]}]},{"@type":"ImageObject","inLanguage":"en-US","@id":"https:\/\/clesheo.pl\/shop\/album-dla-dziewczynki-z-metryczka-clesheo\/#primaryimage","url":"https:\/\/clesheo.pl\/wp-content\/uploads\/2021\/05\/Album-klasyczny-na-zdj\u0119cia-z-metryczk\u0105-dla-dziewczynki-scaled.jpg","contentUrl":"https:\/\/clesheo.pl\/wp-content\/uploads\/2021\/05\/Album-klasyczny-na-zdj\u0119cia-z-metryczk\u0105-dla-dziewczynki-scaled.jpg","width":1742,"height":2560,"caption":"Album dla dziecka z metryczk\u0105"},{"@type":"BreadcrumbList","@id":"https:\/\/clesheo.pl\/shop\/album-dla-dziewczynki-z-metryczka-clesheo\/#breadcrumb","itemListElement":[{"@type":"ListItem","position":1,"name":"Strona g\u0142\u00f3wna","item":"https:\/\/clesheo.pl\/"},{"@type":"ListItem","position":2,"name":"Sklep","item":"https:\/\/clesheo.pl\/sklep\/"},{"@type":"ListItem","position":3,"name":"Album dla dziewczynki z metryczk\u0105"}]},{"@type":"WebSite","@id":"https:\/\/clesheo.pl\/#website","url":"https:\/\/clesheo.pl\/","name":"Clesheo","description":"","potentialAction":[{"@type":"SearchAction","target":{"@type":"EntryPoint","urlTemplate":"https:\/\/clesheo.pl\/?s={search_term_string}"},"query-input":{"@type":"PropertyValueSpecification","valueRequired":true,"valueName":"search_term_string"}}],"inLanguage":"en-US"}]}},"_links":{"self":[{"href":"https:\/\/clesheo.pl\/en\/wp-json\/wp\/v2\/product\/12251","targetHints":{"allow":["GET"]}}],"collection":[{"href":"https:\/\/clesheo.pl\/en\/wp-json\/wp\/v2\/product"}],"about":[{"href":"https:\/\/clesheo.pl\/en\/wp-json\/wp\/v2\/types\/product"}],"replies":[{"embeddable":true,"href":"https:\/\/clesheo.pl\/en\/wp-json\/wp\/v2\/comments?post=12251"}],"wp:featuredmedia":[{"embeddable":true,"href":"https:\/\/clesheo.pl\/en\/wp-json\/wp\/v2\/media\/12253"}],"wp:attachment":[{"href":"https:\/\/clesheo.pl\/en\/wp-json\/wp\/v2\/media?parent=12251"}],"wp:term":[{"taxonomy":"product_brand","embeddable":true,"href":"https:\/\/clesheo.pl\/en\/wp-json\/wp\/v2\/product_brand?post=12251"},{"taxonomy":"product_cat","embeddable":true,"href":"https:\/\/clesheo.pl\/en\/wp-json\/wp\/v2\/product_cat?post=12251"},{"taxonomy":"product_tag","embeddable":true,"href":"https:\/\/clesheo.pl\/en\/wp-json\/wp\/v2\/product_tag?post=12251"}],"curies":[{"name":"wp","href":"https:\/\/api.w.org\/{rel}","templated":true}]}}