{"id":12325,"date":"2021-06-30T13:23:13","date_gmt":"2021-06-30T11:23:13","guid":{"rendered":"https:\/\/clesheo.pl\/?post_type=product&#038;p=12325"},"modified":"2024-08-05T13:22:20","modified_gmt":"2024-08-05T11:22:20","slug":"album-na-pierwsze-urodziny","status":"publish","type":"product","link":"https:\/\/clesheo.pl\/en\/shop\/album-na-pierwsze-urodziny\/","title":{"rendered":"Album na pierwsze urodziny"},"content":{"rendered":"<p>Album na pierwsze urodziny<\/p>\n<p>Klasyczny album na zdj\u0119cia wklejane, w p\u0142\u00f3ciennej ok\u0142adce, z personalizowanym nadrukiem.<\/p>\n<h5>KOLOR OPRAWY<\/h5>\n<p>Elegancka, p\u0142\u00f3cienna ok\u0142adka albumu wyst\u0119puje w kilku opcjach kolorystycznych. Wybrane przez nas kolory p\u0142\u00f3tna s\u0105 odpowiednie zar\u00f3wno dla ch\u0142opc\u00f3w jak i dziewczynek. Znajdziesz tu kolory ziemi, pastele, r\u00f3\u017cne faktury i sploty. Znajd\u017a sw\u00f3j ulubiony odcie\u0144 na palecie w galerii a nast\u0119pnie wybierz go z rozwijanej listy na g\u00f3rze strony. Aby m\u00f3c przyjrze\u0107 si\u0119 dok\u0142adniej fakturze materia\u0142u najed\u017a kursorem na interesuj\u0105ce Ci\u0119 p\u0142\u00f3tno.<\/p>\n<h5>OK\u0141ADKA Z PERSONALIZOWANYM NADRUKIEM<\/h5>\n<p>Na ok\u0142adce opr\u00f3cz imienia dziecka umie\u015bcimy dat\u0119 pierwszych urodzin maluszka. Nadruk wykonujemy technik\u0105 UV.<\/p>\n<h5>WN\u0118TRZE ALBUMU<\/h5>\n<p>Album na pierwsze urodziny zawiera 20 kart (40 stron), kt\u00f3re oddzielone s\u0105 od siebie pi\u0119knym, fakturowanym pergaminem. Pergamin\u00a0 <b>chroni zdj\u0119cia<\/b>\u00a0i dodaje albumowi szyku. \u00a0Albumy wykonujemy z materia\u0142\u00f3w, kt\u00f3re gwarantuj\u0105 wieloletnie u\u017cytkowanie, nawet wtedy, gdy zdj\u0119cia przegl\u0105damy bardzo cz\u0119sto.<\/p>\n<h5>ROZMIAR<\/h5>\n<p>Du\u017cy rozmiar: 30cm x 30cm zapewnia wiele miejsca na zdj\u0119cia w r\u00f3\u017cnych formatach. Strony pomieszcz\u0105 odbitki w formacie maksymalnie do 15\u00d721cm. Na ka\u017cdej stronie mo\u017cemy wklei\u0107 od jednego do kilku zdj\u0119\u0107 (w zale\u017cno\u015bci od rozmiaru odbitek)<\/p>\n<h5>ALBUM NA ZDJ\u0118CIA JAKO PREZENT<\/h5>\n<p>Nasze albumy wykonujemy, z ogromn\u0105 dba\u0142o\u015bci\u0105 o najmniejszy szczeg\u00f3\u0142. Dzi\u0119ki temu mog\u0105 by\u0107 one \u015bwietnym pomys\u0142em na prezenty z okazji przyj\u0119cia Baby Shower, narodzin dziecka, Chrztu, urodzin i wielu innych.<\/p>\n<p>W czasach, gdy ka\u017cdy z nas nosi w kieszeni lub torebce aparat fotograficzny w postaci smartfona, albumy na zdj\u0119cia Clesheo to praktyczne\u00a0 i ciesz\u0105ce oko rozwi\u0105zania.<\/p>\n<h5>ZWROTY<\/h5>\n<p>Poniewa\u017c nasze albumy posiadaj\u0105 personalizowane ok\u0142adki, wykonywane s\u0105 na zam\u00f3wienie. W zwi\u0105zku z tym, nie podlegaj\u0105 zwrotom. Prosimy o dokonywanie przemy\u015blanych zam\u00f3wie\u0144.<\/p>\n<p>Zobacz te\u017c inne albumy na zdj\u0119cia dost\u0119pne w naszym sklepie:<\/p>\n<p><a href=\"https:\/\/clesheo.pl\/product-category\/albumy-na-zdjecia\/\">https:\/\/clesheo.pl\/product-category\/albumy-na-zdjecia\/<\/a><\/p>\n<p>Album na zdj\u0119cia z metryczk\u0105 na ok\u0142adce<\/p>\n<p><a href=\"https:\/\/clesheo.pl\/shop\/album-metryczka\/\">https:\/\/clesheo.pl\/shop\/album-metryczka\/<\/a><\/p>\n<p>&nbsp;<\/p>\n","protected":false},"excerpt":{"rendered":"<p>Album na pierwsze urodziny<\/p>\n<p>Du\u017cy klasyczny album na zdj\u0119cia wklejane, w p\u0142\u00f3ciennej ok\u0142adce, z personalizowanym nadrukiem.<\/p>\n<p>Rozmiar: 30&#215;30 cm<\/p>\n<p>&nbsp;<\/p>\n","protected":false},"featured_media":12326,"comment_status":"open","ping_status":"closed","template":"","meta":[],"product_brand":[],"product_cat":[51,52],"product_tag":[238,229,308,306,305,307,56,57,58],"class_list":{"0":"post-12325","1":"product","2":"type-product","3":"status-publish","4":"has-post-thumbnail","6":"product_cat-personalizowany-album-na-zdjecia","7":"product_cat-album-tradycyjny","8":"product_tag-album-dla-chlopca","9":"product_tag-album-dla-dziecka","10":"product_tag-album-lniany","11":"product_tag-pierwsze-urodziny","12":"product_tag-pomysl-na-prezent-dla-dziecka","13":"product_tag-prezent-na-roczek","14":"product_tag-album-na-zdjecia","15":"product_tag-prezent-dla-dziecka","16":"product_tag-prezent-na-urodziny","18":"first","19":"instock","20":"shipping-taxable","21":"purchasable","22":"product-type-variable"},"yoast_head":"<!-- This site is optimized with the Yoast SEO plugin v23.6 - https:\/\/yoast.com\/wordpress\/plugins\/seo\/ -->\n<title>Album na pierwsze urodziny - Clesheo<\/title>\n<meta name=\"description\" content=\"Album na pierwsze urodziny. Klasyczny album na zdj\u0119cia wklejane, w p\u0142\u00f3ciennej ok\u0142adce, z personalizowanym nadrukiem.\" \/>\n<meta name=\"robots\" content=\"index, follow, max-snippet:-1, max-image-preview:large, max-video-preview:-1\" \/>\n<link rel=\"canonical\" href=\"https:\/\/clesheo.pl\/en\/shop\/album-na-pierwsze-urodziny\/\" \/>\n<meta property=\"og:locale\" content=\"en_US\" \/>\n<meta property=\"og:locale:alternate\" content=\"pl_PL\" \/>\n<meta property=\"og:type\" content=\"article\" \/>\n<meta property=\"og:title\" content=\"Album na pierwsze urodziny - Clesheo\" \/>\n<meta property=\"og:description\" content=\"Album na pierwsze urodziny. Klasyczny album na zdj\u0119cia wklejane, w p\u0142\u00f3ciennej ok\u0142adce, z personalizowanym nadrukiem.\" \/>\n<meta property=\"og:url\" content=\"https:\/\/clesheo.pl\/en\/shop\/album-na-pierwsze-urodziny\/\" \/>\n<meta property=\"og:site_name\" content=\"Clesheo\" \/>\n<meta property=\"article:modified_time\" content=\"2024-08-05T11:22:20+00:00\" \/>\n<meta property=\"og:image\" content=\"https:\/\/clesheo.pl\/wp-content\/uploads\/2021\/06\/Album-pierwsze-urodziny-2-of-6-scaled.jpg\" \/>\n\t<meta property=\"og:image:width\" content=\"1707\" \/>\n\t<meta property=\"og:image:height\" content=\"2560\" \/>\n\t<meta property=\"og:image:type\" content=\"image\/jpeg\" \/>\n<meta name=\"twitter:card\" content=\"summary_large_image\" \/>\n<meta name=\"twitter:label1\" content=\"Est. reading time\" \/>\n\t<meta name=\"twitter:data1\" content=\"2 minutes\" \/>\n<script type=\"application\/ld+json\" class=\"yoast-schema-graph\">{\"@context\":\"https:\/\/schema.org\",\"@graph\":[{\"@type\":\"WebPage\",\"@id\":\"https:\/\/clesheo.pl\/shop\/album-na-pierwsze-urodziny\/\",\"url\":\"https:\/\/clesheo.pl\/shop\/album-na-pierwsze-urodziny\/\",\"name\":\"Album na pierwsze urodziny - Clesheo\",\"isPartOf\":{\"@id\":\"https:\/\/clesheo.pl\/#website\"},\"primaryImageOfPage\":{\"@id\":\"https:\/\/clesheo.pl\/shop\/album-na-pierwsze-urodziny\/#primaryimage\"},\"image\":{\"@id\":\"https:\/\/clesheo.pl\/shop\/album-na-pierwsze-urodziny\/#primaryimage\"},\"thumbnailUrl\":\"https:\/\/clesheo.pl\/wp-content\/uploads\/2021\/06\/Album-pierwsze-urodziny-2-of-6-scaled.jpg\",\"datePublished\":\"2021-06-30T11:23:13+00:00\",\"dateModified\":\"2024-08-05T11:22:20+00:00\",\"description\":\"Album na pierwsze urodziny. Klasyczny album na zdj\u0119cia wklejane, w p\u0142\u00f3ciennej ok\u0142adce, z personalizowanym nadrukiem.\",\"breadcrumb\":{\"@id\":\"https:\/\/clesheo.pl\/shop\/album-na-pierwsze-urodziny\/#breadcrumb\"},\"inLanguage\":\"en-US\",\"potentialAction\":[{\"@type\":\"ReadAction\",\"target\":[\"https:\/\/clesheo.pl\/shop\/album-na-pierwsze-urodziny\/\"]}]},{\"@type\":\"ImageObject\",\"inLanguage\":\"en-US\",\"@id\":\"https:\/\/clesheo.pl\/shop\/album-na-pierwsze-urodziny\/#primaryimage\",\"url\":\"https:\/\/clesheo.pl\/wp-content\/uploads\/2021\/06\/Album-pierwsze-urodziny-2-of-6-scaled.jpg\",\"contentUrl\":\"https:\/\/clesheo.pl\/wp-content\/uploads\/2021\/06\/Album-pierwsze-urodziny-2-of-6-scaled.jpg\",\"width\":1707,\"height\":2560,\"caption\":\"Album na pierwsze urodziny\"},{\"@type\":\"BreadcrumbList\",\"@id\":\"https:\/\/clesheo.pl\/shop\/album-na-pierwsze-urodziny\/#breadcrumb\",\"itemListElement\":[{\"@type\":\"ListItem\",\"position\":1,\"name\":\"Strona g\u0142\u00f3wna\",\"item\":\"https:\/\/clesheo.pl\/\"},{\"@type\":\"ListItem\",\"position\":2,\"name\":\"Sklep\",\"item\":\"https:\/\/clesheo.pl\/sklep\/\"},{\"@type\":\"ListItem\",\"position\":3,\"name\":\"Album na pierwsze urodziny\"}]},{\"@type\":\"WebSite\",\"@id\":\"https:\/\/clesheo.pl\/#website\",\"url\":\"https:\/\/clesheo.pl\/\",\"name\":\"Clesheo\",\"description\":\"\",\"potentialAction\":[{\"@type\":\"SearchAction\",\"target\":{\"@type\":\"EntryPoint\",\"urlTemplate\":\"https:\/\/clesheo.pl\/?s={search_term_string}\"},\"query-input\":{\"@type\":\"PropertyValueSpecification\",\"valueRequired\":true,\"valueName\":\"search_term_string\"}}],\"inLanguage\":\"en-US\"}]}<\/script>\n<!-- \/ Yoast SEO plugin. -->","yoast_head_json":{"title":"Album na pierwsze urodziny - Clesheo","description":"Album na pierwsze urodziny. Klasyczny album na zdj\u0119cia wklejane, w p\u0142\u00f3ciennej ok\u0142adce, z personalizowanym nadrukiem.","robots":{"index":"index","follow":"follow","max-snippet":"max-snippet:-1","max-image-preview":"max-image-preview:large","max-video-preview":"max-video-preview:-1"},"canonical":"https:\/\/clesheo.pl\/en\/shop\/album-na-pierwsze-urodziny\/","og_locale":"en_US","og_type":"article","og_title":"Album na pierwsze urodziny - Clesheo","og_description":"Album na pierwsze urodziny. Klasyczny album na zdj\u0119cia wklejane, w p\u0142\u00f3ciennej ok\u0142adce, z personalizowanym nadrukiem.","og_url":"https:\/\/clesheo.pl\/en\/shop\/album-na-pierwsze-urodziny\/","og_site_name":"Clesheo","article_modified_time":"2024-08-05T11:22:20+00:00","og_image":[{"width":1707,"height":2560,"url":"https:\/\/clesheo.pl\/wp-content\/uploads\/2021\/06\/Album-pierwsze-urodziny-2-of-6-scaled.jpg","type":"image\/jpeg"}],"twitter_card":"summary_large_image","twitter_misc":{"Est. reading time":"2 minutes"},"schema":{"@context":"https:\/\/schema.org","@graph":[{"@type":"WebPage","@id":"https:\/\/clesheo.pl\/shop\/album-na-pierwsze-urodziny\/","url":"https:\/\/clesheo.pl\/shop\/album-na-pierwsze-urodziny\/","name":"Album na pierwsze urodziny - Clesheo","isPartOf":{"@id":"https:\/\/clesheo.pl\/#website"},"primaryImageOfPage":{"@id":"https:\/\/clesheo.pl\/shop\/album-na-pierwsze-urodziny\/#primaryimage"},"image":{"@id":"https:\/\/clesheo.pl\/shop\/album-na-pierwsze-urodziny\/#primaryimage"},"thumbnailUrl":"https:\/\/clesheo.pl\/wp-content\/uploads\/2021\/06\/Album-pierwsze-urodziny-2-of-6-scaled.jpg","datePublished":"2021-06-30T11:23:13+00:00","dateModified":"2024-08-05T11:22:20+00:00","description":"Album na pierwsze urodziny. Klasyczny album na zdj\u0119cia wklejane, w p\u0142\u00f3ciennej ok\u0142adce, z personalizowanym nadrukiem.","breadcrumb":{"@id":"https:\/\/clesheo.pl\/shop\/album-na-pierwsze-urodziny\/#breadcrumb"},"inLanguage":"en-US","potentialAction":[{"@type":"ReadAction","target":["https:\/\/clesheo.pl\/shop\/album-na-pierwsze-urodziny\/"]}]},{"@type":"ImageObject","inLanguage":"en-US","@id":"https:\/\/clesheo.pl\/shop\/album-na-pierwsze-urodziny\/#primaryimage","url":"https:\/\/clesheo.pl\/wp-content\/uploads\/2021\/06\/Album-pierwsze-urodziny-2-of-6-scaled.jpg","contentUrl":"https:\/\/clesheo.pl\/wp-content\/uploads\/2021\/06\/Album-pierwsze-urodziny-2-of-6-scaled.jpg","width":1707,"height":2560,"caption":"Album na pierwsze urodziny"},{"@type":"BreadcrumbList","@id":"https:\/\/clesheo.pl\/shop\/album-na-pierwsze-urodziny\/#breadcrumb","itemListElement":[{"@type":"ListItem","position":1,"name":"Strona g\u0142\u00f3wna","item":"https:\/\/clesheo.pl\/"},{"@type":"ListItem","position":2,"name":"Sklep","item":"https:\/\/clesheo.pl\/sklep\/"},{"@type":"ListItem","position":3,"name":"Album na pierwsze urodziny"}]},{"@type":"WebSite","@id":"https:\/\/clesheo.pl\/#website","url":"https:\/\/clesheo.pl\/","name":"Clesheo","description":"","potentialAction":[{"@type":"SearchAction","target":{"@type":"EntryPoint","urlTemplate":"https:\/\/clesheo.pl\/?s={search_term_string}"},"query-input":{"@type":"PropertyValueSpecification","valueRequired":true,"valueName":"search_term_string"}}],"inLanguage":"en-US"}]}},"_links":{"self":[{"href":"https:\/\/clesheo.pl\/en\/wp-json\/wp\/v2\/product\/12325","targetHints":{"allow":["GET"]}}],"collection":[{"href":"https:\/\/clesheo.pl\/en\/wp-json\/wp\/v2\/product"}],"about":[{"href":"https:\/\/clesheo.pl\/en\/wp-json\/wp\/v2\/types\/product"}],"replies":[{"embeddable":true,"href":"https:\/\/clesheo.pl\/en\/wp-json\/wp\/v2\/comments?post=12325"}],"wp:featuredmedia":[{"embeddable":true,"href":"https:\/\/clesheo.pl\/en\/wp-json\/wp\/v2\/media\/12326"}],"wp:attachment":[{"href":"https:\/\/clesheo.pl\/en\/wp-json\/wp\/v2\/media?parent=12325"}],"wp:term":[{"taxonomy":"product_brand","embeddable":true,"href":"https:\/\/clesheo.pl\/en\/wp-json\/wp\/v2\/product_brand?post=12325"},{"taxonomy":"product_cat","embeddable":true,"href":"https:\/\/clesheo.pl\/en\/wp-json\/wp\/v2\/product_cat?post=12325"},{"taxonomy":"product_tag","embeddable":true,"href":"https:\/\/clesheo.pl\/en\/wp-json\/wp\/v2\/product_tag?post=12325"}],"curies":[{"name":"wp","href":"https:\/\/api.w.org\/{rel}","templated":true}]}}