{"id":12396,"date":"2021-08-09T15:53:35","date_gmt":"2021-08-09T13:53:35","guid":{"rendered":"https:\/\/clesheo.pl\/?post_type=product&#038;p=12396"},"modified":"2024-03-23T22:09:48","modified_gmt":"2024-03-23T21:09:48","slug":"metryczka-dla-dziewczynki-clesheo","status":"publish","type":"product","link":"https:\/\/clesheo.pl\/en\/shop\/metryczka-dla-dziewczynki-clesheo\/","title":{"rendered":"Metryczka dla dziewczynki"},"content":{"rendered":"<p>Metryczka dla dziewczynki z delikatn\u0105 grafik\u0105\u00a0 oraz personalizowanym tekstem.<\/p>\n<p>Wysokiej jako\u015bci wydruk z grafik\u0105 dla dziewczynki z najwa\u017cniejszymi informacjami dotycz\u0105cymi narodzin.<br \/>\nOprawiony i powieszony na \u015bcianie lub postawiony na komodzie w pokoiku dziecka b\u0119dzie stanowi\u0142 pi\u0119kn\u0105 dekoracj\u0119. Plakat z metryczk\u0105 to \u015bwietny pomys\u0142 na prezent dla dziecka i rodzic\u00f3w z okazji narodzin czy Chrztu \u015awi\u0119tego.<\/p>\n<p>Technika druku oraz papier:<\/p>\n<p>Wydruk atramentowy na p\u00f3\u0142matowym papierze o gramaturze 265g\/m<sup>2 <\/sup>, delikatnie odbijaj\u0105cym \u015bwiat\u0142o. Do jego produkcji wykorzystuje si\u0119 specjaln\u0105 emulsj\u0119, kt\u00f3ra tworzy pow\u0142ok\u0119 gwarantuj\u0105c\u0105 odpowiednie nasycenie barw, szczeg\u00f3\u0142owo\u015b\u0107 oraz ostro\u015b\u0107. Papier ten jest do\u015b\u0107 wytrzyma\u0142y, odporny na niewielk\u0105 wilgo\u0107 i deformacje, dlatego \u015bwietnie sprawdzi si\u0119 w roli ozdoby na \u015bcianie.<\/p>\n<p>Dzi\u0119ki zastosowaniu tej techniki druku oraz wysokiej jako\u015bci materia\u0142\u00f3w mo\u017cesz by\u0107 pewna, \u017ce nasze plakaty b\u0119d\u0105 trwa\u0142e i nie wyblakn\u0105 przez wiele lat.<\/p>\n<p>&nbsp;<\/p>\n<p>Metryczka dla dziewczynki dost\u0119pna jest w formatach:<\/p>\n<p>A3 30x42cm oraz A4 21x30cm<\/p>\n<p>&nbsp;<\/p>\n<p>Oferta nie dotyczy ramki na obrazek.<\/p>\n<p>&nbsp;<\/p>\n<p>Standardowy czas realizacji zam\u00f3wie\u0144 to oko\u0142o 7-10 dni roboczych, produkt personalizowany, nie podlega zwrotom. Prosimy o dokonywanie przemy\u015blanych zakup\u00f3w.<\/p>\n<p>&nbsp;<\/p>\n<p>Szukasz prezentu dla przysz\u0142ej mamy? Zajrzyj do naszego k\u0105cika z albumami dla dzieci:<\/p>\n<div id=\"attachment_12043\" style=\"width: 310px\"  class=\"wp-caption alignnone\"><a href=\"http:\/\/https:\/\/clesheo.pl\/product-category\/albumy-dla-dzieci-z-imieniem-na-okladce\/\"><img decoding=\"async\" class=\"size-medium wp-image-12043 lazyload\" data-src=\"https:\/\/clesheo.pl\/wp-content\/uploads\/2020\/03\/Album-dziecka-aksamitny-Clesheo-300x218.jpg\" alt=\"Album dziecka z aksamitn\u0105 ok\u0142adk\u0105\" width=\"300\" height=\"218\" data-srcset=\"https:\/\/clesheo.pl\/wp-content\/uploads\/2020\/03\/Album-dziecka-aksamitny-Clesheo-300x218.jpg 300w, https:\/\/clesheo.pl\/wp-content\/uploads\/2020\/03\/Album-dziecka-aksamitny-Clesheo-1024x744.jpg 1024w, https:\/\/clesheo.pl\/wp-content\/uploads\/2020\/03\/Album-dziecka-aksamitny-Clesheo-768x558.jpg 768w, https:\/\/clesheo.pl\/wp-content\/uploads\/2020\/03\/Album-dziecka-aksamitny-Clesheo-1536x1116.jpg 1536w, https:\/\/clesheo.pl\/wp-content\/uploads\/2020\/03\/Album-dziecka-aksamitny-Clesheo-600x436.jpg 600w, https:\/\/clesheo.pl\/wp-content\/uploads\/2020\/03\/Album-dziecka-aksamitny-Clesheo.jpg 1600w\" data-sizes=\"(max-width: 300px) 100vw, 300px\" src=\"data:image\/svg+xml;base64,PHN2ZyB3aWR0aD0iMSIgaGVpZ2h0PSIxIiB4bWxucz0iaHR0cDovL3d3dy53My5vcmcvMjAwMC9zdmciPjwvc3ZnPg==\" style=\"--smush-placeholder-width: 300px; --smush-placeholder-aspect-ratio: 300\/218;\" \/><\/a><p class=\"wp-caption-text\">Album dziecka z aksamitn\u0105 ok\u0142adk\u0105<\/p><\/div>\n<p>Obserwuj nas na Instagramie:<\/p>\n<p><a href=\"http:\/\/www.instagram.com\/clesheo\">http:\/\/www.instagram.com\/clesheo<\/a><\/p>\n<p>&nbsp;<\/p>\n<p>&nbsp;<\/p>\n","protected":false},"excerpt":{"rendered":"<p>Metryczka dla dziewczynki<\/p>\n<p>Plakat do pokoju dziecka &#8211;\u00a0 sprawdzi si\u0119 jako prezent z okazji narodzin lub chrztu dziecka. Wydruk zawiera najwa\u017cniejsze informacje o narodzinach, b\u0119dzie pami\u0105tk\u0105 oraz dekoracj\u0105 pokoju dzieci\u0119cego.<\/p>\n","protected":false},"featured_media":12401,"comment_status":"open","ping_status":"closed","template":"","meta":[],"product_brand":[],"product_cat":[],"product_tag":[291,287,290,292,294,293,309,310,288,289,286,295],"class_list":{"0":"post-12396","1":"product","2":"type-product","3":"status-publish","4":"has-post-thumbnail","6":"product_tag-metryczka-dla-chlopca","7":"product_tag-metryczka-dla-dziecka","8":"product_tag-metryczka-dla-dziewczynki","9":"product_tag-metryczka-na-chrzest","10":"product_tag-metryczka-ramka","11":"product_tag-metryczka-w-ramce","12":"product_tag-metryczka-z-sukienka","13":"product_tag-metryczka-z-ubrankami","14":"product_tag-metryczka","15":"product_tag-metryczki","16":"product_tag-obrazek-dla-dziecka","17":"product_tag-obrazek-do-pokoju-dziecka","19":"first","20":"instock","21":"shipping-taxable","22":"purchasable","23":"product-type-variable"},"yoast_head":"<!-- This site is optimized with the Yoast SEO plugin v23.6 - https:\/\/yoast.com\/wordpress\/plugins\/seo\/ -->\n<title>Metryczka dla dziewczynki<\/title>\n<meta name=\"description\" content=\"Metryczka dla dziewczynki, plakat z najwa\u017cniejszymi informacjami dotycz\u0105cymi narodzin dziecka. Pomys\u0142 na prezent z okazji chrztu lub narodzin.\" \/>\n<meta name=\"robots\" content=\"index, follow, max-snippet:-1, max-image-preview:large, max-video-preview:-1\" \/>\n<link rel=\"canonical\" href=\"https:\/\/clesheo.pl\/en\/shop\/metryczka-dla-dziewczynki-clesheo\/\" \/>\n<meta property=\"og:locale\" content=\"en_US\" \/>\n<meta property=\"og:locale:alternate\" content=\"pl_PL\" \/>\n<meta property=\"og:type\" content=\"article\" \/>\n<meta property=\"og:title\" content=\"Metryczka dla dziewczynki\" \/>\n<meta property=\"og:description\" content=\"Metryczka dla dziewczynki, plakat z najwa\u017cniejszymi informacjami dotycz\u0105cymi narodzin dziecka. Pomys\u0142 na prezent z okazji chrztu lub narodzin.\" \/>\n<meta property=\"og:url\" content=\"https:\/\/clesheo.pl\/en\/shop\/metryczka-dla-dziewczynki-clesheo\/\" \/>\n<meta property=\"og:site_name\" content=\"Clesheo\" \/>\n<meta property=\"article:modified_time\" content=\"2024-03-23T21:09:48+00:00\" \/>\n<meta property=\"og:image\" content=\"https:\/\/clesheo.pl\/wp-content\/uploads\/2021\/08\/Metryczka-sukienka-scaled.jpg\" \/>\n\t<meta property=\"og:image:width\" content=\"1707\" \/>\n\t<meta property=\"og:image:height\" content=\"2560\" \/>\n\t<meta property=\"og:image:type\" content=\"image\/jpeg\" \/>\n<meta name=\"twitter:card\" content=\"summary_large_image\" \/>\n<meta name=\"twitter:label1\" content=\"Est. reading time\" \/>\n\t<meta name=\"twitter:data1\" content=\"1 minute\" \/>\n<script type=\"application\/ld+json\" class=\"yoast-schema-graph\">{\"@context\":\"https:\/\/schema.org\",\"@graph\":[{\"@type\":\"WebPage\",\"@id\":\"https:\/\/clesheo.pl\/en\/shop\/metryczka-dla-dziewczynki-clesheo\/\",\"url\":\"https:\/\/clesheo.pl\/en\/shop\/metryczka-dla-dziewczynki-clesheo\/\",\"name\":\"Metryczka dla dziewczynki\",\"isPartOf\":{\"@id\":\"https:\/\/clesheo.pl\/#website\"},\"primaryImageOfPage\":{\"@id\":\"https:\/\/clesheo.pl\/en\/shop\/metryczka-dla-dziewczynki-clesheo\/#primaryimage\"},\"image\":{\"@id\":\"https:\/\/clesheo.pl\/en\/shop\/metryczka-dla-dziewczynki-clesheo\/#primaryimage\"},\"thumbnailUrl\":\"https:\/\/clesheo.pl\/wp-content\/uploads\/2021\/08\/Metryczka-sukienka-scaled.jpg\",\"datePublished\":\"2021-08-09T13:53:35+00:00\",\"dateModified\":\"2024-03-23T21:09:48+00:00\",\"description\":\"Metryczka dla dziewczynki, plakat z najwa\u017cniejszymi informacjami dotycz\u0105cymi narodzin dziecka. Pomys\u0142 na prezent z okazji chrztu lub narodzin.\",\"breadcrumb\":{\"@id\":\"https:\/\/clesheo.pl\/en\/shop\/metryczka-dla-dziewczynki-clesheo\/#breadcrumb\"},\"inLanguage\":\"en-US\",\"potentialAction\":[{\"@type\":\"ReadAction\",\"target\":[\"https:\/\/clesheo.pl\/en\/shop\/metryczka-dla-dziewczynki-clesheo\/\"]}]},{\"@type\":\"ImageObject\",\"inLanguage\":\"en-US\",\"@id\":\"https:\/\/clesheo.pl\/en\/shop\/metryczka-dla-dziewczynki-clesheo\/#primaryimage\",\"url\":\"https:\/\/clesheo.pl\/wp-content\/uploads\/2021\/08\/Metryczka-sukienka-scaled.jpg\",\"contentUrl\":\"https:\/\/clesheo.pl\/wp-content\/uploads\/2021\/08\/Metryczka-sukienka-scaled.jpg\",\"width\":1707,\"height\":2560,\"caption\":\"Metryczka dla dziewczynki\"},{\"@type\":\"BreadcrumbList\",\"@id\":\"https:\/\/clesheo.pl\/en\/shop\/metryczka-dla-dziewczynki-clesheo\/#breadcrumb\",\"itemListElement\":[{\"@type\":\"ListItem\",\"position\":1,\"name\":\"Strona g\u0142\u00f3wna\",\"item\":\"https:\/\/clesheo.pl\/\"},{\"@type\":\"ListItem\",\"position\":2,\"name\":\"Sklep\",\"item\":\"https:\/\/clesheo.pl\/sklep\/\"},{\"@type\":\"ListItem\",\"position\":3,\"name\":\"Metryczka dla dziewczynki\"}]},{\"@type\":\"WebSite\",\"@id\":\"https:\/\/clesheo.pl\/#website\",\"url\":\"https:\/\/clesheo.pl\/\",\"name\":\"Clesheo\",\"description\":\"\",\"potentialAction\":[{\"@type\":\"SearchAction\",\"target\":{\"@type\":\"EntryPoint\",\"urlTemplate\":\"https:\/\/clesheo.pl\/?s={search_term_string}\"},\"query-input\":{\"@type\":\"PropertyValueSpecification\",\"valueRequired\":true,\"valueName\":\"search_term_string\"}}],\"inLanguage\":\"en-US\"}]}<\/script>\n<!-- \/ Yoast SEO plugin. -->","yoast_head_json":{"title":"Metryczka dla dziewczynki","description":"Metryczka dla dziewczynki, plakat z najwa\u017cniejszymi informacjami dotycz\u0105cymi narodzin dziecka. Pomys\u0142 na prezent z okazji chrztu lub narodzin.","robots":{"index":"index","follow":"follow","max-snippet":"max-snippet:-1","max-image-preview":"max-image-preview:large","max-video-preview":"max-video-preview:-1"},"canonical":"https:\/\/clesheo.pl\/en\/shop\/metryczka-dla-dziewczynki-clesheo\/","og_locale":"en_US","og_type":"article","og_title":"[:pl]Metryczka dla dziewczynki[:] - Clesheo","og_description":"Metryczka dla dziewczynki, plakat z najwa\u017cniejszymi informacjami dotycz\u0105cymi narodzin dziecka. Pomys\u0142 na prezent z okazji chrztu lub narodzin.","og_url":"https:\/\/clesheo.pl\/en\/shop\/metryczka-dla-dziewczynki-clesheo\/","og_site_name":"Clesheo","article_modified_time":"2024-03-23T21:09:48+00:00","og_image":[{"width":1707,"height":2560,"url":"https:\/\/clesheo.pl\/wp-content\/uploads\/2021\/08\/Metryczka-sukienka-scaled.jpg","type":"image\/jpeg"}],"twitter_card":"summary_large_image","twitter_misc":{"Est. reading time":"1 minute"},"schema":{"@context":"https:\/\/schema.org","@graph":[{"@type":"WebPage","@id":"https:\/\/clesheo.pl\/en\/shop\/metryczka-dla-dziewczynki-clesheo\/","url":"https:\/\/clesheo.pl\/en\/shop\/metryczka-dla-dziewczynki-clesheo\/","name":"Metryczka dla dziewczynki","isPartOf":{"@id":"https:\/\/clesheo.pl\/#website"},"primaryImageOfPage":{"@id":"https:\/\/clesheo.pl\/en\/shop\/metryczka-dla-dziewczynki-clesheo\/#primaryimage"},"image":{"@id":"https:\/\/clesheo.pl\/en\/shop\/metryczka-dla-dziewczynki-clesheo\/#primaryimage"},"thumbnailUrl":"https:\/\/clesheo.pl\/wp-content\/uploads\/2021\/08\/Metryczka-sukienka-scaled.jpg","datePublished":"2021-08-09T13:53:35+00:00","dateModified":"2024-03-23T21:09:48+00:00","description":"Metryczka dla dziewczynki, plakat z najwa\u017cniejszymi informacjami dotycz\u0105cymi narodzin dziecka. Pomys\u0142 na prezent z okazji chrztu lub narodzin.","breadcrumb":{"@id":"https:\/\/clesheo.pl\/en\/shop\/metryczka-dla-dziewczynki-clesheo\/#breadcrumb"},"inLanguage":"en-US","potentialAction":[{"@type":"ReadAction","target":["https:\/\/clesheo.pl\/en\/shop\/metryczka-dla-dziewczynki-clesheo\/"]}]},{"@type":"ImageObject","inLanguage":"en-US","@id":"https:\/\/clesheo.pl\/en\/shop\/metryczka-dla-dziewczynki-clesheo\/#primaryimage","url":"https:\/\/clesheo.pl\/wp-content\/uploads\/2021\/08\/Metryczka-sukienka-scaled.jpg","contentUrl":"https:\/\/clesheo.pl\/wp-content\/uploads\/2021\/08\/Metryczka-sukienka-scaled.jpg","width":1707,"height":2560,"caption":"Metryczka dla dziewczynki"},{"@type":"BreadcrumbList","@id":"https:\/\/clesheo.pl\/en\/shop\/metryczka-dla-dziewczynki-clesheo\/#breadcrumb","itemListElement":[{"@type":"ListItem","position":1,"name":"Strona g\u0142\u00f3wna","item":"https:\/\/clesheo.pl\/"},{"@type":"ListItem","position":2,"name":"Sklep","item":"https:\/\/clesheo.pl\/sklep\/"},{"@type":"ListItem","position":3,"name":"Metryczka dla dziewczynki"}]},{"@type":"WebSite","@id":"https:\/\/clesheo.pl\/#website","url":"https:\/\/clesheo.pl\/","name":"Clesheo","description":"","potentialAction":[{"@type":"SearchAction","target":{"@type":"EntryPoint","urlTemplate":"https:\/\/clesheo.pl\/?s={search_term_string}"},"query-input":{"@type":"PropertyValueSpecification","valueRequired":true,"valueName":"search_term_string"}}],"inLanguage":"en-US"}]}},"_links":{"self":[{"href":"https:\/\/clesheo.pl\/en\/wp-json\/wp\/v2\/product\/12396","targetHints":{"allow":["GET"]}}],"collection":[{"href":"https:\/\/clesheo.pl\/en\/wp-json\/wp\/v2\/product"}],"about":[{"href":"https:\/\/clesheo.pl\/en\/wp-json\/wp\/v2\/types\/product"}],"replies":[{"embeddable":true,"href":"https:\/\/clesheo.pl\/en\/wp-json\/wp\/v2\/comments?post=12396"}],"wp:featuredmedia":[{"embeddable":true,"href":"https:\/\/clesheo.pl\/en\/wp-json\/wp\/v2\/media\/12401"}],"wp:attachment":[{"href":"https:\/\/clesheo.pl\/en\/wp-json\/wp\/v2\/media?parent=12396"}],"wp:term":[{"taxonomy":"product_brand","embeddable":true,"href":"https:\/\/clesheo.pl\/en\/wp-json\/wp\/v2\/product_brand?post=12396"},{"taxonomy":"product_cat","embeddable":true,"href":"https:\/\/clesheo.pl\/en\/wp-json\/wp\/v2\/product_cat?post=12396"},{"taxonomy":"product_tag","embeddable":true,"href":"https:\/\/clesheo.pl\/en\/wp-json\/wp\/v2\/product_tag?post=12396"}],"curies":[{"name":"wp","href":"https:\/\/api.w.org\/{rel}","templated":true}]}}