{"id":13322,"date":"2023-01-04T13:44:50","date_gmt":"2023-01-04T12:44:50","guid":{"rendered":"https:\/\/clesheo.pl\/?post_type=product&#038;p=13322"},"modified":"2024-08-05T13:44:50","modified_gmt":"2024-08-05T11:44:50","slug":"pamietnik-niemowlaka-z-milutka-okladka-z-imieniem-clesheo","status":"publish","type":"product","link":"https:\/\/clesheo.pl\/en\/shop\/pamietnik-niemowlaka-z-milutka-okladka-z-imieniem-clesheo\/","title":{"rendered":"Pami\u0119tnik niemowlaka z milutk\u0105 ok\u0142adk\u0105 &#8211; szampan"},"content":{"rendered":"<h6>Pami\u0119tnik niemowlaka z milutk\u0105 ok\u0142adk\u0105<\/h6>\n<div class=\"item item-6\">\n<p>Album dziecka z milutk\u0105 ok\u0142adk\u0105 zawiera 30 stron. Niew\u0105tpliwie wielk\u0105 zalet\u0105 wyr\u00f3\u017cniaj\u0105c\u0105 t\u0119 kronik\u0119 dla dziecka jest ok\u0142adka oprawiona w aksamitne popielate p\u0142\u00f3tno &#8211; niezwykle przyjemne w dotyku. Uroku dodaj\u0105 r\u00f3wnie\u017c ozdobna czcionka w kolorze ok\u0142adki oraz imi\u0119 dziecka wygrawerowane na ok\u0142adce. Kronika napisana jest w j\u0119zyku polskim.<\/p>\n<h6><strong>WYMIARY\u00a0<\/strong><\/h6>\n<p>Wymiary tego wyj\u0105tkowego albumu to 20cm na 30cm.<\/p>\n<h6><strong>PERSONALIZACJA<\/strong><\/h6>\n<p>Ze wzgl\u0119du na fakt, \u017ce na ok\u0142adce zostanie wygrawerowane imi\u0119 dziecka, ten pierwszy album dziecka b\u0119dzie jedyny w swoim rodzaju i z pewno\u015bci\u0105 mo\u017ce sta\u0107 si\u0119 wspania\u0142ym i oryginalnym prezentem.<\/p>\n<h6><strong>KLASYKA I PONADCZASOWY STYL<\/strong><\/h6>\n<p>Co wyr\u00f3\u017cnia ten album po\u015br\u00f3d innych tego rodzaju produkt\u00f3w? Przede wszystkim nasza kronika nie zawiera infantylnej grafiki, a fakturowane strony w kolorze ecru oraz be\u017cowa czcionka podkre\u015blaj\u0105 wyj\u0105tkowy i elegancki charakter tego pami\u0119tnika. Szukaj\u0105c swojego wymarzonego albumu dziecka w internecie mo\u017cesz natrafi\u0107 na podobne albumy (r\u00f3wnie\u017c oprawione w welurowe p\u0142\u00f3tno) kt\u00f3re niestety jako\u015bci\u0105 wykonania bardzo odbiegaj\u0105 od produkt\u00f3w Clesheo. B\u0105d\u017a czujna i czytaj komentarze, przyjrzyj si\u0119 dok\u0142adnie zdj\u0119ciom i podejmij m\u0105dr\u0105 decyzj\u0119 \ud83d\ude42<\/p>\n<h6><strong>TRE\u015a\u0106<\/strong><\/h6>\n<p>W kronice znajduj\u0105 si\u0119 miejsca wyznaczone na wpisy oraz zdj\u0119cia.\u00a0 Ten pami\u0119tnik dla dziecka jest odpowiedni zar\u00f3wno dla ch\u0142opca jak i dziewczynki.<\/p>\n<h6><strong>SPIS TRE\u015aCI:<\/strong><\/h6>\n<\/div>\n<p>Moi rodzice<\/p>\n<p>W brzuszku mamy<\/p>\n<p>Moje narodziny<\/p>\n<p>\u015awiat w dniu moich narodzin<\/p>\n<p>Pierwsze dni w domku<\/p>\n<p>M\u00f3j pierwszy raz<\/p>\n<p>Moje pierwsze posi\u0142ki<\/p>\n<p>\u015alady<\/p>\n<p>Pory roku<\/p>\n<p>Moja pierwsza Gwiazdka<\/p>\n<p>Moje pierwsze wakacje<\/p>\n<p>Moje pierwsze urodziny<\/p>\n<p>Mam ju\u017c rok<\/p>\n<p>Dwa latka<\/p>\n<p>R\u00f3\u017cne ciekawostki z mojego \u017cycia<\/p>\n<p>W galerii zdj\u0119\u0107 albumu mo\u017cesz zobaczy\u0107 jakie inne kolory p\u0142\u00f3tna mog\u0105 zosta\u0107 u\u017cyte do oprawy Twojego pami\u0119tnika.<\/p>\n<p>&nbsp;<\/p>\n<p>Pami\u0119tnik niemowlaka z milutk\u0105 ok\u0142adk\u0105 w wi\u0119kszym formacie?\u00a0 To jeszcze wi\u0119cej miejsca na zapiski i zdj\u0119cia dziecka.<\/p>\n<blockquote class=\"wp-embedded-content\" data-secret=\"MKNHliqK6b\"><p><a href=\"https:\/\/clesheo.pl\/shop\/album-dziecka-z-aksamitna-okladka\/\">Album dziecka z aksamitn\u0105 ok\u0142adk\u0105 od narodzin do pi\u0105tego roku \u017cycia<\/a><\/p><\/blockquote>\n<p><iframe class=\"wp-embedded-content lazyload\" sandbox=\"allow-scripts\" security=\"restricted\" style=\"position: absolute; clip: rect(1px, 1px, 1px, 1px);\" title=\"&#8222;Album dziecka z aksamitn\u0105 ok\u0142adk\u0105 od narodzin do pi\u0105tego roku \u017cycia&#8221; &#8212; Clesheo\" data-src=\"https:\/\/clesheo.pl\/shop\/album-dziecka-z-aksamitna-okladka\/embed\/#?secret=uINiMcH4iD#?secret=MKNHliqK6b\" data-secret=\"MKNHliqK6b\" width=\"600\" height=\"338\" frameborder=\"0\" marginwidth=\"0\" marginheight=\"0\" scrolling=\"no\" src=\"data:image\/svg+xml;base64,PHN2ZyB3aWR0aD0iMSIgaGVpZ2h0PSIxIiB4bWxucz0iaHR0cDovL3d3dy53My5vcmcvMjAwMC9zdmciPjwvc3ZnPg==\" data-load-mode=\"1\"><\/iframe><\/p>\n<p>&nbsp;<\/p>\n<h6><strong>SZUKASZ PREZENTU IDEALNEGO?<\/strong><\/h6>\n<p>Je\u015bli album ma by\u0107 prezentem dla bliskiej Ci osoby, kt\u00f3ra oczekuje dziecka, a Ty nie jeste\u015b do ko\u0144ca pewna, kt\u00f3ra kronika dla maluszka najbardziej ucieszy przysz\u0142\u0105 mam\u0119, mo\u017cesz rozwa\u017cy\u0107 mo\u017cliwo\u015b\u0107 ofiarowania w prezencie bonu podarunkowego, co niew\u0105tpliwie u\u0142atwi Ci zadanie. Bon podarunkowy kupisz tu\u00a0\u00a0<a href=\"https:\/\/clesheo.pl\/shop\/e-karta-podarunkowa-2\/\">https:\/\/clesheo.pl\/shop\/e-karta-podarunkowa-2\/<\/a><\/p>\n<h6><strong>INNE KRONIKI I PREZENTY DLA DZIECI<\/strong><\/h6>\n<p>Zobacz te\u017c pozosta\u0142e albumy dla noworodk\u00f3w dost\u0119pne w naszym sklepie online\u00a0<a href=\"https:\/\/clesheo.pl\/product-category\/pamietniki\/\">https:\/\/clesheo.pl\/product-category\/pamietniki\/<\/a><\/p>\n<p>&nbsp;<\/p>\n<h6><strong>CZAS REALIZACJI ZAM\u00d3WIENIA<\/strong><\/h6>\n<p>7-10 dni roboczych + wysy\u0142ka.<\/p>\n<p>Prosimy o dokonywanie przemy\u015blanych zakup\u00f3w \u2013 ze wzgl\u0119du na fakt, \u017ce produkty personalizowane tworzone s\u0105 na zam\u00f3wienie \u2013 nie podlegaj\u0105 zwrotom.<\/p>\n<p>&nbsp;<\/p>\n<p>B\u0105d\u017a z nami na bie\u017c\u0105co &#8211; obserwuj nas w mediach spo\u0142eczno\u015bciowych <a href=\"http:\/\/www.instagram.pl\/clesheo\">www.instagram.pl\/clesheo<\/a><\/p>\n<p>&nbsp;<\/p>\n<p>&nbsp;<\/p>\n","protected":false},"excerpt":{"rendered":"<p>Pami\u0119tnik niemowlaka z milutk\u0105 ok\u0142adk\u0105\u00a0 na wspomnienia z pierwszego roku \u017cycia dziecka. Kronika oprawiona jest w aksamitne p\u0142\u00f3tno, kt\u00f3re sprawia, \u017ce ok\u0142adka jest mi\u0142a w dotyku. Na ok\u0142adce wygrawerowane jest imi\u0119 dziecka.<\/p>\n","protected":false},"featured_media":13327,"comment_status":"open","ping_status":"closed","template":"","meta":[],"product_brand":[],"product_cat":[],"product_tag":[129,171,238,229,230,232,154,237,234,93,94,95,123,96,131,120,98,134,148,168,173,170,125,132,126,166,147,59,57,58],"class_list":{"0":"post-13322","1":"product","2":"type-product","3":"status-publish","4":"has-post-thumbnail","6":"product_tag-aksamitna-okladka","7":"product_tag-aksamitny-album","8":"product_tag-album-dla-chlopca","9":"product_tag-album-dla-dziecka","10":"product_tag-album-dla-dziewczynki","11":"product_tag-album-dla-noworodka","12":"product_tag-album-dziecka","13":"product_tag-album-na-wspomnienia","14":"product_tag-albumy-dla-dzieci","15":"product_tag-baby-book","16":"product_tag-baby-shower","17":"product_tag-ciaza","18":"product_tag-clesheo","19":"product_tag-dziecko","20":"product_tag-kronika-dziecka","21":"product_tag-kronika-maluszka","22":"product_tag-kronika","23":"product_tag-ksiega-dziecka","24":"product_tag-noworodek","25":"product_tag-nude","26":"product_tag-okladka-welurowa","27":"product_tag-personalizowany-prezent-dla-dziecka","28":"product_tag-pierwszy-rok","29":"product_tag-prezent-na-baby-shower","30":"product_tag-roczek","31":"product_tag-smoczek-kauczukowy","32":"product_tag-wyprawka","33":"product_tag-chrzest","34":"product_tag-prezent-dla-dziecka","35":"product_tag-prezent-na-urodziny","37":"first","38":"instock","39":"shipping-taxable","40":"purchasable","41":"product-type-simple"},"yoast_head":"<!-- This site is optimized with the Yoast SEO plugin v23.6 - https:\/\/yoast.com\/wordpress\/plugins\/seo\/ -->\n<title>Pami\u0119tnik niemowlaka z milutk\u0105 ok\u0142adk\u0105 z imieniem Clesheo<\/title>\n<meta name=\"description\" content=\"Pami\u0119tnik niemowlaka z milutk\u0105 ok\u0142adk\u0105 z imieniem Clesheo na wspomnienia z pierwszego roku \u017cycia dziecka. Na ok\u0142adce wygrawerowane jest imi\u0119 dziecka.\u00a0\" \/>\n<meta name=\"robots\" content=\"index, follow, max-snippet:-1, max-image-preview:large, max-video-preview:-1\" \/>\n<link rel=\"canonical\" href=\"https:\/\/clesheo.pl\/en\/shop\/pamietnik-niemowlaka-z-milutka-okladka-z-imieniem-clesheo\/\" \/>\n<meta property=\"og:locale\" content=\"en_US\" \/>\n<meta property=\"og:locale:alternate\" content=\"pl_PL\" \/>\n<meta property=\"og:type\" content=\"article\" \/>\n<meta property=\"og:title\" content=\"Pami\u0119tnik niemowlaka z milutk\u0105 ok\u0142adk\u0105 z imieniem Clesheo\" \/>\n<meta property=\"og:description\" content=\"Pami\u0119tnik niemowlaka z milutk\u0105 ok\u0142adk\u0105 z imieniem Clesheo na wspomnienia z pierwszego roku \u017cycia dziecka. Na ok\u0142adce wygrawerowane jest imi\u0119 dziecka.\u00a0\" \/>\n<meta property=\"og:url\" content=\"https:\/\/clesheo.pl\/en\/shop\/pamietnik-niemowlaka-z-milutka-okladka-z-imieniem-clesheo\/\" \/>\n<meta property=\"og:site_name\" content=\"Clesheo\" \/>\n<meta property=\"article:modified_time\" content=\"2024-08-05T11:44:50+00:00\" \/>\n<meta property=\"og:image\" content=\"https:\/\/clesheo.pl\/wp-content\/uploads\/2023\/01\/IMG_8104-scaled.jpg\" \/>\n\t<meta property=\"og:image:width\" content=\"1707\" \/>\n\t<meta property=\"og:image:height\" content=\"2560\" \/>\n\t<meta property=\"og:image:type\" content=\"image\/jpeg\" \/>\n<meta name=\"twitter:card\" content=\"summary_large_image\" \/>\n<meta name=\"twitter:label1\" content=\"Est. reading time\" \/>\n\t<meta name=\"twitter:data1\" content=\"3 minutes\" \/>\n<script type=\"application\/ld+json\" class=\"yoast-schema-graph\">{\"@context\":\"https:\/\/schema.org\",\"@graph\":[{\"@type\":\"WebPage\",\"@id\":\"https:\/\/clesheo.pl\/en\/shop\/pamietnik-niemowlaka-z-milutka-okladka-z-imieniem-clesheo\/\",\"url\":\"https:\/\/clesheo.pl\/en\/shop\/pamietnik-niemowlaka-z-milutka-okladka-z-imieniem-clesheo\/\",\"name\":\"Pami\u0119tnik niemowlaka z milutk\u0105 ok\u0142adk\u0105 z imieniem Clesheo\",\"isPartOf\":{\"@id\":\"https:\/\/clesheo.pl\/#website\"},\"primaryImageOfPage\":{\"@id\":\"https:\/\/clesheo.pl\/en\/shop\/pamietnik-niemowlaka-z-milutka-okladka-z-imieniem-clesheo\/#primaryimage\"},\"image\":{\"@id\":\"https:\/\/clesheo.pl\/en\/shop\/pamietnik-niemowlaka-z-milutka-okladka-z-imieniem-clesheo\/#primaryimage\"},\"thumbnailUrl\":\"https:\/\/clesheo.pl\/wp-content\/uploads\/2023\/01\/IMG_8104-scaled.jpg\",\"datePublished\":\"2023-01-04T12:44:50+00:00\",\"dateModified\":\"2024-08-05T11:44:50+00:00\",\"description\":\"Pami\u0119tnik niemowlaka z milutk\u0105 ok\u0142adk\u0105 z imieniem Clesheo na wspomnienia z pierwszego roku \u017cycia dziecka. Na ok\u0142adce wygrawerowane jest imi\u0119 dziecka.\u00a0\",\"breadcrumb\":{\"@id\":\"https:\/\/clesheo.pl\/en\/shop\/pamietnik-niemowlaka-z-milutka-okladka-z-imieniem-clesheo\/#breadcrumb\"},\"inLanguage\":\"en-US\",\"potentialAction\":[{\"@type\":\"ReadAction\",\"target\":[\"https:\/\/clesheo.pl\/en\/shop\/pamietnik-niemowlaka-z-milutka-okladka-z-imieniem-clesheo\/\"]}]},{\"@type\":\"ImageObject\",\"inLanguage\":\"en-US\",\"@id\":\"https:\/\/clesheo.pl\/en\/shop\/pamietnik-niemowlaka-z-milutka-okladka-z-imieniem-clesheo\/#primaryimage\",\"url\":\"https:\/\/clesheo.pl\/wp-content\/uploads\/2023\/01\/IMG_8104-scaled.jpg\",\"contentUrl\":\"https:\/\/clesheo.pl\/wp-content\/uploads\/2023\/01\/IMG_8104-scaled.jpg\",\"width\":1707,\"height\":2560,\"caption\":\"Album dziecka z imieniem na ok\u0142adce w milutkiej ok\u0142adce aksamitnej oh baby moja historia\"},{\"@type\":\"BreadcrumbList\",\"@id\":\"https:\/\/clesheo.pl\/en\/shop\/pamietnik-niemowlaka-z-milutka-okladka-z-imieniem-clesheo\/#breadcrumb\",\"itemListElement\":[{\"@type\":\"ListItem\",\"position\":1,\"name\":\"Strona g\u0142\u00f3wna\",\"item\":\"https:\/\/clesheo.pl\/\"},{\"@type\":\"ListItem\",\"position\":2,\"name\":\"Sklep\",\"item\":\"https:\/\/clesheo.pl\/sklep\/\"},{\"@type\":\"ListItem\",\"position\":3,\"name\":\"Pami\u0119tnik niemowlaka z milutk\u0105 ok\u0142adk\u0105 &#8211; szampan\"}]},{\"@type\":\"WebSite\",\"@id\":\"https:\/\/clesheo.pl\/#website\",\"url\":\"https:\/\/clesheo.pl\/\",\"name\":\"Clesheo\",\"description\":\"\",\"potentialAction\":[{\"@type\":\"SearchAction\",\"target\":{\"@type\":\"EntryPoint\",\"urlTemplate\":\"https:\/\/clesheo.pl\/?s={search_term_string}\"},\"query-input\":{\"@type\":\"PropertyValueSpecification\",\"valueRequired\":true,\"valueName\":\"search_term_string\"}}],\"inLanguage\":\"en-US\"}]}<\/script>\n<!-- \/ Yoast SEO plugin. -->","yoast_head_json":{"title":"Pami\u0119tnik niemowlaka z milutk\u0105 ok\u0142adk\u0105 z imieniem Clesheo","description":"Pami\u0119tnik niemowlaka z milutk\u0105 ok\u0142adk\u0105 z imieniem Clesheo na wspomnienia z pierwszego roku \u017cycia dziecka. Na ok\u0142adce wygrawerowane jest imi\u0119 dziecka.\u00a0","robots":{"index":"index","follow":"follow","max-snippet":"max-snippet:-1","max-image-preview":"max-image-preview:large","max-video-preview":"max-video-preview:-1"},"canonical":"https:\/\/clesheo.pl\/en\/shop\/pamietnik-niemowlaka-z-milutka-okladka-z-imieniem-clesheo\/","og_locale":"en_US","og_type":"article","og_title":"Pami\u0119tnik niemowlaka z milutk\u0105 ok\u0142adk\u0105 z imieniem Clesheo","og_description":"Pami\u0119tnik niemowlaka z milutk\u0105 ok\u0142adk\u0105 z imieniem Clesheo na wspomnienia z pierwszego roku \u017cycia dziecka. Na ok\u0142adce wygrawerowane jest imi\u0119 dziecka.\u00a0","og_url":"https:\/\/clesheo.pl\/en\/shop\/pamietnik-niemowlaka-z-milutka-okladka-z-imieniem-clesheo\/","og_site_name":"Clesheo","article_modified_time":"2024-08-05T11:44:50+00:00","og_image":[{"width":1707,"height":2560,"url":"https:\/\/clesheo.pl\/wp-content\/uploads\/2023\/01\/IMG_8104-scaled.jpg","type":"image\/jpeg"}],"twitter_card":"summary_large_image","twitter_misc":{"Est. reading time":"3 minutes"},"schema":{"@context":"https:\/\/schema.org","@graph":[{"@type":"WebPage","@id":"https:\/\/clesheo.pl\/en\/shop\/pamietnik-niemowlaka-z-milutka-okladka-z-imieniem-clesheo\/","url":"https:\/\/clesheo.pl\/en\/shop\/pamietnik-niemowlaka-z-milutka-okladka-z-imieniem-clesheo\/","name":"Pami\u0119tnik niemowlaka z milutk\u0105 ok\u0142adk\u0105 z imieniem Clesheo","isPartOf":{"@id":"https:\/\/clesheo.pl\/#website"},"primaryImageOfPage":{"@id":"https:\/\/clesheo.pl\/en\/shop\/pamietnik-niemowlaka-z-milutka-okladka-z-imieniem-clesheo\/#primaryimage"},"image":{"@id":"https:\/\/clesheo.pl\/en\/shop\/pamietnik-niemowlaka-z-milutka-okladka-z-imieniem-clesheo\/#primaryimage"},"thumbnailUrl":"https:\/\/clesheo.pl\/wp-content\/uploads\/2023\/01\/IMG_8104-scaled.jpg","datePublished":"2023-01-04T12:44:50+00:00","dateModified":"2024-08-05T11:44:50+00:00","description":"Pami\u0119tnik niemowlaka z milutk\u0105 ok\u0142adk\u0105 z imieniem Clesheo na wspomnienia z pierwszego roku \u017cycia dziecka. Na ok\u0142adce wygrawerowane jest imi\u0119 dziecka.\u00a0","breadcrumb":{"@id":"https:\/\/clesheo.pl\/en\/shop\/pamietnik-niemowlaka-z-milutka-okladka-z-imieniem-clesheo\/#breadcrumb"},"inLanguage":"en-US","potentialAction":[{"@type":"ReadAction","target":["https:\/\/clesheo.pl\/en\/shop\/pamietnik-niemowlaka-z-milutka-okladka-z-imieniem-clesheo\/"]}]},{"@type":"ImageObject","inLanguage":"en-US","@id":"https:\/\/clesheo.pl\/en\/shop\/pamietnik-niemowlaka-z-milutka-okladka-z-imieniem-clesheo\/#primaryimage","url":"https:\/\/clesheo.pl\/wp-content\/uploads\/2023\/01\/IMG_8104-scaled.jpg","contentUrl":"https:\/\/clesheo.pl\/wp-content\/uploads\/2023\/01\/IMG_8104-scaled.jpg","width":1707,"height":2560,"caption":"Album dziecka z imieniem na ok\u0142adce w milutkiej ok\u0142adce aksamitnej oh baby moja historia"},{"@type":"BreadcrumbList","@id":"https:\/\/clesheo.pl\/en\/shop\/pamietnik-niemowlaka-z-milutka-okladka-z-imieniem-clesheo\/#breadcrumb","itemListElement":[{"@type":"ListItem","position":1,"name":"Strona g\u0142\u00f3wna","item":"https:\/\/clesheo.pl\/"},{"@type":"ListItem","position":2,"name":"Sklep","item":"https:\/\/clesheo.pl\/sklep\/"},{"@type":"ListItem","position":3,"name":"Pami\u0119tnik niemowlaka z milutk\u0105 ok\u0142adk\u0105 &#8211; szampan"}]},{"@type":"WebSite","@id":"https:\/\/clesheo.pl\/#website","url":"https:\/\/clesheo.pl\/","name":"Clesheo","description":"","potentialAction":[{"@type":"SearchAction","target":{"@type":"EntryPoint","urlTemplate":"https:\/\/clesheo.pl\/?s={search_term_string}"},"query-input":{"@type":"PropertyValueSpecification","valueRequired":true,"valueName":"search_term_string"}}],"inLanguage":"en-US"}]}},"_links":{"self":[{"href":"https:\/\/clesheo.pl\/en\/wp-json\/wp\/v2\/product\/13322","targetHints":{"allow":["GET"]}}],"collection":[{"href":"https:\/\/clesheo.pl\/en\/wp-json\/wp\/v2\/product"}],"about":[{"href":"https:\/\/clesheo.pl\/en\/wp-json\/wp\/v2\/types\/product"}],"replies":[{"embeddable":true,"href":"https:\/\/clesheo.pl\/en\/wp-json\/wp\/v2\/comments?post=13322"}],"wp:featuredmedia":[{"embeddable":true,"href":"https:\/\/clesheo.pl\/en\/wp-json\/wp\/v2\/media\/13327"}],"wp:attachment":[{"href":"https:\/\/clesheo.pl\/en\/wp-json\/wp\/v2\/media?parent=13322"}],"wp:term":[{"taxonomy":"product_brand","embeddable":true,"href":"https:\/\/clesheo.pl\/en\/wp-json\/wp\/v2\/product_brand?post=13322"},{"taxonomy":"product_cat","embeddable":true,"href":"https:\/\/clesheo.pl\/en\/wp-json\/wp\/v2\/product_cat?post=13322"},{"taxonomy":"product_tag","embeddable":true,"href":"https:\/\/clesheo.pl\/en\/wp-json\/wp\/v2\/product_tag?post=13322"}],"curies":[{"name":"wp","href":"https:\/\/api.w.org\/{rel}","templated":true}]}}