{"id":13332,"date":"2023-01-13T13:56:14","date_gmt":"2023-01-13T12:56:14","guid":{"rendered":"https:\/\/clesheo.pl\/?post_type=product&#038;p=13332"},"modified":"2024-08-06T16:19:49","modified_gmt":"2024-08-06T14:19:49","slug":"moja-historia-album-dziecka-clesheo","status":"publish","type":"product","link":"https:\/\/clesheo.pl\/en\/shop\/moja-historia-album-dziecka-clesheo\/","title":{"rendered":"Album dziecka od narodzin do pi\u0105tego roku \u017cycia"},"content":{"rendered":"<div class=\"item item-6\">\n<p>Album dziecka w eleganckim i klasycznym wydaniu, zawiera a\u017c 64 strony. Niew\u0105tpliwie wielk\u0105 zalet\u0105 wyr\u00f3\u017cniaj\u0105c\u0105 t\u0119 kronik\u0119 dla dziecka jest ozdobna be\u017cowa czcionka. Kronika napisana jest w j\u0119zyku polskim, ok\u0142adka oprawiona jest w p\u0142\u00f3tno w kolorze jasnego lnu.<\/p>\n<h6><strong>Wymiary\u00a0<\/strong><\/h6>\n<p>Przed Tob\u0105 prawdopodobnie<em>\u00a0<\/em>jeden z najwi\u0119kszych album\u00f3w\u00a0 jakie dost\u0119pne s\u0105 na rynku &#8211; wymiary albumu to 30cm na 30cm.<\/p>\n<h6><strong>Personalizacja<\/strong><\/h6>\n<p>Ze wzgl\u0119du na fakt, \u017ce na ok\u0142adce zostanie nadrukowane imi\u0119 dziecka, ten pierwszy album dziecka b\u0119dzie jedyny w swoim rodzaju i z pewno\u015bci\u0105 mo\u017ce sta\u0107 si\u0119 wspania\u0142ym i oryginalnym prezentem.<\/p>\n<h6><strong>Klasyka i ponadczasowy styl<\/strong><\/h6>\n<p>W przeciwie\u0144stwie do innych tego rodzaju produkt\u00f3w, nasz album nie zawiera infantylnej grafiki, tre\u015b\u0107 ozdobiona zosta\u0142a delikatn\u0105 grafik\u0105 w kolorach ziemi. Fakturowane strony w kolorze ecru oraz be\u017cowa czcionka podkre\u015blaj\u0105 jeszcze bardziej ponadczasowy i elegancji charakter tej pozycji.<\/p>\n<h6><strong>Tre\u015b\u0107<\/strong><\/h6>\n<p>W kronice znajduj\u0105 si\u0119 miejsca wyznaczone na wpisy oraz zdj\u0119cia.\u00a0 Ten pami\u0119tnik dla dziecka jest odpowiedni zar\u00f3wno dla ch\u0142opca jak i dziewczynki.<\/p>\n<h6><strong>Wyko\u0144czenie i oprawa<\/strong><\/h6>\n<p>Ponadto album ten mo\u017ce zosta\u0107 oprawiony r\u00f3wnie\u017c w p\u0142\u00f3tno aksamitne, palet\u0119 z dost\u0119pnymi kolorami ok\u0142adek znajdziesz tu &#8211; <a href=\"https:\/\/clesheo.pl\/shop\/pamietnik-aksamitny-dla-dziecka-personalizowany\/\">https:\/\/clesheo.pl\/shop\/pamietnik-aksamitny-dla-dziecka-personalizowany\/<\/a><\/p>\n<h6><strong>Spis tre\u015bci:<\/strong><\/h6>\n<\/div>\n<p>Moi rodzice<\/p>\n<p>W brzuszku mamy<\/p>\n<p>Moje narodziny<\/p>\n<p>\u015awiat w dniu moich narodzin<\/p>\n<p>Pierwsze dni w domku<\/p>\n<p>M\u00f3j pierwszy raz<\/p>\n<p>Moje pierwsze posi\u0142ki<\/p>\n<p>\u015alady<\/p>\n<p>Pory roku<\/p>\n<p>Moja pierwsza Gwiazdka<\/p>\n<p>Moje pierwsze wakacje<\/p>\n<p>Moje pierwsze urodziny<\/p>\n<p>Mam ju\u017c rok<\/p>\n<p>Dwa latka<\/p>\n<p>Trzy lata<\/p>\n<p>Cztery lata<\/p>\n<p>Mam pi\u0119\u0107 lat<\/p>\n<p>R\u00f3\u017cne ciekawostki z mojego \u017cycia<\/p>\n<h6><strong>Szukasz prezentu idealnego?<\/strong><\/h6>\n<p>Je\u015bli album ma by\u0107 prezentem dla bliskiej Ci osoby, kt\u00f3ra oczekuje dziecka, a Ty nie jeste\u015b do ko\u0144ca pewna, kt\u00f3ra kronika dla maluszka najbardziej ucieszy przysz\u0142\u0105 mam\u0119, mo\u017cesz rozwa\u017cy\u0107 mo\u017cliwo\u015b\u0107 ofiarowania w prezencie bonu podarunkowego, co niew\u0105tpliwie u\u0142atwi Ci zadanie. Bon podarunkowy kupisz tu\u00a0 <a href=\"https:\/\/clesheo.pl\/shop\/e-karta-podarunkowa-2\/\">https:\/\/clesheo.pl\/shop\/e-karta-podarunkowa-2\/<\/a><\/p>\n<h6><strong>Inne kroniki i prezenty dla dzieci<\/strong><\/h6>\n<p>Zobacz te\u017c pozosta\u0142e albumy dla noworodk\u00f3w dost\u0119pne w naszym sklepie online\u00a0<a href=\"https:\/\/clesheo.pl\/product-category\/pamietniki\/\">https:\/\/clesheo.pl\/product-category\/pamietniki\/<\/a><\/p>\n<h6><strong>Czas realizacji zam\u00f3wienia<\/strong><\/h6>\n<p>7-10 dni roboczych + wysy\u0142ka.<\/p>\n<p>Prosimy o dokonywanie przemy\u015blanych zakup\u00f3w \u2013 ze wzgl\u0119du na fakt, \u017ce produkty personalizowane tworzone s\u0105 na zam\u00f3wienie &#8211; nie podlegaj\u0105 zwrotom.<\/p>\n","protected":false},"excerpt":{"rendered":"<div class=\"item item-6\">\n<p>Pami\u0105tkowy album dla dziecka, w eleganckim wydaniu, oprawiony w p\u0142\u00f3tno w kolorze lnu,<\/p>\n<p>pomagaj\u0105cy w uchwyceniu najwa\u017cniejszych wspomnie\u0144 i moment\u00f3w<\/p>\n<p>od narodzin do 5 roku \u017cycia. Zawiera wyznaczone miejsca na zdj\u0119cia.<\/p>\n<p>Imi\u0119 dziecka na ok\u0142adce!<\/p>\n<\/div>\n","protected":false},"featured_media":13338,"comment_status":"open","ping_status":"closed","template":"","meta":[],"product_brand":[],"product_cat":[],"product_tag":[435,229,230,232,231,154,235,236,234,93,120,98,223,375,226,222,225,124,224,92,233,122,382,374,147,59,63],"class_list":{"0":"post-13332","1":"product","2":"type-product","3":"status-publish","4":"has-post-thumbnail","6":"product_tag-album-dla-dziecka-miesiac-po-miesiacu","7":"product_tag-album-dla-dziecka","8":"product_tag-album-dla-dziewczynki","9":"product_tag-album-dla-noworodka","10":"product_tag-album-dziecka-arkady","11":"product_tag-album-dziecka","12":"product_tag-album-noworodka","13":"product_tag-album-wspomnien-dziecka","14":"product_tag-albumy-dla-dzieci","15":"product_tag-baby-book","16":"product_tag-kronika-maluszka","17":"product_tag-kronika","18":"product_tag-memory-book","19":"product_tag-moja-historia","20":"product_tag-oh-baby","21":"product_tag-pamiatkowa-ksiega-dziecka","22":"product_tag-pamietnik-clesheo","23":"product_tag-pamietnik-dziecka","24":"product_tag-pamietnik-w-plotnie","25":"product_tag-pamietnik","26":"product_tag-pamietniki-dla-dzieci","27":"product_tag-pierwszy-album-dziecka","28":"product_tag-twoja-historia-kochanie","29":"product_tag-twoja-historia","30":"product_tag-wyprawka","31":"product_tag-chrzest","32":"product_tag-len","34":"first","35":"instock","36":"shipping-taxable","37":"purchasable","38":"product-type-simple"},"yoast_head":"<!-- This site is optimized with the Yoast SEO plugin v23.6 - https:\/\/yoast.com\/wordpress\/plugins\/seo\/ -->\n<title>Moja Historia Clesheo Album dziecka Pami\u0119tnik od narodzin<\/title>\n<meta name=\"description\" content=\"Mioja historia - pami\u0105tkowy album dla dziecka, w eleganckim wydaniu, pomagaj\u0105cy w uchwyceniu najwa\u017cniejszych wspomnie\u0144 i moment\u00f3w od narodzin do 5 roku \u017cycia. Zawiera wyznaczone miejsca na zdj\u0119cia.\" \/>\n<meta name=\"robots\" content=\"index, follow, max-snippet:-1, max-image-preview:large, max-video-preview:-1\" \/>\n<link rel=\"canonical\" href=\"https:\/\/clesheo.pl\/en\/shop\/moja-historia-album-dziecka-clesheo\/\" \/>\n<meta property=\"og:locale\" content=\"en_US\" \/>\n<meta property=\"og:locale:alternate\" content=\"pl_PL\" \/>\n<meta property=\"og:type\" content=\"article\" \/>\n<meta property=\"og:title\" content=\"Moja Historia Clesheo Album dziecka Pami\u0119tnik od narodzin\" \/>\n<meta property=\"og:description\" content=\"Mioja historia - pami\u0105tkowy album dla dziecka, w eleganckim wydaniu, pomagaj\u0105cy w uchwyceniu najwa\u017cniejszych wspomnie\u0144 i moment\u00f3w od narodzin do 5 roku \u017cycia. Zawiera wyznaczone miejsca na zdj\u0119cia.\" \/>\n<meta property=\"og:url\" content=\"https:\/\/clesheo.pl\/en\/shop\/moja-historia-album-dziecka-clesheo\/\" \/>\n<meta property=\"og:site_name\" content=\"Clesheo\" \/>\n<meta property=\"article:modified_time\" content=\"2024-08-06T14:19:49+00:00\" \/>\n<meta property=\"og:image\" content=\"https:\/\/clesheo.pl\/wp-content\/uploads\/2023\/01\/Moja-historia-album-dziecka-56-scaled.jpg\" \/>\n\t<meta property=\"og:image:width\" content=\"1707\" \/>\n\t<meta property=\"og:image:height\" content=\"2560\" \/>\n\t<meta property=\"og:image:type\" content=\"image\/jpeg\" \/>\n<meta name=\"twitter:card\" content=\"summary_large_image\" \/>\n<meta name=\"twitter:label1\" content=\"Est. reading time\" \/>\n\t<meta name=\"twitter:data1\" content=\"3 minutes\" \/>\n<script type=\"application\/ld+json\" class=\"yoast-schema-graph\">{\"@context\":\"https:\/\/schema.org\",\"@graph\":[{\"@type\":\"WebPage\",\"@id\":\"https:\/\/clesheo.pl\/en\/shop\/moja-historia-album-dziecka-clesheo\/\",\"url\":\"https:\/\/clesheo.pl\/en\/shop\/moja-historia-album-dziecka-clesheo\/\",\"name\":\"Moja Historia Clesheo Album dziecka Pami\u0119tnik od narodzin\",\"isPartOf\":{\"@id\":\"https:\/\/clesheo.pl\/#website\"},\"primaryImageOfPage\":{\"@id\":\"https:\/\/clesheo.pl\/en\/shop\/moja-historia-album-dziecka-clesheo\/#primaryimage\"},\"image\":{\"@id\":\"https:\/\/clesheo.pl\/en\/shop\/moja-historia-album-dziecka-clesheo\/#primaryimage\"},\"thumbnailUrl\":\"https:\/\/clesheo.pl\/wp-content\/uploads\/2023\/01\/Moja-historia-album-dziecka-56-scaled.jpg\",\"datePublished\":\"2023-01-13T12:56:14+00:00\",\"dateModified\":\"2024-08-06T14:19:49+00:00\",\"description\":\"Mioja historia - pami\u0105tkowy album dla dziecka, w eleganckim wydaniu, pomagaj\u0105cy w uchwyceniu najwa\u017cniejszych wspomnie\u0144 i moment\u00f3w od narodzin do 5 roku \u017cycia. Zawiera wyznaczone miejsca na zdj\u0119cia.\",\"breadcrumb\":{\"@id\":\"https:\/\/clesheo.pl\/en\/shop\/moja-historia-album-dziecka-clesheo\/#breadcrumb\"},\"inLanguage\":\"en-US\",\"potentialAction\":[{\"@type\":\"ReadAction\",\"target\":[\"https:\/\/clesheo.pl\/en\/shop\/moja-historia-album-dziecka-clesheo\/\"]}]},{\"@type\":\"ImageObject\",\"inLanguage\":\"en-US\",\"@id\":\"https:\/\/clesheo.pl\/en\/shop\/moja-historia-album-dziecka-clesheo\/#primaryimage\",\"url\":\"https:\/\/clesheo.pl\/wp-content\/uploads\/2023\/01\/Moja-historia-album-dziecka-56-scaled.jpg\",\"contentUrl\":\"https:\/\/clesheo.pl\/wp-content\/uploads\/2023\/01\/Moja-historia-album-dziecka-56-scaled.jpg\",\"width\":1707,\"height\":2560,\"caption\":\"Twoja historia album dziecka pami\u0119tnik noworodka\"},{\"@type\":\"BreadcrumbList\",\"@id\":\"https:\/\/clesheo.pl\/en\/shop\/moja-historia-album-dziecka-clesheo\/#breadcrumb\",\"itemListElement\":[{\"@type\":\"ListItem\",\"position\":1,\"name\":\"Strona g\u0142\u00f3wna\",\"item\":\"https:\/\/clesheo.pl\/\"},{\"@type\":\"ListItem\",\"position\":2,\"name\":\"Sklep\",\"item\":\"https:\/\/clesheo.pl\/sklep\/\"},{\"@type\":\"ListItem\",\"position\":3,\"name\":\"Moja historia &#8211; pami\u0119tnik dziecka\"}]},{\"@type\":\"WebSite\",\"@id\":\"https:\/\/clesheo.pl\/#website\",\"url\":\"https:\/\/clesheo.pl\/\",\"name\":\"Clesheo\",\"description\":\"\",\"potentialAction\":[{\"@type\":\"SearchAction\",\"target\":{\"@type\":\"EntryPoint\",\"urlTemplate\":\"https:\/\/clesheo.pl\/?s={search_term_string}\"},\"query-input\":{\"@type\":\"PropertyValueSpecification\",\"valueRequired\":true,\"valueName\":\"search_term_string\"}}],\"inLanguage\":\"en-US\"}]}<\/script>\n<!-- \/ Yoast SEO plugin. -->","yoast_head_json":{"title":"Moja Historia Clesheo Album dziecka Pami\u0119tnik od narodzin","description":"Mioja historia - pami\u0105tkowy album dla dziecka, w eleganckim wydaniu, pomagaj\u0105cy w uchwyceniu najwa\u017cniejszych wspomnie\u0144 i moment\u00f3w od narodzin do 5 roku \u017cycia. Zawiera wyznaczone miejsca na zdj\u0119cia.","robots":{"index":"index","follow":"follow","max-snippet":"max-snippet:-1","max-image-preview":"max-image-preview:large","max-video-preview":"max-video-preview:-1"},"canonical":"https:\/\/clesheo.pl\/en\/shop\/moja-historia-album-dziecka-clesheo\/","og_locale":"en_US","og_type":"article","og_title":"Moja Historia Clesheo Album dziecka Pami\u0119tnik od narodzin","og_description":"Mioja historia - pami\u0105tkowy album dla dziecka, w eleganckim wydaniu, pomagaj\u0105cy w uchwyceniu najwa\u017cniejszych wspomnie\u0144 i moment\u00f3w od narodzin do 5 roku \u017cycia. Zawiera wyznaczone miejsca na zdj\u0119cia.","og_url":"https:\/\/clesheo.pl\/en\/shop\/moja-historia-album-dziecka-clesheo\/","og_site_name":"Clesheo","article_modified_time":"2024-08-06T14:19:49+00:00","og_image":[{"width":1707,"height":2560,"url":"https:\/\/clesheo.pl\/wp-content\/uploads\/2023\/01\/Moja-historia-album-dziecka-56-scaled.jpg","type":"image\/jpeg"}],"twitter_card":"summary_large_image","twitter_misc":{"Est. reading time":"3 minutes"},"schema":{"@context":"https:\/\/schema.org","@graph":[{"@type":"WebPage","@id":"https:\/\/clesheo.pl\/en\/shop\/moja-historia-album-dziecka-clesheo\/","url":"https:\/\/clesheo.pl\/en\/shop\/moja-historia-album-dziecka-clesheo\/","name":"Moja Historia Clesheo Album dziecka Pami\u0119tnik od narodzin","isPartOf":{"@id":"https:\/\/clesheo.pl\/#website"},"primaryImageOfPage":{"@id":"https:\/\/clesheo.pl\/en\/shop\/moja-historia-album-dziecka-clesheo\/#primaryimage"},"image":{"@id":"https:\/\/clesheo.pl\/en\/shop\/moja-historia-album-dziecka-clesheo\/#primaryimage"},"thumbnailUrl":"https:\/\/clesheo.pl\/wp-content\/uploads\/2023\/01\/Moja-historia-album-dziecka-56-scaled.jpg","datePublished":"2023-01-13T12:56:14+00:00","dateModified":"2024-08-06T14:19:49+00:00","description":"Mioja historia - pami\u0105tkowy album dla dziecka, w eleganckim wydaniu, pomagaj\u0105cy w uchwyceniu najwa\u017cniejszych wspomnie\u0144 i moment\u00f3w od narodzin do 5 roku \u017cycia. Zawiera wyznaczone miejsca na zdj\u0119cia.","breadcrumb":{"@id":"https:\/\/clesheo.pl\/en\/shop\/moja-historia-album-dziecka-clesheo\/#breadcrumb"},"inLanguage":"en-US","potentialAction":[{"@type":"ReadAction","target":["https:\/\/clesheo.pl\/en\/shop\/moja-historia-album-dziecka-clesheo\/"]}]},{"@type":"ImageObject","inLanguage":"en-US","@id":"https:\/\/clesheo.pl\/en\/shop\/moja-historia-album-dziecka-clesheo\/#primaryimage","url":"https:\/\/clesheo.pl\/wp-content\/uploads\/2023\/01\/Moja-historia-album-dziecka-56-scaled.jpg","contentUrl":"https:\/\/clesheo.pl\/wp-content\/uploads\/2023\/01\/Moja-historia-album-dziecka-56-scaled.jpg","width":1707,"height":2560,"caption":"Twoja historia album dziecka pami\u0119tnik noworodka"},{"@type":"BreadcrumbList","@id":"https:\/\/clesheo.pl\/en\/shop\/moja-historia-album-dziecka-clesheo\/#breadcrumb","itemListElement":[{"@type":"ListItem","position":1,"name":"Strona g\u0142\u00f3wna","item":"https:\/\/clesheo.pl\/"},{"@type":"ListItem","position":2,"name":"Sklep","item":"https:\/\/clesheo.pl\/sklep\/"},{"@type":"ListItem","position":3,"name":"Moja historia &#8211; pami\u0119tnik dziecka"}]},{"@type":"WebSite","@id":"https:\/\/clesheo.pl\/#website","url":"https:\/\/clesheo.pl\/","name":"Clesheo","description":"","potentialAction":[{"@type":"SearchAction","target":{"@type":"EntryPoint","urlTemplate":"https:\/\/clesheo.pl\/?s={search_term_string}"},"query-input":{"@type":"PropertyValueSpecification","valueRequired":true,"valueName":"search_term_string"}}],"inLanguage":"en-US"}]}},"_links":{"self":[{"href":"https:\/\/clesheo.pl\/en\/wp-json\/wp\/v2\/product\/13332","targetHints":{"allow":["GET"]}}],"collection":[{"href":"https:\/\/clesheo.pl\/en\/wp-json\/wp\/v2\/product"}],"about":[{"href":"https:\/\/clesheo.pl\/en\/wp-json\/wp\/v2\/types\/product"}],"replies":[{"embeddable":true,"href":"https:\/\/clesheo.pl\/en\/wp-json\/wp\/v2\/comments?post=13332"}],"wp:featuredmedia":[{"embeddable":true,"href":"https:\/\/clesheo.pl\/en\/wp-json\/wp\/v2\/media\/13338"}],"wp:attachment":[{"href":"https:\/\/clesheo.pl\/en\/wp-json\/wp\/v2\/media?parent=13332"}],"wp:term":[{"taxonomy":"product_brand","embeddable":true,"href":"https:\/\/clesheo.pl\/en\/wp-json\/wp\/v2\/product_brand?post=13332"},{"taxonomy":"product_cat","embeddable":true,"href":"https:\/\/clesheo.pl\/en\/wp-json\/wp\/v2\/product_cat?post=13332"},{"taxonomy":"product_tag","embeddable":true,"href":"https:\/\/clesheo.pl\/en\/wp-json\/wp\/v2\/product_tag?post=13332"}],"curies":[{"name":"wp","href":"https:\/\/api.w.org\/{rel}","templated":true}]}}