{"id":13347,"date":"2023-01-20T14:22:05","date_gmt":"2023-01-20T13:22:05","guid":{"rendered":"https:\/\/clesheo.pl\/?post_type=product&#038;p=13347"},"modified":"2024-05-25T10:58:19","modified_gmt":"2024-05-25T08:58:19","slug":"klasyczny-album-na-zdjecia-szary-z-nadrukiem-na-okladce","status":"publish","type":"product","link":"https:\/\/clesheo.pl\/en\/shop\/klasyczny-album-na-zdjecia-szary-z-nadrukiem-na-okladce\/","title":{"rendered":"Classic photo album WILD ONE \u2013 Blue whale (Kopia)"},"content":{"rendered":"<p><strong>Klasyczny album na zdj\u0119cia wklejane, oprawiony w p\u0142\u00f3tno.<\/strong><\/p>\n<p>Nadszed\u0142 czas aby wywo\u0142a\u0107 i uporz\u0105dkowa\u0107 zdj\u0119cia?<\/p>\n<p>Bardzo dobry pomys\u0142! I \u015bwietnie trafi\u0142a\u015b\/\u0142e\u015b \ud83d\ude42<\/p>\n<p>Przed Tob\u0105 wyj\u0105tkowy &#8211; klasyczny album do wklejania zdj\u0119\u0107, z czarnymi kartami przek\u0142adanymi pergaminem. By\u0107 mo\u017ce wygl\u0105da dok\u0142adnie jak ten, kt\u00f3ry Twoi rodzice dostali w prezencie \u015blubnym wiele lat temu. Album ten, jak wszystkie, kt\u00f3re znajdziesz w naszym sklepie jest wykonany z najwy\u017cszej jako\u015bci materia\u0142\u00f3w. Mo\u017cesz mie\u0107 pewno\u015b\u0107, \u017ce pos\u0142u\u017cy przez wiele lat.<\/p>\n<p>Na ok\u0142adce albumu mo\u017cemy nadrukowa\u0107 co tylko przyjdzie Ci do g\u0142owy, np. cytat z filmu, \u017cyczenia, imiona, dat\u0119, inicja\u0142y albo po prostu\u00a0 Cypr 2022 \ud83d\ude09\u00a0 Wszystko zale\u017cy tylko i wy\u0142\u0105cznie od Twojej kreatywno\u015bci &#x1f642;<\/p>\n<p>P.s. uwielbiamy Wasze pomys\u0142y, s\u0105 dla nas inspiracjami!<\/p>\n<p>Oprawa:<\/p>\n<p>Klasyczny album na zdj\u0119cia oprawiony jest w pi\u0119kne i eleganckie p\u0142\u00f3tno w kolorze szarym.<\/p>\n<p>Wn\u0119trze:<\/p>\n<p>Karty do przyklejania zdj\u0119\u0107 w kolorze czarnym prze\u0142o\u017cone zosta\u0142y \u015bmietankowym pergaminem o ozdobnej fakturze.<\/p>\n<p>Zdecyduj sam\/sama ile stron b\u0119dzie zawiera\u0142 Tw\u00f3j album. Do wyboru masz trzy opcje: 40, 60 oraz 100.<\/p>\n<p>Je\u015bli chcia\u0142aby\u015b\/chcia\u0142by\u015b aby Tw\u00f3j album mia\u0142 inny kolor ok\u0142adki zajrzyj tu <a href=\"https:\/\/clesheo.pl\/shop\/album-na-zdjecia-tradycyjny-personalizowany\/\">https:\/\/clesheo.pl\/shop\/album-na-zdjecia-tradycyjny-personalizowany\/<\/a><\/p>\n<p>W naszym sklepie online dost\u0119pne s\u0105 albumy na spisywanie wspomnie\u0144 dziecka, kt\u00f3re r\u00f3wnie\u017c oprawione s\u0105 w p\u0142\u00f3tno. Skompletuj pi\u0119kny zestaw i zam\u00f3w album na zdj\u0119cia oraz album dziecka z tak\u0105 sam\u0105 ok\u0142adk\u0105.<\/p>\n<p>Album znajdziesz tu ->\u00a0<a href=\"https:\/\/clesheo.pl\/shop\/album-dziecka\/\">https:\/\/clesheo.pl\/shop\/album-dziecka\/<\/a><\/p>\n<p>B\u0105d\u017a z nami na bie\u017c\u0105co aby mie\u0107 informacje o nowo\u015bciach\u00a0 i ofertach promocyjnych\u00a0<a href=\"http:\/\/www.instagram.pl\/clesheo\">http:\/\/www.instagram.pl\/clesheo<\/a><\/p>\n","protected":false},"excerpt":{"rendered":"<p>Photo album 30\u00d730 cm<\/p>\n<p>40 pages layered with a parchment<\/p>\n<p>canvas cover<\/p>\n","protected":false},"featured_media":13383,"comment_status":"open","ping_status":"closed","template":"","meta":[],"product_brand":[],"product_cat":[51],"product_tag":[238,230,244,154,239,240,242,241,243,56,63,69,68,67],"class_list":{"0":"post-13347","1":"product","2":"type-product","3":"status-publish","4":"has-post-thumbnail","6":"product_cat-personalizowany-album-na-zdjecia","7":"product_tag-album-dla-chlopca","8":"product_tag-album-dla-dziewczynki","9":"product_tag-album-do-wklejania-zdjec","10":"product_tag-album-dziecka","11":"product_tag-album-z-imieniem","12":"product_tag-albumy-na-zdjecia","13":"product_tag-foto-ksiazka","14":"product_tag-fotoksiazka","15":"product_tag-fotoksiazki","16":"product_tag-album-na-zdjecia","17":"product_tag-len","18":"product_tag-lniana-okladna","19":"product_tag-plocienna-okladka","20":"product_tag-wieloryb","22":"first","23":"instock","24":"shipping-taxable","25":"purchasable","26":"product-type-variable"},"yoast_head":"<!-- This site is optimized with the Yoast SEO plugin v23.6 - https:\/\/yoast.com\/wordpress\/plugins\/seo\/ -->\n<title>Klasyczny album na zdj\u0119cia Clesheo<\/title>\n<meta name=\"description\" content=\"Klasyczny album na zdj\u0119cia wklejane, oprawiony w p\u0142\u00f3tno, z czarnymi kartami i pergaminem, z nadrukiem na ok\u0142adce wg Twojego pomys\u0142u\" \/>\n<meta name=\"robots\" content=\"index, follow, max-snippet:-1, max-image-preview:large, max-video-preview:-1\" \/>\n<link rel=\"canonical\" href=\"https:\/\/clesheo.pl\/en\/shop\/klasyczny-album-na-zdjecia-szary-z-nadrukiem-na-okladce\/\" \/>\n<meta property=\"og:locale\" content=\"en_US\" \/>\n<meta property=\"og:locale:alternate\" content=\"pl_PL\" \/>\n<meta property=\"og:type\" content=\"article\" \/>\n<meta property=\"og:title\" content=\"Klasyczny album na zdj\u0119cia Clesheo\" \/>\n<meta property=\"og:description\" content=\"Klasyczny album na zdj\u0119cia wklejane, oprawiony w p\u0142\u00f3tno, z czarnymi kartami i pergaminem, z nadrukiem na ok\u0142adce wg Twojego pomys\u0142u\" \/>\n<meta property=\"og:url\" content=\"https:\/\/clesheo.pl\/en\/shop\/klasyczny-album-na-zdjecia-szary-z-nadrukiem-na-okladce\/\" \/>\n<meta property=\"og:site_name\" content=\"Clesheo\" \/>\n<meta property=\"article:modified_time\" content=\"2024-05-25T08:58:19+00:00\" \/>\n<meta property=\"og:image\" content=\"https:\/\/clesheo.pl\/wp-content\/uploads\/2023\/01\/Album-na-zdjecia-94-scaled.jpg\" \/>\n\t<meta property=\"og:image:width\" content=\"1663\" \/>\n\t<meta property=\"og:image:height\" content=\"2560\" \/>\n\t<meta property=\"og:image:type\" content=\"image\/jpeg\" \/>\n<meta name=\"twitter:card\" content=\"summary_large_image\" \/>\n<meta name=\"twitter:label1\" content=\"Est. reading time\" \/>\n\t<meta name=\"twitter:data1\" content=\"2 minutes\" \/>\n<script type=\"application\/ld+json\" class=\"yoast-schema-graph\">{\"@context\":\"https:\/\/schema.org\",\"@graph\":[{\"@type\":\"WebPage\",\"@id\":\"https:\/\/clesheo.pl\/shop\/klasyczny-album-na-zdjecia-szary-z-nadrukiem-na-okladce\/\",\"url\":\"https:\/\/clesheo.pl\/shop\/klasyczny-album-na-zdjecia-szary-z-nadrukiem-na-okladce\/\",\"name\":\"Klasyczny album na zdj\u0119cia Clesheo\",\"isPartOf\":{\"@id\":\"https:\/\/clesheo.pl\/#website\"},\"primaryImageOfPage\":{\"@id\":\"https:\/\/clesheo.pl\/shop\/klasyczny-album-na-zdjecia-szary-z-nadrukiem-na-okladce\/#primaryimage\"},\"image\":{\"@id\":\"https:\/\/clesheo.pl\/shop\/klasyczny-album-na-zdjecia-szary-z-nadrukiem-na-okladce\/#primaryimage\"},\"thumbnailUrl\":\"https:\/\/clesheo.pl\/wp-content\/uploads\/2023\/01\/Album-na-zdjecia-94-scaled.jpg\",\"datePublished\":\"2023-01-20T13:22:05+00:00\",\"dateModified\":\"2024-05-25T08:58:19+00:00\",\"description\":\"Klasyczny album na zdj\u0119cia wklejane, oprawiony w p\u0142\u00f3tno, z czarnymi kartami i pergaminem, z nadrukiem na ok\u0142adce wg Twojego pomys\u0142u\",\"breadcrumb\":{\"@id\":\"https:\/\/clesheo.pl\/shop\/klasyczny-album-na-zdjecia-szary-z-nadrukiem-na-okladce\/#breadcrumb\"},\"inLanguage\":\"en-US\",\"potentialAction\":[{\"@type\":\"ReadAction\",\"target\":[\"https:\/\/clesheo.pl\/shop\/klasyczny-album-na-zdjecia-szary-z-nadrukiem-na-okladce\/\"]}]},{\"@type\":\"ImageObject\",\"inLanguage\":\"en-US\",\"@id\":\"https:\/\/clesheo.pl\/shop\/klasyczny-album-na-zdjecia-szary-z-nadrukiem-na-okladce\/#primaryimage\",\"url\":\"https:\/\/clesheo.pl\/wp-content\/uploads\/2023\/01\/Album-na-zdjecia-94-scaled.jpg\",\"contentUrl\":\"https:\/\/clesheo.pl\/wp-content\/uploads\/2023\/01\/Album-na-zdjecia-94-scaled.jpg\",\"width\":1663,\"height\":2560,\"caption\":\"Album rodzinny na zdj\u0119cia We are family Personalizowany z pergaminem\"},{\"@type\":\"BreadcrumbList\",\"@id\":\"https:\/\/clesheo.pl\/shop\/klasyczny-album-na-zdjecia-szary-z-nadrukiem-na-okladce\/#breadcrumb\",\"itemListElement\":[{\"@type\":\"ListItem\",\"position\":1,\"name\":\"Strona g\u0142\u00f3wna\",\"item\":\"https:\/\/clesheo.pl\/\"},{\"@type\":\"ListItem\",\"position\":2,\"name\":\"Sklep\",\"item\":\"https:\/\/clesheo.pl\/sklep\/\"},{\"@type\":\"ListItem\",\"position\":3,\"name\":\"Klasyczny album na zdj\u0119cia &#8211; szary z nadrukiem na ok\u0142adce\"}]},{\"@type\":\"WebSite\",\"@id\":\"https:\/\/clesheo.pl\/#website\",\"url\":\"https:\/\/clesheo.pl\/\",\"name\":\"Clesheo\",\"description\":\"\",\"potentialAction\":[{\"@type\":\"SearchAction\",\"target\":{\"@type\":\"EntryPoint\",\"urlTemplate\":\"https:\/\/clesheo.pl\/?s={search_term_string}\"},\"query-input\":{\"@type\":\"PropertyValueSpecification\",\"valueRequired\":true,\"valueName\":\"search_term_string\"}}],\"inLanguage\":\"en-US\"}]}<\/script>\n<!-- \/ Yoast SEO plugin. -->","yoast_head_json":{"title":"Klasyczny album na zdj\u0119cia Clesheo","description":"Klasyczny album na zdj\u0119cia wklejane, oprawiony w p\u0142\u00f3tno, z czarnymi kartami i pergaminem, z nadrukiem na ok\u0142adce wg Twojego pomys\u0142u","robots":{"index":"index","follow":"follow","max-snippet":"max-snippet:-1","max-image-preview":"max-image-preview:large","max-video-preview":"max-video-preview:-1"},"canonical":"https:\/\/clesheo.pl\/en\/shop\/klasyczny-album-na-zdjecia-szary-z-nadrukiem-na-okladce\/","og_locale":"en_US","og_type":"article","og_title":"Klasyczny album na zdj\u0119cia Clesheo","og_description":"Klasyczny album na zdj\u0119cia wklejane, oprawiony w p\u0142\u00f3tno, z czarnymi kartami i pergaminem, z nadrukiem na ok\u0142adce wg Twojego pomys\u0142u","og_url":"https:\/\/clesheo.pl\/en\/shop\/klasyczny-album-na-zdjecia-szary-z-nadrukiem-na-okladce\/","og_site_name":"Clesheo","article_modified_time":"2024-05-25T08:58:19+00:00","og_image":[{"width":1663,"height":2560,"url":"https:\/\/clesheo.pl\/wp-content\/uploads\/2023\/01\/Album-na-zdjecia-94-scaled.jpg","type":"image\/jpeg"}],"twitter_card":"summary_large_image","twitter_misc":{"Est. reading time":"2 minutes"},"schema":{"@context":"https:\/\/schema.org","@graph":[{"@type":"WebPage","@id":"https:\/\/clesheo.pl\/shop\/klasyczny-album-na-zdjecia-szary-z-nadrukiem-na-okladce\/","url":"https:\/\/clesheo.pl\/shop\/klasyczny-album-na-zdjecia-szary-z-nadrukiem-na-okladce\/","name":"Klasyczny album na zdj\u0119cia Clesheo","isPartOf":{"@id":"https:\/\/clesheo.pl\/#website"},"primaryImageOfPage":{"@id":"https:\/\/clesheo.pl\/shop\/klasyczny-album-na-zdjecia-szary-z-nadrukiem-na-okladce\/#primaryimage"},"image":{"@id":"https:\/\/clesheo.pl\/shop\/klasyczny-album-na-zdjecia-szary-z-nadrukiem-na-okladce\/#primaryimage"},"thumbnailUrl":"https:\/\/clesheo.pl\/wp-content\/uploads\/2023\/01\/Album-na-zdjecia-94-scaled.jpg","datePublished":"2023-01-20T13:22:05+00:00","dateModified":"2024-05-25T08:58:19+00:00","description":"Klasyczny album na zdj\u0119cia wklejane, oprawiony w p\u0142\u00f3tno, z czarnymi kartami i pergaminem, z nadrukiem na ok\u0142adce wg Twojego pomys\u0142u","breadcrumb":{"@id":"https:\/\/clesheo.pl\/shop\/klasyczny-album-na-zdjecia-szary-z-nadrukiem-na-okladce\/#breadcrumb"},"inLanguage":"en-US","potentialAction":[{"@type":"ReadAction","target":["https:\/\/clesheo.pl\/shop\/klasyczny-album-na-zdjecia-szary-z-nadrukiem-na-okladce\/"]}]},{"@type":"ImageObject","inLanguage":"en-US","@id":"https:\/\/clesheo.pl\/shop\/klasyczny-album-na-zdjecia-szary-z-nadrukiem-na-okladce\/#primaryimage","url":"https:\/\/clesheo.pl\/wp-content\/uploads\/2023\/01\/Album-na-zdjecia-94-scaled.jpg","contentUrl":"https:\/\/clesheo.pl\/wp-content\/uploads\/2023\/01\/Album-na-zdjecia-94-scaled.jpg","width":1663,"height":2560,"caption":"Album rodzinny na zdj\u0119cia We are family Personalizowany z pergaminem"},{"@type":"BreadcrumbList","@id":"https:\/\/clesheo.pl\/shop\/klasyczny-album-na-zdjecia-szary-z-nadrukiem-na-okladce\/#breadcrumb","itemListElement":[{"@type":"ListItem","position":1,"name":"Strona g\u0142\u00f3wna","item":"https:\/\/clesheo.pl\/"},{"@type":"ListItem","position":2,"name":"Sklep","item":"https:\/\/clesheo.pl\/sklep\/"},{"@type":"ListItem","position":3,"name":"Klasyczny album na zdj\u0119cia &#8211; szary z nadrukiem na ok\u0142adce"}]},{"@type":"WebSite","@id":"https:\/\/clesheo.pl\/#website","url":"https:\/\/clesheo.pl\/","name":"Clesheo","description":"","potentialAction":[{"@type":"SearchAction","target":{"@type":"EntryPoint","urlTemplate":"https:\/\/clesheo.pl\/?s={search_term_string}"},"query-input":{"@type":"PropertyValueSpecification","valueRequired":true,"valueName":"search_term_string"}}],"inLanguage":"en-US"}]}},"_links":{"self":[{"href":"https:\/\/clesheo.pl\/en\/wp-json\/wp\/v2\/product\/13347","targetHints":{"allow":["GET"]}}],"collection":[{"href":"https:\/\/clesheo.pl\/en\/wp-json\/wp\/v2\/product"}],"about":[{"href":"https:\/\/clesheo.pl\/en\/wp-json\/wp\/v2\/types\/product"}],"replies":[{"embeddable":true,"href":"https:\/\/clesheo.pl\/en\/wp-json\/wp\/v2\/comments?post=13347"}],"wp:featuredmedia":[{"embeddable":true,"href":"https:\/\/clesheo.pl\/en\/wp-json\/wp\/v2\/media\/13383"}],"wp:attachment":[{"href":"https:\/\/clesheo.pl\/en\/wp-json\/wp\/v2\/media?parent=13347"}],"wp:term":[{"taxonomy":"product_brand","embeddable":true,"href":"https:\/\/clesheo.pl\/en\/wp-json\/wp\/v2\/product_brand?post=13347"},{"taxonomy":"product_cat","embeddable":true,"href":"https:\/\/clesheo.pl\/en\/wp-json\/wp\/v2\/product_cat?post=13347"},{"taxonomy":"product_tag","embeddable":true,"href":"https:\/\/clesheo.pl\/en\/wp-json\/wp\/v2\/product_tag?post=13347"}],"curies":[{"name":"wp","href":"https:\/\/api.w.org\/{rel}","templated":true}]}}