{"id":13841,"date":"2025-03-26T09:12:32","date_gmt":"2025-03-26T08:12:32","guid":{"rendered":"https:\/\/clesheo.pl\/?post_type=product&#038;p=13841"},"modified":"2025-03-26T13:30:40","modified_gmt":"2025-03-26T12:30:40","slug":"oh-baby-album-dziecka-clesheo","status":"publish","type":"product","link":"https:\/\/clesheo.pl\/en\/shop\/oh-baby-album-dziecka-clesheo\/","title":{"rendered":"Classic photo album WILD ONE \u2013 Blue whale (Kopia)"},"content":{"rendered":"<h5><strong>Oh baby Album dziecka<\/strong><\/h5>\n<p>Klasyczny, du\u017cy album na zdj\u0119cia wklejane, ze stronami przek\u0142adanymi pergaminem.<\/p>\n<h5><strong>WN\u0118TRZE ALBUMU<\/strong><\/h5>\n<p>Wymiary albumu to 30cm x 30cm. Mo\u017ce zawiera\u0107 40, 60 lub 100 stron &#8211; wybierz ilo\u015b\u0107, kt\u00f3ra najbardziej Ci odpowiada. Karty oddzielone s\u0105 od siebie pi\u0119knym, fakturowanym pergaminem. Pergamin\u00a0 <b>chroni zdj\u0119cia<\/b>\u00a0i dodaje albumowi szyku. \u00a0Albumy wykonujemy z materia\u0142\u00f3w, kt\u00f3re gwarantuj\u0105 wieloletnie u\u017cytkowanie, nawet wtedy, gdy zdj\u0119cia przegl\u0105damy bardzo cz\u0119sto.<\/p>\n<h5><strong>OK\u0141ADKA<\/strong><\/h5>\n<p>Przyjemna w dotyku ok\u0142adka w delikatnym kolorze wrzosowym z napisem &#8220;oh baby&#8221;<\/p>\n<h5>ALBUM NA ZDJ\u0118CIA JAKO PREZENT<\/h5>\n<p>Nasze albumy wykonujemy, z ogromn\u0105 dba\u0142o\u015bci\u0105 o najmniejszy szczeg\u00f3\u0142. Dzi\u0119ki temu mog\u0105 by\u0107 one \u015bwietnym pomys\u0142em na prezenty z okazji narodzin dziecka, Chrztu, urodzin i wielu innych.<\/p>\n<p>W czasach, gdy ka\u017cdy z nas nosi w kieszeni lub torebce aparat fotograficzny w postaci smartfona, albumy na zdj\u0119cia Clesheo to praktyczne\u00a0 i ciesz\u0105ce oko rozwi\u0105zania.<\/p>\n<p>Pami\u0119taj, \u017ce czas realizacji naszych zam\u00f3wie\u0144 to oko\u0142o 10 dni roboczych, plus wysy\u0142ka kurierska, zam\u00f3w sw\u00f3j album odpowiednio wcze\u015bniej, aby doszed\u0142 do Ciebie na czas.<\/p>\n<h5>ZWROTY<\/h5>\n<p>Poniewa\u017c nasze albumy posiadaj\u0105 personalizowane ok\u0142adki i wykonywane s\u0105 na zam\u00f3wienie &#8211; nie podlegaj\u0105 zwrotom. Prosimy o dokonywanie przemy\u015blanych zam\u00f3wie\u0144.<\/p>\n<p>Zobacz te\u017c inne albumy na zdj\u0119cia dost\u0119pne w naszym sklepie:<\/p>\n<p><a href=\"https:\/\/clesheo.pl\/product-category\/albumy-na-zdjecia\/\">https:\/\/clesheo.pl\/product-category\/albumy-na-zdjecia\/<\/a><\/p>\n<p>Je\u015bli nie znalaz\u0142e\u015b tu swojego wymarzonego albumu mo\u017cesz napisa\u0107 do nas i opowiedzie\u0107 nam o swoim pomy\u015ble na ok\u0142adk\u0119, kto wie, mo\u017ce razem uda nam si\u0119 stworzy\u0107 co\u015b fajnego \ud83d\ude42 Swoje pomys\u0142y wy\u015blij mailem na adres kontakt@clesheo.pl<\/p>\n<p>Uwielbiamy Wasze pomys\u0142y! \ud83d\ude42<\/p>\n<p>&nbsp;<\/p>\n<p>W naszym sklepie online dost\u0119pne s\u0105 r\u00f3wnie\u017c albumy na spisywanie wspomnie\u0144 dziecka, oprawione w p\u0142\u00f3tno, z personalizowanymi ok\u0142adkami.<\/p>\n<p>Albumy znajdziesz tu -> <a href=\"https:\/\/clesheo.pl\/shop\/album-dziecka\/\">https:\/\/clesheo.pl\/shop\/album-dziecka\/<\/a><\/p>\n<p>&nbsp;<\/p>\n<p>B\u0105d\u017a na bie\u017c\u0105co z nowo\u015bciami i promocjami &#8211; znajd\u017a nas na Instagramie\u00a0<a href=\"http:\/\/www.instagram.pl\/clesheo\">http:\/\/www.instagram.pl\/clesheo<\/a><\/p>\n<p>&nbsp;<\/p>\n","protected":false},"excerpt":{"rendered":"<p>Photo album 30\u00d730 cm<\/p>\n<p>40 pages layered with a parchment<\/p>\n<p>canvas cover<\/p>\n","protected":false},"featured_media":13837,"comment_status":"open","ping_status":"closed","template":"","meta":[],"product_brand":[],"product_cat":[51],"product_tag":[238,230,244,154,378,377,239,376,240,242,241,243,140,56,63,69,68,67],"class_list":{"0":"post-13841","1":"product","2":"type-product","3":"status-publish","4":"has-post-thumbnail","6":"product_cat-personalizowany-album-na-zdjecia","7":"product_tag-album-dla-chlopca","8":"product_tag-album-dla-dziewczynki","9":"product_tag-album-do-wklejania-zdjec","10":"product_tag-album-dziecka","11":"product_tag-album-na-zdjecia-dziecka-z-kwiatami","12":"product_tag-album-na-zdjecia-z-kwiatami","13":"product_tag-album-z-imieniem","14":"product_tag-album-z-kwiatami","15":"product_tag-albumy-na-zdjecia","16":"product_tag-foto-ksiazka","17":"product_tag-fotoksiazka","18":"product_tag-fotoksiazki","19":"product_tag-imie-dziecka","20":"product_tag-album-na-zdjecia","21":"product_tag-len","22":"product_tag-lniana-okladna","23":"product_tag-plocienna-okladka","24":"product_tag-wieloryb","26":"first","27":"instock","28":"shipping-taxable","29":"purchasable","30":"product-type-variable"},"yoast_head":"<!-- This site is optimized with the Yoast SEO plugin v23.6 - https:\/\/yoast.com\/wordpress\/plugins\/seo\/ -->\n<title>Oh baby Album dziecka Clesheo<\/title>\n<meta name=\"description\" content=\"Oh baby Album dziecka, klasyczny, na zdj\u0119cia wklejane, ze stronami przek\u0142adanymi pergaminem, album na sesj\u0119 noworodkow\u0105 Clesheo\" \/>\n<meta name=\"robots\" content=\"index, follow, max-snippet:-1, max-image-preview:large, max-video-preview:-1\" \/>\n<link rel=\"canonical\" href=\"https:\/\/clesheo.pl\/en\/shop\/oh-baby-album-dziecka-clesheo\/\" \/>\n<meta property=\"og:locale\" content=\"en_US\" \/>\n<meta property=\"og:locale:alternate\" content=\"pl_PL\" \/>\n<meta property=\"og:type\" content=\"article\" \/>\n<meta property=\"og:title\" content=\"Oh baby Album dziecka Clesheo\" \/>\n<meta property=\"og:description\" content=\"Oh baby Album dziecka, klasyczny, na zdj\u0119cia wklejane, ze stronami przek\u0142adanymi pergaminem, album na sesj\u0119 noworodkow\u0105 Clesheo\" \/>\n<meta property=\"og:url\" content=\"https:\/\/clesheo.pl\/en\/shop\/oh-baby-album-dziecka-clesheo\/\" \/>\n<meta property=\"og:site_name\" content=\"Clesheo\" \/>\n<meta property=\"article:modified_time\" content=\"2025-03-26T12:30:40+00:00\" \/>\n<meta property=\"og:image\" content=\"https:\/\/clesheo.pl\/wp-content\/uploads\/2023\/03\/Oh-baby-album-dziecka-kronika.jpg\" \/>\n\t<meta property=\"og:image:width\" content=\"800\" \/>\n\t<meta property=\"og:image:height\" content=\"1034\" \/>\n\t<meta property=\"og:image:type\" content=\"image\/jpeg\" \/>\n<meta name=\"twitter:card\" content=\"summary_large_image\" \/>\n<meta name=\"twitter:label1\" content=\"Est. reading time\" \/>\n\t<meta name=\"twitter:data1\" content=\"2 minutes\" \/>\n<script type=\"application\/ld+json\" class=\"yoast-schema-graph\">{\"@context\":\"https:\/\/schema.org\",\"@graph\":[{\"@type\":\"WebPage\",\"@id\":\"https:\/\/clesheo.pl\/shop\/oh-baby-album-dziecka-clesheo\/\",\"url\":\"https:\/\/clesheo.pl\/shop\/oh-baby-album-dziecka-clesheo\/\",\"name\":\"Oh baby Album dziecka Clesheo\",\"isPartOf\":{\"@id\":\"https:\/\/clesheo.pl\/#website\"},\"primaryImageOfPage\":{\"@id\":\"https:\/\/clesheo.pl\/shop\/oh-baby-album-dziecka-clesheo\/#primaryimage\"},\"image\":{\"@id\":\"https:\/\/clesheo.pl\/shop\/oh-baby-album-dziecka-clesheo\/#primaryimage\"},\"thumbnailUrl\":\"https:\/\/clesheo.pl\/wp-content\/uploads\/2023\/03\/Oh-baby-album-dziecka-kronika.jpg\",\"datePublished\":\"2025-03-26T08:12:32+00:00\",\"dateModified\":\"2025-03-26T12:30:40+00:00\",\"description\":\"Oh baby Album dziecka, klasyczny, na zdj\u0119cia wklejane, ze stronami przek\u0142adanymi pergaminem, album na sesj\u0119 noworodkow\u0105 Clesheo\",\"breadcrumb\":{\"@id\":\"https:\/\/clesheo.pl\/shop\/oh-baby-album-dziecka-clesheo\/#breadcrumb\"},\"inLanguage\":\"en-US\",\"potentialAction\":[{\"@type\":\"ReadAction\",\"target\":[\"https:\/\/clesheo.pl\/shop\/oh-baby-album-dziecka-clesheo\/\"]}]},{\"@type\":\"ImageObject\",\"inLanguage\":\"en-US\",\"@id\":\"https:\/\/clesheo.pl\/shop\/oh-baby-album-dziecka-clesheo\/#primaryimage\",\"url\":\"https:\/\/clesheo.pl\/wp-content\/uploads\/2023\/03\/Oh-baby-album-dziecka-kronika.jpg\",\"contentUrl\":\"https:\/\/clesheo.pl\/wp-content\/uploads\/2023\/03\/Oh-baby-album-dziecka-kronika.jpg\",\"width\":800,\"height\":1034,\"caption\":\"Oh baby album dziecka\"},{\"@type\":\"BreadcrumbList\",\"@id\":\"https:\/\/clesheo.pl\/shop\/oh-baby-album-dziecka-clesheo\/#breadcrumb\",\"itemListElement\":[{\"@type\":\"ListItem\",\"position\":1,\"name\":\"Strona g\u0142\u00f3wna\",\"item\":\"https:\/\/clesheo.pl\/\"},{\"@type\":\"ListItem\",\"position\":2,\"name\":\"Sklep\",\"item\":\"https:\/\/clesheo.pl\/sklep\/\"},{\"@type\":\"ListItem\",\"position\":3,\"name\":\"Oh baby album dziecka\"}]},{\"@type\":\"WebSite\",\"@id\":\"https:\/\/clesheo.pl\/#website\",\"url\":\"https:\/\/clesheo.pl\/\",\"name\":\"Clesheo\",\"description\":\"\",\"potentialAction\":[{\"@type\":\"SearchAction\",\"target\":{\"@type\":\"EntryPoint\",\"urlTemplate\":\"https:\/\/clesheo.pl\/?s={search_term_string}\"},\"query-input\":{\"@type\":\"PropertyValueSpecification\",\"valueRequired\":true,\"valueName\":\"search_term_string\"}}],\"inLanguage\":\"en-US\"}]}<\/script>\n<!-- \/ Yoast SEO plugin. -->","yoast_head_json":{"title":"Oh baby Album dziecka Clesheo","description":"Oh baby Album dziecka, klasyczny, na zdj\u0119cia wklejane, ze stronami przek\u0142adanymi pergaminem, album na sesj\u0119 noworodkow\u0105 Clesheo","robots":{"index":"index","follow":"follow","max-snippet":"max-snippet:-1","max-image-preview":"max-image-preview:large","max-video-preview":"max-video-preview:-1"},"canonical":"https:\/\/clesheo.pl\/en\/shop\/oh-baby-album-dziecka-clesheo\/","og_locale":"en_US","og_type":"article","og_title":"Oh baby Album dziecka Clesheo","og_description":"Oh baby Album dziecka, klasyczny, na zdj\u0119cia wklejane, ze stronami przek\u0142adanymi pergaminem, album na sesj\u0119 noworodkow\u0105 Clesheo","og_url":"https:\/\/clesheo.pl\/en\/shop\/oh-baby-album-dziecka-clesheo\/","og_site_name":"Clesheo","article_modified_time":"2025-03-26T12:30:40+00:00","og_image":[{"width":800,"height":1034,"url":"https:\/\/clesheo.pl\/wp-content\/uploads\/2023\/03\/Oh-baby-album-dziecka-kronika.jpg","type":"image\/jpeg"}],"twitter_card":"summary_large_image","twitter_misc":{"Est. reading time":"2 minutes"},"schema":{"@context":"https:\/\/schema.org","@graph":[{"@type":"WebPage","@id":"https:\/\/clesheo.pl\/shop\/oh-baby-album-dziecka-clesheo\/","url":"https:\/\/clesheo.pl\/shop\/oh-baby-album-dziecka-clesheo\/","name":"Oh baby Album dziecka Clesheo","isPartOf":{"@id":"https:\/\/clesheo.pl\/#website"},"primaryImageOfPage":{"@id":"https:\/\/clesheo.pl\/shop\/oh-baby-album-dziecka-clesheo\/#primaryimage"},"image":{"@id":"https:\/\/clesheo.pl\/shop\/oh-baby-album-dziecka-clesheo\/#primaryimage"},"thumbnailUrl":"https:\/\/clesheo.pl\/wp-content\/uploads\/2023\/03\/Oh-baby-album-dziecka-kronika.jpg","datePublished":"2025-03-26T08:12:32+00:00","dateModified":"2025-03-26T12:30:40+00:00","description":"Oh baby Album dziecka, klasyczny, na zdj\u0119cia wklejane, ze stronami przek\u0142adanymi pergaminem, album na sesj\u0119 noworodkow\u0105 Clesheo","breadcrumb":{"@id":"https:\/\/clesheo.pl\/shop\/oh-baby-album-dziecka-clesheo\/#breadcrumb"},"inLanguage":"en-US","potentialAction":[{"@type":"ReadAction","target":["https:\/\/clesheo.pl\/shop\/oh-baby-album-dziecka-clesheo\/"]}]},{"@type":"ImageObject","inLanguage":"en-US","@id":"https:\/\/clesheo.pl\/shop\/oh-baby-album-dziecka-clesheo\/#primaryimage","url":"https:\/\/clesheo.pl\/wp-content\/uploads\/2023\/03\/Oh-baby-album-dziecka-kronika.jpg","contentUrl":"https:\/\/clesheo.pl\/wp-content\/uploads\/2023\/03\/Oh-baby-album-dziecka-kronika.jpg","width":800,"height":1034,"caption":"Oh baby album dziecka"},{"@type":"BreadcrumbList","@id":"https:\/\/clesheo.pl\/shop\/oh-baby-album-dziecka-clesheo\/#breadcrumb","itemListElement":[{"@type":"ListItem","position":1,"name":"Strona g\u0142\u00f3wna","item":"https:\/\/clesheo.pl\/"},{"@type":"ListItem","position":2,"name":"Sklep","item":"https:\/\/clesheo.pl\/sklep\/"},{"@type":"ListItem","position":3,"name":"Oh baby album dziecka"}]},{"@type":"WebSite","@id":"https:\/\/clesheo.pl\/#website","url":"https:\/\/clesheo.pl\/","name":"Clesheo","description":"","potentialAction":[{"@type":"SearchAction","target":{"@type":"EntryPoint","urlTemplate":"https:\/\/clesheo.pl\/?s={search_term_string}"},"query-input":{"@type":"PropertyValueSpecification","valueRequired":true,"valueName":"search_term_string"}}],"inLanguage":"en-US"}]}},"_links":{"self":[{"href":"https:\/\/clesheo.pl\/en\/wp-json\/wp\/v2\/product\/13841","targetHints":{"allow":["GET"]}}],"collection":[{"href":"https:\/\/clesheo.pl\/en\/wp-json\/wp\/v2\/product"}],"about":[{"href":"https:\/\/clesheo.pl\/en\/wp-json\/wp\/v2\/types\/product"}],"replies":[{"embeddable":true,"href":"https:\/\/clesheo.pl\/en\/wp-json\/wp\/v2\/comments?post=13841"}],"wp:featuredmedia":[{"embeddable":true,"href":"https:\/\/clesheo.pl\/en\/wp-json\/wp\/v2\/media\/13837"}],"wp:attachment":[{"href":"https:\/\/clesheo.pl\/en\/wp-json\/wp\/v2\/media?parent=13841"}],"wp:term":[{"taxonomy":"product_brand","embeddable":true,"href":"https:\/\/clesheo.pl\/en\/wp-json\/wp\/v2\/product_brand?post=13841"},{"taxonomy":"product_cat","embeddable":true,"href":"https:\/\/clesheo.pl\/en\/wp-json\/wp\/v2\/product_cat?post=13841"},{"taxonomy":"product_tag","embeddable":true,"href":"https:\/\/clesheo.pl\/en\/wp-json\/wp\/v2\/product_tag?post=13841"}],"curies":[{"name":"wp","href":"https:\/\/api.w.org\/{rel}","templated":true}]}}