{"id":13941,"date":"2022-09-22T14:47:30","date_gmt":"2022-09-22T12:47:30","guid":{"rendered":"https:\/\/clesheo.pl\/?post_type=product&#038;p=13941"},"modified":"2023-12-06T12:10:03","modified_gmt":"2023-12-06T11:10:03","slug":"album-z-metryczka-i-imieniem-dzieckaalbum-ze-stopkami-i-imieniem-dziecka","status":"publish","type":"product","link":"https:\/\/clesheo.pl\/en\/shop\/album-z-metryczka-i-imieniem-dzieckaalbum-ze-stopkami-i-imieniem-dziecka\/","title":{"rendered":"Album metryczka"},"content":{"rendered":"<p>Album metryczka to nowoczesne podej\u015bcie do album\u00f3w na zdj\u0119cia dla dzieci. Nasze albumy wyr\u00f3\u017cniaj\u0105 si\u0119 eleganckim, minimalistycznym oraz ponadczasowym designem.<\/p>\n<h5>Kolor oprawy<\/h5>\n<p>Elegancka, p\u0142\u00f3cienna ok\u0142adka albumu wyst\u0119puje w kilku opcjach kolorystycznych. Wybrane przez nas kolory p\u0142\u00f3tna s\u0105 odpowiednie zar\u00f3wno dla ch\u0142opc\u00f3w jak i dziewczynek. Znajdziesz tu kolory ziemi, pastele, r\u00f3\u017cne faktury i sploty. Wybierz sw\u00f3j ulubiony odcie\u0144, klikaj\u0105c na palet\u0119 w galerii. Aby m\u00f3c przyjrze\u0107 si\u0119 dok\u0142adniej fakturze materia\u0142u najed\u017a kursorem na interesuj\u0105ce Ci\u0119 p\u0142\u00f3tno.<\/p>\n<h5>Ok\u0142adka z personalizowanym nadrukiem<\/h5>\n<p>Na ok\u0142adce opr\u00f3cz imienia dziecka umie\u015bcimy najwa\u017cniejsze informacje dotycz\u0105ce narodzin: dat\u0119 urodzenia, godzin\u0119, wag\u0119 oraz d\u0142ugo\u015b\u0107 maluszka. Nadruk wykonujemy technik\u0105 UV.<\/p>\n<h5>Wn\u0119trze albumu<\/h5>\n<p>Album na zdj\u0119cia dla dzieci zawiera 20 kart (40 stron), kt\u00f3re oddzielone s\u0105 od siebie pi\u0119knym, fakturowanym pergaminem. Pergamin\u00a0 <b>chroni zdj\u0119cia<\/b> i dodaje albumowi szyku. \u00a0Albumy wykonujemy z materia\u0142\u00f3w, kt\u00f3re gwarantuj\u0105 wieloletnie u\u017cytkowanie, nawet wtedy, gdy zdj\u0119cia przegl\u0105damy bardzo cz\u0119sto.<\/p>\n<p><!--more--><\/p>\n<h5>Rozmiar<\/h5>\n<p>Du\u017cy rozmiar: 30cm x 30cm zapewnia wiele miejsca na zdj\u0119cia w r\u00f3\u017cnych formatach. Strony pomieszcz\u0105 odbitki w formacie maksymalnie do 15\u00d721cm. Na ka\u017cdej stronie mo\u017cemy wklei\u0107 jedno do trzech zdj\u0119\u0107.<\/p>\n<h5>Album na zdj\u0119cia jako prezent<\/h5>\n<p>Nasze albumy wykonujemy, z ogromn\u0105 dba\u0142o\u015bci\u0105 o najmniejszy szczeg\u00f3\u0142. Dzi\u0119ki temu mog\u0105 by\u0107 one \u015bwietnym pomys\u0142em na prezenty z okazji przyj\u0119cia Baby Shower, narodzin dziecka, Chrztu, urodzin i wielu innych.<\/p>\n<p>W czasach, gdy ka\u017cdy z nas nosi w kieszeni lub torebce aparat fotograficzny w postaci smartfona, albumy na zdj\u0119cia Clesheo to praktyczne\u00a0 i ciesz\u0105ce oko rozwi\u0105zania.<\/p>\n<h5>Zwroty<\/h5>\n<p>Poniewa\u017c nasze albumy posiadaj\u0105 personalizowane ok\u0142adki, wykonywane s\u0105 na zam\u00f3wienie. W zwi\u0105zku z tym, nie podlegaj\u0105 zwrotom. Prosimy o dokonywanie przemy\u015blanych zam\u00f3wie\u0144.<\/p>\n<p>Zobacz te\u017c inne albumy na zdj\u0119cia dost\u0119pne w naszym sklepie:<\/p>\n<p><a href=\"https:\/\/clesheo.pl\/product-category\/albumy-na-zdjecia\/\">https:\/\/clesheo.pl\/product-category\/albumy-na-zdjecia\/<\/a><\/p>\n<p>Metryczka w formie plakatu:<\/p>\n<p><a href=\"https:\/\/clesheo.pl\/shop\/metryczka-dla-dziecka\/\"><img decoding=\"async\" class=\"alignnone wp-image-11737 size-medium lazyload\" data-src=\"https:\/\/clesheo.pl\/wp-content\/uploads\/2021\/01\/metryczka-wianek-2-300x200.jpg\" alt=\"\" width=\"300\" height=\"200\" data-srcset=\"https:\/\/clesheo.pl\/wp-content\/uploads\/2021\/01\/metryczka-wianek-2-300x200.jpg 300w, https:\/\/clesheo.pl\/wp-content\/uploads\/2021\/01\/metryczka-wianek-2-1024x683.jpg 1024w, https:\/\/clesheo.pl\/wp-content\/uploads\/2021\/01\/metryczka-wianek-2-768x513.jpg 768w, https:\/\/clesheo.pl\/wp-content\/uploads\/2021\/01\/metryczka-wianek-2-1536x1025.jpg 1536w, https:\/\/clesheo.pl\/wp-content\/uploads\/2021\/01\/metryczka-wianek-2-2048x1367.jpg 2048w, https:\/\/clesheo.pl\/wp-content\/uploads\/2021\/01\/metryczka-wianek-2-600x400.jpg 600w\" data-sizes=\"(max-width: 300px) 100vw, 300px\" src=\"data:image\/svg+xml;base64,PHN2ZyB3aWR0aD0iMSIgaGVpZ2h0PSIxIiB4bWxucz0iaHR0cDovL3d3dy53My5vcmcvMjAwMC9zdmciPjwvc3ZnPg==\" style=\"--smush-placeholder-width: 300px; --smush-placeholder-aspect-ratio: 300\/200;\" \/><\/a><\/p>\n<p>&nbsp;<\/p>\n<p>&nbsp;<\/p>\n<p>Masz ju\u017c album &#8211; pora zrobi\u0107 pi\u0119kne zdj\u0119cia!<\/p>\n<p>Polecamy:<\/p>\n<div id=\"attachment_11832\" style=\"width: 310px\"  class=\"wp-caption alignnone\"><a href=\"https:\/\/kuchtafotografia.pl\/sesjeswiateczne\/\"><img decoding=\"async\" class=\"wp-image-11832 size-medium lazyload\" data-src=\"https:\/\/clesheo.pl\/wp-content\/uploads\/2021\/02\/young-couple-with-baby-daughter-park-1-300x200.jpg\" alt=\"kuchta fotografia\" width=\"300\" height=\"200\" data-srcset=\"https:\/\/clesheo.pl\/wp-content\/uploads\/2021\/02\/young-couple-with-baby-daughter-park-1-300x200.jpg 300w, https:\/\/clesheo.pl\/wp-content\/uploads\/2021\/02\/young-couple-with-baby-daughter-park-1-1024x683.jpg 1024w, https:\/\/clesheo.pl\/wp-content\/uploads\/2021\/02\/young-couple-with-baby-daughter-park-1-768x512.jpg 768w, https:\/\/clesheo.pl\/wp-content\/uploads\/2021\/02\/young-couple-with-baby-daughter-park-1-1536x1024.jpg 1536w, https:\/\/clesheo.pl\/wp-content\/uploads\/2021\/02\/young-couple-with-baby-daughter-park-1-2048x1365.jpg 2048w, https:\/\/clesheo.pl\/wp-content\/uploads\/2021\/02\/young-couple-with-baby-daughter-park-1-600x400.jpg 600w\" data-sizes=\"(max-width: 300px) 100vw, 300px\" src=\"data:image\/svg+xml;base64,PHN2ZyB3aWR0aD0iMSIgaGVpZ2h0PSIxIiB4bWxucz0iaHR0cDovL3d3dy53My5vcmcvMjAwMC9zdmciPjwvc3ZnPg==\" style=\"--smush-placeholder-width: 300px; --smush-placeholder-aspect-ratio: 300\/200;\" \/><\/a><p class=\"wp-caption-text\">www.kuchtafotografia.pl<\/p><\/div>\n","protected":false},"excerpt":{"rendered":"<p>Album na zdj\u0119cia z metryczk\u0105 na ok\u0142adce, w oprawie p\u0142\u00f3ciennej, 40 stron przek\u0142adanych fakturowanym pergaminem. Dane do metryczki wpisz w polach poni\u017cej.<\/p>\n<p>&nbsp;<\/p>\n","protected":false},"featured_media":13946,"comment_status":"open","ping_status":"closed","template":"","meta":[],"product_brand":[],"product_cat":[51],"product_tag":[154,304,257,259,260,262,255,265,258,261,256,240,264,263,369,53,56],"class_list":{"0":"post-13941","1":"product","2":"type-product","3":"status-publish","4":"has-post-thumbnail","6":"product_cat-personalizowany-album-na-zdjecia","7":"product_tag-album-dziecka","8":"product_tag-album-metryczka","9":"product_tag-album-na-zdjecia-10x15","10":"product_tag-album-na-zdjecia-dla-dzieci","11":"product_tag-album-na-zdjecia-dziecka","12":"product_tag-album-na-zdjecia-personalizowany","13":"product_tag-album-na-zdjecia-wklejane","14":"product_tag-albumy-do-wklejania-zdjec","15":"product_tag-albumy-na-zdjecia-10x15","16":"product_tag-albumy-na-zdjecia-personalizowane","17":"product_tag-albumy-na-zdjecia-wklejane","18":"product_tag-albumy-na-zdjecia","19":"product_tag-albumy","20":"product_tag-personalizowany-album-na-zdjecia","21":"product_tag-stopki","22":"product_tag-album","23":"product_tag-album-na-zdjecia","25":"first","26":"instock","27":"shipping-taxable","28":"purchasable","29":"product-type-variable"},"yoast_head":"<!-- This site is optimized with the Yoast SEO plugin v23.6 - https:\/\/yoast.com\/wordpress\/plugins\/seo\/ -->\n<title>Album ze st\u00f3pkami i imieniem dziecka<\/title>\n<meta name=\"description\" content=\"Album ze st\u00f3pkami i imieniem dziecka - klasyczny album na zdj\u0119cia w oprawie p\u0142\u00f3ciennej, 40, 60 lub 100 stron przek\u0142adanych fakturowanym pergaminem. Elegancka, p\u0142\u00f3cienna ok\u0142adka albumu mo\u017ce mie\u0107 kilka opcji kolorystycznych.\" \/>\n<meta name=\"robots\" content=\"index, follow, max-snippet:-1, max-image-preview:large, max-video-preview:-1\" \/>\n<link rel=\"canonical\" href=\"https:\/\/clesheo.pl\/en\/shop\/album-z-metryczka-i-imieniem-dzieckaalbum-ze-stopkami-i-imieniem-dziecka\/\" \/>\n<meta property=\"og:locale\" content=\"en_US\" \/>\n<meta property=\"og:locale:alternate\" content=\"pl_PL\" \/>\n<meta property=\"og:type\" content=\"article\" \/>\n<meta property=\"og:title\" content=\"Album ze st\u00f3pkami i imieniem dziecka\" \/>\n<meta property=\"og:description\" content=\"Album ze st\u00f3pkami i imieniem dziecka - klasyczny album na zdj\u0119cia w oprawie p\u0142\u00f3ciennej, 40, 60 lub 100 stron przek\u0142adanych fakturowanym pergaminem. Elegancka, p\u0142\u00f3cienna ok\u0142adka albumu mo\u017ce mie\u0107 kilka opcji kolorystycznych.\" \/>\n<meta property=\"og:url\" content=\"https:\/\/clesheo.pl\/en\/shop\/album-z-metryczka-i-imieniem-dzieckaalbum-ze-stopkami-i-imieniem-dziecka\/\" \/>\n<meta property=\"og:site_name\" content=\"Clesheo\" \/>\n<meta property=\"article:modified_time\" content=\"2023-12-06T11:10:03+00:00\" \/>\n<meta property=\"og:image\" content=\"https:\/\/clesheo.pl\/wp-content\/uploads\/2023\/09\/Album-na-zdjecia-dla-noworodka-z-metryczka-2.jpg\" \/>\n\t<meta property=\"og:image:width\" content=\"667\" \/>\n\t<meta property=\"og:image:height\" content=\"1000\" \/>\n\t<meta property=\"og:image:type\" content=\"image\/jpeg\" \/>\n<meta name=\"twitter:card\" content=\"summary_large_image\" \/>\n<meta name=\"twitter:label1\" content=\"Est. reading time\" \/>\n\t<meta name=\"twitter:data1\" content=\"3 minutes\" \/>\n<script type=\"application\/ld+json\" class=\"yoast-schema-graph\">{\"@context\":\"https:\/\/schema.org\",\"@graph\":[{\"@type\":\"WebPage\",\"@id\":\"https:\/\/clesheo.pl\/shop\/album-z-metryczka-i-imieniem-dzieckaalbum-ze-stopkami-i-imieniem-dziecka\/\",\"url\":\"https:\/\/clesheo.pl\/shop\/album-z-metryczka-i-imieniem-dzieckaalbum-ze-stopkami-i-imieniem-dziecka\/\",\"name\":\"Album ze st\u00f3pkami i imieniem dziecka\",\"isPartOf\":{\"@id\":\"https:\/\/clesheo.pl\/#website\"},\"primaryImageOfPage\":{\"@id\":\"https:\/\/clesheo.pl\/shop\/album-z-metryczka-i-imieniem-dzieckaalbum-ze-stopkami-i-imieniem-dziecka\/#primaryimage\"},\"image\":{\"@id\":\"https:\/\/clesheo.pl\/shop\/album-z-metryczka-i-imieniem-dzieckaalbum-ze-stopkami-i-imieniem-dziecka\/#primaryimage\"},\"thumbnailUrl\":\"https:\/\/clesheo.pl\/wp-content\/uploads\/2023\/09\/Album-na-zdjecia-dla-noworodka-z-metryczka-2.jpg\",\"datePublished\":\"2022-09-22T12:47:30+00:00\",\"dateModified\":\"2023-12-06T11:10:03+00:00\",\"description\":\"Album ze st\u00f3pkami i imieniem dziecka - klasyczny album na zdj\u0119cia w oprawie p\u0142\u00f3ciennej, 40, 60 lub 100 stron przek\u0142adanych fakturowanym pergaminem. Elegancka, p\u0142\u00f3cienna ok\u0142adka albumu mo\u017ce mie\u0107 kilka opcji kolorystycznych.\",\"breadcrumb\":{\"@id\":\"https:\/\/clesheo.pl\/shop\/album-z-metryczka-i-imieniem-dzieckaalbum-ze-stopkami-i-imieniem-dziecka\/#breadcrumb\"},\"inLanguage\":\"en-US\",\"potentialAction\":[{\"@type\":\"ReadAction\",\"target\":[\"https:\/\/clesheo.pl\/shop\/album-z-metryczka-i-imieniem-dzieckaalbum-ze-stopkami-i-imieniem-dziecka\/\"]}]},{\"@type\":\"ImageObject\",\"inLanguage\":\"en-US\",\"@id\":\"https:\/\/clesheo.pl\/shop\/album-z-metryczka-i-imieniem-dzieckaalbum-ze-stopkami-i-imieniem-dziecka\/#primaryimage\",\"url\":\"https:\/\/clesheo.pl\/wp-content\/uploads\/2023\/09\/Album-na-zdjecia-dla-noworodka-z-metryczka-2.jpg\",\"contentUrl\":\"https:\/\/clesheo.pl\/wp-content\/uploads\/2023\/09\/Album-na-zdjecia-dla-noworodka-z-metryczka-2.jpg\",\"width\":667,\"height\":1000,\"caption\":\"Album z materia\u0142ow\u0105 ok\u0142adk\u0105 metryczka dziecka\"},{\"@type\":\"BreadcrumbList\",\"@id\":\"https:\/\/clesheo.pl\/shop\/album-z-metryczka-i-imieniem-dzieckaalbum-ze-stopkami-i-imieniem-dziecka\/#breadcrumb\",\"itemListElement\":[{\"@type\":\"ListItem\",\"position\":1,\"name\":\"Strona g\u0142\u00f3wna\",\"item\":\"https:\/\/clesheo.pl\/\"},{\"@type\":\"ListItem\",\"position\":2,\"name\":\"Sklep\",\"item\":\"https:\/\/clesheo.pl\/sklep\/\"},{\"@type\":\"ListItem\",\"position\":3,\"name\":\"Album ze st\u00f3pkami i imieniem dziecka\"}]},{\"@type\":\"WebSite\",\"@id\":\"https:\/\/clesheo.pl\/#website\",\"url\":\"https:\/\/clesheo.pl\/\",\"name\":\"Clesheo\",\"description\":\"\",\"potentialAction\":[{\"@type\":\"SearchAction\",\"target\":{\"@type\":\"EntryPoint\",\"urlTemplate\":\"https:\/\/clesheo.pl\/?s={search_term_string}\"},\"query-input\":{\"@type\":\"PropertyValueSpecification\",\"valueRequired\":true,\"valueName\":\"search_term_string\"}}],\"inLanguage\":\"en-US\"}]}<\/script>\n<!-- \/ Yoast SEO plugin. -->","yoast_head_json":{"title":"Album ze st\u00f3pkami i imieniem dziecka","description":"Album ze st\u00f3pkami i imieniem dziecka - klasyczny album na zdj\u0119cia w oprawie p\u0142\u00f3ciennej, 40, 60 lub 100 stron przek\u0142adanych fakturowanym pergaminem. Elegancka, p\u0142\u00f3cienna ok\u0142adka albumu mo\u017ce mie\u0107 kilka opcji kolorystycznych.","robots":{"index":"index","follow":"follow","max-snippet":"max-snippet:-1","max-image-preview":"max-image-preview:large","max-video-preview":"max-video-preview:-1"},"canonical":"https:\/\/clesheo.pl\/en\/shop\/album-z-metryczka-i-imieniem-dzieckaalbum-ze-stopkami-i-imieniem-dziecka\/","og_locale":"en_US","og_type":"article","og_title":"Album ze st\u00f3pkami i imieniem dziecka","og_description":"Album ze st\u00f3pkami i imieniem dziecka - klasyczny album na zdj\u0119cia w oprawie p\u0142\u00f3ciennej, 40, 60 lub 100 stron przek\u0142adanych fakturowanym pergaminem. Elegancka, p\u0142\u00f3cienna ok\u0142adka albumu mo\u017ce mie\u0107 kilka opcji kolorystycznych.","og_url":"https:\/\/clesheo.pl\/en\/shop\/album-z-metryczka-i-imieniem-dzieckaalbum-ze-stopkami-i-imieniem-dziecka\/","og_site_name":"Clesheo","article_modified_time":"2023-12-06T11:10:03+00:00","og_image":[{"width":667,"height":1000,"url":"https:\/\/clesheo.pl\/wp-content\/uploads\/2023\/09\/Album-na-zdjecia-dla-noworodka-z-metryczka-2.jpg","type":"image\/jpeg"}],"twitter_card":"summary_large_image","twitter_misc":{"Est. reading time":"3 minutes"},"schema":{"@context":"https:\/\/schema.org","@graph":[{"@type":"WebPage","@id":"https:\/\/clesheo.pl\/shop\/album-z-metryczka-i-imieniem-dzieckaalbum-ze-stopkami-i-imieniem-dziecka\/","url":"https:\/\/clesheo.pl\/shop\/album-z-metryczka-i-imieniem-dzieckaalbum-ze-stopkami-i-imieniem-dziecka\/","name":"Album ze st\u00f3pkami i imieniem dziecka","isPartOf":{"@id":"https:\/\/clesheo.pl\/#website"},"primaryImageOfPage":{"@id":"https:\/\/clesheo.pl\/shop\/album-z-metryczka-i-imieniem-dzieckaalbum-ze-stopkami-i-imieniem-dziecka\/#primaryimage"},"image":{"@id":"https:\/\/clesheo.pl\/shop\/album-z-metryczka-i-imieniem-dzieckaalbum-ze-stopkami-i-imieniem-dziecka\/#primaryimage"},"thumbnailUrl":"https:\/\/clesheo.pl\/wp-content\/uploads\/2023\/09\/Album-na-zdjecia-dla-noworodka-z-metryczka-2.jpg","datePublished":"2022-09-22T12:47:30+00:00","dateModified":"2023-12-06T11:10:03+00:00","description":"Album ze st\u00f3pkami i imieniem dziecka - klasyczny album na zdj\u0119cia w oprawie p\u0142\u00f3ciennej, 40, 60 lub 100 stron przek\u0142adanych fakturowanym pergaminem. Elegancka, p\u0142\u00f3cienna ok\u0142adka albumu mo\u017ce mie\u0107 kilka opcji kolorystycznych.","breadcrumb":{"@id":"https:\/\/clesheo.pl\/shop\/album-z-metryczka-i-imieniem-dzieckaalbum-ze-stopkami-i-imieniem-dziecka\/#breadcrumb"},"inLanguage":"en-US","potentialAction":[{"@type":"ReadAction","target":["https:\/\/clesheo.pl\/shop\/album-z-metryczka-i-imieniem-dzieckaalbum-ze-stopkami-i-imieniem-dziecka\/"]}]},{"@type":"ImageObject","inLanguage":"en-US","@id":"https:\/\/clesheo.pl\/shop\/album-z-metryczka-i-imieniem-dzieckaalbum-ze-stopkami-i-imieniem-dziecka\/#primaryimage","url":"https:\/\/clesheo.pl\/wp-content\/uploads\/2023\/09\/Album-na-zdjecia-dla-noworodka-z-metryczka-2.jpg","contentUrl":"https:\/\/clesheo.pl\/wp-content\/uploads\/2023\/09\/Album-na-zdjecia-dla-noworodka-z-metryczka-2.jpg","width":667,"height":1000,"caption":"Album z materia\u0142ow\u0105 ok\u0142adk\u0105 metryczka dziecka"},{"@type":"BreadcrumbList","@id":"https:\/\/clesheo.pl\/shop\/album-z-metryczka-i-imieniem-dzieckaalbum-ze-stopkami-i-imieniem-dziecka\/#breadcrumb","itemListElement":[{"@type":"ListItem","position":1,"name":"Strona g\u0142\u00f3wna","item":"https:\/\/clesheo.pl\/"},{"@type":"ListItem","position":2,"name":"Sklep","item":"https:\/\/clesheo.pl\/sklep\/"},{"@type":"ListItem","position":3,"name":"Album ze st\u00f3pkami i imieniem dziecka"}]},{"@type":"WebSite","@id":"https:\/\/clesheo.pl\/#website","url":"https:\/\/clesheo.pl\/","name":"Clesheo","description":"","potentialAction":[{"@type":"SearchAction","target":{"@type":"EntryPoint","urlTemplate":"https:\/\/clesheo.pl\/?s={search_term_string}"},"query-input":{"@type":"PropertyValueSpecification","valueRequired":true,"valueName":"search_term_string"}}],"inLanguage":"en-US"}]}},"_links":{"self":[{"href":"https:\/\/clesheo.pl\/en\/wp-json\/wp\/v2\/product\/13941","targetHints":{"allow":["GET"]}}],"collection":[{"href":"https:\/\/clesheo.pl\/en\/wp-json\/wp\/v2\/product"}],"about":[{"href":"https:\/\/clesheo.pl\/en\/wp-json\/wp\/v2\/types\/product"}],"replies":[{"embeddable":true,"href":"https:\/\/clesheo.pl\/en\/wp-json\/wp\/v2\/comments?post=13941"}],"wp:featuredmedia":[{"embeddable":true,"href":"https:\/\/clesheo.pl\/en\/wp-json\/wp\/v2\/media\/13946"}],"wp:attachment":[{"href":"https:\/\/clesheo.pl\/en\/wp-json\/wp\/v2\/media?parent=13941"}],"wp:term":[{"taxonomy":"product_brand","embeddable":true,"href":"https:\/\/clesheo.pl\/en\/wp-json\/wp\/v2\/product_brand?post=13941"},{"taxonomy":"product_cat","embeddable":true,"href":"https:\/\/clesheo.pl\/en\/wp-json\/wp\/v2\/product_cat?post=13941"},{"taxonomy":"product_tag","embeddable":true,"href":"https:\/\/clesheo.pl\/en\/wp-json\/wp\/v2\/product_tag?post=13941"}],"curies":[{"name":"wp","href":"https:\/\/api.w.org\/{rel}","templated":true}]}}