{"id":14011,"date":"2025-03-26T09:30:31","date_gmt":"2025-03-26T08:30:31","guid":{"rendered":"https:\/\/clesheo.pl\/?post_type=product&#038;p=14011"},"modified":"2025-06-15T17:37:06","modified_gmt":"2025-06-15T15:37:06","slug":"album-na-zdjecia-milostki","status":"publish","type":"product","link":"https:\/\/clesheo.pl\/en\/shop\/album-na-zdjecia-milostki\/","title":{"rendered":"Classic photo album WILD ONE \u2013 Blue whale (Kopia)"},"content":{"rendered":"<p><strong>Album do wklejania zdj\u0119\u0107 Mi\u0142ostki, w p\u0142\u00f3ciennej ok\u0142adce<\/strong><\/p>\n<p>Personalizowany album mo\u017ce by\u0107 nie tylko pi\u0119kn\u0105 pami\u0105tk\u0105, ale tak\u017ce doskona\u0142ym sposobem na przechowywanie i eksponowanie ulubionych fotografii. Wyb\u00f3r koloru materia\u0142u na ok\u0142adk\u0119, ilo\u015bci stron oraz koloru kart umo\u017cliwi dostosowanie albumu do Twoich preferencji.<\/p>\n<h5>WN\u0118TRZE ALBUMU<\/h5>\n<p>Dzi\u0119ki pergaminowi oddzielaj\u0105cemu karty w albumie, Tw\u00f3j album na pewno zachowa sw\u00f3j elegancki wygl\u0105d i ochroni zawarte w nim zdj\u0119cia. Pergamin to trwa\u0142y i delikatny materia\u0142, kt\u00f3ry zapobiega \u015bcieraniu si\u0119 i uszkodzeniom zdj\u0119\u0107, zw\u0142aszcza gdy s\u0105 one przechowywane przez d\u0142ugi czas lub cz\u0119sto przegl\u0105dane. Dzi\u0119ki trwa\u0142ym materia\u0142om i estetycznemu wykonaniu, Tw\u00f3j album b\u0119dzie cieszy\u0142 oko i chroni\u0142 zdj\u0119cia przez d\u0142ugie lata.<\/p>\n<h5>ROZMIAR<\/h5>\n<p>Du\u017cy rozmiar albumu o wymiarach 30 cm x 30 cm to doskona\u0142y wyb\u00f3r dla tych, kt\u00f3rzy chc\u0105 mie\u0107 du\u017co miejsca na przechowywanie i prezentowanie swoich zdj\u0119\u0107. Ten format albumu pozwala na eksponowanie zdj\u0119\u0107 w r\u00f3\u017cnych formatach, zar\u00f3wno standardowych, jak i bardziej nietypowych, co daje wi\u0119ksz\u0105 swobod\u0119 w aran\u017cacji tre\u015bci. To tak\u017ce znakomity spos\u00f3b na wyeksponowanie szczeg\u00f3\u0142\u00f3w i detali zawartych na zdj\u0119ciach.<\/p>\n<p>Dzi\u0119ki du\u017cemu rozmiarowi albumu, mo\u017cesz cieszy\u0107 si\u0119 przegl\u0105daniem zdj\u0119\u0107 w pe\u0142nej krasie i zyska\u0107 wi\u0119cej miejsca na tworzenie kreatywnych uk\u0142ad\u00f3w i kompozycji stron.<\/p>\n<p>Na ok\u0142adce albumu umie\u015bcimy s\u0142owo &#8220;mi\u0142ostki&#8221;, ale je\u015bli masz w\u0142asny pomys\u0142 i chcesz spersonalizowa\u0107 ok\u0142adk\u0119\u00a0 swojego albumu to \u015bmia\u0142o pisz. Uwielbiamy Wasze pomys\u0142y! &#x1f642;<\/p>\n<h5>Kolor ok\u0142adki<\/h5>\n<p>Do wyboru 12 kolor\u00f3w oprawy: jasny r\u00f3\u017c, r\u00f3\u017c, pistacjowy, b\u0142\u0119kitny, jasny len, ciemny len, be\u017c, morska ziele\u0144, niebieski, szary, piaskowy br\u0105z oraz z\u0142oty piasek. Rzeczywiste kolory mog\u0105 si\u0119 nieznacznie r\u00f3\u017cni\u0107 w zale\u017cno\u015bci od kalibracji monitora i o\u015bwietlenia, dlatego te\u017c prosimy o przemy\u015blane zakupy.<\/p>\n<p><strong>Album na zdj\u0119cia MI\u0141OSTKI 30\u00d730 cm<\/strong><\/p>\n<p><strong>40, 60 lub 100 stron przek\u0142adanych pergaminem<\/strong><\/p>\n<p><strong>p\u0142\u00f3cienna ok\u0142adka<\/strong><\/p>\n<p><strong>karty w kolorze czarnym lub \u015bmietankowym<\/strong><\/p>\n<p>Personalizowany album na zdj\u0119cia w p\u0142\u00f3ciennej oprawie, mo\u017ce by\u0107 wspania\u0142ym i oryginalnym prezentem z okazji:<\/p>\n<ul>\n<li>\u015blubu<\/li>\n<li>rocznicy \u015blubu<\/li>\n<li>osiemnastki i wiele innych<\/li>\n<\/ul>\n<p>Warto pami\u0119ta\u0107 o odpowiednim przechowywaniu albumu, aby d\u0142u\u017cej zachowa\u0107 jego trwa\u0142o\u015b\u0107. Trzymaj go z dala od wilgoci, bezpo\u015bredniego \u015bwiat\u0142a s\u0142onecznego oraz wysokich temperatur, aby zapewni\u0107 najlepsz\u0105 ochron\u0119 zdj\u0119ciom wewn\u0105trz albumu.<\/p>\n<h5>ZWROTY<\/h5>\n<p>Personalizowane albumy nie podlegaj\u0105 zwrotom. Personalizacja ok\u0142adek sprawia, \u017ce produkt staje si\u0119 unikatowy i dostosowany do indywidualnych potrzeb klienta, co mo\u017ce utrudni\u0107 jego dalsz\u0105 odsprzeda\u017c. Dlatego zawsze zalecamy dok\u0142adne przemy\u015blenie zam\u00f3wienia i upewnienie si\u0119, \u017ce wyb\u00f3r ok\u0142adki, zawarto\u015bci i innych szczeg\u00f3\u0142\u00f3w jest zgodny z oczekiwaniami.<\/p>\n<p>Niech tworzenie albumu stanie si\u0119 przyjemnym projektem!\u00a0 Je\u015bli masz inny pomys\u0142 na sw\u00f3j album, ale potrzebujesz pomocy lub rad dotycz\u0105cych grafiki czy czcionki, zawsze mo\u017cesz liczy\u0107 na nasze wsparcie i inspiracj\u0119.\u00a0Napisz do nas kontakt@clesheo.pl<\/p>\n<p>Czas realizacji zam\u00f3wie\u0144 to oko\u0142o 10 dni roboczych plus wysy\u0142ka kurierska.<\/p>\n<p>W naszym sklepie online dost\u0119pne s\u0105 albumy na spisywanie wspomnie\u0144 dziecka, kt\u00f3re r\u00f3wnie\u017c oprawione s\u0105 w p\u0142\u00f3tno. Skompletuj pi\u0119kny zestaw i zam\u00f3w album na zdj\u0119cia oraz album dziecka z tak\u0105 sam\u0105 ok\u0142adk\u0105.<\/p>\n<p>Album znajdziesz tu ->\u00a0<a href=\"https:\/\/clesheo.pl\/shop\/album-dziecka\/\">https:\/\/clesheo.pl\/shop\/album-dziecka\/<\/a><\/p>\n<p>B\u0105d\u017a z nami na bie\u017c\u0105co ->\u00a0<a href=\"http:\/\/www.instagra.pl\/clesheo\">http:\/\/www.instagra.pl\/clesheo<\/a><\/p>\n","protected":false},"excerpt":{"rendered":"<p>Photo album 30\u00d730 cm<\/p>\n<p>40 pages layered with a parchment<\/p>\n<p>canvas cover<\/p>\n","protected":false},"featured_media":13989,"comment_status":"open","ping_status":"closed","template":"","meta":[],"product_brand":[],"product_cat":[51],"product_tag":[238,230,244,154,239,240,242,241,243,56,63,69,68,67],"class_list":{"0":"post-14011","1":"product","2":"type-product","3":"status-publish","4":"has-post-thumbnail","6":"product_cat-personalizowany-album-na-zdjecia","7":"product_tag-album-dla-chlopca","8":"product_tag-album-dla-dziewczynki","9":"product_tag-album-do-wklejania-zdjec","10":"product_tag-album-dziecka","11":"product_tag-album-z-imieniem","12":"product_tag-albumy-na-zdjecia","13":"product_tag-foto-ksiazka","14":"product_tag-fotoksiazka","15":"product_tag-fotoksiazki","16":"product_tag-album-na-zdjecia","17":"product_tag-len","18":"product_tag-lniana-okladna","19":"product_tag-plocienna-okladka","20":"product_tag-wieloryb","22":"first","23":"instock","24":"shipping-taxable","25":"purchasable","26":"product-type-variable"},"yoast_head":"<!-- This site is optimized with the Yoast SEO plugin v23.6 - https:\/\/yoast.com\/wordpress\/plugins\/seo\/ -->\n<title>Classic photo album WILD ONE \u2013 Blue whale (Kopia)<\/title>\n<meta name=\"description\" content=\"Album do wklejania zdj\u0119\u0107 Mi\u0142ostki, tradycyjny, oprawiony w p\u0142\u00f3tno, z nadrukowanym imieniem na ok\u0142adce. Wiele opcji kolorystycznych ok\u0142adki.\" \/>\n<meta name=\"robots\" content=\"index, follow, max-snippet:-1, max-image-preview:large, max-video-preview:-1\" \/>\n<link rel=\"canonical\" href=\"https:\/\/clesheo.pl\/en\/shop\/album-na-zdjecia-milostki\/\" \/>\n<meta property=\"og:locale\" content=\"en_US\" \/>\n<meta property=\"og:locale:alternate\" content=\"pl_PL\" \/>\n<meta property=\"og:type\" content=\"article\" \/>\n<meta property=\"og:title\" content=\"Classic photo album WILD ONE \u2013 Blue whale (Kopia)\" \/>\n<meta property=\"og:description\" content=\"Album do wklejania zdj\u0119\u0107 Mi\u0142ostki, tradycyjny, oprawiony w p\u0142\u00f3tno, z nadrukowanym imieniem na ok\u0142adce. Wiele opcji kolorystycznych ok\u0142adki.\" \/>\n<meta property=\"og:url\" content=\"https:\/\/clesheo.pl\/en\/shop\/album-na-zdjecia-milostki\/\" \/>\n<meta property=\"og:site_name\" content=\"Clesheo\" \/>\n<meta property=\"article:modified_time\" content=\"2025-06-15T15:37:06+00:00\" \/>\n<meta property=\"og:image\" content=\"https:\/\/clesheo.pl\/wp-content\/uploads\/2023\/09\/IMG_1347.jpg\" \/>\n\t<meta property=\"og:image:width\" content=\"871\" \/>\n\t<meta property=\"og:image:height\" content=\"1200\" \/>\n\t<meta property=\"og:image:type\" content=\"image\/jpeg\" \/>\n<meta name=\"twitter:card\" content=\"summary_large_image\" \/>\n<meta name=\"twitter:label1\" content=\"Est. reading time\" \/>\n\t<meta name=\"twitter:data1\" content=\"4 minutes\" \/>\n<script type=\"application\/ld+json\" class=\"yoast-schema-graph\">{\"@context\":\"https:\/\/schema.org\",\"@graph\":[{\"@type\":\"WebPage\",\"@id\":\"https:\/\/clesheo.pl\/shop\/album-na-zdjecia-milostki\/\",\"url\":\"https:\/\/clesheo.pl\/shop\/album-na-zdjecia-milostki\/\",\"name\":\"Classic photo album WILD ONE \u2013 Blue whale (Kopia)\",\"isPartOf\":{\"@id\":\"https:\/\/clesheo.pl\/#website\"},\"primaryImageOfPage\":{\"@id\":\"https:\/\/clesheo.pl\/shop\/album-na-zdjecia-milostki\/#primaryimage\"},\"image\":{\"@id\":\"https:\/\/clesheo.pl\/shop\/album-na-zdjecia-milostki\/#primaryimage\"},\"thumbnailUrl\":\"https:\/\/clesheo.pl\/wp-content\/uploads\/2023\/09\/IMG_1347.jpg\",\"datePublished\":\"2025-03-26T08:30:31+00:00\",\"dateModified\":\"2025-06-15T15:37:06+00:00\",\"description\":\"Album do wklejania zdj\u0119\u0107 Mi\u0142ostki, tradycyjny, oprawiony w p\u0142\u00f3tno, z nadrukowanym imieniem na ok\u0142adce. Wiele opcji kolorystycznych ok\u0142adki.\",\"breadcrumb\":{\"@id\":\"https:\/\/clesheo.pl\/shop\/album-na-zdjecia-milostki\/#breadcrumb\"},\"inLanguage\":\"en-US\",\"potentialAction\":[{\"@type\":\"ReadAction\",\"target\":[\"https:\/\/clesheo.pl\/shop\/album-na-zdjecia-milostki\/\"]}]},{\"@type\":\"ImageObject\",\"inLanguage\":\"en-US\",\"@id\":\"https:\/\/clesheo.pl\/shop\/album-na-zdjecia-milostki\/#primaryimage\",\"url\":\"https:\/\/clesheo.pl\/wp-content\/uploads\/2023\/09\/IMG_1347.jpg\",\"contentUrl\":\"https:\/\/clesheo.pl\/wp-content\/uploads\/2023\/09\/IMG_1347.jpg\",\"width\":871,\"height\":1200,\"caption\":\"Album do wklejania zdj\u0119\u0107\"},{\"@type\":\"BreadcrumbList\",\"@id\":\"https:\/\/clesheo.pl\/shop\/album-na-zdjecia-milostki\/#breadcrumb\",\"itemListElement\":[{\"@type\":\"ListItem\",\"position\":1,\"name\":\"Strona g\u0142\u00f3wna\",\"item\":\"https:\/\/clesheo.pl\/\"},{\"@type\":\"ListItem\",\"position\":2,\"name\":\"Sklep\",\"item\":\"https:\/\/clesheo.pl\/sklep\/\"},{\"@type\":\"ListItem\",\"position\":3,\"name\":\"Album na zdj\u0119cia Mi\u0142ostki\"}]},{\"@type\":\"WebSite\",\"@id\":\"https:\/\/clesheo.pl\/#website\",\"url\":\"https:\/\/clesheo.pl\/\",\"name\":\"Clesheo\",\"description\":\"\",\"potentialAction\":[{\"@type\":\"SearchAction\",\"target\":{\"@type\":\"EntryPoint\",\"urlTemplate\":\"https:\/\/clesheo.pl\/?s={search_term_string}\"},\"query-input\":{\"@type\":\"PropertyValueSpecification\",\"valueRequired\":true,\"valueName\":\"search_term_string\"}}],\"inLanguage\":\"en-US\"}]}<\/script>\n<!-- \/ Yoast SEO plugin. -->","yoast_head_json":{"title":"Classic photo album WILD ONE \u2013 Blue whale (Kopia)","description":"Album do wklejania zdj\u0119\u0107 Mi\u0142ostki, tradycyjny, oprawiony w p\u0142\u00f3tno, z nadrukowanym imieniem na ok\u0142adce. Wiele opcji kolorystycznych ok\u0142adki.","robots":{"index":"index","follow":"follow","max-snippet":"max-snippet:-1","max-image-preview":"max-image-preview:large","max-video-preview":"max-video-preview:-1"},"canonical":"https:\/\/clesheo.pl\/en\/shop\/album-na-zdjecia-milostki\/","og_locale":"en_US","og_type":"article","og_title":"[:en]Classic photo album WILD ONE \u2013 Blue whale (Kopia)[:pl]Album na zdj\u0119cia Mi\u0142ostki[:] - Clesheo","og_description":"[:pl]Album do wklejania zdj\u0119\u0107 Mi\u0142ostki, tradycyjny, oprawiony w p\u0142\u00f3tno, z nadrukowanym imieniem na ok\u0142adce. Wiele opcji kolorystycznych ok\u0142adki.[:]","og_url":"https:\/\/clesheo.pl\/en\/shop\/album-na-zdjecia-milostki\/","og_site_name":"Clesheo","article_modified_time":"2025-06-15T15:37:06+00:00","og_image":[{"width":871,"height":1200,"url":"https:\/\/clesheo.pl\/wp-content\/uploads\/2023\/09\/IMG_1347.jpg","type":"image\/jpeg"}],"twitter_card":"summary_large_image","twitter_misc":{"Est. reading time":"4 minutes"},"schema":{"@context":"https:\/\/schema.org","@graph":[{"@type":"WebPage","@id":"https:\/\/clesheo.pl\/shop\/album-na-zdjecia-milostki\/","url":"https:\/\/clesheo.pl\/shop\/album-na-zdjecia-milostki\/","name":"Classic photo album WILD ONE \u2013 Blue whale (Kopia)","isPartOf":{"@id":"https:\/\/clesheo.pl\/#website"},"primaryImageOfPage":{"@id":"https:\/\/clesheo.pl\/shop\/album-na-zdjecia-milostki\/#primaryimage"},"image":{"@id":"https:\/\/clesheo.pl\/shop\/album-na-zdjecia-milostki\/#primaryimage"},"thumbnailUrl":"https:\/\/clesheo.pl\/wp-content\/uploads\/2023\/09\/IMG_1347.jpg","datePublished":"2025-03-26T08:30:31+00:00","dateModified":"2025-06-15T15:37:06+00:00","description":"Album do wklejania zdj\u0119\u0107 Mi\u0142ostki, tradycyjny, oprawiony w p\u0142\u00f3tno, z nadrukowanym imieniem na ok\u0142adce. Wiele opcji kolorystycznych ok\u0142adki.","breadcrumb":{"@id":"https:\/\/clesheo.pl\/shop\/album-na-zdjecia-milostki\/#breadcrumb"},"inLanguage":"en-US","potentialAction":[{"@type":"ReadAction","target":["https:\/\/clesheo.pl\/shop\/album-na-zdjecia-milostki\/"]}]},{"@type":"ImageObject","inLanguage":"en-US","@id":"https:\/\/clesheo.pl\/shop\/album-na-zdjecia-milostki\/#primaryimage","url":"https:\/\/clesheo.pl\/wp-content\/uploads\/2023\/09\/IMG_1347.jpg","contentUrl":"https:\/\/clesheo.pl\/wp-content\/uploads\/2023\/09\/IMG_1347.jpg","width":871,"height":1200,"caption":"Album do wklejania zdj\u0119\u0107"},{"@type":"BreadcrumbList","@id":"https:\/\/clesheo.pl\/shop\/album-na-zdjecia-milostki\/#breadcrumb","itemListElement":[{"@type":"ListItem","position":1,"name":"Strona g\u0142\u00f3wna","item":"https:\/\/clesheo.pl\/"},{"@type":"ListItem","position":2,"name":"Sklep","item":"https:\/\/clesheo.pl\/sklep\/"},{"@type":"ListItem","position":3,"name":"Album na zdj\u0119cia Mi\u0142ostki"}]},{"@type":"WebSite","@id":"https:\/\/clesheo.pl\/#website","url":"https:\/\/clesheo.pl\/","name":"Clesheo","description":"","potentialAction":[{"@type":"SearchAction","target":{"@type":"EntryPoint","urlTemplate":"https:\/\/clesheo.pl\/?s={search_term_string}"},"query-input":{"@type":"PropertyValueSpecification","valueRequired":true,"valueName":"search_term_string"}}],"inLanguage":"en-US"}]}},"_links":{"self":[{"href":"https:\/\/clesheo.pl\/en\/wp-json\/wp\/v2\/product\/14011","targetHints":{"allow":["GET"]}}],"collection":[{"href":"https:\/\/clesheo.pl\/en\/wp-json\/wp\/v2\/product"}],"about":[{"href":"https:\/\/clesheo.pl\/en\/wp-json\/wp\/v2\/types\/product"}],"replies":[{"embeddable":true,"href":"https:\/\/clesheo.pl\/en\/wp-json\/wp\/v2\/comments?post=14011"}],"wp:featuredmedia":[{"embeddable":true,"href":"https:\/\/clesheo.pl\/en\/wp-json\/wp\/v2\/media\/13989"}],"wp:attachment":[{"href":"https:\/\/clesheo.pl\/en\/wp-json\/wp\/v2\/media?parent=14011"}],"wp:term":[{"taxonomy":"product_brand","embeddable":true,"href":"https:\/\/clesheo.pl\/en\/wp-json\/wp\/v2\/product_brand?post=14011"},{"taxonomy":"product_cat","embeddable":true,"href":"https:\/\/clesheo.pl\/en\/wp-json\/wp\/v2\/product_cat?post=14011"},{"taxonomy":"product_tag","embeddable":true,"href":"https:\/\/clesheo.pl\/en\/wp-json\/wp\/v2\/product_tag?post=14011"}],"curies":[{"name":"wp","href":"https:\/\/api.w.org\/{rel}","templated":true}]}}