{"id":14047,"date":"2019-10-01T20:01:11","date_gmt":"2019-10-01T18:01:11","guid":{"rendered":"https:\/\/clesheo.pl\/?post_type=product&#038;p=14047"},"modified":"2025-10-08T19:15:50","modified_gmt":"2025-10-08T17:15:50","slug":"niebieski-album-na-zdjecia-z-nadrukiem-na-okladce","status":"publish","type":"product","link":"https:\/\/clesheo.pl\/en\/shop\/niebieski-album-na-zdjecia-z-nadrukiem-na-okladce\/","title":{"rendered":"Classic photo album WILD ONE \u2013 Blue whale (Kopia)"},"content":{"rendered":"<p><strong>Niebieski album na zdj\u0119cia wklejane, oprawiony w p\u0142\u00f3tno, z nadrukiem na ok\u0142adce\u00a0<\/strong><\/p>\n<p>Nadszed\u0142 czas aby wywo\u0142a\u0107 i uporz\u0105dkowa\u0107 zdj\u0119cia?<\/p>\n<p>Bardzo dobry pomys\u0142! I \u015bwietnie trafi\u0142a\u015b\/\u0142e\u015b \ud83d\ude42<\/p>\n<p>Przygotowanie klasycznego albumu do wklejania zdj\u0119\u0107 mo\u017ce by\u0107 bardzo satysfakcjonuj\u0105cym procesem, kt\u00f3ry pozwoli ci zachowa\u0107 wspomnienia na lata. To naprawd\u0119 pi\u0119kny spos\u00f3b na przechowywanie i docenianie fotografii.<\/p>\n<p>Klasyczny album na zdj\u0119cia oprawiony jest w pi\u0119kne i eleganckie p\u0142\u00f3tno w kolorze niebieskim. Na ok\u0142adce zostanie nadrukowany tekst wg Twojego pomys\u0142u.<\/p>\n<h5>Wn\u0119trze:<\/h5>\n<p>Karty do przyklejania zdj\u0119\u0107 prze\u0142o\u017cone zosta\u0142y \u015bmietankowym pergaminem o ozdobnej fakturze. Pergamin w albumie na zdj\u0119cia pe\u0142ni wa\u017cn\u0105 funkcj\u0119 ochronn\u0105 dla fotografii. Ma kilka istotnych zastosowa\u0144:<\/p>\n<ol>\n<li><strong>Ochrona przed tarcie i zarysowania.<\/strong>\u00a0Pergamin dzia\u0142a jako warstwa ochronna, kt\u00f3ra zapobiega bezpo\u015bredniemu kontaktowi mi\u0119dzy zdj\u0119ciami a stronami albumu. Chroni zdj\u0119cia przed tarcie i zarysowania, kt\u00f3re mog\u0105 wyst\u0105pi\u0107, gdy strony albumu s\u0105 przek\u0142adane.<\/li>\n<li><strong>Ochrona przed przyklejeniem.<\/strong>\u00a0Je\u015bli u\u017cywasz kleju lub ta\u015bmy do przyklejania zdj\u0119\u0107 do albumu, pergamin mo\u017ce pom\u00f3c w unikni\u0119ciu przypadkowego przyklejenia zdj\u0119\u0107 do siebie lub do innych stron.<\/li>\n<li><strong>Ochrona przed kurzeniem si\u0119.<\/strong>\u00a0Pergamin mo\u017ce tak\u017ce pom\u00f3c w ochronie zdj\u0119\u0107 przed kurzem i innymi czynnikami zewn\u0119trznymi, kt\u00f3re mog\u0105 wp\u0142ywa\u0107 na ich jako\u015b\u0107.<\/li>\n<li><strong>Zachowanie jako\u015bci zdj\u0119\u0107.<\/strong>\u00a0Dzi\u0119ki pergaminowi zdj\u0119cia pozostaj\u0105 w lepszym stanie i zachowuj\u0105 swoj\u0105 jako\u015b\u0107 na przestrzeni czasu. Chroni je przed blakni\u0119ciem, uszkodzeniami i innymi negatywnymi wp\u0142ywami.<\/li>\n<\/ol>\n<h6>Ile stron powinien mie\u0107 m\u00f3j album?<\/h6>\n<p>Opcja wyboru liczby stron w albumie to wspania\u0142a mo\u017cliwo\u015b\u0107 dostosowania go do w\u0142asnych potrzeb i ilo\u015bci zdj\u0119\u0107. Oto kilka sugestii, kt\u00f3re mog\u0105 pom\u00f3c w dokonaniu wyboru:<\/p>\n<ol>\n<li>40 stron: To \u015bwietny wyb\u00f3r, je\u015bli chcesz stworzy\u0107 bardziej zwi\u0119z\u0142y album, zawieraj\u0105cy wy\u0142\u0105cznie najwa\u017cniejsze i najwa\u017cniejsze zdj\u0119cia. To dobra opcja na mniejsze wydarzenia, takie jak urodziny czy kr\u00f3tkie wakacje.<\/li>\n<li>60 stron: Ta opcja jest idealna, je\u015bli masz wi\u0119cej zdj\u0119\u0107 i chcia\u0142by\u015b\/chcia\u0142aby\u015b uwieczni\u0107 nieco wi\u0119cej szczeg\u00f3\u0142\u00f3w z danego okresu \u017cycia lub wydarzenia. To r\u00f3wnie\u017c dobra liczba stron na stworzenie albumu na jeden rok \u017cycia dziecka lub na wa\u017cne chwile w jego rozwoju.<\/li>\n<li>100 stron: Je\u015bli masz du\u017ce ilo\u015bci zdj\u0119\u0107 i chcia\u0142by\u015b\/chcia\u0142aby\u015b stworzy\u0107 obszerny album, kt\u00f3ry b\u0119dzie pe\u0142en wspomnie\u0144, ta opcja jest dla ciebie. To doskona\u0142y wyb\u00f3r na album rodzinny, kt\u00f3ry mo\u017ce obejmowa\u0107 wiele lat \u017cycia, wa\u017cnych wydarze\u0144 i podr\u00f3\u017cy.<\/li>\n<\/ol>\n<p>Wyb\u00f3r liczby stron zale\u017cy od ilo\u015bci dost\u0119pnych zdj\u0119\u0107 oraz od tego, ile szczeg\u00f3\u0142\u00f3w chcesz uwieczni\u0107 w albumie. Bez wzgl\u0119du na to, kt\u00f3r\u0105 opcj\u0119 wybierzesz, pami\u0119taj, \u017ce album b\u0119dzie pi\u0119kn\u0105 pami\u0105tk\u0105, kt\u00f3r\u0105 b\u0119dziesz m\u00f3g\u0142\/mog\u0142a przegl\u0105da\u0107 i dzieli\u0107 si\u0119 ni\u0105 z innymi przez wiele lat.<\/p>\n<p>&nbsp;<\/p>\n<p>Je\u015bli chcia\u0142aby\u015b\/chcia\u0142by\u015b aby Tw\u00f3j album mia\u0142 inny kolor ok\u0142adki zajrzyj tu <a href=\"https:\/\/clesheo.pl\/shop\/album-na-zdjecia-tradycyjny-personalizowany\/\">https:\/\/clesheo.pl\/shop\/album-na-zdjecia-tradycyjny-personalizowany\/<\/a><\/p>\n<p>W naszym sklepie online dost\u0119pne s\u0105 albumy na spisywanie wspomnie\u0144 dziecka, kt\u00f3re r\u00f3wnie\u017c oprawione s\u0105 w p\u0142\u00f3tno. Skompletuj pi\u0119kny zestaw i zam\u00f3w album na zdj\u0119cia oraz album dziecka z tak\u0105 sam\u0105 ok\u0142adk\u0105.<\/p>\n<p>Album znajdziesz tu ->\u00a0<a href=\"https:\/\/clesheo.pl\/shop\/album-dziecka\/\">https:\/\/clesheo.pl\/shop\/album-dziecka\/<\/a><\/p>\n<p>B\u0105d\u017a z nami na bie\u017c\u0105co aby mie\u0107 informacje o nowo\u015bciach\u00a0 i ofertach promocyjnych\u00a0<a href=\"http:\/\/www.instagram.pl\/clesheo\">http:\/\/www.instagram.pl\/clesheo<\/a><\/p>\n<h5>ZWROTY<\/h5>\n<p>Personalizowane albumy nie podlegaj\u0105 zwrotom, poniewa\u017c s\u0105 one tworzone na zam\u00f3wienie, z indywidualnymi szczeg\u00f3\u0142ami. Dlatego te\u017c wa\u017cne jest, aby dok\u0142adnie przemy\u015ble\u0107 swoje zam\u00f3wienie i upewni\u0107 si\u0119, \u017ce dane do nadruku s\u0105 poprawne, przed finalizacj\u0105 zam\u00f3wienia.<\/p>\n<p>Kolory na zdj\u0119ciach na stronie internetowej mog\u0105 r\u00f3\u017cni\u0107 si\u0119 od rzeczywistych kolor\u00f3w ok\u0142adki z powodu ustawie\u0144 monitora oraz o\u015bwietlenia. R\u00f3\u017cne monitory i ekrany mog\u0105 interpretowa\u0107 kolory nieco inaczej.<\/p>\n<p>Je\u015bli masz jakiekolwiek w\u0105tpliwo\u015bci dotycz\u0105ce koloru lub innych szczeg\u00f3\u0142\u00f3w ok\u0142adki, skontaktuj si\u0119 na z nami mailowo &#8211; kontakt@clesheo.pl.<\/p>\n","protected":false},"excerpt":{"rendered":"<p>Photo album 30\u00d730 cm<\/p>\n<p>40 pages layered with a parchment<\/p>\n<p>canvas cover<\/p>\n","protected":false},"featured_media":14054,"comment_status":"open","ping_status":"closed","template":"","meta":[],"product_brand":[],"product_cat":[51],"product_tag":[238,230,244,154,239,240,242,241,243,56,63,69,68,67],"class_list":{"0":"post-14047","1":"product","2":"type-product","3":"status-publish","4":"has-post-thumbnail","6":"product_cat-personalizowany-album-na-zdjecia","7":"product_tag-album-dla-chlopca","8":"product_tag-album-dla-dziewczynki","9":"product_tag-album-do-wklejania-zdjec","10":"product_tag-album-dziecka","11":"product_tag-album-z-imieniem","12":"product_tag-albumy-na-zdjecia","13":"product_tag-foto-ksiazka","14":"product_tag-fotoksiazka","15":"product_tag-fotoksiazki","16":"product_tag-album-na-zdjecia","17":"product_tag-len","18":"product_tag-lniana-okladna","19":"product_tag-plocienna-okladka","20":"product_tag-wieloryb","22":"first","23":"instock","24":"shipping-taxable","25":"purchasable","26":"product-type-variable"},"yoast_head":"<!-- This site is optimized with the Yoast SEO plugin v23.6 - https:\/\/yoast.com\/wordpress\/plugins\/seo\/ -->\n<title>Niebieski-album-na-zdj\u0119cia-z-nadrukiem-na-ok\u0142adce<\/title>\n<meta name=\"description\" content=\"Niebieski album na zdj\u0119cia wklejane z nadrukiem na ok\u0142adce Ok\u0142adka p\u0142\u00f3cienna Rozmiar 30\u00d730 cm40, 60 lub 100 stron przek\u0142adanych pergaminem\" \/>\n<meta name=\"robots\" content=\"index, follow, max-snippet:-1, max-image-preview:large, max-video-preview:-1\" \/>\n<link rel=\"canonical\" href=\"https:\/\/clesheo.pl\/en\/shop\/niebieski-album-na-zdjecia-z-nadrukiem-na-okladce\/\" \/>\n<meta property=\"og:locale\" content=\"en_US\" \/>\n<meta property=\"og:locale:alternate\" content=\"pl_PL\" \/>\n<meta property=\"og:type\" content=\"article\" \/>\n<meta property=\"og:title\" content=\"Niebieski-album-na-zdj\u0119cia-z-nadrukiem-na-ok\u0142adce\" \/>\n<meta property=\"og:description\" content=\"Niebieski album na zdj\u0119cia wklejane z nadrukiem na ok\u0142adce Ok\u0142adka p\u0142\u00f3cienna Rozmiar 30\u00d730 cm40, 60 lub 100 stron przek\u0142adanych pergaminem\" \/>\n<meta property=\"og:url\" content=\"https:\/\/clesheo.pl\/en\/shop\/niebieski-album-na-zdjecia-z-nadrukiem-na-okladce\/\" \/>\n<meta property=\"og:site_name\" content=\"Clesheo\" \/>\n<meta property=\"article:modified_time\" content=\"2025-10-08T17:15:50+00:00\" \/>\n<meta property=\"og:image\" content=\"https:\/\/clesheo.pl\/wp-content\/uploads\/2023\/10\/Album-na-zdjecia-z-nadrukiem.jpg\" \/>\n\t<meta property=\"og:image:width\" content=\"800\" \/>\n\t<meta property=\"og:image:height\" content=\"711\" \/>\n\t<meta property=\"og:image:type\" content=\"image\/jpeg\" \/>\n<meta name=\"twitter:card\" content=\"summary_large_image\" \/>\n<meta name=\"twitter:label1\" content=\"Est. reading time\" \/>\n\t<meta name=\"twitter:data1\" content=\"4 minutes\" \/>\n<script type=\"application\/ld+json\" class=\"yoast-schema-graph\">{\"@context\":\"https:\/\/schema.org\",\"@graph\":[{\"@type\":\"WebPage\",\"@id\":\"https:\/\/clesheo.pl\/shop\/niebieski-album-na-zdjecia-z-nadrukiem-na-okladce\/\",\"url\":\"https:\/\/clesheo.pl\/shop\/niebieski-album-na-zdjecia-z-nadrukiem-na-okladce\/\",\"name\":\"Niebieski-album-na-zdj\u0119cia-z-nadrukiem-na-ok\u0142adce\",\"isPartOf\":{\"@id\":\"https:\/\/clesheo.pl\/#website\"},\"primaryImageOfPage\":{\"@id\":\"https:\/\/clesheo.pl\/shop\/niebieski-album-na-zdjecia-z-nadrukiem-na-okladce\/#primaryimage\"},\"image\":{\"@id\":\"https:\/\/clesheo.pl\/shop\/niebieski-album-na-zdjecia-z-nadrukiem-na-okladce\/#primaryimage\"},\"thumbnailUrl\":\"https:\/\/clesheo.pl\/wp-content\/uploads\/2023\/10\/Album-na-zdjecia-z-nadrukiem.jpg\",\"datePublished\":\"2019-10-01T18:01:11+00:00\",\"dateModified\":\"2025-10-08T17:15:50+00:00\",\"description\":\"Niebieski album na zdj\u0119cia wklejane z nadrukiem na ok\u0142adce Ok\u0142adka p\u0142\u00f3cienna Rozmiar 30\u00d730 cm40, 60 lub 100 stron przek\u0142adanych pergaminem\",\"breadcrumb\":{\"@id\":\"https:\/\/clesheo.pl\/shop\/niebieski-album-na-zdjecia-z-nadrukiem-na-okladce\/#breadcrumb\"},\"inLanguage\":\"en-US\",\"potentialAction\":[{\"@type\":\"ReadAction\",\"target\":[\"https:\/\/clesheo.pl\/shop\/niebieski-album-na-zdjecia-z-nadrukiem-na-okladce\/\"]}]},{\"@type\":\"ImageObject\",\"inLanguage\":\"en-US\",\"@id\":\"https:\/\/clesheo.pl\/shop\/niebieski-album-na-zdjecia-z-nadrukiem-na-okladce\/#primaryimage\",\"url\":\"https:\/\/clesheo.pl\/wp-content\/uploads\/2023\/10\/Album-na-zdjecia-z-nadrukiem.jpg\",\"contentUrl\":\"https:\/\/clesheo.pl\/wp-content\/uploads\/2023\/10\/Album-na-zdjecia-z-nadrukiem.jpg\",\"width\":800,\"height\":711,\"caption\":\"Niebieski album z czarnymi kartami na zdj\u0119cia wklejane klasyczny z nadrukiem na ok\u0142adce z imieniem\"},{\"@type\":\"BreadcrumbList\",\"@id\":\"https:\/\/clesheo.pl\/shop\/niebieski-album-na-zdjecia-z-nadrukiem-na-okladce\/#breadcrumb\",\"itemListElement\":[{\"@type\":\"ListItem\",\"position\":1,\"name\":\"Strona g\u0142\u00f3wna\",\"item\":\"https:\/\/clesheo.pl\/\"},{\"@type\":\"ListItem\",\"position\":2,\"name\":\"Sklep\",\"item\":\"https:\/\/clesheo.pl\/sklep\/\"},{\"@type\":\"ListItem\",\"position\":3,\"name\":\"Niebieski album na zdj\u0119cia wklejane z nadrukiem na ok\u0142adce\"}]},{\"@type\":\"WebSite\",\"@id\":\"https:\/\/clesheo.pl\/#website\",\"url\":\"https:\/\/clesheo.pl\/\",\"name\":\"Clesheo\",\"description\":\"\",\"potentialAction\":[{\"@type\":\"SearchAction\",\"target\":{\"@type\":\"EntryPoint\",\"urlTemplate\":\"https:\/\/clesheo.pl\/?s={search_term_string}\"},\"query-input\":{\"@type\":\"PropertyValueSpecification\",\"valueRequired\":true,\"valueName\":\"search_term_string\"}}],\"inLanguage\":\"en-US\"}]}<\/script>\n<!-- \/ Yoast SEO plugin. -->","yoast_head_json":{"title":"Niebieski-album-na-zdj\u0119cia-z-nadrukiem-na-ok\u0142adce","description":"Niebieski album na zdj\u0119cia wklejane z nadrukiem na ok\u0142adce Ok\u0142adka p\u0142\u00f3cienna Rozmiar 30\u00d730 cm40, 60 lub 100 stron przek\u0142adanych pergaminem","robots":{"index":"index","follow":"follow","max-snippet":"max-snippet:-1","max-image-preview":"max-image-preview:large","max-video-preview":"max-video-preview:-1"},"canonical":"https:\/\/clesheo.pl\/en\/shop\/niebieski-album-na-zdjecia-z-nadrukiem-na-okladce\/","og_locale":"en_US","og_type":"article","og_title":"Niebieski-album-na-zdj\u0119cia-z-nadrukiem-na-ok\u0142adce","og_description":"Niebieski album na zdj\u0119cia wklejane z nadrukiem na ok\u0142adce Ok\u0142adka p\u0142\u00f3cienna Rozmiar 30\u00d730 cm40, 60 lub 100 stron przek\u0142adanych pergaminem","og_url":"https:\/\/clesheo.pl\/en\/shop\/niebieski-album-na-zdjecia-z-nadrukiem-na-okladce\/","og_site_name":"Clesheo","article_modified_time":"2025-10-08T17:15:50+00:00","og_image":[{"width":800,"height":711,"url":"https:\/\/clesheo.pl\/wp-content\/uploads\/2023\/10\/Album-na-zdjecia-z-nadrukiem.jpg","type":"image\/jpeg"}],"twitter_card":"summary_large_image","twitter_misc":{"Est. reading time":"4 minutes"},"schema":{"@context":"https:\/\/schema.org","@graph":[{"@type":"WebPage","@id":"https:\/\/clesheo.pl\/shop\/niebieski-album-na-zdjecia-z-nadrukiem-na-okladce\/","url":"https:\/\/clesheo.pl\/shop\/niebieski-album-na-zdjecia-z-nadrukiem-na-okladce\/","name":"Niebieski-album-na-zdj\u0119cia-z-nadrukiem-na-ok\u0142adce","isPartOf":{"@id":"https:\/\/clesheo.pl\/#website"},"primaryImageOfPage":{"@id":"https:\/\/clesheo.pl\/shop\/niebieski-album-na-zdjecia-z-nadrukiem-na-okladce\/#primaryimage"},"image":{"@id":"https:\/\/clesheo.pl\/shop\/niebieski-album-na-zdjecia-z-nadrukiem-na-okladce\/#primaryimage"},"thumbnailUrl":"https:\/\/clesheo.pl\/wp-content\/uploads\/2023\/10\/Album-na-zdjecia-z-nadrukiem.jpg","datePublished":"2019-10-01T18:01:11+00:00","dateModified":"2025-10-08T17:15:50+00:00","description":"Niebieski album na zdj\u0119cia wklejane z nadrukiem na ok\u0142adce Ok\u0142adka p\u0142\u00f3cienna Rozmiar 30\u00d730 cm40, 60 lub 100 stron przek\u0142adanych pergaminem","breadcrumb":{"@id":"https:\/\/clesheo.pl\/shop\/niebieski-album-na-zdjecia-z-nadrukiem-na-okladce\/#breadcrumb"},"inLanguage":"en-US","potentialAction":[{"@type":"ReadAction","target":["https:\/\/clesheo.pl\/shop\/niebieski-album-na-zdjecia-z-nadrukiem-na-okladce\/"]}]},{"@type":"ImageObject","inLanguage":"en-US","@id":"https:\/\/clesheo.pl\/shop\/niebieski-album-na-zdjecia-z-nadrukiem-na-okladce\/#primaryimage","url":"https:\/\/clesheo.pl\/wp-content\/uploads\/2023\/10\/Album-na-zdjecia-z-nadrukiem.jpg","contentUrl":"https:\/\/clesheo.pl\/wp-content\/uploads\/2023\/10\/Album-na-zdjecia-z-nadrukiem.jpg","width":800,"height":711,"caption":"Niebieski album z czarnymi kartami na zdj\u0119cia wklejane klasyczny z nadrukiem na ok\u0142adce z imieniem"},{"@type":"BreadcrumbList","@id":"https:\/\/clesheo.pl\/shop\/niebieski-album-na-zdjecia-z-nadrukiem-na-okladce\/#breadcrumb","itemListElement":[{"@type":"ListItem","position":1,"name":"Strona g\u0142\u00f3wna","item":"https:\/\/clesheo.pl\/"},{"@type":"ListItem","position":2,"name":"Sklep","item":"https:\/\/clesheo.pl\/sklep\/"},{"@type":"ListItem","position":3,"name":"Niebieski album na zdj\u0119cia wklejane z nadrukiem na ok\u0142adce"}]},{"@type":"WebSite","@id":"https:\/\/clesheo.pl\/#website","url":"https:\/\/clesheo.pl\/","name":"Clesheo","description":"","potentialAction":[{"@type":"SearchAction","target":{"@type":"EntryPoint","urlTemplate":"https:\/\/clesheo.pl\/?s={search_term_string}"},"query-input":{"@type":"PropertyValueSpecification","valueRequired":true,"valueName":"search_term_string"}}],"inLanguage":"en-US"}]}},"_links":{"self":[{"href":"https:\/\/clesheo.pl\/en\/wp-json\/wp\/v2\/product\/14047","targetHints":{"allow":["GET"]}}],"collection":[{"href":"https:\/\/clesheo.pl\/en\/wp-json\/wp\/v2\/product"}],"about":[{"href":"https:\/\/clesheo.pl\/en\/wp-json\/wp\/v2\/types\/product"}],"replies":[{"embeddable":true,"href":"https:\/\/clesheo.pl\/en\/wp-json\/wp\/v2\/comments?post=14047"}],"wp:featuredmedia":[{"embeddable":true,"href":"https:\/\/clesheo.pl\/en\/wp-json\/wp\/v2\/media\/14054"}],"wp:attachment":[{"href":"https:\/\/clesheo.pl\/en\/wp-json\/wp\/v2\/media?parent=14047"}],"wp:term":[{"taxonomy":"product_brand","embeddable":true,"href":"https:\/\/clesheo.pl\/en\/wp-json\/wp\/v2\/product_brand?post=14047"},{"taxonomy":"product_cat","embeddable":true,"href":"https:\/\/clesheo.pl\/en\/wp-json\/wp\/v2\/product_cat?post=14047"},{"taxonomy":"product_tag","embeddable":true,"href":"https:\/\/clesheo.pl\/en\/wp-json\/wp\/v2\/product_tag?post=14047"}],"curies":[{"name":"wp","href":"https:\/\/api.w.org\/{rel}","templated":true}]}}