{"id":14312,"date":"2024-08-04T20:47:31","date_gmt":"2024-08-04T18:47:31","guid":{"rendered":"https:\/\/clesheo.pl\/?post_type=product&#038;p=14312"},"modified":"2025-10-08T19:16:09","modified_gmt":"2025-10-08T17:16:09","slug":"album-slubny-ze-zdjeciem-na-okladce","status":"publish","type":"product","link":"https:\/\/clesheo.pl\/en\/shop\/album-slubny-ze-zdjeciem-na-okladce\/","title":{"rendered":"Classic photo album WILD ONE \u2013 Blue whale (Kopia)"},"content":{"rendered":"<h5>Album \u015blubny ze zdj\u0119ciem na ok\u0142adce<\/h5>\n<h5><strong>Szukasz idealnego miejsca do zachowania wspomnie\u0144 z najwa\u017cniejszego dnia w Twoim \u017cyciu? Nasz personalizowany album na zdj\u0119cia \u015blubne to doskona\u0142y wyb\u00f3r!<\/strong><\/h5>\n<h5>Opis produktu:<\/h5>\n<p>Nasz elegancki album \u015blubny to nie tylko miejsce do przechowywania zdj\u0119\u0107, ale r\u00f3wnie\u017c pi\u0119kna pami\u0105tka, kt\u00f3ra stanie si\u0119 cz\u0119\u015bci\u0105 Twojej rodzinnej historii. Wyr\u00f3\u017cnia si\u0119 wyj\u0105tkow\u0105, personalizowan\u0105 ok\u0142adk\u0105, na kt\u00f3rej umieszczamy wybrane przez Ciebie zdj\u0119cie oraz imiona nowo\u017ce\u0144c\u00f3w i dat\u0119 \u015blubu. To sprawia, \u017ce ka\u017cdy album jest unikalny i idealnie dopasowany do Waszej historii.<\/p>\n<p>Kluczowe cechy:<\/p>\n<ul>\n<li>\n<h5><strong>Personalizowana ok\u0142adka<\/strong>: Zdj\u0119cie \u015blubne, imiona nowo\u017ce\u0144c\u00f3w oraz data \u015blubu.<\/h5>\n<\/li>\n<li>\n<h5><strong>Eleganckie karty w kolorze \u015bmietankowym lub czarnym<\/strong>: Wybierz kolor, kt\u00f3ry najlepiej odda klimat Waszej uroczysto\u015bci.<\/h5>\n<\/li>\n<li><strong>Przek\u0142adki z pergaminu<\/strong>: Ka\u017cda strona jest oddzielona delikatnym pergaminem, kt\u00f3ry chroni zdj\u0119cia i dodaje albumowi elegancji.<\/li>\n<li>\n<h5><strong>Dost\u0119pne opcje<\/strong>:<\/h5>\n<ul>\n<li>40 stron (20 kart)<\/li>\n<li>60 stron (30 kart)<\/li>\n<li>100 stron (50 kart)<\/li>\n<\/ul>\n<\/li>\n<\/ul>\n<h5>Dlaczego warto wybra\u0107 nasz album?<\/h5>\n<p>Nasz album to nie tylko estetyka i jako\u015b\u0107, ale r\u00f3wnie\u017c funkcjonalno\u015b\u0107. Mo\u017cesz w nim umie\u015bci\u0107 zar\u00f3wno zdj\u0119cia, jak i pami\u0105tkowe wpisy czy notatki. Przek\u0142adki z pergaminu zapobiegaj\u0105 zniszczeniu zdj\u0119\u0107 i dodaj\u0105 albumowi klasycznego uroku. Wysokiej jako\u015bci materia\u0142y, z kt\u00f3rych wykonane s\u0105 ok\u0142adka i karty, gwarantuj\u0105 trwa\u0142o\u015b\u0107 i pi\u0119kny wygl\u0105d przez lata.<\/p>\n<p>Prze\u015blij swoje zdj\u0119cie na adres: kontakt@clesheo.pl -> zrobimy wszystko co w naszej mocy \u017ceby wygl\u0105da\u0142o na ok\u0142adce r\u00f3wnie pi\u0119knie jak to w naszej galerii. (Je\u015bli chcesz aby\u015bmy zmienili Twoje zdj\u0119cie na czarno-bia\u0142e, w stylu zdj\u0119cia z ok\u0142adki naszego albumu &#8211; napisz o tym w mailu do nas -> zrobimy to zupe\u0142nie za darmo \ud83d\ude42<\/p>\n<h5>Idealny prezent<\/h5>\n<p>Personalizowany album na zdj\u0119cia \u015blubne to r\u00f3wnie\u017c doskona\u0142y pomys\u0142 na prezent dla nowo\u017ce\u0144c\u00f3w lub rodzic\u00f3w pary m\u0142odej. Dzi\u0119ki mo\u017cliwo\u015bci personalizacji, ka\u017cda kopia jest jedyna w swoim rodzaju, co sprawia, \u017ce jest to niezwykle warto\u015bciowa pami\u0105tka.<\/p>\n<hr \/>\n<p><strong>Zam\u00f3w sw\u00f3j personalizowany album na zdj\u0119cia \u015blubne ju\u017c dzi\u015b i zachowaj najpi\u0119kniejsze chwile na zawsze!<\/strong><\/p>\n<h5><strong>WYMIARY ALBUMU<\/strong><\/h5>\n<p>Przed Tob\u0105 jeden z wi\u0119kszych album\u00f3w, jakie s\u0105 dost\u0119pne na rynku, jego wymiary to 30cm x 30cm.<\/p>\n<p>&nbsp;<\/p>\n<h5>ZWROTY<\/h5>\n<p>Poniewa\u017c nasze albumy posiadaj\u0105 personalizowane ok\u0142adki, wykonywane s\u0105 na zam\u00f3wienie. W zwi\u0105zku z tym, nie podlegaj\u0105 zwrotom. Prosimy o dokonywanie przemy\u015blanych zam\u00f3wie\u0144.<\/p>\n<p>Zobacz te\u017c inne albumy na zdj\u0119cia dost\u0119pne w naszym sklepie:<\/p>\n<p><a href=\"https:\/\/clesheo.pl\/product-category\/albumy-na-zdjecia\/\">https:\/\/clesheo.pl\/product-category\/albumy-na-zdjecia\/<\/a><\/p>\n<p>Je\u015bli nie znalaz\u0142e\u015b tu swojego wymarzonego albumu mo\u017cesz napisa\u0107 do nas i opowiedzie\u0107 nam o swoim pomy\u015ble na ok\u0142adk\u0119, kto wie, mo\u017ce razem uda nam si\u0119 stworzy\u0107 co\u015b fajnego \ud83d\ude42 Swoje pomys\u0142y wy\u015blij mailem na adres kontakt@clesheo.pl<\/p>\n<p>Uwielbiamy Wasze pomys\u0142y! \ud83d\ude42<\/p>\n<p>&nbsp;<\/p>\n<p>W naszym sklepie online dost\u0119pne s\u0105 r\u00f3wnie\u017c albumy z\u00a0 personalizowanymi ok\u0142adkami, oprawionymi w p\u0142\u00f3tno<\/p>\n<p>Zajrzyj tu -> https:\/\/clesheo.pl\/shop\/album-dla-zakochanych\/<\/p>\n<p>&nbsp;<\/p>\n<p>B\u0105d\u017a na bie\u017c\u0105co z nowo\u015bciami i promocjami &#8211; znajd\u017a nas na Instagramie\u00a0<a href=\"http:\/\/www.instagram.pl\/clesheo\">http:\/\/www.instagram.pl\/clesheo<\/a><\/p>\n<p>Foto on the cover: <a href=\"https:\/\/www.freepik.com\/search?format=search&#038;last_filter=page&#038;last_value=3&#038;page=3&#038;query=wedding+photo++&#038;selection=1#uuid=8e27a8fc-1cde-447d-99ae-f036b2b66c79\">Image by senivpetro on Freepik<\/a><\/p>\n","protected":false},"excerpt":{"rendered":"<p>Photo album 30\u00d730 cm<\/p>\n<p>40 pages layered with a parchment<\/p>\n<p>canvas cover<\/p>\n","protected":false},"featured_media":14320,"comment_status":"open","ping_status":"closed","template":"","meta":[],"product_brand":[],"product_cat":[51],"product_tag":[238,230,244,154,378,377,239,376,240,242,241,243,140,56,63,69,68,67],"class_list":{"0":"post-14312","1":"product","2":"type-product","3":"status-publish","4":"has-post-thumbnail","6":"product_cat-personalizowany-album-na-zdjecia","7":"product_tag-album-dla-chlopca","8":"product_tag-album-dla-dziewczynki","9":"product_tag-album-do-wklejania-zdjec","10":"product_tag-album-dziecka","11":"product_tag-album-na-zdjecia-dziecka-z-kwiatami","12":"product_tag-album-na-zdjecia-z-kwiatami","13":"product_tag-album-z-imieniem","14":"product_tag-album-z-kwiatami","15":"product_tag-albumy-na-zdjecia","16":"product_tag-foto-ksiazka","17":"product_tag-fotoksiazka","18":"product_tag-fotoksiazki","19":"product_tag-imie-dziecka","20":"product_tag-album-na-zdjecia","21":"product_tag-len","22":"product_tag-lniana-okladna","23":"product_tag-plocienna-okladka","24":"product_tag-wieloryb","26":"first","27":"instock","28":"shipping-taxable","29":"purchasable","30":"product-type-variable"},"yoast_head":"<!-- This site is optimized with the Yoast SEO plugin v23.6 - https:\/\/yoast.com\/wordpress\/plugins\/seo\/ -->\n<title>Classic photo album WILD ONE \u2013 Blue whale (Kopia)<\/title>\n<meta name=\"description\" content=\"Album \u015blubny ze zdj\u0119ciem na ok\u0142adce, imionami oraz dat\u0105 \u015blubu, personalizowana ok\u0142adka - Clesheo - naj\u0142adniejsze albumy na zdj\u0119cia\" \/>\n<meta name=\"robots\" content=\"index, follow, max-snippet:-1, max-image-preview:large, max-video-preview:-1\" \/>\n<link rel=\"canonical\" href=\"https:\/\/clesheo.pl\/en\/shop\/album-slubny-ze-zdjeciem-na-okladce\/\" \/>\n<meta property=\"og:locale\" content=\"en_US\" \/>\n<meta property=\"og:locale:alternate\" content=\"pl_PL\" \/>\n<meta property=\"og:type\" content=\"article\" \/>\n<meta property=\"og:title\" content=\"Classic photo album WILD ONE \u2013 Blue whale (Kopia)\" \/>\n<meta property=\"og:description\" content=\"Album \u015blubny ze zdj\u0119ciem na ok\u0142adce, imionami oraz dat\u0105 \u015blubu, personalizowana ok\u0142adka - Clesheo - naj\u0142adniejsze albumy na zdj\u0119cia\" \/>\n<meta property=\"og:url\" content=\"https:\/\/clesheo.pl\/en\/shop\/album-slubny-ze-zdjeciem-na-okladce\/\" \/>\n<meta property=\"og:site_name\" content=\"Clesheo\" \/>\n<meta property=\"article:modified_time\" content=\"2025-10-08T17:16:09+00:00\" \/>\n<meta property=\"og:image\" content=\"https:\/\/clesheo.pl\/wp-content\/uploads\/2024\/08\/Album-slubny-ze-zdjeciem-na-okladceas-scaled.jpg\" \/>\n\t<meta property=\"og:image:width\" content=\"2278\" \/>\n\t<meta property=\"og:image:height\" content=\"2560\" \/>\n\t<meta property=\"og:image:type\" content=\"image\/jpeg\" \/>\n<meta name=\"twitter:card\" content=\"summary_large_image\" \/>\n<meta name=\"twitter:label1\" content=\"Est. reading time\" \/>\n\t<meta name=\"twitter:data1\" content=\"3 minutes\" \/>\n<script type=\"application\/ld+json\" class=\"yoast-schema-graph\">{\"@context\":\"https:\/\/schema.org\",\"@graph\":[{\"@type\":\"WebPage\",\"@id\":\"https:\/\/clesheo.pl\/shop\/album-slubny-ze-zdjeciem-na-okladce\/\",\"url\":\"https:\/\/clesheo.pl\/shop\/album-slubny-ze-zdjeciem-na-okladce\/\",\"name\":\"Classic photo album WILD ONE \u2013 Blue whale (Kopia)\",\"isPartOf\":{\"@id\":\"https:\/\/clesheo.pl\/#website\"},\"primaryImageOfPage\":{\"@id\":\"https:\/\/clesheo.pl\/shop\/album-slubny-ze-zdjeciem-na-okladce\/#primaryimage\"},\"image\":{\"@id\":\"https:\/\/clesheo.pl\/shop\/album-slubny-ze-zdjeciem-na-okladce\/#primaryimage\"},\"thumbnailUrl\":\"https:\/\/clesheo.pl\/wp-content\/uploads\/2024\/08\/Album-slubny-ze-zdjeciem-na-okladceas-scaled-e1723021650880.jpg\",\"datePublished\":\"2024-08-04T18:47:31+00:00\",\"dateModified\":\"2025-10-08T17:16:09+00:00\",\"description\":\"Album \u015blubny ze zdj\u0119ciem na ok\u0142adce, imionami oraz dat\u0105 \u015blubu, personalizowana ok\u0142adka - Clesheo - naj\u0142adniejsze albumy na zdj\u0119cia\",\"breadcrumb\":{\"@id\":\"https:\/\/clesheo.pl\/shop\/album-slubny-ze-zdjeciem-na-okladce\/#breadcrumb\"},\"inLanguage\":\"en-US\",\"potentialAction\":[{\"@type\":\"ReadAction\",\"target\":[\"https:\/\/clesheo.pl\/shop\/album-slubny-ze-zdjeciem-na-okladce\/\"]}]},{\"@type\":\"ImageObject\",\"inLanguage\":\"en-US\",\"@id\":\"https:\/\/clesheo.pl\/shop\/album-slubny-ze-zdjeciem-na-okladce\/#primaryimage\",\"url\":\"https:\/\/clesheo.pl\/wp-content\/uploads\/2024\/08\/Album-slubny-ze-zdjeciem-na-okladceas-scaled-e1723021650880.jpg\",\"contentUrl\":\"https:\/\/clesheo.pl\/wp-content\/uploads\/2024\/08\/Album-slubny-ze-zdjeciem-na-okladceas-scaled-e1723021650880.jpg\",\"width\":1000,\"height\":1124,\"caption\":\"personalizowany album na zdj\u0119cia \u015blubne album ze zdj\u0119ciem na ok\u0142adce elegancki album \u015blubny album z imionami i dat\u0105 \u015blubu album \u015blubny z przek\u0142adkami z pergaminu album na zdj\u0119cia \u015blubne 40 stron album na zdj\u0119cia \u015blubne 60 stron album na zdj\u0119cia \u015blubne 100 stron\"},{\"@type\":\"BreadcrumbList\",\"@id\":\"https:\/\/clesheo.pl\/shop\/album-slubny-ze-zdjeciem-na-okladce\/#breadcrumb\",\"itemListElement\":[{\"@type\":\"ListItem\",\"position\":1,\"name\":\"Strona g\u0142\u00f3wna\",\"item\":\"https:\/\/clesheo.pl\/\"},{\"@type\":\"ListItem\",\"position\":2,\"name\":\"Sklep\",\"item\":\"https:\/\/clesheo.pl\/sklep\/\"},{\"@type\":\"ListItem\",\"position\":3,\"name\":\"Album \u015blubny ze zdj\u0119ciem na ok\u0142adce\"}]},{\"@type\":\"WebSite\",\"@id\":\"https:\/\/clesheo.pl\/#website\",\"url\":\"https:\/\/clesheo.pl\/\",\"name\":\"Clesheo\",\"description\":\"\",\"potentialAction\":[{\"@type\":\"SearchAction\",\"target\":{\"@type\":\"EntryPoint\",\"urlTemplate\":\"https:\/\/clesheo.pl\/?s={search_term_string}\"},\"query-input\":{\"@type\":\"PropertyValueSpecification\",\"valueRequired\":true,\"valueName\":\"search_term_string\"}}],\"inLanguage\":\"en-US\"}]}<\/script>\n<!-- \/ Yoast SEO plugin. -->","yoast_head_json":{"title":"Classic photo album WILD ONE \u2013 Blue whale (Kopia)","description":"Album \u015blubny ze zdj\u0119ciem na ok\u0142adce, imionami oraz dat\u0105 \u015blubu, personalizowana ok\u0142adka - Clesheo - naj\u0142adniejsze albumy na zdj\u0119cia","robots":{"index":"index","follow":"follow","max-snippet":"max-snippet:-1","max-image-preview":"max-image-preview:large","max-video-preview":"max-video-preview:-1"},"canonical":"https:\/\/clesheo.pl\/en\/shop\/album-slubny-ze-zdjeciem-na-okladce\/","og_locale":"en_US","og_type":"article","og_title":"[:en]Classic photo album WILD ONE \u2013 Blue whale (Kopia)[:pl]Album \u015blubny ze zdj\u0119ciem na ok\u0142adce[:] - Clesheo","og_description":"Album \u015blubny ze zdj\u0119ciem na ok\u0142adce, imionami oraz dat\u0105 \u015blubu, personalizowana ok\u0142adka - Clesheo - naj\u0142adniejsze albumy na zdj\u0119cia","og_url":"https:\/\/clesheo.pl\/en\/shop\/album-slubny-ze-zdjeciem-na-okladce\/","og_site_name":"Clesheo","article_modified_time":"2025-10-08T17:16:09+00:00","og_image":[{"width":2278,"height":2560,"url":"https:\/\/clesheo.pl\/wp-content\/uploads\/2024\/08\/Album-slubny-ze-zdjeciem-na-okladceas-scaled.jpg","type":"image\/jpeg"}],"twitter_card":"summary_large_image","twitter_misc":{"Est. reading time":"3 minutes"},"schema":{"@context":"https:\/\/schema.org","@graph":[{"@type":"WebPage","@id":"https:\/\/clesheo.pl\/shop\/album-slubny-ze-zdjeciem-na-okladce\/","url":"https:\/\/clesheo.pl\/shop\/album-slubny-ze-zdjeciem-na-okladce\/","name":"Classic photo album WILD ONE \u2013 Blue whale (Kopia)","isPartOf":{"@id":"https:\/\/clesheo.pl\/#website"},"primaryImageOfPage":{"@id":"https:\/\/clesheo.pl\/shop\/album-slubny-ze-zdjeciem-na-okladce\/#primaryimage"},"image":{"@id":"https:\/\/clesheo.pl\/shop\/album-slubny-ze-zdjeciem-na-okladce\/#primaryimage"},"thumbnailUrl":"https:\/\/clesheo.pl\/wp-content\/uploads\/2024\/08\/Album-slubny-ze-zdjeciem-na-okladceas-scaled-e1723021650880.jpg","datePublished":"2024-08-04T18:47:31+00:00","dateModified":"2025-10-08T17:16:09+00:00","description":"Album \u015blubny ze zdj\u0119ciem na ok\u0142adce, imionami oraz dat\u0105 \u015blubu, personalizowana ok\u0142adka - Clesheo - naj\u0142adniejsze albumy na zdj\u0119cia","breadcrumb":{"@id":"https:\/\/clesheo.pl\/shop\/album-slubny-ze-zdjeciem-na-okladce\/#breadcrumb"},"inLanguage":"en-US","potentialAction":[{"@type":"ReadAction","target":["https:\/\/clesheo.pl\/shop\/album-slubny-ze-zdjeciem-na-okladce\/"]}]},{"@type":"ImageObject","inLanguage":"en-US","@id":"https:\/\/clesheo.pl\/shop\/album-slubny-ze-zdjeciem-na-okladce\/#primaryimage","url":"https:\/\/clesheo.pl\/wp-content\/uploads\/2024\/08\/Album-slubny-ze-zdjeciem-na-okladceas-scaled-e1723021650880.jpg","contentUrl":"https:\/\/clesheo.pl\/wp-content\/uploads\/2024\/08\/Album-slubny-ze-zdjeciem-na-okladceas-scaled-e1723021650880.jpg","width":1000,"height":1124,"caption":"personalizowany album na zdj\u0119cia \u015blubne album ze zdj\u0119ciem na ok\u0142adce elegancki album \u015blubny album z imionami i dat\u0105 \u015blubu album \u015blubny z przek\u0142adkami z pergaminu album na zdj\u0119cia \u015blubne 40 stron album na zdj\u0119cia \u015blubne 60 stron album na zdj\u0119cia \u015blubne 100 stron"},{"@type":"BreadcrumbList","@id":"https:\/\/clesheo.pl\/shop\/album-slubny-ze-zdjeciem-na-okladce\/#breadcrumb","itemListElement":[{"@type":"ListItem","position":1,"name":"Strona g\u0142\u00f3wna","item":"https:\/\/clesheo.pl\/"},{"@type":"ListItem","position":2,"name":"Sklep","item":"https:\/\/clesheo.pl\/sklep\/"},{"@type":"ListItem","position":3,"name":"Album \u015blubny ze zdj\u0119ciem na ok\u0142adce"}]},{"@type":"WebSite","@id":"https:\/\/clesheo.pl\/#website","url":"https:\/\/clesheo.pl\/","name":"Clesheo","description":"","potentialAction":[{"@type":"SearchAction","target":{"@type":"EntryPoint","urlTemplate":"https:\/\/clesheo.pl\/?s={search_term_string}"},"query-input":{"@type":"PropertyValueSpecification","valueRequired":true,"valueName":"search_term_string"}}],"inLanguage":"en-US"}]}},"_links":{"self":[{"href":"https:\/\/clesheo.pl\/en\/wp-json\/wp\/v2\/product\/14312","targetHints":{"allow":["GET"]}}],"collection":[{"href":"https:\/\/clesheo.pl\/en\/wp-json\/wp\/v2\/product"}],"about":[{"href":"https:\/\/clesheo.pl\/en\/wp-json\/wp\/v2\/types\/product"}],"replies":[{"embeddable":true,"href":"https:\/\/clesheo.pl\/en\/wp-json\/wp\/v2\/comments?post=14312"}],"wp:featuredmedia":[{"embeddable":true,"href":"https:\/\/clesheo.pl\/en\/wp-json\/wp\/v2\/media\/14320"}],"wp:attachment":[{"href":"https:\/\/clesheo.pl\/en\/wp-json\/wp\/v2\/media?parent=14312"}],"wp:term":[{"taxonomy":"product_brand","embeddable":true,"href":"https:\/\/clesheo.pl\/en\/wp-json\/wp\/v2\/product_brand?post=14312"},{"taxonomy":"product_cat","embeddable":true,"href":"https:\/\/clesheo.pl\/en\/wp-json\/wp\/v2\/product_cat?post=14312"},{"taxonomy":"product_tag","embeddable":true,"href":"https:\/\/clesheo.pl\/en\/wp-json\/wp\/v2\/product_tag?post=14312"}],"curies":[{"name":"wp","href":"https:\/\/api.w.org\/{rel}","templated":true}]}}