{"id":14323,"date":"2025-03-26T13:00:36","date_gmt":"2025-03-26T12:00:36","guid":{"rendered":"https:\/\/clesheo.pl\/?post_type=product&#038;p=14323"},"modified":"2025-08-14T14:39:55","modified_gmt":"2025-08-14T12:39:55","slug":"album-na-zdjecia-z-hajduszoboszlo","status":"publish","type":"product","link":"https:\/\/clesheo.pl\/en\/shop\/album-na-zdjecia-z-hajduszoboszlo\/","title":{"rendered":"Classic photo album WILD ONE \u2013 Blue whale (Kopia)"},"content":{"rendered":"<h3>Album na zdj\u0119cia z Hajduszoboszlo<\/h3>\n<p><strong>Zachowaj wyj\u0105tkowe chwile z wakacji w Hajduszoboszlo w naszym niepowtarzalnym albumie na zdj\u0119cia!<\/strong> Ten elegancki album to idealne miejsce do przechowywania wspomnie\u0144 pe\u0142nych s\u0142o\u0144ca, przyg\u00f3d i rado\u015bci. Dzi\u0119ki przemy\u015blanej konstrukcji, album pomie\u015bci wszystkie Twoje ulubione fotografie, umo\u017cliwiaj\u0105c powr\u00f3t do nich w ka\u017cdej chwili. To doskona\u0142a pami\u0105tka dla siebie lub prezent dla najbli\u017cszych.<\/p>\n<h3>CECHY PRODUKTU:<\/h3>\n<ul>\n<li><strong>Elegancki design:<\/strong> Klasyczny i stylowy, pasuje do ka\u017cdej okazji.<\/li>\n<li><strong>Wysoka jako\u015b\u0107:<\/strong> Solidne materia\u0142y zapewniaj\u0105ce d\u0142ugowieczno\u015b\u0107 i ochron\u0119 zdj\u0119\u0107.<\/li>\n<li><strong>Personalizacja:<\/strong> Mo\u017cliwo\u015b\u0107 dodawania w\u0142asnych notatek i opowie\u015bci przy zdj\u0119ciach oraz personalizacji ok\u0142adki.<\/li>\n<li><strong>Wymiary:<\/strong> 30 x 30 cm \u2013 idealny na p\u00f3\u0142k\u0119 lub stolik kawowy, dostosowany do r\u00f3\u017cnych rozmiar\u00f3w zdj\u0119\u0107.<\/li>\n<\/ul>\n<h3>WN\u0118TRZE ALBUMU:<\/h3>\n<p>Album dost\u0119pny w wersjach z 40, 60 lub 100 stronami, pozwala na wyb\u00f3r idealnej pojemno\u015bci. Ka\u017cda strona oddzielona jest delikatnym, fakturowanym pergaminem, kt\u00f3ry nie tylko chroni zdj\u0119cia, ale tak\u017ce dodaje elegancji.<\/p>\n<h3>DLACZEGO NASZ ALBUM:<\/h3>\n<ul>\n<li><strong>Zachowaj wspomnienia:<\/strong> Nie pozw\u00f3l, aby niezapomniane chwile znikn\u0119\u0142y z pami\u0119ci.<\/li>\n<li><strong>Idealny prezent:<\/strong> Pi\u0119kny i przemy\u015blany upominek dla bliskich.<\/li>\n<li><strong>Stylowy i praktyczny:<\/strong> \u0141\u0105czy estetyk\u0119 z funkcjonalno\u015bci\u0105 w jednym eleganckim produkcie.<\/li>\n<\/ul>\n<h3>PERSONALIZACJA:<\/h3>\n<p>Na ok\u0142adce albumu mo\u017cesz umie\u015bci\u0107 nazw\u0119 dowolnego miejsca, kt\u00f3re odwiedzi\u0142e\u015b podczas wakacji. Je\u015bli nie znalaz\u0142e\u015b albumu z odpowiedni\u0105 nazw\u0105, skontaktuj si\u0119 z nami na adres <a rel=\"noreferrer\">kontakt@clesheo.pl<\/a> lub wpisz nazw\u0119, kt\u00f3r\u0105 chcesz umie\u015bci\u0107, w polu uwag podczas sk\u0142adania zam\u00f3wienia.<\/p>\n<h3>ODKRYJ NASZE INNE ALBUMY:<\/h3>\n<p>Zapraszamy do odwiedzenia naszego sklepu, gdzie znajdziesz szerok\u0105 gam\u0119 album\u00f3w na zdj\u0119cia, w tym albumy na wspomnienia z dzieci\u0144stwa, oprawione w p\u0142\u00f3tno i z personalizowanymi ok\u0142adkami.<\/p>\n<p>Masz unikalny pomys\u0142 na ok\u0142adk\u0119? Napisz do nas na <a rel=\"noreferrer\">kontakt@clesheo.pl<\/a> i opowiedz nam o swoim projekcie. Ch\u0119tnie pomo\u017cemy stworzy\u0107 co\u015b naprawd\u0119 wyj\u0105tkowego! Uwielbiamy Wasze kreatywne pomys\u0142y!<\/p>\n<p><strong>Ciesz si\u0119 wspomnieniami na d\u0142u\u017cej dzi\u0119ki naszym pi\u0119knym albumom!<\/strong><\/p>\n<p><img decoding=\"async\" class=\"size-medium wp-image-14330 aligncenter lazyload\" data-src=\"https:\/\/clesheo.pl\/wp-content\/uploads\/2024\/08\/clesheo-wakajki-178x300.jpg\" alt=\"Albumy wakacyjne, album fotograficzny na zdj\u0119cia z wakacji\" width=\"178\" height=\"300\" data-srcset=\"https:\/\/clesheo.pl\/wp-content\/uploads\/2024\/08\/clesheo-wakajki-178x300.jpg 178w, https:\/\/clesheo.pl\/wp-content\/uploads\/2024\/08\/clesheo-wakajki.jpg 564w\" data-sizes=\"(max-width: 178px) 100vw, 178px\" src=\"data:image\/svg+xml;base64,PHN2ZyB3aWR0aD0iMSIgaGVpZ2h0PSIxIiB4bWxucz0iaHR0cDovL3d3dy53My5vcmcvMjAwMC9zdmciPjwvc3ZnPg==\" style=\"--smush-placeholder-width: 178px; --smush-placeholder-aspect-ratio: 178\/300;\" \/><\/p>\n<p>Wi\u0119cej wakacyjnych album\u00f3w znajdziesz tu -><a href=\"https:\/\/clesheo.pl\/product-category\/album-na-zdjecia-clesheo-z-nadrukiem-na-okladce\/\">https:\/\/clesheo.pl\/product-category\/album-na-zdjecia-clesheo-z-nadrukiem-na-okladce\/<\/a><\/p>\n<p>&nbsp;<\/p>\n<p>B\u0105d\u017a na bie\u017c\u0105co z nowo\u015bciami i promocjami &#8211; znajd\u017a nas na Instagramie\u00a0<a href=\"http:\/\/www.instagram.pl\/clesheo\">http:\/\/www.instagram.pl\/clesheo<\/a><\/p>\n<p>&nbsp;<\/p>\n","protected":false},"excerpt":{"rendered":"<p>Photo album 30\u00d730 cm<\/p>\n<p>40 pages layered with a parchment<\/p>\n<p>canvas cover<\/p>\n","protected":false},"featured_media":14331,"comment_status":"open","ping_status":"closed","template":"","meta":[],"product_brand":[],"product_cat":[495],"product_tag":[238,230,244,154,378,377,239,376,240,242,241,243,140,56,63,69,68,67],"class_list":{"0":"post-14323","1":"product","2":"type-product","3":"status-publish","4":"has-post-thumbnail","6":"product_cat-album-fotograficzny","7":"product_tag-album-dla-chlopca","8":"product_tag-album-dla-dziewczynki","9":"product_tag-album-do-wklejania-zdjec","10":"product_tag-album-dziecka","11":"product_tag-album-na-zdjecia-dziecka-z-kwiatami","12":"product_tag-album-na-zdjecia-z-kwiatami","13":"product_tag-album-z-imieniem","14":"product_tag-album-z-kwiatami","15":"product_tag-albumy-na-zdjecia","16":"product_tag-foto-ksiazka","17":"product_tag-fotoksiazka","18":"product_tag-fotoksiazki","19":"product_tag-imie-dziecka","20":"product_tag-album-na-zdjecia","21":"product_tag-len","22":"product_tag-lniana-okladna","23":"product_tag-plocienna-okladka","24":"product_tag-wieloryb","26":"first","27":"instock","28":"shipping-taxable","29":"purchasable","30":"product-type-variable"},"yoast_head":"<!-- This site is optimized with the Yoast SEO plugin v23.6 - https:\/\/yoast.com\/wordpress\/plugins\/seo\/ -->\n<title>Album na zdj\u0119cia z Hajduszoboszlo<\/title>\n<meta name=\"description\" content=\"Album na zdj\u0119cia z Hajduszoboszlo, ten album stanie si\u0119 skarbnic\u0105 pi\u0119knych chwil, do kt\u00f3rej zawsze b\u0119dziesz wraca\u0107 z u\u015bmiechem\" \/>\n<meta name=\"robots\" content=\"index, follow, max-snippet:-1, max-image-preview:large, max-video-preview:-1\" \/>\n<link rel=\"canonical\" href=\"https:\/\/clesheo.pl\/en\/shop\/album-na-zdjecia-z-hajduszoboszlo\/\" \/>\n<meta property=\"og:locale\" content=\"en_US\" \/>\n<meta property=\"og:locale:alternate\" content=\"pl_PL\" \/>\n<meta property=\"og:type\" content=\"article\" \/>\n<meta property=\"og:title\" content=\"Album na zdj\u0119cia z Hajduszoboszlo\" \/>\n<meta property=\"og:description\" content=\"Album na zdj\u0119cia z Hajduszoboszlo, ten album stanie si\u0119 skarbnic\u0105 pi\u0119knych chwil, do kt\u00f3rej zawsze b\u0119dziesz wraca\u0107 z u\u015bmiechem\" \/>\n<meta property=\"og:url\" content=\"https:\/\/clesheo.pl\/en\/shop\/album-na-zdjecia-z-hajduszoboszlo\/\" \/>\n<meta property=\"og:site_name\" content=\"Clesheo\" \/>\n<meta property=\"article:modified_time\" content=\"2025-08-14T12:39:55+00:00\" \/>\n<meta property=\"og:image\" content=\"https:\/\/clesheo.pl\/wp-content\/uploads\/2024\/08\/Hajduszo-maa.jpg\" \/>\n\t<meta property=\"og:image:width\" content=\"1000\" \/>\n\t<meta property=\"og:image:height\" content=\"1205\" \/>\n\t<meta property=\"og:image:type\" content=\"image\/jpeg\" \/>\n<meta name=\"twitter:card\" content=\"summary_large_image\" \/>\n<meta name=\"twitter:label1\" content=\"Est. reading time\" \/>\n\t<meta name=\"twitter:data1\" content=\"3 minutes\" \/>\n<script type=\"application\/ld+json\" class=\"yoast-schema-graph\">{\"@context\":\"https:\/\/schema.org\",\"@graph\":[{\"@type\":\"WebPage\",\"@id\":\"https:\/\/clesheo.pl\/shop\/album-na-zdjecia-z-hajduszoboszlo\/\",\"url\":\"https:\/\/clesheo.pl\/shop\/album-na-zdjecia-z-hajduszoboszlo\/\",\"name\":\"Album na zdj\u0119cia z Hajduszoboszlo\",\"isPartOf\":{\"@id\":\"https:\/\/clesheo.pl\/#website\"},\"primaryImageOfPage\":{\"@id\":\"https:\/\/clesheo.pl\/shop\/album-na-zdjecia-z-hajduszoboszlo\/#primaryimage\"},\"image\":{\"@id\":\"https:\/\/clesheo.pl\/shop\/album-na-zdjecia-z-hajduszoboszlo\/#primaryimage\"},\"thumbnailUrl\":\"https:\/\/clesheo.pl\/wp-content\/uploads\/2024\/08\/Hajduszo-maa.jpg\",\"datePublished\":\"2025-03-26T12:00:36+00:00\",\"dateModified\":\"2025-08-14T12:39:55+00:00\",\"description\":\"Album na zdj\u0119cia z Hajduszoboszlo, ten album stanie si\u0119 skarbnic\u0105 pi\u0119knych chwil, do kt\u00f3rej zawsze b\u0119dziesz wraca\u0107 z u\u015bmiechem\",\"breadcrumb\":{\"@id\":\"https:\/\/clesheo.pl\/shop\/album-na-zdjecia-z-hajduszoboszlo\/#breadcrumb\"},\"inLanguage\":\"en-US\",\"potentialAction\":[{\"@type\":\"ReadAction\",\"target\":[\"https:\/\/clesheo.pl\/shop\/album-na-zdjecia-z-hajduszoboszlo\/\"]}]},{\"@type\":\"ImageObject\",\"inLanguage\":\"en-US\",\"@id\":\"https:\/\/clesheo.pl\/shop\/album-na-zdjecia-z-hajduszoboszlo\/#primaryimage\",\"url\":\"https:\/\/clesheo.pl\/wp-content\/uploads\/2024\/08\/Hajduszo-maa.jpg\",\"contentUrl\":\"https:\/\/clesheo.pl\/wp-content\/uploads\/2024\/08\/Hajduszo-maa.jpg\",\"width\":1000,\"height\":1205,\"caption\":\"Album na zdj\u0119cia z Hajduszoboszlo\"},{\"@type\":\"BreadcrumbList\",\"@id\":\"https:\/\/clesheo.pl\/shop\/album-na-zdjecia-z-hajduszoboszlo\/#breadcrumb\",\"itemListElement\":[{\"@type\":\"ListItem\",\"position\":1,\"name\":\"Strona g\u0142\u00f3wna\",\"item\":\"https:\/\/clesheo.pl\/\"},{\"@type\":\"ListItem\",\"position\":2,\"name\":\"Sklep\",\"item\":\"https:\/\/clesheo.pl\/sklep\/\"},{\"@type\":\"ListItem\",\"position\":3,\"name\":\"Album na zdj\u0119cia z Hajduszoboszlo\"}]},{\"@type\":\"WebSite\",\"@id\":\"https:\/\/clesheo.pl\/#website\",\"url\":\"https:\/\/clesheo.pl\/\",\"name\":\"Clesheo\",\"description\":\"\",\"potentialAction\":[{\"@type\":\"SearchAction\",\"target\":{\"@type\":\"EntryPoint\",\"urlTemplate\":\"https:\/\/clesheo.pl\/?s={search_term_string}\"},\"query-input\":{\"@type\":\"PropertyValueSpecification\",\"valueRequired\":true,\"valueName\":\"search_term_string\"}}],\"inLanguage\":\"en-US\"}]}<\/script>\n<!-- \/ Yoast SEO plugin. -->","yoast_head_json":{"title":"Album na zdj\u0119cia z Hajduszoboszlo","description":"Album na zdj\u0119cia z Hajduszoboszlo, ten album stanie si\u0119 skarbnic\u0105 pi\u0119knych chwil, do kt\u00f3rej zawsze b\u0119dziesz wraca\u0107 z u\u015bmiechem","robots":{"index":"index","follow":"follow","max-snippet":"max-snippet:-1","max-image-preview":"max-image-preview:large","max-video-preview":"max-video-preview:-1"},"canonical":"https:\/\/clesheo.pl\/en\/shop\/album-na-zdjecia-z-hajduszoboszlo\/","og_locale":"en_US","og_type":"article","og_title":"Album na zdj\u0119cia z Hajduszoboszlo","og_description":"Album na zdj\u0119cia z Hajduszoboszlo, ten album stanie si\u0119 skarbnic\u0105 pi\u0119knych chwil, do kt\u00f3rej zawsze b\u0119dziesz wraca\u0107 z u\u015bmiechem","og_url":"https:\/\/clesheo.pl\/en\/shop\/album-na-zdjecia-z-hajduszoboszlo\/","og_site_name":"Clesheo","article_modified_time":"2025-08-14T12:39:55+00:00","og_image":[{"width":1000,"height":1205,"url":"https:\/\/clesheo.pl\/wp-content\/uploads\/2024\/08\/Hajduszo-maa.jpg","type":"image\/jpeg"}],"twitter_card":"summary_large_image","twitter_misc":{"Est. reading time":"3 minutes"},"schema":{"@context":"https:\/\/schema.org","@graph":[{"@type":"WebPage","@id":"https:\/\/clesheo.pl\/shop\/album-na-zdjecia-z-hajduszoboszlo\/","url":"https:\/\/clesheo.pl\/shop\/album-na-zdjecia-z-hajduszoboszlo\/","name":"Album na zdj\u0119cia z Hajduszoboszlo","isPartOf":{"@id":"https:\/\/clesheo.pl\/#website"},"primaryImageOfPage":{"@id":"https:\/\/clesheo.pl\/shop\/album-na-zdjecia-z-hajduszoboszlo\/#primaryimage"},"image":{"@id":"https:\/\/clesheo.pl\/shop\/album-na-zdjecia-z-hajduszoboszlo\/#primaryimage"},"thumbnailUrl":"https:\/\/clesheo.pl\/wp-content\/uploads\/2024\/08\/Hajduszo-maa.jpg","datePublished":"2025-03-26T12:00:36+00:00","dateModified":"2025-08-14T12:39:55+00:00","description":"Album na zdj\u0119cia z Hajduszoboszlo, ten album stanie si\u0119 skarbnic\u0105 pi\u0119knych chwil, do kt\u00f3rej zawsze b\u0119dziesz wraca\u0107 z u\u015bmiechem","breadcrumb":{"@id":"https:\/\/clesheo.pl\/shop\/album-na-zdjecia-z-hajduszoboszlo\/#breadcrumb"},"inLanguage":"en-US","potentialAction":[{"@type":"ReadAction","target":["https:\/\/clesheo.pl\/shop\/album-na-zdjecia-z-hajduszoboszlo\/"]}]},{"@type":"ImageObject","inLanguage":"en-US","@id":"https:\/\/clesheo.pl\/shop\/album-na-zdjecia-z-hajduszoboszlo\/#primaryimage","url":"https:\/\/clesheo.pl\/wp-content\/uploads\/2024\/08\/Hajduszo-maa.jpg","contentUrl":"https:\/\/clesheo.pl\/wp-content\/uploads\/2024\/08\/Hajduszo-maa.jpg","width":1000,"height":1205,"caption":"Album na zdj\u0119cia z Hajduszoboszlo"},{"@type":"BreadcrumbList","@id":"https:\/\/clesheo.pl\/shop\/album-na-zdjecia-z-hajduszoboszlo\/#breadcrumb","itemListElement":[{"@type":"ListItem","position":1,"name":"Strona g\u0142\u00f3wna","item":"https:\/\/clesheo.pl\/"},{"@type":"ListItem","position":2,"name":"Sklep","item":"https:\/\/clesheo.pl\/sklep\/"},{"@type":"ListItem","position":3,"name":"Album na zdj\u0119cia z Hajduszoboszlo"}]},{"@type":"WebSite","@id":"https:\/\/clesheo.pl\/#website","url":"https:\/\/clesheo.pl\/","name":"Clesheo","description":"","potentialAction":[{"@type":"SearchAction","target":{"@type":"EntryPoint","urlTemplate":"https:\/\/clesheo.pl\/?s={search_term_string}"},"query-input":{"@type":"PropertyValueSpecification","valueRequired":true,"valueName":"search_term_string"}}],"inLanguage":"en-US"}]}},"_links":{"self":[{"href":"https:\/\/clesheo.pl\/en\/wp-json\/wp\/v2\/product\/14323","targetHints":{"allow":["GET"]}}],"collection":[{"href":"https:\/\/clesheo.pl\/en\/wp-json\/wp\/v2\/product"}],"about":[{"href":"https:\/\/clesheo.pl\/en\/wp-json\/wp\/v2\/types\/product"}],"replies":[{"embeddable":true,"href":"https:\/\/clesheo.pl\/en\/wp-json\/wp\/v2\/comments?post=14323"}],"wp:featuredmedia":[{"embeddable":true,"href":"https:\/\/clesheo.pl\/en\/wp-json\/wp\/v2\/media\/14331"}],"wp:attachment":[{"href":"https:\/\/clesheo.pl\/en\/wp-json\/wp\/v2\/media?parent=14323"}],"wp:term":[{"taxonomy":"product_brand","embeddable":true,"href":"https:\/\/clesheo.pl\/en\/wp-json\/wp\/v2\/product_brand?post=14323"},{"taxonomy":"product_cat","embeddable":true,"href":"https:\/\/clesheo.pl\/en\/wp-json\/wp\/v2\/product_cat?post=14323"},{"taxonomy":"product_tag","embeddable":true,"href":"https:\/\/clesheo.pl\/en\/wp-json\/wp\/v2\/product_tag?post=14323"}],"curies":[{"name":"wp","href":"https:\/\/api.w.org\/{rel}","templated":true}]}}