{"id":14339,"date":"2024-08-06T16:54:50","date_gmt":"2024-08-06T14:54:50","guid":{"rendered":"https:\/\/clesheo.pl\/?post_type=product&#038;p=14339"},"modified":"2024-09-30T13:12:26","modified_gmt":"2024-09-30T11:12:26","slug":"album-fotograficzny-milosc","status":"publish","type":"product","link":"https:\/\/clesheo.pl\/en\/shop\/album-fotograficzny-milosc\/","title":{"rendered":"Classic photo album WILD ONE \u2013 Blue whale (Kopia)"},"content":{"rendered":"<p><strong>Album fotograficzny &#8220;MI\u0141O\u015a\u0106&#8221; w p\u0142\u00f3ciennej oprawie<\/strong><\/p>\n<p>Masz przed sob\u0105 wa\u017cn\u0105 okazj\u0119 i chcesz podarowa\u0107 co\u015b naprawd\u0119 wyj\u0105tkowego? A mo\u017ce nadszed\u0142 czas na uporz\u0105dkowanie zdj\u0119\u0107?<\/p>\n<p>Jeste\u015b we w\u0142a\u015bciwym miejscu!\u00a0 <strong>Album fotograficzny &#8220;MI\u0141O\u015a\u0106&#8221; <\/strong>\u00a0w p\u0142\u00f3ciennej oprawie, to doskona\u0142y wyb\u00f3r na r\u00f3\u017cne okazje, takie jak \u015blub czy rocznica \u015blubu. Doskonale sprawdzi si\u0119 r\u00f3wnie\u017c jako album rodzinny, czy miejsce do przechowywania zdj\u0119\u0107 z czas\u00f3w narzecze\u0144stwa.<\/p>\n<p><strong>Wn\u0119trze albumu<\/strong><\/p>\n<p>Album mo\u017ce zawiera\u0107 40, 60 lub 100 stron. Karty oddzielone s\u0105 od siebie pi\u0119knym pergaminem, kt\u00f3ry nie tylko chroni zdj\u0119cia, ale tak\u017ce dodaje elegancji. Wykonany z materia\u0142\u00f3w zapewniaj\u0105cych trwa\u0142o\u015b\u0107, nawet przy cz\u0119stym przegl\u0105daniu. Zdecyduj jakie karty b\u0119dzie zawiera\u0142 Tw\u00f3j album: \u015bmietankowe, czy czarne.<\/p>\n<p><strong>Rozmiar<\/strong><\/p>\n<p>Album w du\u017cym rozmiarze 30 cm x 30 cm oferuje du\u017co miejsca na zdj\u0119cia w r\u00f3\u017cnych formatach oraz pozostawia pole do tworzenia notatek i wklejania pami\u0105tek.<\/p>\n<p>Na ok\u0142adce umie\u015bcimy s\u0142owo \u201emi\u0142o\u015b\u0107\u201d, ale je\u015bli masz w\u0142asny pomys\u0142 na personalizacj\u0119, ch\u0119tnie go uwzgl\u0119dnimy. Czekamy na Twoje kreatywne propozycje!<\/p>\n<p><strong>Kolor ok\u0142adki<\/strong><\/p>\n<p>Wybierz spo\u015br\u00f3d 12 kolor\u00f3w: jasny r\u00f3\u017c, r\u00f3\u017c, pistacjowy, b\u0142\u0119kitny, jasny len, ciemny len, be\u017c, morska ziele\u0144, niebieski, szary, piaskowy br\u0105z oraz z\u0142oty piasek. Kolory mog\u0105 nieznacznie r\u00f3\u017cni\u0107 si\u0119 od tych na zdj\u0119ciach w zale\u017cno\u015bci od ustawie\u0144 monitora, dlatego prosimy o przemy\u015blane zakupy.<\/p>\n<p><strong>Album na zdj\u0119cia &#8220;MI\u0141O\u015a\u0106&#8221; 30\u00d730 cm<\/strong><\/p>\n<ul>\n<li>40, 60 lub 100 stron przek\u0142adanych pergaminem<\/li>\n<li>Karty w kolorze \u015bmietankowym lub czarnym<\/li>\n<li>P\u0142\u00f3cienna ok\u0142adka<\/li>\n<\/ul>\n<p><strong>Zwroty<\/strong><\/p>\n<p>Ze wzgl\u0119du na personalizacj\u0119 i produkcj\u0119 na zam\u00f3wienie, albumy nie podlegaj\u0105 zwrotom. Prosimy o staranne przemy\u015blenie zam\u00f3wienia.<\/p>\n<p>W naszym sklepie online dost\u0119pne s\u0105 albumy na spisywanie wspomnie\u0144 dziecka, kt\u00f3re r\u00f3wnie\u017c oprawione s\u0105 w p\u0142\u00f3tno. Skompletuj pi\u0119kny zestaw i zam\u00f3w album na zdj\u0119cia oraz album dziecka z tak\u0105 sam\u0105 ok\u0142adk\u0105.<\/p>\n<p>Album znajdziesz tu ->\u00a0<a href=\"https:\/\/clesheo.pl\/shop\/album-dziecka\/\">https:\/\/clesheo.pl\/shop\/album-dziecka\/<\/a><\/p>\n<p>B\u0105d\u017a z nami na bie\u017c\u0105co ->\u00a0<a href=\"http:\/\/www.instagra.pl\/clesheo\">http:\/\/www.instagra.pl\/clesheo<\/a><\/p>\n","protected":false},"excerpt":{"rendered":"<p>Photo album 30\u00d730 cm<\/p>\n<p>40 pages layered with a parchment<\/p>\n<p>canvas cover<\/p>\n","protected":false},"featured_media":14343,"comment_status":"open","ping_status":"closed","template":"","meta":[],"product_brand":[],"product_cat":[51],"product_tag":[238,230,244,154,239,240,242,241,243,56,63,69,68,67],"class_list":{"0":"post-14339","1":"product","2":"type-product","3":"status-publish","4":"has-post-thumbnail","6":"product_cat-personalizowany-album-na-zdjecia","7":"product_tag-album-dla-chlopca","8":"product_tag-album-dla-dziewczynki","9":"product_tag-album-do-wklejania-zdjec","10":"product_tag-album-dziecka","11":"product_tag-album-z-imieniem","12":"product_tag-albumy-na-zdjecia","13":"product_tag-foto-ksiazka","14":"product_tag-fotoksiazka","15":"product_tag-fotoksiazki","16":"product_tag-album-na-zdjecia","17":"product_tag-len","18":"product_tag-lniana-okladna","19":"product_tag-plocienna-okladka","20":"product_tag-wieloryb","22":"first","23":"instock","24":"shipping-taxable","25":"purchasable","26":"product-type-variable"},"yoast_head":"<!-- This site is optimized with the Yoast SEO plugin v23.6 - https:\/\/yoast.com\/wordpress\/plugins\/seo\/ -->\n<title>Album fotograficzny MI\u0141O\u015a\u0106 - Clesheo<\/title>\n<meta name=\"description\" content=\"Album fotograficzny MI\u0141O\u015a\u0106, tradycyjny, oprawiony w p\u0142\u00f3tno, z nadrukowanym imieniem na ok\u0142adce. Wiele opcji kolorystycnych ok\u0142adki\" \/>\n<meta name=\"robots\" content=\"index, follow, max-snippet:-1, max-image-preview:large, max-video-preview:-1\" \/>\n<link rel=\"canonical\" href=\"https:\/\/clesheo.pl\/en\/shop\/album-fotograficzny-milosc\/\" \/>\n<meta property=\"og:locale\" content=\"en_US\" \/>\n<meta property=\"og:locale:alternate\" content=\"pl_PL\" \/>\n<meta property=\"og:type\" content=\"article\" \/>\n<meta property=\"og:title\" content=\"Album fotograficzny MI\u0141O\u015a\u0106 - Clesheo\" \/>\n<meta property=\"og:description\" content=\"Album fotograficzny MI\u0141O\u015a\u0106, tradycyjny, oprawiony w p\u0142\u00f3tno, z nadrukowanym imieniem na ok\u0142adce. Wiele opcji kolorystycnych ok\u0142adki\" \/>\n<meta property=\"og:url\" content=\"https:\/\/clesheo.pl\/en\/shop\/album-fotograficzny-milosc\/\" \/>\n<meta property=\"og:site_name\" content=\"Clesheo\" \/>\n<meta property=\"article:modified_time\" content=\"2024-09-30T11:12:26+00:00\" \/>\n<meta property=\"og:image\" content=\"https:\/\/clesheo.pl\/wp-content\/uploads\/2024\/08\/Album-na-zdjecia-milosc-rozowy.jpg\" \/>\n\t<meta property=\"og:image:width\" content=\"795\" \/>\n\t<meta property=\"og:image:height\" content=\"1000\" \/>\n\t<meta property=\"og:image:type\" content=\"image\/jpeg\" \/>\n<meta name=\"twitter:card\" content=\"summary_large_image\" \/>\n<meta name=\"twitter:label1\" content=\"Est. reading time\" \/>\n\t<meta name=\"twitter:data1\" content=\"2 minutes\" \/>\n<script type=\"application\/ld+json\" class=\"yoast-schema-graph\">{\"@context\":\"https:\/\/schema.org\",\"@graph\":[{\"@type\":\"WebPage\",\"@id\":\"https:\/\/clesheo.pl\/shop\/album-fotograficzny-milosc\/\",\"url\":\"https:\/\/clesheo.pl\/shop\/album-fotograficzny-milosc\/\",\"name\":\"Album fotograficzny MI\u0141O\u015a\u0106 - Clesheo\",\"isPartOf\":{\"@id\":\"https:\/\/clesheo.pl\/#website\"},\"primaryImageOfPage\":{\"@id\":\"https:\/\/clesheo.pl\/shop\/album-fotograficzny-milosc\/#primaryimage\"},\"image\":{\"@id\":\"https:\/\/clesheo.pl\/shop\/album-fotograficzny-milosc\/#primaryimage\"},\"thumbnailUrl\":\"https:\/\/clesheo.pl\/wp-content\/uploads\/2024\/08\/Album-na-zdjecia-milosc-rozowy.jpg\",\"datePublished\":\"2024-08-06T14:54:50+00:00\",\"dateModified\":\"2024-09-30T11:12:26+00:00\",\"description\":\"Album fotograficzny MI\u0141O\u015a\u0106, tradycyjny, oprawiony w p\u0142\u00f3tno, z nadrukowanym imieniem na ok\u0142adce. Wiele opcji kolorystycnych ok\u0142adki\",\"breadcrumb\":{\"@id\":\"https:\/\/clesheo.pl\/shop\/album-fotograficzny-milosc\/#breadcrumb\"},\"inLanguage\":\"en-US\",\"potentialAction\":[{\"@type\":\"ReadAction\",\"target\":[\"https:\/\/clesheo.pl\/shop\/album-fotograficzny-milosc\/\"]}]},{\"@type\":\"ImageObject\",\"inLanguage\":\"en-US\",\"@id\":\"https:\/\/clesheo.pl\/shop\/album-fotograficzny-milosc\/#primaryimage\",\"url\":\"https:\/\/clesheo.pl\/wp-content\/uploads\/2024\/08\/Album-na-zdjecia-milosc-rozowy.jpg\",\"contentUrl\":\"https:\/\/clesheo.pl\/wp-content\/uploads\/2024\/08\/Album-na-zdjecia-milosc-rozowy.jpg\",\"width\":795,\"height\":1000,\"caption\":\"Album fotograficzny MI\u0141O\u015a\u0106\"},{\"@type\":\"BreadcrumbList\",\"@id\":\"https:\/\/clesheo.pl\/shop\/album-fotograficzny-milosc\/#breadcrumb\",\"itemListElement\":[{\"@type\":\"ListItem\",\"position\":1,\"name\":\"Strona g\u0142\u00f3wna\",\"item\":\"https:\/\/clesheo.pl\/\"},{\"@type\":\"ListItem\",\"position\":2,\"name\":\"Sklep\",\"item\":\"https:\/\/clesheo.pl\/sklep\/\"},{\"@type\":\"ListItem\",\"position\":3,\"name\":\"Album fotograficzny MI\u0141O\u015a\u0106\"}]},{\"@type\":\"WebSite\",\"@id\":\"https:\/\/clesheo.pl\/#website\",\"url\":\"https:\/\/clesheo.pl\/\",\"name\":\"Clesheo\",\"description\":\"\",\"potentialAction\":[{\"@type\":\"SearchAction\",\"target\":{\"@type\":\"EntryPoint\",\"urlTemplate\":\"https:\/\/clesheo.pl\/?s={search_term_string}\"},\"query-input\":{\"@type\":\"PropertyValueSpecification\",\"valueRequired\":true,\"valueName\":\"search_term_string\"}}],\"inLanguage\":\"en-US\"}]}<\/script>\n<!-- \/ Yoast SEO plugin. -->","yoast_head_json":{"title":"Album fotograficzny MI\u0141O\u015a\u0106 - Clesheo","description":"Album fotograficzny MI\u0141O\u015a\u0106, tradycyjny, oprawiony w p\u0142\u00f3tno, z nadrukowanym imieniem na ok\u0142adce. Wiele opcji kolorystycnych ok\u0142adki","robots":{"index":"index","follow":"follow","max-snippet":"max-snippet:-1","max-image-preview":"max-image-preview:large","max-video-preview":"max-video-preview:-1"},"canonical":"https:\/\/clesheo.pl\/en\/shop\/album-fotograficzny-milosc\/","og_locale":"en_US","og_type":"article","og_title":"Album fotograficzny MI\u0141O\u015a\u0106 - Clesheo","og_description":"Album fotograficzny MI\u0141O\u015a\u0106, tradycyjny, oprawiony w p\u0142\u00f3tno, z nadrukowanym imieniem na ok\u0142adce. Wiele opcji kolorystycnych ok\u0142adki","og_url":"https:\/\/clesheo.pl\/en\/shop\/album-fotograficzny-milosc\/","og_site_name":"Clesheo","article_modified_time":"2024-09-30T11:12:26+00:00","og_image":[{"width":795,"height":1000,"url":"https:\/\/clesheo.pl\/wp-content\/uploads\/2024\/08\/Album-na-zdjecia-milosc-rozowy.jpg","type":"image\/jpeg"}],"twitter_card":"summary_large_image","twitter_misc":{"Est. reading time":"2 minutes"},"schema":{"@context":"https:\/\/schema.org","@graph":[{"@type":"WebPage","@id":"https:\/\/clesheo.pl\/shop\/album-fotograficzny-milosc\/","url":"https:\/\/clesheo.pl\/shop\/album-fotograficzny-milosc\/","name":"Album fotograficzny MI\u0141O\u015a\u0106 - Clesheo","isPartOf":{"@id":"https:\/\/clesheo.pl\/#website"},"primaryImageOfPage":{"@id":"https:\/\/clesheo.pl\/shop\/album-fotograficzny-milosc\/#primaryimage"},"image":{"@id":"https:\/\/clesheo.pl\/shop\/album-fotograficzny-milosc\/#primaryimage"},"thumbnailUrl":"https:\/\/clesheo.pl\/wp-content\/uploads\/2024\/08\/Album-na-zdjecia-milosc-rozowy.jpg","datePublished":"2024-08-06T14:54:50+00:00","dateModified":"2024-09-30T11:12:26+00:00","description":"Album fotograficzny MI\u0141O\u015a\u0106, tradycyjny, oprawiony w p\u0142\u00f3tno, z nadrukowanym imieniem na ok\u0142adce. Wiele opcji kolorystycnych ok\u0142adki","breadcrumb":{"@id":"https:\/\/clesheo.pl\/shop\/album-fotograficzny-milosc\/#breadcrumb"},"inLanguage":"en-US","potentialAction":[{"@type":"ReadAction","target":["https:\/\/clesheo.pl\/shop\/album-fotograficzny-milosc\/"]}]},{"@type":"ImageObject","inLanguage":"en-US","@id":"https:\/\/clesheo.pl\/shop\/album-fotograficzny-milosc\/#primaryimage","url":"https:\/\/clesheo.pl\/wp-content\/uploads\/2024\/08\/Album-na-zdjecia-milosc-rozowy.jpg","contentUrl":"https:\/\/clesheo.pl\/wp-content\/uploads\/2024\/08\/Album-na-zdjecia-milosc-rozowy.jpg","width":795,"height":1000,"caption":"Album fotograficzny MI\u0141O\u015a\u0106"},{"@type":"BreadcrumbList","@id":"https:\/\/clesheo.pl\/shop\/album-fotograficzny-milosc\/#breadcrumb","itemListElement":[{"@type":"ListItem","position":1,"name":"Strona g\u0142\u00f3wna","item":"https:\/\/clesheo.pl\/"},{"@type":"ListItem","position":2,"name":"Sklep","item":"https:\/\/clesheo.pl\/sklep\/"},{"@type":"ListItem","position":3,"name":"Album fotograficzny MI\u0141O\u015a\u0106"}]},{"@type":"WebSite","@id":"https:\/\/clesheo.pl\/#website","url":"https:\/\/clesheo.pl\/","name":"Clesheo","description":"","potentialAction":[{"@type":"SearchAction","target":{"@type":"EntryPoint","urlTemplate":"https:\/\/clesheo.pl\/?s={search_term_string}"},"query-input":{"@type":"PropertyValueSpecification","valueRequired":true,"valueName":"search_term_string"}}],"inLanguage":"en-US"}]}},"_links":{"self":[{"href":"https:\/\/clesheo.pl\/en\/wp-json\/wp\/v2\/product\/14339","targetHints":{"allow":["GET"]}}],"collection":[{"href":"https:\/\/clesheo.pl\/en\/wp-json\/wp\/v2\/product"}],"about":[{"href":"https:\/\/clesheo.pl\/en\/wp-json\/wp\/v2\/types\/product"}],"replies":[{"embeddable":true,"href":"https:\/\/clesheo.pl\/en\/wp-json\/wp\/v2\/comments?post=14339"}],"wp:featuredmedia":[{"embeddable":true,"href":"https:\/\/clesheo.pl\/en\/wp-json\/wp\/v2\/media\/14343"}],"wp:attachment":[{"href":"https:\/\/clesheo.pl\/en\/wp-json\/wp\/v2\/media?parent=14339"}],"wp:term":[{"taxonomy":"product_brand","embeddable":true,"href":"https:\/\/clesheo.pl\/en\/wp-json\/wp\/v2\/product_brand?post=14339"},{"taxonomy":"product_cat","embeddable":true,"href":"https:\/\/clesheo.pl\/en\/wp-json\/wp\/v2\/product_cat?post=14339"},{"taxonomy":"product_tag","embeddable":true,"href":"https:\/\/clesheo.pl\/en\/wp-json\/wp\/v2\/product_tag?post=14339"}],"curies":[{"name":"wp","href":"https:\/\/api.w.org\/{rel}","templated":true}]}}