{"id":14429,"date":"2023-09-09T15:21:46","date_gmt":"2023-09-09T13:21:46","guid":{"rendered":"https:\/\/clesheo.pl\/?post_type=product&#038;p=14429"},"modified":"2025-05-26T11:52:28","modified_gmt":"2025-05-26T09:52:28","slug":"album-fotograficzny-z-metryczka-dziecka","status":"publish","type":"product","link":"https:\/\/clesheo.pl\/en\/shop\/album-fotograficzny-z-metryczka-dziecka\/","title":{"rendered":"Album fotograficzny z metryczk\u0105 dziecka"},"content":{"rendered":"<h2>Album fotograficzny z metryczk\u0105 dziecka<\/h2>\n<h5>Kolor oprawy<\/h5>\n<p>Elegancka, p\u0142\u00f3cienna ok\u0142adka albumu w kolorze pistacji.<\/p>\n<h3>Spersonalizowana ok\u0142adka<\/h3>\n<p>Na froncie tego personalizowanego albumu, pod imieniem dziecka, znajd\u0105 si\u0119 najwa\u017cniejsze informacje z chwili narodzin: data, godzina, waga oraz wzrost maluszka. Nadruk wykonywany jest trwa\u0142\u0105 technik\u0105 UV, kt\u00f3ra zapewnia elegancki i wyra\u017any efekt.<\/p>\n<h3>Wn\u0119trze albumu<\/h3>\n<p>Album fotograficzny z metryczk\u0105 dziecka mo\u017ce posiada\u0107 od 40 do 100 stron. Ka\u017cda strona jest oddzielona delikatnym pergaminem, kt\u00f3ry chroni zdj\u0119cia przed zarysowaniami i innymi uszkodzeniami podczas przegl\u0105dania. Tworzymy albumy z najwy\u017cszej jako\u015bci materia\u0142\u00f3w, co sprawia, \u017ce b\u0119d\u0105 s\u0142u\u017cy\u0107 przez wiele lat, nawet przy cz\u0119stym u\u017cytkowaniu.<\/p>\n<p>Mo\u017cesz samodzielnie wybra\u0107 liczb\u0119 stron w albumie \u2014 40, 60 lub 100. Je\u015bli interesuje Ci\u0119 inna liczba kart, skontaktuj si\u0119 z nami, aby uzyska\u0107 indywidualn\u0105 wycen\u0119.<\/p>\n<h3>Rozmiar<\/h3>\n<p>Album o wymiarach 30 x 30 cm zapewnia odpowiednio du\u017co miejsca na zdj\u0119cia w r\u00f3\u017cnych popularnych formatach, takich jak: 9\u00d713, 10\u00d715, 13\u00d718, 13\u00d720, 15\u00d720, 15\u00d723, 18\u00d724 i 20\u00d725 cm.<\/p>\n<h3>Idealny na prezent<\/h3>\n<p>Ka\u017cdy album jest r\u0119cznie wykonany w Polsce, z dba\u0142o\u015bci\u0105 o najdrobniejsze detale, dzi\u0119ki czemu doskonale sprawdzi si\u0119 jako prezent z okazji narodzin dziecka, Baby Shower, Chrztu, urodzin czy innych wyj\u0105tkowych chwil.<\/p>\n<p>W dobie fotografii cyfrowej, album od Clesheo to nie tylko pi\u0119kny spos\u00f3b na przechowywanie wspomnie\u0144, ale r\u00f3wnie\u017c stylowa ozdoba do pokoju dzieci\u0119cego.<\/p>\n<h3>Polityka zwrot\u00f3w<\/h3>\n<p>Ze wzgl\u0119du na unikalny charakter personalizowanych ok\u0142adek, ka\u017cdy album jest przygotowywany na indywidualne zam\u00f3wienie, dlatego nie podlega zwrotom. Prosimy o rozwa\u017cne zakupy.<\/p>\n<p>Zobacz r\u00f3wnie\u017c inne opcje kolorystyczne ok\u0142adki tego albumu:<\/p>\n<p><a href=\"https:\/\/clesheo.pl\/shop\/album-metryczka\/\">https:\/\/clesheo.pl\/shop\/album-na-zdjecia-z-metryczka-dla-dziecka-w-oprawie-plociennej-personalizowany\/<\/a><\/p>\n<p><a href=\"https:\/\/clesheo.pl\/product-category\/albumy-na-zdjecia\/\">https:\/\/clesheo.pl\/product-category\/albumy-na-zdjecia\/<\/a><\/p>\n<p>Metryczka w formie plakatu:<\/p>\n<p><a href=\"https:\/\/clesheo.pl\/shop\/metryczka-dla-dziecka\/\"><img decoding=\"async\" class=\"alignnone wp-image-11737 size-medium lazyload\" data-src=\"https:\/\/clesheo.pl\/wp-content\/uploads\/2021\/01\/metryczka-wianek-2-300x200.jpg\" alt=\"\" width=\"300\" height=\"200\" data-srcset=\"https:\/\/clesheo.pl\/wp-content\/uploads\/2021\/01\/metryczka-wianek-2-300x200.jpg 300w, https:\/\/clesheo.pl\/wp-content\/uploads\/2021\/01\/metryczka-wianek-2-1024x683.jpg 1024w, https:\/\/clesheo.pl\/wp-content\/uploads\/2021\/01\/metryczka-wianek-2-768x513.jpg 768w, https:\/\/clesheo.pl\/wp-content\/uploads\/2021\/01\/metryczka-wianek-2-1536x1025.jpg 1536w, https:\/\/clesheo.pl\/wp-content\/uploads\/2021\/01\/metryczka-wianek-2-2048x1367.jpg 2048w, https:\/\/clesheo.pl\/wp-content\/uploads\/2021\/01\/metryczka-wianek-2-600x400.jpg 600w\" data-sizes=\"(max-width: 300px) 100vw, 300px\" src=\"data:image\/svg+xml;base64,PHN2ZyB3aWR0aD0iMSIgaGVpZ2h0PSIxIiB4bWxucz0iaHR0cDovL3d3dy53My5vcmcvMjAwMC9zdmciPjwvc3ZnPg==\" style=\"--smush-placeholder-width: 300px; --smush-placeholder-aspect-ratio: 300\/200;\" \/><\/a><\/p>\n<p>&nbsp;<\/p>\n<p>&nbsp;<\/p>\n<p>Masz ju\u017c album &#8211; pora zrobi\u0107 pi\u0119kne zdj\u0119cia!<\/p>\n<p>Polecamy:<\/p>\n<div id=\"attachment_11832\" style=\"width: 310px\"  class=\"wp-caption alignnone\"><a href=\"https:\/\/kuchtafotografia.pl\/sesjeswiateczne\/\"><img decoding=\"async\" class=\"wp-image-11832 size-medium lazyload\" data-src=\"https:\/\/clesheo.pl\/wp-content\/uploads\/2021\/02\/young-couple-with-baby-daughter-park-1-300x200.jpg\" alt=\"kuchta fotografia\" width=\"300\" height=\"200\" data-srcset=\"https:\/\/clesheo.pl\/wp-content\/uploads\/2021\/02\/young-couple-with-baby-daughter-park-1-300x200.jpg 300w, https:\/\/clesheo.pl\/wp-content\/uploads\/2021\/02\/young-couple-with-baby-daughter-park-1-1024x683.jpg 1024w, https:\/\/clesheo.pl\/wp-content\/uploads\/2021\/02\/young-couple-with-baby-daughter-park-1-768x512.jpg 768w, https:\/\/clesheo.pl\/wp-content\/uploads\/2021\/02\/young-couple-with-baby-daughter-park-1-1536x1024.jpg 1536w, https:\/\/clesheo.pl\/wp-content\/uploads\/2021\/02\/young-couple-with-baby-daughter-park-1-2048x1365.jpg 2048w, https:\/\/clesheo.pl\/wp-content\/uploads\/2021\/02\/young-couple-with-baby-daughter-park-1-600x400.jpg 600w\" data-sizes=\"(max-width: 300px) 100vw, 300px\" src=\"data:image\/svg+xml;base64,PHN2ZyB3aWR0aD0iMSIgaGVpZ2h0PSIxIiB4bWxucz0iaHR0cDovL3d3dy53My5vcmcvMjAwMC9zdmciPjwvc3ZnPg==\" style=\"--smush-placeholder-width: 300px; --smush-placeholder-aspect-ratio: 300\/200;\" \/><\/a><p class=\"wp-caption-text\">www.kuchtafotografia.pl<\/p><\/div>\n","protected":false},"excerpt":{"rendered":"<h2>Album fotograficzny z metryczk\u0105 dziecka<\/h2>\n<h5>w oprawie p\u0142\u00f3ciennej, 40, 60 lub 100 stron przek\u0142adanych fakturowanym pergaminem. Dane do metryczki wpisz w polach poni\u017cej.<\/h5>\n<p>Album na zdj\u0119cia maluszka z metryk\u0105, rozmiar 30cm x 30 cm<\/p>\n<p>&nbsp;<\/p>\n","protected":false},"featured_media":14433,"comment_status":"open","ping_status":"closed","template":"","meta":[],"product_brand":[],"product_cat":[51],"product_tag":[229,303,232,154,386,257,259,260,262,255,236,298,265,258,261,256,240,264,123,385,288,384,383,381,263,122,159,382,53,56],"class_list":{"0":"post-14429","1":"product","2":"type-product","3":"status-publish","4":"has-post-thumbnail","6":"product_cat-personalizowany-album-na-zdjecia","7":"product_tag-album-dla-dziecka","8":"product_tag-album-dla-dziewczynki-z-metryczka","9":"product_tag-album-dla-noworodka","10":"product_tag-album-dziecka","11":"product_tag-album-maluszka","12":"product_tag-album-na-zdjecia-10x15","13":"product_tag-album-na-zdjecia-dla-dzieci","14":"product_tag-album-na-zdjecia-dziecka","15":"product_tag-album-na-zdjecia-personalizowany","16":"product_tag-album-na-zdjecia-wklejane","17":"product_tag-album-wspomnien-dziecka","18":"product_tag-album-z-pergaminem","19":"product_tag-albumy-do-wklejania-zdjec","20":"product_tag-albumy-na-zdjecia-10x15","21":"product_tag-albumy-na-zdjecia-personalizowane","22":"product_tag-albumy-na-zdjecia-wklejane","23":"product_tag-albumy-na-zdjecia","24":"product_tag-albumy","25":"product_tag-clesheo","26":"product_tag-hey-baby","27":"product_tag-metryczka","28":"product_tag-moj-pierwszy-album","29":"product_tag-moj-pierwszy-rok","30":"product_tag-oh-baby-album","31":"product_tag-personalizowany-album-na-zdjecia","32":"product_tag-pierwszy-album-dziecka","33":"product_tag-prezent-na-chrzest","34":"product_tag-twoja-historia-kochanie","35":"product_tag-album","36":"product_tag-album-na-zdjecia","38":"first","39":"instock","40":"shipping-taxable","41":"purchasable","42":"product-type-variable"},"yoast_head":"<!-- This site is optimized with the Yoast SEO plugin v23.6 - https:\/\/yoast.com\/wordpress\/plugins\/seo\/ -->\n<title>Album fotograficzny z metryczk\u0105 dziecka - Clesheo<\/title>\n<meta name=\"description\" content=\"Album fotograficzny z metryczk\u0105 dziecka, w oprawie p\u0142\u00f3ciennej, 40, 60 lub 100 stron przek\u0142adanych fakturowanym pergaminem. Elegancka, p\u0142\u00f3cienna ok\u0142adka albumu mo\u017ce mie\u0107 kilka opcji kolorystycznych.\" \/>\n<meta name=\"robots\" content=\"index, follow, max-snippet:-1, max-image-preview:large, max-video-preview:-1\" \/>\n<link rel=\"canonical\" href=\"https:\/\/clesheo.pl\/en\/shop\/album-fotograficzny-z-metryczka-dziecka\/\" \/>\n<meta property=\"og:locale\" content=\"en_US\" \/>\n<meta property=\"og:locale:alternate\" content=\"pl_PL\" \/>\n<meta property=\"og:type\" content=\"article\" \/>\n<meta property=\"og:title\" content=\"Album fotograficzny z metryczk\u0105 dziecka - Clesheo\" \/>\n<meta property=\"og:description\" content=\"Album fotograficzny z metryczk\u0105 dziecka, w oprawie p\u0142\u00f3ciennej, 40, 60 lub 100 stron przek\u0142adanych fakturowanym pergaminem. Elegancka, p\u0142\u00f3cienna ok\u0142adka albumu mo\u017ce mie\u0107 kilka opcji kolorystycznych.\" \/>\n<meta property=\"og:url\" content=\"https:\/\/clesheo.pl\/en\/shop\/album-fotograficzny-z-metryczka-dziecka\/\" \/>\n<meta property=\"og:site_name\" content=\"Clesheo\" \/>\n<meta property=\"article:modified_time\" content=\"2025-05-26T09:52:28+00:00\" \/>\n<meta property=\"og:image\" content=\"https:\/\/clesheo.pl\/wp-content\/uploads\/2024\/09\/Album-fotograficzny-z-metryczka-dziecka-clesheo.jpg\" \/>\n\t<meta property=\"og:image:width\" content=\"800\" \/>\n\t<meta property=\"og:image:height\" content=\"929\" \/>\n\t<meta property=\"og:image:type\" content=\"image\/jpeg\" \/>\n<meta name=\"twitter:card\" content=\"summary_large_image\" \/>\n<meta name=\"twitter:label1\" content=\"Est. reading time\" \/>\n\t<meta name=\"twitter:data1\" content=\"2 minutes\" \/>\n<script type=\"application\/ld+json\" class=\"yoast-schema-graph\">{\"@context\":\"https:\/\/schema.org\",\"@graph\":[{\"@type\":\"WebPage\",\"@id\":\"https:\/\/clesheo.pl\/shop\/album-fotograficzny-z-metryczka-dziecka\/\",\"url\":\"https:\/\/clesheo.pl\/shop\/album-fotograficzny-z-metryczka-dziecka\/\",\"name\":\"Album fotograficzny z metryczk\u0105 dziecka - Clesheo\",\"isPartOf\":{\"@id\":\"https:\/\/clesheo.pl\/#website\"},\"primaryImageOfPage\":{\"@id\":\"https:\/\/clesheo.pl\/shop\/album-fotograficzny-z-metryczka-dziecka\/#primaryimage\"},\"image\":{\"@id\":\"https:\/\/clesheo.pl\/shop\/album-fotograficzny-z-metryczka-dziecka\/#primaryimage\"},\"thumbnailUrl\":\"https:\/\/clesheo.pl\/wp-content\/uploads\/2024\/09\/Album-fotograficzny-z-metryczka-dziecka-clesheo.jpg\",\"datePublished\":\"2023-09-09T13:21:46+00:00\",\"dateModified\":\"2025-05-26T09:52:28+00:00\",\"description\":\"Album fotograficzny z metryczk\u0105 dziecka, w oprawie p\u0142\u00f3ciennej, 40, 60 lub 100 stron przek\u0142adanych fakturowanym pergaminem. Elegancka, p\u0142\u00f3cienna ok\u0142adka albumu mo\u017ce mie\u0107 kilka opcji kolorystycznych.\",\"breadcrumb\":{\"@id\":\"https:\/\/clesheo.pl\/shop\/album-fotograficzny-z-metryczka-dziecka\/#breadcrumb\"},\"inLanguage\":\"en-US\",\"potentialAction\":[{\"@type\":\"ReadAction\",\"target\":[\"https:\/\/clesheo.pl\/shop\/album-fotograficzny-z-metryczka-dziecka\/\"]}]},{\"@type\":\"ImageObject\",\"inLanguage\":\"en-US\",\"@id\":\"https:\/\/clesheo.pl\/shop\/album-fotograficzny-z-metryczka-dziecka\/#primaryimage\",\"url\":\"https:\/\/clesheo.pl\/wp-content\/uploads\/2024\/09\/Album-fotograficzny-z-metryczka-dziecka-clesheo.jpg\",\"contentUrl\":\"https:\/\/clesheo.pl\/wp-content\/uploads\/2024\/09\/Album-fotograficzny-z-metryczka-dziecka-clesheo.jpg\",\"width\":800,\"height\":929,\"caption\":\"Album na zdj\u0119cia dla niemowlaka z personalizacj\u0105\"},{\"@type\":\"BreadcrumbList\",\"@id\":\"https:\/\/clesheo.pl\/shop\/album-fotograficzny-z-metryczka-dziecka\/#breadcrumb\",\"itemListElement\":[{\"@type\":\"ListItem\",\"position\":1,\"name\":\"Strona g\u0142\u00f3wna\",\"item\":\"https:\/\/clesheo.pl\/\"},{\"@type\":\"ListItem\",\"position\":2,\"name\":\"Sklep\",\"item\":\"https:\/\/clesheo.pl\/sklep\/\"},{\"@type\":\"ListItem\",\"position\":3,\"name\":\"Album fotograficzny z metryczk\u0105 dziecka\"}]},{\"@type\":\"WebSite\",\"@id\":\"https:\/\/clesheo.pl\/#website\",\"url\":\"https:\/\/clesheo.pl\/\",\"name\":\"Clesheo\",\"description\":\"\",\"potentialAction\":[{\"@type\":\"SearchAction\",\"target\":{\"@type\":\"EntryPoint\",\"urlTemplate\":\"https:\/\/clesheo.pl\/?s={search_term_string}\"},\"query-input\":{\"@type\":\"PropertyValueSpecification\",\"valueRequired\":true,\"valueName\":\"search_term_string\"}}],\"inLanguage\":\"en-US\"}]}<\/script>\n<!-- \/ Yoast SEO plugin. -->","yoast_head_json":{"title":"Album fotograficzny z metryczk\u0105 dziecka - Clesheo","description":"Album fotograficzny z metryczk\u0105 dziecka, w oprawie p\u0142\u00f3ciennej, 40, 60 lub 100 stron przek\u0142adanych fakturowanym pergaminem. Elegancka, p\u0142\u00f3cienna ok\u0142adka albumu mo\u017ce mie\u0107 kilka opcji kolorystycznych.","robots":{"index":"index","follow":"follow","max-snippet":"max-snippet:-1","max-image-preview":"max-image-preview:large","max-video-preview":"max-video-preview:-1"},"canonical":"https:\/\/clesheo.pl\/en\/shop\/album-fotograficzny-z-metryczka-dziecka\/","og_locale":"en_US","og_type":"article","og_title":"Album fotograficzny z metryczk\u0105 dziecka - Clesheo","og_description":"Album fotograficzny z metryczk\u0105 dziecka, w oprawie p\u0142\u00f3ciennej, 40, 60 lub 100 stron przek\u0142adanych fakturowanym pergaminem. Elegancka, p\u0142\u00f3cienna ok\u0142adka albumu mo\u017ce mie\u0107 kilka opcji kolorystycznych.","og_url":"https:\/\/clesheo.pl\/en\/shop\/album-fotograficzny-z-metryczka-dziecka\/","og_site_name":"Clesheo","article_modified_time":"2025-05-26T09:52:28+00:00","og_image":[{"width":800,"height":929,"url":"https:\/\/clesheo.pl\/wp-content\/uploads\/2024\/09\/Album-fotograficzny-z-metryczka-dziecka-clesheo.jpg","type":"image\/jpeg"}],"twitter_card":"summary_large_image","twitter_misc":{"Est. reading time":"2 minutes"},"schema":{"@context":"https:\/\/schema.org","@graph":[{"@type":"WebPage","@id":"https:\/\/clesheo.pl\/shop\/album-fotograficzny-z-metryczka-dziecka\/","url":"https:\/\/clesheo.pl\/shop\/album-fotograficzny-z-metryczka-dziecka\/","name":"Album fotograficzny z metryczk\u0105 dziecka - Clesheo","isPartOf":{"@id":"https:\/\/clesheo.pl\/#website"},"primaryImageOfPage":{"@id":"https:\/\/clesheo.pl\/shop\/album-fotograficzny-z-metryczka-dziecka\/#primaryimage"},"image":{"@id":"https:\/\/clesheo.pl\/shop\/album-fotograficzny-z-metryczka-dziecka\/#primaryimage"},"thumbnailUrl":"https:\/\/clesheo.pl\/wp-content\/uploads\/2024\/09\/Album-fotograficzny-z-metryczka-dziecka-clesheo.jpg","datePublished":"2023-09-09T13:21:46+00:00","dateModified":"2025-05-26T09:52:28+00:00","description":"Album fotograficzny z metryczk\u0105 dziecka, w oprawie p\u0142\u00f3ciennej, 40, 60 lub 100 stron przek\u0142adanych fakturowanym pergaminem. Elegancka, p\u0142\u00f3cienna ok\u0142adka albumu mo\u017ce mie\u0107 kilka opcji kolorystycznych.","breadcrumb":{"@id":"https:\/\/clesheo.pl\/shop\/album-fotograficzny-z-metryczka-dziecka\/#breadcrumb"},"inLanguage":"en-US","potentialAction":[{"@type":"ReadAction","target":["https:\/\/clesheo.pl\/shop\/album-fotograficzny-z-metryczka-dziecka\/"]}]},{"@type":"ImageObject","inLanguage":"en-US","@id":"https:\/\/clesheo.pl\/shop\/album-fotograficzny-z-metryczka-dziecka\/#primaryimage","url":"https:\/\/clesheo.pl\/wp-content\/uploads\/2024\/09\/Album-fotograficzny-z-metryczka-dziecka-clesheo.jpg","contentUrl":"https:\/\/clesheo.pl\/wp-content\/uploads\/2024\/09\/Album-fotograficzny-z-metryczka-dziecka-clesheo.jpg","width":800,"height":929,"caption":"Album na zdj\u0119cia dla niemowlaka z personalizacj\u0105"},{"@type":"BreadcrumbList","@id":"https:\/\/clesheo.pl\/shop\/album-fotograficzny-z-metryczka-dziecka\/#breadcrumb","itemListElement":[{"@type":"ListItem","position":1,"name":"Strona g\u0142\u00f3wna","item":"https:\/\/clesheo.pl\/"},{"@type":"ListItem","position":2,"name":"Sklep","item":"https:\/\/clesheo.pl\/sklep\/"},{"@type":"ListItem","position":3,"name":"Album fotograficzny z metryczk\u0105 dziecka"}]},{"@type":"WebSite","@id":"https:\/\/clesheo.pl\/#website","url":"https:\/\/clesheo.pl\/","name":"Clesheo","description":"","potentialAction":[{"@type":"SearchAction","target":{"@type":"EntryPoint","urlTemplate":"https:\/\/clesheo.pl\/?s={search_term_string}"},"query-input":{"@type":"PropertyValueSpecification","valueRequired":true,"valueName":"search_term_string"}}],"inLanguage":"en-US"}]}},"_links":{"self":[{"href":"https:\/\/clesheo.pl\/en\/wp-json\/wp\/v2\/product\/14429","targetHints":{"allow":["GET"]}}],"collection":[{"href":"https:\/\/clesheo.pl\/en\/wp-json\/wp\/v2\/product"}],"about":[{"href":"https:\/\/clesheo.pl\/en\/wp-json\/wp\/v2\/types\/product"}],"replies":[{"embeddable":true,"href":"https:\/\/clesheo.pl\/en\/wp-json\/wp\/v2\/comments?post=14429"}],"wp:featuredmedia":[{"embeddable":true,"href":"https:\/\/clesheo.pl\/en\/wp-json\/wp\/v2\/media\/14433"}],"wp:attachment":[{"href":"https:\/\/clesheo.pl\/en\/wp-json\/wp\/v2\/media?parent=14429"}],"wp:term":[{"taxonomy":"product_brand","embeddable":true,"href":"https:\/\/clesheo.pl\/en\/wp-json\/wp\/v2\/product_brand?post=14429"},{"taxonomy":"product_cat","embeddable":true,"href":"https:\/\/clesheo.pl\/en\/wp-json\/wp\/v2\/product_cat?post=14429"},{"taxonomy":"product_tag","embeddable":true,"href":"https:\/\/clesheo.pl\/en\/wp-json\/wp\/v2\/product_tag?post=14429"}],"curies":[{"name":"wp","href":"https:\/\/api.w.org\/{rel}","templated":true}]}}