{"id":14440,"date":"2024-09-16T13:28:13","date_gmt":"2024-09-16T11:28:13","guid":{"rendered":"https:\/\/clesheo.pl\/?post_type=product&#038;p=14440"},"modified":"2024-09-17T15:18:38","modified_gmt":"2024-09-17T13:18:38","slug":"personalizowany-pamietnik-dla-niemowlaka","status":"publish","type":"product","link":"https:\/\/clesheo.pl\/en\/shop\/personalizowany-pamietnik-dla-niemowlaka\/","title":{"rendered":"Personalizowany pami\u0119tnik dla niemowlaka &#8211; r\u00f3\u017cowy"},"content":{"rendered":"<h5 style=\"text-align: left;\">Pami\u0119tnik dziecka Oto ja, od narodzin do pi\u0105tego roku \u017cycia, z personalizowan\u0105 ok\u0142adk\u0105<\/h5>\n<p>Ksi\u0105\u017ceczka, kt\u00f3ra mo\u017ce pom\u00f3c rodzicom \u015bledzi\u0107 i dokumentowa\u0107 kluczowe momenty w rozwoju swojego dziecka od czasu ci\u0105\u017cy do 5. roku \u017cycia. Takie pami\u0119tniki s\u0105 nie tylko cenn\u0105 pami\u0105tk\u0105 dla rodzic\u00f3w, ale tak\u017ce mog\u0105 stanowi\u0107 wa\u017cne \u017ar\u00f3d\u0142o informacji i wspomnie\u0144 dla dziecka, gdy b\u0119dzie dorasta\u0107.<\/p>\n<p>Dokumentowanie szczeg\u00f3\u0142\u00f3w zwi\u0105zanych z rozwojem dziecka mo\u017ce pom\u00f3c w:<\/p>\n<ol>\n<li><strong>Pami\u0119taniu wa\u017cnych chwil:<\/strong> Dzieci rosn\u0105 bardzo szybko, a te pierwsze lata s\u0105 pe\u0142ne znacz\u0105cych moment\u00f3w. Dzi\u0119ki pami\u0119tnikowi mo\u017cna z \u0142atwo\u015bci\u0105 przypomnie\u0107 sobie te wa\u017cne chwile.<\/li>\n<li><strong>Monitorowaniu zdrowia:<\/strong> Zapisywanie danych zwi\u0105zanych z ci\u0105\u017c\u0105, wzrostem, wag\u0105 i zdrowiem dziecka mo\u017ce by\u0107 przydatne w przysz\u0142o\u015bci, zw\u0142aszcza podczas wizyt lekarskich.<\/li>\n<li><strong>Tworzeniu osobistej historii:<\/strong> Dla dziecka to tak\u017ce wspania\u0142e \u017ar\u00f3d\u0142o wiedzy o w\u0142asnym dzieci\u0144stwie. B\u0119dzie mog\u0142o pozna\u0107 swoj\u0105 histori\u0119 od samego pocz\u0105tku.<\/li>\n<li><strong>Dzieleniu si\u0119 wspomnieniami:<\/strong> Kiedy dziecko doros\u0142o, taki pami\u0119tnik mo\u017ce by\u0107 prezentem, kt\u00f3rym rodzice podziel\u0105 si\u0119 z dzieckiem. To emocjonalny i warto\u015bciowy dar.<\/li>\n<\/ol>\n<p>Kronika zawiera ca\u0142\u0105 mas\u0119 gotowych temat\u00f3w, a jednocze\u015bnie umo\u017cliwia dodawanie w\u0142asnych tre\u015bci oraz zdj\u0119\u0107.<\/p>\n<p>To idealny prezent dla przysz\u0142ych lub \u015bwie\u017co upieczonych rodzic\u00f3w, grafika wewn\u0105trz jest neutralna pod wzgl\u0119dem p\u0142ci.<\/p>\n<h5>Cechy ksi\u0105\u017ceczki:<\/h5>\n<p>Wymiary: 20 x 20 cm<\/p>\n<p>Ilo\u015b\u0107 stron: 80<\/p>\n<p>Ok\u0142adka twarda, matowa lub b\u0142yszcz\u0105ca.<\/p>\n<p>Personalizowana ok\u0142adka z imieniem i dat\u0105 urodzenia sprawia, \u017ce album staje si\u0119 jeszcze bardziej wyj\u0105tkowy.<\/p>\n<p>Pami\u0119tnik rozpoczyna wprowadzenie obejmuj\u0105ce historie zwi\u0105zane z rodzicami, ci\u0105\u017c\u0105 oraz porodem. Kolejn\u0105 cz\u0119\u015b\u0107 kroniki stanowi\u0105 wyznaczone miejsca na opisy oraz zdj\u0119cia z pierwszych 12 miesi\u0119cy male\u0144stwa oraz strony po\u015bwi\u0119cone szczeg\u00f3\u0142om, o kt\u00f3rych szybko mo\u017cna zapomnie\u0107). Przyk\u0142adowe tematy: s\u0142owniczek niemowl\u0119cy, pierwsze buciki, nowe umiej\u0119tno\u015bci, pierwsze wakacje i tym podobne. Kronika obejmuje pierwsze 5 lat \u017cycia dziecka.<\/p>\n<p>Delikatna grafika z malowanymi akwarelami ro\u015blin i zwierz\u0105tek dodaje uroku i estetyki, co czyni go nie tylko praktycznym narz\u0119dziem do dokumentowania wa\u017cnych chwil, ale tak\u017ce pi\u0119kn\u0105 pami\u0105tk\u0105. To doskona\u0142y spos\u00f3b, aby utrwali\u0107 wspomnienia z okresu dzieci\u0144stwa i tworzy\u0107 cenne wspomnienia na przysz\u0142o\u015b\u0107. Dla wielu rodzic\u00f3w i dzieci takie pami\u0105tki maj\u0105 ogromn\u0105 warto\u015b\u0107 emocjonaln\u0105 i staj\u0105 si\u0119 dziedzictwem rodzinnym.<\/p>\n<p>Album dziecka mo\u017ce by\u0107 wype\u0142niony zdj\u0119ciami, notatkami, kartkami z \u017cyczeniami od bliskich i innymi pami\u0105tkami, kt\u00f3re pomog\u0105 zachowa\u0107 wspomnienia z okresu dzieci\u0144stwa. To wspania\u0142a pami\u0105tka, kt\u00f3ra mo\u017ce by\u0107 przekazywana z pokolenia na pokolenie.<\/p>\n<p>Wi\u0119cej \u015bwietnych pomys\u0142\u00f3w na prezent znajdziesz tu:<\/p>\n<div id=\"attachment_13915\" style=\"width: 246px\"  class=\"wp-caption alignnone\"><img decoding=\"async\" class=\"size-medium wp-image-13915 lazyload\" data-src=\"https:\/\/clesheo.pl\/wp-content\/uploads\/2023\/09\/Album-dla-dziecka-pamietnik-clesheo-niebieski-zielony-2-236x300.jpg\" alt=\"Pami\u0119tnik noworodka od narodzin\" width=\"236\" height=\"300\" data-srcset=\"https:\/\/clesheo.pl\/wp-content\/uploads\/2023\/09\/Album-dla-dziecka-pamietnik-clesheo-niebieski-zielony-2-236x300.jpg 236w, https:\/\/clesheo.pl\/wp-content\/uploads\/2023\/09\/Album-dla-dziecka-pamietnik-clesheo-niebieski-zielony-2-600x763.jpg 600w, https:\/\/clesheo.pl\/wp-content\/uploads\/2023\/09\/Album-dla-dziecka-pamietnik-clesheo-niebieski-zielony-2.jpg 708w\" data-sizes=\"(max-width: 236px) 100vw, 236px\" src=\"data:image\/svg+xml;base64,PHN2ZyB3aWR0aD0iMSIgaGVpZ2h0PSIxIiB4bWxucz0iaHR0cDovL3d3dy53My5vcmcvMjAwMC9zdmciPjwvc3ZnPg==\" style=\"--smush-placeholder-width: 236px; --smush-placeholder-aspect-ratio: 236\/300;\" \/><p class=\"wp-caption-text\">Pami\u0119tnik noworodka zielony<\/p><\/div>\n<p>&nbsp;<\/p>\n<p><strong>Termin realizacji zam\u00f3wienia<\/strong><\/p>\n<p>Na wykonanie personalizowanego albumu potrzebujemy oko\u0142o 10 dni roboczych. Prosimy o uwzgl\u0119dnienie tego czasu, szczeg\u00f3lnie je\u015bli zamawiasz produkt na specjaln\u0105 okazj\u0119, tak\u0105 jak \u015blub czy chrzciny. Warto wcze\u015bniej upewni\u0107 si\u0119, czy zam\u00f3wienie dotrze przed planowan\u0105 dat\u0105 wydarzenia. Po zako\u0144czeniu produkcji, wysy\u0142ka zajmuje zazwyczaj 2-3 dni robocze. Prosimy r\u00f3wnie\u017c o przemy\u015blane zakupy, poniewa\u017c produkty personalizowane, takie jak ten album, nie podlegaj\u0105 zwrotom.<\/p>\n<p>Zobacz nasze inne produkty: <a href=\"https:\/\/clesheo.pl\/shop\/album-na-zdjecia-dziecka-z-kwiatami-oto-ja-clesheo\/\">Album na zdj\u0119cia z imieniem dziecka\u00a0<\/a><\/p>\n<p>B\u0105d\u017a na bie\u017c\u0105co z nowo\u015bciami i ofertami, obserwuj nas w mediach spo\u0142eczno\u015bciowych &#8211;\u00a0 <a href=\"http:\/\/www.instagram.pl\/clesheo\">www.instagram.pl\/clesheo<\/a><\/p>\n","protected":false},"excerpt":{"rendered":"<p>Personalizowany pami\u0119tnik dla niemowlaka, od narodzin do pi\u0105tego roku \u017cycia<\/p>\n<p>Urocza ksi\u0105\u017ceczka, z pami\u0119tnikiem ci\u0105\u017cy, kronik\u0105 niemowlaka oraz z miejscem na opisy i zdj\u0119cia z pierwszych lat \u017cycia. Ok\u0142adka personalizowana z imieniem i dat\u0105 urodzenia dziecka, kolor ok\u0142adki: r\u00f3\u017c pastelowy<\/p>\n<p>Format: 20x20cm<\/p>\n<p>Twarda oprawa, j\u0119zyk polski<\/p>\n","protected":false},"featured_media":14443,"comment_status":"open","ping_status":"closed","template":"","meta":[],"product_brand":[],"product_cat":[],"product_tag":[229,131,383,381,410,156,124,408,409,122,382],"class_list":{"0":"post-14440","1":"product","2":"type-product","3":"status-publish","4":"has-post-thumbnail","6":"product_tag-album-dla-dziecka","7":"product_tag-kronika-dziecka","8":"product_tag-moj-pierwszy-rok","9":"product_tag-oh-baby-album","10":"product_tag-oh-baby-pamietnik","11":"product_tag-pamietnik-dla-dziecka","12":"product_tag-pamietnik-dziecka","13":"product_tag-pamietnik-niemowlaka","14":"product_tag-pamietnik-noworodka","15":"product_tag-pierwszy-album-dziecka","16":"product_tag-twoja-historia-kochanie","18":"first","19":"instock","20":"shipping-taxable","21":"purchasable","22":"product-type-variable"},"yoast_head":"<!-- This site is optimized with the Yoast SEO plugin v23.6 - https:\/\/yoast.com\/wordpress\/plugins\/seo\/ -->\n<title>- Clesheo Personalizowany pami\u0119tnik dla niemowlaka<\/title>\n<meta name=\"description\" content=\"Personalizowany pami\u0119tnik dla niemowlaka Pami\u0119tnik dziecka Oto ja, od narodzin do pi\u0105tego roku \u017cycia Clesheo Personalizowana ksi\u0105\u017ceczka, pami\u0119tnik ci\u0105\u017cy\" \/>\n<meta name=\"robots\" content=\"index, follow, max-snippet:-1, max-image-preview:large, max-video-preview:-1\" \/>\n<link rel=\"canonical\" href=\"https:\/\/clesheo.pl\/en\/shop\/personalizowany-pamietnik-dla-niemowlaka\/\" \/>\n<meta property=\"og:locale\" content=\"en_US\" \/>\n<meta property=\"og:locale:alternate\" content=\"pl_PL\" \/>\n<meta property=\"og:type\" content=\"article\" \/>\n<meta property=\"og:title\" content=\"- Clesheo Personalizowany pami\u0119tnik dla niemowlaka\" \/>\n<meta property=\"og:description\" content=\"Personalizowany pami\u0119tnik dla niemowlaka Pami\u0119tnik dziecka Oto ja, od narodzin do pi\u0105tego roku \u017cycia Clesheo Personalizowana ksi\u0105\u017ceczka, pami\u0119tnik ci\u0105\u017cy\" \/>\n<meta property=\"og:url\" content=\"https:\/\/clesheo.pl\/en\/shop\/personalizowany-pamietnik-dla-niemowlaka\/\" \/>\n<meta property=\"og:site_name\" content=\"Clesheo\" \/>\n<meta property=\"article:modified_time\" content=\"2024-09-17T13:18:38+00:00\" \/>\n<meta property=\"og:image\" content=\"https:\/\/clesheo.pl\/wp-content\/uploads\/2024\/09\/Album-dziecka-pamietnik-clesheo-rozowy.jpg\" \/>\n\t<meta property=\"og:image:width\" content=\"600\" \/>\n\t<meta property=\"og:image:height\" content=\"900\" \/>\n\t<meta property=\"og:image:type\" content=\"image\/jpeg\" \/>\n<meta name=\"twitter:card\" content=\"summary_large_image\" \/>\n<meta name=\"twitter:label1\" content=\"Est. reading time\" \/>\n\t<meta name=\"twitter:data1\" content=\"3 minutes\" \/>\n<script type=\"application\/ld+json\" class=\"yoast-schema-graph\">{\"@context\":\"https:\/\/schema.org\",\"@graph\":[{\"@type\":\"WebPage\",\"@id\":\"https:\/\/clesheo.pl\/en\/shop\/personalizowany-pamietnik-dla-niemowlaka\/\",\"url\":\"https:\/\/clesheo.pl\/en\/shop\/personalizowany-pamietnik-dla-niemowlaka\/\",\"name\":\"- Clesheo Personalizowany pami\u0119tnik dla niemowlaka\",\"isPartOf\":{\"@id\":\"https:\/\/clesheo.pl\/#website\"},\"primaryImageOfPage\":{\"@id\":\"https:\/\/clesheo.pl\/en\/shop\/personalizowany-pamietnik-dla-niemowlaka\/#primaryimage\"},\"image\":{\"@id\":\"https:\/\/clesheo.pl\/en\/shop\/personalizowany-pamietnik-dla-niemowlaka\/#primaryimage\"},\"thumbnailUrl\":\"https:\/\/clesheo.pl\/wp-content\/uploads\/2024\/09\/Album-dziecka-pamietnik-clesheo-rozowy.jpg\",\"datePublished\":\"2024-09-16T11:28:13+00:00\",\"dateModified\":\"2024-09-17T13:18:38+00:00\",\"description\":\"Personalizowany pami\u0119tnik dla niemowlaka Pami\u0119tnik dziecka Oto ja, od narodzin do pi\u0105tego roku \u017cycia Clesheo Personalizowana ksi\u0105\u017ceczka, pami\u0119tnik ci\u0105\u017cy\",\"breadcrumb\":{\"@id\":\"https:\/\/clesheo.pl\/en\/shop\/personalizowany-pamietnik-dla-niemowlaka\/#breadcrumb\"},\"inLanguage\":\"en-US\",\"potentialAction\":[{\"@type\":\"ReadAction\",\"target\":[\"https:\/\/clesheo.pl\/en\/shop\/personalizowany-pamietnik-dla-niemowlaka\/\"]}]},{\"@type\":\"ImageObject\",\"inLanguage\":\"en-US\",\"@id\":\"https:\/\/clesheo.pl\/en\/shop\/personalizowany-pamietnik-dla-niemowlaka\/#primaryimage\",\"url\":\"https:\/\/clesheo.pl\/wp-content\/uploads\/2024\/09\/Album-dziecka-pamietnik-clesheo-rozowy.jpg\",\"contentUrl\":\"https:\/\/clesheo.pl\/wp-content\/uploads\/2024\/09\/Album-dziecka-pamietnik-clesheo-rozowy.jpg\",\"width\":600,\"height\":900,\"caption\":\"Pami\u0119tnik dla noworodka Pami\u0119tnik dla dziewczynki Prezent dla noworodka Pami\u0105tka narodzin\"},{\"@type\":\"BreadcrumbList\",\"@id\":\"https:\/\/clesheo.pl\/en\/shop\/personalizowany-pamietnik-dla-niemowlaka\/#breadcrumb\",\"itemListElement\":[{\"@type\":\"ListItem\",\"position\":1,\"name\":\"Strona g\u0142\u00f3wna\",\"item\":\"https:\/\/clesheo.pl\/\"},{\"@type\":\"ListItem\",\"position\":2,\"name\":\"Sklep\",\"item\":\"https:\/\/clesheo.pl\/sklep\/\"},{\"@type\":\"ListItem\",\"position\":3,\"name\":\"Personalizowany pami\u0119tnik dla niemowlaka &#8211; r\u00f3\u017cowy\"}]},{\"@type\":\"WebSite\",\"@id\":\"https:\/\/clesheo.pl\/#website\",\"url\":\"https:\/\/clesheo.pl\/\",\"name\":\"Clesheo\",\"description\":\"\",\"potentialAction\":[{\"@type\":\"SearchAction\",\"target\":{\"@type\":\"EntryPoint\",\"urlTemplate\":\"https:\/\/clesheo.pl\/?s={search_term_string}\"},\"query-input\":{\"@type\":\"PropertyValueSpecification\",\"valueRequired\":true,\"valueName\":\"search_term_string\"}}],\"inLanguage\":\"en-US\"}]}<\/script>\n<!-- \/ Yoast SEO plugin. -->","yoast_head_json":{"title":"- Clesheo Personalizowany pami\u0119tnik dla niemowlaka","description":"Personalizowany pami\u0119tnik dla niemowlaka Pami\u0119tnik dziecka Oto ja, od narodzin do pi\u0105tego roku \u017cycia Clesheo Personalizowana ksi\u0105\u017ceczka, pami\u0119tnik ci\u0105\u017cy","robots":{"index":"index","follow":"follow","max-snippet":"max-snippet:-1","max-image-preview":"max-image-preview:large","max-video-preview":"max-video-preview:-1"},"canonical":"https:\/\/clesheo.pl\/en\/shop\/personalizowany-pamietnik-dla-niemowlaka\/","og_locale":"en_US","og_type":"article","og_title":"- Clesheo Personalizowany pami\u0119tnik dla niemowlaka","og_description":"Personalizowany pami\u0119tnik dla niemowlaka Pami\u0119tnik dziecka Oto ja, od narodzin do pi\u0105tego roku \u017cycia Clesheo Personalizowana ksi\u0105\u017ceczka, pami\u0119tnik ci\u0105\u017cy","og_url":"https:\/\/clesheo.pl\/en\/shop\/personalizowany-pamietnik-dla-niemowlaka\/","og_site_name":"Clesheo","article_modified_time":"2024-09-17T13:18:38+00:00","og_image":[{"width":600,"height":900,"url":"https:\/\/clesheo.pl\/wp-content\/uploads\/2024\/09\/Album-dziecka-pamietnik-clesheo-rozowy.jpg","type":"image\/jpeg"}],"twitter_card":"summary_large_image","twitter_misc":{"Est. reading time":"3 minutes"},"schema":{"@context":"https:\/\/schema.org","@graph":[{"@type":"WebPage","@id":"https:\/\/clesheo.pl\/en\/shop\/personalizowany-pamietnik-dla-niemowlaka\/","url":"https:\/\/clesheo.pl\/en\/shop\/personalizowany-pamietnik-dla-niemowlaka\/","name":"- Clesheo Personalizowany pami\u0119tnik dla niemowlaka","isPartOf":{"@id":"https:\/\/clesheo.pl\/#website"},"primaryImageOfPage":{"@id":"https:\/\/clesheo.pl\/en\/shop\/personalizowany-pamietnik-dla-niemowlaka\/#primaryimage"},"image":{"@id":"https:\/\/clesheo.pl\/en\/shop\/personalizowany-pamietnik-dla-niemowlaka\/#primaryimage"},"thumbnailUrl":"https:\/\/clesheo.pl\/wp-content\/uploads\/2024\/09\/Album-dziecka-pamietnik-clesheo-rozowy.jpg","datePublished":"2024-09-16T11:28:13+00:00","dateModified":"2024-09-17T13:18:38+00:00","description":"Personalizowany pami\u0119tnik dla niemowlaka Pami\u0119tnik dziecka Oto ja, od narodzin do pi\u0105tego roku \u017cycia Clesheo Personalizowana ksi\u0105\u017ceczka, pami\u0119tnik ci\u0105\u017cy","breadcrumb":{"@id":"https:\/\/clesheo.pl\/en\/shop\/personalizowany-pamietnik-dla-niemowlaka\/#breadcrumb"},"inLanguage":"en-US","potentialAction":[{"@type":"ReadAction","target":["https:\/\/clesheo.pl\/en\/shop\/personalizowany-pamietnik-dla-niemowlaka\/"]}]},{"@type":"ImageObject","inLanguage":"en-US","@id":"https:\/\/clesheo.pl\/en\/shop\/personalizowany-pamietnik-dla-niemowlaka\/#primaryimage","url":"https:\/\/clesheo.pl\/wp-content\/uploads\/2024\/09\/Album-dziecka-pamietnik-clesheo-rozowy.jpg","contentUrl":"https:\/\/clesheo.pl\/wp-content\/uploads\/2024\/09\/Album-dziecka-pamietnik-clesheo-rozowy.jpg","width":600,"height":900,"caption":"Pami\u0119tnik dla noworodka Pami\u0119tnik dla dziewczynki Prezent dla noworodka Pami\u0105tka narodzin"},{"@type":"BreadcrumbList","@id":"https:\/\/clesheo.pl\/en\/shop\/personalizowany-pamietnik-dla-niemowlaka\/#breadcrumb","itemListElement":[{"@type":"ListItem","position":1,"name":"Strona g\u0142\u00f3wna","item":"https:\/\/clesheo.pl\/"},{"@type":"ListItem","position":2,"name":"Sklep","item":"https:\/\/clesheo.pl\/sklep\/"},{"@type":"ListItem","position":3,"name":"Personalizowany pami\u0119tnik dla niemowlaka &#8211; r\u00f3\u017cowy"}]},{"@type":"WebSite","@id":"https:\/\/clesheo.pl\/#website","url":"https:\/\/clesheo.pl\/","name":"Clesheo","description":"","potentialAction":[{"@type":"SearchAction","target":{"@type":"EntryPoint","urlTemplate":"https:\/\/clesheo.pl\/?s={search_term_string}"},"query-input":{"@type":"PropertyValueSpecification","valueRequired":true,"valueName":"search_term_string"}}],"inLanguage":"en-US"}]}},"_links":{"self":[{"href":"https:\/\/clesheo.pl\/en\/wp-json\/wp\/v2\/product\/14440","targetHints":{"allow":["GET"]}}],"collection":[{"href":"https:\/\/clesheo.pl\/en\/wp-json\/wp\/v2\/product"}],"about":[{"href":"https:\/\/clesheo.pl\/en\/wp-json\/wp\/v2\/types\/product"}],"replies":[{"embeddable":true,"href":"https:\/\/clesheo.pl\/en\/wp-json\/wp\/v2\/comments?post=14440"}],"wp:featuredmedia":[{"embeddable":true,"href":"https:\/\/clesheo.pl\/en\/wp-json\/wp\/v2\/media\/14443"}],"wp:attachment":[{"href":"https:\/\/clesheo.pl\/en\/wp-json\/wp\/v2\/media?parent=14440"}],"wp:term":[{"taxonomy":"product_brand","embeddable":true,"href":"https:\/\/clesheo.pl\/en\/wp-json\/wp\/v2\/product_brand?post=14440"},{"taxonomy":"product_cat","embeddable":true,"href":"https:\/\/clesheo.pl\/en\/wp-json\/wp\/v2\/product_cat?post=14440"},{"taxonomy":"product_tag","embeddable":true,"href":"https:\/\/clesheo.pl\/en\/wp-json\/wp\/v2\/product_tag?post=14440"}],"curies":[{"name":"wp","href":"https:\/\/api.w.org\/{rel}","templated":true}]}}