{"id":14444,"date":"2024-09-16T13:43:47","date_gmt":"2024-09-16T11:43:47","guid":{"rendered":"https:\/\/clesheo.pl\/?post_type=product&#038;p=14444"},"modified":"2024-09-30T13:12:14","modified_gmt":"2024-09-30T11:12:14","slug":"pamietnik-dzieciecy","status":"publish","type":"product","link":"https:\/\/clesheo.pl\/en\/shop\/pamietnik-dzieciecy\/","title":{"rendered":"Pami\u0119tnik dzieci\u0119cy Oto ja &#8211; zielony"},"content":{"rendered":"<h6>Pami\u0119tnik dzieci\u0119cy Oto ja &#8211; zielony<\/h6>\n<p>Ten pi\u0119kny pami\u0119tnik rozpoczyna si\u0119 od sekcji po\u015bwi\u0119conej historiom zwi\u0105zanym z rodzicami, ci\u0105\u017c\u0105 oraz porodem. Nast\u0119pnie, w kolejnych cz\u0119\u015bciach, znajdziesz miejsca na opis i zdj\u0119cia z pierwszych 12 miesi\u0119cy \u017cycia maluszka. Zawiera r\u00f3wnie\u017c strony na zapisywanie unikalnych detali, takich jak: s\u0142owniczek niemowl\u0119cy, pierwsze buciki, nowe umiej\u0119tno\u015bci, pierwsze wakacje i inne wa\u017cne chwile. Ca\u0142o\u015b\u0107 obejmuje pierwsze 5 lat \u017cycia dziecka, oferuj\u0105c mn\u00f3stwo przestrzeni na osobiste wspomnienia i pami\u0105tki.<\/p>\n<p>Co wyr\u00f3\u017cnia ten pami\u0119tnik, to jego personalizowana ok\u0142adka, kt\u00f3ra mo\u017ce by\u0107 ozdobiona imieniem i dat\u0105 urodzenia Twojego dziecka, czyni\u0105c go jeszcze bardziej wyj\u0105tkowym. Zar\u00f3wno ok\u0142adka, jak i wn\u0119trze ksi\u0105\u017ceczki s\u0105 ozdobione delikatn\u0105 grafik\u0105 w formie malowanych akwarel \u2013 ro\u015blinami i zwierz\u0105tkami, kt\u00f3re dodaj\u0105 uroku i subtelno\u015bci.<\/p>\n<p>Ten pami\u0119tnik to doskona\u0142y wyb\u00f3r, aby zatrzyma\u0107 najpi\u0119kniejsze chwile z dzieci\u0144stwa i stworzy\u0107 niepowtarzaln\u0105 pami\u0105tk\u0119, kt\u00f3ra b\u0119dzie cieszy\u0107 i wzrusza\u0107 przez wiele lat.<\/p>\n<p>Format albumu<\/p>\n<p>20cmx20cm<\/p>\n<p>Ilo\u015b\u0107 stron: 80<\/p>\n<p>Ok\u0142adka<\/p>\n<p>Na ok\u0142adce umie\u015bcimy imi\u0119 oraz dat\u0119 urodzenia Twojego dziecka.<\/p>\n<p>W tej pastelowej\u00a0 kolekcji pami\u0119tnik\u00f3w Oto ja dost\u0119pne s\u0105 r\u00f3wnie\u017c inne opcje kolorystyczne ok\u0142adki:<\/p>\n<div id=\"attachment_13917\" style=\"width: 210px\"  class=\"wp-caption alignnone\"><a href=\"https:\/\/clesheo.pl\/shop\/personalizowany-pamietnik-dla-niemowlaka\/\"><img decoding=\"async\" class=\"size-medium wp-image-13917 lazyload\" data-src=\"https:\/\/clesheo.pl\/wp-content\/uploads\/2023\/09\/Album-dziecka-pamietnik-clesheo-rozowy-200x300.jpg\" alt=\"Album dziecka pami\u0119tnik clesheo r\u00f3\u017cowy\" width=\"200\" height=\"300\" data-srcset=\"https:\/\/clesheo.pl\/wp-content\/uploads\/2023\/09\/Album-dziecka-pamietnik-clesheo-rozowy-200x300.jpg 200w, https:\/\/clesheo.pl\/wp-content\/uploads\/2023\/09\/Album-dziecka-pamietnik-clesheo-rozowy.jpg 600w\" data-sizes=\"(max-width: 200px) 100vw, 200px\" src=\"data:image\/svg+xml;base64,PHN2ZyB3aWR0aD0iMSIgaGVpZ2h0PSIxIiB4bWxucz0iaHR0cDovL3d3dy53My5vcmcvMjAwMC9zdmciPjwvc3ZnPg==\" style=\"--smush-placeholder-width: 200px; --smush-placeholder-aspect-ratio: 200\/300;\" \/><\/a><p class=\"wp-caption-text\">Album dziecka r\u00f3\u017cowy<\/p><\/div>\n<div id=\"attachment_13916\" style=\"width: 225px\"  class=\"wp-caption alignnone\"><img decoding=\"async\" class=\"size-medium wp-image-13916 lazyload\" data-src=\"https:\/\/clesheo.pl\/wp-content\/uploads\/2023\/09\/Album-dla-dziecka-pamietnik-clesheo-niebieski-215x300.jpg\" alt=\"Pami\u0119tnik noworodka od narodzin\" width=\"215\" height=\"300\" data-srcset=\"https:\/\/clesheo.pl\/wp-content\/uploads\/2023\/09\/Album-dla-dziecka-pamietnik-clesheo-niebieski-215x300.jpg 215w, https:\/\/clesheo.pl\/wp-content\/uploads\/2023\/09\/Album-dla-dziecka-pamietnik-clesheo-niebieski-600x836.jpg 600w, https:\/\/clesheo.pl\/wp-content\/uploads\/2023\/09\/Album-dla-dziecka-pamietnik-clesheo-niebieski.jpg 646w\" data-sizes=\"(max-width: 215px) 100vw, 215px\" src=\"data:image\/svg+xml;base64,PHN2ZyB3aWR0aD0iMSIgaGVpZ2h0PSIxIiB4bWxucz0iaHR0cDovL3d3dy53My5vcmcvMjAwMC9zdmciPjwvc3ZnPg==\" style=\"--smush-placeholder-width: 215px; --smush-placeholder-aspect-ratio: 215\/300;\" \/><p class=\"wp-caption-text\">Pami\u0119tnik noworodka niebieski<\/p><\/div>\n<p>&nbsp;<\/p>\n<p><strong>Czas realizacji zam\u00f3wie\u0144<\/strong><\/p>\n<p>Stworzenie personalizowanego albumu zajmuje nam oko\u0142o 10 dni roboczych. Je\u015bli planujesz zam\u00f3wi\u0107 album na specjaln\u0105 okazj\u0119, upewnij si\u0119, \u017ce uwzgl\u0119dniasz ten czas w swoich planach i sprawd\u017a, czy zam\u00f3wienie dotrze przed zaplanowan\u0105 dat\u0105 uroczysto\u015bci. Po zako\u0144czeniu produkcji, czas dostawy wynosi zazwyczaj 2-3 dni robocze. Prosimy r\u00f3wnie\u017c o rozwa\u017cne zakupy, poniewa\u017c produkty personalizowane, takie jak ten album, nie podlegaj\u0105 zwrotom.<\/p>\n<p>Wklejanie zdj\u0119\u0107<\/p>\n<p>Najlepszym sposobem na do\u0142\u0105czenie zdj\u0119\u0107 jest przyklejanie ich za pomoc\u0105 specjalnych przylepc\u00f3w. U\u017cycie kleju mog\u0142oby spowodowa\u0107 odkszta\u0142cania, a w ten spos\u00f3b b\u0119dziesz mie\u0107 pewno\u015b\u0107, \u017ce strony nie pofa\u0142duj\u0105 si\u0119 i b\u0119d\u0105 wygl\u0105da\u0107 estetycznie.<\/p>\n<p>Zobacz nasze inne produkty: <a href=\"https:\/\/clesheo.pl\/shop\/album-na-zdjecia-dziecka-z-kwiatami-oto-ja-clesheo\/\">Album na zdj\u0119cia z imieniem dziecka\u00a0<\/a><\/p>\n<p>B\u0105d\u017a na bie\u017c\u0105co z nowo\u015bciami i ofertami, obserwuj nas w mediach spo\u0142eczno\u015bciowych &#8211;\u00a0 <a href=\"http:\/\/www.instagram.pl\/clesheo\">www.instagram.pl\/clesheo<\/a><\/p>\n","protected":false},"excerpt":{"rendered":"<p>Pami\u0119tnik dzieci\u0119cy Oto ja, od narodzin do pi\u0105tego roku \u017cycia, z zielon\u0105 personalizowan\u0105 ok\u0142adk\u0105<\/p>\n<p>Urocza \u00a0ksi\u0105\u017ceczka, z pami\u0119tnikiem ci\u0105\u017cy, kronik\u0105 niemowlaka oraz z miejscem na opisy i zdj\u0119cia z pierwszych lat \u017cycia.<\/p>\n<p>Format: 20x20cm<\/p>\n<p>Twarda oprawa, j\u0119zyk polski<\/p>\n","protected":false},"featured_media":14448,"comment_status":"open","ping_status":"closed","template":"","meta":[],"product_brand":[],"product_cat":[],"product_tag":[229,131,383,381,410,156,124,408,409,122,382],"class_list":{"0":"post-14444","1":"product","2":"type-product","3":"status-publish","4":"has-post-thumbnail","6":"product_tag-album-dla-dziecka","7":"product_tag-kronika-dziecka","8":"product_tag-moj-pierwszy-rok","9":"product_tag-oh-baby-album","10":"product_tag-oh-baby-pamietnik","11":"product_tag-pamietnik-dla-dziecka","12":"product_tag-pamietnik-dziecka","13":"product_tag-pamietnik-niemowlaka","14":"product_tag-pamietnik-noworodka","15":"product_tag-pierwszy-album-dziecka","16":"product_tag-twoja-historia-kochanie","18":"first","19":"instock","20":"shipping-taxable","21":"purchasable","22":"product-type-variable"},"yoast_head":"<!-- This site is optimized with the Yoast SEO plugin v23.6 - https:\/\/yoast.com\/wordpress\/plugins\/seo\/ -->\n<title>Pami\u0119tnik dzieci\u0119c - Clesheo<\/title>\n<meta name=\"description\" content=\"Pami\u0119tnik dzieci\u0119cy Oto ja, od narodzin do pi\u0105tego roku \u017cycia Clesheo Personalizowana ksi\u0105\u017ceczka, pami\u0119tnik ci\u0105\u017cy, kronika niemowlaka\" \/>\n<meta name=\"robots\" content=\"index, follow, max-snippet:-1, max-image-preview:large, max-video-preview:-1\" \/>\n<link rel=\"canonical\" href=\"https:\/\/clesheo.pl\/en\/shop\/pamietnik-dzieciecy\/\" \/>\n<meta property=\"og:locale\" content=\"en_US\" \/>\n<meta property=\"og:locale:alternate\" content=\"pl_PL\" \/>\n<meta property=\"og:type\" content=\"article\" \/>\n<meta property=\"og:title\" content=\"Pami\u0119tnik dzieci\u0119c - Clesheo\" \/>\n<meta property=\"og:description\" content=\"Pami\u0119tnik dzieci\u0119cy Oto ja, od narodzin do pi\u0105tego roku \u017cycia Clesheo Personalizowana ksi\u0105\u017ceczka, pami\u0119tnik ci\u0105\u017cy, kronika niemowlaka\" \/>\n<meta property=\"og:url\" content=\"https:\/\/clesheo.pl\/en\/shop\/pamietnik-dzieciecy\/\" \/>\n<meta property=\"og:site_name\" content=\"Clesheo\" \/>\n<meta property=\"article:modified_time\" content=\"2024-09-30T11:12:14+00:00\" \/>\n<meta property=\"og:image\" content=\"https:\/\/clesheo.pl\/wp-content\/uploads\/2024\/09\/Pamietnik-dzieciecy-zielony_.jpg\" \/>\n\t<meta property=\"og:image:width\" content=\"667\" \/>\n\t<meta property=\"og:image:height\" content=\"1000\" \/>\n\t<meta property=\"og:image:type\" content=\"image\/jpeg\" \/>\n<meta name=\"twitter:card\" content=\"summary_large_image\" \/>\n<meta name=\"twitter:label1\" content=\"Est. reading time\" \/>\n\t<meta name=\"twitter:data1\" content=\"3 minutes\" \/>\n<script type=\"application\/ld+json\" class=\"yoast-schema-graph\">{\"@context\":\"https:\/\/schema.org\",\"@graph\":[{\"@type\":\"WebPage\",\"@id\":\"https:\/\/clesheo.pl\/en\/shop\/pamietnik-dzieciecy\/\",\"url\":\"https:\/\/clesheo.pl\/en\/shop\/pamietnik-dzieciecy\/\",\"name\":\"Pami\u0119tnik dzieci\u0119c - Clesheo\",\"isPartOf\":{\"@id\":\"https:\/\/clesheo.pl\/#website\"},\"primaryImageOfPage\":{\"@id\":\"https:\/\/clesheo.pl\/en\/shop\/pamietnik-dzieciecy\/#primaryimage\"},\"image\":{\"@id\":\"https:\/\/clesheo.pl\/en\/shop\/pamietnik-dzieciecy\/#primaryimage\"},\"thumbnailUrl\":\"https:\/\/clesheo.pl\/wp-content\/uploads\/2024\/09\/Pamietnik-dzieciecy-zielony_.jpg\",\"datePublished\":\"2024-09-16T11:43:47+00:00\",\"dateModified\":\"2024-09-30T11:12:14+00:00\",\"description\":\"Pami\u0119tnik dzieci\u0119cy Oto ja, od narodzin do pi\u0105tego roku \u017cycia Clesheo Personalizowana ksi\u0105\u017ceczka, pami\u0119tnik ci\u0105\u017cy, kronika niemowlaka\",\"breadcrumb\":{\"@id\":\"https:\/\/clesheo.pl\/en\/shop\/pamietnik-dzieciecy\/#breadcrumb\"},\"inLanguage\":\"en-US\",\"potentialAction\":[{\"@type\":\"ReadAction\",\"target\":[\"https:\/\/clesheo.pl\/en\/shop\/pamietnik-dzieciecy\/\"]}]},{\"@type\":\"ImageObject\",\"inLanguage\":\"en-US\",\"@id\":\"https:\/\/clesheo.pl\/en\/shop\/pamietnik-dzieciecy\/#primaryimage\",\"url\":\"https:\/\/clesheo.pl\/wp-content\/uploads\/2024\/09\/Pamietnik-dzieciecy-zielony_.jpg\",\"contentUrl\":\"https:\/\/clesheo.pl\/wp-content\/uploads\/2024\/09\/Pamietnik-dzieciecy-zielony_.jpg\",\"width\":667,\"height\":1000,\"caption\":\"Pami\u0119tnik dzieci\u0119cy zielony\"},{\"@type\":\"BreadcrumbList\",\"@id\":\"https:\/\/clesheo.pl\/en\/shop\/pamietnik-dzieciecy\/#breadcrumb\",\"itemListElement\":[{\"@type\":\"ListItem\",\"position\":1,\"name\":\"Strona g\u0142\u00f3wna\",\"item\":\"https:\/\/clesheo.pl\/\"},{\"@type\":\"ListItem\",\"position\":2,\"name\":\"Sklep\",\"item\":\"https:\/\/clesheo.pl\/sklep\/\"},{\"@type\":\"ListItem\",\"position\":3,\"name\":\"Pami\u0119tnik dzieci\u0119cy Oto ja &#8211; zielony\"}]},{\"@type\":\"WebSite\",\"@id\":\"https:\/\/clesheo.pl\/#website\",\"url\":\"https:\/\/clesheo.pl\/\",\"name\":\"Clesheo\",\"description\":\"\",\"potentialAction\":[{\"@type\":\"SearchAction\",\"target\":{\"@type\":\"EntryPoint\",\"urlTemplate\":\"https:\/\/clesheo.pl\/?s={search_term_string}\"},\"query-input\":{\"@type\":\"PropertyValueSpecification\",\"valueRequired\":true,\"valueName\":\"search_term_string\"}}],\"inLanguage\":\"en-US\"}]}<\/script>\n<!-- \/ Yoast SEO plugin. -->","yoast_head_json":{"title":"Pami\u0119tnik dzieci\u0119c - Clesheo","description":"Pami\u0119tnik dzieci\u0119cy Oto ja, od narodzin do pi\u0105tego roku \u017cycia Clesheo Personalizowana ksi\u0105\u017ceczka, pami\u0119tnik ci\u0105\u017cy, kronika niemowlaka","robots":{"index":"index","follow":"follow","max-snippet":"max-snippet:-1","max-image-preview":"max-image-preview:large","max-video-preview":"max-video-preview:-1"},"canonical":"https:\/\/clesheo.pl\/en\/shop\/pamietnik-dzieciecy\/","og_locale":"en_US","og_type":"article","og_title":"Pami\u0119tnik dzieci\u0119c - Clesheo","og_description":"Pami\u0119tnik dzieci\u0119cy Oto ja, od narodzin do pi\u0105tego roku \u017cycia Clesheo Personalizowana ksi\u0105\u017ceczka, pami\u0119tnik ci\u0105\u017cy, kronika niemowlaka","og_url":"https:\/\/clesheo.pl\/en\/shop\/pamietnik-dzieciecy\/","og_site_name":"Clesheo","article_modified_time":"2024-09-30T11:12:14+00:00","og_image":[{"width":667,"height":1000,"url":"https:\/\/clesheo.pl\/wp-content\/uploads\/2024\/09\/Pamietnik-dzieciecy-zielony_.jpg","type":"image\/jpeg"}],"twitter_card":"summary_large_image","twitter_misc":{"Est. reading time":"3 minutes"},"schema":{"@context":"https:\/\/schema.org","@graph":[{"@type":"WebPage","@id":"https:\/\/clesheo.pl\/en\/shop\/pamietnik-dzieciecy\/","url":"https:\/\/clesheo.pl\/en\/shop\/pamietnik-dzieciecy\/","name":"Pami\u0119tnik dzieci\u0119c - Clesheo","isPartOf":{"@id":"https:\/\/clesheo.pl\/#website"},"primaryImageOfPage":{"@id":"https:\/\/clesheo.pl\/en\/shop\/pamietnik-dzieciecy\/#primaryimage"},"image":{"@id":"https:\/\/clesheo.pl\/en\/shop\/pamietnik-dzieciecy\/#primaryimage"},"thumbnailUrl":"https:\/\/clesheo.pl\/wp-content\/uploads\/2024\/09\/Pamietnik-dzieciecy-zielony_.jpg","datePublished":"2024-09-16T11:43:47+00:00","dateModified":"2024-09-30T11:12:14+00:00","description":"Pami\u0119tnik dzieci\u0119cy Oto ja, od narodzin do pi\u0105tego roku \u017cycia Clesheo Personalizowana ksi\u0105\u017ceczka, pami\u0119tnik ci\u0105\u017cy, kronika niemowlaka","breadcrumb":{"@id":"https:\/\/clesheo.pl\/en\/shop\/pamietnik-dzieciecy\/#breadcrumb"},"inLanguage":"en-US","potentialAction":[{"@type":"ReadAction","target":["https:\/\/clesheo.pl\/en\/shop\/pamietnik-dzieciecy\/"]}]},{"@type":"ImageObject","inLanguage":"en-US","@id":"https:\/\/clesheo.pl\/en\/shop\/pamietnik-dzieciecy\/#primaryimage","url":"https:\/\/clesheo.pl\/wp-content\/uploads\/2024\/09\/Pamietnik-dzieciecy-zielony_.jpg","contentUrl":"https:\/\/clesheo.pl\/wp-content\/uploads\/2024\/09\/Pamietnik-dzieciecy-zielony_.jpg","width":667,"height":1000,"caption":"Pami\u0119tnik dzieci\u0119cy zielony"},{"@type":"BreadcrumbList","@id":"https:\/\/clesheo.pl\/en\/shop\/pamietnik-dzieciecy\/#breadcrumb","itemListElement":[{"@type":"ListItem","position":1,"name":"Strona g\u0142\u00f3wna","item":"https:\/\/clesheo.pl\/"},{"@type":"ListItem","position":2,"name":"Sklep","item":"https:\/\/clesheo.pl\/sklep\/"},{"@type":"ListItem","position":3,"name":"Pami\u0119tnik dzieci\u0119cy Oto ja &#8211; zielony"}]},{"@type":"WebSite","@id":"https:\/\/clesheo.pl\/#website","url":"https:\/\/clesheo.pl\/","name":"Clesheo","description":"","potentialAction":[{"@type":"SearchAction","target":{"@type":"EntryPoint","urlTemplate":"https:\/\/clesheo.pl\/?s={search_term_string}"},"query-input":{"@type":"PropertyValueSpecification","valueRequired":true,"valueName":"search_term_string"}}],"inLanguage":"en-US"}]}},"_links":{"self":[{"href":"https:\/\/clesheo.pl\/en\/wp-json\/wp\/v2\/product\/14444","targetHints":{"allow":["GET"]}}],"collection":[{"href":"https:\/\/clesheo.pl\/en\/wp-json\/wp\/v2\/product"}],"about":[{"href":"https:\/\/clesheo.pl\/en\/wp-json\/wp\/v2\/types\/product"}],"replies":[{"embeddable":true,"href":"https:\/\/clesheo.pl\/en\/wp-json\/wp\/v2\/comments?post=14444"}],"wp:featuredmedia":[{"embeddable":true,"href":"https:\/\/clesheo.pl\/en\/wp-json\/wp\/v2\/media\/14448"}],"wp:attachment":[{"href":"https:\/\/clesheo.pl\/en\/wp-json\/wp\/v2\/media?parent=14444"}],"wp:term":[{"taxonomy":"product_brand","embeddable":true,"href":"https:\/\/clesheo.pl\/en\/wp-json\/wp\/v2\/product_brand?post=14444"},{"taxonomy":"product_cat","embeddable":true,"href":"https:\/\/clesheo.pl\/en\/wp-json\/wp\/v2\/product_cat?post=14444"},{"taxonomy":"product_tag","embeddable":true,"href":"https:\/\/clesheo.pl\/en\/wp-json\/wp\/v2\/product_tag?post=14444"}],"curies":[{"name":"wp","href":"https:\/\/api.w.org\/{rel}","templated":true}]}}