{"id":14454,"date":"2024-09-17T13:41:31","date_gmt":"2024-09-17T11:41:31","guid":{"rendered":"https:\/\/clesheo.pl\/?post_type=product&#038;p=14454"},"modified":"2025-10-08T19:16:09","modified_gmt":"2025-10-08T17:16:09","slug":"personalizowana-ksiega-gosci","status":"publish","type":"product","link":"https:\/\/clesheo.pl\/en\/shop\/personalizowana-ksiega-gosci\/","title":{"rendered":"Personalizowana ksi\u0119ga go\u015bci"},"content":{"rendered":"<p>Personalizowana ksi\u0119ga go\u015bci &#8211; ciemna oliwka<\/p>\n<p>Odkryj elegancj\u0119 i wyj\u0105tkowo\u015b\u0107 naszej Ksi\u0119gi Go\u015bci, kt\u00f3ra stanowi idealne uzupe\u0142nienie Twojego wesela. Dzi\u0119ki mo\u017cliwo\u015bci personalizacji, ok\u0142adka ksi\u0119gi mo\u017ce zosta\u0107 ozdobiona imionami pary m\u0142odej oraz dat\u0105 \u015blubu, co sprawia, \u017ce jest to niepowtarzalna pami\u0105tka na lata.<\/p>\n<p><strong>Specyfikacja:<\/strong><\/p>\n<ul>\n<li><strong>Personalizacja:<\/strong> Ok\u0142adka z mo\u017cliwo\u015bci\u0105 nadrukowania imion oraz daty \u015blubu.<\/li>\n<li><strong>Kolorystyka Ok\u0142adki:<\/strong> Dost\u0119pna w czterech eleganckich wersjach kolorystycznych, kt\u00f3re dopasujesz do stylu swojego wesela: ciemna oliwka, oliwka, puder, be\u017c<\/li>\n<li><strong>Wn\u0119trze:<\/strong> Karty przek\u0142adane pergaminem, co nadaje ksi\u0119dze subtelno\u015bci i elegancji.<\/li>\n<li><strong>Karty:<\/strong> W kolorze \u015bmietankowym lub czarnym, idealne do wklejania zdj\u0119\u0107 z fotobudki oraz na wpisy dla go\u015bci weselnych. Ilo\u015b\u0107 stron: 40, 60 lub 100<\/li>\n<\/ul>\n<p>Nasza Ksi\u0119ga Go\u015bci to nie tylko praktyczny dodatek do Twojego \u015blubu, ale tak\u017ce pi\u0119kna pami\u0105tka, kt\u00f3ra zachowa wspomnienia z tego wyj\u0105tkowego dnia na zawsze.<\/p>\n<h3>Termin Realizacji<\/h3>\n<p>Zwykle produkcja zam\u00f3wie\u0144 trwa oko\u0142o 10 dni roboczych,\u00a0 wysy\u0142ka kurierska zajmuje oko\u0142o 2 dni roboczych.<\/p>\n<h3>Zwroty<\/h3>\n<p>Nasze albumy maj\u0105 spersonalizowane ok\u0142adki i s\u0105 produkowane na specjalne zam\u00f3wienie, dlatego nie podlegaj\u0105 zwrotom. Prosimy o staranne przemy\u015blenie zam\u00f3wienia przed jego z\u0142o\u017ceniem.<\/p>\n<p>Odkryj nasze albumy \u015blubne i stw\u00f3rz pi\u0119kn\u0105 kolekcj\u0119 do przechowywania Twoich najpi\u0119kniejszych wspomnie\u0144<\/p>\n<blockquote class=\"wp-embedded-content\" data-secret=\"evTCMDOXm4\"><p><a href=\"https:\/\/clesheo.pl\/shop\/album-slubny-ze-zdjeciem-na-okladce\/\">Album \u015blubny ze zdj\u0119ciem na ok\u0142adce<\/a><\/p><\/blockquote>\n<p><iframe class=\"wp-embedded-content lazyload\" sandbox=\"allow-scripts\" security=\"restricted\" style=\"position: absolute; visibility: hidden;\" title=\"&#8222;Album \u015blubny ze zdj\u0119ciem na ok\u0142adce&#8221; &#8212; Clesheo\" data-src=\"https:\/\/clesheo.pl\/shop\/album-slubny-ze-zdjeciem-na-okladce\/embed\/#?secret=TNS36GiHZP#?secret=evTCMDOXm4\" data-secret=\"evTCMDOXm4\" width=\"600\" height=\"338\" frameborder=\"0\" marginwidth=\"0\" marginheight=\"0\" scrolling=\"no\" src=\"data:image\/svg+xml;base64,PHN2ZyB3aWR0aD0iMSIgaGVpZ2h0PSIxIiB4bWxucz0iaHR0cDovL3d3dy53My5vcmcvMjAwMC9zdmciPjwvc3ZnPg==\" data-load-mode=\"1\"><\/iframe><\/p>\n<p><strong>Zatrzymaj Najpi\u0119kniejsze Chwile z Kuchta Fotografia!<\/strong><\/p>\n<p>Szukasz fotografa, kt\u00f3ry uchwyci ka\u017cdy moment Twojego wyj\u0105tkowego dnia? <strong>Kuchta Fotografia<\/strong> to profesjonalna fotografia \u015blubna, kt\u00f3ra zatrzyma na zdj\u0119ciach najwa\u017cniejsze emocje i detale. Z pasj\u0105 tworz\u0105 wyj\u0105tkowe historie mi\u0142o\u015bci, kt\u00f3re b\u0119dziesz wspomina\u0107 przez ca\u0142e \u017cycie.<\/p>\n<p>&#x1f48d; <strong>Dlaczego warto?<\/strong><\/p>\n<ul>\n<li>Kreatywne podej\u015bcie i naturalne kadry<\/li>\n<li>Uj\u0119cia pe\u0142ne emocji, kt\u00f3re oddaj\u0105 magi\u0119 chwili<\/li>\n<li>Do\u015bwiadczenie i indywidualne podej\u015bcie do ka\u017cdej pary<\/li>\n<\/ul>\n<p>Zobacz nasze realizacje na <a href=\"https:\/\/www.kuchtafotografia.pl\" target=\"_new\" rel=\"noopener\">www.kuchtafotografia.pl<\/a> lub <a href=\"http:\/\/www.instagram.com\/kuchtafotografia.pl\">www.instagram.com\/kuchtafotografia.pl<\/a> i przekonaj si\u0119, jak mo\u017cna uwieczni\u0107 Tw\u00f3j najwa\u017cniejszy dzie\u0144!<\/p>\n<p>Zobacz te\u017c nasze wyj\u0105tkowe Albumy \u015alubne w P\u0142\u00f3ciennej Oprawie z Personalizowanym Nadrukiem<\/p>\n<p><a href=\"https:\/\/clesheo.pl\/shop\/album-slubny-na-zdjecia-wklejane-clesheo\/\">https:\/\/clesheo.pl\/shop\/album-slubny-na-zdjecia-wklejane-clesheo\/<\/a><\/p>\n<blockquote class=\"wp-embedded-content\" data-secret=\"0e3XB2tEf5\"><p><a href=\"https:\/\/clesheo.pl\/shop\/album-slubny-na-zdjecia-wklejane-clesheo\/\">Album \u015blubny na zdj\u0119cia wklejane, w p\u0142\u00f3ciennej ok\u0142adce<\/a><\/p><\/blockquote>\n<p><iframe class=\"wp-embedded-content lazyload\" sandbox=\"allow-scripts\" security=\"restricted\" style=\"position: absolute; visibility: hidden;\" title=\"&#8222;Album \u015blubny na zdj\u0119cia wklejane, w p\u0142\u00f3ciennej ok\u0142adce&#8221; &#8212; Clesheo\" data-src=\"https:\/\/clesheo.pl\/shop\/album-slubny-na-zdjecia-wklejane-clesheo\/embed\/#?secret=S31lfNfkbY#?secret=0e3XB2tEf5\" data-secret=\"0e3XB2tEf5\" width=\"600\" height=\"338\" frameborder=\"0\" marginwidth=\"0\" marginheight=\"0\" scrolling=\"no\" src=\"data:image\/svg+xml;base64,PHN2ZyB3aWR0aD0iMSIgaGVpZ2h0PSIxIiB4bWxucz0iaHR0cDovL3d3dy53My5vcmcvMjAwMC9zdmciPjwvc3ZnPg==\" data-load-mode=\"1\"><\/iframe><\/p>\n","protected":false},"excerpt":{"rendered":"<p>Personalizowana ksi\u0119ga go\u015bci z imionami i dat\u0105 \u015blubu<\/p>\n<p>Rozmiar ksi\u0119gi: 30&#215;30 cm, ilo\u015b\u0107 stron: 40,60 lub 100<\/p>\n<p>4 opcje kolorystyczne ok\u0142adki<\/p>\n<p>&nbsp;<\/p>\n<p>&nbsp;<\/p>\n<p>&nbsp;<\/p>\n","protected":false},"featured_media":14456,"comment_status":"open","ping_status":"closed","template":"","meta":[],"product_brand":[],"product_cat":[485],"product_tag":[484,483,482,480,481],"class_list":{"0":"post-14454","1":"product","2":"type-product","3":"status-publish","4":"has-post-thumbnail","6":"product_cat-ksiega-gosci","7":"product_tag-ksiega-gosci-bezowa","8":"product_tag-ksiega-gosci-oliwkowa","9":"product_tag-ksiega-gosci-z-imionami","10":"product_tag-ksiega-gosci","11":"product_tag-personalizowana-ksiega-gosci","13":"first","14":"instock","15":"shipping-taxable","16":"purchasable","17":"product-type-variable"},"yoast_head":"<!-- This site is optimized with the Yoast SEO plugin v23.6 - https:\/\/yoast.com\/wordpress\/plugins\/seo\/ -->\n<title>Personalizowana ksi\u0119ga go\u015bci - Clesheo<\/title>\n<meta name=\"description\" content=\"Personalizowana ksi\u0119ga go\u015bci z imionami nowo\u017ce\u0144c\u00f3w i dat\u0105 \u015blubu. Fakturowane karty przek\u0142adane pergaminem, ok\u0142adka w 4 kolorach\" \/>\n<meta name=\"robots\" content=\"index, follow, max-snippet:-1, max-image-preview:large, max-video-preview:-1\" \/>\n<link rel=\"canonical\" href=\"https:\/\/clesheo.pl\/en\/shop\/personalizowana-ksiega-gosci\/\" \/>\n<meta property=\"og:locale\" content=\"en_US\" \/>\n<meta property=\"og:locale:alternate\" content=\"pl_PL\" \/>\n<meta property=\"og:type\" content=\"article\" \/>\n<meta property=\"og:title\" content=\"Personalizowana ksi\u0119ga go\u015bci - Clesheo\" \/>\n<meta property=\"og:description\" content=\"Personalizowana ksi\u0119ga go\u015bci z imionami nowo\u017ce\u0144c\u00f3w i dat\u0105 \u015blubu. Fakturowane karty przek\u0142adane pergaminem, ok\u0142adka w 4 kolorach\" \/>\n<meta property=\"og:url\" content=\"https:\/\/clesheo.pl\/en\/shop\/personalizowana-ksiega-gosci\/\" \/>\n<meta property=\"og:site_name\" content=\"Clesheo\" \/>\n<meta property=\"article:modified_time\" content=\"2025-10-08T17:16:09+00:00\" \/>\n<meta property=\"og:image\" content=\"https:\/\/clesheo.pl\/wp-content\/uploads\/2024\/09\/Ksiega-gosci-ciemna-oliwka.jpg\" \/>\n\t<meta property=\"og:image:width\" content=\"1000\" \/>\n\t<meta property=\"og:image:height\" content=\"1205\" \/>\n\t<meta property=\"og:image:type\" content=\"image\/jpeg\" \/>\n<meta name=\"twitter:card\" content=\"summary_large_image\" \/>\n<meta name=\"twitter:label1\" content=\"Est. reading time\" \/>\n\t<meta name=\"twitter:data1\" content=\"2 minutes\" \/>\n<script type=\"application\/ld+json\" class=\"yoast-schema-graph\">{\"@context\":\"https:\/\/schema.org\",\"@graph\":[{\"@type\":\"WebPage\",\"@id\":\"https:\/\/clesheo.pl\/shop\/personalizowana-ksiega-gosci\/\",\"url\":\"https:\/\/clesheo.pl\/shop\/personalizowana-ksiega-gosci\/\",\"name\":\"Personalizowana ksi\u0119ga go\u015bci - Clesheo\",\"isPartOf\":{\"@id\":\"https:\/\/clesheo.pl\/#website\"},\"primaryImageOfPage\":{\"@id\":\"https:\/\/clesheo.pl\/shop\/personalizowana-ksiega-gosci\/#primaryimage\"},\"image\":{\"@id\":\"https:\/\/clesheo.pl\/shop\/personalizowana-ksiega-gosci\/#primaryimage\"},\"thumbnailUrl\":\"https:\/\/clesheo.pl\/wp-content\/uploads\/2024\/09\/Ksiega-gosci-ciemna-oliwka.jpg\",\"datePublished\":\"2024-09-17T11:41:31+00:00\",\"dateModified\":\"2025-10-08T17:16:09+00:00\",\"description\":\"Personalizowana ksi\u0119ga go\u015bci z imionami nowo\u017ce\u0144c\u00f3w i dat\u0105 \u015blubu. Fakturowane karty przek\u0142adane pergaminem, ok\u0142adka w 4 kolorach\",\"breadcrumb\":{\"@id\":\"https:\/\/clesheo.pl\/shop\/personalizowana-ksiega-gosci\/#breadcrumb\"},\"inLanguage\":\"en-US\",\"potentialAction\":[{\"@type\":\"ReadAction\",\"target\":[\"https:\/\/clesheo.pl\/shop\/personalizowana-ksiega-gosci\/\"]}]},{\"@type\":\"ImageObject\",\"inLanguage\":\"en-US\",\"@id\":\"https:\/\/clesheo.pl\/shop\/personalizowana-ksiega-gosci\/#primaryimage\",\"url\":\"https:\/\/clesheo.pl\/wp-content\/uploads\/2024\/09\/Ksiega-gosci-ciemna-oliwka.jpg\",\"contentUrl\":\"https:\/\/clesheo.pl\/wp-content\/uploads\/2024\/09\/Ksiega-gosci-ciemna-oliwka.jpg\",\"width\":1000,\"height\":1205,\"caption\":\"si\u0119ga go\u015bci personalizowana Ksi\u0119ga go\u015bci z imieniem Ksi\u0119ga go\u015bci na wesele Personalizowana ksi\u0119ga go\u015bci Ksi\u0119ga go\u015bci z grawerem Ksi\u0119ga go\u015bci na \u015blub Ksi\u0119ga go\u015bci z dat\u0105 Ksi\u0119ga go\u015bci z dedykacj\u0105 Ksi\u0119ga go\u015bci z personalizowanym ok\u0142adk\u0105 Elegancka ksi\u0119ga go\u015bci\"},{\"@type\":\"BreadcrumbList\",\"@id\":\"https:\/\/clesheo.pl\/shop\/personalizowana-ksiega-gosci\/#breadcrumb\",\"itemListElement\":[{\"@type\":\"ListItem\",\"position\":1,\"name\":\"Strona g\u0142\u00f3wna\",\"item\":\"https:\/\/clesheo.pl\/\"},{\"@type\":\"ListItem\",\"position\":2,\"name\":\"Sklep\",\"item\":\"https:\/\/clesheo.pl\/sklep\/\"},{\"@type\":\"ListItem\",\"position\":3,\"name\":\"Personalizowana ksi\u0119ga go\u015bci\"}]},{\"@type\":\"WebSite\",\"@id\":\"https:\/\/clesheo.pl\/#website\",\"url\":\"https:\/\/clesheo.pl\/\",\"name\":\"Clesheo\",\"description\":\"\",\"potentialAction\":[{\"@type\":\"SearchAction\",\"target\":{\"@type\":\"EntryPoint\",\"urlTemplate\":\"https:\/\/clesheo.pl\/?s={search_term_string}\"},\"query-input\":{\"@type\":\"PropertyValueSpecification\",\"valueRequired\":true,\"valueName\":\"search_term_string\"}}],\"inLanguage\":\"en-US\"}]}<\/script>\n<!-- \/ Yoast SEO plugin. -->","yoast_head_json":{"title":"Personalizowana ksi\u0119ga go\u015bci - Clesheo","description":"Personalizowana ksi\u0119ga go\u015bci z imionami nowo\u017ce\u0144c\u00f3w i dat\u0105 \u015blubu. Fakturowane karty przek\u0142adane pergaminem, ok\u0142adka w 4 kolorach","robots":{"index":"index","follow":"follow","max-snippet":"max-snippet:-1","max-image-preview":"max-image-preview:large","max-video-preview":"max-video-preview:-1"},"canonical":"https:\/\/clesheo.pl\/en\/shop\/personalizowana-ksiega-gosci\/","og_locale":"en_US","og_type":"article","og_title":"Personalizowana ksi\u0119ga go\u015bci - Clesheo","og_description":"Personalizowana ksi\u0119ga go\u015bci z imionami nowo\u017ce\u0144c\u00f3w i dat\u0105 \u015blubu. Fakturowane karty przek\u0142adane pergaminem, ok\u0142adka w 4 kolorach","og_url":"https:\/\/clesheo.pl\/en\/shop\/personalizowana-ksiega-gosci\/","og_site_name":"Clesheo","article_modified_time":"2025-10-08T17:16:09+00:00","og_image":[{"width":1000,"height":1205,"url":"https:\/\/clesheo.pl\/wp-content\/uploads\/2024\/09\/Ksiega-gosci-ciemna-oliwka.jpg","type":"image\/jpeg"}],"twitter_card":"summary_large_image","twitter_misc":{"Est. reading time":"2 minutes"},"schema":{"@context":"https:\/\/schema.org","@graph":[{"@type":"WebPage","@id":"https:\/\/clesheo.pl\/shop\/personalizowana-ksiega-gosci\/","url":"https:\/\/clesheo.pl\/shop\/personalizowana-ksiega-gosci\/","name":"Personalizowana ksi\u0119ga go\u015bci - Clesheo","isPartOf":{"@id":"https:\/\/clesheo.pl\/#website"},"primaryImageOfPage":{"@id":"https:\/\/clesheo.pl\/shop\/personalizowana-ksiega-gosci\/#primaryimage"},"image":{"@id":"https:\/\/clesheo.pl\/shop\/personalizowana-ksiega-gosci\/#primaryimage"},"thumbnailUrl":"https:\/\/clesheo.pl\/wp-content\/uploads\/2024\/09\/Ksiega-gosci-ciemna-oliwka.jpg","datePublished":"2024-09-17T11:41:31+00:00","dateModified":"2025-10-08T17:16:09+00:00","description":"Personalizowana ksi\u0119ga go\u015bci z imionami nowo\u017ce\u0144c\u00f3w i dat\u0105 \u015blubu. Fakturowane karty przek\u0142adane pergaminem, ok\u0142adka w 4 kolorach","breadcrumb":{"@id":"https:\/\/clesheo.pl\/shop\/personalizowana-ksiega-gosci\/#breadcrumb"},"inLanguage":"en-US","potentialAction":[{"@type":"ReadAction","target":["https:\/\/clesheo.pl\/shop\/personalizowana-ksiega-gosci\/"]}]},{"@type":"ImageObject","inLanguage":"en-US","@id":"https:\/\/clesheo.pl\/shop\/personalizowana-ksiega-gosci\/#primaryimage","url":"https:\/\/clesheo.pl\/wp-content\/uploads\/2024\/09\/Ksiega-gosci-ciemna-oliwka.jpg","contentUrl":"https:\/\/clesheo.pl\/wp-content\/uploads\/2024\/09\/Ksiega-gosci-ciemna-oliwka.jpg","width":1000,"height":1205,"caption":"si\u0119ga go\u015bci personalizowana Ksi\u0119ga go\u015bci z imieniem Ksi\u0119ga go\u015bci na wesele Personalizowana ksi\u0119ga go\u015bci Ksi\u0119ga go\u015bci z grawerem Ksi\u0119ga go\u015bci na \u015blub Ksi\u0119ga go\u015bci z dat\u0105 Ksi\u0119ga go\u015bci z dedykacj\u0105 Ksi\u0119ga go\u015bci z personalizowanym ok\u0142adk\u0105 Elegancka ksi\u0119ga go\u015bci"},{"@type":"BreadcrumbList","@id":"https:\/\/clesheo.pl\/shop\/personalizowana-ksiega-gosci\/#breadcrumb","itemListElement":[{"@type":"ListItem","position":1,"name":"Strona g\u0142\u00f3wna","item":"https:\/\/clesheo.pl\/"},{"@type":"ListItem","position":2,"name":"Sklep","item":"https:\/\/clesheo.pl\/sklep\/"},{"@type":"ListItem","position":3,"name":"Personalizowana ksi\u0119ga go\u015bci"}]},{"@type":"WebSite","@id":"https:\/\/clesheo.pl\/#website","url":"https:\/\/clesheo.pl\/","name":"Clesheo","description":"","potentialAction":[{"@type":"SearchAction","target":{"@type":"EntryPoint","urlTemplate":"https:\/\/clesheo.pl\/?s={search_term_string}"},"query-input":{"@type":"PropertyValueSpecification","valueRequired":true,"valueName":"search_term_string"}}],"inLanguage":"en-US"}]}},"_links":{"self":[{"href":"https:\/\/clesheo.pl\/en\/wp-json\/wp\/v2\/product\/14454","targetHints":{"allow":["GET"]}}],"collection":[{"href":"https:\/\/clesheo.pl\/en\/wp-json\/wp\/v2\/product"}],"about":[{"href":"https:\/\/clesheo.pl\/en\/wp-json\/wp\/v2\/types\/product"}],"replies":[{"embeddable":true,"href":"https:\/\/clesheo.pl\/en\/wp-json\/wp\/v2\/comments?post=14454"}],"wp:featuredmedia":[{"embeddable":true,"href":"https:\/\/clesheo.pl\/en\/wp-json\/wp\/v2\/media\/14456"}],"wp:attachment":[{"href":"https:\/\/clesheo.pl\/en\/wp-json\/wp\/v2\/media?parent=14454"}],"wp:term":[{"taxonomy":"product_brand","embeddable":true,"href":"https:\/\/clesheo.pl\/en\/wp-json\/wp\/v2\/product_brand?post=14454"},{"taxonomy":"product_cat","embeddable":true,"href":"https:\/\/clesheo.pl\/en\/wp-json\/wp\/v2\/product_cat?post=14454"},{"taxonomy":"product_tag","embeddable":true,"href":"https:\/\/clesheo.pl\/en\/wp-json\/wp\/v2\/product_tag?post=14454"}],"curies":[{"name":"wp","href":"https:\/\/api.w.org\/{rel}","templated":true}]}}