{"id":14544,"date":"2024-09-20T09:25:30","date_gmt":"2024-09-20T07:25:30","guid":{"rendered":"https:\/\/clesheo.pl\/?post_type=product&#038;p=14544"},"modified":"2025-09-04T19:58:38","modified_gmt":"2025-09-04T17:58:38","slug":"minimalistyczna-ksiega-gosci","status":"publish","type":"product","link":"https:\/\/clesheo.pl\/en\/shop\/minimalistyczna-ksiega-gosci\/","title":{"rendered":"Minimalistyczna ksi\u0119ga go\u015bci &#8211; \u015amietankowa elegancja"},"content":{"rendered":"<h5>Minimalistyczna ksi\u0119ga go\u015bci<\/h5>\n<p>Odkryj nasz\u0105 eleganck\u0105 i minimalistyczn\u0105 Ksi\u0119g\u0119 Go\u015bci, stworzon\u0105 z my\u015bl\u0105 o wyj\u0105tkowych chwilach Twojego wesela. Prosta, a zarazem szykowna forma ksi\u0119gi doskonale wpisze si\u0119 w estetyk\u0119 ka\u017cdego przyj\u0119cia, staj\u0105c si\u0119 nie tylko praktycznym dodatkiem, ale r\u00f3wnie\u017c pi\u0119kn\u0105 pami\u0105tk\u0105. Dzi\u0119ki personalizacji ok\u0142adki mo\u017cesz doda\u0107 imiona i dat\u0119 \u015blubu, co nada jej wyj\u0105tkowego charakteru.<\/p>\n<p><strong>Specyfikacja:<\/strong><\/p>\n<ul>\n<li><strong>Personalizacja:<\/strong> Imiona pary m\u0142odej oraz data \u015blubu na ok\u0142adce.<\/li>\n<li><strong>Kolorystyka ok\u0142adki:<\/strong> Elegancka \u015bmietanka i bia\u0142a czcionka<\/li>\n<li><strong>Wn\u0119trze:<\/strong> Wysokiej jako\u015bci strony oddzielane subtelnym pergaminem dla dodatkowego efektu elegancji oraz ochrony zdj\u0119\u0107.<\/li>\n<li><strong>Karty:<\/strong> Do wyboru karty w kolorze ecru lub czerni, idealne zar\u00f3wno do wpis\u00f3w go\u015bci, jak i wklejania pami\u0105tkowych zdj\u0119\u0107. Dost\u0119pne w wersjach 40, 60 lub 100 stron.<\/li>\n<\/ul>\n<p>Minimalistyczna ksi\u0119ga go\u015bci\u00a0to idealne rozwi\u0105zanie dla par ceni\u0105cych subtelno\u015b\u0107 i elegancj\u0119.<\/p>\n<p><strong>Termin realizacji:<\/strong><\/p>\n<p>Standardowy czas realizacji zam\u00f3wienia wynosi oko\u0142o 10 dni roboczych, a dostawa kurierska zajmuje zazwyczaj 2 dni robocze.<\/p>\n<p><strong>Zwroty:<\/strong><\/p>\n<p>Ze wzgl\u0119du na personalizowany charakter produktu, ksi\u0119gi go\u015bci nie podlegaj\u0105 zwrotom. Prosimy o przemy\u015blane zakupy.<\/p>\n<p>Odkryj nasze albumy \u015blubne i stw\u00f3rz pi\u0119kn\u0105 kolekcj\u0119 do przechowywania Twoich najpi\u0119kniejszych wspomnie\u0144<\/p>\n<blockquote class=\"wp-embedded-content\" data-secret=\"hv1Xst0OTj\"><p><a href=\"https:\/\/clesheo.pl\/shop\/album-slubny-ze-zdjeciem-na-okladce\/\">Album \u015blubny ze zdj\u0119ciem na ok\u0142adce<\/a><\/p><\/blockquote>\n<p><iframe class=\"wp-embedded-content lazyload\" sandbox=\"allow-scripts\" security=\"restricted\" style=\"position: absolute; visibility: hidden;\" title=\"&#8222;Album \u015blubny ze zdj\u0119ciem na ok\u0142adce&#8221; &#8212; Clesheo\" data-src=\"https:\/\/clesheo.pl\/shop\/album-slubny-ze-zdjeciem-na-okladce\/embed\/#?secret=ohmB8tHjZu#?secret=hv1Xst0OTj\" data-secret=\"hv1Xst0OTj\" width=\"600\" height=\"338\" frameborder=\"0\" marginwidth=\"0\" marginheight=\"0\" scrolling=\"no\" src=\"data:image\/svg+xml;base64,PHN2ZyB3aWR0aD0iMSIgaGVpZ2h0PSIxIiB4bWxucz0iaHR0cDovL3d3dy53My5vcmcvMjAwMC9zdmciPjwvc3ZnPg==\" data-load-mode=\"1\"><\/iframe><\/p>\n<p><strong>Zatrzymaj Najpi\u0119kniejsze Chwile z Kuchta Fotografia!<\/strong><\/p>\n<p>Szukasz fotografa, kt\u00f3ry uchwyci ka\u017cdy moment Twojego wyj\u0105tkowego dnia? <strong>Kuchta Fotografia<\/strong> to profesjonalna fotografia \u015blubna, kt\u00f3ra zatrzyma na zdj\u0119ciach najwa\u017cniejsze emocje i detale. Z pasj\u0105 tworz\u0105 wyj\u0105tkowe historie mi\u0142o\u015bci, kt\u00f3re b\u0119dziesz wspomina\u0107 przez ca\u0142e \u017cycie.<\/p>\n<p>&#x1f48d; <strong>Dlaczego warto?<\/strong><\/p>\n<ul>\n<li>Kreatywne podej\u015bcie i naturalne kadry<\/li>\n<li>Uj\u0119cia pe\u0142ne emocji, kt\u00f3re oddaj\u0105 magi\u0119 chwili<\/li>\n<li>Do\u015bwiadczenie i indywidualne podej\u015bcie do ka\u017cdej pary<\/li>\n<\/ul>\n<p>Zobacz nasze realizacje na <a href=\"https:\/\/www.kuchtafotografia.pl\" target=\"_new\" rel=\"noopener\">www.kuchtafotografia.pl<\/a> lub <a href=\"http:\/\/www.instagram.com\/kuchtafotografia.pl\">www.instagram.com\/kuchtafotografia.pl<\/a> i przekonaj si\u0119, jak mo\u017cna uwieczni\u0107 Tw\u00f3j najwa\u017cniejszy dzie\u0144!<\/p>\n<p>Zobacz te\u017c nasze wyj\u0105tkowe Albumy \u015alubne w P\u0142\u00f3ciennej Oprawie z Personalizowanym Nadrukiem<\/p>\n<p><a href=\"https:\/\/clesheo.pl\/shop\/album-slubny-na-zdjecia-wklejane-clesheo\/\">https:\/\/clesheo.pl\/shop\/album-slubny-na-zdjecia-wklejane-clesheo\/<\/a><\/p>\n<blockquote class=\"wp-embedded-content\" data-secret=\"0e3XB2tEf5\"><p><a href=\"https:\/\/clesheo.pl\/shop\/album-slubny-na-zdjecia-wklejane-clesheo\/\">Album \u015blubny na zdj\u0119cia wklejane, w p\u0142\u00f3ciennej ok\u0142adce<\/a><\/p><\/blockquote>\n<p><iframe class=\"wp-embedded-content lazyload\" sandbox=\"allow-scripts\" security=\"restricted\" style=\"position: absolute; visibility: hidden;\" title=\"&#8222;Album \u015blubny na zdj\u0119cia wklejane, w p\u0142\u00f3ciennej ok\u0142adce&#8221; &#8212; Clesheo\" data-src=\"https:\/\/clesheo.pl\/shop\/album-slubny-na-zdjecia-wklejane-clesheo\/embed\/#?secret=S31lfNfkbY#?secret=0e3XB2tEf5\" data-secret=\"0e3XB2tEf5\" width=\"600\" height=\"338\" frameborder=\"0\" marginwidth=\"0\" marginheight=\"0\" scrolling=\"no\" src=\"data:image\/svg+xml;base64,PHN2ZyB3aWR0aD0iMSIgaGVpZ2h0PSIxIiB4bWxucz0iaHR0cDovL3d3dy53My5vcmcvMjAwMC9zdmciPjwvc3ZnPg==\" data-load-mode=\"1\"><\/iframe><\/p>\n","protected":false},"excerpt":{"rendered":"<p>Minimalistyczna ksi\u0119ga go\u015bci<\/p>\n<p>Rozmiar ksi\u0119gi: 30&#215;30 cm, ilo\u015b\u0107 stron: 40,60 lub 100<\/p>\n<p>4 opcje kolorystyczne ok\u0142adki<\/p>\n<p>&nbsp;<\/p>\n<p>&nbsp;<\/p>\n<p>&nbsp;<\/p>\n","protected":false},"featured_media":14557,"comment_status":"open","ping_status":"closed","template":"","meta":[],"product_brand":[],"product_cat":[485],"product_tag":[484,483,482,480,481],"class_list":{"0":"post-14544","1":"product","2":"type-product","3":"status-publish","4":"has-post-thumbnail","6":"product_cat-ksiega-gosci","7":"product_tag-ksiega-gosci-bezowa","8":"product_tag-ksiega-gosci-oliwkowa","9":"product_tag-ksiega-gosci-z-imionami","10":"product_tag-ksiega-gosci","11":"product_tag-personalizowana-ksiega-gosci","13":"first","14":"instock","15":"shipping-taxable","16":"purchasable","17":"product-type-variable"},"yoast_head":"<!-- This site is optimized with the Yoast SEO plugin v23.6 - https:\/\/yoast.com\/wordpress\/plugins\/seo\/ -->\n<title>Minimalistyczna ksi\u0119ga go\u015bci - Clesheo K<\/title>\n<meta name=\"description\" content=\"Minimalistyczna si\u0119ga go\u015bci - fakturowane karty przek\u0142adane pergaminem, ok\u0142adka w 4 kolorach, ok\u0142adka z imionami i dat\u0105 \u015blubu\" \/>\n<meta name=\"robots\" content=\"index, follow, max-snippet:-1, max-image-preview:large, max-video-preview:-1\" \/>\n<link rel=\"canonical\" href=\"https:\/\/clesheo.pl\/en\/shop\/minimalistyczna-ksiega-gosci\/\" \/>\n<meta property=\"og:locale\" content=\"en_US\" \/>\n<meta property=\"og:locale:alternate\" content=\"pl_PL\" \/>\n<meta property=\"og:type\" content=\"article\" \/>\n<meta property=\"og:title\" content=\"Minimalistyczna ksi\u0119ga go\u015bci - Clesheo K\" \/>\n<meta property=\"og:description\" content=\"Minimalistyczna si\u0119ga go\u015bci - fakturowane karty przek\u0142adane pergaminem, ok\u0142adka w 4 kolorach, ok\u0142adka z imionami i dat\u0105 \u015blubu\" \/>\n<meta property=\"og:url\" content=\"https:\/\/clesheo.pl\/en\/shop\/minimalistyczna-ksiega-gosci\/\" \/>\n<meta property=\"og:site_name\" content=\"Clesheo\" \/>\n<meta property=\"article:modified_time\" content=\"2025-09-04T17:58:38+00:00\" \/>\n<meta property=\"og:image\" content=\"https:\/\/clesheo.pl\/wp-content\/uploads\/2024\/09\/Ksiega-gosci-smietankowa.jpg\" \/>\n\t<meta property=\"og:image:width\" content=\"1000\" \/>\n\t<meta property=\"og:image:height\" content=\"1205\" \/>\n\t<meta property=\"og:image:type\" content=\"image\/jpeg\" \/>\n<meta name=\"twitter:card\" content=\"summary_large_image\" \/>\n<meta name=\"twitter:label1\" content=\"Est. reading time\" \/>\n\t<meta name=\"twitter:data1\" content=\"2 minutes\" \/>\n<script type=\"application\/ld+json\" class=\"yoast-schema-graph\">{\"@context\":\"https:\/\/schema.org\",\"@graph\":[{\"@type\":\"WebPage\",\"@id\":\"https:\/\/clesheo.pl\/shop\/minimalistyczna-ksiega-gosci\/\",\"url\":\"https:\/\/clesheo.pl\/shop\/minimalistyczna-ksiega-gosci\/\",\"name\":\"Minimalistyczna ksi\u0119ga go\u015bci - Clesheo K\",\"isPartOf\":{\"@id\":\"https:\/\/clesheo.pl\/#website\"},\"primaryImageOfPage\":{\"@id\":\"https:\/\/clesheo.pl\/shop\/minimalistyczna-ksiega-gosci\/#primaryimage\"},\"image\":{\"@id\":\"https:\/\/clesheo.pl\/shop\/minimalistyczna-ksiega-gosci\/#primaryimage\"},\"thumbnailUrl\":\"https:\/\/clesheo.pl\/wp-content\/uploads\/2024\/09\/Ksiega-gosci-smietankowa.jpg\",\"datePublished\":\"2024-09-20T07:25:30+00:00\",\"dateModified\":\"2025-09-04T17:58:38+00:00\",\"description\":\"Minimalistyczna si\u0119ga go\u015bci - fakturowane karty przek\u0142adane pergaminem, ok\u0142adka w 4 kolorach, ok\u0142adka z imionami i dat\u0105 \u015blubu\",\"breadcrumb\":{\"@id\":\"https:\/\/clesheo.pl\/shop\/minimalistyczna-ksiega-gosci\/#breadcrumb\"},\"inLanguage\":\"en-US\",\"potentialAction\":[{\"@type\":\"ReadAction\",\"target\":[\"https:\/\/clesheo.pl\/shop\/minimalistyczna-ksiega-gosci\/\"]}]},{\"@type\":\"ImageObject\",\"inLanguage\":\"en-US\",\"@id\":\"https:\/\/clesheo.pl\/shop\/minimalistyczna-ksiega-gosci\/#primaryimage\",\"url\":\"https:\/\/clesheo.pl\/wp-content\/uploads\/2024\/09\/Ksiega-gosci-smietankowa.jpg\",\"contentUrl\":\"https:\/\/clesheo.pl\/wp-content\/uploads\/2024\/09\/Ksiega-gosci-smietankowa.jpg\",\"width\":1000,\"height\":1205,\"caption\":\"Minimalistyczna ksi\u0119ga go\u015bci\"},{\"@type\":\"BreadcrumbList\",\"@id\":\"https:\/\/clesheo.pl\/shop\/minimalistyczna-ksiega-gosci\/#breadcrumb\",\"itemListElement\":[{\"@type\":\"ListItem\",\"position\":1,\"name\":\"Strona g\u0142\u00f3wna\",\"item\":\"https:\/\/clesheo.pl\/\"},{\"@type\":\"ListItem\",\"position\":2,\"name\":\"Sklep\",\"item\":\"https:\/\/clesheo.pl\/sklep\/\"},{\"@type\":\"ListItem\",\"position\":3,\"name\":\"Minimalistyczna ksi\u0119ga go\u015bci &#8211; \u015amietankowa elegancja\"}]},{\"@type\":\"WebSite\",\"@id\":\"https:\/\/clesheo.pl\/#website\",\"url\":\"https:\/\/clesheo.pl\/\",\"name\":\"Clesheo\",\"description\":\"\",\"potentialAction\":[{\"@type\":\"SearchAction\",\"target\":{\"@type\":\"EntryPoint\",\"urlTemplate\":\"https:\/\/clesheo.pl\/?s={search_term_string}\"},\"query-input\":{\"@type\":\"PropertyValueSpecification\",\"valueRequired\":true,\"valueName\":\"search_term_string\"}}],\"inLanguage\":\"en-US\"}]}<\/script>\n<!-- \/ Yoast SEO plugin. -->","yoast_head_json":{"title":"Minimalistyczna ksi\u0119ga go\u015bci - Clesheo K","description":"Minimalistyczna si\u0119ga go\u015bci - fakturowane karty przek\u0142adane pergaminem, ok\u0142adka w 4 kolorach, ok\u0142adka z imionami i dat\u0105 \u015blubu","robots":{"index":"index","follow":"follow","max-snippet":"max-snippet:-1","max-image-preview":"max-image-preview:large","max-video-preview":"max-video-preview:-1"},"canonical":"https:\/\/clesheo.pl\/en\/shop\/minimalistyczna-ksiega-gosci\/","og_locale":"en_US","og_type":"article","og_title":"[:pl]Minimalistyczna ksi\u0119ga go\u015bci - Clesheo K[:]","og_description":"[:pl]Minimalistyczna si\u0119ga go\u015bci - fakturowane karty przek\u0142adane pergaminem, ok\u0142adka w 4 kolorach, ok\u0142adka z imionami i dat\u0105 \u015blubu[:]","og_url":"https:\/\/clesheo.pl\/en\/shop\/minimalistyczna-ksiega-gosci\/","og_site_name":"Clesheo","article_modified_time":"2025-09-04T17:58:38+00:00","og_image":[{"width":1000,"height":1205,"url":"https:\/\/clesheo.pl\/wp-content\/uploads\/2024\/09\/Ksiega-gosci-smietankowa.jpg","type":"image\/jpeg"}],"twitter_card":"summary_large_image","twitter_misc":{"Est. reading time":"2 minutes"},"schema":{"@context":"https:\/\/schema.org","@graph":[{"@type":"WebPage","@id":"https:\/\/clesheo.pl\/shop\/minimalistyczna-ksiega-gosci\/","url":"https:\/\/clesheo.pl\/shop\/minimalistyczna-ksiega-gosci\/","name":"Minimalistyczna ksi\u0119ga go\u015bci - Clesheo K","isPartOf":{"@id":"https:\/\/clesheo.pl\/#website"},"primaryImageOfPage":{"@id":"https:\/\/clesheo.pl\/shop\/minimalistyczna-ksiega-gosci\/#primaryimage"},"image":{"@id":"https:\/\/clesheo.pl\/shop\/minimalistyczna-ksiega-gosci\/#primaryimage"},"thumbnailUrl":"https:\/\/clesheo.pl\/wp-content\/uploads\/2024\/09\/Ksiega-gosci-smietankowa.jpg","datePublished":"2024-09-20T07:25:30+00:00","dateModified":"2025-09-04T17:58:38+00:00","description":"Minimalistyczna si\u0119ga go\u015bci - fakturowane karty przek\u0142adane pergaminem, ok\u0142adka w 4 kolorach, ok\u0142adka z imionami i dat\u0105 \u015blubu","breadcrumb":{"@id":"https:\/\/clesheo.pl\/shop\/minimalistyczna-ksiega-gosci\/#breadcrumb"},"inLanguage":"en-US","potentialAction":[{"@type":"ReadAction","target":["https:\/\/clesheo.pl\/shop\/minimalistyczna-ksiega-gosci\/"]}]},{"@type":"ImageObject","inLanguage":"en-US","@id":"https:\/\/clesheo.pl\/shop\/minimalistyczna-ksiega-gosci\/#primaryimage","url":"https:\/\/clesheo.pl\/wp-content\/uploads\/2024\/09\/Ksiega-gosci-smietankowa.jpg","contentUrl":"https:\/\/clesheo.pl\/wp-content\/uploads\/2024\/09\/Ksiega-gosci-smietankowa.jpg","width":1000,"height":1205,"caption":"Minimalistyczna ksi\u0119ga go\u015bci"},{"@type":"BreadcrumbList","@id":"https:\/\/clesheo.pl\/shop\/minimalistyczna-ksiega-gosci\/#breadcrumb","itemListElement":[{"@type":"ListItem","position":1,"name":"Strona g\u0142\u00f3wna","item":"https:\/\/clesheo.pl\/"},{"@type":"ListItem","position":2,"name":"Sklep","item":"https:\/\/clesheo.pl\/sklep\/"},{"@type":"ListItem","position":3,"name":"Minimalistyczna ksi\u0119ga go\u015bci &#8211; \u015amietankowa elegancja"}]},{"@type":"WebSite","@id":"https:\/\/clesheo.pl\/#website","url":"https:\/\/clesheo.pl\/","name":"Clesheo","description":"","potentialAction":[{"@type":"SearchAction","target":{"@type":"EntryPoint","urlTemplate":"https:\/\/clesheo.pl\/?s={search_term_string}"},"query-input":{"@type":"PropertyValueSpecification","valueRequired":true,"valueName":"search_term_string"}}],"inLanguage":"en-US"}]}},"_links":{"self":[{"href":"https:\/\/clesheo.pl\/en\/wp-json\/wp\/v2\/product\/14544","targetHints":{"allow":["GET"]}}],"collection":[{"href":"https:\/\/clesheo.pl\/en\/wp-json\/wp\/v2\/product"}],"about":[{"href":"https:\/\/clesheo.pl\/en\/wp-json\/wp\/v2\/types\/product"}],"replies":[{"embeddable":true,"href":"https:\/\/clesheo.pl\/en\/wp-json\/wp\/v2\/comments?post=14544"}],"wp:featuredmedia":[{"embeddable":true,"href":"https:\/\/clesheo.pl\/en\/wp-json\/wp\/v2\/media\/14557"}],"wp:attachment":[{"href":"https:\/\/clesheo.pl\/en\/wp-json\/wp\/v2\/media?parent=14544"}],"wp:term":[{"taxonomy":"product_brand","embeddable":true,"href":"https:\/\/clesheo.pl\/en\/wp-json\/wp\/v2\/product_brand?post=14544"},{"taxonomy":"product_cat","embeddable":true,"href":"https:\/\/clesheo.pl\/en\/wp-json\/wp\/v2\/product_cat?post=14544"},{"taxonomy":"product_tag","embeddable":true,"href":"https:\/\/clesheo.pl\/en\/wp-json\/wp\/v2\/product_tag?post=14544"}],"curies":[{"name":"wp","href":"https:\/\/api.w.org\/{rel}","templated":true}]}}