{"id":14558,"date":"2024-09-20T10:17:41","date_gmt":"2024-09-20T08:17:41","guid":{"rendered":"https:\/\/clesheo.pl\/?post_type=product&#038;p=14558"},"modified":"2025-09-04T19:56:08","modified_gmt":"2025-09-04T17:56:08","slug":"elegancka-ksiega-gosci-brazowa","status":"publish","type":"product","link":"https:\/\/clesheo.pl\/en\/shop\/elegancka-ksiega-gosci-brazowa\/","title":{"rendered":"Elegancka ksi\u0119ga go\u015bci &#8211; Br\u0105zowa klasyka"},"content":{"rendered":"<p>Elegancka ksi\u0119ga go\u015bci &#8211; Br\u0105zowa klasyka<\/p>\n<p>Poznaj nasz\u0105 eleganck\u0105, minimalistyczn\u0105 Ksi\u0119g\u0119 Go\u015bci, kt\u00f3ra idealnie dope\u0142ni ka\u017cd\u0105 uroczysto\u015b\u0107. Dzi\u0119ki nowoczesnemu wzornictwu i mo\u017cliwo\u015bci personalizacji, ta wyj\u0105tkowa ksi\u0119ga stanie si\u0119 nie tylko praktycznym dodatkiem, ale tak\u017ce niezapomnian\u0105 pami\u0105tk\u0105 na lata.<\/p>\n<p><strong>Specyfikacja:<\/strong><\/p>\n<ul>\n<li><strong>Personalizacja:<\/strong> Imiona pary m\u0142odej oraz data \u015blubu na ok\u0142adce<\/li>\n<li><strong>Kolorystyka Ok\u0142adki:<\/strong> Br\u0105z<\/li>\n<li><strong>Wn\u0119trze:<\/strong> Karty oddzielone subtelnym pergaminem, kt\u00f3re dodaj\u0105 ca\u0142o\u015bci wyj\u0105tkowego charakteru i chroni\u0105 wpisy go\u015bci oraz zdj\u0119cia.<\/li>\n<li><strong>Karty:<\/strong> W kolorze klasycznej bieli lub eleganckiej czerni, \u015bwietne zar\u00f3wno do r\u0119cznych wpis\u00f3w, jak i wklejania zdj\u0119\u0107 z fotobudki. Ilo\u015b\u0107 stron do wyboru: 40, 60 lub 100.<\/li>\n<\/ul>\n<p>Nasza elegancka Ksi\u0119ga Go\u015bci to doskona\u0142a pami\u0105tka, kt\u00f3ra zachowa najpi\u0119kniejsze chwile z Twojego wyj\u0105tkowego dnia i pozwoli cieszy\u0107 si\u0119 wspomnieniami przez wiele lat.<\/p>\n<p><strong>Termin Realizacji<\/strong><\/p>\n<p>Czas produkcji to oko\u0142o 10 dni roboczych. Przesy\u0142ka kurierska zajmuje dodatkowe 2 dni robocze.<\/p>\n<p><strong>Zwroty<\/strong><\/p>\n<p>Ze wzgl\u0119du na spersonalizowany charakter produktu, ksi\u0119gi go\u015bci nie podlegaj\u0105 zwrotom. Prosimy o przemy\u015blane sk\u0142adanie zam\u00f3wie\u0144.<\/p>\n<blockquote class=\"wp-embedded-content\" data-secret=\"85KIGaPRpO\"><p><a href=\"https:\/\/clesheo.pl\/shop\/album-slubny-ze-zdjeciem-na-okladce\/\">Album \u015blubny ze zdj\u0119ciem na ok\u0142adce<\/a><\/p><\/blockquote>\n<p><iframe class=\"wp-embedded-content lazyload\" sandbox=\"allow-scripts\" security=\"restricted\" style=\"position: absolute; visibility: hidden;\" title=\"&#8222;Album \u015blubny ze zdj\u0119ciem na ok\u0142adce&#8221; &#8212; Clesheo\" data-src=\"https:\/\/clesheo.pl\/shop\/album-slubny-ze-zdjeciem-na-okladce\/embed\/#?secret=5hzzJtkpxS#?secret=85KIGaPRpO\" data-secret=\"85KIGaPRpO\" width=\"600\" height=\"338\" frameborder=\"0\" marginwidth=\"0\" marginheight=\"0\" scrolling=\"no\" src=\"data:image\/svg+xml;base64,PHN2ZyB3aWR0aD0iMSIgaGVpZ2h0PSIxIiB4bWxucz0iaHR0cDovL3d3dy53My5vcmcvMjAwMC9zdmciPjwvc3ZnPg==\" data-load-mode=\"1\"><\/iframe><\/p>\n<p><strong>Zatrzymaj Najpi\u0119kniejsze Chwile z Kuchta Fotografia!<\/strong><\/p>\n<p>Szukasz fotografa, kt\u00f3ry uchwyci ka\u017cdy moment Twojego wyj\u0105tkowego dnia? <strong>Kuchta Fotografia<\/strong> to profesjonalna fotografia \u015blubna, kt\u00f3ra zatrzyma na zdj\u0119ciach najwa\u017cniejsze emocje i detale. Z pasj\u0105 tworz\u0105 wyj\u0105tkowe historie mi\u0142o\u015bci, kt\u00f3re b\u0119dziesz wspomina\u0107 przez ca\u0142e \u017cycie.<\/p>\n<p>&#x1f48d; <strong>Dlaczego warto?<\/strong><\/p>\n<ul>\n<li>Kreatywne podej\u015bcie i naturalne kadry<\/li>\n<li>Uj\u0119cia pe\u0142ne emocji, kt\u00f3re oddaj\u0105 magi\u0119 chwili<\/li>\n<li>Do\u015bwiadczenie i indywidualne podej\u015bcie do ka\u017cdej pary<\/li>\n<\/ul>\n<p>Zobacz nasze realizacje na <a href=\"https:\/\/www.kuchtafotografia.pl\" target=\"_new\" rel=\"noopener\">www.kuchtafotografia.pl<\/a> lub <a href=\"http:\/\/www.instagram.com\/kuchtafotografia.pl\">www.instagram.com\/kuchtafotografia.pl<\/a> i przekonaj si\u0119, jak mo\u017cna uwieczni\u0107 Tw\u00f3j najwa\u017cniejszy dzie\u0144!<\/p>\n<p>Zobacz te\u017c nasze wyj\u0105tkowe Albumy \u015alubne w P\u0142\u00f3ciennej Oprawie z Personalizowanym Nadrukiem<\/p>\n<p><a href=\"https:\/\/clesheo.pl\/shop\/album-slubny-na-zdjecia-wklejane-clesheo\/\">https:\/\/clesheo.pl\/shop\/album-slubny-na-zdjecia-wklejane-clesheo\/<\/a><\/p>\n<blockquote class=\"wp-embedded-content\" data-secret=\"0e3XB2tEf5\"><p><a href=\"https:\/\/clesheo.pl\/shop\/album-slubny-na-zdjecia-wklejane-clesheo\/\">Album \u015blubny na zdj\u0119cia wklejane, w p\u0142\u00f3ciennej ok\u0142adce<\/a><\/p><\/blockquote>\n<p><iframe class=\"wp-embedded-content lazyload\" sandbox=\"allow-scripts\" security=\"restricted\" style=\"position: absolute; visibility: hidden;\" title=\"&#8222;Album \u015blubny na zdj\u0119cia wklejane, w p\u0142\u00f3ciennej ok\u0142adce&#8221; &#8212; Clesheo\" data-src=\"https:\/\/clesheo.pl\/shop\/album-slubny-na-zdjecia-wklejane-clesheo\/embed\/#?secret=S31lfNfkbY#?secret=0e3XB2tEf5\" data-secret=\"0e3XB2tEf5\" width=\"600\" height=\"338\" frameborder=\"0\" marginwidth=\"0\" marginheight=\"0\" scrolling=\"no\" src=\"data:image\/svg+xml;base64,PHN2ZyB3aWR0aD0iMSIgaGVpZ2h0PSIxIiB4bWxucz0iaHR0cDovL3d3dy53My5vcmcvMjAwMC9zdmciPjwvc3ZnPg==\" data-load-mode=\"1\"><\/iframe><\/p>\n","protected":false},"excerpt":{"rendered":"<p>Elegancka ksi\u0119ga go\u015bci &#8211; Br\u0105zowa klasyka<\/p>\n<p>Rozmiar ksi\u0119gi: 30&#215;30 cm, ilo\u015b\u0107 stron: 40,60 lub 100<\/p>\n<p>Pergamin mi\u0119dzy kartami<\/p>\n<p>&nbsp;<\/p>\n<p>&nbsp;<\/p>\n<p>&nbsp;<\/p>\n","protected":false},"featured_media":14571,"comment_status":"open","ping_status":"closed","template":"","meta":[],"product_brand":[],"product_cat":[485],"product_tag":[484,483,482,480,481],"class_list":{"0":"post-14558","1":"product","2":"type-product","3":"status-publish","4":"has-post-thumbnail","6":"product_cat-ksiega-gosci","7":"product_tag-ksiega-gosci-bezowa","8":"product_tag-ksiega-gosci-oliwkowa","9":"product_tag-ksiega-gosci-z-imionami","10":"product_tag-ksiega-gosci","11":"product_tag-personalizowana-ksiega-gosci","13":"first","14":"instock","15":"shipping-taxable","16":"purchasable","17":"product-type-variable"},"yoast_head":"<!-- This site is optimized with the Yoast SEO plugin v23.6 - https:\/\/yoast.com\/wordpress\/plugins\/seo\/ -->\n<title>Elegancka ksi\u0119ga go\u015bci - Clesheo<\/title>\n<meta name=\"description\" content=\"Elegancka ksi\u0119ga go\u015bci - fakturowane karty przek\u0142adane pergaminem, ok\u0142adka w 4 kolorach, ok\u0142adka z imionami i dat\u0105 \u015blubu\" \/>\n<meta name=\"robots\" content=\"index, follow, max-snippet:-1, max-image-preview:large, max-video-preview:-1\" \/>\n<link rel=\"canonical\" href=\"https:\/\/clesheo.pl\/en\/shop\/elegancka-ksiega-gosci-brazowa\/\" \/>\n<meta property=\"og:locale\" content=\"en_US\" \/>\n<meta property=\"og:locale:alternate\" content=\"pl_PL\" \/>\n<meta property=\"og:type\" content=\"article\" \/>\n<meta property=\"og:title\" content=\"Elegancka ksi\u0119ga go\u015bci - Clesheo\" \/>\n<meta property=\"og:description\" content=\"Elegancka ksi\u0119ga go\u015bci - fakturowane karty przek\u0142adane pergaminem, ok\u0142adka w 4 kolorach, ok\u0142adka z imionami i dat\u0105 \u015blubu\" \/>\n<meta property=\"og:url\" content=\"https:\/\/clesheo.pl\/en\/shop\/elegancka-ksiega-gosci-brazowa\/\" \/>\n<meta property=\"og:site_name\" content=\"Clesheo\" \/>\n<meta property=\"article:modified_time\" content=\"2025-09-04T17:56:08+00:00\" \/>\n<meta property=\"og:image\" content=\"https:\/\/clesheo.pl\/wp-content\/uploads\/2024\/09\/KSiega-gosci-brazowa-2.jpg\" \/>\n\t<meta property=\"og:image:width\" content=\"1000\" \/>\n\t<meta property=\"og:image:height\" content=\"1205\" \/>\n\t<meta property=\"og:image:type\" content=\"image\/jpeg\" \/>\n<meta name=\"twitter:card\" content=\"summary_large_image\" \/>\n<meta name=\"twitter:label1\" content=\"Est. reading time\" \/>\n\t<meta name=\"twitter:data1\" content=\"2 minutes\" \/>\n<script type=\"application\/ld+json\" class=\"yoast-schema-graph\">{\"@context\":\"https:\/\/schema.org\",\"@graph\":[{\"@type\":\"WebPage\",\"@id\":\"https:\/\/clesheo.pl\/shop\/elegancka-ksiega-gosci-brazowa\/\",\"url\":\"https:\/\/clesheo.pl\/shop\/elegancka-ksiega-gosci-brazowa\/\",\"name\":\"Elegancka ksi\u0119ga go\u015bci - Clesheo\",\"isPartOf\":{\"@id\":\"https:\/\/clesheo.pl\/#website\"},\"primaryImageOfPage\":{\"@id\":\"https:\/\/clesheo.pl\/shop\/elegancka-ksiega-gosci-brazowa\/#primaryimage\"},\"image\":{\"@id\":\"https:\/\/clesheo.pl\/shop\/elegancka-ksiega-gosci-brazowa\/#primaryimage\"},\"thumbnailUrl\":\"https:\/\/clesheo.pl\/wp-content\/uploads\/2024\/09\/KSiega-gosci-brazowa-2.jpg\",\"datePublished\":\"2024-09-20T08:17:41+00:00\",\"dateModified\":\"2025-09-04T17:56:08+00:00\",\"description\":\"Elegancka ksi\u0119ga go\u015bci - fakturowane karty przek\u0142adane pergaminem, ok\u0142adka w 4 kolorach, ok\u0142adka z imionami i dat\u0105 \u015blubu\",\"breadcrumb\":{\"@id\":\"https:\/\/clesheo.pl\/shop\/elegancka-ksiega-gosci-brazowa\/#breadcrumb\"},\"inLanguage\":\"en-US\",\"potentialAction\":[{\"@type\":\"ReadAction\",\"target\":[\"https:\/\/clesheo.pl\/shop\/elegancka-ksiega-gosci-brazowa\/\"]}]},{\"@type\":\"ImageObject\",\"inLanguage\":\"en-US\",\"@id\":\"https:\/\/clesheo.pl\/shop\/elegancka-ksiega-gosci-brazowa\/#primaryimage\",\"url\":\"https:\/\/clesheo.pl\/wp-content\/uploads\/2024\/09\/KSiega-gosci-brazowa-2.jpg\",\"contentUrl\":\"https:\/\/clesheo.pl\/wp-content\/uploads\/2024\/09\/KSiega-gosci-brazowa-2.jpg\",\"width\":1000,\"height\":1205,\"caption\":\"Elegancka ksi\u0119ga go\u015bci - Br\u0105zowa klasyka\"},{\"@type\":\"BreadcrumbList\",\"@id\":\"https:\/\/clesheo.pl\/shop\/elegancka-ksiega-gosci-brazowa\/#breadcrumb\",\"itemListElement\":[{\"@type\":\"ListItem\",\"position\":1,\"name\":\"Strona g\u0142\u00f3wna\",\"item\":\"https:\/\/clesheo.pl\/\"},{\"@type\":\"ListItem\",\"position\":2,\"name\":\"Sklep\",\"item\":\"https:\/\/clesheo.pl\/sklep\/\"},{\"@type\":\"ListItem\",\"position\":3,\"name\":\"Elegancka ksi\u0119ga go\u015bci &#8211; Br\u0105zowa klasyka\"}]},{\"@type\":\"WebSite\",\"@id\":\"https:\/\/clesheo.pl\/#website\",\"url\":\"https:\/\/clesheo.pl\/\",\"name\":\"Clesheo\",\"description\":\"\",\"potentialAction\":[{\"@type\":\"SearchAction\",\"target\":{\"@type\":\"EntryPoint\",\"urlTemplate\":\"https:\/\/clesheo.pl\/?s={search_term_string}\"},\"query-input\":{\"@type\":\"PropertyValueSpecification\",\"valueRequired\":true,\"valueName\":\"search_term_string\"}}],\"inLanguage\":\"en-US\"}]}<\/script>\n<!-- \/ Yoast SEO plugin. -->","yoast_head_json":{"title":"Elegancka ksi\u0119ga go\u015bci - Clesheo","description":"Elegancka ksi\u0119ga go\u015bci - fakturowane karty przek\u0142adane pergaminem, ok\u0142adka w 4 kolorach, ok\u0142adka z imionami i dat\u0105 \u015blubu","robots":{"index":"index","follow":"follow","max-snippet":"max-snippet:-1","max-image-preview":"max-image-preview:large","max-video-preview":"max-video-preview:-1"},"canonical":"https:\/\/clesheo.pl\/en\/shop\/elegancka-ksiega-gosci-brazowa\/","og_locale":"en_US","og_type":"article","og_title":"[:pl]Elegancka ksi\u0119ga go\u015bci - Clesheo[:]","og_description":"[:pl]Elegancka ksi\u0119ga go\u015bci - fakturowane karty przek\u0142adane pergaminem, ok\u0142adka w 4 kolorach, ok\u0142adka z imionami i dat\u0105 \u015blubu[:]","og_url":"https:\/\/clesheo.pl\/en\/shop\/elegancka-ksiega-gosci-brazowa\/","og_site_name":"Clesheo","article_modified_time":"2025-09-04T17:56:08+00:00","og_image":[{"width":1000,"height":1205,"url":"https:\/\/clesheo.pl\/wp-content\/uploads\/2024\/09\/KSiega-gosci-brazowa-2.jpg","type":"image\/jpeg"}],"twitter_card":"summary_large_image","twitter_misc":{"Est. reading time":"2 minutes"},"schema":{"@context":"https:\/\/schema.org","@graph":[{"@type":"WebPage","@id":"https:\/\/clesheo.pl\/shop\/elegancka-ksiega-gosci-brazowa\/","url":"https:\/\/clesheo.pl\/shop\/elegancka-ksiega-gosci-brazowa\/","name":"Elegancka ksi\u0119ga go\u015bci - Clesheo","isPartOf":{"@id":"https:\/\/clesheo.pl\/#website"},"primaryImageOfPage":{"@id":"https:\/\/clesheo.pl\/shop\/elegancka-ksiega-gosci-brazowa\/#primaryimage"},"image":{"@id":"https:\/\/clesheo.pl\/shop\/elegancka-ksiega-gosci-brazowa\/#primaryimage"},"thumbnailUrl":"https:\/\/clesheo.pl\/wp-content\/uploads\/2024\/09\/KSiega-gosci-brazowa-2.jpg","datePublished":"2024-09-20T08:17:41+00:00","dateModified":"2025-09-04T17:56:08+00:00","description":"Elegancka ksi\u0119ga go\u015bci - fakturowane karty przek\u0142adane pergaminem, ok\u0142adka w 4 kolorach, ok\u0142adka z imionami i dat\u0105 \u015blubu","breadcrumb":{"@id":"https:\/\/clesheo.pl\/shop\/elegancka-ksiega-gosci-brazowa\/#breadcrumb"},"inLanguage":"en-US","potentialAction":[{"@type":"ReadAction","target":["https:\/\/clesheo.pl\/shop\/elegancka-ksiega-gosci-brazowa\/"]}]},{"@type":"ImageObject","inLanguage":"en-US","@id":"https:\/\/clesheo.pl\/shop\/elegancka-ksiega-gosci-brazowa\/#primaryimage","url":"https:\/\/clesheo.pl\/wp-content\/uploads\/2024\/09\/KSiega-gosci-brazowa-2.jpg","contentUrl":"https:\/\/clesheo.pl\/wp-content\/uploads\/2024\/09\/KSiega-gosci-brazowa-2.jpg","width":1000,"height":1205,"caption":"Elegancka ksi\u0119ga go\u015bci - Br\u0105zowa klasyka"},{"@type":"BreadcrumbList","@id":"https:\/\/clesheo.pl\/shop\/elegancka-ksiega-gosci-brazowa\/#breadcrumb","itemListElement":[{"@type":"ListItem","position":1,"name":"Strona g\u0142\u00f3wna","item":"https:\/\/clesheo.pl\/"},{"@type":"ListItem","position":2,"name":"Sklep","item":"https:\/\/clesheo.pl\/sklep\/"},{"@type":"ListItem","position":3,"name":"Elegancka ksi\u0119ga go\u015bci &#8211; Br\u0105zowa klasyka"}]},{"@type":"WebSite","@id":"https:\/\/clesheo.pl\/#website","url":"https:\/\/clesheo.pl\/","name":"Clesheo","description":"","potentialAction":[{"@type":"SearchAction","target":{"@type":"EntryPoint","urlTemplate":"https:\/\/clesheo.pl\/?s={search_term_string}"},"query-input":{"@type":"PropertyValueSpecification","valueRequired":true,"valueName":"search_term_string"}}],"inLanguage":"en-US"}]}},"_links":{"self":[{"href":"https:\/\/clesheo.pl\/en\/wp-json\/wp\/v2\/product\/14558","targetHints":{"allow":["GET"]}}],"collection":[{"href":"https:\/\/clesheo.pl\/en\/wp-json\/wp\/v2\/product"}],"about":[{"href":"https:\/\/clesheo.pl\/en\/wp-json\/wp\/v2\/types\/product"}],"replies":[{"embeddable":true,"href":"https:\/\/clesheo.pl\/en\/wp-json\/wp\/v2\/comments?post=14558"}],"wp:featuredmedia":[{"embeddable":true,"href":"https:\/\/clesheo.pl\/en\/wp-json\/wp\/v2\/media\/14571"}],"wp:attachment":[{"href":"https:\/\/clesheo.pl\/en\/wp-json\/wp\/v2\/media?parent=14558"}],"wp:term":[{"taxonomy":"product_brand","embeddable":true,"href":"https:\/\/clesheo.pl\/en\/wp-json\/wp\/v2\/product_brand?post=14558"},{"taxonomy":"product_cat","embeddable":true,"href":"https:\/\/clesheo.pl\/en\/wp-json\/wp\/v2\/product_cat?post=14558"},{"taxonomy":"product_tag","embeddable":true,"href":"https:\/\/clesheo.pl\/en\/wp-json\/wp\/v2\/product_tag?post=14558"}],"curies":[{"name":"wp","href":"https:\/\/api.w.org\/{rel}","templated":true}]}}