{"id":14572,"date":"2024-09-20T10:26:31","date_gmt":"2024-09-20T08:26:31","guid":{"rendered":"https:\/\/clesheo.pl\/?post_type=product&#038;p=14572"},"modified":"2025-09-04T19:53:31","modified_gmt":"2025-09-04T17:53:31","slug":"minimalista-bezowa-ksiega-gosci","status":"publish","type":"product","link":"https:\/\/clesheo.pl\/en\/shop\/minimalista-bezowa-ksiega-gosci\/","title":{"rendered":"Minimalista be\u017cowa ksi\u0119ga go\u015bci"},"content":{"rendered":"<h2>Minimalista be\u017cowa ksi\u0119ga go\u015bci<\/h2>\n<p>Odkryj nasz\u0105 wyj\u0105tkow\u0105 ksi\u0119g\u0119 go\u015bci, kt\u00f3ra z powodzeniem uzupe\u0142ni ka\u017cd\u0105 eleganck\u0105 uroczysto\u015b\u0107. Jej minimalistyczne wzornictwo, mo\u017cliwo\u015b\u0107 personalizacji oraz solidne wykonanie sprawiaj\u0105, \u017ce stanie si\u0119 wyj\u0105tkow\u0105 pami\u0105tk\u0105 na d\u0142ugie lata.<\/p>\n<h3>Szczeg\u00f3\u0142y produktu:<\/h3>\n<ul>\n<li><strong>Personalizacja:<\/strong> Na ok\u0142adce umie\u015bcimy imiona nowo\u017ce\u0144c\u00f3w oraz dat\u0119 \u015blubu<\/li>\n<li><strong>Kolor ok\u0142adki:<\/strong> Subtelne, neutralne odcienie<\/li>\n<li><strong>Wn\u0119trze:<\/strong> Karty oddzielone delikatnym pergaminem, kt\u00f3ry nie tylko dodaje uroku, ale tak\u017ce zabezpiecza wpisy go\u015bci i zdj\u0119cia.<\/li>\n<li><strong>Karty:<\/strong> Do wyboru karty w kolorze ecru lub cazrne, idealne do r\u0119cznych wpis\u00f3w lub wklejania zdj\u0119\u0107. Dost\u0119pne w wersjach: 40, 60 lub 100 stron.<\/li>\n<\/ul>\n<h3>Doskona\u0142a pami\u0105tka<\/h3>\n<p>Nasza Minimalista be\u017cowa ksi\u0119ga go\u015bci to wyj\u0105tkowy spos\u00f3b na utrwalenie wspomnie\u0144 z najwa\u017cniejszych chwil w Twoim \u017cyciu. Dzi\u0119ki niej, b\u0119dziesz mog\u0142a wraca\u0107 do tych moment\u00f3w przez lata.<\/p>\n<h3>Czas realizacji<\/h3>\n<p>Produkcja trwa oko\u0142o 10 dni roboczych, a czas dostawy wynosi dodatkowo 2 dni robocze.<\/p>\n<h3>Zasady zwrot\u00f3w<\/h3>\n<p>Ze wzgl\u0119du na indywidualn\u0105 personalizacj\u0119, produkt nie podlega zwrotom, dlatego prosimy o dok\u0142adne przemy\u015blenie zam\u00f3wienia.<\/p>\n<blockquote class=\"wp-embedded-content\" data-secret=\"sPtBAJuC2Y\"><p><a href=\"https:\/\/clesheo.pl\/shop\/album-slubny-ze-zdjeciem-na-okladce\/\">Album \u015blubny ze zdj\u0119ciem na ok\u0142adce<\/a><\/p><\/blockquote>\n<p><iframe class=\"wp-embedded-content lazyload\" sandbox=\"allow-scripts\" security=\"restricted\" style=\"position: absolute; visibility: hidden;\" title=\"&#8222;Album \u015blubny ze zdj\u0119ciem na ok\u0142adce&#8221; &#8212; Clesheo\" data-src=\"https:\/\/clesheo.pl\/shop\/album-slubny-ze-zdjeciem-na-okladce\/embed\/#?secret=ney5U2IjeD#?secret=sPtBAJuC2Y\" data-secret=\"sPtBAJuC2Y\" width=\"600\" height=\"338\" frameborder=\"0\" marginwidth=\"0\" marginheight=\"0\" scrolling=\"no\" src=\"data:image\/svg+xml;base64,PHN2ZyB3aWR0aD0iMSIgaGVpZ2h0PSIxIiB4bWxucz0iaHR0cDovL3d3dy53My5vcmcvMjAwMC9zdmciPjwvc3ZnPg==\" data-load-mode=\"1\"><\/iframe><\/p>\n<p><strong>Zatrzymaj Najpi\u0119kniejsze Chwile z Kuchta Fotografia!<\/strong><\/p>\n<p>Szukasz fotografa, kt\u00f3ry uchwyci ka\u017cdy moment Twojego wyj\u0105tkowego dnia? <strong>Kuchta Fotografia<\/strong> to profesjonalna fotografia \u015blubna, kt\u00f3ra zatrzyma na zdj\u0119ciach najwa\u017cniejsze emocje i detale. Z pasj\u0105 tworz\u0105 wyj\u0105tkowe historie mi\u0142o\u015bci, kt\u00f3re b\u0119dziesz wspomina\u0107 przez ca\u0142e \u017cycie.<\/p>\n<p>&#x1f48d; <strong>Dlaczego warto?<\/strong><\/p>\n<ul>\n<li>Kreatywne podej\u015bcie i naturalne kadry<\/li>\n<li>Uj\u0119cia pe\u0142ne emocji, kt\u00f3re oddaj\u0105 magi\u0119 chwili<\/li>\n<li>Do\u015bwiadczenie i indywidualne podej\u015bcie do ka\u017cdej pary<\/li>\n<\/ul>\n<p>Zobacz nasze realizacje na <a href=\"https:\/\/www.kuchtafotografia.pl\" target=\"_new\" rel=\"noopener\">www.kuchtafotografia.pl<\/a> lub <a href=\"http:\/\/www.instagram.com\/kuchtafotografia.pl\">www.instagram.com\/kuchtafotografia.pl<\/a> i przekonaj si\u0119, jak mo\u017cna uwieczni\u0107 Tw\u00f3j najwa\u017cniejszy dzie\u0144!<\/p>\n<p>Zobacz te\u017c nasze wyj\u0105tkowe Albumy \u015alubne w P\u0142\u00f3ciennej Oprawie z Personalizowanym Nadrukiem<\/p>\n<p><a href=\"https:\/\/clesheo.pl\/shop\/album-slubny-na-zdjecia-wklejane-clesheo\/\">https:\/\/clesheo.pl\/shop\/album-slubny-na-zdjecia-wklejane-clesheo\/<\/a><\/p>\n<blockquote class=\"wp-embedded-content\" data-secret=\"0e3XB2tEf5\"><p><a href=\"https:\/\/clesheo.pl\/shop\/album-slubny-na-zdjecia-wklejane-clesheo\/\">Album \u015blubny na zdj\u0119cia wklejane, w p\u0142\u00f3ciennej ok\u0142adce<\/a><\/p><\/blockquote>\n<p><iframe class=\"wp-embedded-content lazyload\" sandbox=\"allow-scripts\" security=\"restricted\" style=\"position: absolute; visibility: hidden;\" title=\"&#8222;Album \u015blubny na zdj\u0119cia wklejane, w p\u0142\u00f3ciennej ok\u0142adce&#8221; &#8212; Clesheo\" data-src=\"https:\/\/clesheo.pl\/shop\/album-slubny-na-zdjecia-wklejane-clesheo\/embed\/#?secret=S31lfNfkbY#?secret=0e3XB2tEf5\" data-secret=\"0e3XB2tEf5\" width=\"600\" height=\"338\" frameborder=\"0\" marginwidth=\"0\" marginheight=\"0\" scrolling=\"no\" src=\"data:image\/svg+xml;base64,PHN2ZyB3aWR0aD0iMSIgaGVpZ2h0PSIxIiB4bWxucz0iaHR0cDovL3d3dy53My5vcmcvMjAwMC9zdmciPjwvc3ZnPg==\" data-load-mode=\"1\"><\/iframe><\/p>\n","protected":false},"excerpt":{"rendered":"<p>Minimalista ksi\u0119ga go\u015bci w kolo\u017ce ciemnego be\u017cu<\/p>\n<p>Rozmiar ksi\u0119gi: 30&#215;30 cm, ilo\u015b\u0107 stron: 40,60 lub 100<\/p>\n<p>Fakturowany pergamin pomi\u0119dzy kartami<\/p>\n<p>&nbsp;<\/p>\n<p>&nbsp;<\/p>\n<p>&nbsp;<\/p>\n","protected":false},"featured_media":14587,"comment_status":"open","ping_status":"closed","template":"","meta":[],"product_brand":[],"product_cat":[485],"product_tag":[484,483,482,480,481],"class_list":{"0":"post-14572","1":"product","2":"type-product","3":"status-publish","4":"has-post-thumbnail","6":"product_cat-ksiega-gosci","7":"product_tag-ksiega-gosci-bezowa","8":"product_tag-ksiega-gosci-oliwkowa","9":"product_tag-ksiega-gosci-z-imionami","10":"product_tag-ksiega-gosci","11":"product_tag-personalizowana-ksiega-gosci","13":"first","14":"instock","15":"shipping-taxable","16":"purchasable","17":"product-type-variable"},"yoast_head":"<!-- This site is optimized with the Yoast SEO plugin v23.6 - https:\/\/yoast.com\/wordpress\/plugins\/seo\/ -->\n<title>Minimalista be\u017cowa ksi\u0119ga go\u015bci - Clesheo<\/title>\n<meta name=\"description\" content=\"Minimalista be\u017cowa ksi\u0119ga go\u015bci - eleganckie fakturowane karty przek\u0142adane pergaminem, ok\u0142adka w 4 kolorach, ok\u0142adka z imionami i dat\u0105 \u015blubu,\" \/>\n<meta name=\"robots\" content=\"index, follow, max-snippet:-1, max-image-preview:large, max-video-preview:-1\" \/>\n<link rel=\"canonical\" href=\"https:\/\/clesheo.pl\/en\/shop\/minimalista-bezowa-ksiega-gosci\/\" \/>\n<meta property=\"og:locale\" content=\"en_US\" \/>\n<meta property=\"og:locale:alternate\" content=\"pl_PL\" \/>\n<meta property=\"og:type\" content=\"article\" \/>\n<meta property=\"og:title\" content=\"Minimalista be\u017cowa ksi\u0119ga go\u015bci - Clesheo\" \/>\n<meta property=\"og:description\" content=\"Minimalista be\u017cowa ksi\u0119ga go\u015bci - eleganckie fakturowane karty przek\u0142adane pergaminem, ok\u0142adka w 4 kolorach, ok\u0142adka z imionami i dat\u0105 \u015blubu,\" \/>\n<meta property=\"og:url\" content=\"https:\/\/clesheo.pl\/en\/shop\/minimalista-bezowa-ksiega-gosci\/\" \/>\n<meta property=\"og:site_name\" content=\"Clesheo\" \/>\n<meta property=\"article:modified_time\" content=\"2025-09-04T17:53:31+00:00\" \/>\n<meta property=\"og:image\" content=\"https:\/\/clesheo.pl\/wp-content\/uploads\/2024\/09\/Ksiega-gosci-brazowa-scaled.jpg\" \/>\n\t<meta property=\"og:image:width\" content=\"2124\" \/>\n\t<meta property=\"og:image:height\" content=\"2560\" \/>\n\t<meta property=\"og:image:type\" content=\"image\/jpeg\" \/>\n<meta name=\"twitter:card\" content=\"summary_large_image\" \/>\n<meta name=\"twitter:label1\" content=\"Est. reading time\" \/>\n\t<meta name=\"twitter:data1\" content=\"2 minutes\" \/>\n<script type=\"application\/ld+json\" class=\"yoast-schema-graph\">{\"@context\":\"https:\/\/schema.org\",\"@graph\":[{\"@type\":\"WebPage\",\"@id\":\"https:\/\/clesheo.pl\/shop\/minimalista-bezowa-ksiega-gosci\/\",\"url\":\"https:\/\/clesheo.pl\/shop\/minimalista-bezowa-ksiega-gosci\/\",\"name\":\"Minimalista be\u017cowa ksi\u0119ga go\u015bci - Clesheo\",\"isPartOf\":{\"@id\":\"https:\/\/clesheo.pl\/#website\"},\"primaryImageOfPage\":{\"@id\":\"https:\/\/clesheo.pl\/shop\/minimalista-bezowa-ksiega-gosci\/#primaryimage\"},\"image\":{\"@id\":\"https:\/\/clesheo.pl\/shop\/minimalista-bezowa-ksiega-gosci\/#primaryimage\"},\"thumbnailUrl\":\"https:\/\/clesheo.pl\/wp-content\/uploads\/2024\/09\/Ksiega-gosci-brazowa-scaled.jpg\",\"datePublished\":\"2024-09-20T08:26:31+00:00\",\"dateModified\":\"2025-09-04T17:53:31+00:00\",\"description\":\"Minimalista be\u017cowa ksi\u0119ga go\u015bci - eleganckie fakturowane karty przek\u0142adane pergaminem, ok\u0142adka w 4 kolorach, ok\u0142adka z imionami i dat\u0105 \u015blubu,\",\"breadcrumb\":{\"@id\":\"https:\/\/clesheo.pl\/shop\/minimalista-bezowa-ksiega-gosci\/#breadcrumb\"},\"inLanguage\":\"en-US\",\"potentialAction\":[{\"@type\":\"ReadAction\",\"target\":[\"https:\/\/clesheo.pl\/shop\/minimalista-bezowa-ksiega-gosci\/\"]}]},{\"@type\":\"ImageObject\",\"inLanguage\":\"en-US\",\"@id\":\"https:\/\/clesheo.pl\/shop\/minimalista-bezowa-ksiega-gosci\/#primaryimage\",\"url\":\"https:\/\/clesheo.pl\/wp-content\/uploads\/2024\/09\/Ksiega-gosci-brazowa-scaled.jpg\",\"contentUrl\":\"https:\/\/clesheo.pl\/wp-content\/uploads\/2024\/09\/Ksiega-gosci-brazowa-scaled.jpg\",\"width\":2124,\"height\":2560,\"caption\":\"Minimalista be\u017cowa ksi\u0119ga go\u015bci\"},{\"@type\":\"BreadcrumbList\",\"@id\":\"https:\/\/clesheo.pl\/shop\/minimalista-bezowa-ksiega-gosci\/#breadcrumb\",\"itemListElement\":[{\"@type\":\"ListItem\",\"position\":1,\"name\":\"Strona g\u0142\u00f3wna\",\"item\":\"https:\/\/clesheo.pl\/\"},{\"@type\":\"ListItem\",\"position\":2,\"name\":\"Sklep\",\"item\":\"https:\/\/clesheo.pl\/sklep\/\"},{\"@type\":\"ListItem\",\"position\":3,\"name\":\"Minimalista be\u017cowa ksi\u0119ga go\u015bci\"}]},{\"@type\":\"WebSite\",\"@id\":\"https:\/\/clesheo.pl\/#website\",\"url\":\"https:\/\/clesheo.pl\/\",\"name\":\"Clesheo\",\"description\":\"\",\"potentialAction\":[{\"@type\":\"SearchAction\",\"target\":{\"@type\":\"EntryPoint\",\"urlTemplate\":\"https:\/\/clesheo.pl\/?s={search_term_string}\"},\"query-input\":{\"@type\":\"PropertyValueSpecification\",\"valueRequired\":true,\"valueName\":\"search_term_string\"}}],\"inLanguage\":\"en-US\"}]}<\/script>\n<!-- \/ Yoast SEO plugin. -->","yoast_head_json":{"title":"Minimalista be\u017cowa ksi\u0119ga go\u015bci - Clesheo","description":"Minimalista be\u017cowa ksi\u0119ga go\u015bci - eleganckie fakturowane karty przek\u0142adane pergaminem, ok\u0142adka w 4 kolorach, ok\u0142adka z imionami i dat\u0105 \u015blubu,","robots":{"index":"index","follow":"follow","max-snippet":"max-snippet:-1","max-image-preview":"max-image-preview:large","max-video-preview":"max-video-preview:-1"},"canonical":"https:\/\/clesheo.pl\/en\/shop\/minimalista-bezowa-ksiega-gosci\/","og_locale":"en_US","og_type":"article","og_title":"[:pl]Minimalista be\u017cowa ksi\u0119ga go\u015bci - Clesheo[:]","og_description":"[:pl]Minimalista be\u017cowa ksi\u0119ga go\u015bci - eleganckie fakturowane karty przek\u0142adane pergaminem, ok\u0142adka w 4 kolorach, ok\u0142adka z imionami i dat\u0105 \u015blubu,[:]","og_url":"https:\/\/clesheo.pl\/en\/shop\/minimalista-bezowa-ksiega-gosci\/","og_site_name":"Clesheo","article_modified_time":"2025-09-04T17:53:31+00:00","og_image":[{"width":2124,"height":2560,"url":"https:\/\/clesheo.pl\/wp-content\/uploads\/2024\/09\/Ksiega-gosci-brazowa-scaled.jpg","type":"image\/jpeg"}],"twitter_card":"summary_large_image","twitter_misc":{"Est. reading time":"2 minutes"},"schema":{"@context":"https:\/\/schema.org","@graph":[{"@type":"WebPage","@id":"https:\/\/clesheo.pl\/shop\/minimalista-bezowa-ksiega-gosci\/","url":"https:\/\/clesheo.pl\/shop\/minimalista-bezowa-ksiega-gosci\/","name":"Minimalista be\u017cowa ksi\u0119ga go\u015bci - Clesheo","isPartOf":{"@id":"https:\/\/clesheo.pl\/#website"},"primaryImageOfPage":{"@id":"https:\/\/clesheo.pl\/shop\/minimalista-bezowa-ksiega-gosci\/#primaryimage"},"image":{"@id":"https:\/\/clesheo.pl\/shop\/minimalista-bezowa-ksiega-gosci\/#primaryimage"},"thumbnailUrl":"https:\/\/clesheo.pl\/wp-content\/uploads\/2024\/09\/Ksiega-gosci-brazowa-scaled.jpg","datePublished":"2024-09-20T08:26:31+00:00","dateModified":"2025-09-04T17:53:31+00:00","description":"Minimalista be\u017cowa ksi\u0119ga go\u015bci - eleganckie fakturowane karty przek\u0142adane pergaminem, ok\u0142adka w 4 kolorach, ok\u0142adka z imionami i dat\u0105 \u015blubu,","breadcrumb":{"@id":"https:\/\/clesheo.pl\/shop\/minimalista-bezowa-ksiega-gosci\/#breadcrumb"},"inLanguage":"en-US","potentialAction":[{"@type":"ReadAction","target":["https:\/\/clesheo.pl\/shop\/minimalista-bezowa-ksiega-gosci\/"]}]},{"@type":"ImageObject","inLanguage":"en-US","@id":"https:\/\/clesheo.pl\/shop\/minimalista-bezowa-ksiega-gosci\/#primaryimage","url":"https:\/\/clesheo.pl\/wp-content\/uploads\/2024\/09\/Ksiega-gosci-brazowa-scaled.jpg","contentUrl":"https:\/\/clesheo.pl\/wp-content\/uploads\/2024\/09\/Ksiega-gosci-brazowa-scaled.jpg","width":2124,"height":2560,"caption":"Minimalista be\u017cowa ksi\u0119ga go\u015bci"},{"@type":"BreadcrumbList","@id":"https:\/\/clesheo.pl\/shop\/minimalista-bezowa-ksiega-gosci\/#breadcrumb","itemListElement":[{"@type":"ListItem","position":1,"name":"Strona g\u0142\u00f3wna","item":"https:\/\/clesheo.pl\/"},{"@type":"ListItem","position":2,"name":"Sklep","item":"https:\/\/clesheo.pl\/sklep\/"},{"@type":"ListItem","position":3,"name":"Minimalista be\u017cowa ksi\u0119ga go\u015bci"}]},{"@type":"WebSite","@id":"https:\/\/clesheo.pl\/#website","url":"https:\/\/clesheo.pl\/","name":"Clesheo","description":"","potentialAction":[{"@type":"SearchAction","target":{"@type":"EntryPoint","urlTemplate":"https:\/\/clesheo.pl\/?s={search_term_string}"},"query-input":{"@type":"PropertyValueSpecification","valueRequired":true,"valueName":"search_term_string"}}],"inLanguage":"en-US"}]}},"_links":{"self":[{"href":"https:\/\/clesheo.pl\/en\/wp-json\/wp\/v2\/product\/14572","targetHints":{"allow":["GET"]}}],"collection":[{"href":"https:\/\/clesheo.pl\/en\/wp-json\/wp\/v2\/product"}],"about":[{"href":"https:\/\/clesheo.pl\/en\/wp-json\/wp\/v2\/types\/product"}],"replies":[{"embeddable":true,"href":"https:\/\/clesheo.pl\/en\/wp-json\/wp\/v2\/comments?post=14572"}],"wp:featuredmedia":[{"embeddable":true,"href":"https:\/\/clesheo.pl\/en\/wp-json\/wp\/v2\/media\/14587"}],"wp:attachment":[{"href":"https:\/\/clesheo.pl\/en\/wp-json\/wp\/v2\/media?parent=14572"}],"wp:term":[{"taxonomy":"product_brand","embeddable":true,"href":"https:\/\/clesheo.pl\/en\/wp-json\/wp\/v2\/product_brand?post=14572"},{"taxonomy":"product_cat","embeddable":true,"href":"https:\/\/clesheo.pl\/en\/wp-json\/wp\/v2\/product_cat?post=14572"},{"taxonomy":"product_tag","embeddable":true,"href":"https:\/\/clesheo.pl\/en\/wp-json\/wp\/v2\/product_tag?post=14572"}],"curies":[{"name":"wp","href":"https:\/\/api.w.org\/{rel}","templated":true}]}}