{"id":14753,"date":"2025-01-20T17:21:21","date_gmt":"2025-01-20T16:21:21","guid":{"rendered":"https:\/\/clesheo.pl\/?post_type=product&#038;p=14753"},"modified":"2025-01-20T19:03:10","modified_gmt":"2025-01-20T18:03:10","slug":"album-dla-dziecka-z-welurowa-okladka-2","status":"publish","type":"product","link":"https:\/\/clesheo.pl\/en\/shop\/album-dla-dziecka-z-welurowa-okladka-2\/","title":{"rendered":"Album dla dziecka z welurow\u0105 ok\u0142adk\u0105"},"content":{"rendered":"<div class=\"flex-shrink-0 flex flex-col relative items-end\">\n<div>\n<div class=\"pt-0\">\n<div class=\"gizmo-bot-avatar flex h-8 w-8 items-center justify-center overflow-hidden rounded-full\">\n<div class=\"relative p-1 rounded-sm flex items-center justify-center bg-token-main-surface-primary text-token-text-primary h-8 w-8\"><\/div>\n<\/div>\n<\/div>\n<\/div>\n<\/div>\n<div class=\"group\/conversation-turn relative flex w-full min-w-0 flex-col agent-turn\">\n<div class=\"flex-col gap-1 md:gap-3\">\n<div class=\"flex max-w-full flex-col flex-grow\">\n<div class=\"min-h-8 text-message flex w-full flex-col items-end gap-2 whitespace-normal break-words text-start [.text-message+&#038;]:mt-5\" dir=\"auto\" data-message-author-role=\"assistant\" data-message-id=\"354bc158-f612-4e56-b097-8bb04b6b3d09\" data-message-model-slug=\"gpt-4o\">\n<div class=\"flex w-full flex-col gap-1 empty:hidden first:pt-[3px]\">\n<div class=\"markdown prose w-full break-words dark:prose-invert dark\">\n<h1><strong>Welurowy Album Dziecka \u2013 Wyj\u0105tkowa Kronika na Najpi\u0119kniejsze Wspomnienia<\/strong><\/h1>\n<h2><em>Zatrzymaj najcenniejsze chwile dzieci\u0144stwa w niepowtarzalnej pami\u0105tce.<\/em><\/h2>\n<h3>\nAksamitny album dziecka to elegancka propozycja dla tych, kt\u00f3rzy pragn\u0105 uwieczni\u0107 najwa\u017cniejsze etapy \u017cycia swojego maluszka. Sk\u0142ada si\u0119 z 30 stron, idealnych do zapisania wspomnie\u0144 i wklejenia fotografii. Jego ok\u0142adka, wykonana z mi\u0119kkiego, przyjemnego w dotyku materia\u0142u aksamitnego, urzeka swoim luksusowym wygl\u0105dem. Dzi\u0119ki subtelnej ozdobnej czcionce oraz personalizowanemu grawerowi z imieniem dziecka, album zyskuje wyj\u0105tkowy, osobisty charakter. Kronika zosta\u0142a stworzona w j\u0119zyku polskim, co czyni j\u0105 idealn\u0105 pami\u0105tk\u0105 dla ka\u017cdej polskiej rodziny.<\/h3>\n<p><strong>Wymiary<\/strong><br \/>\nAlbum ma wymiary 20 cm x 30 cm, co zapewnia wystarczaj\u0105c\u0105 ilo\u015b\u0107 miejsca na uchwycenie wszystkich wa\u017cnych chwil, a jednocze\u015bnie jest na tyle por\u0119czny, by wygodnie go przechowywa\u0107 i przegl\u0105da\u0107.<\/p>\n<p><strong>Personalizacja<\/strong><br \/>\nTen aksamitny album mo\u017cna w pe\u0142ni dostosowa\u0107 do indywidualnych potrzeb \u2013 ok\u0142adka ozdobiona jest grawerem z imieniem dziecka, co nadaje mu unikalnego charakteru. Dodatkowo, mo\u017cliwo\u015b\u0107 wyboru koloru oprawy pozwala na dopasowanie albumu do gustu rodzic\u00f3w lub estetyki dzieci\u0119cego pokoiku.<\/p>\n<p><strong>Ponadczasowa Elegancja<\/strong><br \/>\nAlbum dziecka wyr\u00f3\u017cnia si\u0119 klasycznym i stylowym designem, bez przesadnie dziecinnych grafik. Jego elegancj\u0119 podkre\u015blaj\u0105 fakturowane strony w odcieniu ecru oraz starannie dobrana kolorowa czcionka. To doskona\u0142y wyb\u00f3r dla os\u00f3b ceni\u0105cych estetyk\u0119 i wyrafinowanie, kt\u00f3re nigdy nie wychodzi z mody.<\/p>\n<p><strong>Zawarto\u015b\u0107 Albumu<\/strong><br \/>\nW albumie znajdziesz specjalnie wyznaczone miejsca na wpisy oraz zdj\u0119cia, co pozwala na stworzenie kroniki pe\u0142nej wspomnie\u0144. Dzi\u0119ki uniwersalnej stylistyce album sprawdzi si\u0119 zar\u00f3wno dla ch\u0142opca, jak i dziewczynki.<br \/>\n<strong>Przyk\u0142adowe sekcje albumu:<\/strong><\/p>\n<ul>\n<li>Moi rodzice<\/li>\n<li>W brzuszku mamy<\/li>\n<li>Moje narodziny<\/li>\n<li>\u015awiat w dniu moich narodzin<\/li>\n<li>Pierwsze dni w domku<\/li>\n<li>M\u00f3j pierwszy raz<\/li>\n<li>Moje pierwsze posi\u0142ki<\/li>\n<li>\u015alady<\/li>\n<li>Pory roku<\/li>\n<li>Moja pierwsza Gwiazdka<\/li>\n<li>Moje pierwsze wakacje<\/li>\n<li>Moje pierwsze urodziny<\/li>\n<li>Mam ju\u017c rok<\/li>\n<li>Dwa latka<\/li>\n<li>R\u00f3\u017cne ciekawostki z mojego \u017cycia<\/li>\n<\/ul>\n<p><strong>Dost\u0119pne Kolory Ok\u0142adek<\/strong><br \/>\nWybierz spo\u015br\u00f3d eleganckich opcji kolorystycznych:<\/p>\n<ul>\n<li>Przygaszony r\u00f3\u017c<\/li>\n<li>Szampan<\/li>\n<li>Bia\u0142e cappuccino<\/li>\n<li>Przydymiony lilak<\/li>\n<li>Popielaty<\/li>\n<li>Delikatny szary<\/li>\n<\/ul>\n<p><strong>Idealny Prezent<\/strong><br \/>\nSzukasz wyj\u0105tkowego prezentu dla przysz\u0142ych rodzic\u00f3w? Aksamitny album dziecka to doskona\u0142y pomys\u0142 na pami\u0105tk\u0119, kt\u00f3ra przetrwa lata. Je\u015bli jednak nie jeste\u015b pewna, kt\u00f3ra wersja najbardziej przypadnie do gustu, mo\u017cesz wybra\u0107 bon podarunkowy, umo\u017cliwiaj\u0105cy samodzielny wyb\u00f3r. Sprawd\u017a ofert\u0119 bon\u00f3w <a href=\"https:\/\/clesheo.pl\/shop\/e-karta-podarunkowa-2\/\" target=\"_new\" rel=\"noopener\">tutaj<\/a>.<\/p>\n<p><strong>Pozosta\u0142e Kroniki i Prezenty<\/strong><br \/>\nOdkryj tak\u017ce inne propozycje na pami\u0105tki dla dzieci w naszej kategorii <a href=\"https:\/\/clesheo.pl\/product-category\/pamietniki\/\" target=\"_new\" rel=\"noopener\">albumy dla noworodk\u00f3w<\/a>.<\/p>\n<p><strong>Czas Realizacji<\/strong><br \/>\nNa wykonanie i dostarczenie spersonalizowanego albumu potrzebujemy 7-10 dni roboczych, po czym nast\u0119puje wysy\u0142ka. Prosimy o przemy\u015blane zakupy \u2013 produkty personalizowane nie podlegaj\u0105 zwrotom.<\/p>\n<p>Wybierz welurowy album dziecka \u2013 niepowtarzaln\u0105 pami\u0105tk\u0119, kt\u00f3ra b\u0119dzie cieszy\u0107 oczy i serca przez d\u0142ugie lata.<\/p>\n<p>Welurowe albumy dost\u0119pne s\u0105 r\u00f3wnie\u017c w wi\u0119kszym formacie: 30x30cm<\/p>\n<blockquote class=\"wp-embedded-content\" data-secret=\"7nTHHmkDiP\"><p><a href=\"https:\/\/clesheo.pl\/shop\/album-dziecka-z-aksamitna-okladka\/\">Album dziecka z aksamitn\u0105 ok\u0142adk\u0105 od narodzin do pi\u0105tego roku \u017cycia<\/a><\/p><\/blockquote>\n<p><iframe class=\"wp-embedded-content lazyload\" sandbox=\"allow-scripts\" security=\"restricted\" style=\"position: absolute; visibility: hidden;\" title=\"&#8222;Album dziecka z aksamitn\u0105 ok\u0142adk\u0105 od narodzin do pi\u0105tego roku \u017cycia&#8221; &#8212; Clesheo\" data-src=\"https:\/\/clesheo.pl\/shop\/album-dziecka-z-aksamitna-okladka\/embed\/#?secret=PHu4UCuwEN#?secret=7nTHHmkDiP\" data-secret=\"7nTHHmkDiP\" width=\"600\" height=\"338\" frameborder=\"0\" marginwidth=\"0\" marginheight=\"0\" scrolling=\"no\" src=\"data:image\/svg+xml;base64,PHN2ZyB3aWR0aD0iMSIgaGVpZ2h0PSIxIiB4bWxucz0iaHR0cDovL3d3dy53My5vcmcvMjAwMC9zdmciPjwvc3ZnPg==\" data-load-mode=\"1\"><\/iframe><\/p>\n<p>B\u0105d\u017a na bie\u017c\u0105co z ofertami i promocjami: <a href=\"https:\/\/www.instagram.com\/clesheo\/\">https:\/\/www.instagram.com\/clesheo\/\u00a0<\/a><\/p>\n<\/div>\n<\/div>\n<\/div>\n<\/div>\n<\/div>\n<\/div>\n","protected":false},"excerpt":{"rendered":"<p>Album dla dziecka na wspomnienia z pierwszego roku \u017cycia dziecka. Kronika oprawiona jest w aksamitne p\u0142\u00f3tno, kt\u00f3re sprawia, \u017ce ok\u0142adka jest mi\u0142a w dotyku. Na ok\u0142adce wygrawerowane jest imi\u0119 dziecka.<\/p>\n","protected":false},"featured_media":14764,"comment_status":"open","ping_status":"closed","template":"","meta":[],"product_brand":[],"product_cat":[],"product_tag":[414,260,490,493,491,494,492,57],"class_list":{"0":"post-14753","1":"product","2":"type-product","3":"status-publish","4":"has-post-thumbnail","6":"product_tag-album-na-chrzest","7":"product_tag-album-na-zdjecia-dziecka","8":"product_tag-album-welurowy","9":"product_tag-ekskluzywny-album-dla-dziecka","10":"product_tag-pamiatka-narodzin","11":"product_tag-pamiatka-pierwszych-lat-zycia","12":"product_tag-personalizowany-album-dzieciecy","13":"product_tag-prezent-dla-dziecka","15":"first","16":"instock","17":"shipping-taxable","18":"purchasable","19":"product-type-variable"},"yoast_head":"<!-- This site is optimized with the Yoast SEO plugin v23.6 - https:\/\/yoast.com\/wordpress\/plugins\/seo\/ -->\n<title>Album dziecka welurowy - pami\u0119tnik w milutkiej ok\u0142adce<\/title>\n<meta name=\"description\" content=\"Album dziecka welurowy na wspomnienia z pierwszego roku \u017cycia dziecka. Kronika oprawiona jest w aksamitne p\u0142\u00f3tno, na ok\u0142adce znajduje si\u0119 grawer z imieniem\" \/>\n<meta name=\"robots\" content=\"index, follow, max-snippet:-1, max-image-preview:large, max-video-preview:-1\" \/>\n<link rel=\"canonical\" href=\"https:\/\/clesheo.pl\/en\/shop\/album-dla-dziecka-z-welurowa-okladka-2\/\" \/>\n<meta property=\"og:locale\" content=\"en_US\" \/>\n<meta property=\"og:locale:alternate\" content=\"pl_PL\" \/>\n<meta property=\"og:type\" content=\"article\" \/>\n<meta property=\"og:title\" content=\"Album dziecka welurowy - pami\u0119tnik w milutkiej ok\u0142adce\" \/>\n<meta property=\"og:description\" content=\"Album dziecka welurowy na wspomnienia z pierwszego roku \u017cycia dziecka. Kronika oprawiona jest w aksamitne p\u0142\u00f3tno, na ok\u0142adce znajduje si\u0119 grawer z imieniem\" \/>\n<meta property=\"og:url\" content=\"https:\/\/clesheo.pl\/en\/shop\/album-dla-dziecka-z-welurowa-okladka-2\/\" \/>\n<meta property=\"og:site_name\" content=\"Clesheo\" \/>\n<meta property=\"article:modified_time\" content=\"2025-01-20T18:03:10+00:00\" \/>\n<meta property=\"og:image\" content=\"https:\/\/clesheo.pl\/wp-content\/uploads\/2025\/01\/2F70D3FB-CE8A-47C7-AD2F-6528F869D8E6.jpeg\" \/>\n\t<meta property=\"og:image:width\" content=\"1170\" \/>\n\t<meta property=\"og:image:height\" content=\"1240\" \/>\n\t<meta property=\"og:image:type\" content=\"image\/jpeg\" \/>\n<meta name=\"twitter:card\" content=\"summary_large_image\" \/>\n<meta name=\"twitter:label1\" content=\"Est. reading time\" \/>\n\t<meta name=\"twitter:data1\" content=\"3 minutes\" \/>\n<script type=\"application\/ld+json\" class=\"yoast-schema-graph\">{\"@context\":\"https:\/\/schema.org\",\"@graph\":[{\"@type\":\"WebPage\",\"@id\":\"https:\/\/clesheo.pl\/shop\/album-dla-dziecka-z-welurowa-okladka-2\/\",\"url\":\"https:\/\/clesheo.pl\/shop\/album-dla-dziecka-z-welurowa-okladka-2\/\",\"name\":\"Album dziecka welurowy - pami\u0119tnik w milutkiej ok\u0142adce\",\"isPartOf\":{\"@id\":\"https:\/\/clesheo.pl\/#website\"},\"primaryImageOfPage\":{\"@id\":\"https:\/\/clesheo.pl\/shop\/album-dla-dziecka-z-welurowa-okladka-2\/#primaryimage\"},\"image\":{\"@id\":\"https:\/\/clesheo.pl\/shop\/album-dla-dziecka-z-welurowa-okladka-2\/#primaryimage\"},\"thumbnailUrl\":\"https:\/\/clesheo.pl\/wp-content\/uploads\/2025\/01\/2F70D3FB-CE8A-47C7-AD2F-6528F869D8E6.jpeg\",\"datePublished\":\"2025-01-20T16:21:21+00:00\",\"dateModified\":\"2025-01-20T18:03:10+00:00\",\"description\":\"Album dziecka welurowy na wspomnienia z pierwszego roku \u017cycia dziecka. Kronika oprawiona jest w aksamitne p\u0142\u00f3tno, na ok\u0142adce znajduje si\u0119 grawer z imieniem\",\"breadcrumb\":{\"@id\":\"https:\/\/clesheo.pl\/shop\/album-dla-dziecka-z-welurowa-okladka-2\/#breadcrumb\"},\"inLanguage\":\"en-US\",\"potentialAction\":[{\"@type\":\"ReadAction\",\"target\":[\"https:\/\/clesheo.pl\/shop\/album-dla-dziecka-z-welurowa-okladka-2\/\"]}]},{\"@type\":\"ImageObject\",\"inLanguage\":\"en-US\",\"@id\":\"https:\/\/clesheo.pl\/shop\/album-dla-dziecka-z-welurowa-okladka-2\/#primaryimage\",\"url\":\"https:\/\/clesheo.pl\/wp-content\/uploads\/2025\/01\/2F70D3FB-CE8A-47C7-AD2F-6528F869D8E6.jpeg\",\"contentUrl\":\"https:\/\/clesheo.pl\/wp-content\/uploads\/2025\/01\/2F70D3FB-CE8A-47C7-AD2F-6528F869D8E6.jpeg\",\"width\":1170,\"height\":1240,\"caption\":\"album dziecka welurowy z imieniem na ok\u0142adce\"},{\"@type\":\"BreadcrumbList\",\"@id\":\"https:\/\/clesheo.pl\/shop\/album-dla-dziecka-z-welurowa-okladka-2\/#breadcrumb\",\"itemListElement\":[{\"@type\":\"ListItem\",\"position\":1,\"name\":\"Strona g\u0142\u00f3wna\",\"item\":\"https:\/\/clesheo.pl\/\"},{\"@type\":\"ListItem\",\"position\":2,\"name\":\"Sklep\",\"item\":\"https:\/\/clesheo.pl\/sklep\/\"},{\"@type\":\"ListItem\",\"position\":3,\"name\":\"Album dla dziecka z welurow\u0105 ok\u0142adk\u0105\"}]},{\"@type\":\"WebSite\",\"@id\":\"https:\/\/clesheo.pl\/#website\",\"url\":\"https:\/\/clesheo.pl\/\",\"name\":\"Clesheo\",\"description\":\"\",\"potentialAction\":[{\"@type\":\"SearchAction\",\"target\":{\"@type\":\"EntryPoint\",\"urlTemplate\":\"https:\/\/clesheo.pl\/?s={search_term_string}\"},\"query-input\":{\"@type\":\"PropertyValueSpecification\",\"valueRequired\":true,\"valueName\":\"search_term_string\"}}],\"inLanguage\":\"en-US\"}]}<\/script>\n<!-- \/ Yoast SEO plugin. -->","yoast_head_json":{"title":"Album dziecka welurowy - pami\u0119tnik w milutkiej ok\u0142adce","description":"Album dziecka welurowy na wspomnienia z pierwszego roku \u017cycia dziecka. Kronika oprawiona jest w aksamitne p\u0142\u00f3tno, na ok\u0142adce znajduje si\u0119 grawer z imieniem","robots":{"index":"index","follow":"follow","max-snippet":"max-snippet:-1","max-image-preview":"max-image-preview:large","max-video-preview":"max-video-preview:-1"},"canonical":"https:\/\/clesheo.pl\/en\/shop\/album-dla-dziecka-z-welurowa-okladka-2\/","og_locale":"en_US","og_type":"article","og_title":"[:pl]Album dziecka welurowy - pami\u0119tnik w milutkiej ok\u0142adce[:]","og_description":"[:pl]Album dziecka welurowy na wspomnienia z pierwszego roku \u017cycia dziecka. Kronika oprawiona jest w aksamitne p\u0142\u00f3tno, na ok\u0142adce znajduje si\u0119 grawer z imieniem[:]","og_url":"https:\/\/clesheo.pl\/en\/shop\/album-dla-dziecka-z-welurowa-okladka-2\/","og_site_name":"Clesheo","article_modified_time":"2025-01-20T18:03:10+00:00","og_image":[{"width":1170,"height":1240,"url":"https:\/\/clesheo.pl\/wp-content\/uploads\/2025\/01\/2F70D3FB-CE8A-47C7-AD2F-6528F869D8E6.jpeg","type":"image\/jpeg"}],"twitter_card":"summary_large_image","twitter_misc":{"Est. reading time":"3 minutes"},"schema":{"@context":"https:\/\/schema.org","@graph":[{"@type":"WebPage","@id":"https:\/\/clesheo.pl\/shop\/album-dla-dziecka-z-welurowa-okladka-2\/","url":"https:\/\/clesheo.pl\/shop\/album-dla-dziecka-z-welurowa-okladka-2\/","name":"Album dziecka welurowy - pami\u0119tnik w milutkiej ok\u0142adce","isPartOf":{"@id":"https:\/\/clesheo.pl\/#website"},"primaryImageOfPage":{"@id":"https:\/\/clesheo.pl\/shop\/album-dla-dziecka-z-welurowa-okladka-2\/#primaryimage"},"image":{"@id":"https:\/\/clesheo.pl\/shop\/album-dla-dziecka-z-welurowa-okladka-2\/#primaryimage"},"thumbnailUrl":"https:\/\/clesheo.pl\/wp-content\/uploads\/2025\/01\/2F70D3FB-CE8A-47C7-AD2F-6528F869D8E6.jpeg","datePublished":"2025-01-20T16:21:21+00:00","dateModified":"2025-01-20T18:03:10+00:00","description":"Album dziecka welurowy na wspomnienia z pierwszego roku \u017cycia dziecka. Kronika oprawiona jest w aksamitne p\u0142\u00f3tno, na ok\u0142adce znajduje si\u0119 grawer z imieniem","breadcrumb":{"@id":"https:\/\/clesheo.pl\/shop\/album-dla-dziecka-z-welurowa-okladka-2\/#breadcrumb"},"inLanguage":"en-US","potentialAction":[{"@type":"ReadAction","target":["https:\/\/clesheo.pl\/shop\/album-dla-dziecka-z-welurowa-okladka-2\/"]}]},{"@type":"ImageObject","inLanguage":"en-US","@id":"https:\/\/clesheo.pl\/shop\/album-dla-dziecka-z-welurowa-okladka-2\/#primaryimage","url":"https:\/\/clesheo.pl\/wp-content\/uploads\/2025\/01\/2F70D3FB-CE8A-47C7-AD2F-6528F869D8E6.jpeg","contentUrl":"https:\/\/clesheo.pl\/wp-content\/uploads\/2025\/01\/2F70D3FB-CE8A-47C7-AD2F-6528F869D8E6.jpeg","width":1170,"height":1240,"caption":"album dziecka welurowy z imieniem na ok\u0142adce"},{"@type":"BreadcrumbList","@id":"https:\/\/clesheo.pl\/shop\/album-dla-dziecka-z-welurowa-okladka-2\/#breadcrumb","itemListElement":[{"@type":"ListItem","position":1,"name":"Strona g\u0142\u00f3wna","item":"https:\/\/clesheo.pl\/"},{"@type":"ListItem","position":2,"name":"Sklep","item":"https:\/\/clesheo.pl\/sklep\/"},{"@type":"ListItem","position":3,"name":"Album dla dziecka z welurow\u0105 ok\u0142adk\u0105"}]},{"@type":"WebSite","@id":"https:\/\/clesheo.pl\/#website","url":"https:\/\/clesheo.pl\/","name":"Clesheo","description":"","potentialAction":[{"@type":"SearchAction","target":{"@type":"EntryPoint","urlTemplate":"https:\/\/clesheo.pl\/?s={search_term_string}"},"query-input":{"@type":"PropertyValueSpecification","valueRequired":true,"valueName":"search_term_string"}}],"inLanguage":"en-US"}]}},"_links":{"self":[{"href":"https:\/\/clesheo.pl\/en\/wp-json\/wp\/v2\/product\/14753","targetHints":{"allow":["GET"]}}],"collection":[{"href":"https:\/\/clesheo.pl\/en\/wp-json\/wp\/v2\/product"}],"about":[{"href":"https:\/\/clesheo.pl\/en\/wp-json\/wp\/v2\/types\/product"}],"replies":[{"embeddable":true,"href":"https:\/\/clesheo.pl\/en\/wp-json\/wp\/v2\/comments?post=14753"}],"wp:featuredmedia":[{"embeddable":true,"href":"https:\/\/clesheo.pl\/en\/wp-json\/wp\/v2\/media\/14764"}],"wp:attachment":[{"href":"https:\/\/clesheo.pl\/en\/wp-json\/wp\/v2\/media?parent=14753"}],"wp:term":[{"taxonomy":"product_brand","embeddable":true,"href":"https:\/\/clesheo.pl\/en\/wp-json\/wp\/v2\/product_brand?post=14753"},{"taxonomy":"product_cat","embeddable":true,"href":"https:\/\/clesheo.pl\/en\/wp-json\/wp\/v2\/product_cat?post=14753"},{"taxonomy":"product_tag","embeddable":true,"href":"https:\/\/clesheo.pl\/en\/wp-json\/wp\/v2\/product_tag?post=14753"}],"curies":[{"name":"wp","href":"https:\/\/api.w.org\/{rel}","templated":true}]}}