{"id":14823,"date":"2023-03-23T17:12:11","date_gmt":"2023-03-23T16:12:11","guid":{"rendered":"https:\/\/clesheo.pl\/?post_type=product&#038;p=14823"},"modified":"2025-10-08T19:15:45","modified_gmt":"2025-10-08T17:15:45","slug":"pamietnik-dla-dziecka-oh-baby","status":"publish","type":"product","link":"https:\/\/clesheo.pl\/en\/shop\/pamietnik-dla-dziecka-oh-baby\/","title":{"rendered":"Classic photo album WILD ONE \u2013 Blue whale (Kopia)"},"content":{"rendered":"<p class=\"\" data-start=\"0\" data-end=\"69\"><strong data-start=\"0\" data-end=\"69\">Pami\u0119tnik dla Dziecka Oh Baby \u2013 Elegancka Kronika Pe\u0142na Wspomnie\u0144<\/strong><\/p>\n<p class=\"\" data-start=\"71\" data-end=\"553\">Zanurz si\u0119 w magiczny \u015bwiat wspomnie\u0144 i chwil, kt\u00f3re b\u0119d\u0105 towarzyszy\u0107 Ci przez ca\u0142e \u017cycie. Pami\u0119tnik dla dziecka <em data-start=\"184\" data-end=\"193\">Oh Baby<\/em> to wyj\u0105tkowy, elegancki album, kt\u00f3ry zachowa najpi\u0119kniejsze momenty z pierwszych lat \u017cycia Twojego maluszka. Jego ponadczasowy design w po\u0142\u0105czeniu z dba\u0142o\u015bci\u0105 o szczeg\u00f3\u0142y sprawia, \u017ce jest to doskona\u0142y wyb\u00f3r dla ka\u017cdego rodzica. Wydanie to wyr\u00f3\u017cnia si\u0119 subtelnym stylem, kt\u00f3ry nadaje mu niepowtarzalnego charakteru, idealnie wpisuj\u0105c si\u0119 w klasyczn\u0105 elegancj\u0119.<\/p>\n<p class=\"\" data-start=\"555\" data-end=\"592\"><strong data-start=\"555\" data-end=\"592\">Wyj\u0105tkowy Design i Personalizacja<\/strong><\/p>\n<p class=\"\" data-start=\"594\" data-end=\"1033\">Kronika <em data-start=\"602\" data-end=\"611\">Oh Baby<\/em> ma 64 strony, kt\u00f3re zachwycaj\u0105 minimalistycznym, lecz niezwykle subtelnym wygl\u0105dem. Be\u017cowa czcionka na stronach w po\u0142\u0105czeniu z ok\u0142adk\u0105 w kolorze wrzosu sprawiaj\u0105, \u017ce jest to elegancka pami\u0105tka na ca\u0142e \u017cycie. Dodatkowo, mo\u017cliwo\u015b\u0107 personalizacji ok\u0142adki \u2013 umieszczenia imienia dziecka \u2013 sprawia, \u017ce album staje si\u0119 jeszcze bardziej wyj\u0105tkowy i niepowtarzalny. Taki album to idealny wyb\u00f3r na prezent dla przysz\u0142ych rodzic\u00f3w.<\/p>\n<p class=\"\" data-start=\"1035\" data-end=\"1072\"><strong data-start=\"1035\" data-end=\"1072\">Wymiary Albumu i Jako\u015b\u0107 Wykonania<\/strong><\/p>\n<p class=\"\" data-start=\"1074\" data-end=\"1347\">Album <em data-start=\"1080\" data-end=\"1089\">Oh Baby<\/em> to jeden z najwi\u0119kszych produkt\u00f3w tego typu dost\u0119pnych na rynku. Jego wymiary wynosz\u0105 30 cm na 30 cm, co czyni go przestronnym i komfortowym do zapisania wspomnie\u0144 oraz wklejenia zdj\u0119\u0107. Doskona\u0142a jako\u015b\u0107 materia\u0142\u00f3w zapewnia d\u0142ugowieczno\u015b\u0107 i estetyk\u0119 na lata.<\/p>\n<p class=\"\" data-start=\"1349\" data-end=\"1409\"><strong data-start=\"1349\" data-end=\"1409\">Tre\u015b\u0107 Kroniki \u2013 Idealna do Zachowania Pi\u0119knych Wspomnie\u0144<\/strong><\/p>\n<p class=\"\" data-start=\"1411\" data-end=\"1814\">Album zawiera specjalnie zaprojektowane miejsca na zdj\u0119cia oraz zapisy, kt\u00f3re pozwol\u0105 Ci uwieczni\u0107 najwa\u017cniejsze chwile z \u017cycia Twojego dziecka. Zawarto\u015b\u0107 kroniki obejmuje m.in. strony po\u015bwi\u0119cone pierwszym dniom \u017cycia, narodzinom, wakacjom, urodzinom, pierwszym krokom oraz innym wa\u017cnym momentom. Dzi\u0119ki uniwersalnemu designowi, kronika <em data-start=\"1748\" data-end=\"1757\">Oh Baby<\/em> jest odpowiednia zar\u00f3wno dla ch\u0142opca, jak i dziewczynki.<\/p>\n<p class=\"\" data-start=\"1816\" data-end=\"1862\"><strong data-start=\"1816\" data-end=\"1862\">Idealny Prezent na Chrzest lub Baby Shower<\/strong><\/p>\n<p class=\"\" data-start=\"1864\" data-end=\"2233\">Je\u015bli szukasz idealnego prezentu dla przysz\u0142ych rodzic\u00f3w, pami\u0119tnik dla dziecka <em data-start=\"1944\" data-end=\"1953\">Oh Baby<\/em> to doskona\u0142y wyb\u00f3r. Dzi\u0119ki opcji personalizacji, album staje si\u0119 jedyny w swoim rodzaju i z pewno\u015bci\u0105 zachwyci obdarowan\u0105 osob\u0119. Je\u015bli nie jeste\u015b pewien, kt\u00f3ry produkt wybra\u0107, mo\u017cesz rozwa\u017cy\u0107 zakup bonu podarunkowego, kt\u00f3ry umo\u017cliwi przysz\u0142ym rodzicom wyb\u00f3r najlepszego prezentu.<\/p>\n<p class=\"\" data-start=\"2235\" data-end=\"2258\"><strong data-start=\"2235\" data-end=\"2258\">Szczeg\u00f3\u0142y Produktu:<\/strong><\/p>\n<ul data-start=\"2259\" data-end=\"2474\">\n<li class=\"\" data-start=\"2259\" data-end=\"2301\">\n<p class=\"\" data-start=\"2261\" data-end=\"2301\">Personalizacja: Imi\u0119 dziecka na ok\u0142adce.<\/p>\n<\/li>\n<li class=\"\" data-start=\"2302\" data-end=\"2340\">\n<p class=\"\" data-start=\"2304\" data-end=\"2340\">Kolor: Ok\u0142adka w odcieniu wrzosowym.<\/p>\n<\/li>\n<li class=\"\" data-start=\"2341\" data-end=\"2386\">\n<p class=\"\" data-start=\"2343\" data-end=\"2386\">Liczba stron: 64 strony na zapis wspomnie\u0144.<\/p>\n<\/li>\n<li class=\"\" data-start=\"2387\" data-end=\"2412\">\n<p class=\"\" data-start=\"2389\" data-end=\"2412\">Wymiary: 30 cm x 30 cm.<\/p>\n<\/li>\n<li class=\"\" data-start=\"2413\" data-end=\"2474\">\n<p class=\"\" data-start=\"2415\" data-end=\"2474\">Materia\u0142: Wysokiej jako\u015bci materia\u0142y zapewniaj\u0105ce trwa\u0142o\u015b\u0107.<\/p>\n<\/li>\n<\/ul>\n<p class=\"\" data-start=\"2476\" data-end=\"2492\"><strong data-start=\"2476\" data-end=\"2492\">Spis Tre\u015bci:<\/strong><\/p>\n<ul data-start=\"2493\" data-end=\"2832\">\n<li class=\"\" data-start=\"2493\" data-end=\"2506\">\n<p class=\"\" data-start=\"2495\" data-end=\"2506\">Moi rodzice<\/p>\n<\/li>\n<li class=\"\" data-start=\"2507\" data-end=\"2524\">\n<p class=\"\" data-start=\"2509\" data-end=\"2524\">W brzuszku mamy<\/p>\n<\/li>\n<li class=\"\" data-start=\"2525\" data-end=\"2541\">\n<p class=\"\" data-start=\"2527\" data-end=\"2541\">Moje narodziny<\/p>\n<\/li>\n<li class=\"\" data-start=\"2542\" data-end=\"2571\">\n<p class=\"\" data-start=\"2544\" data-end=\"2571\">\u015awiat w dniu moich narodzin<\/p>\n<\/li>\n<li class=\"\" data-start=\"2572\" data-end=\"2593\">\n<p class=\"\" data-start=\"2574\" data-end=\"2593\">Pierwsze dni w domu<\/p>\n<\/li>\n<li class=\"\" data-start=\"2594\" data-end=\"2612\">\n<p class=\"\" data-start=\"2596\" data-end=\"2612\">M\u00f3j pierwszy raz<\/p>\n<\/li>\n<li class=\"\" data-start=\"2613\" data-end=\"2636\">\n<p class=\"\" data-start=\"2615\" data-end=\"2636\">Moje pierwsze posi\u0142ki<\/p>\n<\/li>\n<li class=\"\" data-start=\"2637\" data-end=\"2644\">\n<p class=\"\" data-start=\"2639\" data-end=\"2644\">\u015alady<\/p>\n<\/li>\n<li class=\"\" data-start=\"2645\" data-end=\"2656\">\n<p class=\"\" data-start=\"2647\" data-end=\"2656\">Pory roku<\/p>\n<\/li>\n<li class=\"\" data-start=\"2657\" data-end=\"2681\">\n<p class=\"\" data-start=\"2659\" data-end=\"2681\">Moja pierwsza Gwiazdka<\/p>\n<\/li>\n<li class=\"\" data-start=\"2682\" data-end=\"2705\">\n<p class=\"\" data-start=\"2684\" data-end=\"2705\">Moje pierwsze wakacje<\/p>\n<\/li>\n<li class=\"\" data-start=\"2706\" data-end=\"2730\">\n<p class=\"\" data-start=\"2708\" data-end=\"2730\">Moje pierwsze urodziny<\/p>\n<\/li>\n<li class=\"\" data-start=\"2731\" data-end=\"2744\">\n<p class=\"\" data-start=\"2733\" data-end=\"2744\">Mam ju\u017c rok<\/p>\n<\/li>\n<li class=\"\" data-start=\"2745\" data-end=\"2756\">\n<p class=\"\" data-start=\"2747\" data-end=\"2756\">Dwa latka<\/p>\n<\/li>\n<li class=\"\" data-start=\"2757\" data-end=\"2768\">\n<p class=\"\" data-start=\"2759\" data-end=\"2768\">Trzy lata<\/p>\n<\/li>\n<li class=\"\" data-start=\"2769\" data-end=\"2782\">\n<p class=\"\" data-start=\"2771\" data-end=\"2782\">Cztery lata<\/p>\n<\/li>\n<li class=\"\" data-start=\"2783\" data-end=\"2797\">\n<p class=\"\" data-start=\"2785\" data-end=\"2797\">Mam pi\u0119\u0107 lat<\/p>\n<\/li>\n<li class=\"\" data-start=\"2798\" data-end=\"2832\">\n<p class=\"\" data-start=\"2800\" data-end=\"2832\">R\u00f3\u017cne ciekawostki z mojego \u017cycia<\/p>\n<\/li>\n<\/ul>\n<p class=\"\" data-start=\"2834\" data-end=\"3050\"><strong data-start=\"2834\" data-end=\"2863\">Czas Realizacji i Zakupy:<\/strong> Czas realizacji zam\u00f3wienia wynosi 7-10 dni roboczych, a przesy\u0142ka jest realizowana po tym czasie. Pami\u0119taj, \u017ce produkty personalizowane s\u0105 tworzone na zam\u00f3wienie i nie podlegaj\u0105 zwrotom.<\/p>\n<p class=\"\" data-start=\"3052\" data-end=\"3272\"><strong data-start=\"3052\" data-end=\"3085\">Zobacz r\u00f3wnie\u017c inne produkty:<\/strong> Przejrzyj nasz\u0105 pe\u0142n\u0105 ofert\u0119 album\u00f3w i kronik dla dzieci dost\u0119pnych w naszym sklepie internetowym. Sprawd\u017a tak\u017ce nasz\u0105 ofert\u0119 bon\u00f3w podarunkowych, kt\u00f3re idealnie sprawdz\u0105 si\u0119 na prezent.<\/p>\n","protected":false},"excerpt":{"rendered":"<p>Photo album 30\u00d730 cm<\/p>\n<p>40 pages layered with a parchment<\/p>\n<p>canvas cover<\/p>\n","protected":false},"featured_media":14832,"comment_status":"open","ping_status":"closed","template":"","meta":[],"product_brand":[],"product_cat":[],"product_tag":[238,230,244,154,378,377,239,376,240,242,241,243,140,56,63,69,68,67],"class_list":{"0":"post-14823","1":"product","2":"type-product","3":"status-publish","4":"has-post-thumbnail","6":"product_tag-album-dla-chlopca","7":"product_tag-album-dla-dziewczynki","8":"product_tag-album-do-wklejania-zdjec","9":"product_tag-album-dziecka","10":"product_tag-album-na-zdjecia-dziecka-z-kwiatami","11":"product_tag-album-na-zdjecia-z-kwiatami","12":"product_tag-album-z-imieniem","13":"product_tag-album-z-kwiatami","14":"product_tag-albumy-na-zdjecia","15":"product_tag-foto-ksiazka","16":"product_tag-fotoksiazka","17":"product_tag-fotoksiazki","18":"product_tag-imie-dziecka","19":"product_tag-album-na-zdjecia","20":"product_tag-len","21":"product_tag-lniana-okladna","22":"product_tag-plocienna-okladka","23":"product_tag-wieloryb","25":"first","26":"instock","27":"sale","28":"shipping-taxable","29":"purchasable","30":"product-type-simple"},"yoast_head":"<!-- This site is optimized with the Yoast SEO plugin v23.6 - https:\/\/yoast.com\/wordpress\/plugins\/seo\/ -->\n<title>pami\u0119tnik dla dziecka<\/title>\n<meta name=\"description\" content=\"Pami\u0119tnik dla dziecka Oh baby album dziecka be\u017cowy, klasyczny, na zdj\u0119cia wklejane, ze stronami przek\u0142adanymi pergaminem, album na sesj\u0119 noworodkow\u0105 Clesheo\" \/>\n<meta name=\"robots\" content=\"index, follow, max-snippet:-1, max-image-preview:large, max-video-preview:-1\" \/>\n<link rel=\"canonical\" href=\"https:\/\/clesheo.pl\/en\/shop\/pamietnik-dla-dziecka-oh-baby\/\" \/>\n<meta property=\"og:locale\" content=\"en_US\" \/>\n<meta property=\"og:locale:alternate\" content=\"pl_PL\" \/>\n<meta property=\"og:type\" content=\"article\" \/>\n<meta property=\"og:title\" content=\"pami\u0119tnik dla dziecka\" \/>\n<meta property=\"og:description\" content=\"Pami\u0119tnik dla dziecka Oh baby album dziecka be\u017cowy, klasyczny, na zdj\u0119cia wklejane, ze stronami przek\u0142adanymi pergaminem, album na sesj\u0119 noworodkow\u0105 Clesheo\" \/>\n<meta property=\"og:url\" content=\"https:\/\/clesheo.pl\/en\/shop\/pamietnik-dla-dziecka-oh-baby\/\" \/>\n<meta property=\"og:site_name\" content=\"Clesheo\" \/>\n<meta property=\"article:modified_time\" content=\"2025-10-08T17:15:45+00:00\" \/>\n<meta property=\"og:image\" content=\"https:\/\/clesheo.pl\/wp-content\/uploads\/2025\/03\/oh-baby-pamietnik-album-dziecka.jpg\" \/>\n\t<meta property=\"og:image:width\" content=\"900\" \/>\n\t<meta property=\"og:image:height\" content=\"733\" \/>\n\t<meta property=\"og:image:type\" content=\"image\/jpeg\" \/>\n<meta name=\"twitter:card\" content=\"summary_large_image\" \/>\n<meta name=\"twitter:label1\" content=\"Est. reading time\" \/>\n\t<meta name=\"twitter:data1\" content=\"3 minutes\" \/>\n<script type=\"application\/ld+json\" class=\"yoast-schema-graph\">{\"@context\":\"https:\/\/schema.org\",\"@graph\":[{\"@type\":\"WebPage\",\"@id\":\"https:\/\/clesheo.pl\/shop\/pamietnik-dla-dziecka-oh-baby\/\",\"url\":\"https:\/\/clesheo.pl\/shop\/pamietnik-dla-dziecka-oh-baby\/\",\"name\":\"pami\u0119tnik dla dziecka\",\"isPartOf\":{\"@id\":\"https:\/\/clesheo.pl\/#website\"},\"primaryImageOfPage\":{\"@id\":\"https:\/\/clesheo.pl\/shop\/pamietnik-dla-dziecka-oh-baby\/#primaryimage\"},\"image\":{\"@id\":\"https:\/\/clesheo.pl\/shop\/pamietnik-dla-dziecka-oh-baby\/#primaryimage\"},\"thumbnailUrl\":\"https:\/\/clesheo.pl\/wp-content\/uploads\/2025\/03\/oh-baby-pamietnik-album-dziecka.jpg\",\"datePublished\":\"2023-03-23T16:12:11+00:00\",\"dateModified\":\"2025-10-08T17:15:45+00:00\",\"description\":\"Pami\u0119tnik dla dziecka Oh baby album dziecka be\u017cowy, klasyczny, na zdj\u0119cia wklejane, ze stronami przek\u0142adanymi pergaminem, album na sesj\u0119 noworodkow\u0105 Clesheo\",\"breadcrumb\":{\"@id\":\"https:\/\/clesheo.pl\/shop\/pamietnik-dla-dziecka-oh-baby\/#breadcrumb\"},\"inLanguage\":\"en-US\",\"potentialAction\":[{\"@type\":\"ReadAction\",\"target\":[\"https:\/\/clesheo.pl\/shop\/pamietnik-dla-dziecka-oh-baby\/\"]}]},{\"@type\":\"ImageObject\",\"inLanguage\":\"en-US\",\"@id\":\"https:\/\/clesheo.pl\/shop\/pamietnik-dla-dziecka-oh-baby\/#primaryimage\",\"url\":\"https:\/\/clesheo.pl\/wp-content\/uploads\/2025\/03\/oh-baby-pamietnik-album-dziecka.jpg\",\"contentUrl\":\"https:\/\/clesheo.pl\/wp-content\/uploads\/2025\/03\/oh-baby-pamietnik-album-dziecka.jpg\",\"width\":900,\"height\":733,\"caption\":\"pami\u0119tnik dla dziecka oh baby\"},{\"@type\":\"BreadcrumbList\",\"@id\":\"https:\/\/clesheo.pl\/shop\/pamietnik-dla-dziecka-oh-baby\/#breadcrumb\",\"itemListElement\":[{\"@type\":\"ListItem\",\"position\":1,\"name\":\"Strona g\u0142\u00f3wna\",\"item\":\"https:\/\/clesheo.pl\/\"},{\"@type\":\"ListItem\",\"position\":2,\"name\":\"Sklep\",\"item\":\"https:\/\/clesheo.pl\/sklep\/\"},{\"@type\":\"ListItem\",\"position\":3,\"name\":\"Pami\u0119tnik dla Dziecka Oh Baby\"}]},{\"@type\":\"WebSite\",\"@id\":\"https:\/\/clesheo.pl\/#website\",\"url\":\"https:\/\/clesheo.pl\/\",\"name\":\"Clesheo\",\"description\":\"\",\"potentialAction\":[{\"@type\":\"SearchAction\",\"target\":{\"@type\":\"EntryPoint\",\"urlTemplate\":\"https:\/\/clesheo.pl\/?s={search_term_string}\"},\"query-input\":{\"@type\":\"PropertyValueSpecification\",\"valueRequired\":true,\"valueName\":\"search_term_string\"}}],\"inLanguage\":\"en-US\"}]}<\/script>\n<!-- \/ Yoast SEO plugin. -->","yoast_head_json":{"title":"pami\u0119tnik dla dziecka","description":"Pami\u0119tnik dla dziecka Oh baby album dziecka be\u017cowy, klasyczny, na zdj\u0119cia wklejane, ze stronami przek\u0142adanymi pergaminem, album na sesj\u0119 noworodkow\u0105 Clesheo","robots":{"index":"index","follow":"follow","max-snippet":"max-snippet:-1","max-image-preview":"max-image-preview:large","max-video-preview":"max-video-preview:-1"},"canonical":"https:\/\/clesheo.pl\/en\/shop\/pamietnik-dla-dziecka-oh-baby\/","og_locale":"en_US","og_type":"article","og_title":"[:pl]pami\u0119tnik dla dziecka[:]","og_description":"[:pl]Pami\u0119tnik dla dziecka Oh baby album dziecka be\u017cowy, klasyczny, na zdj\u0119cia wklejane, ze stronami przek\u0142adanymi pergaminem, album na sesj\u0119 noworodkow\u0105 Clesheo[:]","og_url":"https:\/\/clesheo.pl\/en\/shop\/pamietnik-dla-dziecka-oh-baby\/","og_site_name":"Clesheo","article_modified_time":"2025-10-08T17:15:45+00:00","og_image":[{"width":900,"height":733,"url":"https:\/\/clesheo.pl\/wp-content\/uploads\/2025\/03\/oh-baby-pamietnik-album-dziecka.jpg","type":"image\/jpeg"}],"twitter_card":"summary_large_image","twitter_misc":{"Est. reading time":"3 minutes"},"schema":{"@context":"https:\/\/schema.org","@graph":[{"@type":"WebPage","@id":"https:\/\/clesheo.pl\/shop\/pamietnik-dla-dziecka-oh-baby\/","url":"https:\/\/clesheo.pl\/shop\/pamietnik-dla-dziecka-oh-baby\/","name":"pami\u0119tnik dla dziecka","isPartOf":{"@id":"https:\/\/clesheo.pl\/#website"},"primaryImageOfPage":{"@id":"https:\/\/clesheo.pl\/shop\/pamietnik-dla-dziecka-oh-baby\/#primaryimage"},"image":{"@id":"https:\/\/clesheo.pl\/shop\/pamietnik-dla-dziecka-oh-baby\/#primaryimage"},"thumbnailUrl":"https:\/\/clesheo.pl\/wp-content\/uploads\/2025\/03\/oh-baby-pamietnik-album-dziecka.jpg","datePublished":"2023-03-23T16:12:11+00:00","dateModified":"2025-10-08T17:15:45+00:00","description":"Pami\u0119tnik dla dziecka Oh baby album dziecka be\u017cowy, klasyczny, na zdj\u0119cia wklejane, ze stronami przek\u0142adanymi pergaminem, album na sesj\u0119 noworodkow\u0105 Clesheo","breadcrumb":{"@id":"https:\/\/clesheo.pl\/shop\/pamietnik-dla-dziecka-oh-baby\/#breadcrumb"},"inLanguage":"en-US","potentialAction":[{"@type":"ReadAction","target":["https:\/\/clesheo.pl\/shop\/pamietnik-dla-dziecka-oh-baby\/"]}]},{"@type":"ImageObject","inLanguage":"en-US","@id":"https:\/\/clesheo.pl\/shop\/pamietnik-dla-dziecka-oh-baby\/#primaryimage","url":"https:\/\/clesheo.pl\/wp-content\/uploads\/2025\/03\/oh-baby-pamietnik-album-dziecka.jpg","contentUrl":"https:\/\/clesheo.pl\/wp-content\/uploads\/2025\/03\/oh-baby-pamietnik-album-dziecka.jpg","width":900,"height":733,"caption":"pami\u0119tnik dla dziecka oh baby"},{"@type":"BreadcrumbList","@id":"https:\/\/clesheo.pl\/shop\/pamietnik-dla-dziecka-oh-baby\/#breadcrumb","itemListElement":[{"@type":"ListItem","position":1,"name":"Strona g\u0142\u00f3wna","item":"https:\/\/clesheo.pl\/"},{"@type":"ListItem","position":2,"name":"Sklep","item":"https:\/\/clesheo.pl\/sklep\/"},{"@type":"ListItem","position":3,"name":"Pami\u0119tnik dla Dziecka Oh Baby"}]},{"@type":"WebSite","@id":"https:\/\/clesheo.pl\/#website","url":"https:\/\/clesheo.pl\/","name":"Clesheo","description":"","potentialAction":[{"@type":"SearchAction","target":{"@type":"EntryPoint","urlTemplate":"https:\/\/clesheo.pl\/?s={search_term_string}"},"query-input":{"@type":"PropertyValueSpecification","valueRequired":true,"valueName":"search_term_string"}}],"inLanguage":"en-US"}]}},"_links":{"self":[{"href":"https:\/\/clesheo.pl\/en\/wp-json\/wp\/v2\/product\/14823","targetHints":{"allow":["GET"]}}],"collection":[{"href":"https:\/\/clesheo.pl\/en\/wp-json\/wp\/v2\/product"}],"about":[{"href":"https:\/\/clesheo.pl\/en\/wp-json\/wp\/v2\/types\/product"}],"replies":[{"embeddable":true,"href":"https:\/\/clesheo.pl\/en\/wp-json\/wp\/v2\/comments?post=14823"}],"wp:featuredmedia":[{"embeddable":true,"href":"https:\/\/clesheo.pl\/en\/wp-json\/wp\/v2\/media\/14832"}],"wp:attachment":[{"href":"https:\/\/clesheo.pl\/en\/wp-json\/wp\/v2\/media?parent=14823"}],"wp:term":[{"taxonomy":"product_brand","embeddable":true,"href":"https:\/\/clesheo.pl\/en\/wp-json\/wp\/v2\/product_brand?post=14823"},{"taxonomy":"product_cat","embeddable":true,"href":"https:\/\/clesheo.pl\/en\/wp-json\/wp\/v2\/product_cat?post=14823"},{"taxonomy":"product_tag","embeddable":true,"href":"https:\/\/clesheo.pl\/en\/wp-json\/wp\/v2\/product_tag?post=14823"}],"curies":[{"name":"wp","href":"https:\/\/api.w.org\/{rel}","templated":true}]}}