{"id":14915,"date":"2024-07-08T09:34:27","date_gmt":"2024-07-08T07:34:27","guid":{"rendered":"https:\/\/clesheo.pl\/?post_type=product&#038;p=14915"},"modified":"2025-07-08T09:58:39","modified_gmt":"2025-07-08T07:58:39","slug":"album-na-zdjecia-z-data-urodzin","status":"publish","type":"product","link":"https:\/\/clesheo.pl\/en\/shop\/album-na-zdjecia-z-data-urodzin\/","title":{"rendered":"Traditional photo album with the print on the cover"},"content":{"rendered":"<h5>Traditional photo album<\/h5>\n<p>Keep and display your treasured photo prints in this beautiful personalised linen photo album. The contemporary linen cloth gives a natural rustic look and feel and is available in a range of beautiful colours, each one is handmade to order in our PL bindery.<\/p>\n<p>Finest quality acid free archival card<\/p>\n<p>Album size\u00a0 30 cm x 30 cm<\/p>\n<p>Page colour: cream or black<\/p>\n<p>Fully bound hardback<\/p>\n<p>&nbsp;<\/p>\n<p>You might also like -> <a href=\"https:\/\/clesheo.pl\/shop\/album-dziecka\/\">https:\/\/clesheo.pl\/shop\/album-dziecka\/<\/a><\/p>\n<p>&nbsp;<\/p>\n<p>Instagram <a href=\"http:\/\/www.instagram.pl\/clesheo\">http:\/\/www.instagram.pl\/clesheo<\/a><\/p>\n<p>&nbsp;<\/p>\n","protected":false},"excerpt":{"rendered":"<h5>Traditional photo album<\/h5>\n<p class=\"LC20lb MBeuO xvfwl\">Customized print on the cover<\/p>\n<p>40, 60 or 100 pages layered with a parchment<\/p>\n<p>Album size\u00a0 30 cm x 30 cm<\/p>\n<p>Page colour: cream or black<\/p>\n<p>Fully bound hardback<\/p>\n<p>Choose Your favourite <span class=\"Y2IQFc\" lang=\"en\">color for the cover binding<\/span><\/p>\n<p>&nbsp;<\/p>\n","protected":false},"featured_media":14924,"comment_status":"open","ping_status":"closed","template":"","meta":[],"product_brand":[],"product_cat":[51],"product_tag":[255,424,423,429,431,426,427,425,240,430,428,56],"class_list":{"0":"post-14915","1":"product","2":"type-product","3":"status-publish","4":"has-post-thumbnail","6":"product_cat-personalizowany-album-na-zdjecia","7":"product_tag-album-na-zdjecia-wklejane","8":"product_tag-album-na-zdjecia-z-czarnymi-kartami","9":"product_tag-album-na-zdjecia-z-pergaminem","10":"product_tag-album-szyty","11":"product_tag-album-z-imieniem-dziecka","12":"product_tag-album-z-lniana-okladka","13":"product_tag-album-z-nadrukiem","14":"product_tag-album-z-okladka-z-materialu","15":"product_tag-albumy-na-zdjecia","16":"product_tag-duzy-album-na-zdjecia","17":"product_tag-najladniejsze-albumy-na-zdjecia","18":"product_tag-album-na-zdjecia","20":"first","21":"instock","22":"shipping-taxable","23":"purchasable","24":"product-type-variable"},"yoast_head":"<!-- This site is optimized with the Yoast SEO plugin v23.6 - https:\/\/yoast.com\/wordpress\/plugins\/seo\/ -->\n<title>Traditional photo album with the print on the cover<\/title>\n<meta name=\"description\" content=\"Large Traditional photo album with the print on the cover, Linen Cloth, personalised cover, 40, 60 or 100 pages of finest quality paper Clesheo\" \/>\n<meta name=\"robots\" content=\"index, follow, max-snippet:-1, max-image-preview:large, max-video-preview:-1\" \/>\n<link rel=\"canonical\" href=\"https:\/\/clesheo.pl\/en\/shop\/album-na-zdjecia-z-data-urodzin\/\" \/>\n<meta property=\"og:locale\" content=\"en_US\" \/>\n<meta property=\"og:locale:alternate\" content=\"pl_PL\" \/>\n<meta property=\"og:type\" content=\"article\" \/>\n<meta property=\"og:title\" content=\"Traditional photo album with the print on the cover\" \/>\n<meta property=\"og:description\" content=\"Large Traditional photo album with the print on the cover, Linen Cloth, personalised cover, 40, 60 or 100 pages of finest quality paper Clesheo\" \/>\n<meta property=\"og:url\" content=\"https:\/\/clesheo.pl\/en\/shop\/album-na-zdjecia-z-data-urodzin\/\" \/>\n<meta property=\"og:site_name\" content=\"Clesheo\" \/>\n<meta property=\"article:modified_time\" content=\"2025-07-08T07:58:39+00:00\" \/>\n<meta property=\"og:image\" content=\"https:\/\/clesheo.pl\/wp-content\/uploads\/2025\/07\/album-na-zdjecia-z-data-urodzin-2.jpg\" \/>\n\t<meta property=\"og:image:width\" content=\"803\" \/>\n\t<meta property=\"og:image:height\" content=\"1200\" \/>\n\t<meta property=\"og:image:type\" content=\"image\/jpeg\" \/>\n<meta name=\"twitter:card\" content=\"summary_large_image\" \/>\n<meta name=\"twitter:label1\" content=\"Est. reading time\" \/>\n\t<meta name=\"twitter:data1\" content=\"2 minutes\" \/>\n<script type=\"application\/ld+json\" class=\"yoast-schema-graph\">{\"@context\":\"https:\/\/schema.org\",\"@graph\":[{\"@type\":\"WebPage\",\"@id\":\"https:\/\/clesheo.pl\/shop\/album-na-zdjecia-z-data-urodzin\/\",\"url\":\"https:\/\/clesheo.pl\/shop\/album-na-zdjecia-z-data-urodzin\/\",\"name\":\"Traditional photo album with the print on the cover\",\"isPartOf\":{\"@id\":\"https:\/\/clesheo.pl\/#website\"},\"primaryImageOfPage\":{\"@id\":\"https:\/\/clesheo.pl\/shop\/album-na-zdjecia-z-data-urodzin\/#primaryimage\"},\"image\":{\"@id\":\"https:\/\/clesheo.pl\/shop\/album-na-zdjecia-z-data-urodzin\/#primaryimage\"},\"thumbnailUrl\":\"https:\/\/clesheo.pl\/wp-content\/uploads\/2025\/07\/album-na-zdjecia-z-data-urodzin-2.jpg\",\"datePublished\":\"2024-07-08T07:34:27+00:00\",\"dateModified\":\"2025-07-08T07:58:39+00:00\",\"description\":\"Large Traditional photo album with the print on the cover, Linen Cloth, personalised cover, 40, 60 or 100 pages of finest quality paper Clesheo\",\"breadcrumb\":{\"@id\":\"https:\/\/clesheo.pl\/shop\/album-na-zdjecia-z-data-urodzin\/#breadcrumb\"},\"inLanguage\":\"en-US\",\"potentialAction\":[{\"@type\":\"ReadAction\",\"target\":[\"https:\/\/clesheo.pl\/shop\/album-na-zdjecia-z-data-urodzin\/\"]}]},{\"@type\":\"ImageObject\",\"inLanguage\":\"en-US\",\"@id\":\"https:\/\/clesheo.pl\/shop\/album-na-zdjecia-z-data-urodzin\/#primaryimage\",\"url\":\"https:\/\/clesheo.pl\/wp-content\/uploads\/2025\/07\/album-na-zdjecia-z-data-urodzin-2.jpg\",\"contentUrl\":\"https:\/\/clesheo.pl\/wp-content\/uploads\/2025\/07\/album-na-zdjecia-z-data-urodzin-2.jpg\",\"width\":803,\"height\":1200,\"caption\":\"Album na zdj\u0119cia z dat\u0105 urodzin, personalizowany album fotograficzny\"},{\"@type\":\"BreadcrumbList\",\"@id\":\"https:\/\/clesheo.pl\/shop\/album-na-zdjecia-z-data-urodzin\/#breadcrumb\",\"itemListElement\":[{\"@type\":\"ListItem\",\"position\":1,\"name\":\"Strona g\u0142\u00f3wna\",\"item\":\"https:\/\/clesheo.pl\/\"},{\"@type\":\"ListItem\",\"position\":2,\"name\":\"Sklep\",\"item\":\"https:\/\/clesheo.pl\/sklep\/\"},{\"@type\":\"ListItem\",\"position\":3,\"name\":\"Album na zdj\u0119cia z dat\u0105 urodzin\"}]},{\"@type\":\"WebSite\",\"@id\":\"https:\/\/clesheo.pl\/#website\",\"url\":\"https:\/\/clesheo.pl\/\",\"name\":\"Clesheo\",\"description\":\"\",\"potentialAction\":[{\"@type\":\"SearchAction\",\"target\":{\"@type\":\"EntryPoint\",\"urlTemplate\":\"https:\/\/clesheo.pl\/?s={search_term_string}\"},\"query-input\":{\"@type\":\"PropertyValueSpecification\",\"valueRequired\":true,\"valueName\":\"search_term_string\"}}],\"inLanguage\":\"en-US\"}]}<\/script>\n<!-- \/ Yoast SEO plugin. -->","yoast_head_json":{"title":"Traditional photo album with the print on the cover","description":"Large Traditional photo album with the print on the cover, Linen Cloth, personalised cover, 40, 60 or 100 pages of finest quality paper Clesheo","robots":{"index":"index","follow":"follow","max-snippet":"max-snippet:-1","max-image-preview":"max-image-preview:large","max-video-preview":"max-video-preview:-1"},"canonical":"https:\/\/clesheo.pl\/en\/shop\/album-na-zdjecia-z-data-urodzin\/","og_locale":"en_US","og_type":"article","og_title":"[:en]Traditional photo album with the print on the cover[:pl]Album na zdj\u0119cia z dat\u0105 urodzin - Clesheo[:]","og_description":"[:en]Large Traditional photo album with the print on the cover, Linen Cloth, personalised cover, 40, 60 or 100 pages of finest quality paper Clesheo[:pl]Album na zdj\u0119cia z dat\u0105 urodzin, klasyczny, z kartami do wklejania zdj\u0119\u0107 i pergaminem. P\u0142\u00f3cienna ok\u0142adka z nadrukiem wg Twojego pomys\u0142u.[:]","og_url":"https:\/\/clesheo.pl\/en\/shop\/album-na-zdjecia-z-data-urodzin\/","og_site_name":"Clesheo","article_modified_time":"2025-07-08T07:58:39+00:00","og_image":[{"width":803,"height":1200,"url":"https:\/\/clesheo.pl\/wp-content\/uploads\/2025\/07\/album-na-zdjecia-z-data-urodzin-2.jpg","type":"image\/jpeg"}],"twitter_card":"summary_large_image","twitter_misc":{"Est. reading time":"2 minutes"},"schema":{"@context":"https:\/\/schema.org","@graph":[{"@type":"WebPage","@id":"https:\/\/clesheo.pl\/shop\/album-na-zdjecia-z-data-urodzin\/","url":"https:\/\/clesheo.pl\/shop\/album-na-zdjecia-z-data-urodzin\/","name":"Traditional photo album with the print on the cover","isPartOf":{"@id":"https:\/\/clesheo.pl\/#website"},"primaryImageOfPage":{"@id":"https:\/\/clesheo.pl\/shop\/album-na-zdjecia-z-data-urodzin\/#primaryimage"},"image":{"@id":"https:\/\/clesheo.pl\/shop\/album-na-zdjecia-z-data-urodzin\/#primaryimage"},"thumbnailUrl":"https:\/\/clesheo.pl\/wp-content\/uploads\/2025\/07\/album-na-zdjecia-z-data-urodzin-2.jpg","datePublished":"2024-07-08T07:34:27+00:00","dateModified":"2025-07-08T07:58:39+00:00","description":"Large Traditional photo album with the print on the cover, Linen Cloth, personalised cover, 40, 60 or 100 pages of finest quality paper Clesheo","breadcrumb":{"@id":"https:\/\/clesheo.pl\/shop\/album-na-zdjecia-z-data-urodzin\/#breadcrumb"},"inLanguage":"en-US","potentialAction":[{"@type":"ReadAction","target":["https:\/\/clesheo.pl\/shop\/album-na-zdjecia-z-data-urodzin\/"]}]},{"@type":"ImageObject","inLanguage":"en-US","@id":"https:\/\/clesheo.pl\/shop\/album-na-zdjecia-z-data-urodzin\/#primaryimage","url":"https:\/\/clesheo.pl\/wp-content\/uploads\/2025\/07\/album-na-zdjecia-z-data-urodzin-2.jpg","contentUrl":"https:\/\/clesheo.pl\/wp-content\/uploads\/2025\/07\/album-na-zdjecia-z-data-urodzin-2.jpg","width":803,"height":1200,"caption":"Album na zdj\u0119cia z dat\u0105 urodzin, personalizowany album fotograficzny"},{"@type":"BreadcrumbList","@id":"https:\/\/clesheo.pl\/shop\/album-na-zdjecia-z-data-urodzin\/#breadcrumb","itemListElement":[{"@type":"ListItem","position":1,"name":"Strona g\u0142\u00f3wna","item":"https:\/\/clesheo.pl\/"},{"@type":"ListItem","position":2,"name":"Sklep","item":"https:\/\/clesheo.pl\/sklep\/"},{"@type":"ListItem","position":3,"name":"Album na zdj\u0119cia z dat\u0105 urodzin"}]},{"@type":"WebSite","@id":"https:\/\/clesheo.pl\/#website","url":"https:\/\/clesheo.pl\/","name":"Clesheo","description":"","potentialAction":[{"@type":"SearchAction","target":{"@type":"EntryPoint","urlTemplate":"https:\/\/clesheo.pl\/?s={search_term_string}"},"query-input":{"@type":"PropertyValueSpecification","valueRequired":true,"valueName":"search_term_string"}}],"inLanguage":"en-US"}]}},"_links":{"self":[{"href":"https:\/\/clesheo.pl\/en\/wp-json\/wp\/v2\/product\/14915","targetHints":{"allow":["GET"]}}],"collection":[{"href":"https:\/\/clesheo.pl\/en\/wp-json\/wp\/v2\/product"}],"about":[{"href":"https:\/\/clesheo.pl\/en\/wp-json\/wp\/v2\/types\/product"}],"replies":[{"embeddable":true,"href":"https:\/\/clesheo.pl\/en\/wp-json\/wp\/v2\/comments?post=14915"}],"wp:featuredmedia":[{"embeddable":true,"href":"https:\/\/clesheo.pl\/en\/wp-json\/wp\/v2\/media\/14924"}],"wp:attachment":[{"href":"https:\/\/clesheo.pl\/en\/wp-json\/wp\/v2\/media?parent=14915"}],"wp:term":[{"taxonomy":"product_brand","embeddable":true,"href":"https:\/\/clesheo.pl\/en\/wp-json\/wp\/v2\/product_brand?post=14915"},{"taxonomy":"product_cat","embeddable":true,"href":"https:\/\/clesheo.pl\/en\/wp-json\/wp\/v2\/product_cat?post=14915"},{"taxonomy":"product_tag","embeddable":true,"href":"https:\/\/clesheo.pl\/en\/wp-json\/wp\/v2\/product_tag?post=14915"}],"curies":[{"name":"wp","href":"https:\/\/api.w.org\/{rel}","templated":true}]}}