{"id":14969,"date":"2025-08-14T13:10:21","date_gmt":"2025-08-14T11:10:21","guid":{"rendered":"https:\/\/clesheo.pl\/?post_type=product&#038;p=14969"},"modified":"2025-09-18T21:01:15","modified_gmt":"2025-09-18T19:01:15","slug":"album-fotograficzny-30x30-dama-serce","status":"publish","type":"product","link":"https:\/\/clesheo.pl\/en\/shop\/album-fotograficzny-30x30-dama-serce\/","title":{"rendered":"Classic photo album WILD ONE \u2013 Blue whale (Kopia)"},"content":{"rendered":"<p data-start=\"177\" data-end=\"252\"><strong data-start=\"177\" data-end=\"250\">Album fotograficzny 30&#215;30 Dama serce\u00a0<\/strong><\/p>\n<p data-start=\"254\" data-end=\"492\">Ten album to nie tylko miejsce na zdj\u0119cia, ale prawdziwa opowie\u015b\u0107 zamkni\u0119ta w wyj\u0105tkowej ok\u0142adce. R\u0119cznie wykonany w Polsce, stworzony z dba\u0142o\u015bci\u0105 o ka\u017cdy szczeg\u00f3\u0142, stanie si\u0119 eleganck\u0105, a jednocze\u015bnie zadziorn\u0105 opraw\u0105 Twoich wspomnie\u0144.<\/p>\n<p data-start=\"494\" data-end=\"523\"><strong data-start=\"494\" data-end=\"521\">Co znajdziesz w \u015brodku:<\/strong><\/p>\n<ul data-start=\"524\" data-end=\"884\">\n<li data-start=\"524\" data-end=\"619\">\n<p data-start=\"526\" data-end=\"619\">Karty w kolorze \u015bmietankowym lub czarnym \u2013 do wyboru, by najlepiej wyeksponowa\u0107 fotografie<\/p>\n<\/li>\n<li data-start=\"620\" data-end=\"696\">\n<p data-start=\"622\" data-end=\"696\">Karty oddzielone pergaminem \u2013 dla bezpiecze\u0144stwa i d\u0142ugowieczno\u015bci zdj\u0119\u0107<\/p>\n<\/li>\n<li data-start=\"697\" data-end=\"772\">\n<p data-start=\"699\" data-end=\"772\">Trzy warianty liczby stron: 40, 60 lub 100 \u2013 dopasuj do swojej historii<\/p>\n<\/li>\n<li data-start=\"773\" data-end=\"884\">\n<p data-start=\"775\" data-end=\"884\">Mo\u017cliwo\u015b\u0107 pe\u0142nej personalizacji ok\u0142adki \u2013 chcesz co\u015b doda\u0107, a mo\u017ce siedzi Ci w g\u0142owie co\u015b zupe\u0142nie innego? Napisz do nas: <strong data-start=\"860\" data-end=\"882\"><a class=\"cursor-pointer\" rel=\"noopener\" data-start=\"862\" data-end=\"880\">kontakt@clesheo.pl<\/a><\/strong><\/p>\n<\/li>\n<\/ul>\n<p data-start=\"886\" data-end=\"1178\"><strong data-start=\"886\" data-end=\"919\">Dlaczego pokochasz ten album:<\/strong><br data-start=\"919\" data-end=\"922\" \/>To idealny prezent dla kogo\u015b, kto ceni styl i odrobin\u0119 przewrotnego humoru.\u00a0 Wysokiej jako\u015bci materia\u0142y i staranne wykonanie gwarantuj\u0105, \u017ce album przetrwa pokolenia.<\/p>\n<p data-start=\"1180\" data-end=\"1325\"><strong data-start=\"1180\" data-end=\"1200\">Czas realizacji:<\/strong> ok. 10 dni roboczych + wysy\u0142ka kurierska.<br data-start=\"1242\" data-end=\"1245\" \/>Produkty powstaj\u0105 na indywidualne zam\u00f3wienie, dlatego nie przyjmujemy zwrot\u00f3w.<\/p>\n<p data-start=\"1327\" data-end=\"1596\"><strong data-start=\"1327\" data-end=\"1377\">Kolekcja Alboom \u2013 niebanalne albumy na zdj\u0119cia<\/strong><br data-start=\"1377\" data-end=\"1380\" \/>Album fotograficzny 30&#215;30 Dama serce jest cz\u0119\u015bci\u0105 kolekcji <strong data-start=\"1418\" data-end=\"1428\">Alboom<\/strong>, w kt\u00f3rej ka\u017cda ok\u0142adka to autorski projekt \u2013 oryginalny, kreatywny i pe\u0142en temperamentu. To albumy dla tych, kt\u00f3rzy chc\u0105, by ich wspomnienia mia\u0142y wyj\u0105tkow\u0105 opraw\u0119.<\/p>\n<p class=\"skrollable skrollable-between\" data-start=\"1502\" data-end=\"1627\">\u00a0Sprawd\u017a inne nasze albumy:<br class=\"skrollable skrollable-between\" data-start=\"1566\" data-end=\"1569\" \/><img decoding=\"async\" class=\"emoji lazyload\" role=\"img\" draggable=\"false\" data-src=\"https:\/\/s.w.org\/images\/core\/emoji\/15.0.3\/svg\/1f449.svg\" alt=\"&#x1f449;\" src=\"data:image\/svg+xml;base64,PHN2ZyB3aWR0aD0iMSIgaGVpZ2h0PSIxIiB4bWxucz0iaHR0cDovL3d3dy53My5vcmcvMjAwMC9zdmciPjwvc3ZnPg==\" \/>\u00a0<a class=\"skrollable skrollable-between\" href=\"https:\/\/clesheo.pl\/shop\/album-dziecka\/\" target=\"_new\" rel=\"noopener\" data-start=\"1572\" data-end=\"1627\">Kliknij tutaj<\/a><\/p>\n<p class=\"skrollable skrollable-between\" data-start=\"1629\" data-end=\"1800\">Wszystkie nasze albumy to r\u0119czna robota \u2013 tworzone na zam\u00f3wienie, z czu\u0142o\u015bci\u0105 i dba\u0142o\u015bci\u0105 o ka\u017cdy szczeg\u00f3\u0142. Dlatego prosimy: zamawiaj z sercem. Nie przyjmujemy zwrot\u00f3w.<\/p>\n<p class=\"skrollable skrollable-between\" data-start=\"1989\" data-end=\"2124\"><strong class=\"skrollable skrollable-between\" data-start=\"1992\" data-end=\"2046\">B\u0105d\u017a na bie\u017c\u0105co z naszymi nowo\u015bciami i promocjami:<\/strong><br class=\"skrollable skrollable-between\" data-start=\"2046\" data-end=\"2049\" \/>Znajdziesz nas na Instagramie \u2013\u00a0<a class=\"skrollable skrollable-between\" href=\"http:\/\/www.instagram.pl\/clesheo\" target=\"_new\" rel=\"noopener\" data-start=\"2081\" data-end=\"2124\">@clesheo<\/a><\/p>\n","protected":false},"excerpt":{"rendered":"<p>Photo album 30\u00d730 cm<\/p>\n<p>40 pages layered with a parchment<\/p>\n<p>canvas cover<\/p>\n","protected":false},"featured_media":14976,"comment_status":"open","ping_status":"closed","template":"","meta":[],"product_brand":[],"product_cat":[495],"product_tag":[244,240,56],"class_list":{"0":"post-14969","1":"product","2":"type-product","3":"status-publish","4":"has-post-thumbnail","6":"product_cat-album-fotograficzny","7":"product_tag-album-do-wklejania-zdjec","8":"product_tag-albumy-na-zdjecia","9":"product_tag-album-na-zdjecia","11":"first","12":"instock","13":"shipping-taxable","14":"purchasable","15":"product-type-variable"},"yoast_head":"<!-- This site is optimized with the Yoast SEO plugin v23.6 - https:\/\/yoast.com\/wordpress\/plugins\/seo\/ -->\n<title>Album fotograficzny 30x30 Dama Serce prezent dla kobiety<\/title>\n<meta name=\"description\" content=\"Album fotograficzny 30x30 Dama Serce, \u015bwietny na prezent dla silnej kobiety, album na zdj\u0119cia z przek\u0142adkami pergaminowymi, kreatywna ok\u0142adka\" \/>\n<meta name=\"robots\" content=\"index, follow, max-snippet:-1, max-image-preview:large, max-video-preview:-1\" \/>\n<link rel=\"canonical\" href=\"https:\/\/clesheo.pl\/en\/shop\/album-fotograficzny-30x30-dama-serce\/\" \/>\n<meta property=\"og:locale\" content=\"en_US\" \/>\n<meta property=\"og:locale:alternate\" content=\"pl_PL\" \/>\n<meta property=\"og:type\" content=\"article\" \/>\n<meta property=\"og:title\" content=\"Album fotograficzny 30x30 Dama Serce prezent dla kobiety\" \/>\n<meta property=\"og:description\" content=\"Album fotograficzny 30x30 Dama Serce, \u015bwietny na prezent dla silnej kobiety, album na zdj\u0119cia z przek\u0142adkami pergaminowymi, kreatywna ok\u0142adka\" \/>\n<meta property=\"og:url\" content=\"https:\/\/clesheo.pl\/en\/shop\/album-fotograficzny-30x30-dama-serce\/\" \/>\n<meta property=\"og:site_name\" content=\"Clesheo\" \/>\n<meta property=\"article:modified_time\" content=\"2025-09-18T19:01:15+00:00\" \/>\n<meta property=\"og:image\" content=\"https:\/\/clesheo.pl\/wp-content\/uploads\/2025\/08\/Album-fotograficzny-30x30-Dama-Serce.jpg\" \/>\n\t<meta property=\"og:image:width\" content=\"1134\" \/>\n\t<meta property=\"og:image:height\" content=\"1356\" \/>\n\t<meta property=\"og:image:type\" content=\"image\/jpeg\" \/>\n<meta name=\"twitter:card\" content=\"summary_large_image\" \/>\n<meta name=\"twitter:label1\" content=\"Est. reading time\" \/>\n\t<meta name=\"twitter:data1\" content=\"2 minutes\" \/>\n<script type=\"application\/ld+json\" class=\"yoast-schema-graph\">{\"@context\":\"https:\/\/schema.org\",\"@graph\":[{\"@type\":\"WebPage\",\"@id\":\"https:\/\/clesheo.pl\/shop\/album-fotograficzny-30x30-dama-serce\/\",\"url\":\"https:\/\/clesheo.pl\/shop\/album-fotograficzny-30x30-dama-serce\/\",\"name\":\"Album fotograficzny 30x30 Dama Serce prezent dla kobiety\",\"isPartOf\":{\"@id\":\"https:\/\/clesheo.pl\/#website\"},\"primaryImageOfPage\":{\"@id\":\"https:\/\/clesheo.pl\/shop\/album-fotograficzny-30x30-dama-serce\/#primaryimage\"},\"image\":{\"@id\":\"https:\/\/clesheo.pl\/shop\/album-fotograficzny-30x30-dama-serce\/#primaryimage\"},\"thumbnailUrl\":\"https:\/\/clesheo.pl\/wp-content\/uploads\/2025\/08\/Album-fotograficzny-30x30-Dama-Serce.jpg\",\"datePublished\":\"2025-08-14T11:10:21+00:00\",\"dateModified\":\"2025-09-18T19:01:15+00:00\",\"description\":\"Album fotograficzny 30x30 Dama Serce, \u015bwietny na prezent dla silnej kobiety, album na zdj\u0119cia z przek\u0142adkami pergaminowymi, kreatywna ok\u0142adka\",\"breadcrumb\":{\"@id\":\"https:\/\/clesheo.pl\/shop\/album-fotograficzny-30x30-dama-serce\/#breadcrumb\"},\"inLanguage\":\"en-US\",\"potentialAction\":[{\"@type\":\"ReadAction\",\"target\":[\"https:\/\/clesheo.pl\/shop\/album-fotograficzny-30x30-dama-serce\/\"]}]},{\"@type\":\"ImageObject\",\"inLanguage\":\"en-US\",\"@id\":\"https:\/\/clesheo.pl\/shop\/album-fotograficzny-30x30-dama-serce\/#primaryimage\",\"url\":\"https:\/\/clesheo.pl\/wp-content\/uploads\/2025\/08\/Album-fotograficzny-30x30-Dama-Serce.jpg\",\"contentUrl\":\"https:\/\/clesheo.pl\/wp-content\/uploads\/2025\/08\/Album-fotograficzny-30x30-Dama-Serce.jpg\",\"width\":1134,\"height\":1356,\"caption\":\"dama kier serce album\"},{\"@type\":\"BreadcrumbList\",\"@id\":\"https:\/\/clesheo.pl\/shop\/album-fotograficzny-30x30-dama-serce\/#breadcrumb\",\"itemListElement\":[{\"@type\":\"ListItem\",\"position\":1,\"name\":\"Strona g\u0142\u00f3wna\",\"item\":\"https:\/\/clesheo.pl\/\"},{\"@type\":\"ListItem\",\"position\":2,\"name\":\"Sklep\",\"item\":\"https:\/\/clesheo.pl\/sklep\/\"},{\"@type\":\"ListItem\",\"position\":3,\"name\":\"Album fotograficzny 30&#215;30 Dama serce\"}]},{\"@type\":\"WebSite\",\"@id\":\"https:\/\/clesheo.pl\/#website\",\"url\":\"https:\/\/clesheo.pl\/\",\"name\":\"Clesheo\",\"description\":\"\",\"potentialAction\":[{\"@type\":\"SearchAction\",\"target\":{\"@type\":\"EntryPoint\",\"urlTemplate\":\"https:\/\/clesheo.pl\/?s={search_term_string}\"},\"query-input\":{\"@type\":\"PropertyValueSpecification\",\"valueRequired\":true,\"valueName\":\"search_term_string\"}}],\"inLanguage\":\"en-US\"}]}<\/script>\n<!-- \/ Yoast SEO plugin. -->","yoast_head_json":{"title":"Album fotograficzny 30x30 Dama Serce prezent dla kobiety","description":"Album fotograficzny 30x30 Dama Serce, \u015bwietny na prezent dla silnej kobiety, album na zdj\u0119cia z przek\u0142adkami pergaminowymi, kreatywna ok\u0142adka","robots":{"index":"index","follow":"follow","max-snippet":"max-snippet:-1","max-image-preview":"max-image-preview:large","max-video-preview":"max-video-preview:-1"},"canonical":"https:\/\/clesheo.pl\/en\/shop\/album-fotograficzny-30x30-dama-serce\/","og_locale":"en_US","og_type":"article","og_title":"[:pl]Album fotograficzny 30x30 Dama Serce prezent dla kobiety[:]","og_description":"[:pl]Album fotograficzny 30x30 Dama Serce, \u015bwietny na prezent dla silnej kobiety, album na zdj\u0119cia z przek\u0142adkami pergaminowymi, kreatywna ok\u0142adka[:]","og_url":"https:\/\/clesheo.pl\/en\/shop\/album-fotograficzny-30x30-dama-serce\/","og_site_name":"Clesheo","article_modified_time":"2025-09-18T19:01:15+00:00","og_image":[{"width":1134,"height":1356,"url":"https:\/\/clesheo.pl\/wp-content\/uploads\/2025\/08\/Album-fotograficzny-30x30-Dama-Serce.jpg","type":"image\/jpeg"}],"twitter_card":"summary_large_image","twitter_misc":{"Est. reading time":"2 minutes"},"schema":{"@context":"https:\/\/schema.org","@graph":[{"@type":"WebPage","@id":"https:\/\/clesheo.pl\/shop\/album-fotograficzny-30x30-dama-serce\/","url":"https:\/\/clesheo.pl\/shop\/album-fotograficzny-30x30-dama-serce\/","name":"Album fotograficzny 30x30 Dama Serce prezent dla kobiety","isPartOf":{"@id":"https:\/\/clesheo.pl\/#website"},"primaryImageOfPage":{"@id":"https:\/\/clesheo.pl\/shop\/album-fotograficzny-30x30-dama-serce\/#primaryimage"},"image":{"@id":"https:\/\/clesheo.pl\/shop\/album-fotograficzny-30x30-dama-serce\/#primaryimage"},"thumbnailUrl":"https:\/\/clesheo.pl\/wp-content\/uploads\/2025\/08\/Album-fotograficzny-30x30-Dama-Serce.jpg","datePublished":"2025-08-14T11:10:21+00:00","dateModified":"2025-09-18T19:01:15+00:00","description":"Album fotograficzny 30x30 Dama Serce, \u015bwietny na prezent dla silnej kobiety, album na zdj\u0119cia z przek\u0142adkami pergaminowymi, kreatywna ok\u0142adka","breadcrumb":{"@id":"https:\/\/clesheo.pl\/shop\/album-fotograficzny-30x30-dama-serce\/#breadcrumb"},"inLanguage":"en-US","potentialAction":[{"@type":"ReadAction","target":["https:\/\/clesheo.pl\/shop\/album-fotograficzny-30x30-dama-serce\/"]}]},{"@type":"ImageObject","inLanguage":"en-US","@id":"https:\/\/clesheo.pl\/shop\/album-fotograficzny-30x30-dama-serce\/#primaryimage","url":"https:\/\/clesheo.pl\/wp-content\/uploads\/2025\/08\/Album-fotograficzny-30x30-Dama-Serce.jpg","contentUrl":"https:\/\/clesheo.pl\/wp-content\/uploads\/2025\/08\/Album-fotograficzny-30x30-Dama-Serce.jpg","width":1134,"height":1356,"caption":"dama kier serce album"},{"@type":"BreadcrumbList","@id":"https:\/\/clesheo.pl\/shop\/album-fotograficzny-30x30-dama-serce\/#breadcrumb","itemListElement":[{"@type":"ListItem","position":1,"name":"Strona g\u0142\u00f3wna","item":"https:\/\/clesheo.pl\/"},{"@type":"ListItem","position":2,"name":"Sklep","item":"https:\/\/clesheo.pl\/sklep\/"},{"@type":"ListItem","position":3,"name":"Album fotograficzny 30&#215;30 Dama serce"}]},{"@type":"WebSite","@id":"https:\/\/clesheo.pl\/#website","url":"https:\/\/clesheo.pl\/","name":"Clesheo","description":"","potentialAction":[{"@type":"SearchAction","target":{"@type":"EntryPoint","urlTemplate":"https:\/\/clesheo.pl\/?s={search_term_string}"},"query-input":{"@type":"PropertyValueSpecification","valueRequired":true,"valueName":"search_term_string"}}],"inLanguage":"en-US"}]}},"_links":{"self":[{"href":"https:\/\/clesheo.pl\/en\/wp-json\/wp\/v2\/product\/14969","targetHints":{"allow":["GET"]}}],"collection":[{"href":"https:\/\/clesheo.pl\/en\/wp-json\/wp\/v2\/product"}],"about":[{"href":"https:\/\/clesheo.pl\/en\/wp-json\/wp\/v2\/types\/product"}],"replies":[{"embeddable":true,"href":"https:\/\/clesheo.pl\/en\/wp-json\/wp\/v2\/comments?post=14969"}],"wp:featuredmedia":[{"embeddable":true,"href":"https:\/\/clesheo.pl\/en\/wp-json\/wp\/v2\/media\/14976"}],"wp:attachment":[{"href":"https:\/\/clesheo.pl\/en\/wp-json\/wp\/v2\/media?parent=14969"}],"wp:term":[{"taxonomy":"product_brand","embeddable":true,"href":"https:\/\/clesheo.pl\/en\/wp-json\/wp\/v2\/product_brand?post=14969"},{"taxonomy":"product_cat","embeddable":true,"href":"https:\/\/clesheo.pl\/en\/wp-json\/wp\/v2\/product_cat?post=14969"},{"taxonomy":"product_tag","embeddable":true,"href":"https:\/\/clesheo.pl\/en\/wp-json\/wp\/v2\/product_tag?post=14969"}],"curies":[{"name":"wp","href":"https:\/\/api.w.org\/{rel}","templated":true}]}}