{"id":15103,"date":"2025-11-10T16:01:50","date_gmt":"2025-11-10T15:01:50","guid":{"rendered":"https:\/\/clesheo.pl\/?post_type=product&#038;p=15103"},"modified":"2025-11-12T20:04:42","modified_gmt":"2025-11-12T19:04:42","slug":"album-na-zdjecia-z-czarnymi-kartami","status":"publish","type":"product","link":"https:\/\/clesheo.pl\/en\/shop\/album-na-zdjecia-z-czarnymi-kartami\/","title":{"rendered":"Classic photo album WILD ONE \u2013 Blue whale (Kopia)"},"content":{"rendered":"<h3 data-start=\"262\" data-end=\"321\"><strong data-start=\"266\" data-end=\"321\">Personalizowany album na zdj\u0119cia z czarnymi kartami<\/strong><\/h3>\n<p data-start=\"323\" data-end=\"547\">Szukasz wyj\u0105tkowego miejsca, by zachowa\u0107 wspomnienia z najpi\u0119kniejszych chwil? Nasz <strong data-start=\"407\" data-end=\"480\">personalizowany album na zdj\u0119cia z czarnymi lub \u015bmietankowymi kartami<\/strong> to elegancki spos\u00f3b na stworzenie pami\u0105tki, kt\u00f3ra przetrwa lata.<\/p>\n<hr data-start=\"549\" data-end=\"552\" \/>\n<h4 data-start=\"554\" data-end=\"576\"><strong data-start=\"559\" data-end=\"576\">Opis produktu<\/strong><\/h4>\n<p data-start=\"578\" data-end=\"876\">Ka\u017cdy egzemplarz wykonujemy na zam\u00f3wienie, z <strong data-start=\"700\" data-end=\"727\">personalizowan\u0105 ok\u0142adk\u0105<\/strong>, na kt\u00f3rej mo\u017ce znale\u017a\u0107 si\u0119 Twoje ulubione zdj\u0119cie, imiona lub wa\u017cna data. Dzi\u0119ki temu Tw\u00f3j album staje si\u0119 unikalny &#8211; dok\u0142adnie taki jak Twoje wspomnienia.<\/p>\n<hr data-start=\"878\" data-end=\"881\" \/>\n<h4 data-start=\"883\" data-end=\"912\"><strong data-start=\"888\" data-end=\"912\">Najwa\u017cniejsze cechy:<\/strong><\/h4>\n<ul data-start=\"914\" data-end=\"1415\">\n<li data-start=\"914\" data-end=\"1040\">\n<p data-start=\"916\" data-end=\"1040\"><strong data-start=\"916\" data-end=\"943\">Personalizowana ok\u0142adka<\/strong> &#8211; Twoje zdj\u0119cie, imiona i data, cytat, kt\u00f3re zamieni\u0105 zwyk\u0142y album w pami\u0105tk\u0119 o wyj\u0105tkowym znaczeniu.<\/p>\n<\/li>\n<li data-start=\"1041\" data-end=\"1205\">\n<p data-start=\"1043\" data-end=\"1205\"><strong data-start=\"1043\" data-end=\"1085\">Karty w dw\u00f3ch wersjach kolorystycznych<\/strong> &#8211; wybierz <strong data-start=\"1096\" data-end=\"1106\">czarne<\/strong> (dla eleganckiego, kontrastowego efektu) lub <strong data-start=\"1152\" data-end=\"1167\">\u015bmietankowe<\/strong> (dla klasycznej, subtelnej oprawy).<\/p>\n<\/li>\n<li data-start=\"1206\" data-end=\"1314\">\n<p data-start=\"1208\" data-end=\"1314\"><strong data-start=\"1208\" data-end=\"1234\">Pergaminowe przek\u0142adki<\/strong> &#8211;\u00a0 oddzielaj\u0105 strony, chroni\u0105c zdj\u0119cia i dodaj\u0105c albumowi lekko\u015bci.<\/p>\n<\/li>\n<li data-start=\"1315\" data-end=\"1415\">\n<p data-start=\"1317\" data-end=\"1341\"><strong data-start=\"1317\" data-end=\"1339\">Dost\u0119pne warianty:<\/strong><\/p>\n<ul data-start=\"1344\" data-end=\"1415\">\n<li data-start=\"1344\" data-end=\"1366\">\n<p data-start=\"1346\" data-end=\"1366\">40 stron (20 kart)<\/p>\n<\/li>\n<li data-start=\"1369\" data-end=\"1391\">\n<p data-start=\"1371\" data-end=\"1391\">60 stron (30 kart)<\/p>\n<\/li>\n<li data-start=\"1394\" data-end=\"1415\">\n<p data-start=\"1396\" data-end=\"1415\">100 stron (50 kart)<\/p>\n<\/li>\n<\/ul>\n<\/li>\n<\/ul>\n<hr data-start=\"1417\" data-end=\"1420\" \/>\n<h4 data-start=\"1422\" data-end=\"1464\"><strong data-start=\"1427\" data-end=\"1464\">Dlaczego warto wybra\u0107 nasz album?<\/strong><\/h4>\n<p data-start=\"1466\" data-end=\"1808\">Album zosta\u0142 zaprojektowany z my\u015bl\u0105 o tych, kt\u00f3rzy ceni\u0105 jako\u015b\u0107 i estetyk\u0119. Grube karty pozwalaj\u0105 bezpiecznie wkleja\u0107 zdj\u0119cia, bilety czy notatki, a pergaminowe przek\u0142adki chroni\u0105 fotografie przed zniszczeniem.<br data-start=\"1676\" data-end=\"1679\" \/>Ka\u017cdy detal, od solidnej oprawy po staranne wyko\u0144czenie, sprawia, \u017ce to produkt, kt\u00f3ry b\u0119dzie cieszy\u0142 oczy przez d\u0142ugie lata.<\/p>\n<p data-start=\"1810\" data-end=\"2005\">Wy\u015blij swoje zdj\u0119cie na adres: <strong data-start=\"1841\" data-end=\"1863\"><a class=\"decorated-link cursor-pointer\" rel=\"noopener\" data-start=\"1843\" data-end=\"1861\">kontakt@clesheo.pl<\/a><\/strong> &#8211; dopasujemy je idealnie do ok\u0142adki.<br data-start=\"1900\" data-end=\"1903\" \/>Je\u015bli chcesz, mo\u017cemy przerobi\u0107 je <strong data-start=\"1937\" data-end=\"1956\">na czarno-bia\u0142e<\/strong> w stylu naszego wzoru &#8211; <strong data-start=\"1981\" data-end=\"2002\">zupe\u0142nie za darmo<\/strong>!<\/p>\n<hr data-start=\"2007\" data-end=\"2010\" \/>\n<h4 data-start=\"2012\" data-end=\"2036\"><strong data-start=\"2017\" data-end=\"2036\">Idealny prezent<\/strong><\/h4>\n<p data-start=\"2038\" data-end=\"2300\">Taki album to doskona\u0142y prezent na \u015blub, rocznic\u0119, urodziny czy po prostu dla kogo\u015b, komu chcesz podarowa\u0107 co\u015b osobistego i wyj\u0105tkowego.<\/p>\n<hr data-start=\"2302\" data-end=\"2305\" \/>\n<h4 data-start=\"2307\" data-end=\"2334\"><strong data-start=\"2312\" data-end=\"2334\">Szczeg\u00f3\u0142y produktu<\/strong><\/h4>\n<ul data-start=\"2336\" data-end=\"2560\">\n<li data-start=\"2336\" data-end=\"2366\">\n<p data-start=\"2338\" data-end=\"2366\"><strong data-start=\"2338\" data-end=\"2350\">Wymiary:<\/strong> 30 cm x 30 cm<\/p>\n<\/li>\n<li data-start=\"2367\" data-end=\"2412\">\n<p data-start=\"2369\" data-end=\"2412\"><strong data-start=\"2369\" data-end=\"2389\">Czas realizacji:<\/strong> ok. 10 dni roboczych<\/p>\n<\/li>\n<li data-start=\"2413\" data-end=\"2560\">\n<p data-start=\"2415\" data-end=\"2560\"><strong data-start=\"2415\" data-end=\"2477\">Ze wzgl\u0119du na personalizacj\u0119, produkt nie podlega zwrotom.<\/strong><br data-start=\"2477\" data-end=\"2480\" \/>Prosimy o przemy\u015blane zam\u00f3wienia,\u00a0 ka\u017cdy album tworzymy specjalnie dla Ciebie.<\/p>\n<\/li>\n<\/ul>\n<hr data-start=\"2562\" data-end=\"2565\" \/>\n<p data-start=\"2567\" data-end=\"2729\">Zobacz te\u017c inne nasze <strong data-start=\"2589\" data-end=\"2610\">albumy na zdj\u0119cia<\/strong>:<br data-start=\"2611\" data-end=\"2614\" \/>&#x1f449; <a class=\"decorated-link\" href=\"https:\/\/clesheo.pl\/product-category\/albumy-na-zdjecia\/\" target=\"_new\" rel=\"noopener\" data-start=\"2617\" data-end=\"2729\">https:\/\/clesheo.pl\/product-category\/albumy-na-zdjecia\/<\/a><\/p>\n<p data-start=\"2731\" data-end=\"2845\">A je\u015bli masz w\u0142asny pomys\u0142 na ok\u0142adk\u0119 \u2013 napisz do nas!<br data-start=\"2785\" data-end=\"2788\" \/>Uwielbiamy tworzy\u0107 razem z Wami: <strong data-start=\"2821\" data-end=\"2843\"><a class=\"decorated-link cursor-pointer\" rel=\"noopener\" data-start=\"2823\" data-end=\"2841\">kontakt@clesheo.pl<\/a><\/strong><\/p>\n<p data-start=\"2847\" data-end=\"3037\">Zajrzyj tak\u017ce do naszej kolekcji <strong data-start=\"2880\" data-end=\"2935\">album\u00f3w z personalizowanymi, p\u0142\u00f3ciennymi ok\u0142adkami:<\/strong><br data-start=\"2935\" data-end=\"2938\" \/>&#x1f449; <a class=\"decorated-link\" href=\"https:\/\/clesheo.pl\/shop\/album-dla-zakochanych\/\" target=\"_new\" rel=\"noopener\" data-start=\"2941\" data-end=\"3037\">https:\/\/clesheo.pl\/shop\/album-dla-zakochanych\/<\/a><\/p>\n<p data-start=\"3039\" data-end=\"3144\">B\u0105d\u017a na bie\u017c\u0105co z nowo\u015bciami i promocjami:<br data-start=\"3081\" data-end=\"3084\" \/>&#x1f4f8; <a class=\"decorated-link\" href=\"http:\/\/www.instagram.com\/clesheo\" target=\"_new\" rel=\"noopener\" data-start=\"3087\" data-end=\"3144\">instagram.com\/clesheo<\/a><\/p>\n","protected":false},"excerpt":{"rendered":"<p>Photo album 30\u00d730 cm<\/p>\n<p>40 pages layered with a parchment<\/p>\n<p>canvas cover<\/p>\n","protected":false},"featured_media":15111,"comment_status":"open","ping_status":"closed","template":"","meta":[],"product_brand":[],"product_cat":[51],"product_tag":[238,230,244,154,378,377,239,376,240,242,241,243,140,56,63,69,68,67],"class_list":{"0":"post-15103","1":"product","2":"type-product","3":"status-publish","4":"has-post-thumbnail","6":"product_cat-personalizowany-album-na-zdjecia","7":"product_tag-album-dla-chlopca","8":"product_tag-album-dla-dziewczynki","9":"product_tag-album-do-wklejania-zdjec","10":"product_tag-album-dziecka","11":"product_tag-album-na-zdjecia-dziecka-z-kwiatami","12":"product_tag-album-na-zdjecia-z-kwiatami","13":"product_tag-album-z-imieniem","14":"product_tag-album-z-kwiatami","15":"product_tag-albumy-na-zdjecia","16":"product_tag-foto-ksiazka","17":"product_tag-fotoksiazka","18":"product_tag-fotoksiazki","19":"product_tag-imie-dziecka","20":"product_tag-album-na-zdjecia","21":"product_tag-len","22":"product_tag-lniana-okladna","23":"product_tag-plocienna-okladka","24":"product_tag-wieloryb","26":"first","27":"instock","28":"shipping-taxable","29":"purchasable","30":"product-type-variable"},"yoast_head":"<!-- This site is optimized with the Yoast SEO plugin v23.6 - https:\/\/yoast.com\/wordpress\/plugins\/seo\/ -->\n<title>Classic photo album WILD ONE \u2013 Blue whale (Kopia)<\/title>\n<meta name=\"description\" content=\"Album na zdj\u0119cia z czarnymi kartami i zdj\u0119ciem na ok\u0142adce, personalizowana ok\u0142adka - Clesheo - naj\u0142adniejsze albumy na zdj\u0119cia\" \/>\n<meta name=\"robots\" content=\"index, follow, max-snippet:-1, max-image-preview:large, max-video-preview:-1\" \/>\n<link rel=\"canonical\" href=\"https:\/\/clesheo.pl\/en\/shop\/album-na-zdjecia-z-czarnymi-kartami\/\" \/>\n<meta property=\"og:locale\" content=\"en_US\" \/>\n<meta property=\"og:locale:alternate\" content=\"pl_PL\" \/>\n<meta property=\"og:type\" content=\"article\" \/>\n<meta property=\"og:title\" content=\"Classic photo album WILD ONE \u2013 Blue whale (Kopia)\" \/>\n<meta property=\"og:description\" content=\"Album na zdj\u0119cia z czarnymi kartami i zdj\u0119ciem na ok\u0142adce, personalizowana ok\u0142adka - Clesheo - naj\u0142adniejsze albumy na zdj\u0119cia\" \/>\n<meta property=\"og:url\" content=\"https:\/\/clesheo.pl\/en\/shop\/album-na-zdjecia-z-czarnymi-kartami\/\" \/>\n<meta property=\"og:site_name\" content=\"Clesheo\" \/>\n<meta property=\"article:modified_time\" content=\"2025-11-12T19:04:42+00:00\" \/>\n<meta property=\"og:image\" content=\"https:\/\/clesheo.pl\/wp-content\/uploads\/2025\/11\/Album-na-zdjecia-z-czarnymi-kartami.jpg\" \/>\n\t<meta property=\"og:image:width\" content=\"1134\" \/>\n\t<meta property=\"og:image:height\" content=\"1356\" \/>\n\t<meta property=\"og:image:type\" content=\"image\/jpeg\" \/>\n<meta name=\"twitter:card\" content=\"summary_large_image\" \/>\n<meta name=\"twitter:label1\" content=\"Est. reading time\" \/>\n\t<meta name=\"twitter:data1\" content=\"3 minutes\" \/>\n<script type=\"application\/ld+json\" class=\"yoast-schema-graph\">{\"@context\":\"https:\/\/schema.org\",\"@graph\":[{\"@type\":\"WebPage\",\"@id\":\"https:\/\/clesheo.pl\/shop\/album-na-zdjecia-z-czarnymi-kartami\/\",\"url\":\"https:\/\/clesheo.pl\/shop\/album-na-zdjecia-z-czarnymi-kartami\/\",\"name\":\"Classic photo album WILD ONE \u2013 Blue whale (Kopia)\",\"isPartOf\":{\"@id\":\"https:\/\/clesheo.pl\/#website\"},\"primaryImageOfPage\":{\"@id\":\"https:\/\/clesheo.pl\/shop\/album-na-zdjecia-z-czarnymi-kartami\/#primaryimage\"},\"image\":{\"@id\":\"https:\/\/clesheo.pl\/shop\/album-na-zdjecia-z-czarnymi-kartami\/#primaryimage\"},\"thumbnailUrl\":\"https:\/\/clesheo.pl\/wp-content\/uploads\/2025\/11\/Album-na-zdjecia-z-czarnymi-kartami.jpg\",\"datePublished\":\"2025-11-10T15:01:50+00:00\",\"dateModified\":\"2025-11-12T19:04:42+00:00\",\"description\":\"Album na zdj\u0119cia z czarnymi kartami i zdj\u0119ciem na ok\u0142adce, personalizowana ok\u0142adka - Clesheo - naj\u0142adniejsze albumy na zdj\u0119cia\",\"breadcrumb\":{\"@id\":\"https:\/\/clesheo.pl\/shop\/album-na-zdjecia-z-czarnymi-kartami\/#breadcrumb\"},\"inLanguage\":\"en-US\",\"potentialAction\":[{\"@type\":\"ReadAction\",\"target\":[\"https:\/\/clesheo.pl\/shop\/album-na-zdjecia-z-czarnymi-kartami\/\"]}]},{\"@type\":\"ImageObject\",\"inLanguage\":\"en-US\",\"@id\":\"https:\/\/clesheo.pl\/shop\/album-na-zdjecia-z-czarnymi-kartami\/#primaryimage\",\"url\":\"https:\/\/clesheo.pl\/wp-content\/uploads\/2025\/11\/Album-na-zdjecia-z-czarnymi-kartami.jpg\",\"contentUrl\":\"https:\/\/clesheo.pl\/wp-content\/uploads\/2025\/11\/Album-na-zdjecia-z-czarnymi-kartami.jpg\",\"width\":1134,\"height\":1356,\"caption\":\"Album na zdj\u0119cia z czarnymi kartami\"},{\"@type\":\"BreadcrumbList\",\"@id\":\"https:\/\/clesheo.pl\/shop\/album-na-zdjecia-z-czarnymi-kartami\/#breadcrumb\",\"itemListElement\":[{\"@type\":\"ListItem\",\"position\":1,\"name\":\"Strona g\u0142\u00f3wna\",\"item\":\"https:\/\/clesheo.pl\/\"},{\"@type\":\"ListItem\",\"position\":2,\"name\":\"Sklep\",\"item\":\"https:\/\/clesheo.pl\/sklep\/\"},{\"@type\":\"ListItem\",\"position\":3,\"name\":\"Album ze zdj\u0119ciem na ok\u0142adce\"}]},{\"@type\":\"WebSite\",\"@id\":\"https:\/\/clesheo.pl\/#website\",\"url\":\"https:\/\/clesheo.pl\/\",\"name\":\"Clesheo\",\"description\":\"\",\"potentialAction\":[{\"@type\":\"SearchAction\",\"target\":{\"@type\":\"EntryPoint\",\"urlTemplate\":\"https:\/\/clesheo.pl\/?s={search_term_string}\"},\"query-input\":{\"@type\":\"PropertyValueSpecification\",\"valueRequired\":true,\"valueName\":\"search_term_string\"}}],\"inLanguage\":\"en-US\"}]}<\/script>\n<!-- \/ Yoast SEO plugin. -->","yoast_head_json":{"title":"Classic photo album WILD ONE \u2013 Blue whale (Kopia)","description":"Album na zdj\u0119cia z czarnymi kartami i zdj\u0119ciem na ok\u0142adce, personalizowana ok\u0142adka - Clesheo - naj\u0142adniejsze albumy na zdj\u0119cia","robots":{"index":"index","follow":"follow","max-snippet":"max-snippet:-1","max-image-preview":"max-image-preview:large","max-video-preview":"max-video-preview:-1"},"canonical":"https:\/\/clesheo.pl\/en\/shop\/album-na-zdjecia-z-czarnymi-kartami\/","og_locale":"en_US","og_type":"article","og_title":"[:en]Classic photo album WILD ONE \u2013 Blue whale (Kopia)[:pl]Album ze zdj\u0119ciem na ok\u0142adce[:] - Clesheo","og_description":"[:pl]Album na zdj\u0119cia z czarnymi kartami i zdj\u0119ciem na ok\u0142adce, personalizowana ok\u0142adka - Clesheo - naj\u0142adniejsze albumy na zdj\u0119cia[:]","og_url":"https:\/\/clesheo.pl\/en\/shop\/album-na-zdjecia-z-czarnymi-kartami\/","og_site_name":"Clesheo","article_modified_time":"2025-11-12T19:04:42+00:00","og_image":[{"width":1134,"height":1356,"url":"https:\/\/clesheo.pl\/wp-content\/uploads\/2025\/11\/Album-na-zdjecia-z-czarnymi-kartami.jpg","type":"image\/jpeg"}],"twitter_card":"summary_large_image","twitter_misc":{"Est. reading time":"3 minutes"},"schema":{"@context":"https:\/\/schema.org","@graph":[{"@type":"WebPage","@id":"https:\/\/clesheo.pl\/shop\/album-na-zdjecia-z-czarnymi-kartami\/","url":"https:\/\/clesheo.pl\/shop\/album-na-zdjecia-z-czarnymi-kartami\/","name":"Classic photo album WILD ONE \u2013 Blue whale (Kopia)","isPartOf":{"@id":"https:\/\/clesheo.pl\/#website"},"primaryImageOfPage":{"@id":"https:\/\/clesheo.pl\/shop\/album-na-zdjecia-z-czarnymi-kartami\/#primaryimage"},"image":{"@id":"https:\/\/clesheo.pl\/shop\/album-na-zdjecia-z-czarnymi-kartami\/#primaryimage"},"thumbnailUrl":"https:\/\/clesheo.pl\/wp-content\/uploads\/2025\/11\/Album-na-zdjecia-z-czarnymi-kartami.jpg","datePublished":"2025-11-10T15:01:50+00:00","dateModified":"2025-11-12T19:04:42+00:00","description":"Album na zdj\u0119cia z czarnymi kartami i zdj\u0119ciem na ok\u0142adce, personalizowana ok\u0142adka - Clesheo - naj\u0142adniejsze albumy na zdj\u0119cia","breadcrumb":{"@id":"https:\/\/clesheo.pl\/shop\/album-na-zdjecia-z-czarnymi-kartami\/#breadcrumb"},"inLanguage":"en-US","potentialAction":[{"@type":"ReadAction","target":["https:\/\/clesheo.pl\/shop\/album-na-zdjecia-z-czarnymi-kartami\/"]}]},{"@type":"ImageObject","inLanguage":"en-US","@id":"https:\/\/clesheo.pl\/shop\/album-na-zdjecia-z-czarnymi-kartami\/#primaryimage","url":"https:\/\/clesheo.pl\/wp-content\/uploads\/2025\/11\/Album-na-zdjecia-z-czarnymi-kartami.jpg","contentUrl":"https:\/\/clesheo.pl\/wp-content\/uploads\/2025\/11\/Album-na-zdjecia-z-czarnymi-kartami.jpg","width":1134,"height":1356,"caption":"Album na zdj\u0119cia z czarnymi kartami"},{"@type":"BreadcrumbList","@id":"https:\/\/clesheo.pl\/shop\/album-na-zdjecia-z-czarnymi-kartami\/#breadcrumb","itemListElement":[{"@type":"ListItem","position":1,"name":"Strona g\u0142\u00f3wna","item":"https:\/\/clesheo.pl\/"},{"@type":"ListItem","position":2,"name":"Sklep","item":"https:\/\/clesheo.pl\/sklep\/"},{"@type":"ListItem","position":3,"name":"Album ze zdj\u0119ciem na ok\u0142adce"}]},{"@type":"WebSite","@id":"https:\/\/clesheo.pl\/#website","url":"https:\/\/clesheo.pl\/","name":"Clesheo","description":"","potentialAction":[{"@type":"SearchAction","target":{"@type":"EntryPoint","urlTemplate":"https:\/\/clesheo.pl\/?s={search_term_string}"},"query-input":{"@type":"PropertyValueSpecification","valueRequired":true,"valueName":"search_term_string"}}],"inLanguage":"en-US"}]}},"_links":{"self":[{"href":"https:\/\/clesheo.pl\/en\/wp-json\/wp\/v2\/product\/15103","targetHints":{"allow":["GET"]}}],"collection":[{"href":"https:\/\/clesheo.pl\/en\/wp-json\/wp\/v2\/product"}],"about":[{"href":"https:\/\/clesheo.pl\/en\/wp-json\/wp\/v2\/types\/product"}],"replies":[{"embeddable":true,"href":"https:\/\/clesheo.pl\/en\/wp-json\/wp\/v2\/comments?post=15103"}],"wp:featuredmedia":[{"embeddable":true,"href":"https:\/\/clesheo.pl\/en\/wp-json\/wp\/v2\/media\/15111"}],"wp:attachment":[{"href":"https:\/\/clesheo.pl\/en\/wp-json\/wp\/v2\/media?parent=15103"}],"wp:term":[{"taxonomy":"product_brand","embeddable":true,"href":"https:\/\/clesheo.pl\/en\/wp-json\/wp\/v2\/product_brand?post=15103"},{"taxonomy":"product_cat","embeddable":true,"href":"https:\/\/clesheo.pl\/en\/wp-json\/wp\/v2\/product_cat?post=15103"},{"taxonomy":"product_tag","embeddable":true,"href":"https:\/\/clesheo.pl\/en\/wp-json\/wp\/v2\/product_tag?post=15103"}],"curies":[{"name":"wp","href":"https:\/\/api.w.org\/{rel}","templated":true}]}}