{"id":15122,"date":"2026-01-02T18:09:54","date_gmt":"2026-01-02T17:09:54","guid":{"rendered":"https:\/\/clesheo.pl\/?post_type=product&#038;p=15122"},"modified":"2026-01-02T18:25:12","modified_gmt":"2026-01-02T17:25:12","slug":"album-dla-dziecka","status":"publish","type":"product","link":"https:\/\/clesheo.pl\/en\/shop\/album-dla-dziecka\/","title":{"rendered":"Classic photo album WILD ONE \u2013 Blue whale (Kopia)"},"content":{"rendered":"<h3 data-start=\"262\" data-end=\"321\"><\/h3>\n<h4 data-start=\"554\" data-end=\"576\"><strong data-start=\"559\" data-end=\"576\">Pierwsze chwile s\u0105 najwa\u017cniejsze. Album fotograficzny \u201eOh Baby\u201d to wyj\u0105tkowe miejsce na zachowanie wspomnie\u0144 z pierwszych dni \u017cycia dziecka \u2013 od narodzin, przez pierwsze u\u015bmiechy, a\u017c po drobne, codzienne momenty, kt\u00f3re z czasem staj\u0105 si\u0119 bezcenne.<\/strong><\/h4>\n<hr data-start=\"878\" data-end=\"881\" \/>\n<h4 data-start=\"883\" data-end=\"912\"><strong data-start=\"888\" data-end=\"912\">Najwa\u017cniejsze cechy:<\/strong><\/h4>\n<ul data-start=\"914\" data-end=\"1415\">\n<li data-start=\"1041\" data-end=\"1205\">\n<p data-start=\"1043\" data-end=\"1205\"><strong data-start=\"1043\" data-end=\"1085\">Karty w dw\u00f3ch wersjach kolorystycznych<\/strong> &#8211; wybierz <strong data-start=\"1096\" data-end=\"1106\">czarne<\/strong> (dla eleganckiego, kontrastowego efektu) lub <strong data-start=\"1152\" data-end=\"1167\">\u015bmietankowe<\/strong> (dla klasycznej, subtelnej oprawy)<\/p>\n<\/li>\n<li data-start=\"1041\" data-end=\"1205\"><strong data-start=\"1524\" data-end=\"1548\">Grube, solidne karty<\/strong> \u2013 idealne nie tylko na zdj\u0119cia, ale te\u017c pierwsze pami\u0105tki: opaski ze szpitala, kartki, notatki czy drobne wspomnienia<\/li>\n<li data-start=\"1206\" data-end=\"1314\">\n<p data-start=\"1208\" data-end=\"1314\"><strong data-start=\"1208\" data-end=\"1234\">Pergaminowe przek\u0142adki<\/strong> &#8211;\u00a0 oddzielaj\u0105 strony, chroni\u0105c zdj\u0119cia i dodaj\u0105c albumowi lekko\u015bci.<\/p>\n<\/li>\n<li data-start=\"1315\" data-end=\"1415\">\n<p data-start=\"1317\" data-end=\"1341\"><strong data-start=\"1317\" data-end=\"1339\">Dost\u0119pne warianty:<\/strong><\/p>\n<ul data-start=\"1344\" data-end=\"1415\">\n<li data-start=\"1344\" data-end=\"1366\">\n<p data-start=\"1346\" data-end=\"1366\">40 stron (20 kart)<\/p>\n<\/li>\n<li data-start=\"1369\" data-end=\"1391\">\n<p data-start=\"1371\" data-end=\"1391\">60 stron (30 kart)<\/p>\n<\/li>\n<li data-start=\"1394\" data-end=\"1415\">\n<p data-start=\"1396\" data-end=\"1415\">100 stron (50 kart)<\/p>\n<\/li>\n<\/ul>\n<\/li>\n<\/ul>\n<hr data-start=\"1417\" data-end=\"1420\" \/>\n<h3 data-start=\"1772\" data-end=\"1814\">Dlaczego warto wybra\u0107 album \u201eOh Baby\u201d?<\/h3>\n<p data-start=\"1816\" data-end=\"2109\">Ten album dla dziecka zosta\u0142 zaprojektowany z my\u015bl\u0105 o rodzicach, kt\u00f3rzy ceni\u0105 <strong data-start=\"1894\" data-end=\"1948\">jako\u015b\u0107, estetyk\u0119 i emocjonaln\u0105 warto\u015b\u0107 przedmiot\u00f3w<\/strong>. Ka\u017cdy detal sprawia, \u017ce album staje si\u0119 pami\u0105tk\u0105 na ca\u0142e \u017cycie, do kt\u00f3rej z rado\u015bci\u0105 b\u0119dziecie wraca\u0107 po latach.<\/p>\n<p data-start=\"1810\" data-end=\"2005\">Wy\u015blij swoje zdj\u0119cie na adres: <strong data-start=\"1841\" data-end=\"1863\"><a class=\"decorated-link cursor-pointer\" rel=\"noopener\" data-start=\"1843\" data-end=\"1861\">kontakt@clesheo.pl<\/a><\/strong> &#8211; dopasujemy je idealnie do ok\u0142adki.<br data-start=\"1900\" data-end=\"1903\" \/>Je\u015bli chcesz, mo\u017cemy przerobi\u0107 je <strong data-start=\"1937\" data-end=\"1956\">na czarno-bia\u0142e<\/strong> w stylu naszego wzoru &#8211; <strong data-start=\"1981\" data-end=\"2002\">zupe\u0142nie za darmo<\/strong>!<\/p>\n<hr data-start=\"2007\" data-end=\"2010\" \/>\n<h3 data-start=\"2428\" data-end=\"2447\">Idealny prezent<\/h3>\n<p data-start=\"2449\" data-end=\"2503\">Album fotograficzny \u201eOh Baby\u201d to doskona\u0142y prezent na:<\/p>\n<ul data-start=\"2504\" data-end=\"2575\">\n<li data-start=\"2504\" data-end=\"2525\">\n<p data-start=\"2506\" data-end=\"2525\">narodziny dziecka<\/p>\n<\/li>\n<li data-start=\"2526\" data-end=\"2541\">\n<p data-start=\"2528\" data-end=\"2541\">baby shower<\/p>\n<\/li>\n<li data-start=\"2542\" data-end=\"2553\">\n<p data-start=\"2544\" data-end=\"2553\">chrzest<\/p>\n<\/li>\n<li data-start=\"2554\" data-end=\"2575\">\n<p data-start=\"2556\" data-end=\"2575\">pierwsze urodziny<\/p>\n<\/li>\n<\/ul>\n<hr data-start=\"2302\" data-end=\"2305\" \/>\n<h4 data-start=\"2307\" data-end=\"2334\"><strong data-start=\"2312\" data-end=\"2334\">Szczeg\u00f3\u0142y produktu<\/strong><\/h4>\n<ul data-start=\"2336\" data-end=\"2560\">\n<li data-start=\"2336\" data-end=\"2366\">\n<p data-start=\"2338\" data-end=\"2366\"><strong data-start=\"2338\" data-end=\"2350\">Wymiary:<\/strong> 30 cm x 30 cm<\/p>\n<\/li>\n<li data-start=\"2367\" data-end=\"2412\">\n<p data-start=\"2369\" data-end=\"2412\"><strong data-start=\"2369\" data-end=\"2389\">Czas realizacji:<\/strong> ok. 10 dni roboczych + wysy\u0142ka kurierska<\/p>\n<\/li>\n<li data-start=\"2413\" data-end=\"2560\">\n<p data-start=\"2415\" data-end=\"2560\"><strong data-start=\"2415\" data-end=\"2477\">Ze wzgl\u0119du na personalizacj\u0119 (kolor oraz ilo\u015b\u0107 kart), produkt nie podlega zwrotom.<\/strong><br data-start=\"2477\" data-end=\"2480\" \/>Prosimy o przemy\u015blane zam\u00f3wienia,\u00a0 ka\u017cdy album tworzymy specjalnie dla Ciebie.<\/p>\n<\/li>\n<\/ul>\n<hr data-start=\"2562\" data-end=\"2565\" \/>\n<p data-start=\"2567\" data-end=\"2729\">Zobacz te\u017c inne nasze <strong data-start=\"2589\" data-end=\"2610\">albumy na zdj\u0119cia<\/strong>:<br data-start=\"2611\" data-end=\"2614\" \/>&#x1f449; <a class=\"decorated-link\" href=\"https:\/\/clesheo.pl\/product-category\/albumy-na-zdjecia\/\" target=\"_new\" rel=\"noopener\" data-start=\"2617\" data-end=\"2729\">https:\/\/clesheo.pl\/product-category\/albumy-na-zdjecia\/<\/a><\/p>\n<p data-start=\"2731\" data-end=\"2845\">A je\u015bli masz w\u0142asny pomys\u0142 na ok\u0142adk\u0119 \u2013 napisz do nas!<br data-start=\"2785\" data-end=\"2788\" \/>Uwielbiamy tworzy\u0107 razem z Wami: <strong data-start=\"2821\" data-end=\"2843\"><a class=\"decorated-link cursor-pointer\" rel=\"noopener\" data-start=\"2823\" data-end=\"2841\">kontakt@clesheo.pl<\/a><\/strong><\/p>\n<p data-start=\"2847\" data-end=\"3037\">Zajrzyj tak\u017ce do naszej kolekcji <strong data-start=\"2880\" data-end=\"2935\">album\u00f3w z personalizowanymi, p\u0142\u00f3ciennymi ok\u0142adkami:<\/strong><br data-start=\"2935\" data-end=\"2938\" \/>&#x1f449; <a class=\"decorated-link\" href=\"https:\/\/clesheo.pl\/shop\/album-dla-zakochanych\/\" target=\"_new\" rel=\"noopener\" data-start=\"2941\" data-end=\"3037\">https:\/\/clesheo.pl\/shop\/album-dla-zakochanych\/<\/a><\/p>\n<p data-start=\"3039\" data-end=\"3144\">B\u0105d\u017a na bie\u017c\u0105co z nowo\u015bciami i promocjami:<br data-start=\"3081\" data-end=\"3084\" \/>&#x1f4f8; <a class=\"decorated-link\" href=\"http:\/\/www.instagram.com\/clesheo\" target=\"_new\" rel=\"noopener\" data-start=\"3087\" data-end=\"3144\">instagram.com\/clesheo<\/a><\/p>\n","protected":false},"excerpt":{"rendered":"<p>Photo album 30\u00d730 cm<\/p>\n<p>40 pages layered with a parchment<\/p>\n<p>canvas cover<\/p>\n","protected":false},"featured_media":15129,"comment_status":"open","ping_status":"closed","template":"","meta":[],"product_brand":[496],"product_cat":[495],"product_tag":[238,230,244,154,378,377,239,376,240,242,241,243,140,56,63,69,68,67],"class_list":{"0":"post-15122","1":"product","2":"type-product","3":"status-publish","4":"has-post-thumbnail","6":"product_brand-clesheo","7":"product_cat-album-fotograficzny","8":"product_tag-album-dla-chlopca","9":"product_tag-album-dla-dziewczynki","10":"product_tag-album-do-wklejania-zdjec","11":"product_tag-album-dziecka","12":"product_tag-album-na-zdjecia-dziecka-z-kwiatami","13":"product_tag-album-na-zdjecia-z-kwiatami","14":"product_tag-album-z-imieniem","15":"product_tag-album-z-kwiatami","16":"product_tag-albumy-na-zdjecia","17":"product_tag-foto-ksiazka","18":"product_tag-fotoksiazka","19":"product_tag-fotoksiazki","20":"product_tag-imie-dziecka","21":"product_tag-album-na-zdjecia","22":"product_tag-len","23":"product_tag-lniana-okladna","24":"product_tag-plocienna-okladka","25":"product_tag-wieloryb","27":"first","28":"instock","29":"shipping-taxable","30":"purchasable","31":"product-type-variable"},"yoast_head":"<!-- This site is optimized with the Yoast SEO plugin v23.6 - https:\/\/yoast.com\/wordpress\/plugins\/seo\/ -->\n<title>Classic photo album WILD ONE \u2013 Blue whale (Kopia)<\/title>\n<meta name=\"description\" content=\"Album fotograficzny Oh Baby album dla dziecka z czarnymi lub \u015bmietankowymi kartami. Idealny na pierwsze wspomnienia i wyj\u0105tkowy prezent.\" \/>\n<meta name=\"robots\" content=\"index, follow, max-snippet:-1, max-image-preview:large, max-video-preview:-1\" \/>\n<link rel=\"canonical\" href=\"https:\/\/clesheo.pl\/en\/shop\/album-dla-dziecka\/\" \/>\n<meta property=\"og:locale\" content=\"en_US\" \/>\n<meta property=\"og:locale:alternate\" content=\"pl_PL\" \/>\n<meta property=\"og:type\" content=\"article\" \/>\n<meta property=\"og:title\" content=\"Classic photo album WILD ONE \u2013 Blue whale (Kopia)\" \/>\n<meta property=\"og:description\" content=\"Album fotograficzny Oh Baby album dla dziecka z czarnymi lub \u015bmietankowymi kartami. Idealny na pierwsze wspomnienia i wyj\u0105tkowy prezent.\" \/>\n<meta property=\"og:url\" content=\"https:\/\/clesheo.pl\/en\/shop\/album-dla-dziecka\/\" \/>\n<meta property=\"og:site_name\" content=\"Clesheo\" \/>\n<meta property=\"article:modified_time\" content=\"2026-01-02T17:25:12+00:00\" \/>\n<meta property=\"og:image\" content=\"https:\/\/clesheo.pl\/wp-content\/uploads\/2026\/01\/Album-dla-dziecka-oh-baby.png\" \/>\n\t<meta property=\"og:image:width\" content=\"1024\" \/>\n\t<meta property=\"og:image:height\" content=\"1024\" \/>\n\t<meta property=\"og:image:type\" content=\"image\/png\" \/>\n<meta name=\"twitter:card\" content=\"summary_large_image\" \/>\n<meta name=\"twitter:label1\" content=\"Est. reading time\" \/>\n\t<meta name=\"twitter:data1\" content=\"2 minutes\" \/>\n<script type=\"application\/ld+json\" class=\"yoast-schema-graph\">{\"@context\":\"https:\/\/schema.org\",\"@graph\":[{\"@type\":\"WebPage\",\"@id\":\"https:\/\/clesheo.pl\/shop\/album-dla-dziecka\/\",\"url\":\"https:\/\/clesheo.pl\/shop\/album-dla-dziecka\/\",\"name\":\"Classic photo album WILD ONE \u2013 Blue whale (Kopia)\",\"isPartOf\":{\"@id\":\"https:\/\/clesheo.pl\/#website\"},\"primaryImageOfPage\":{\"@id\":\"https:\/\/clesheo.pl\/shop\/album-dla-dziecka\/#primaryimage\"},\"image\":{\"@id\":\"https:\/\/clesheo.pl\/shop\/album-dla-dziecka\/#primaryimage\"},\"thumbnailUrl\":\"https:\/\/clesheo.pl\/wp-content\/uploads\/2026\/01\/Album-dla-dziecka-oh-baby.png\",\"datePublished\":\"2026-01-02T17:09:54+00:00\",\"dateModified\":\"2026-01-02T17:25:12+00:00\",\"description\":\"Album fotograficzny Oh Baby album dla dziecka z czarnymi lub \u015bmietankowymi kartami. Idealny na pierwsze wspomnienia i wyj\u0105tkowy prezent.\",\"breadcrumb\":{\"@id\":\"https:\/\/clesheo.pl\/shop\/album-dla-dziecka\/#breadcrumb\"},\"inLanguage\":\"en-US\",\"potentialAction\":[{\"@type\":\"ReadAction\",\"target\":[\"https:\/\/clesheo.pl\/shop\/album-dla-dziecka\/\"]}]},{\"@type\":\"ImageObject\",\"inLanguage\":\"en-US\",\"@id\":\"https:\/\/clesheo.pl\/shop\/album-dla-dziecka\/#primaryimage\",\"url\":\"https:\/\/clesheo.pl\/wp-content\/uploads\/2026\/01\/Album-dla-dziecka-oh-baby.png\",\"contentUrl\":\"https:\/\/clesheo.pl\/wp-content\/uploads\/2026\/01\/Album-dla-dziecka-oh-baby.png\",\"width\":1024,\"height\":1024,\"caption\":\"Album dla dziecka oh baby\"},{\"@type\":\"BreadcrumbList\",\"@id\":\"https:\/\/clesheo.pl\/shop\/album-dla-dziecka\/#breadcrumb\",\"itemListElement\":[{\"@type\":\"ListItem\",\"position\":1,\"name\":\"Strona g\u0142\u00f3wna\",\"item\":\"https:\/\/clesheo.pl\/\"},{\"@type\":\"ListItem\",\"position\":2,\"name\":\"Sklep\",\"item\":\"https:\/\/clesheo.pl\/sklep\/\"},{\"@type\":\"ListItem\",\"position\":3,\"name\":\"Album dla dziecka OH BABY\"}]},{\"@type\":\"WebSite\",\"@id\":\"https:\/\/clesheo.pl\/#website\",\"url\":\"https:\/\/clesheo.pl\/\",\"name\":\"Clesheo\",\"description\":\"\",\"potentialAction\":[{\"@type\":\"SearchAction\",\"target\":{\"@type\":\"EntryPoint\",\"urlTemplate\":\"https:\/\/clesheo.pl\/?s={search_term_string}\"},\"query-input\":{\"@type\":\"PropertyValueSpecification\",\"valueRequired\":true,\"valueName\":\"search_term_string\"}}],\"inLanguage\":\"en-US\"}]}<\/script>\n<!-- \/ Yoast SEO plugin. -->","yoast_head_json":{"title":"Classic photo album WILD ONE \u2013 Blue whale (Kopia)","description":"Album fotograficzny Oh Baby album dla dziecka z czarnymi lub \u015bmietankowymi kartami. Idealny na pierwsze wspomnienia i wyj\u0105tkowy prezent.","robots":{"index":"index","follow":"follow","max-snippet":"max-snippet:-1","max-image-preview":"max-image-preview:large","max-video-preview":"max-video-preview:-1"},"canonical":"https:\/\/clesheo.pl\/en\/shop\/album-dla-dziecka\/","og_locale":"en_US","og_type":"article","og_title":"[:en]Classic photo album WILD ONE \u2013 Blue whale (Kopia)[:pl]Album dla dziecka OH BABY[:] - Clesheo","og_description":"[:pl]Album fotograficzny Oh Baby album dla dziecka z czarnymi lub \u015bmietankowymi kartami. Idealny na pierwsze wspomnienia i wyj\u0105tkowy prezent.[:]","og_url":"https:\/\/clesheo.pl\/en\/shop\/album-dla-dziecka\/","og_site_name":"Clesheo","article_modified_time":"2026-01-02T17:25:12+00:00","og_image":[{"width":1024,"height":1024,"url":"https:\/\/clesheo.pl\/wp-content\/uploads\/2026\/01\/Album-dla-dziecka-oh-baby.png","type":"image\/png"}],"twitter_card":"summary_large_image","twitter_misc":{"Est. reading time":"2 minutes"},"schema":{"@context":"https:\/\/schema.org","@graph":[{"@type":"WebPage","@id":"https:\/\/clesheo.pl\/shop\/album-dla-dziecka\/","url":"https:\/\/clesheo.pl\/shop\/album-dla-dziecka\/","name":"Classic photo album WILD ONE \u2013 Blue whale (Kopia)","isPartOf":{"@id":"https:\/\/clesheo.pl\/#website"},"primaryImageOfPage":{"@id":"https:\/\/clesheo.pl\/shop\/album-dla-dziecka\/#primaryimage"},"image":{"@id":"https:\/\/clesheo.pl\/shop\/album-dla-dziecka\/#primaryimage"},"thumbnailUrl":"https:\/\/clesheo.pl\/wp-content\/uploads\/2026\/01\/Album-dla-dziecka-oh-baby.png","datePublished":"2026-01-02T17:09:54+00:00","dateModified":"2026-01-02T17:25:12+00:00","description":"Album fotograficzny Oh Baby album dla dziecka z czarnymi lub \u015bmietankowymi kartami. Idealny na pierwsze wspomnienia i wyj\u0105tkowy prezent.","breadcrumb":{"@id":"https:\/\/clesheo.pl\/shop\/album-dla-dziecka\/#breadcrumb"},"inLanguage":"en-US","potentialAction":[{"@type":"ReadAction","target":["https:\/\/clesheo.pl\/shop\/album-dla-dziecka\/"]}]},{"@type":"ImageObject","inLanguage":"en-US","@id":"https:\/\/clesheo.pl\/shop\/album-dla-dziecka\/#primaryimage","url":"https:\/\/clesheo.pl\/wp-content\/uploads\/2026\/01\/Album-dla-dziecka-oh-baby.png","contentUrl":"https:\/\/clesheo.pl\/wp-content\/uploads\/2026\/01\/Album-dla-dziecka-oh-baby.png","width":1024,"height":1024,"caption":"Album dla dziecka oh baby"},{"@type":"BreadcrumbList","@id":"https:\/\/clesheo.pl\/shop\/album-dla-dziecka\/#breadcrumb","itemListElement":[{"@type":"ListItem","position":1,"name":"Strona g\u0142\u00f3wna","item":"https:\/\/clesheo.pl\/"},{"@type":"ListItem","position":2,"name":"Sklep","item":"https:\/\/clesheo.pl\/sklep\/"},{"@type":"ListItem","position":3,"name":"Album dla dziecka OH BABY"}]},{"@type":"WebSite","@id":"https:\/\/clesheo.pl\/#website","url":"https:\/\/clesheo.pl\/","name":"Clesheo","description":"","potentialAction":[{"@type":"SearchAction","target":{"@type":"EntryPoint","urlTemplate":"https:\/\/clesheo.pl\/?s={search_term_string}"},"query-input":{"@type":"PropertyValueSpecification","valueRequired":true,"valueName":"search_term_string"}}],"inLanguage":"en-US"}]}},"_links":{"self":[{"href":"https:\/\/clesheo.pl\/en\/wp-json\/wp\/v2\/product\/15122","targetHints":{"allow":["GET"]}}],"collection":[{"href":"https:\/\/clesheo.pl\/en\/wp-json\/wp\/v2\/product"}],"about":[{"href":"https:\/\/clesheo.pl\/en\/wp-json\/wp\/v2\/types\/product"}],"replies":[{"embeddable":true,"href":"https:\/\/clesheo.pl\/en\/wp-json\/wp\/v2\/comments?post=15122"}],"wp:featuredmedia":[{"embeddable":true,"href":"https:\/\/clesheo.pl\/en\/wp-json\/wp\/v2\/media\/15129"}],"wp:attachment":[{"href":"https:\/\/clesheo.pl\/en\/wp-json\/wp\/v2\/media?parent=15122"}],"wp:term":[{"taxonomy":"product_brand","embeddable":true,"href":"https:\/\/clesheo.pl\/en\/wp-json\/wp\/v2\/product_brand?post=15122"},{"taxonomy":"product_cat","embeddable":true,"href":"https:\/\/clesheo.pl\/en\/wp-json\/wp\/v2\/product_cat?post=15122"},{"taxonomy":"product_tag","embeddable":true,"href":"https:\/\/clesheo.pl\/en\/wp-json\/wp\/v2\/product_tag?post=15122"}],"curies":[{"name":"wp","href":"https:\/\/api.w.org\/{rel}","templated":true}]}}