{"id":3727,"date":"2019-11-09T16:34:13","date_gmt":"2019-11-09T15:34:13","guid":{"rendered":"https:\/\/clesheo.pl\/?post_type=product&#038;p=3727"},"modified":"2025-10-08T19:15:49","modified_gmt":"2025-10-08T17:15:49","slug":"listy-do-ciebie-clesheo-pamietnik","status":"publish","type":"product","link":"https:\/\/clesheo.pl\/en\/shop\/listy-do-ciebie-clesheo-pamietnik\/","title":{"rendered":"LISTY DO CIEBIE"},"content":{"rendered":"<p>Listy do Ciebie<\/p>\n<p>A gdyby\u015b tak mia\u0142a napisa\u0107 dzi\u015b list do swojego dziecka, list, kt\u00f3ry zostanie odczytany za 20 lat, na przyk\u0142ad w dniu jego \u015blubu&#8230;<\/p>\n<p>Listy do Ciebie<br \/>\nTo nasza kolejna propozycja dla mam, kt\u00f3re lubi\u0105 przechowywa\u0107 swoje wspomnienia na papierze. Ksi\u0105\u017cka w formacie 20&#215;30 cm w p\u0142\u00f3ciennej oprawie, mo\u017ce zawiera\u0107 20, 40 lub 60 stron z miejscem na listy do Twojego dziecka <span class=\"_5mfr\"><span class=\"_6qdm\">&#x1f49b;<\/span><\/span><\/p>\n<p>Oprawa<\/p>\n<p>Twoje Listy do Ciebie mog\u0105 zosta\u0107 oprawione w wybrane przez Ciebie p\u0142\u00f3tno.<\/p>\n<p>Do wyboru:<\/p>\n<ul>\n<li>01 przygaszony r\u00f3\u017c<\/li>\n<li>02 szampan<\/li>\n<li>03 bia\u0142e cappuccino<\/li>\n<li>04 przydymiony lilak<\/li>\n<li>05 popielaty<\/li>\n<li>06 delikatny szary<\/li>\n<\/ul>\n<p>Dost\u0119pne opcje kolorystyczne ok\u0142adek:<\/p>\n<div id=\"attachment_13285\" style=\"width: 310px\"  class=\"wp-caption aligncenter\"><img decoding=\"async\" class=\"size-medium wp-image-13285 lazyload\" data-src=\"https:\/\/clesheo.pl\/wp-content\/uploads\/2020\/03\/paleta-okadek-aksamitnych-300x230.jpg\" alt=\"Pami\u0119tnik dla dziecka w milusiej ok\u0142adce\" width=\"300\" height=\"230\" data-srcset=\"https:\/\/clesheo.pl\/wp-content\/uploads\/2020\/03\/paleta-okadek-aksamitnych-300x230.jpg 300w, https:\/\/clesheo.pl\/wp-content\/uploads\/2020\/03\/paleta-okadek-aksamitnych-1024x784.jpg 1024w, https:\/\/clesheo.pl\/wp-content\/uploads\/2020\/03\/paleta-okadek-aksamitnych-768x588.jpg 768w, https:\/\/clesheo.pl\/wp-content\/uploads\/2020\/03\/paleta-okadek-aksamitnych-1536x1176.jpg 1536w, https:\/\/clesheo.pl\/wp-content\/uploads\/2020\/03\/paleta-okadek-aksamitnych-600x460.jpg 600w, https:\/\/clesheo.pl\/wp-content\/uploads\/2020\/03\/paleta-okadek-aksamitnych.jpg 2020w\" data-sizes=\"(max-width: 300px) 100vw, 300px\" src=\"data:image\/svg+xml;base64,PHN2ZyB3aWR0aD0iMSIgaGVpZ2h0PSIxIiB4bWxucz0iaHR0cDovL3d3dy53My5vcmcvMjAwMC9zdmciPjwvc3ZnPg==\" style=\"--smush-placeholder-width: 300px; --smush-placeholder-aspect-ratio: 300\/230;\" \/><p class=\"wp-caption-text\">Pami\u0119tnik noworodka w milutkiej ok\u0142adce<\/p><\/div>\n<div id=\"attachment_11742\" style=\"width: 310px\"  class=\"wp-caption alignnone\"><img decoding=\"async\" class=\"size-medium wp-image-11742 lazyload\" data-src=\"https:\/\/clesheo.pl\/wp-content\/uploads\/2019\/07\/Paleta-kolor\u00f3w-ok\u0142adek-album\u00f3w-tradycyjnych-300x227.jpg\" alt=\"Album na zdj\u0119cia paleta kolor\u00f3w ok\u0142adek\" width=\"300\" height=\"227\" data-srcset=\"https:\/\/clesheo.pl\/wp-content\/uploads\/2019\/07\/Paleta-kolor\u00f3w-ok\u0142adek-album\u00f3w-tradycyjnych-300x227.jpg 300w, https:\/\/clesheo.pl\/wp-content\/uploads\/2019\/07\/Paleta-kolor\u00f3w-ok\u0142adek-album\u00f3w-tradycyjnych-1024x776.jpg 1024w, https:\/\/clesheo.pl\/wp-content\/uploads\/2019\/07\/Paleta-kolor\u00f3w-ok\u0142adek-album\u00f3w-tradycyjnych-768x582.jpg 768w, https:\/\/clesheo.pl\/wp-content\/uploads\/2019\/07\/Paleta-kolor\u00f3w-ok\u0142adek-album\u00f3w-tradycyjnych-600x454.jpg 600w, https:\/\/clesheo.pl\/wp-content\/uploads\/2019\/07\/Paleta-kolor\u00f3w-ok\u0142adek-album\u00f3w-tradycyjnych.jpg 1171w\" data-sizes=\"(max-width: 300px) 100vw, 300px\" src=\"data:image\/svg+xml;base64,PHN2ZyB3aWR0aD0iMSIgaGVpZ2h0PSIxIiB4bWxucz0iaHR0cDovL3d3dy53My5vcmcvMjAwMC9zdmciPjwvc3ZnPg==\" style=\"--smush-placeholder-width: 300px; --smush-placeholder-aspect-ratio: 300\/227;\" \/><p class=\"wp-caption-text\">Album na zdj\u0119cia paleta kolor\u00f3w ok\u0142adek<\/p><\/div>\n<p>&nbsp;<\/p>\n<p>Czas realizacji zam\u00f3wie\u0144 to oko\u0142o 10 dni roboczych oraz 1-2 dni wysy\u0142ki.<\/p>\n<p>Wszystkie produkty dost\u0119pne w naszym sklepie tworzone s\u0105 na zam\u00f3wienie. Prosimy o dokonywanie przemy\u015blanych zakup\u00f3w, poniewa\u017c produkty takie nie podlegaj\u0105 zwrotom.<\/p>\n","protected":false},"excerpt":{"rendered":"<p>Ksi\u0105\u017cka w formacie 20&#215;30 cm w p\u0142\u00f3ciennej oprawie, zawiera 18 stron z miejscem na listy do Twojego dziecka\u00a0<span class=\"_5mfr\"><span class=\"_6qdm\">&#x1f49b;<\/span><\/span><\/p>\n","protected":false},"featured_media":5054,"comment_status":"open","ping_status":"closed","template":"","meta":[],"product_brand":[],"product_cat":[],"product_tag":[93,94,95,96,91,92,97],"class_list":{"0":"post-3727","1":"product","2":"type-product","3":"status-publish","4":"has-post-thumbnail","6":"product_tag-baby-book","7":"product_tag-baby-shower","8":"product_tag-ciaza","9":"product_tag-dziecko","10":"product_tag-listy-do-ciebie","11":"product_tag-pamietnik","12":"product_tag-prezent","14":"first","15":"instock","16":"shipping-taxable","17":"purchasable","18":"product-type-variable"},"yoast_head":"<!-- This site is optimized with the Yoast SEO plugin v23.6 - https:\/\/yoast.com\/wordpress\/plugins\/seo\/ -->\n<title>LISTY DO CIEBIE<\/title>\n<meta name=\"description\" content=\"Listy do Ciebie, Ksi\u0105\u017cka w formacie 20x30 cm w p\u0142\u00f3ciennej oprawie, zawiera 18 stron z miejscem na listy do Twojego dziecka\" \/>\n<meta name=\"robots\" content=\"index, follow, max-snippet:-1, max-image-preview:large, max-video-preview:-1\" \/>\n<link rel=\"canonical\" href=\"https:\/\/clesheo.pl\/en\/shop\/listy-do-ciebie-clesheo-pamietnik\/\" \/>\n<meta property=\"og:locale\" content=\"en_US\" \/>\n<meta property=\"og:locale:alternate\" content=\"pl_PL\" \/>\n<meta property=\"og:type\" content=\"article\" \/>\n<meta property=\"og:title\" content=\"LISTY DO CIEBIE\" \/>\n<meta property=\"og:description\" content=\"Listy do Ciebie, Ksi\u0105\u017cka w formacie 20x30 cm w p\u0142\u00f3ciennej oprawie, zawiera 18 stron z miejscem na listy do Twojego dziecka\" \/>\n<meta property=\"og:url\" content=\"https:\/\/clesheo.pl\/en\/shop\/listy-do-ciebie-clesheo-pamietnik\/\" \/>\n<meta property=\"og:site_name\" content=\"Clesheo\" \/>\n<meta property=\"article:modified_time\" content=\"2025-10-08T17:15:49+00:00\" \/>\n<meta property=\"og:image\" content=\"https:\/\/clesheo.pl\/wp-content\/uploads\/2019\/11\/IMG_0939-2.jpg\" \/>\n\t<meta property=\"og:image:width\" content=\"2560\" \/>\n\t<meta property=\"og:image:height\" content=\"1707\" \/>\n\t<meta property=\"og:image:type\" content=\"image\/jpeg\" \/>\n<meta name=\"twitter:card\" content=\"summary_large_image\" \/>\n<meta name=\"twitter:label1\" content=\"Est. reading time\" \/>\n\t<meta name=\"twitter:data1\" content=\"2 minutes\" \/>\n<script type=\"application\/ld+json\" class=\"yoast-schema-graph\">{\"@context\":\"https:\/\/schema.org\",\"@graph\":[{\"@type\":\"WebPage\",\"@id\":\"https:\/\/clesheo.pl\/en\/shop\/listy-do-ciebie-clesheo-pamietnik\/\",\"url\":\"https:\/\/clesheo.pl\/en\/shop\/listy-do-ciebie-clesheo-pamietnik\/\",\"name\":\"LISTY DO CIEBIE\",\"isPartOf\":{\"@id\":\"https:\/\/clesheo.pl\/#website\"},\"primaryImageOfPage\":{\"@id\":\"https:\/\/clesheo.pl\/en\/shop\/listy-do-ciebie-clesheo-pamietnik\/#primaryimage\"},\"image\":{\"@id\":\"https:\/\/clesheo.pl\/en\/shop\/listy-do-ciebie-clesheo-pamietnik\/#primaryimage\"},\"thumbnailUrl\":\"https:\/\/clesheo.pl\/wp-content\/uploads\/2019\/11\/IMG_0939-2.jpg\",\"datePublished\":\"2019-11-09T15:34:13+00:00\",\"dateModified\":\"2025-10-08T17:15:49+00:00\",\"description\":\"Listy do Ciebie, Ksi\u0105\u017cka w formacie 20x30 cm w p\u0142\u00f3ciennej oprawie, zawiera 18 stron z miejscem na listy do Twojego dziecka\",\"breadcrumb\":{\"@id\":\"https:\/\/clesheo.pl\/en\/shop\/listy-do-ciebie-clesheo-pamietnik\/#breadcrumb\"},\"inLanguage\":\"en-US\",\"potentialAction\":[{\"@type\":\"ReadAction\",\"target\":[\"https:\/\/clesheo.pl\/en\/shop\/listy-do-ciebie-clesheo-pamietnik\/\"]}]},{\"@type\":\"ImageObject\",\"inLanguage\":\"en-US\",\"@id\":\"https:\/\/clesheo.pl\/en\/shop\/listy-do-ciebie-clesheo-pamietnik\/#primaryimage\",\"url\":\"https:\/\/clesheo.pl\/wp-content\/uploads\/2019\/11\/IMG_0939-2.jpg\",\"contentUrl\":\"https:\/\/clesheo.pl\/wp-content\/uploads\/2019\/11\/IMG_0939-2.jpg\",\"width\":2560,\"height\":1707,\"caption\":\"Album dziecka pami\u0119tnik dla dziecka Pierwszy album maluszka Kronika dziecka Album dla noworodka Pami\u0119tnik Oh baby Album wspomnie\u0144 Moje dzieci\u0144stwo Bebe journal Twoja historia kochanie\"},{\"@type\":\"BreadcrumbList\",\"@id\":\"https:\/\/clesheo.pl\/en\/shop\/listy-do-ciebie-clesheo-pamietnik\/#breadcrumb\",\"itemListElement\":[{\"@type\":\"ListItem\",\"position\":1,\"name\":\"Strona g\u0142\u00f3wna\",\"item\":\"https:\/\/clesheo.pl\/\"},{\"@type\":\"ListItem\",\"position\":2,\"name\":\"Sklep\",\"item\":\"https:\/\/clesheo.pl\/sklep\/\"},{\"@type\":\"ListItem\",\"position\":3,\"name\":\"LISTY DO CIEBIE\"}]},{\"@type\":\"WebSite\",\"@id\":\"https:\/\/clesheo.pl\/#website\",\"url\":\"https:\/\/clesheo.pl\/\",\"name\":\"Clesheo\",\"description\":\"\",\"potentialAction\":[{\"@type\":\"SearchAction\",\"target\":{\"@type\":\"EntryPoint\",\"urlTemplate\":\"https:\/\/clesheo.pl\/?s={search_term_string}\"},\"query-input\":{\"@type\":\"PropertyValueSpecification\",\"valueRequired\":true,\"valueName\":\"search_term_string\"}}],\"inLanguage\":\"en-US\"}]}<\/script>\n<!-- \/ Yoast SEO plugin. -->","yoast_head_json":{"title":"LISTY DO CIEBIE","description":"Listy do Ciebie, Ksi\u0105\u017cka w formacie 20x30 cm w p\u0142\u00f3ciennej oprawie, zawiera 18 stron z miejscem na listy do Twojego dziecka","robots":{"index":"index","follow":"follow","max-snippet":"max-snippet:-1","max-image-preview":"max-image-preview:large","max-video-preview":"max-video-preview:-1"},"canonical":"https:\/\/clesheo.pl\/en\/shop\/listy-do-ciebie-clesheo-pamietnik\/","og_locale":"en_US","og_type":"article","og_title":"[:pl]LISTY DO CIEBIE[:] - Clesheo","og_description":"Listy do Ciebie, Ksi\u0105\u017cka w formacie 20x30 cm w p\u0142\u00f3ciennej oprawie, zawiera 18 stron z miejscem na listy do Twojego dziecka","og_url":"https:\/\/clesheo.pl\/en\/shop\/listy-do-ciebie-clesheo-pamietnik\/","og_site_name":"Clesheo","article_modified_time":"2025-10-08T17:15:49+00:00","og_image":[{"width":2560,"height":1707,"url":"https:\/\/clesheo.pl\/wp-content\/uploads\/2019\/11\/IMG_0939-2.jpg","type":"image\/jpeg"}],"twitter_card":"summary_large_image","twitter_misc":{"Est. reading time":"2 minutes"},"schema":{"@context":"https:\/\/schema.org","@graph":[{"@type":"WebPage","@id":"https:\/\/clesheo.pl\/en\/shop\/listy-do-ciebie-clesheo-pamietnik\/","url":"https:\/\/clesheo.pl\/en\/shop\/listy-do-ciebie-clesheo-pamietnik\/","name":"LISTY DO CIEBIE","isPartOf":{"@id":"https:\/\/clesheo.pl\/#website"},"primaryImageOfPage":{"@id":"https:\/\/clesheo.pl\/en\/shop\/listy-do-ciebie-clesheo-pamietnik\/#primaryimage"},"image":{"@id":"https:\/\/clesheo.pl\/en\/shop\/listy-do-ciebie-clesheo-pamietnik\/#primaryimage"},"thumbnailUrl":"https:\/\/clesheo.pl\/wp-content\/uploads\/2019\/11\/IMG_0939-2.jpg","datePublished":"2019-11-09T15:34:13+00:00","dateModified":"2025-10-08T17:15:49+00:00","description":"Listy do Ciebie, Ksi\u0105\u017cka w formacie 20x30 cm w p\u0142\u00f3ciennej oprawie, zawiera 18 stron z miejscem na listy do Twojego dziecka","breadcrumb":{"@id":"https:\/\/clesheo.pl\/en\/shop\/listy-do-ciebie-clesheo-pamietnik\/#breadcrumb"},"inLanguage":"en-US","potentialAction":[{"@type":"ReadAction","target":["https:\/\/clesheo.pl\/en\/shop\/listy-do-ciebie-clesheo-pamietnik\/"]}]},{"@type":"ImageObject","inLanguage":"en-US","@id":"https:\/\/clesheo.pl\/en\/shop\/listy-do-ciebie-clesheo-pamietnik\/#primaryimage","url":"https:\/\/clesheo.pl\/wp-content\/uploads\/2019\/11\/IMG_0939-2.jpg","contentUrl":"https:\/\/clesheo.pl\/wp-content\/uploads\/2019\/11\/IMG_0939-2.jpg","width":2560,"height":1707,"caption":"Album dziecka pami\u0119tnik dla dziecka Pierwszy album maluszka Kronika dziecka Album dla noworodka Pami\u0119tnik Oh baby Album wspomnie\u0144 Moje dzieci\u0144stwo Bebe journal Twoja historia kochanie"},{"@type":"BreadcrumbList","@id":"https:\/\/clesheo.pl\/en\/shop\/listy-do-ciebie-clesheo-pamietnik\/#breadcrumb","itemListElement":[{"@type":"ListItem","position":1,"name":"Strona g\u0142\u00f3wna","item":"https:\/\/clesheo.pl\/"},{"@type":"ListItem","position":2,"name":"Sklep","item":"https:\/\/clesheo.pl\/sklep\/"},{"@type":"ListItem","position":3,"name":"LISTY DO CIEBIE"}]},{"@type":"WebSite","@id":"https:\/\/clesheo.pl\/#website","url":"https:\/\/clesheo.pl\/","name":"Clesheo","description":"","potentialAction":[{"@type":"SearchAction","target":{"@type":"EntryPoint","urlTemplate":"https:\/\/clesheo.pl\/?s={search_term_string}"},"query-input":{"@type":"PropertyValueSpecification","valueRequired":true,"valueName":"search_term_string"}}],"inLanguage":"en-US"}]}},"_links":{"self":[{"href":"https:\/\/clesheo.pl\/en\/wp-json\/wp\/v2\/product\/3727","targetHints":{"allow":["GET"]}}],"collection":[{"href":"https:\/\/clesheo.pl\/en\/wp-json\/wp\/v2\/product"}],"about":[{"href":"https:\/\/clesheo.pl\/en\/wp-json\/wp\/v2\/types\/product"}],"replies":[{"embeddable":true,"href":"https:\/\/clesheo.pl\/en\/wp-json\/wp\/v2\/comments?post=3727"}],"wp:featuredmedia":[{"embeddable":true,"href":"https:\/\/clesheo.pl\/en\/wp-json\/wp\/v2\/media\/5054"}],"wp:attachment":[{"href":"https:\/\/clesheo.pl\/en\/wp-json\/wp\/v2\/media?parent=3727"}],"wp:term":[{"taxonomy":"product_brand","embeddable":true,"href":"https:\/\/clesheo.pl\/en\/wp-json\/wp\/v2\/product_brand?post=3727"},{"taxonomy":"product_cat","embeddable":true,"href":"https:\/\/clesheo.pl\/en\/wp-json\/wp\/v2\/product_cat?post=3727"},{"taxonomy":"product_tag","embeddable":true,"href":"https:\/\/clesheo.pl\/en\/wp-json\/wp\/v2\/product_tag?post=3727"}],"curies":[{"name":"wp","href":"https:\/\/api.w.org\/{rel}","templated":true}]}}