{"id":6537,"date":"2023-02-01T14:35:01","date_gmt":"2023-02-01T13:35:01","guid":{"rendered":"https:\/\/clesheo.pl\/?post_type=product&#038;p=6537"},"modified":"2025-05-25T00:41:31","modified_gmt":"2025-05-24T22:41:31","slug":"album-na-zdjecia-z-sesji-ciazowej","status":"publish","type":"product","link":"https:\/\/clesheo.pl\/en\/shop\/album-na-zdjecia-z-sesji-ciazowej\/","title":{"rendered":"Album na zdj\u0119cia z sesji ci\u0105\u017cowej"},"content":{"rendered":"<p>Album na zdj\u0119cia z sesji ci\u0105\u017cowej<\/p>\n<p>To pomys\u0142 na wyj\u0105tkowy prezent dla przysz\u0142ej mamy z okazji Baby Shower lub upominek z okazji narodzin dziecka. Album mo\u017ce by\u0107 r\u00f3wnie\u017c miejscem do przechowywania zdj\u0119\u0107 z sesji ci\u0105\u017cowej.<\/p>\n<h5>WN\u0118TRZE ALBUMU<\/h5>\n<p>Album na zdj\u0119cia z sesji ci\u0105\u017cowej oprawiony jest w p\u0142\u00f3tno w kolorze jasnego lnu i zawiera 40, 60 lub 100 stron, kt\u00f3re oddzielone s\u0105 od siebie pi\u0119knym, fakturowanym pergaminem. Pergamin\u00a0 <b>chroni zdj\u0119cia<\/b>\u00a0i dodaje albumowi szyku. \u00a0Albumy wykonujemy z materia\u0142\u00f3w, kt\u00f3re gwarantuj\u0105 wieloletnie u\u017cytkowanie, nawet wtedy, gdy zdj\u0119cia przegl\u0105damy bardzo cz\u0119sto.<\/p>\n<h5>ROZMIAR<\/h5>\n<p>Du\u017cy rozmiar: 30cm x 30cm zapewnia wiele miejsca na zdj\u0119cia w r\u00f3\u017cnych formatach.<\/p>\n<h5>ALBUM NA ZDJ\u0118CIA JAKO PREZENT<\/h5>\n<p>Nasze albumy wykonujemy, z ogromn\u0105 dba\u0142o\u015bci\u0105 o najmniejszy szczeg\u00f3\u0142. Dzi\u0119ki temu mog\u0105 by\u0107 one \u015bwietnym pomys\u0142em na prezenty z okazji przyj\u0119cia Baby Shower, narodzin dziecka, Chrztu, urodzin i wielu innych.<\/p>\n<p>W czasach, gdy ka\u017cdy z nas nosi w kieszeni lub torebce aparat fotograficzny w postaci smartfona, albumy na zdj\u0119cia Clesheo to praktyczne\u00a0 i ciesz\u0105ce oko rozwi\u0105zania.<\/p>\n<h5>ZWROTY<\/h5>\n<p>Poniewa\u017c nasze albumy posiadaj\u0105 personalizowane ok\u0142adki, wykonywane s\u0105 na zam\u00f3wienie. W zwi\u0105zku z tym, nie podlegaj\u0105 zwrotom. Prosimy o dokonywanie przemy\u015blanych zam\u00f3wie\u0144.<\/p>\n<p>Zobacz te\u017c inne albumy na zdj\u0119cia dost\u0119pne w naszym sklepie:<\/p>\n<p><a href=\"https:\/\/clesheo.pl\/product-category\/albumy-na-zdjecia\/\">https:\/\/clesheo.pl\/product-category\/albumy-na-zdjecia\/<\/a><\/p>\n<p>B\u0105d\u017a z nami na bie\u017c\u0105co &#8211; <a href=\"http:\/\/www.instagram.com\/clesheo\">http:\/\/www.instagram.com\/clesheo<\/a><\/p>\n<p>&nbsp;<\/p>\n","protected":false},"excerpt":{"rendered":"<p>Album na zdj\u0119cia Mama &#8211; Baby Shower<\/p>\n<p>Album tradycyjny 30\u00d730 cm<\/p>\n<p>40, 60 lub 100 czarnych stron przek\u0142adanych pergaminem<\/p>\n<p>P\u0142\u00f3cienna ok\u0142adka<\/p>\n","protected":false},"featured_media":6544,"comment_status":"open","ping_status":"closed","template":"","meta":[],"product_brand":[],"product_cat":[51,52],"product_tag":[363,364,357,361,356,362,358,147,359,360,56],"class_list":{"0":"post-6537","1":"product","2":"type-product","3":"status-publish","4":"has-post-thumbnail","6":"product_cat-personalizowany-album-na-zdjecia","7":"product_cat-album-tradycyjny","8":"product_tag-album-dla-mamy","9":"product_tag-album-mamy","10":"product_tag-album-na-baby-shower","11":"product_tag-album-na-zdjecia-z-sesji-brzuszkowej","12":"product_tag-album-na-zdjecia-z-sesji-ciazowej","13":"product_tag-ciaza-i-macierzynstwo","14":"product_tag-sesja-ciazowa","15":"product_tag-wyprawka","16":"product_tag-zdjecia-brzuszka","17":"product_tag-zdjecia-w-ciazy","18":"product_tag-album-na-zdjecia","20":"first","21":"instock","22":"shipping-taxable","23":"purchasable","24":"product-type-variable"},"yoast_head":"<!-- This site is optimized with the Yoast SEO plugin v23.6 - https:\/\/yoast.com\/wordpress\/plugins\/seo\/ -->\n<title>Album na zdj\u0119cia z sesji ci\u0105\u017cowej Clesheo %<\/title>\n<meta name=\"description\" content=\"Album na zdj\u0119cia z sesji ci\u0105\u017cowej od Clesheo Klasyczny album na zdj\u0119cia wklejane w p\u0142\u00f3ciennej ok\u0142adce. Czarne karty przek\u0142adane pergaminem.\" \/>\n<meta name=\"robots\" content=\"index, follow, max-snippet:-1, max-image-preview:large, max-video-preview:-1\" \/>\n<link rel=\"canonical\" href=\"https:\/\/clesheo.pl\/en\/shop\/album-na-zdjecia-z-sesji-ciazowej\/\" \/>\n<meta property=\"og:locale\" content=\"en_US\" \/>\n<meta property=\"og:locale:alternate\" content=\"pl_PL\" \/>\n<meta property=\"og:type\" content=\"article\" \/>\n<meta property=\"og:title\" content=\"Album na zdj\u0119cia z sesji ci\u0105\u017cowej Clesheo %\" \/>\n<meta property=\"og:description\" content=\"Album na zdj\u0119cia z sesji ci\u0105\u017cowej od Clesheo Klasyczny album na zdj\u0119cia wklejane w p\u0142\u00f3ciennej ok\u0142adce. Czarne karty przek\u0142adane pergaminem.\" \/>\n<meta property=\"og:url\" content=\"https:\/\/clesheo.pl\/en\/shop\/album-na-zdjecia-z-sesji-ciazowej\/\" \/>\n<meta property=\"og:site_name\" content=\"Clesheo\" \/>\n<meta property=\"article:modified_time\" content=\"2025-05-24T22:41:31+00:00\" \/>\n<meta property=\"og:image\" content=\"https:\/\/clesheo.pl\/wp-content\/uploads\/2020\/02\/IMG_9905.jpg\" \/>\n\t<meta property=\"og:image:width\" content=\"2560\" \/>\n\t<meta property=\"og:image:height\" content=\"1682\" \/>\n\t<meta property=\"og:image:type\" content=\"image\/jpeg\" \/>\n<meta name=\"twitter:card\" content=\"summary_large_image\" \/>\n<meta name=\"twitter:label1\" content=\"Est. reading time\" \/>\n\t<meta name=\"twitter:data1\" content=\"2 minutes\" \/>\n<script type=\"application\/ld+json\" class=\"yoast-schema-graph\">{\"@context\":\"https:\/\/schema.org\",\"@graph\":[{\"@type\":\"WebPage\",\"@id\":\"https:\/\/clesheo.pl\/shop\/album-na-zdjecia-z-sesji-ciazowej\/\",\"url\":\"https:\/\/clesheo.pl\/shop\/album-na-zdjecia-z-sesji-ciazowej\/\",\"name\":\"Album na zdj\u0119cia z sesji ci\u0105\u017cowej Clesheo %\",\"isPartOf\":{\"@id\":\"https:\/\/clesheo.pl\/#website\"},\"primaryImageOfPage\":{\"@id\":\"https:\/\/clesheo.pl\/shop\/album-na-zdjecia-z-sesji-ciazowej\/#primaryimage\"},\"image\":{\"@id\":\"https:\/\/clesheo.pl\/shop\/album-na-zdjecia-z-sesji-ciazowej\/#primaryimage\"},\"thumbnailUrl\":\"https:\/\/clesheo.pl\/wp-content\/uploads\/2020\/02\/IMG_9905.jpg\",\"datePublished\":\"2023-02-01T13:35:01+00:00\",\"dateModified\":\"2025-05-24T22:41:31+00:00\",\"description\":\"Album na zdj\u0119cia z sesji ci\u0105\u017cowej od Clesheo Klasyczny album na zdj\u0119cia wklejane w p\u0142\u00f3ciennej ok\u0142adce. Czarne karty przek\u0142adane pergaminem.\",\"breadcrumb\":{\"@id\":\"https:\/\/clesheo.pl\/shop\/album-na-zdjecia-z-sesji-ciazowej\/#breadcrumb\"},\"inLanguage\":\"en-US\",\"potentialAction\":[{\"@type\":\"ReadAction\",\"target\":[\"https:\/\/clesheo.pl\/shop\/album-na-zdjecia-z-sesji-ciazowej\/\"]}]},{\"@type\":\"ImageObject\",\"inLanguage\":\"en-US\",\"@id\":\"https:\/\/clesheo.pl\/shop\/album-na-zdjecia-z-sesji-ciazowej\/#primaryimage\",\"url\":\"https:\/\/clesheo.pl\/wp-content\/uploads\/2020\/02\/IMG_9905.jpg\",\"contentUrl\":\"https:\/\/clesheo.pl\/wp-content\/uploads\/2020\/02\/IMG_9905.jpg\",\"width\":2560,\"height\":1682},{\"@type\":\"BreadcrumbList\",\"@id\":\"https:\/\/clesheo.pl\/shop\/album-na-zdjecia-z-sesji-ciazowej\/#breadcrumb\",\"itemListElement\":[{\"@type\":\"ListItem\",\"position\":1,\"name\":\"Strona g\u0142\u00f3wna\",\"item\":\"https:\/\/clesheo.pl\/\"},{\"@type\":\"ListItem\",\"position\":2,\"name\":\"Sklep\",\"item\":\"https:\/\/clesheo.pl\/sklep\/\"},{\"@type\":\"ListItem\",\"position\":3,\"name\":\"Album na zdj\u0119cia z sesji ci\u0105\u017cowej\"}]},{\"@type\":\"WebSite\",\"@id\":\"https:\/\/clesheo.pl\/#website\",\"url\":\"https:\/\/clesheo.pl\/\",\"name\":\"Clesheo\",\"description\":\"\",\"potentialAction\":[{\"@type\":\"SearchAction\",\"target\":{\"@type\":\"EntryPoint\",\"urlTemplate\":\"https:\/\/clesheo.pl\/?s={search_term_string}\"},\"query-input\":{\"@type\":\"PropertyValueSpecification\",\"valueRequired\":true,\"valueName\":\"search_term_string\"}}],\"inLanguage\":\"en-US\"}]}<\/script>\n<!-- \/ Yoast SEO plugin. -->","yoast_head_json":{"title":"Album na zdj\u0119cia z sesji ci\u0105\u017cowej Clesheo %","description":"Album na zdj\u0119cia z sesji ci\u0105\u017cowej od Clesheo Klasyczny album na zdj\u0119cia wklejane w p\u0142\u00f3ciennej ok\u0142adce. Czarne karty przek\u0142adane pergaminem.","robots":{"index":"index","follow":"follow","max-snippet":"max-snippet:-1","max-image-preview":"max-image-preview:large","max-video-preview":"max-video-preview:-1"},"canonical":"https:\/\/clesheo.pl\/en\/shop\/album-na-zdjecia-z-sesji-ciazowej\/","og_locale":"en_US","og_type":"article","og_title":"Album na zdj\u0119cia z sesji ci\u0105\u017cowej Clesheo %","og_description":"Album na zdj\u0119cia z sesji ci\u0105\u017cowej od Clesheo Klasyczny album na zdj\u0119cia wklejane w p\u0142\u00f3ciennej ok\u0142adce. Czarne karty przek\u0142adane pergaminem.","og_url":"https:\/\/clesheo.pl\/en\/shop\/album-na-zdjecia-z-sesji-ciazowej\/","og_site_name":"Clesheo","article_modified_time":"2025-05-24T22:41:31+00:00","og_image":[{"width":2560,"height":1682,"url":"https:\/\/clesheo.pl\/wp-content\/uploads\/2020\/02\/IMG_9905.jpg","type":"image\/jpeg"}],"twitter_card":"summary_large_image","twitter_misc":{"Est. reading time":"2 minutes"},"schema":{"@context":"https:\/\/schema.org","@graph":[{"@type":"WebPage","@id":"https:\/\/clesheo.pl\/shop\/album-na-zdjecia-z-sesji-ciazowej\/","url":"https:\/\/clesheo.pl\/shop\/album-na-zdjecia-z-sesji-ciazowej\/","name":"Album na zdj\u0119cia z sesji ci\u0105\u017cowej Clesheo %","isPartOf":{"@id":"https:\/\/clesheo.pl\/#website"},"primaryImageOfPage":{"@id":"https:\/\/clesheo.pl\/shop\/album-na-zdjecia-z-sesji-ciazowej\/#primaryimage"},"image":{"@id":"https:\/\/clesheo.pl\/shop\/album-na-zdjecia-z-sesji-ciazowej\/#primaryimage"},"thumbnailUrl":"https:\/\/clesheo.pl\/wp-content\/uploads\/2020\/02\/IMG_9905.jpg","datePublished":"2023-02-01T13:35:01+00:00","dateModified":"2025-05-24T22:41:31+00:00","description":"Album na zdj\u0119cia z sesji ci\u0105\u017cowej od Clesheo Klasyczny album na zdj\u0119cia wklejane w p\u0142\u00f3ciennej ok\u0142adce. Czarne karty przek\u0142adane pergaminem.","breadcrumb":{"@id":"https:\/\/clesheo.pl\/shop\/album-na-zdjecia-z-sesji-ciazowej\/#breadcrumb"},"inLanguage":"en-US","potentialAction":[{"@type":"ReadAction","target":["https:\/\/clesheo.pl\/shop\/album-na-zdjecia-z-sesji-ciazowej\/"]}]},{"@type":"ImageObject","inLanguage":"en-US","@id":"https:\/\/clesheo.pl\/shop\/album-na-zdjecia-z-sesji-ciazowej\/#primaryimage","url":"https:\/\/clesheo.pl\/wp-content\/uploads\/2020\/02\/IMG_9905.jpg","contentUrl":"https:\/\/clesheo.pl\/wp-content\/uploads\/2020\/02\/IMG_9905.jpg","width":2560,"height":1682},{"@type":"BreadcrumbList","@id":"https:\/\/clesheo.pl\/shop\/album-na-zdjecia-z-sesji-ciazowej\/#breadcrumb","itemListElement":[{"@type":"ListItem","position":1,"name":"Strona g\u0142\u00f3wna","item":"https:\/\/clesheo.pl\/"},{"@type":"ListItem","position":2,"name":"Sklep","item":"https:\/\/clesheo.pl\/sklep\/"},{"@type":"ListItem","position":3,"name":"Album na zdj\u0119cia z sesji ci\u0105\u017cowej"}]},{"@type":"WebSite","@id":"https:\/\/clesheo.pl\/#website","url":"https:\/\/clesheo.pl\/","name":"Clesheo","description":"","potentialAction":[{"@type":"SearchAction","target":{"@type":"EntryPoint","urlTemplate":"https:\/\/clesheo.pl\/?s={search_term_string}"},"query-input":{"@type":"PropertyValueSpecification","valueRequired":true,"valueName":"search_term_string"}}],"inLanguage":"en-US"}]}},"_links":{"self":[{"href":"https:\/\/clesheo.pl\/en\/wp-json\/wp\/v2\/product\/6537","targetHints":{"allow":["GET"]}}],"collection":[{"href":"https:\/\/clesheo.pl\/en\/wp-json\/wp\/v2\/product"}],"about":[{"href":"https:\/\/clesheo.pl\/en\/wp-json\/wp\/v2\/types\/product"}],"replies":[{"embeddable":true,"href":"https:\/\/clesheo.pl\/en\/wp-json\/wp\/v2\/comments?post=6537"}],"wp:featuredmedia":[{"embeddable":true,"href":"https:\/\/clesheo.pl\/en\/wp-json\/wp\/v2\/media\/6544"}],"wp:attachment":[{"href":"https:\/\/clesheo.pl\/en\/wp-json\/wp\/v2\/media?parent=6537"}],"wp:term":[{"taxonomy":"product_brand","embeddable":true,"href":"https:\/\/clesheo.pl\/en\/wp-json\/wp\/v2\/product_brand?post=6537"},{"taxonomy":"product_cat","embeddable":true,"href":"https:\/\/clesheo.pl\/en\/wp-json\/wp\/v2\/product_cat?post=6537"},{"taxonomy":"product_tag","embeddable":true,"href":"https:\/\/clesheo.pl\/en\/wp-json\/wp\/v2\/product_tag?post=6537"}],"curies":[{"name":"wp","href":"https:\/\/api.w.org\/{rel}","templated":true}]}}