{"id":6550,"date":"2020-02-01T17:34:32","date_gmt":"2020-02-01T16:34:32","guid":{"rendered":"https:\/\/clesheo.pl\/?post_type=product&#038;p=6550"},"modified":"2025-10-08T19:15:46","modified_gmt":"2025-10-08T17:15:46","slug":"kronika-dla-dziewczynki-clesheo-z-imieniem-na-okladce","status":"publish","type":"product","link":"https:\/\/clesheo.pl\/en\/shop\/kronika-dla-dziewczynki-clesheo-z-imieniem-na-okladce\/","title":{"rendered":"Personalizowana kronika dziecka &#8211; dla dziewczynki"},"content":{"rendered":"<p>Kronika dla dziewczynki<\/p>\n<h5>STYL ALBUMU<\/h5>\n<p>Minimalistyczny i przejrzysty \u2013 tak w dw\u00f3ch s\u0142owach mo\u017cna opisa\u0107 ten album.<\/p>\n<h5>FORMAT:<\/h5>\n<p>Zdecyduj sama, czy bardziej odpowiedni b\u0119dzie dla Ciebie du\u017cy format albumu: 30 cm x 30 cm, czy mniejszy 20 cm x 30 cm.<\/p>\n<h5>OK\u0141ADKA:<\/h5>\n<p>Do wyboru pozostawiamy r\u00f3wnie\u017c wygl\u0105d ok\u0142adki, kt\u00f3ra mo\u017ce by\u0107 b\u0142yszcz\u0105ca lub matowa. Dodatkowo polecamy uszlachetnienie ok\u0142adki poprzez skorzystanie z opcji watowania. Watowanie sprawia, \u017ce ok\u0142adka staje si\u0119 nieco grubsza.<\/p>\n<h5>IMI\u0118 DZIECKA NA OK\u0141ADCE:<\/h5>\n<p>To punkt, kt\u00f3ry wyr\u00f3\u017cnia albumy Clesheo w\u015br\u00f3d innych dost\u0119pnych pami\u0119tnik\u00f3w. Wiemy jak wa\u017cn\u0105 decyzj\u0105 jest wyb\u00f3r imienia dla dziecka. Prezentacja albumu rodzinie i bliskim mo\u017ce by\u0107 fajnym sposobem\u00a0 na podzielenie si\u0119 swoim wyborem co do imienia potomka. Dzi\u0119ki personalizacji album staje si\u0119 wyj\u0105tkow\u0105 i oryginaln\u0105 pami\u0105tk\u0105.<\/p>\n<h5>SPIS TRE\u015aCI:<\/h5>\n<p>~ Moi rodzice ~ W brzuszku mamy ~ Moje narodziny ~ \u015awiat w dniu moich narodzin ~ Pierwsze dni w domku ~ M\u00f3j pierwszy raz ~ Moje pierwsze posi\u0142ki ~ \u015alady Pory roku ~ Moja pierwsza Gwiazdka ~ Moje pierwsze wakacje ~ Moje pierwsze urodziny ~ Mam ju\u017c rok ~ Mam dwa latka ~ R\u00f3\u017cne ciekawostki z mojego \u017cycia<\/p>\n<p>Kronika zawiera 58 stron na Wasze zdj\u0119cia i zapiski.<\/p>\n<h5>CZAS REALIZACJI ZAM\u00d3WIENIA:<\/h5>\n<p>7-10 dni roboczych + wysy\u0142ka.<\/p>\n<p>Prosimy o dokonywanie przemy\u015blanych zakup\u00f3w \u2013 ze wzgl\u0119du na fakt, \u017ce \u201eKronika dla ch\u0142opca\u201d tworzona jest na zam\u00f3wienie \u2013 nie podlega zwrotowi.<\/p>\n<h6><strong>INNE KRONIKI I PREZENTY DLA DZIECI<\/strong><\/h6>\n<p>Zobacz te\u017c pozosta\u0142e albumy dla noworodk\u00f3w dost\u0119pne w naszym sklepie online\u00a0<a href=\"https:\/\/clesheo.pl\/product-category\/pamietniki\/\">https:\/\/clesheo.pl\/product-category\/pamietniki\/<\/a><\/p>\n<h6><strong>SZUKASZ PREZENTU IDEALNEGO?<\/strong><\/h6>\n<p>Je\u015bli album ma by\u0107 prezentem dla bliskiej Ci osoby, kt\u00f3ra oczekuje dziecka, a Ty nie jeste\u015b do ko\u0144ca pewna, kt\u00f3ra kronika dla maluszka najbardziej ucieszy przysz\u0142\u0105 mam\u0119, mo\u017cesz rozwa\u017cy\u0107 mo\u017cliwo\u015b\u0107 ofiarowania w prezencie bonu podarunkowego, co niew\u0105tpliwie u\u0142atwi Ci zadanie. Bon podarunkowy kupisz tu\u00a0\u00a0<a href=\"https:\/\/clesheo.pl\/shop\/e-karta-podarunkowa-2\/\">https:\/\/clesheo.pl\/shop\/e-karta-podarunkowa-2\/<\/a><\/p>\n<p>Odwied\u017a nas na instagramie:<a href=\"http:\/\/www.instagram.com\/clesheo\">http:\/\/www.instagram.com\/clesheo<\/a><\/p>\n","protected":false},"excerpt":{"rendered":"<div class=\"item item-6\"><\/div>\n<div class=\"item item-6\">\n<p>Pami\u0105tkowa ksi\u0105\u017cka, kt\u00f3ra pomaga w uchwyceniu najwa\u017cniejszych wspomnie\u0144 i moment\u00f3w z pierwszego i drugiego roku \u017cycia. Imi\u0119 Twojego dziecka na ok\u0142adce!<\/p>\n<p>Ozdobna czcionka w kolorze jasnego zgaszonego r\u00f3\u017cu.<\/p>\n<p>J\u0119zyk: polski,\u00a0 twarda oprawa,<\/p>\n<p>Ok\u0142adka b\u0142yszcz\u0105ca lub matowa, dwa formaty do wyboru 20&#215;30 lub 30&#215;30.<\/p>\n<\/div>\n","protected":false},"featured_media":7720,"comment_status":"open","ping_status":"closed","template":"","meta":[],"product_brand":[],"product_cat":[],"product_tag":[93,94,142,123,96,140,144,137,141,143,148,145,92,139,165,125,149,121,126,138,146,147,57],"class_list":{"0":"post-6550","1":"product","2":"type-product","3":"status-publish","4":"has-post-thumbnail","6":"product_tag-baby-book","7":"product_tag-baby-shower","8":"product_tag-blush","9":"product_tag-clesheo","10":"product_tag-dziecko","11":"product_tag-imie-dziecka","12":"product_tag-imie-na-okladce","13":"product_tag-kronika-malszuka","14":"product_tag-ksiazka-z-imieniem-dziecka","15":"product_tag-najpiekniejsze-ksiazki-dla-dzieci","16":"product_tag-noworodek","17":"product_tag-pamiatka-dziecka","18":"product_tag-pamietnik","19":"product_tag-personalizowana-kronika","20":"product_tag-personalizowany-pamietnik-dziecka","21":"product_tag-pierwszy-rok","22":"product_tag-prenet-na-baby-shower","23":"product_tag-prezent-dla-mamy","24":"product_tag-roczek","25":"product_tag-upominki-dla-dzieci","26":"product_tag-wyprawka-noworodka","27":"product_tag-wyprawka","28":"product_tag-prezent-dla-dziecka","30":"first","31":"instock","32":"shipping-taxable","33":"purchasable","34":"product-type-variable"},"yoast_head":"<!-- This site is optimized with the Yoast SEO plugin v23.6 - https:\/\/yoast.com\/wordpress\/plugins\/seo\/ -->\n<title>Personalizowana kronika dziecka - dla dziewczynki<\/title>\n<meta name=\"description\" content=\"Kronika dla dziewczynki Clesheo z imieniem na ok\u0142adce - minimalistyczna forma albumu dla dziecka. Uchwy\u0107 najwa\u017cniejsze momenty!\" \/>\n<meta name=\"robots\" content=\"index, follow, max-snippet:-1, max-image-preview:large, max-video-preview:-1\" \/>\n<link rel=\"canonical\" href=\"https:\/\/clesheo.pl\/en\/shop\/kronika-dla-dziewczynki-clesheo-z-imieniem-na-okladce\/\" \/>\n<meta property=\"og:locale\" content=\"en_US\" \/>\n<meta property=\"og:locale:alternate\" content=\"pl_PL\" \/>\n<meta property=\"og:type\" content=\"article\" \/>\n<meta property=\"og:title\" content=\"Personalizowana kronika dziecka - dla dziewczynki\" \/>\n<meta property=\"og:description\" content=\"Kronika dla dziewczynki Clesheo z imieniem na ok\u0142adce - minimalistyczna forma albumu dla dziecka. Uchwy\u0107 najwa\u017cniejsze momenty!\" \/>\n<meta property=\"og:url\" content=\"https:\/\/clesheo.pl\/en\/shop\/kronika-dla-dziewczynki-clesheo-z-imieniem-na-okladce\/\" \/>\n<meta property=\"og:site_name\" content=\"Clesheo\" \/>\n<meta property=\"article:modified_time\" content=\"2025-10-08T17:15:46+00:00\" \/>\n<meta property=\"og:image\" content=\"https:\/\/clesheo.pl\/wp-content\/uploads\/2020\/02\/IMG_0009-3.jpg\" \/>\n\t<meta property=\"og:image:width\" content=\"1500\" \/>\n\t<meta property=\"og:image:height\" content=\"1000\" \/>\n\t<meta property=\"og:image:type\" content=\"image\/jpeg\" \/>\n<meta name=\"twitter:card\" content=\"summary_large_image\" \/>\n<meta name=\"twitter:label1\" content=\"Est. reading time\" \/>\n\t<meta name=\"twitter:data1\" content=\"2 minutes\" \/>\n<script type=\"application\/ld+json\" class=\"yoast-schema-graph\">{\"@context\":\"https:\/\/schema.org\",\"@graph\":[{\"@type\":\"WebPage\",\"@id\":\"https:\/\/clesheo.pl\/en\/shop\/kronika-dla-dziewczynki-clesheo-z-imieniem-na-okladce\/\",\"url\":\"https:\/\/clesheo.pl\/en\/shop\/kronika-dla-dziewczynki-clesheo-z-imieniem-na-okladce\/\",\"name\":\"Personalizowana kronika dziecka - dla dziewczynki\",\"isPartOf\":{\"@id\":\"https:\/\/clesheo.pl\/#website\"},\"primaryImageOfPage\":{\"@id\":\"https:\/\/clesheo.pl\/en\/shop\/kronika-dla-dziewczynki-clesheo-z-imieniem-na-okladce\/#primaryimage\"},\"image\":{\"@id\":\"https:\/\/clesheo.pl\/en\/shop\/kronika-dla-dziewczynki-clesheo-z-imieniem-na-okladce\/#primaryimage\"},\"thumbnailUrl\":\"https:\/\/clesheo.pl\/wp-content\/uploads\/2020\/02\/IMG_0009-3.jpg\",\"datePublished\":\"2020-02-01T16:34:32+00:00\",\"dateModified\":\"2025-10-08T17:15:46+00:00\",\"description\":\"Kronika dla dziewczynki Clesheo z imieniem na ok\u0142adce - minimalistyczna forma albumu dla dziecka. Uchwy\u0107 najwa\u017cniejsze momenty!\",\"breadcrumb\":{\"@id\":\"https:\/\/clesheo.pl\/en\/shop\/kronika-dla-dziewczynki-clesheo-z-imieniem-na-okladce\/#breadcrumb\"},\"inLanguage\":\"en-US\",\"potentialAction\":[{\"@type\":\"ReadAction\",\"target\":[\"https:\/\/clesheo.pl\/en\/shop\/kronika-dla-dziewczynki-clesheo-z-imieniem-na-okladce\/\"]}]},{\"@type\":\"ImageObject\",\"inLanguage\":\"en-US\",\"@id\":\"https:\/\/clesheo.pl\/en\/shop\/kronika-dla-dziewczynki-clesheo-z-imieniem-na-okladce\/#primaryimage\",\"url\":\"https:\/\/clesheo.pl\/wp-content\/uploads\/2020\/02\/IMG_0009-3.jpg\",\"contentUrl\":\"https:\/\/clesheo.pl\/wp-content\/uploads\/2020\/02\/IMG_0009-3.jpg\",\"width\":1500,\"height\":1000},{\"@type\":\"BreadcrumbList\",\"@id\":\"https:\/\/clesheo.pl\/en\/shop\/kronika-dla-dziewczynki-clesheo-z-imieniem-na-okladce\/#breadcrumb\",\"itemListElement\":[{\"@type\":\"ListItem\",\"position\":1,\"name\":\"Strona g\u0142\u00f3wna\",\"item\":\"https:\/\/clesheo.pl\/\"},{\"@type\":\"ListItem\",\"position\":2,\"name\":\"Sklep\",\"item\":\"https:\/\/clesheo.pl\/sklep\/\"},{\"@type\":\"ListItem\",\"position\":3,\"name\":\"Personalizowana kronika dziecka &#8211; dla dziewczynki\"}]},{\"@type\":\"WebSite\",\"@id\":\"https:\/\/clesheo.pl\/#website\",\"url\":\"https:\/\/clesheo.pl\/\",\"name\":\"Clesheo\",\"description\":\"\",\"potentialAction\":[{\"@type\":\"SearchAction\",\"target\":{\"@type\":\"EntryPoint\",\"urlTemplate\":\"https:\/\/clesheo.pl\/?s={search_term_string}\"},\"query-input\":{\"@type\":\"PropertyValueSpecification\",\"valueRequired\":true,\"valueName\":\"search_term_string\"}}],\"inLanguage\":\"en-US\"}]}<\/script>\n<!-- \/ Yoast SEO plugin. -->","yoast_head_json":{"title":"Personalizowana kronika dziecka - dla dziewczynki","description":"Kronika dla dziewczynki Clesheo z imieniem na ok\u0142adce - minimalistyczna forma albumu dla dziecka. Uchwy\u0107 najwa\u017cniejsze momenty!","robots":{"index":"index","follow":"follow","max-snippet":"max-snippet:-1","max-image-preview":"max-image-preview:large","max-video-preview":"max-video-preview:-1"},"canonical":"https:\/\/clesheo.pl\/en\/shop\/kronika-dla-dziewczynki-clesheo-z-imieniem-na-okladce\/","og_locale":"en_US","og_type":"article","og_title":"[:pl]Personalizowana kronika dziecka - dla dziewczynki[:] - Clesheo","og_description":"Kronika dla dziewczynki Clesheo z imieniem na ok\u0142adce - minimalistyczna forma albumu dla dziecka. Uchwy\u0107 najwa\u017cniejsze momenty!","og_url":"https:\/\/clesheo.pl\/en\/shop\/kronika-dla-dziewczynki-clesheo-z-imieniem-na-okladce\/","og_site_name":"Clesheo","article_modified_time":"2025-10-08T17:15:46+00:00","og_image":[{"width":1500,"height":1000,"url":"https:\/\/clesheo.pl\/wp-content\/uploads\/2020\/02\/IMG_0009-3.jpg","type":"image\/jpeg"}],"twitter_card":"summary_large_image","twitter_misc":{"Est. reading time":"2 minutes"},"schema":{"@context":"https:\/\/schema.org","@graph":[{"@type":"WebPage","@id":"https:\/\/clesheo.pl\/en\/shop\/kronika-dla-dziewczynki-clesheo-z-imieniem-na-okladce\/","url":"https:\/\/clesheo.pl\/en\/shop\/kronika-dla-dziewczynki-clesheo-z-imieniem-na-okladce\/","name":"Personalizowana kronika dziecka - dla dziewczynki","isPartOf":{"@id":"https:\/\/clesheo.pl\/#website"},"primaryImageOfPage":{"@id":"https:\/\/clesheo.pl\/en\/shop\/kronika-dla-dziewczynki-clesheo-z-imieniem-na-okladce\/#primaryimage"},"image":{"@id":"https:\/\/clesheo.pl\/en\/shop\/kronika-dla-dziewczynki-clesheo-z-imieniem-na-okladce\/#primaryimage"},"thumbnailUrl":"https:\/\/clesheo.pl\/wp-content\/uploads\/2020\/02\/IMG_0009-3.jpg","datePublished":"2020-02-01T16:34:32+00:00","dateModified":"2025-10-08T17:15:46+00:00","description":"Kronika dla dziewczynki Clesheo z imieniem na ok\u0142adce - minimalistyczna forma albumu dla dziecka. Uchwy\u0107 najwa\u017cniejsze momenty!","breadcrumb":{"@id":"https:\/\/clesheo.pl\/en\/shop\/kronika-dla-dziewczynki-clesheo-z-imieniem-na-okladce\/#breadcrumb"},"inLanguage":"en-US","potentialAction":[{"@type":"ReadAction","target":["https:\/\/clesheo.pl\/en\/shop\/kronika-dla-dziewczynki-clesheo-z-imieniem-na-okladce\/"]}]},{"@type":"ImageObject","inLanguage":"en-US","@id":"https:\/\/clesheo.pl\/en\/shop\/kronika-dla-dziewczynki-clesheo-z-imieniem-na-okladce\/#primaryimage","url":"https:\/\/clesheo.pl\/wp-content\/uploads\/2020\/02\/IMG_0009-3.jpg","contentUrl":"https:\/\/clesheo.pl\/wp-content\/uploads\/2020\/02\/IMG_0009-3.jpg","width":1500,"height":1000},{"@type":"BreadcrumbList","@id":"https:\/\/clesheo.pl\/en\/shop\/kronika-dla-dziewczynki-clesheo-z-imieniem-na-okladce\/#breadcrumb","itemListElement":[{"@type":"ListItem","position":1,"name":"Strona g\u0142\u00f3wna","item":"https:\/\/clesheo.pl\/"},{"@type":"ListItem","position":2,"name":"Sklep","item":"https:\/\/clesheo.pl\/sklep\/"},{"@type":"ListItem","position":3,"name":"Personalizowana kronika dziecka &#8211; dla dziewczynki"}]},{"@type":"WebSite","@id":"https:\/\/clesheo.pl\/#website","url":"https:\/\/clesheo.pl\/","name":"Clesheo","description":"","potentialAction":[{"@type":"SearchAction","target":{"@type":"EntryPoint","urlTemplate":"https:\/\/clesheo.pl\/?s={search_term_string}"},"query-input":{"@type":"PropertyValueSpecification","valueRequired":true,"valueName":"search_term_string"}}],"inLanguage":"en-US"}]}},"_links":{"self":[{"href":"https:\/\/clesheo.pl\/en\/wp-json\/wp\/v2\/product\/6550","targetHints":{"allow":["GET"]}}],"collection":[{"href":"https:\/\/clesheo.pl\/en\/wp-json\/wp\/v2\/product"}],"about":[{"href":"https:\/\/clesheo.pl\/en\/wp-json\/wp\/v2\/types\/product"}],"replies":[{"embeddable":true,"href":"https:\/\/clesheo.pl\/en\/wp-json\/wp\/v2\/comments?post=6550"}],"wp:featuredmedia":[{"embeddable":true,"href":"https:\/\/clesheo.pl\/en\/wp-json\/wp\/v2\/media\/7720"}],"wp:attachment":[{"href":"https:\/\/clesheo.pl\/en\/wp-json\/wp\/v2\/media?parent=6550"}],"wp:term":[{"taxonomy":"product_brand","embeddable":true,"href":"https:\/\/clesheo.pl\/en\/wp-json\/wp\/v2\/product_brand?post=6550"},{"taxonomy":"product_cat","embeddable":true,"href":"https:\/\/clesheo.pl\/en\/wp-json\/wp\/v2\/product_cat?post=6550"},{"taxonomy":"product_tag","embeddable":true,"href":"https:\/\/clesheo.pl\/en\/wp-json\/wp\/v2\/product_tag?post=6550"}],"curies":[{"name":"wp","href":"https:\/\/api.w.org\/{rel}","templated":true}]}}