{"id":7767,"date":"2020-03-04T15:54:20","date_gmt":"2020-03-04T14:54:20","guid":{"rendered":"https:\/\/clesheo.pl\/?post_type=product&#038;p=7767"},"modified":"2023-08-06T20:15:56","modified_gmt":"2023-08-06T18:15:56","slug":"personalizowana-kronika-dziecka-pierwszy-rok-bez","status":"publish","type":"product","link":"https:\/\/clesheo.pl\/en\/shop\/personalizowana-kronika-dziecka-pierwszy-rok-bez\/","title":{"rendered":"PERSONALIZOWANA KRONIKA DZIECKA \u2013  Be\u017c"},"content":{"rendered":"<p>Album dziecka z personalizowan\u0105 ok\u0142adk\u0105 w kolorze be\u017cowym b\u0119dzie niew\u0105tpliwie pi\u0119kn\u0105 i oryginaln\u0105 pami\u0105tk\u0105 zar\u00f3wno dla ch\u0142opca jak i dziewczynki.<\/p>\n<p>Kronika zawiera 50 stron, tekst napisany jest ozdobn\u0105 czcionk\u0105 w kolorze kawy z mlekiem.<\/p>\n<p>J\u0119zyk: polski, twarda oprawa z watowaniem lub bez (watowanie to rodzaj uszlachetnienia ok\u0142adki, kt\u00f3ry sprawia, \u017ce ok\u0142adka staje si\u0119 grubsza i mi\u0119kka), ok\u0142adka b\u0142yszcz\u0105ca lub matowa, dwa formaty do wyboru.<\/p>\n<p>Tematy:<\/p>\n<p>Moi rodzice<\/p>\n<p>W brzuszku mamy<\/p>\n<p>Moje narodziny<\/p>\n<p>\u015awiat w dniu moich narodzin<\/p>\n<p>Pierwsze dni w domku<\/p>\n<p>M\u00f3j pierwszy raz<\/p>\n<p>Moje pierwsze posi\u0142ki<\/p>\n<p>\u015alady<\/p>\n<p>Pory roku<\/p>\n<p>Moja pierwsza Gwiazdka<\/p>\n<p>Moje pierwsze wakacje<\/p>\n<p>Moje pierwsze urodziny<\/p>\n<p>Mam ju\u017c rok<\/p>\n<p>Mam dwa latka<\/p>\n<p>R\u00f3\u017cne ciekawostki z mojego \u017cycia<\/p>\n<p>&nbsp;<\/p>\n<p>Czas realizacji: 7-10 dni roboczych + wysy\u0142ka<\/p>\n<p>Produkt personalizowany, tworzony na zam\u00f3wienie, niepodlegaj\u0105cy zwrotowi, prosimy o przemy\u015blane zakupy \ud83d\ude42<\/p>\n","protected":false},"excerpt":{"rendered":"<p>Album dziecka, kt\u00f3ry pomaga w uchwyceniu najwa\u017cniejszych wspomnie\u0144 i moment\u00f3w z pierwszego roku \u017cycia dziecka. Imi\u0119 Twojego dziecka na ok\u0142adce!<\/p>\n","protected":false},"featured_media":11762,"comment_status":"open","ping_status":"closed","template":"","meta":[],"product_brand":[],"product_cat":[],"product_tag":[238,230,154,245,93,94,176,123,96,131,120,98,134,91,178,177,160,148,168,156,124,92,169,165,170,125,121,133,132,126,147,53,55,56,54,59,64,69,68,22,57,58],"class_list":{"0":"post-7767","1":"product","2":"type-product","3":"status-publish","4":"has-post-thumbnail","6":"product_tag-album-dla-chlopca","7":"product_tag-album-dla-dziewczynki","8":"product_tag-album-dziecka","9":"product_tag-album-nazdjecia","10":"product_tag-baby-book","11":"product_tag-baby-shower","12":"product_tag-bezowy-pamietnik","13":"product_tag-clesheo","14":"product_tag-dziecko","15":"product_tag-kronika-dziecka","16":"product_tag-kronika-maluszka","17":"product_tag-kronika","18":"product_tag-ksiega-dziecka","19":"product_tag-listy-do-ciebie","20":"product_tag-minimalistyczna-kronika","21":"product_tag-minimalistyczny-pamietnik-dla-dziecka","22":"product_tag-najpiekniejszy-pamietnik-dla-dziecka","23":"product_tag-noworodek","24":"product_tag-nude","25":"product_tag-pamietnik-dla-dziecka","26":"product_tag-pamietnik-dziecka","27":"product_tag-pamietnik","28":"product_tag-personalizowana-kronika-dziecka","29":"product_tag-personalizowany-pamietnik-dziecka","30":"product_tag-personalizowany-prezent-dla-dziecka","31":"product_tag-pierwszy-rok","32":"product_tag-prezent-dla-mamy","33":"product_tag-prezent-dla-noworodka","34":"product_tag-prezent-na-baby-shower","35":"product_tag-roczek","36":"product_tag-wyprawka","37":"product_tag-album","38":"product_tag-album-klasyczny","39":"product_tag-album-na-zdjecia","40":"product_tag-album-tradycyjny","41":"product_tag-chrzest","42":"product_tag-lniana-okladka","43":"product_tag-lniana-okladna","44":"product_tag-plocienna-okladka","45":"product_tag-premium","46":"product_tag-prezent-dla-dziecka","47":"product_tag-prezent-na-urodziny","49":"first","50":"instock","51":"shipping-taxable","52":"purchasable","53":"product-type-variable","54":"has-default-attributes"},"yoast_head":"<!-- This site is optimized with the Yoast SEO plugin v23.6 - https:\/\/yoast.com\/wordpress\/plugins\/seo\/ -->\n<title>PERSONALIZOWANA KRONIKA DZIECKA \u2013 Be\u017c<\/title>\n<meta name=\"description\" content=\"Album dziecka z jasno-be\u017cow\u0105 ok\u0142adk\u0105 z imieniem. Pami\u0119tnik dla ch\u0142opca i dziewczynki, minimalistyczny i elegancki.\" \/>\n<meta name=\"robots\" content=\"index, follow, max-snippet:-1, max-image-preview:large, max-video-preview:-1\" \/>\n<link rel=\"canonical\" href=\"https:\/\/clesheo.pl\/en\/shop\/personalizowana-kronika-dziecka-pierwszy-rok-bez\/\" \/>\n<meta property=\"og:locale\" content=\"en_US\" \/>\n<meta property=\"og:locale:alternate\" content=\"pl_PL\" \/>\n<meta property=\"og:type\" content=\"article\" \/>\n<meta property=\"og:title\" content=\"PERSONALIZOWANA KRONIKA DZIECKA \u2013 Be\u017c\" \/>\n<meta property=\"og:description\" content=\"Album dziecka z jasno-be\u017cow\u0105 ok\u0142adk\u0105 z imieniem. Pami\u0119tnik dla ch\u0142opca i dziewczynki, minimalistyczny i elegancki.\" \/>\n<meta property=\"og:url\" content=\"https:\/\/clesheo.pl\/en\/shop\/personalizowana-kronika-dziecka-pierwszy-rok-bez\/\" \/>\n<meta property=\"og:site_name\" content=\"Clesheo\" \/>\n<meta property=\"article:modified_time\" content=\"2023-08-06T18:15:56+00:00\" \/>\n<meta property=\"og:image\" content=\"https:\/\/clesheo.pl\/wp-content\/uploads\/2020\/03\/IMG_6514-scaled.jpg\" \/>\n\t<meta property=\"og:image:width\" content=\"1707\" \/>\n\t<meta property=\"og:image:height\" content=\"2560\" \/>\n\t<meta property=\"og:image:type\" content=\"image\/jpeg\" \/>\n<meta name=\"twitter:card\" content=\"summary_large_image\" \/>\n<meta name=\"twitter:label1\" content=\"Est. reading time\" \/>\n\t<meta name=\"twitter:data1\" content=\"1 minute\" \/>\n<script type=\"application\/ld+json\" class=\"yoast-schema-graph\">{\"@context\":\"https:\/\/schema.org\",\"@graph\":[{\"@type\":\"WebPage\",\"@id\":\"https:\/\/clesheo.pl\/en\/shop\/personalizowana-kronika-dziecka-pierwszy-rok-bez\/\",\"url\":\"https:\/\/clesheo.pl\/en\/shop\/personalizowana-kronika-dziecka-pierwszy-rok-bez\/\",\"name\":\"PERSONALIZOWANA KRONIKA DZIECKA \u2013 Be\u017c\",\"isPartOf\":{\"@id\":\"https:\/\/clesheo.pl\/#website\"},\"primaryImageOfPage\":{\"@id\":\"https:\/\/clesheo.pl\/en\/shop\/personalizowana-kronika-dziecka-pierwszy-rok-bez\/#primaryimage\"},\"image\":{\"@id\":\"https:\/\/clesheo.pl\/en\/shop\/personalizowana-kronika-dziecka-pierwszy-rok-bez\/#primaryimage\"},\"thumbnailUrl\":\"https:\/\/clesheo.pl\/wp-content\/uploads\/2020\/03\/IMG_6514-scaled.jpg\",\"datePublished\":\"2020-03-04T14:54:20+00:00\",\"dateModified\":\"2023-08-06T18:15:56+00:00\",\"description\":\"Album dziecka z jasno-be\u017cow\u0105 ok\u0142adk\u0105 z imieniem. Pami\u0119tnik dla ch\u0142opca i dziewczynki, minimalistyczny i elegancki.\",\"breadcrumb\":{\"@id\":\"https:\/\/clesheo.pl\/en\/shop\/personalizowana-kronika-dziecka-pierwszy-rok-bez\/#breadcrumb\"},\"inLanguage\":\"en-US\",\"potentialAction\":[{\"@type\":\"ReadAction\",\"target\":[\"https:\/\/clesheo.pl\/en\/shop\/personalizowana-kronika-dziecka-pierwszy-rok-bez\/\"]}]},{\"@type\":\"ImageObject\",\"inLanguage\":\"en-US\",\"@id\":\"https:\/\/clesheo.pl\/en\/shop\/personalizowana-kronika-dziecka-pierwszy-rok-bez\/#primaryimage\",\"url\":\"https:\/\/clesheo.pl\/wp-content\/uploads\/2020\/03\/IMG_6514-scaled.jpg\",\"contentUrl\":\"https:\/\/clesheo.pl\/wp-content\/uploads\/2020\/03\/IMG_6514-scaled.jpg\",\"width\":1707,\"height\":2560,\"caption\":\"Album dziecka z imieniem na ok\u0142adce\"},{\"@type\":\"BreadcrumbList\",\"@id\":\"https:\/\/clesheo.pl\/en\/shop\/personalizowana-kronika-dziecka-pierwszy-rok-bez\/#breadcrumb\",\"itemListElement\":[{\"@type\":\"ListItem\",\"position\":1,\"name\":\"Strona g\u0142\u00f3wna\",\"item\":\"https:\/\/clesheo.pl\/\"},{\"@type\":\"ListItem\",\"position\":2,\"name\":\"Sklep\",\"item\":\"https:\/\/clesheo.pl\/sklep\/\"},{\"@type\":\"ListItem\",\"position\":3,\"name\":\"PERSONALIZOWANA KRONIKA DZIECKA \u2013 Be\u017c\"}]},{\"@type\":\"WebSite\",\"@id\":\"https:\/\/clesheo.pl\/#website\",\"url\":\"https:\/\/clesheo.pl\/\",\"name\":\"Clesheo\",\"description\":\"\",\"potentialAction\":[{\"@type\":\"SearchAction\",\"target\":{\"@type\":\"EntryPoint\",\"urlTemplate\":\"https:\/\/clesheo.pl\/?s={search_term_string}\"},\"query-input\":{\"@type\":\"PropertyValueSpecification\",\"valueRequired\":true,\"valueName\":\"search_term_string\"}}],\"inLanguage\":\"en-US\"}]}<\/script>\n<!-- \/ Yoast SEO plugin. -->","yoast_head_json":{"title":"PERSONALIZOWANA KRONIKA DZIECKA \u2013 Be\u017c","description":"Album dziecka z jasno-be\u017cow\u0105 ok\u0142adk\u0105 z imieniem. Pami\u0119tnik dla ch\u0142opca i dziewczynki, minimalistyczny i elegancki.","robots":{"index":"index","follow":"follow","max-snippet":"max-snippet:-1","max-image-preview":"max-image-preview:large","max-video-preview":"max-video-preview:-1"},"canonical":"https:\/\/clesheo.pl\/en\/shop\/personalizowana-kronika-dziecka-pierwszy-rok-bez\/","og_locale":"en_US","og_type":"article","og_title":"[:pl]PERSONALIZOWANA KRONIKA DZIECKA \u2013 Be\u017c[:] - Clesheo","og_description":"Album dziecka z jasno-be\u017cow\u0105 ok\u0142adk\u0105 z imieniem. Pami\u0119tnik dla ch\u0142opca i dziewczynki, minimalistyczny i elegancki.","og_url":"https:\/\/clesheo.pl\/en\/shop\/personalizowana-kronika-dziecka-pierwszy-rok-bez\/","og_site_name":"Clesheo","article_modified_time":"2023-08-06T18:15:56+00:00","og_image":[{"width":1707,"height":2560,"url":"https:\/\/clesheo.pl\/wp-content\/uploads\/2020\/03\/IMG_6514-scaled.jpg","type":"image\/jpeg"}],"twitter_card":"summary_large_image","twitter_misc":{"Est. reading time":"1 minute"},"schema":{"@context":"https:\/\/schema.org","@graph":[{"@type":"WebPage","@id":"https:\/\/clesheo.pl\/en\/shop\/personalizowana-kronika-dziecka-pierwszy-rok-bez\/","url":"https:\/\/clesheo.pl\/en\/shop\/personalizowana-kronika-dziecka-pierwszy-rok-bez\/","name":"PERSONALIZOWANA KRONIKA DZIECKA \u2013 Be\u017c","isPartOf":{"@id":"https:\/\/clesheo.pl\/#website"},"primaryImageOfPage":{"@id":"https:\/\/clesheo.pl\/en\/shop\/personalizowana-kronika-dziecka-pierwszy-rok-bez\/#primaryimage"},"image":{"@id":"https:\/\/clesheo.pl\/en\/shop\/personalizowana-kronika-dziecka-pierwszy-rok-bez\/#primaryimage"},"thumbnailUrl":"https:\/\/clesheo.pl\/wp-content\/uploads\/2020\/03\/IMG_6514-scaled.jpg","datePublished":"2020-03-04T14:54:20+00:00","dateModified":"2023-08-06T18:15:56+00:00","description":"Album dziecka z jasno-be\u017cow\u0105 ok\u0142adk\u0105 z imieniem. Pami\u0119tnik dla ch\u0142opca i dziewczynki, minimalistyczny i elegancki.","breadcrumb":{"@id":"https:\/\/clesheo.pl\/en\/shop\/personalizowana-kronika-dziecka-pierwszy-rok-bez\/#breadcrumb"},"inLanguage":"en-US","potentialAction":[{"@type":"ReadAction","target":["https:\/\/clesheo.pl\/en\/shop\/personalizowana-kronika-dziecka-pierwszy-rok-bez\/"]}]},{"@type":"ImageObject","inLanguage":"en-US","@id":"https:\/\/clesheo.pl\/en\/shop\/personalizowana-kronika-dziecka-pierwszy-rok-bez\/#primaryimage","url":"https:\/\/clesheo.pl\/wp-content\/uploads\/2020\/03\/IMG_6514-scaled.jpg","contentUrl":"https:\/\/clesheo.pl\/wp-content\/uploads\/2020\/03\/IMG_6514-scaled.jpg","width":1707,"height":2560,"caption":"Album dziecka z imieniem na ok\u0142adce"},{"@type":"BreadcrumbList","@id":"https:\/\/clesheo.pl\/en\/shop\/personalizowana-kronika-dziecka-pierwszy-rok-bez\/#breadcrumb","itemListElement":[{"@type":"ListItem","position":1,"name":"Strona g\u0142\u00f3wna","item":"https:\/\/clesheo.pl\/"},{"@type":"ListItem","position":2,"name":"Sklep","item":"https:\/\/clesheo.pl\/sklep\/"},{"@type":"ListItem","position":3,"name":"PERSONALIZOWANA KRONIKA DZIECKA \u2013 Be\u017c"}]},{"@type":"WebSite","@id":"https:\/\/clesheo.pl\/#website","url":"https:\/\/clesheo.pl\/","name":"Clesheo","description":"","potentialAction":[{"@type":"SearchAction","target":{"@type":"EntryPoint","urlTemplate":"https:\/\/clesheo.pl\/?s={search_term_string}"},"query-input":{"@type":"PropertyValueSpecification","valueRequired":true,"valueName":"search_term_string"}}],"inLanguage":"en-US"}]}},"_links":{"self":[{"href":"https:\/\/clesheo.pl\/en\/wp-json\/wp\/v2\/product\/7767","targetHints":{"allow":["GET"]}}],"collection":[{"href":"https:\/\/clesheo.pl\/en\/wp-json\/wp\/v2\/product"}],"about":[{"href":"https:\/\/clesheo.pl\/en\/wp-json\/wp\/v2\/types\/product"}],"replies":[{"embeddable":true,"href":"https:\/\/clesheo.pl\/en\/wp-json\/wp\/v2\/comments?post=7767"}],"wp:featuredmedia":[{"embeddable":true,"href":"https:\/\/clesheo.pl\/en\/wp-json\/wp\/v2\/media\/11762"}],"wp:attachment":[{"href":"https:\/\/clesheo.pl\/en\/wp-json\/wp\/v2\/media?parent=7767"}],"wp:term":[{"taxonomy":"product_brand","embeddable":true,"href":"https:\/\/clesheo.pl\/en\/wp-json\/wp\/v2\/product_brand?post=7767"},{"taxonomy":"product_cat","embeddable":true,"href":"https:\/\/clesheo.pl\/en\/wp-json\/wp\/v2\/product_cat?post=7767"},{"taxonomy":"product_tag","embeddable":true,"href":"https:\/\/clesheo.pl\/en\/wp-json\/wp\/v2\/product_tag?post=7767"}],"curies":[{"name":"wp","href":"https:\/\/api.w.org\/{rel}","templated":true}]}}