{"id":7992,"date":"2020-03-09T13:13:29","date_gmt":"2020-03-09T12:13:29","guid":{"rendered":"https:\/\/clesheo.pl\/?post_type=product&#038;p=7992"},"modified":"2025-05-29T15:29:54","modified_gmt":"2025-05-29T13:29:54","slug":"personalizowana-kronika-dziecka-naturalrubber","status":"publish","type":"product","link":"https:\/\/clesheo.pl\/en\/shop\/personalizowana-kronika-dziecka-naturalrubber\/","title":{"rendered":"KRONIKA DZIECKA \u2013 NATURAL RUBBER"},"content":{"rendered":"<h6>KRONIKA DZIECKA \u2013 NATURAL RUBBER<\/h6>\n<p>to pami\u0105tkowa ksi\u0105\u017cka, kt\u00f3ra pomaga w uchwyceniu najwa\u017cniejszych wspomnie\u0144 i moment\u00f3w z pierwszego roku \u017cycia dziecka.<\/p>\n<h6>FORMAT<\/h6>\n<p>21 cm x 30 cm, twarda oprawa, ok\u0142adka b\u0142yszcz\u0105ca lub matowa, z watowaniem ok\u0142adki lub bez.<\/p>\n<p>40 stron, ozdobna czcionka w kolorze naturalnego kauczuku.<\/p>\n<h6><strong>PERSONALIZACJA<\/strong><\/h6>\n<p>Ze wzgl\u0119du na fakt, \u017ce na ok\u0142adce zostanie nadrukowane imi\u0119 dziecka, ten pierwszy album dziecka b\u0119dzie jedyny w swoim rodzaju i z pewno\u015bci\u0105 mo\u017ce sta\u0107 si\u0119 wspania\u0142ym i oryginalnym prezentem. Stw\u00f3rz w\u0142asn\u0105 kronik\u0119 i wybierz kolor jej ok\u0142adki, do wyboru cztery pi\u0119kne kolory: Rosy, Mist, Rust, Terracota.<\/p>\n<h6><strong>TRE\u015a\u0106<\/strong><\/h6>\n<p>W kronice znajduj\u0105 si\u0119 miejsca wyznaczone na wpisy oraz zdj\u0119cia.\u00a0 Ten pami\u0119tnik dla dziecka jest odpowiedni zar\u00f3wno dla ch\u0142opca jak i dziewczynki. Kronika dziecka Natural Rubber napisana jest w j\u0119zyku polskim.<\/p>\n<h6><strong>KLASYKA I PONADCZASOWY STYL<\/strong><\/h6>\n<p>W przeciwie\u0144stwie do innych tego rodzaju produkt\u00f3w, nasz album nie zawiera infantylnej grafiki. Chcemy aby ozdob\u0105 naszych album\u00f3w by\u0142y Wasze wpisy i zdj\u0119cia.<\/p>\n<h6>SPIS TRE\u015aCI:<\/h6>\n<p>Moi rodzice<\/p>\n<p>W brzuszku mamy<\/p>\n<p>Moje narodziny<\/p>\n<p>Pierwsze dni w domku<\/p>\n<p>M\u00f3j pierwszy raz<\/p>\n<p>Moje pierwsze posi\u0142ki<\/p>\n<p>\u015alady<\/p>\n<p>Pory roku<\/p>\n<p>Moja pierwsza Gwiazdka<\/p>\n<p>Moje pierwsze wakacje<\/p>\n<p>Moje pierwsze urodziny<\/p>\n<p>R\u00f3\u017cne ciekawostki z mojego \u017cycia<\/p>\n<p>&nbsp;<\/p>\n<p>Termin realizacji: oko\u0142o 10 dni roboczych + wysy\u0142ka<\/p>\n<p>Prosimy o dokonywanie przemy\u015blanych zakup\u00f3w \u2013 ze wzgl\u0119du na fakt, \u017ce produkty personalizowane tworzone s\u0105 na zam\u00f3wienie \u2013 nie podlegaj\u0105 zwrotom.<\/p>\n<p>&nbsp;<\/p>\n<p>Album maluszka w lnianej ok\u0142adce: <a href=\"https:\/\/clesheo.pl\/shop\/album-dziecka\/\">https:\/\/clesheo.pl\/shop\/album-dziecka\/<\/a><\/p>\n<p>Znajd\u017a nas na Instagramie aby by\u0107 z nami na bie\u017c\u0105co:\u00a0<a href=\"http:\/\/www.instagram.com\/clesheo\/\">http:\/\/www.instagram.com\/clesheo\/<\/a><\/p>\n<p>&nbsp;<\/p>\n","protected":false},"excerpt":{"rendered":"<p>Pami\u0105tkowa ksi\u0105\u017cka, kt\u00f3ra pomaga w uchwyceniu najwa\u017cniejszych wspomnie\u0144 i moment\u00f3w z pierwszego roku \u017cycia dziecka. Imi\u0119 Twojego dziecka na ok\u0142adce! 40 stron, ozdobna czcionka w kolorze naturalnego kauczuku. J\u0119zyk: polski Format \u00a021 cm x 30 cm, twarda oprawa, ok\u0142adka b\u0142yszcz\u0105ca lub matowa, z watowaniem ok\u0142adki lub bez. Kolory: Rosy, Mist, Rust, Terracota.<\/p>\n<p>&nbsp;<\/p>\n<p>Spis tre\u015bci:<\/p>\n<p>Moi rodzice<\/p>\n<p>W brzuszku mamy<\/p>\n<p>Moje narodziny<\/p>\n<p>Pierwsze dni w domku<\/p>\n<p>M\u00f3j pierwszy raz<\/p>\n<p>Moje pierwsze posi\u0142ki<\/p>\n<p>\u015alady<\/p>\n<p>Pory roku<\/p>\n<p>Moja pierwsza Gwiazdka<\/p>\n<p>Moje pierwsze wakacje<\/p>\n<p>Moje pierwsze urodziny<\/p>\n<p>R\u00f3\u017cne ciekawostki z mojego \u017cycia<\/p>\n<p>&nbsp;<\/p>\n","protected":false},"featured_media":7997,"comment_status":"open","ping_status":"closed","template":"","meta":[],"product_brand":[],"product_cat":[],"product_tag":[93,94,95,123,96,131,120,98,134,91,167,148,168,156,124,92,169,165,170,125,132,126,166,147,59,57,58],"class_list":{"0":"post-7992","1":"product","2":"type-product","3":"status-publish","4":"has-post-thumbnail","6":"product_tag-baby-book","7":"product_tag-baby-shower","8":"product_tag-ciaza","9":"product_tag-clesheo","10":"product_tag-dziecko","11":"product_tag-kronika-dziecka","12":"product_tag-kronika-maluszka","13":"product_tag-kronika","14":"product_tag-ksiega-dziecka","15":"product_tag-listy-do-ciebie","16":"product_tag-natural-rubber","17":"product_tag-noworodek","18":"product_tag-nude","19":"product_tag-pamietnik-dla-dziecka","20":"product_tag-pamietnik-dziecka","21":"product_tag-pamietnik","22":"product_tag-personalizowana-kronika-dziecka","23":"product_tag-personalizowany-pamietnik-dziecka","24":"product_tag-personalizowany-prezent-dla-dziecka","25":"product_tag-pierwszy-rok","26":"product_tag-prezent-na-baby-shower","27":"product_tag-roczek","28":"product_tag-smoczek-kauczukowy","29":"product_tag-wyprawka","30":"product_tag-chrzest","31":"product_tag-prezent-dla-dziecka","32":"product_tag-prezent-na-urodziny","34":"first","35":"instock","36":"shipping-taxable","37":"purchasable","38":"product-type-variable","39":"has-default-attributes"},"yoast_head":"<!-- This site is optimized with the Yoast SEO plugin v23.6 - https:\/\/yoast.com\/wordpress\/plugins\/seo\/ -->\n<title>KRONIKA DZIECKA \u2013 NATURAL RUBBER<\/title>\n<meta name=\"description\" content=\"KRONIKA DZIECKA \u2013 NATURAL RUBBER z imieniem dziecka na ok\u0142adce to album, kt\u00f3ry pomo\u017ce przysz\u0142ym rodzicom w uchwyceniu wa\u017cnych chwil.\" \/>\n<meta name=\"robots\" content=\"index, follow, max-snippet:-1, max-image-preview:large, max-video-preview:-1\" \/>\n<link rel=\"canonical\" href=\"https:\/\/clesheo.pl\/en\/shop\/personalizowana-kronika-dziecka-naturalrubber\/\" \/>\n<meta property=\"og:locale\" content=\"en_US\" \/>\n<meta property=\"og:locale:alternate\" content=\"pl_PL\" \/>\n<meta property=\"og:type\" content=\"article\" \/>\n<meta property=\"og:title\" content=\"KRONIKA DZIECKA \u2013 NATURAL RUBBER\" \/>\n<meta property=\"og:description\" content=\"KRONIKA DZIECKA \u2013 NATURAL RUBBER z imieniem dziecka na ok\u0142adce to album, kt\u00f3ry pomo\u017ce przysz\u0142ym rodzicom w uchwyceniu wa\u017cnych chwil.\" \/>\n<meta property=\"og:url\" content=\"https:\/\/clesheo.pl\/en\/shop\/personalizowana-kronika-dziecka-naturalrubber\/\" \/>\n<meta property=\"og:site_name\" content=\"Clesheo\" \/>\n<meta property=\"article:modified_time\" content=\"2025-05-29T13:29:54+00:00\" \/>\n<meta property=\"og:image\" content=\"https:\/\/clesheo.pl\/wp-content\/uploads\/2020\/03\/IMG_4772.jpg\" \/>\n\t<meta property=\"og:image:width\" content=\"2560\" \/>\n\t<meta property=\"og:image:height\" content=\"1712\" \/>\n\t<meta property=\"og:image:type\" content=\"image\/jpeg\" \/>\n<meta name=\"twitter:card\" content=\"summary_large_image\" \/>\n<meta name=\"twitter:label1\" content=\"Est. reading time\" \/>\n\t<meta name=\"twitter:data1\" content=\"1 minute\" \/>\n<script type=\"application\/ld+json\" class=\"yoast-schema-graph\">{\"@context\":\"https:\/\/schema.org\",\"@graph\":[{\"@type\":\"WebPage\",\"@id\":\"https:\/\/clesheo.pl\/en\/shop\/personalizowana-kronika-dziecka-naturalrubber\/\",\"url\":\"https:\/\/clesheo.pl\/en\/shop\/personalizowana-kronika-dziecka-naturalrubber\/\",\"name\":\"KRONIKA DZIECKA \u2013 NATURAL RUBBER\",\"isPartOf\":{\"@id\":\"https:\/\/clesheo.pl\/#website\"},\"primaryImageOfPage\":{\"@id\":\"https:\/\/clesheo.pl\/en\/shop\/personalizowana-kronika-dziecka-naturalrubber\/#primaryimage\"},\"image\":{\"@id\":\"https:\/\/clesheo.pl\/en\/shop\/personalizowana-kronika-dziecka-naturalrubber\/#primaryimage\"},\"thumbnailUrl\":\"https:\/\/clesheo.pl\/wp-content\/uploads\/2020\/03\/IMG_4772-e1723025354153.jpg\",\"datePublished\":\"2020-03-09T12:13:29+00:00\",\"dateModified\":\"2025-05-29T13:29:54+00:00\",\"description\":\"KRONIKA DZIECKA \u2013 NATURAL RUBBER z imieniem dziecka na ok\u0142adce to album, kt\u00f3ry pomo\u017ce przysz\u0142ym rodzicom w uchwyceniu wa\u017cnych chwil.\",\"breadcrumb\":{\"@id\":\"https:\/\/clesheo.pl\/en\/shop\/personalizowana-kronika-dziecka-naturalrubber\/#breadcrumb\"},\"inLanguage\":\"en-US\",\"potentialAction\":[{\"@type\":\"ReadAction\",\"target\":[\"https:\/\/clesheo.pl\/en\/shop\/personalizowana-kronika-dziecka-naturalrubber\/\"]}]},{\"@type\":\"ImageObject\",\"inLanguage\":\"en-US\",\"@id\":\"https:\/\/clesheo.pl\/en\/shop\/personalizowana-kronika-dziecka-naturalrubber\/#primaryimage\",\"url\":\"https:\/\/clesheo.pl\/wp-content\/uploads\/2020\/03\/IMG_4772-e1723025354153.jpg\",\"contentUrl\":\"https:\/\/clesheo.pl\/wp-content\/uploads\/2020\/03\/IMG_4772-e1723025354153.jpg\",\"width\":1000,\"height\":669,\"caption\":\"Kronika dziecka\"},{\"@type\":\"BreadcrumbList\",\"@id\":\"https:\/\/clesheo.pl\/en\/shop\/personalizowana-kronika-dziecka-naturalrubber\/#breadcrumb\",\"itemListElement\":[{\"@type\":\"ListItem\",\"position\":1,\"name\":\"Strona g\u0142\u00f3wna\",\"item\":\"https:\/\/clesheo.pl\/\"},{\"@type\":\"ListItem\",\"position\":2,\"name\":\"Sklep\",\"item\":\"https:\/\/clesheo.pl\/sklep\/\"},{\"@type\":\"ListItem\",\"position\":3,\"name\":\"KRONIKA DZIECKA \u2013 NATURAL RUBBER\"}]},{\"@type\":\"WebSite\",\"@id\":\"https:\/\/clesheo.pl\/#website\",\"url\":\"https:\/\/clesheo.pl\/\",\"name\":\"Clesheo\",\"description\":\"\",\"potentialAction\":[{\"@type\":\"SearchAction\",\"target\":{\"@type\":\"EntryPoint\",\"urlTemplate\":\"https:\/\/clesheo.pl\/?s={search_term_string}\"},\"query-input\":{\"@type\":\"PropertyValueSpecification\",\"valueRequired\":true,\"valueName\":\"search_term_string\"}}],\"inLanguage\":\"en-US\"}]}<\/script>\n<!-- \/ Yoast SEO plugin. -->","yoast_head_json":{"title":"KRONIKA DZIECKA \u2013 NATURAL RUBBER","description":"KRONIKA DZIECKA \u2013 NATURAL RUBBER z imieniem dziecka na ok\u0142adce to album, kt\u00f3ry pomo\u017ce przysz\u0142ym rodzicom w uchwyceniu wa\u017cnych chwil.","robots":{"index":"index","follow":"follow","max-snippet":"max-snippet:-1","max-image-preview":"max-image-preview:large","max-video-preview":"max-video-preview:-1"},"canonical":"https:\/\/clesheo.pl\/en\/shop\/personalizowana-kronika-dziecka-naturalrubber\/","og_locale":"en_US","og_type":"article","og_title":"[:pl]KRONIKA DZIECKA \u2013 NATURAL RUBBER[:] - Clesheo","og_description":"KRONIKA DZIECKA \u2013 NATURAL RUBBER z imieniem dziecka na ok\u0142adce to album, kt\u00f3ry pomo\u017ce przysz\u0142ym rodzicom w uchwyceniu wa\u017cnych chwil.","og_url":"https:\/\/clesheo.pl\/en\/shop\/personalizowana-kronika-dziecka-naturalrubber\/","og_site_name":"Clesheo","article_modified_time":"2025-05-29T13:29:54+00:00","og_image":[{"width":2560,"height":1712,"url":"https:\/\/clesheo.pl\/wp-content\/uploads\/2020\/03\/IMG_4772.jpg","type":"image\/jpeg"}],"twitter_card":"summary_large_image","twitter_misc":{"Est. reading time":"1 minute"},"schema":{"@context":"https:\/\/schema.org","@graph":[{"@type":"WebPage","@id":"https:\/\/clesheo.pl\/en\/shop\/personalizowana-kronika-dziecka-naturalrubber\/","url":"https:\/\/clesheo.pl\/en\/shop\/personalizowana-kronika-dziecka-naturalrubber\/","name":"KRONIKA DZIECKA \u2013 NATURAL RUBBER","isPartOf":{"@id":"https:\/\/clesheo.pl\/#website"},"primaryImageOfPage":{"@id":"https:\/\/clesheo.pl\/en\/shop\/personalizowana-kronika-dziecka-naturalrubber\/#primaryimage"},"image":{"@id":"https:\/\/clesheo.pl\/en\/shop\/personalizowana-kronika-dziecka-naturalrubber\/#primaryimage"},"thumbnailUrl":"https:\/\/clesheo.pl\/wp-content\/uploads\/2020\/03\/IMG_4772-e1723025354153.jpg","datePublished":"2020-03-09T12:13:29+00:00","dateModified":"2025-05-29T13:29:54+00:00","description":"KRONIKA DZIECKA \u2013 NATURAL RUBBER z imieniem dziecka na ok\u0142adce to album, kt\u00f3ry pomo\u017ce przysz\u0142ym rodzicom w uchwyceniu wa\u017cnych chwil.","breadcrumb":{"@id":"https:\/\/clesheo.pl\/en\/shop\/personalizowana-kronika-dziecka-naturalrubber\/#breadcrumb"},"inLanguage":"en-US","potentialAction":[{"@type":"ReadAction","target":["https:\/\/clesheo.pl\/en\/shop\/personalizowana-kronika-dziecka-naturalrubber\/"]}]},{"@type":"ImageObject","inLanguage":"en-US","@id":"https:\/\/clesheo.pl\/en\/shop\/personalizowana-kronika-dziecka-naturalrubber\/#primaryimage","url":"https:\/\/clesheo.pl\/wp-content\/uploads\/2020\/03\/IMG_4772-e1723025354153.jpg","contentUrl":"https:\/\/clesheo.pl\/wp-content\/uploads\/2020\/03\/IMG_4772-e1723025354153.jpg","width":1000,"height":669,"caption":"Kronika dziecka"},{"@type":"BreadcrumbList","@id":"https:\/\/clesheo.pl\/en\/shop\/personalizowana-kronika-dziecka-naturalrubber\/#breadcrumb","itemListElement":[{"@type":"ListItem","position":1,"name":"Strona g\u0142\u00f3wna","item":"https:\/\/clesheo.pl\/"},{"@type":"ListItem","position":2,"name":"Sklep","item":"https:\/\/clesheo.pl\/sklep\/"},{"@type":"ListItem","position":3,"name":"KRONIKA DZIECKA \u2013 NATURAL RUBBER"}]},{"@type":"WebSite","@id":"https:\/\/clesheo.pl\/#website","url":"https:\/\/clesheo.pl\/","name":"Clesheo","description":"","potentialAction":[{"@type":"SearchAction","target":{"@type":"EntryPoint","urlTemplate":"https:\/\/clesheo.pl\/?s={search_term_string}"},"query-input":{"@type":"PropertyValueSpecification","valueRequired":true,"valueName":"search_term_string"}}],"inLanguage":"en-US"}]}},"_links":{"self":[{"href":"https:\/\/clesheo.pl\/en\/wp-json\/wp\/v2\/product\/7992","targetHints":{"allow":["GET"]}}],"collection":[{"href":"https:\/\/clesheo.pl\/en\/wp-json\/wp\/v2\/product"}],"about":[{"href":"https:\/\/clesheo.pl\/en\/wp-json\/wp\/v2\/types\/product"}],"replies":[{"embeddable":true,"href":"https:\/\/clesheo.pl\/en\/wp-json\/wp\/v2\/comments?post=7992"}],"wp:featuredmedia":[{"embeddable":true,"href":"https:\/\/clesheo.pl\/en\/wp-json\/wp\/v2\/media\/7997"}],"wp:attachment":[{"href":"https:\/\/clesheo.pl\/en\/wp-json\/wp\/v2\/media?parent=7992"}],"wp:term":[{"taxonomy":"product_brand","embeddable":true,"href":"https:\/\/clesheo.pl\/en\/wp-json\/wp\/v2\/product_brand?post=7992"},{"taxonomy":"product_cat","embeddable":true,"href":"https:\/\/clesheo.pl\/en\/wp-json\/wp\/v2\/product_cat?post=7992"},{"taxonomy":"product_tag","embeddable":true,"href":"https:\/\/clesheo.pl\/en\/wp-json\/wp\/v2\/product_tag?post=7992"}],"curies":[{"name":"wp","href":"https:\/\/api.w.org\/{rel}","templated":true}]}}